{"id":23961,"date":"2026-01-07T13:13:05","date_gmt":"2026-01-07T13:13:05","guid":{"rendered":"https:\/\/bearchair.eu\/umtausch-und-rueckgabe\/"},"modified":"2026-01-07T13:17:42","modified_gmt":"2026-01-07T13:17:42","slug":"umtausch-und-rueckgabe","status":"publish","type":"page","link":"https:\/\/bearchair.eu\/de\/umtausch-und-rueckgabe\/","title":{"rendered":"Umtausch und R\u00fcckgabe"},"content":{"rendered":"<div class=\"wpb-content-wrapper\"><p>[vc_row][vc_column]<style data-type=\"vc_shortcodes-custom-css\">.vc_custom_1713861167363{margin-top: 90px !important;}.vc_custom_1713612549973{margin-bottom: 0px !important;}<\/style><p>[vc_row css=\".vc_custom_1713861167363{margin-top: 90px !important;}\" woodmart_css_id=\"662772268ac85\" responsive_spacing=\"eyJwYXJhbV90eXBlIjoid29vZG1hcnRfcmVzcG9uc2l2ZV9zcGFjaW5nIiwic2VsZWN0b3JfaWQiOiI2NjI3NzIyNjhhYzg1Iiwic2hvcnRjb2RlIjoidmNfcm93IiwiZGF0YSI6eyJ0YWJsZXQiOnt9LCJtb2JpbGUiOnt9fX0=\" mobile_bg_img_hidden=\"no\" tablet_bg_img_hidden=\"no\" woodmart_parallax=\"0\" woodmart_gradient_switch=\"no\" woodmart_box_shadow=\"no\" wd_z_index=\"no\" woodmart_disable_overflow=\"0\" row_reverse_mobile=\"0\" row_reverse_tablet=\"0\"][vc_column width=\"1\/4\"]\t\t<div class=\"wd-single-breadcrumbs wd-breadcrumbs wd-wpb wd-rs-6623a6fb7d9b8 vc_custom_1713612549973 text-left\">\n\t\t\t<nav class=\"woocommerce-breadcrumb\" aria-label=\"Breadcrumb\">\t\t\t\t<span class=\"breadcrumb-last\">\n\t\t\t\t\tStart\t\t\t\t<\/span>\n\t\t\t<\/nav>\t\t<\/div>\n\t\t[vc_separator color=\"custom\" align=\"align_left\" border_width=\"3\" wd_hide_on_desktop=\"no\" wd_hide_on_tablet=\"no\" wd_hide_on_mobile=\"no\" accent_color=\"#a8a8a8\"][\/vc_column][vc_column width=\"3\/4\"][\/vc_column][\/vc_row]<\/p>\n[vc_column_text css=\"\" woodmart_inline=\"no\" text_larger=\"no\"]Sie haben das Recht, Ihre Bestellung innerhalb von 14 Tagen nach Erhalt der Ware ohne Angabe von Gr\u00fcnden zu widerrufen. Nach dem Widerruf haben Sie weitere 14 Tage Zeit, Ihr Produkt zur\u00fcckzusenden. Sie erhalten dann eine Gutschrift \u00fcber den vollen Bestellbetrag einschlie\u00dflich der Versandkosten. Lediglich die Kosten f\u00fcr die R\u00fccksendung von Ihrem Wohnort zum Gesch\u00e4ft gehen zu Ihren Lasten. Diese Kosten belaufen sich auf ca. 7,25 pro Paket; die genauen Tarife entnehmen Sie bitte der Website Ihres Versandunternehmens.    <\/p>\n<p>Wenn Sie von Ihrem Widerrufsrecht Gebrauch machen, wird das Produkt mit allem gelieferten Zubeh\u00f6r und - wenn m\u00f6glich - im Originalzustand und in der Originalverpackung an den Unternehmer zur\u00fcckgeschickt. Sollte das Produkt besch\u00e4digt oder die Verpackung st\u00e4rker besch\u00e4digt sein als f\u00fcr den Verkauf des Produkts erforderlich, k\u00f6nnen wir diese Wertminderung des Produkts an Sie weitergeben. Behandeln Sie das Produkt also bitte sorgf\u00e4ltig und vergewissern Sie sich, dass es richtig verpackt ist, wenn Sie es zur\u00fcckschicken.  <\/p>\n<p>Um von diesem Recht Gebrauch zu machen, kontaktieren Sie uns bitte unter <a href=\"mailto:info@bearchair.eu\">info@bearchair.eu.<\/a> Wir erstatten Ihnen dann den f\u00e4lligen Betrag innerhalb von 14 Tagen nach der Benachrichtigung \u00fcber Ihre R\u00fccksendung, sofern das Produkt bereits in einwandfreiem Zustand bei uns eingegangen ist.[\/vc_column_text][\/vc_column][\/vc_row]<\/p>\n<\/div>","protected":false},"excerpt":{"rendered":"<p>[vc_row][vc_column][vc_column_text css=\"\" woodmart_inline=\"no\" text_larger=\"no\"]Sie haben das Recht, Ihre Bestellung innerhalb von 14 Tagen nach Erhalt der Ware ohne Angabe von<\/p>\n","protected":false},"author":459,"featured_media":0,"parent":0,"menu_order":0,"comment_status":"closed","ping_status":"closed","template":"","meta":{"footnotes":""},"class_list":["post-23961","page","type-page","status-publish","hentry"],"yoast_head":"<!-- This site is optimized with the Yoast SEO plugin v27.2 - https:\/\/yoast.com\/product\/yoast-seo-wordpress\/ -->\n<title>Umtausch und R\u00fcckgabe - The Bear Chair\u00ae<\/title>\n<meta name=\"robots\" content=\"index, follow, max-snippet:-1, max-image-preview:large, max-video-preview:-1\" \/>\n<link rel=\"canonical\" href=\"https:\/\/bearchair.eu\/de\/umtausch-und-rueckgabe\/\" \/>\n<meta property=\"og:locale\" content=\"de_DE\" \/>\n<meta property=\"og:type\" content=\"article\" \/>\n<meta property=\"og:title\" content=\"Umtausch und R\u00fcckgabe - The Bear Chair\u00ae\" \/>\n<meta property=\"og:description\" content=\"[vc_row][vc_column][vc_column_text css=&quot;&quot; woodmart_inline=&quot;no&quot; text_larger=&quot;no&quot;]Sie haben das Recht, Ihre Bestellung innerhalb von 14 Tagen nach Erhalt der Ware ohne Angabe von\" \/>\n<meta property=\"og:url\" content=\"https:\/\/bearchair.eu\/de\/umtausch-und-rueckgabe\/\" \/>\n<meta property=\"og:site_name\" content=\"The Bear Chair\u00ae\" \/>\n<meta property=\"article:modified_time\" content=\"2026-01-07T13:17:42+00:00\" \/>\n<meta name=\"twitter:card\" content=\"summary_large_image\" \/>\n<meta name=\"twitter:label1\" content=\"Gesch\u00e4tzte Lesezeit\" \/>\n\t<meta name=\"twitter:data1\" content=\"1\u00a0Minute\" \/>\n<script type=\"application\/ld+json\" class=\"yoast-schema-graph\">{\"@context\":\"https:\/\/schema.org\",\"@graph\":[{\"@type\":\"WebPage\",\"@id\":\"https:\/\/bearchair.eu\/de\/umtausch-und-rueckgabe\/\",\"url\":\"https:\/\/bearchair.eu\/de\/umtausch-und-rueckgabe\/\",\"name\":\"Umtausch und R\u00fcckgabe - The Bear Chair\u00ae\",\"isPartOf\":{\"@id\":\"https:\/\/bearchair.eu\/de\/#website\"},\"datePublished\":\"2026-01-07T13:13:05+00:00\",\"dateModified\":\"2026-01-07T13:17:42+00:00\",\"breadcrumb\":{\"@id\":\"https:\/\/bearchair.eu\/de\/umtausch-und-rueckgabe\/#breadcrumb\"},\"inLanguage\":\"de\",\"potentialAction\":[{\"@type\":\"ReadAction\",\"target\":[\"https:\/\/bearchair.eu\/de\/umtausch-und-rueckgabe\/\"]}]},{\"@type\":\"BreadcrumbList\",\"@id\":\"https:\/\/bearchair.eu\/de\/umtausch-und-rueckgabe\/#breadcrumb\",\"itemListElement\":[{\"@type\":\"ListItem\",\"position\":1,\"name\":\"Home\",\"item\":\"https:\/\/bearchair.eu\/de\/startseite\/\"},{\"@type\":\"ListItem\",\"position\":2,\"name\":\"Umtausch und R\u00fcckgabe\"}]},{\"@type\":\"WebSite\",\"@id\":\"https:\/\/bearchair.eu\/de\/#website\",\"url\":\"https:\/\/bearchair.eu\/de\/\",\"name\":\"The Bear Chair\",\"description\":\"\",\"publisher\":{\"@id\":\"https:\/\/bearchair.eu\/de\/#organization\"},\"potentialAction\":[{\"@type\":\"SearchAction\",\"target\":{\"@type\":\"EntryPoint\",\"urlTemplate\":\"https:\/\/bearchair.eu\/de\/?s={search_term_string}\"},\"query-input\":{\"@type\":\"PropertyValueSpecification\",\"valueRequired\":true,\"valueName\":\"search_term_string\"}}],\"inLanguage\":\"de\"},{\"@type\":\"Organization\",\"@id\":\"https:\/\/bearchair.eu\/de\/#organization\",\"name\":\"Der B\u00e4renstuhl\",\"url\":\"https:\/\/bearchair.eu\/de\/\",\"logo\":{\"@type\":\"ImageObject\",\"inLanguage\":\"de\",\"@id\":\"https:\/\/bearchair.eu\/de\/#\/schema\/logo\/image\/\",\"url\":\"https:\/\/new.bearchair.eu\/wp-content\/uploads\/2024\/05\/BearChairIcon.png\",\"contentUrl\":\"https:\/\/new.bearchair.eu\/wp-content\/uploads\/2024\/05\/BearChairIcon.png\",\"width\":512,\"height\":512,\"caption\":\"Der B\u00e4renstuhl\"},\"image\":{\"@id\":\"https:\/\/bearchair.eu\/de\/#\/schema\/logo\/image\/\"}}]}<\/script>\n<!-- \/ Yoast SEO plugin. -->","yoast_head_json":{"title":"Umtausch und R\u00fcckgabe - The Bear Chair\u00ae","robots":{"index":"index","follow":"follow","max-snippet":"max-snippet:-1","max-image-preview":"max-image-preview:large","max-video-preview":"max-video-preview:-1"},"canonical":"https:\/\/bearchair.eu\/de\/umtausch-und-rueckgabe\/","og_locale":"de_DE","og_type":"article","og_title":"Umtausch und R\u00fcckgabe - The Bear Chair\u00ae","og_description":"[vc_row][vc_column][vc_column_text css=\"\" woodmart_inline=\"no\" text_larger=\"no\"]Sie haben das Recht, Ihre Bestellung innerhalb von 14 Tagen nach Erhalt der Ware ohne Angabe von","og_url":"https:\/\/bearchair.eu\/de\/umtausch-und-rueckgabe\/","og_site_name":"The Bear Chair\u00ae","article_modified_time":"2026-01-07T13:17:42+00:00","twitter_card":"summary_large_image","twitter_misc":{"Gesch\u00e4tzte Lesezeit":"1\u00a0Minute"},"schema":{"@context":"https:\/\/schema.org","@graph":[{"@type":"WebPage","@id":"https:\/\/bearchair.eu\/de\/umtausch-und-rueckgabe\/","url":"https:\/\/bearchair.eu\/de\/umtausch-und-rueckgabe\/","name":"Umtausch und R\u00fcckgabe - The Bear Chair\u00ae","isPartOf":{"@id":"https:\/\/bearchair.eu\/de\/#website"},"datePublished":"2026-01-07T13:13:05+00:00","dateModified":"2026-01-07T13:17:42+00:00","breadcrumb":{"@id":"https:\/\/bearchair.eu\/de\/umtausch-und-rueckgabe\/#breadcrumb"},"inLanguage":"de","potentialAction":[{"@type":"ReadAction","target":["https:\/\/bearchair.eu\/de\/umtausch-und-rueckgabe\/"]}]},{"@type":"BreadcrumbList","@id":"https:\/\/bearchair.eu\/de\/umtausch-und-rueckgabe\/#breadcrumb","itemListElement":[{"@type":"ListItem","position":1,"name":"Home","item":"https:\/\/bearchair.eu\/de\/startseite\/"},{"@type":"ListItem","position":2,"name":"Umtausch und R\u00fcckgabe"}]},{"@type":"WebSite","@id":"https:\/\/bearchair.eu\/de\/#website","url":"https:\/\/bearchair.eu\/de\/","name":"The Bear Chair","description":"","publisher":{"@id":"https:\/\/bearchair.eu\/de\/#organization"},"potentialAction":[{"@type":"SearchAction","target":{"@type":"EntryPoint","urlTemplate":"https:\/\/bearchair.eu\/de\/?s={search_term_string}"},"query-input":{"@type":"PropertyValueSpecification","valueRequired":true,"valueName":"search_term_string"}}],"inLanguage":"de"},{"@type":"Organization","@id":"https:\/\/bearchair.eu\/de\/#organization","name":"Der B\u00e4renstuhl","url":"https:\/\/bearchair.eu\/de\/","logo":{"@type":"ImageObject","inLanguage":"de","@id":"https:\/\/bearchair.eu\/de\/#\/schema\/logo\/image\/","url":"https:\/\/new.bearchair.eu\/wp-content\/uploads\/2024\/05\/BearChairIcon.png","contentUrl":"https:\/\/new.bearchair.eu\/wp-content\/uploads\/2024\/05\/BearChairIcon.png","width":512,"height":512,"caption":"Der B\u00e4renstuhl"},"image":{"@id":"https:\/\/bearchair.eu\/de\/#\/schema\/logo\/image\/"}}]}},"_links":{"self":[{"href":"https:\/\/bearchair.eu\/de\/wp-json\/wp\/v2\/pages\/23961","targetHints":{"allow":["GET"]}}],"collection":[{"href":"https:\/\/bearchair.eu\/de\/wp-json\/wp\/v2\/pages"}],"about":[{"href":"https:\/\/bearchair.eu\/de\/wp-json\/wp\/v2\/types\/page"}],"author":[{"embeddable":true,"href":"https:\/\/bearchair.eu\/de\/wp-json\/wp\/v2\/users\/459"}],"replies":[{"embeddable":true,"href":"https:\/\/bearchair.eu\/de\/wp-json\/wp\/v2\/comments?post=23961"}],"version-history":[{"count":7,"href":"https:\/\/bearchair.eu\/de\/wp-json\/wp\/v2\/pages\/23961\/revisions"}],"predecessor-version":[{"id":23998,"href":"https:\/\/bearchair.eu\/de\/wp-json\/wp\/v2\/pages\/23961\/revisions\/23998"}],"wp:attachment":[{"href":"https:\/\/bearchair.eu\/de\/wp-json\/wp\/v2\/media?parent=23961"}],"curies":[{"name":"wp","href":"https:\/\/api.w.org\/{rel}","templated":true}]}}