{"id":16730,"date":"2024-05-03T10:09:44","date_gmt":"2024-05-03T10:09:44","guid":{"rendered":"https:\/\/bearchair.eu\/unkategorisiert\/the-original-bear-chair\/"},"modified":"2025-04-25T09:33:21","modified_gmt":"2025-04-25T09:33:21","slug":"the-original-bear-chair","status":"publish","type":"product","link":"https:\/\/bearchair.eu\/de\/stuhle\/the-original-bear-chair\/","title":{"rendered":"The Original Bear Chair\u00ae"},"content":{"rendered":"<p>The Original Bear Chair\u00ae Stuhl verf\u00fcgt \u00fcber breite Armlehnen, auf denen Sie zum Beispiel Ihr Getr\u00e4nk abstellen k\u00f6nnen.<\/p>\n<div>\n<p><strong>Abmessungen:<\/strong><\/p>\n<ul>\n<li>H\u00f6he: 93 cm<\/li>\n<li>Breite: 80 cm<\/li>\n<li>Tiefe: 93 cm<\/li>\n<li>Dieses Modell ist nicht zusammenklappbar<\/li>\n<\/ul>\n<p><strong>Gewicht:<\/strong> 11,5 kg<\/p>\n<p><strong>Montage<\/strong>: The Original Bear Chair\u00ae Stuhl ist in drei Arten von Paketen erh\u00e4ltlich:<\/p>\n<ul>\n<li><strong>Bausatz:<\/strong> Sie erhalten das gesamte Material, um den Stuhl selbst zusammenzubauen. Der Bausatz enth\u00e4lt die Latten, Schrauben, Leim und nat\u00fcrlich eine detaillierte Aufbauanleitung. <\/li>\n<li><strong>Vormontiert:<\/strong> Die R\u00fcckenlehne und der Sitz sind vormontiert, der Rest muss selbst zusammengebaut werden. Alle Materialien und Montageanleitungen sind nat\u00fcrlich im Lieferumfang enthalten. <\/li>\n<li><strong>Vollst\u00e4ndig montiert:<\/strong> Der Stuhl ist bereits vollst\u00e4ndig montiert. Er wird Ihnen von unserem eigenen Transportservice fertig montiert geliefert.  Bitte beachten Sie, dass dies mit h\u00f6heren Kosten verbunden sein kann.<\/li>\n<\/ul>\n<\/div>\n<p>&nbsp;<\/p>\n","protected":false},"excerpt":{"rendered":"<p>The Original Bear Chair\u00ae: wo alles begann. Dieser sehr bequeme, robuste Stuhl passt in jede Umgebung! <\/p>\n<p>&nbsp;<\/p>\n","protected":false},"featured_media":15729,"template":"","meta":[],"product_brand":[],"product_cat":[274],"product_tag":[276],"class_list":{"0":"post-16730","1":"product","2":"type-product","3":"status-publish","4":"has-post-thumbnail","6":"product_cat-stuhle","7":"product_tag-the-original-bear-chair-de","9":"first","10":"instock","11":"featured","12":"taxable","13":"shipping-taxable","14":"purchasable","15":"product-type-variable"},"yoast_head":"<!-- This site is optimized with the Yoast SEO plugin v27.2 - https:\/\/yoast.com\/product\/yoast-seo-wordpress\/ -->\n<title>The Original Bear Chair\u00ae - The Bear Chair\u00ae<\/title>\n<meta name=\"description\" content=\"Shop Das Original Bear Chair\u00ae . Einzigartiger Gartenstuhl mit unvergleichlichem Sitzkomfort in Kombination mit den breiten Armlehnen f\u00fcr Ihre Zeitung, Zeitschrift oder Ihr Getr\u00e4nk.\" \/>\n<meta name=\"robots\" content=\"index, follow, max-snippet:-1, max-image-preview:large, max-video-preview:-1\" \/>\n<link rel=\"canonical\" href=\"https:\/\/bearchair.eu\/de\/stuhle\/the-original-bear-chair\/\" \/>\n<meta property=\"og:locale\" content=\"de_DE\" \/>\n<meta property=\"og:type\" content=\"article\" \/>\n<meta property=\"og:title\" content=\"The Original Bear Chair\u00ae - The Bear Chair\u00ae\" \/>\n<meta property=\"og:description\" content=\"Shop Das Original Bear Chair\u00ae . Einzigartiger Gartenstuhl mit unvergleichlichem Sitzkomfort in Kombination mit den breiten Armlehnen f\u00fcr Ihre Zeitung, Zeitschrift oder Ihr Getr\u00e4nk.\" \/>\n<meta property=\"og:url\" content=\"https:\/\/bearchair.eu\/de\/stuhle\/the-original-bear-chair\/\" \/>\n<meta property=\"og:site_name\" content=\"The Bear Chair\u00ae\" \/>\n<meta property=\"article:modified_time\" content=\"2025-04-25T09:33:21+00:00\" \/>\n<meta property=\"og:image\" content=\"https:\/\/bearchair.eu\/wp-content\/uploads\/2024\/05\/Untitled-design-beer-1.png\" \/>\n\t<meta property=\"og:image:width\" content=\"720\" \/>\n\t<meta property=\"og:image:height\" content=\"960\" \/>\n\t<meta property=\"og:image:type\" content=\"image\/png\" \/>\n<meta name=\"twitter:card\" content=\"summary_large_image\" \/>\n<meta name=\"twitter:label1\" content=\"Gesch\u00e4tzte Lesezeit\" \/>\n\t<meta name=\"twitter:data1\" content=\"1\u00a0Minute\" \/>\n<script type=\"application\/ld+json\" class=\"yoast-schema-graph\">{\"@context\":\"https:\/\/schema.org\",\"@graph\":[{\"@type\":\"WebPage\",\"@id\":\"https:\/\/bearchair.eu\/de\/stuhle\/the-original-bear-chair\/\",\"url\":\"https:\/\/bearchair.eu\/de\/stuhle\/the-original-bear-chair\/\",\"name\":\"The Original Bear Chair\u00ae - The Bear Chair\u00ae\",\"isPartOf\":{\"@id\":\"https:\/\/bearchair.eu\/de\/#website\"},\"primaryImageOfPage\":{\"@id\":\"https:\/\/bearchair.eu\/de\/stuhle\/the-original-bear-chair\/#primaryimage\"},\"image\":{\"@id\":\"https:\/\/bearchair.eu\/de\/stuhle\/the-original-bear-chair\/#primaryimage\"},\"thumbnailUrl\":\"https:\/\/bearchair.eu\/wp-content\/uploads\/2024\/05\/Untitled-design-beer-1.png\",\"datePublished\":\"2024-05-03T10:09:44+00:00\",\"dateModified\":\"2025-04-25T09:33:21+00:00\",\"description\":\"Shop Das Original Bear Chair\u00ae . Einzigartiger Gartenstuhl mit unvergleichlichem Sitzkomfort in Kombination mit den breiten Armlehnen f\u00fcr Ihre Zeitung, Zeitschrift oder Ihr Getr\u00e4nk.\",\"breadcrumb\":{\"@id\":\"https:\/\/bearchair.eu\/de\/stuhle\/the-original-bear-chair\/#breadcrumb\"},\"inLanguage\":\"de\",\"potentialAction\":[{\"@type\":\"ReadAction\",\"target\":[\"https:\/\/bearchair.eu\/de\/stuhle\/the-original-bear-chair\/\"]}]},{\"@type\":\"ImageObject\",\"inLanguage\":\"de\",\"@id\":\"https:\/\/bearchair.eu\/de\/stuhle\/the-original-bear-chair\/#primaryimage\",\"url\":\"https:\/\/bearchair.eu\/wp-content\/uploads\/2024\/05\/Untitled-design-beer-1.png\",\"contentUrl\":\"https:\/\/bearchair.eu\/wp-content\/uploads\/2024\/05\/Untitled-design-beer-1.png\",\"width\":720,\"height\":960},{\"@type\":\"BreadcrumbList\",\"@id\":\"https:\/\/bearchair.eu\/de\/stuhle\/the-original-bear-chair\/#breadcrumb\",\"itemListElement\":[{\"@type\":\"ListItem\",\"position\":1,\"name\":\"Home\",\"item\":\"https:\/\/bearchair.eu\/de\/startseite\/\"},{\"@type\":\"ListItem\",\"position\":2,\"name\":\"Shop\",\"item\":\"https:\/\/bearchair.eu\/de\/shop\/\"},{\"@type\":\"ListItem\",\"position\":3,\"name\":\"The Original Bear Chair\u00ae\"}]},{\"@type\":\"WebSite\",\"@id\":\"https:\/\/bearchair.eu\/de\/#website\",\"url\":\"https:\/\/bearchair.eu\/de\/\",\"name\":\"The Bear Chair\",\"description\":\"\",\"publisher\":{\"@id\":\"https:\/\/bearchair.eu\/de\/#organization\"},\"potentialAction\":[{\"@type\":\"SearchAction\",\"target\":{\"@type\":\"EntryPoint\",\"urlTemplate\":\"https:\/\/bearchair.eu\/de\/?s={search_term_string}\"},\"query-input\":{\"@type\":\"PropertyValueSpecification\",\"valueRequired\":true,\"valueName\":\"search_term_string\"}}],\"inLanguage\":\"de\"},{\"@type\":\"Organization\",\"@id\":\"https:\/\/bearchair.eu\/de\/#organization\",\"name\":\"Der B\u00e4renstuhl\",\"url\":\"https:\/\/bearchair.eu\/de\/\",\"logo\":{\"@type\":\"ImageObject\",\"inLanguage\":\"de\",\"@id\":\"https:\/\/bearchair.eu\/de\/#\/schema\/logo\/image\/\",\"url\":\"https:\/\/new.bearchair.eu\/wp-content\/uploads\/2024\/05\/BearChairIcon.png\",\"contentUrl\":\"https:\/\/new.bearchair.eu\/wp-content\/uploads\/2024\/05\/BearChairIcon.png\",\"width\":512,\"height\":512,\"caption\":\"Der B\u00e4renstuhl\"},\"image\":{\"@id\":\"https:\/\/bearchair.eu\/de\/#\/schema\/logo\/image\/\"}}]}<\/script>\n<!-- \/ Yoast SEO plugin. -->","yoast_head_json":{"title":"The Original Bear Chair\u00ae - The Bear Chair\u00ae","description":"Shop Das Original Bear Chair\u00ae . Einzigartiger Gartenstuhl mit unvergleichlichem Sitzkomfort in Kombination mit den breiten Armlehnen f\u00fcr Ihre Zeitung, Zeitschrift oder Ihr Getr\u00e4nk.","robots":{"index":"index","follow":"follow","max-snippet":"max-snippet:-1","max-image-preview":"max-image-preview:large","max-video-preview":"max-video-preview:-1"},"canonical":"https:\/\/bearchair.eu\/de\/stuhle\/the-original-bear-chair\/","og_locale":"de_DE","og_type":"article","og_title":"The Original Bear Chair\u00ae - The Bear Chair\u00ae","og_description":"Shop Das Original Bear Chair\u00ae . Einzigartiger Gartenstuhl mit unvergleichlichem Sitzkomfort in Kombination mit den breiten Armlehnen f\u00fcr Ihre Zeitung, Zeitschrift oder Ihr Getr\u00e4nk.","og_url":"https:\/\/bearchair.eu\/de\/stuhle\/the-original-bear-chair\/","og_site_name":"The Bear Chair\u00ae","article_modified_time":"2025-04-25T09:33:21+00:00","og_image":[{"width":720,"height":960,"url":"https:\/\/bearchair.eu\/wp-content\/uploads\/2024\/05\/Untitled-design-beer-1.png","type":"image\/png"}],"twitter_card":"summary_large_image","twitter_misc":{"Gesch\u00e4tzte Lesezeit":"1\u00a0Minute"},"schema":{"@context":"https:\/\/schema.org","@graph":[{"@type":"WebPage","@id":"https:\/\/bearchair.eu\/de\/stuhle\/the-original-bear-chair\/","url":"https:\/\/bearchair.eu\/de\/stuhle\/the-original-bear-chair\/","name":"The Original Bear Chair\u00ae - The Bear Chair\u00ae","isPartOf":{"@id":"https:\/\/bearchair.eu\/de\/#website"},"primaryImageOfPage":{"@id":"https:\/\/bearchair.eu\/de\/stuhle\/the-original-bear-chair\/#primaryimage"},"image":{"@id":"https:\/\/bearchair.eu\/de\/stuhle\/the-original-bear-chair\/#primaryimage"},"thumbnailUrl":"https:\/\/bearchair.eu\/wp-content\/uploads\/2024\/05\/Untitled-design-beer-1.png","datePublished":"2024-05-03T10:09:44+00:00","dateModified":"2025-04-25T09:33:21+00:00","description":"Shop Das Original Bear Chair\u00ae . Einzigartiger Gartenstuhl mit unvergleichlichem Sitzkomfort in Kombination mit den breiten Armlehnen f\u00fcr Ihre Zeitung, Zeitschrift oder Ihr Getr\u00e4nk.","breadcrumb":{"@id":"https:\/\/bearchair.eu\/de\/stuhle\/the-original-bear-chair\/#breadcrumb"},"inLanguage":"de","potentialAction":[{"@type":"ReadAction","target":["https:\/\/bearchair.eu\/de\/stuhle\/the-original-bear-chair\/"]}]},{"@type":"ImageObject","inLanguage":"de","@id":"https:\/\/bearchair.eu\/de\/stuhle\/the-original-bear-chair\/#primaryimage","url":"https:\/\/bearchair.eu\/wp-content\/uploads\/2024\/05\/Untitled-design-beer-1.png","contentUrl":"https:\/\/bearchair.eu\/wp-content\/uploads\/2024\/05\/Untitled-design-beer-1.png","width":720,"height":960},{"@type":"BreadcrumbList","@id":"https:\/\/bearchair.eu\/de\/stuhle\/the-original-bear-chair\/#breadcrumb","itemListElement":[{"@type":"ListItem","position":1,"name":"Home","item":"https:\/\/bearchair.eu\/de\/startseite\/"},{"@type":"ListItem","position":2,"name":"Shop","item":"https:\/\/bearchair.eu\/de\/shop\/"},{"@type":"ListItem","position":3,"name":"The Original Bear Chair\u00ae"}]},{"@type":"WebSite","@id":"https:\/\/bearchair.eu\/de\/#website","url":"https:\/\/bearchair.eu\/de\/","name":"The Bear Chair","description":"","publisher":{"@id":"https:\/\/bearchair.eu\/de\/#organization"},"potentialAction":[{"@type":"SearchAction","target":{"@type":"EntryPoint","urlTemplate":"https:\/\/bearchair.eu\/de\/?s={search_term_string}"},"query-input":{"@type":"PropertyValueSpecification","valueRequired":true,"valueName":"search_term_string"}}],"inLanguage":"de"},{"@type":"Organization","@id":"https:\/\/bearchair.eu\/de\/#organization","name":"Der B\u00e4renstuhl","url":"https:\/\/bearchair.eu\/de\/","logo":{"@type":"ImageObject","inLanguage":"de","@id":"https:\/\/bearchair.eu\/de\/#\/schema\/logo\/image\/","url":"https:\/\/new.bearchair.eu\/wp-content\/uploads\/2024\/05\/BearChairIcon.png","contentUrl":"https:\/\/new.bearchair.eu\/wp-content\/uploads\/2024\/05\/BearChairIcon.png","width":512,"height":512,"caption":"Der B\u00e4renstuhl"},"image":{"@id":"https:\/\/bearchair.eu\/de\/#\/schema\/logo\/image\/"}}]}},"_links":{"self":[{"href":"https:\/\/bearchair.eu\/de\/wp-json\/wp\/v2\/product\/16730","targetHints":{"allow":["GET"]}}],"collection":[{"href":"https:\/\/bearchair.eu\/de\/wp-json\/wp\/v2\/product"}],"about":[{"href":"https:\/\/bearchair.eu\/de\/wp-json\/wp\/v2\/types\/product"}],"wp:featuredmedia":[{"embeddable":true,"href":"https:\/\/bearchair.eu\/de\/wp-json\/wp\/v2\/media\/15729"}],"wp:attachment":[{"href":"https:\/\/bearchair.eu\/de\/wp-json\/wp\/v2\/media?parent=16730"}],"wp:term":[{"taxonomy":"product_brand","embeddable":true,"href":"https:\/\/bearchair.eu\/de\/wp-json\/wp\/v2\/product_brand?post=16730"},{"taxonomy":"product_cat","embeddable":true,"href":"https:\/\/bearchair.eu\/de\/wp-json\/wp\/v2\/product_cat?post=16730"},{"taxonomy":"product_tag","embeddable":true,"href":"https:\/\/bearchair.eu\/de\/wp-json\/wp\/v2\/product_tag?post=16730"}],"curies":[{"name":"wp","href":"https:\/\/api.w.org\/{rel}","templated":true}]}}