{"id":16823,"date":"2024-05-03T10:09:35","date_gmt":"2024-05-03T10:09:35","guid":{"rendered":"https:\/\/bearchair.eu\/unkategorisiert\/bear-chair-beschuetzer\/"},"modified":"2025-05-01T13:10:53","modified_gmt":"2025-05-01T13:10:53","slug":"bear-chair-beschuetzer","status":"publish","type":"product","link":"https:\/\/bearchair.eu\/de\/produkte-fur-reinigung-und-pflege\/bear-chair-beschuetzer\/","title":{"rendered":"Bear Chair\u00ae Besch\u00fctzer"},"content":{"rendered":"<p>Der Bear Chair\u00ae Protector kombiniert die Monocoat-Technologie mit einem fortschrittlichen UV-Stabilisator. Dadurch sch\u00fctzt das Produkt die M\u00f6bel vor dem Schw\u00e4rzen, sogar in extremen Klimazonen. Das Produkt kann sowohl auf neues als auch auf altes Holz aufgetragen werden. Sch\u00fctzt und konserviert. Mit einem Schwamm oder Flachpinsel auftragen und mit einem Tuch abwischen, um \u00d6lflecken zu entfernen.    <\/p>\n<p>Der Bear Chair\u00ae Protector ist in den Farben Natur, Braun, Wei\u00df und Schwarz erh\u00e4ltlich.<\/p>\n","protected":false},"excerpt":{"rendered":"<p>Der Bear Chair\u00ae Protector sch\u00fctzt Ihre Gartenm\u00f6bel vor Witterungseinfl\u00fcssen und Sonnenlicht. Auf diese Weise behalten sie \u00fcber die Jahre ihre urspr\u00fcngliche Farbe. <\/p>\n","protected":false},"featured_media":15650,"template":"","meta":[],"product_brand":[],"product_cat":[285],"product_tag":[],"class_list":{"0":"post-16823","1":"product","2":"type-product","3":"status-publish","4":"has-post-thumbnail","6":"product_cat-produkte-fur-reinigung-und-pflege","8":"first","9":"instock","10":"taxable","11":"shipping-taxable","12":"purchasable","13":"product-type-simple"},"yoast_head":"<!-- This site is optimized with the Yoast SEO plugin v27.2 - https:\/\/yoast.com\/product\/yoast-seo-wordpress\/ -->\n<title>Bear Chair\u00ae Besch\u00fctzer - The Bear Chair\u00ae<\/title>\n<meta name=\"description\" content=\"Shop Bear Chair\u00ae Protector. Ein hochwertiges Schutzprodukt f\u00fcr Ihr Bear Chair Produkt.\" \/>\n<meta name=\"robots\" content=\"index, follow, max-snippet:-1, max-image-preview:large, max-video-preview:-1\" \/>\n<link rel=\"canonical\" href=\"https:\/\/bearchair.eu\/de\/produkte-fur-reinigung-und-pflege\/bear-chair-beschuetzer\/\" \/>\n<meta property=\"og:locale\" content=\"de_DE\" \/>\n<meta property=\"og:type\" content=\"article\" \/>\n<meta property=\"og:title\" content=\"Bear Chair\u00ae Besch\u00fctzer - The Bear Chair\u00ae\" \/>\n<meta property=\"og:description\" content=\"Shop Bear Chair\u00ae Protector. Ein hochwertiges Schutzprodukt f\u00fcr Ihr Bear Chair Produkt.\" \/>\n<meta property=\"og:url\" content=\"https:\/\/bearchair.eu\/de\/produkte-fur-reinigung-und-pflege\/bear-chair-beschuetzer\/\" \/>\n<meta property=\"og:site_name\" content=\"The Bear Chair\u00ae\" \/>\n<meta property=\"article:modified_time\" content=\"2025-05-01T13:10:53+00:00\" \/>\n<meta property=\"og:image\" content=\"https:\/\/bearchair.eu\/wp-content\/uploads\/2024\/05\/Untitled-design-12.png\" \/>\n\t<meta property=\"og:image:width\" content=\"720\" \/>\n\t<meta property=\"og:image:height\" content=\"960\" \/>\n\t<meta property=\"og:image:type\" content=\"image\/png\" \/>\n<meta name=\"twitter:card\" content=\"summary_large_image\" \/>\n<script type=\"application\/ld+json\" class=\"yoast-schema-graph\">{\"@context\":\"https:\/\/schema.org\",\"@graph\":[{\"@type\":\"WebPage\",\"@id\":\"https:\/\/bearchair.eu\/de\/produkte-fur-reinigung-und-pflege\/bear-chair-beschuetzer\/\",\"url\":\"https:\/\/bearchair.eu\/de\/produkte-fur-reinigung-und-pflege\/bear-chair-beschuetzer\/\",\"name\":\"Bear Chair\u00ae Besch\u00fctzer - The Bear Chair\u00ae\",\"isPartOf\":{\"@id\":\"https:\/\/bearchair.eu\/de\/#website\"},\"primaryImageOfPage\":{\"@id\":\"https:\/\/bearchair.eu\/de\/produkte-fur-reinigung-und-pflege\/bear-chair-beschuetzer\/#primaryimage\"},\"image\":{\"@id\":\"https:\/\/bearchair.eu\/de\/produkte-fur-reinigung-und-pflege\/bear-chair-beschuetzer\/#primaryimage\"},\"thumbnailUrl\":\"https:\/\/bearchair.eu\/wp-content\/uploads\/2024\/05\/Untitled-design-12.png\",\"datePublished\":\"2024-05-03T10:09:35+00:00\",\"dateModified\":\"2025-05-01T13:10:53+00:00\",\"description\":\"Shop Bear Chair\u00ae Protector. Ein hochwertiges Schutzprodukt f\u00fcr Ihr Bear Chair Produkt.\",\"breadcrumb\":{\"@id\":\"https:\/\/bearchair.eu\/de\/produkte-fur-reinigung-und-pflege\/bear-chair-beschuetzer\/#breadcrumb\"},\"inLanguage\":\"de\",\"potentialAction\":[{\"@type\":\"ReadAction\",\"target\":[\"https:\/\/bearchair.eu\/de\/produkte-fur-reinigung-und-pflege\/bear-chair-beschuetzer\/\"]}]},{\"@type\":\"ImageObject\",\"inLanguage\":\"de\",\"@id\":\"https:\/\/bearchair.eu\/de\/produkte-fur-reinigung-und-pflege\/bear-chair-beschuetzer\/#primaryimage\",\"url\":\"https:\/\/bearchair.eu\/wp-content\/uploads\/2024\/05\/Untitled-design-12.png\",\"contentUrl\":\"https:\/\/bearchair.eu\/wp-content\/uploads\/2024\/05\/Untitled-design-12.png\",\"width\":720,\"height\":960},{\"@type\":\"BreadcrumbList\",\"@id\":\"https:\/\/bearchair.eu\/de\/produkte-fur-reinigung-und-pflege\/bear-chair-beschuetzer\/#breadcrumb\",\"itemListElement\":[{\"@type\":\"ListItem\",\"position\":1,\"name\":\"Startseite\",\"item\":\"https:\/\/bearchair.eu\/de\/startseite\/\"},{\"@type\":\"ListItem\",\"position\":2,\"name\":\"Shop\",\"item\":\"https:\/\/bearchair.eu\/de\/shop\/\"},{\"@type\":\"ListItem\",\"position\":3,\"name\":\"Bear Chair\u00ae Besch\u00fctzer\"}]},{\"@type\":\"WebSite\",\"@id\":\"https:\/\/bearchair.eu\/de\/#website\",\"url\":\"https:\/\/bearchair.eu\/de\/\",\"name\":\"The Bear Chair\",\"description\":\"\",\"publisher\":{\"@id\":\"https:\/\/bearchair.eu\/de\/#organization\"},\"potentialAction\":[{\"@type\":\"SearchAction\",\"target\":{\"@type\":\"EntryPoint\",\"urlTemplate\":\"https:\/\/bearchair.eu\/de\/?s={search_term_string}\"},\"query-input\":{\"@type\":\"PropertyValueSpecification\",\"valueRequired\":true,\"valueName\":\"search_term_string\"}}],\"inLanguage\":\"de\"},{\"@type\":\"Organization\",\"@id\":\"https:\/\/bearchair.eu\/de\/#organization\",\"name\":\"Der B\u00e4renstuhl\",\"url\":\"https:\/\/bearchair.eu\/de\/\",\"logo\":{\"@type\":\"ImageObject\",\"inLanguage\":\"de\",\"@id\":\"https:\/\/bearchair.eu\/de\/#\/schema\/logo\/image\/\",\"url\":\"https:\/\/new.bearchair.eu\/wp-content\/uploads\/2024\/05\/BearChairIcon.png\",\"contentUrl\":\"https:\/\/new.bearchair.eu\/wp-content\/uploads\/2024\/05\/BearChairIcon.png\",\"width\":512,\"height\":512,\"caption\":\"Der B\u00e4renstuhl\"},\"image\":{\"@id\":\"https:\/\/bearchair.eu\/de\/#\/schema\/logo\/image\/\"}}]}<\/script>\n<!-- \/ Yoast SEO plugin. -->","yoast_head_json":{"title":"Bear Chair\u00ae Besch\u00fctzer - The Bear Chair\u00ae","description":"Shop Bear Chair\u00ae Protector. Ein hochwertiges Schutzprodukt f\u00fcr Ihr Bear Chair Produkt.","robots":{"index":"index","follow":"follow","max-snippet":"max-snippet:-1","max-image-preview":"max-image-preview:large","max-video-preview":"max-video-preview:-1"},"canonical":"https:\/\/bearchair.eu\/de\/produkte-fur-reinigung-und-pflege\/bear-chair-beschuetzer\/","og_locale":"de_DE","og_type":"article","og_title":"Bear Chair\u00ae Besch\u00fctzer - The Bear Chair\u00ae","og_description":"Shop Bear Chair\u00ae Protector. Ein hochwertiges Schutzprodukt f\u00fcr Ihr Bear Chair Produkt.","og_url":"https:\/\/bearchair.eu\/de\/produkte-fur-reinigung-und-pflege\/bear-chair-beschuetzer\/","og_site_name":"The Bear Chair\u00ae","article_modified_time":"2025-05-01T13:10:53+00:00","og_image":[{"width":720,"height":960,"url":"https:\/\/bearchair.eu\/wp-content\/uploads\/2024\/05\/Untitled-design-12.png","type":"image\/png"}],"twitter_card":"summary_large_image","schema":{"@context":"https:\/\/schema.org","@graph":[{"@type":"WebPage","@id":"https:\/\/bearchair.eu\/de\/produkte-fur-reinigung-und-pflege\/bear-chair-beschuetzer\/","url":"https:\/\/bearchair.eu\/de\/produkte-fur-reinigung-und-pflege\/bear-chair-beschuetzer\/","name":"Bear Chair\u00ae Besch\u00fctzer - The Bear Chair\u00ae","isPartOf":{"@id":"https:\/\/bearchair.eu\/de\/#website"},"primaryImageOfPage":{"@id":"https:\/\/bearchair.eu\/de\/produkte-fur-reinigung-und-pflege\/bear-chair-beschuetzer\/#primaryimage"},"image":{"@id":"https:\/\/bearchair.eu\/de\/produkte-fur-reinigung-und-pflege\/bear-chair-beschuetzer\/#primaryimage"},"thumbnailUrl":"https:\/\/bearchair.eu\/wp-content\/uploads\/2024\/05\/Untitled-design-12.png","datePublished":"2024-05-03T10:09:35+00:00","dateModified":"2025-05-01T13:10:53+00:00","description":"Shop Bear Chair\u00ae Protector. Ein hochwertiges Schutzprodukt f\u00fcr Ihr Bear Chair Produkt.","breadcrumb":{"@id":"https:\/\/bearchair.eu\/de\/produkte-fur-reinigung-und-pflege\/bear-chair-beschuetzer\/#breadcrumb"},"inLanguage":"de","potentialAction":[{"@type":"ReadAction","target":["https:\/\/bearchair.eu\/de\/produkte-fur-reinigung-und-pflege\/bear-chair-beschuetzer\/"]}]},{"@type":"ImageObject","inLanguage":"de","@id":"https:\/\/bearchair.eu\/de\/produkte-fur-reinigung-und-pflege\/bear-chair-beschuetzer\/#primaryimage","url":"https:\/\/bearchair.eu\/wp-content\/uploads\/2024\/05\/Untitled-design-12.png","contentUrl":"https:\/\/bearchair.eu\/wp-content\/uploads\/2024\/05\/Untitled-design-12.png","width":720,"height":960},{"@type":"BreadcrumbList","@id":"https:\/\/bearchair.eu\/de\/produkte-fur-reinigung-und-pflege\/bear-chair-beschuetzer\/#breadcrumb","itemListElement":[{"@type":"ListItem","position":1,"name":"Startseite","item":"https:\/\/bearchair.eu\/de\/startseite\/"},{"@type":"ListItem","position":2,"name":"Shop","item":"https:\/\/bearchair.eu\/de\/shop\/"},{"@type":"ListItem","position":3,"name":"Bear Chair\u00ae Besch\u00fctzer"}]},{"@type":"WebSite","@id":"https:\/\/bearchair.eu\/de\/#website","url":"https:\/\/bearchair.eu\/de\/","name":"The Bear Chair","description":"","publisher":{"@id":"https:\/\/bearchair.eu\/de\/#organization"},"potentialAction":[{"@type":"SearchAction","target":{"@type":"EntryPoint","urlTemplate":"https:\/\/bearchair.eu\/de\/?s={search_term_string}"},"query-input":{"@type":"PropertyValueSpecification","valueRequired":true,"valueName":"search_term_string"}}],"inLanguage":"de"},{"@type":"Organization","@id":"https:\/\/bearchair.eu\/de\/#organization","name":"Der B\u00e4renstuhl","url":"https:\/\/bearchair.eu\/de\/","logo":{"@type":"ImageObject","inLanguage":"de","@id":"https:\/\/bearchair.eu\/de\/#\/schema\/logo\/image\/","url":"https:\/\/new.bearchair.eu\/wp-content\/uploads\/2024\/05\/BearChairIcon.png","contentUrl":"https:\/\/new.bearchair.eu\/wp-content\/uploads\/2024\/05\/BearChairIcon.png","width":512,"height":512,"caption":"Der B\u00e4renstuhl"},"image":{"@id":"https:\/\/bearchair.eu\/de\/#\/schema\/logo\/image\/"}}]}},"_links":{"self":[{"href":"https:\/\/bearchair.eu\/de\/wp-json\/wp\/v2\/product\/16823","targetHints":{"allow":["GET"]}}],"collection":[{"href":"https:\/\/bearchair.eu\/de\/wp-json\/wp\/v2\/product"}],"about":[{"href":"https:\/\/bearchair.eu\/de\/wp-json\/wp\/v2\/types\/product"}],"wp:featuredmedia":[{"embeddable":true,"href":"https:\/\/bearchair.eu\/de\/wp-json\/wp\/v2\/media\/15650"}],"wp:attachment":[{"href":"https:\/\/bearchair.eu\/de\/wp-json\/wp\/v2\/media?parent=16823"}],"wp:term":[{"taxonomy":"product_brand","embeddable":true,"href":"https:\/\/bearchair.eu\/de\/wp-json\/wp\/v2\/product_brand?post=16823"},{"taxonomy":"product_cat","embeddable":true,"href":"https:\/\/bearchair.eu\/de\/wp-json\/wp\/v2\/product_cat?post=16823"},{"taxonomy":"product_tag","embeddable":true,"href":"https:\/\/bearchair.eu\/de\/wp-json\/wp\/v2\/product_tag?post=16823"}],"curies":[{"name":"wp","href":"https:\/\/api.w.org\/{rel}","templated":true}]}}