{"id":16828,"date":"2024-05-03T10:09:36","date_gmt":"2024-05-03T10:09:36","guid":{"rendered":"https:\/\/bearchair.eu\/unkategorisiert\/bank-aus-zedernholz-2\/"},"modified":"2025-04-25T10:02:56","modified_gmt":"2025-04-25T10:02:56","slug":"bank-aus-zedernholz-2","status":"publish","type":"product","link":"https:\/\/bearchair.eu\/de\/stuhle\/bank-aus-zedernholz-2\/","title":{"rendered":"Bear Chair\u00ae Zedernholzbank"},"content":{"rendered":"<p>Die Bear Chair\u00ae Zedernholzbank ist nicht nur sch\u00f6n anzusehen, sondern hat auch die gleiche hohe Qualit\u00e4t wie die \u00fcbrigen Bear Chair\u00ae Produkte. Durch ihr geringes Gewicht ist sie leicht zu transportieren. <\/p>\n<p><strong>Abmessungen:<\/strong><\/p>\n<ul>\n<li>H\u00f6he: 48 cm<\/li>\n<li>Breite: 150 cm<\/li>\n<li>Tiefe: 45 cm<\/li>\n<\/ul>\n<p><strong>Gewicht:<\/strong> 15 kg<\/p>\n<p><strong>Montage:<\/strong> Die Bear Chair\u00ae Zedernholzbank ist in zwei Verpackungsarten erh\u00e4ltlich:<\/p>\n<ul>\n<li><strong>Vormontiert:<\/strong> Der Sitz ist vormontiert, den Rest m\u00fcssen Sie selbst zusammenbauen. Alle Materialien und Montageanleitungen sind nat\u00fcrlich im Lieferumfang enthalten. <\/li>\n<li><strong>Vollst\u00e4ndig montiert:<\/strong> Das Sofa ist bereits vollst\u00e4ndig montiert. Es wird von unserem eigenen Transportservice fertig montiert an Sie geliefert.  Bitte beachten Sie, dass dies mit h\u00f6heren Kosten verbunden sein kann.<\/li>\n<\/ul>\n<p>Tipp: Kombinieren Sie diese Zedernholzbank mit<a href=\"https:\/\/bearchair.eu\/tafels\/picknick-tafel\/\" target=\"_blank\" rel=\"noopener\"> dem Picknicktisch<\/a><\/p>\n","protected":false},"excerpt":{"rendered":"<p>Die stilvolle Bear Chair\u00ae Zedernholzbank kann an einem Gartentisch oder einfach freistehend im Garten platziert werden. Diese schlichte, robuste und dennoch leichte Bank passt in jeden Garten. <\/p>\n","protected":false},"featured_media":15367,"template":"","meta":[],"product_brand":[],"product_cat":[274],"product_tag":[],"class_list":{"0":"post-16828","1":"product","2":"type-product","3":"status-publish","4":"has-post-thumbnail","6":"product_cat-stuhle","8":"first","9":"instock","10":"taxable","11":"shipping-taxable","12":"purchasable","13":"product-type-variable"},"yoast_head":"<!-- This site is optimized with the Yoast SEO plugin v27.2 - https:\/\/yoast.com\/product\/yoast-seo-wordpress\/ -->\n<title>Bear Chair\u00ae Zedernholzbank - The Bear Chair\u00ae<\/title>\n<meta name=\"robots\" content=\"index, follow, max-snippet:-1, max-image-preview:large, max-video-preview:-1\" \/>\n<link rel=\"canonical\" href=\"https:\/\/bearchair.eu\/de\/stuhle\/bank-aus-zedernholz-2\/\" \/>\n<meta property=\"og:locale\" content=\"de_DE\" \/>\n<meta property=\"og:type\" content=\"article\" \/>\n<meta property=\"og:title\" content=\"Bear Chair\u00ae Zedernholzbank - The Bear Chair\u00ae\" \/>\n<meta property=\"og:description\" content=\"Die stilvolle Bear Chair\u00ae Zedernholzbank kann an einem Gartentisch oder einfach freistehend im Garten platziert werden. Diese schlichte, robuste und dennoch leichte Bank passt in jeden Garten.\" \/>\n<meta property=\"og:url\" content=\"https:\/\/bearchair.eu\/de\/stuhle\/bank-aus-zedernholz-2\/\" \/>\n<meta property=\"og:site_name\" content=\"The Bear Chair\u00ae\" \/>\n<meta property=\"article:modified_time\" content=\"2025-04-25T10:02:56+00:00\" \/>\n<meta property=\"og:image\" content=\"https:\/\/bearchair.eu\/wp-content\/uploads\/2024\/05\/Cedar-Bench2.jpg\" \/>\n\t<meta property=\"og:image:width\" content=\"500\" \/>\n\t<meta property=\"og:image:height\" content=\"333\" \/>\n\t<meta property=\"og:image:type\" content=\"image\/jpeg\" \/>\n<meta name=\"twitter:card\" content=\"summary_large_image\" \/>\n<meta name=\"twitter:label1\" content=\"Gesch\u00e4tzte Lesezeit\" \/>\n\t<meta name=\"twitter:data1\" content=\"1\u00a0Minute\" \/>\n<script type=\"application\/ld+json\" class=\"yoast-schema-graph\">{\"@context\":\"https:\/\/schema.org\",\"@graph\":[{\"@type\":\"WebPage\",\"@id\":\"https:\/\/bearchair.eu\/de\/stuhle\/bank-aus-zedernholz-2\/\",\"url\":\"https:\/\/bearchair.eu\/de\/stuhle\/bank-aus-zedernholz-2\/\",\"name\":\"Bear Chair\u00ae Zedernholzbank - The Bear Chair\u00ae\",\"isPartOf\":{\"@id\":\"https:\/\/bearchair.eu\/de\/#website\"},\"primaryImageOfPage\":{\"@id\":\"https:\/\/bearchair.eu\/de\/stuhle\/bank-aus-zedernholz-2\/#primaryimage\"},\"image\":{\"@id\":\"https:\/\/bearchair.eu\/de\/stuhle\/bank-aus-zedernholz-2\/#primaryimage\"},\"thumbnailUrl\":\"https:\/\/bearchair.eu\/wp-content\/uploads\/2024\/05\/Cedar-Bench2.jpg\",\"datePublished\":\"2024-05-03T10:09:36+00:00\",\"dateModified\":\"2025-04-25T10:02:56+00:00\",\"breadcrumb\":{\"@id\":\"https:\/\/bearchair.eu\/de\/stuhle\/bank-aus-zedernholz-2\/#breadcrumb\"},\"inLanguage\":\"de\",\"potentialAction\":[{\"@type\":\"ReadAction\",\"target\":[\"https:\/\/bearchair.eu\/de\/stuhle\/bank-aus-zedernholz-2\/\"]}]},{\"@type\":\"ImageObject\",\"inLanguage\":\"de\",\"@id\":\"https:\/\/bearchair.eu\/de\/stuhle\/bank-aus-zedernholz-2\/#primaryimage\",\"url\":\"https:\/\/bearchair.eu\/wp-content\/uploads\/2024\/05\/Cedar-Bench2.jpg\",\"contentUrl\":\"https:\/\/bearchair.eu\/wp-content\/uploads\/2024\/05\/Cedar-Bench2.jpg\",\"width\":500,\"height\":333},{\"@type\":\"BreadcrumbList\",\"@id\":\"https:\/\/bearchair.eu\/de\/stuhle\/bank-aus-zedernholz-2\/#breadcrumb\",\"itemListElement\":[{\"@type\":\"ListItem\",\"position\":1,\"name\":\"Home\",\"item\":\"https:\/\/bearchair.eu\/de\/startseite\/\"},{\"@type\":\"ListItem\",\"position\":2,\"name\":\"Shop\",\"item\":\"https:\/\/bearchair.eu\/de\/shop\/\"},{\"@type\":\"ListItem\",\"position\":3,\"name\":\"Bear Chair\u00ae Zedernholzbank\"}]},{\"@type\":\"WebSite\",\"@id\":\"https:\/\/bearchair.eu\/de\/#website\",\"url\":\"https:\/\/bearchair.eu\/de\/\",\"name\":\"The Bear Chair\",\"description\":\"\",\"publisher\":{\"@id\":\"https:\/\/bearchair.eu\/de\/#organization\"},\"potentialAction\":[{\"@type\":\"SearchAction\",\"target\":{\"@type\":\"EntryPoint\",\"urlTemplate\":\"https:\/\/bearchair.eu\/de\/?s={search_term_string}\"},\"query-input\":{\"@type\":\"PropertyValueSpecification\",\"valueRequired\":true,\"valueName\":\"search_term_string\"}}],\"inLanguage\":\"de\"},{\"@type\":\"Organization\",\"@id\":\"https:\/\/bearchair.eu\/de\/#organization\",\"name\":\"Der B\u00e4renstuhl\",\"url\":\"https:\/\/bearchair.eu\/de\/\",\"logo\":{\"@type\":\"ImageObject\",\"inLanguage\":\"de\",\"@id\":\"https:\/\/bearchair.eu\/de\/#\/schema\/logo\/image\/\",\"url\":\"https:\/\/new.bearchair.eu\/wp-content\/uploads\/2024\/05\/BearChairIcon.png\",\"contentUrl\":\"https:\/\/new.bearchair.eu\/wp-content\/uploads\/2024\/05\/BearChairIcon.png\",\"width\":512,\"height\":512,\"caption\":\"Der B\u00e4renstuhl\"},\"image\":{\"@id\":\"https:\/\/bearchair.eu\/de\/#\/schema\/logo\/image\/\"}}]}<\/script>\n<!-- \/ Yoast SEO plugin. -->","yoast_head_json":{"title":"Bear Chair\u00ae Zedernholzbank - The Bear Chair\u00ae","robots":{"index":"index","follow":"follow","max-snippet":"max-snippet:-1","max-image-preview":"max-image-preview:large","max-video-preview":"max-video-preview:-1"},"canonical":"https:\/\/bearchair.eu\/de\/stuhle\/bank-aus-zedernholz-2\/","og_locale":"de_DE","og_type":"article","og_title":"Bear Chair\u00ae Zedernholzbank - The Bear Chair\u00ae","og_description":"Die stilvolle Bear Chair\u00ae Zedernholzbank kann an einem Gartentisch oder einfach freistehend im Garten platziert werden. Diese schlichte, robuste und dennoch leichte Bank passt in jeden Garten.","og_url":"https:\/\/bearchair.eu\/de\/stuhle\/bank-aus-zedernholz-2\/","og_site_name":"The Bear Chair\u00ae","article_modified_time":"2025-04-25T10:02:56+00:00","og_image":[{"width":500,"height":333,"url":"https:\/\/bearchair.eu\/wp-content\/uploads\/2024\/05\/Cedar-Bench2.jpg","type":"image\/jpeg"}],"twitter_card":"summary_large_image","twitter_misc":{"Gesch\u00e4tzte Lesezeit":"1\u00a0Minute"},"schema":{"@context":"https:\/\/schema.org","@graph":[{"@type":"WebPage","@id":"https:\/\/bearchair.eu\/de\/stuhle\/bank-aus-zedernholz-2\/","url":"https:\/\/bearchair.eu\/de\/stuhle\/bank-aus-zedernholz-2\/","name":"Bear Chair\u00ae Zedernholzbank - The Bear Chair\u00ae","isPartOf":{"@id":"https:\/\/bearchair.eu\/de\/#website"},"primaryImageOfPage":{"@id":"https:\/\/bearchair.eu\/de\/stuhle\/bank-aus-zedernholz-2\/#primaryimage"},"image":{"@id":"https:\/\/bearchair.eu\/de\/stuhle\/bank-aus-zedernholz-2\/#primaryimage"},"thumbnailUrl":"https:\/\/bearchair.eu\/wp-content\/uploads\/2024\/05\/Cedar-Bench2.jpg","datePublished":"2024-05-03T10:09:36+00:00","dateModified":"2025-04-25T10:02:56+00:00","breadcrumb":{"@id":"https:\/\/bearchair.eu\/de\/stuhle\/bank-aus-zedernholz-2\/#breadcrumb"},"inLanguage":"de","potentialAction":[{"@type":"ReadAction","target":["https:\/\/bearchair.eu\/de\/stuhle\/bank-aus-zedernholz-2\/"]}]},{"@type":"ImageObject","inLanguage":"de","@id":"https:\/\/bearchair.eu\/de\/stuhle\/bank-aus-zedernholz-2\/#primaryimage","url":"https:\/\/bearchair.eu\/wp-content\/uploads\/2024\/05\/Cedar-Bench2.jpg","contentUrl":"https:\/\/bearchair.eu\/wp-content\/uploads\/2024\/05\/Cedar-Bench2.jpg","width":500,"height":333},{"@type":"BreadcrumbList","@id":"https:\/\/bearchair.eu\/de\/stuhle\/bank-aus-zedernholz-2\/#breadcrumb","itemListElement":[{"@type":"ListItem","position":1,"name":"Home","item":"https:\/\/bearchair.eu\/de\/startseite\/"},{"@type":"ListItem","position":2,"name":"Shop","item":"https:\/\/bearchair.eu\/de\/shop\/"},{"@type":"ListItem","position":3,"name":"Bear Chair\u00ae Zedernholzbank"}]},{"@type":"WebSite","@id":"https:\/\/bearchair.eu\/de\/#website","url":"https:\/\/bearchair.eu\/de\/","name":"The Bear Chair","description":"","publisher":{"@id":"https:\/\/bearchair.eu\/de\/#organization"},"potentialAction":[{"@type":"SearchAction","target":{"@type":"EntryPoint","urlTemplate":"https:\/\/bearchair.eu\/de\/?s={search_term_string}"},"query-input":{"@type":"PropertyValueSpecification","valueRequired":true,"valueName":"search_term_string"}}],"inLanguage":"de"},{"@type":"Organization","@id":"https:\/\/bearchair.eu\/de\/#organization","name":"Der B\u00e4renstuhl","url":"https:\/\/bearchair.eu\/de\/","logo":{"@type":"ImageObject","inLanguage":"de","@id":"https:\/\/bearchair.eu\/de\/#\/schema\/logo\/image\/","url":"https:\/\/new.bearchair.eu\/wp-content\/uploads\/2024\/05\/BearChairIcon.png","contentUrl":"https:\/\/new.bearchair.eu\/wp-content\/uploads\/2024\/05\/BearChairIcon.png","width":512,"height":512,"caption":"Der B\u00e4renstuhl"},"image":{"@id":"https:\/\/bearchair.eu\/de\/#\/schema\/logo\/image\/"}}]}},"_links":{"self":[{"href":"https:\/\/bearchair.eu\/de\/wp-json\/wp\/v2\/product\/16828","targetHints":{"allow":["GET"]}}],"collection":[{"href":"https:\/\/bearchair.eu\/de\/wp-json\/wp\/v2\/product"}],"about":[{"href":"https:\/\/bearchair.eu\/de\/wp-json\/wp\/v2\/types\/product"}],"wp:featuredmedia":[{"embeddable":true,"href":"https:\/\/bearchair.eu\/de\/wp-json\/wp\/v2\/media\/15367"}],"wp:attachment":[{"href":"https:\/\/bearchair.eu\/de\/wp-json\/wp\/v2\/media?parent=16828"}],"wp:term":[{"taxonomy":"product_brand","embeddable":true,"href":"https:\/\/bearchair.eu\/de\/wp-json\/wp\/v2\/product_brand?post=16828"},{"taxonomy":"product_cat","embeddable":true,"href":"https:\/\/bearchair.eu\/de\/wp-json\/wp\/v2\/product_cat?post=16828"},{"taxonomy":"product_tag","embeddable":true,"href":"https:\/\/bearchair.eu\/de\/wp-json\/wp\/v2\/product_tag?post=16828"}],"curies":[{"name":"wp","href":"https:\/\/api.w.org\/{rel}","templated":true}]}}