{"id":16856,"date":"2024-05-03T10:09:30","date_gmt":"2024-05-03T10:09:30","guid":{"rendered":"https:\/\/bearchair.eu\/unkategorisiert\/original-bear-chair-mit-schemel\/"},"modified":"2025-05-01T12:22:29","modified_gmt":"2025-05-01T12:22:29","slug":"original-bear-chair-mit-schemel","status":"publish","type":"product","link":"https:\/\/bearchair.eu\/de\/kombinationen\/original-bear-chair-mit-schemel\/","title":{"rendered":"Original Bear Chair\u00ae Stuhl mit Fu\u00dfhocker"},"content":{"rendered":"<p>Der Original Bear Chair\u00ae Stuhl ist bereits \u00e4u\u00dferst bequem, aber mit einem Ottomanen k\u00f6nnen Sie noch besser entspannen.<\/p>\n<p><strong>Abmessungen:<\/strong><\/p>\n<p><strong>Original Bear Chair\u00ae:<\/strong><\/p>\n<ul>\n<li>H\u00f6he: 93 cm<\/li>\n<li>Breite: 80 cm<\/li>\n<li>Tiefe: 93 cm<\/li>\n<li>Dieses Modell ist nicht zusammenklappbar<\/li>\n<\/ul>\n<p><strong>Gewicht:<\/strong> 11,5 kg<\/p>\n<p><strong>Fu\u00dfhocker:<\/strong><\/p>\n<ul>\n<li>H\u00f6he: 33 cm<\/li>\n<li>Breite: 46 cm<\/li>\n<li>Tiefe: 44 cm<\/li>\n<\/ul>\n<p><strong>Gewicht:<\/strong> 3 kg<\/p>\n<p><strong>Montage<\/strong>: The Original Bear Chair\u00ae mit Fu\u00dfhocker ist in drei Verpackungsarten erh\u00e4ltlich:<\/p>\n<ul>\n<li><strong>Bausatz:<\/strong> Sie erhalten alle Materialien, um den Stuhl und den Fu\u00dfhocker selbst zusammenzubauen. Der Bausatz enth\u00e4lt die Latten, Schrauben, Leim und nat\u00fcrlich eine detaillierte Aufbauanleitung. <\/li>\n<li><strong>Vormontiert:<\/strong> Der Stuhl und die Ottomane sind bereits teilweise montiert, den Rest m\u00fcssen Sie selbst zusammenbauen. Alle Materialien und Montageanleitungen sind nat\u00fcrlich im Lieferumfang enthalten. <\/li>\n<li><strong>Vollst\u00e4ndig montiert:<\/strong> Der Stuhl und die Ottomane sind bereits vollst\u00e4ndig montiert. Er wird Ihnen fertig montiert von unserem eigenen Transportservice geliefert.  Bitte beachten Sie, dass dies mit h\u00f6heren Kosten verbunden sein kann.<\/li>\n<\/ul>\n","protected":false},"excerpt":{"rendered":"<p>Dieses Set besteht aus dem Original Bear Chair\u00ae Stuhl und einem sch\u00f6nen Fu\u00dfhocker. Lehnen Sie sich zur\u00fcck und lassen Sie Ihre Beine vollkommen entspannen! <\/p>\n","protected":false},"featured_media":16215,"template":"","meta":[],"product_brand":[],"product_cat":[291],"product_tag":[],"class_list":{"0":"post-16856","1":"product","2":"type-product","3":"status-publish","4":"has-post-thumbnail","6":"product_cat-kombinationen","8":"first","9":"instock","10":"taxable","11":"shipping-taxable","12":"purchasable","13":"product-type-variable"},"yoast_head":"<!-- This site is optimized with the Yoast SEO plugin v27.2 - https:\/\/yoast.com\/product\/yoast-seo-wordpress\/ -->\n<title>Original Bear Chair\u00ae Stuhl mit Fu\u00dfhocker - The Bear Chair\u00ae<\/title>\n<meta name=\"description\" content=\"Shop Das Original Bear Chair\u00ae mit Fu\u00dfbank. Diese Kombination aus Gartenstuhl und Fu\u00dfbank ist gut f\u00fcr Ihren Seelenfrieden und gut f\u00fcr Ihr Budget.\" \/>\n<meta name=\"robots\" content=\"index, follow, max-snippet:-1, max-image-preview:large, max-video-preview:-1\" \/>\n<link rel=\"canonical\" href=\"https:\/\/bearchair.eu\/de\/kombinationen\/original-bear-chair-mit-schemel\/\" \/>\n<meta property=\"og:locale\" content=\"de_DE\" \/>\n<meta property=\"og:type\" content=\"article\" \/>\n<meta property=\"og:title\" content=\"Original Bear Chair\u00ae Stuhl mit Fu\u00dfhocker - The Bear Chair\u00ae\" \/>\n<meta property=\"og:description\" content=\"Shop Das Original Bear Chair\u00ae mit Fu\u00dfbank. Diese Kombination aus Gartenstuhl und Fu\u00dfbank ist gut f\u00fcr Ihren Seelenfrieden und gut f\u00fcr Ihr Budget.\" \/>\n<meta property=\"og:url\" content=\"https:\/\/bearchair.eu\/de\/kombinationen\/original-bear-chair-mit-schemel\/\" \/>\n<meta property=\"og:site_name\" content=\"The Bear Chair\u00ae\" \/>\n<meta property=\"article:modified_time\" content=\"2025-05-01T12:22:29+00:00\" \/>\n<meta property=\"og:image\" content=\"https:\/\/bearchair.eu\/wp-content\/uploads\/2024\/10\/BC201-BC01-rivb-rotated.jpg\" \/>\n\t<meta property=\"og:image:width\" content=\"1734\" \/>\n\t<meta property=\"og:image:height\" content=\"2312\" \/>\n\t<meta property=\"og:image:type\" content=\"image\/jpeg\" \/>\n<meta name=\"twitter:card\" content=\"summary_large_image\" \/>\n<meta name=\"twitter:label1\" content=\"Gesch\u00e4tzte Lesezeit\" \/>\n\t<meta name=\"twitter:data1\" content=\"1\u00a0Minute\" \/>\n<script type=\"application\/ld+json\" class=\"yoast-schema-graph\">{\"@context\":\"https:\/\/schema.org\",\"@graph\":[{\"@type\":\"WebPage\",\"@id\":\"https:\/\/bearchair.eu\/de\/kombinationen\/original-bear-chair-mit-schemel\/\",\"url\":\"https:\/\/bearchair.eu\/de\/kombinationen\/original-bear-chair-mit-schemel\/\",\"name\":\"Original Bear Chair\u00ae Stuhl mit Fu\u00dfhocker - The Bear Chair\u00ae\",\"isPartOf\":{\"@id\":\"https:\/\/bearchair.eu\/de\/#website\"},\"primaryImageOfPage\":{\"@id\":\"https:\/\/bearchair.eu\/de\/kombinationen\/original-bear-chair-mit-schemel\/#primaryimage\"},\"image\":{\"@id\":\"https:\/\/bearchair.eu\/de\/kombinationen\/original-bear-chair-mit-schemel\/#primaryimage\"},\"thumbnailUrl\":\"https:\/\/bearchair.eu\/wp-content\/uploads\/2024\/10\/BC201-BC01-rivb-rotated.jpg\",\"datePublished\":\"2024-05-03T10:09:30+00:00\",\"dateModified\":\"2025-05-01T12:22:29+00:00\",\"description\":\"Shop Das Original Bear Chair\u00ae mit Fu\u00dfbank. Diese Kombination aus Gartenstuhl und Fu\u00dfbank ist gut f\u00fcr Ihren Seelenfrieden und gut f\u00fcr Ihr Budget.\",\"breadcrumb\":{\"@id\":\"https:\/\/bearchair.eu\/de\/kombinationen\/original-bear-chair-mit-schemel\/#breadcrumb\"},\"inLanguage\":\"de\",\"potentialAction\":[{\"@type\":\"ReadAction\",\"target\":[\"https:\/\/bearchair.eu\/de\/kombinationen\/original-bear-chair-mit-schemel\/\"]}]},{\"@type\":\"ImageObject\",\"inLanguage\":\"de\",\"@id\":\"https:\/\/bearchair.eu\/de\/kombinationen\/original-bear-chair-mit-schemel\/#primaryimage\",\"url\":\"https:\/\/bearchair.eu\/wp-content\/uploads\/2024\/10\/BC201-BC01-rivb-rotated.jpg\",\"contentUrl\":\"https:\/\/bearchair.eu\/wp-content\/uploads\/2024\/10\/BC201-BC01-rivb-rotated.jpg\",\"width\":1734,\"height\":2312},{\"@type\":\"BreadcrumbList\",\"@id\":\"https:\/\/bearchair.eu\/de\/kombinationen\/original-bear-chair-mit-schemel\/#breadcrumb\",\"itemListElement\":[{\"@type\":\"ListItem\",\"position\":1,\"name\":\"Startseite\",\"item\":\"https:\/\/bearchair.eu\/de\/startseite\/\"},{\"@type\":\"ListItem\",\"position\":2,\"name\":\"Shop\",\"item\":\"https:\/\/bearchair.eu\/de\/shop\/\"},{\"@type\":\"ListItem\",\"position\":3,\"name\":\"Original Bear Chair\u00ae Stuhl mit Fu\u00dfhocker\"}]},{\"@type\":\"WebSite\",\"@id\":\"https:\/\/bearchair.eu\/de\/#website\",\"url\":\"https:\/\/bearchair.eu\/de\/\",\"name\":\"The Bear Chair\",\"description\":\"\",\"publisher\":{\"@id\":\"https:\/\/bearchair.eu\/de\/#organization\"},\"potentialAction\":[{\"@type\":\"SearchAction\",\"target\":{\"@type\":\"EntryPoint\",\"urlTemplate\":\"https:\/\/bearchair.eu\/de\/?s={search_term_string}\"},\"query-input\":{\"@type\":\"PropertyValueSpecification\",\"valueRequired\":true,\"valueName\":\"search_term_string\"}}],\"inLanguage\":\"de\"},{\"@type\":\"Organization\",\"@id\":\"https:\/\/bearchair.eu\/de\/#organization\",\"name\":\"Der B\u00e4renstuhl\",\"url\":\"https:\/\/bearchair.eu\/de\/\",\"logo\":{\"@type\":\"ImageObject\",\"inLanguage\":\"de\",\"@id\":\"https:\/\/bearchair.eu\/de\/#\/schema\/logo\/image\/\",\"url\":\"https:\/\/new.bearchair.eu\/wp-content\/uploads\/2024\/05\/BearChairIcon.png\",\"contentUrl\":\"https:\/\/new.bearchair.eu\/wp-content\/uploads\/2024\/05\/BearChairIcon.png\",\"width\":512,\"height\":512,\"caption\":\"Der B\u00e4renstuhl\"},\"image\":{\"@id\":\"https:\/\/bearchair.eu\/de\/#\/schema\/logo\/image\/\"}}]}<\/script>\n<!-- \/ Yoast SEO plugin. -->","yoast_head_json":{"title":"Original Bear Chair\u00ae Stuhl mit Fu\u00dfhocker - The Bear Chair\u00ae","description":"Shop Das Original Bear Chair\u00ae mit Fu\u00dfbank. Diese Kombination aus Gartenstuhl und Fu\u00dfbank ist gut f\u00fcr Ihren Seelenfrieden und gut f\u00fcr Ihr Budget.","robots":{"index":"index","follow":"follow","max-snippet":"max-snippet:-1","max-image-preview":"max-image-preview:large","max-video-preview":"max-video-preview:-1"},"canonical":"https:\/\/bearchair.eu\/de\/kombinationen\/original-bear-chair-mit-schemel\/","og_locale":"de_DE","og_type":"article","og_title":"Original Bear Chair\u00ae Stuhl mit Fu\u00dfhocker - The Bear Chair\u00ae","og_description":"Shop Das Original Bear Chair\u00ae mit Fu\u00dfbank. Diese Kombination aus Gartenstuhl und Fu\u00dfbank ist gut f\u00fcr Ihren Seelenfrieden und gut f\u00fcr Ihr Budget.","og_url":"https:\/\/bearchair.eu\/de\/kombinationen\/original-bear-chair-mit-schemel\/","og_site_name":"The Bear Chair\u00ae","article_modified_time":"2025-05-01T12:22:29+00:00","og_image":[{"width":1734,"height":2312,"url":"https:\/\/bearchair.eu\/wp-content\/uploads\/2024\/10\/BC201-BC01-rivb-rotated.jpg","type":"image\/jpeg"}],"twitter_card":"summary_large_image","twitter_misc":{"Gesch\u00e4tzte Lesezeit":"1\u00a0Minute"},"schema":{"@context":"https:\/\/schema.org","@graph":[{"@type":"WebPage","@id":"https:\/\/bearchair.eu\/de\/kombinationen\/original-bear-chair-mit-schemel\/","url":"https:\/\/bearchair.eu\/de\/kombinationen\/original-bear-chair-mit-schemel\/","name":"Original Bear Chair\u00ae Stuhl mit Fu\u00dfhocker - The Bear Chair\u00ae","isPartOf":{"@id":"https:\/\/bearchair.eu\/de\/#website"},"primaryImageOfPage":{"@id":"https:\/\/bearchair.eu\/de\/kombinationen\/original-bear-chair-mit-schemel\/#primaryimage"},"image":{"@id":"https:\/\/bearchair.eu\/de\/kombinationen\/original-bear-chair-mit-schemel\/#primaryimage"},"thumbnailUrl":"https:\/\/bearchair.eu\/wp-content\/uploads\/2024\/10\/BC201-BC01-rivb-rotated.jpg","datePublished":"2024-05-03T10:09:30+00:00","dateModified":"2025-05-01T12:22:29+00:00","description":"Shop Das Original Bear Chair\u00ae mit Fu\u00dfbank. Diese Kombination aus Gartenstuhl und Fu\u00dfbank ist gut f\u00fcr Ihren Seelenfrieden und gut f\u00fcr Ihr Budget.","breadcrumb":{"@id":"https:\/\/bearchair.eu\/de\/kombinationen\/original-bear-chair-mit-schemel\/#breadcrumb"},"inLanguage":"de","potentialAction":[{"@type":"ReadAction","target":["https:\/\/bearchair.eu\/de\/kombinationen\/original-bear-chair-mit-schemel\/"]}]},{"@type":"ImageObject","inLanguage":"de","@id":"https:\/\/bearchair.eu\/de\/kombinationen\/original-bear-chair-mit-schemel\/#primaryimage","url":"https:\/\/bearchair.eu\/wp-content\/uploads\/2024\/10\/BC201-BC01-rivb-rotated.jpg","contentUrl":"https:\/\/bearchair.eu\/wp-content\/uploads\/2024\/10\/BC201-BC01-rivb-rotated.jpg","width":1734,"height":2312},{"@type":"BreadcrumbList","@id":"https:\/\/bearchair.eu\/de\/kombinationen\/original-bear-chair-mit-schemel\/#breadcrumb","itemListElement":[{"@type":"ListItem","position":1,"name":"Startseite","item":"https:\/\/bearchair.eu\/de\/startseite\/"},{"@type":"ListItem","position":2,"name":"Shop","item":"https:\/\/bearchair.eu\/de\/shop\/"},{"@type":"ListItem","position":3,"name":"Original Bear Chair\u00ae Stuhl mit Fu\u00dfhocker"}]},{"@type":"WebSite","@id":"https:\/\/bearchair.eu\/de\/#website","url":"https:\/\/bearchair.eu\/de\/","name":"The Bear Chair","description":"","publisher":{"@id":"https:\/\/bearchair.eu\/de\/#organization"},"potentialAction":[{"@type":"SearchAction","target":{"@type":"EntryPoint","urlTemplate":"https:\/\/bearchair.eu\/de\/?s={search_term_string}"},"query-input":{"@type":"PropertyValueSpecification","valueRequired":true,"valueName":"search_term_string"}}],"inLanguage":"de"},{"@type":"Organization","@id":"https:\/\/bearchair.eu\/de\/#organization","name":"Der B\u00e4renstuhl","url":"https:\/\/bearchair.eu\/de\/","logo":{"@type":"ImageObject","inLanguage":"de","@id":"https:\/\/bearchair.eu\/de\/#\/schema\/logo\/image\/","url":"https:\/\/new.bearchair.eu\/wp-content\/uploads\/2024\/05\/BearChairIcon.png","contentUrl":"https:\/\/new.bearchair.eu\/wp-content\/uploads\/2024\/05\/BearChairIcon.png","width":512,"height":512,"caption":"Der B\u00e4renstuhl"},"image":{"@id":"https:\/\/bearchair.eu\/de\/#\/schema\/logo\/image\/"}}]}},"_links":{"self":[{"href":"https:\/\/bearchair.eu\/de\/wp-json\/wp\/v2\/product\/16856","targetHints":{"allow":["GET"]}}],"collection":[{"href":"https:\/\/bearchair.eu\/de\/wp-json\/wp\/v2\/product"}],"about":[{"href":"https:\/\/bearchair.eu\/de\/wp-json\/wp\/v2\/types\/product"}],"wp:featuredmedia":[{"embeddable":true,"href":"https:\/\/bearchair.eu\/de\/wp-json\/wp\/v2\/media\/16215"}],"wp:attachment":[{"href":"https:\/\/bearchair.eu\/de\/wp-json\/wp\/v2\/media?parent=16856"}],"wp:term":[{"taxonomy":"product_brand","embeddable":true,"href":"https:\/\/bearchair.eu\/de\/wp-json\/wp\/v2\/product_brand?post=16856"},{"taxonomy":"product_cat","embeddable":true,"href":"https:\/\/bearchair.eu\/de\/wp-json\/wp\/v2\/product_cat?post=16856"},{"taxonomy":"product_tag","embeddable":true,"href":"https:\/\/bearchair.eu\/de\/wp-json\/wp\/v2\/product_tag?post=16856"}],"curies":[{"name":"wp","href":"https:\/\/api.w.org\/{rel}","templated":true}]}}