{"id":16880,"date":"2024-05-03T10:09:30","date_gmt":"2024-05-03T10:09:30","guid":{"rendered":"https:\/\/bearchair.eu\/unkategorisiert\/runder-esstisch-121-cm\/"},"modified":"2026-02-16T11:01:34","modified_gmt":"2026-02-16T11:01:34","slug":"runder-esstisch-121-cm","status":"publish","type":"product","link":"https:\/\/bearchair.eu\/de\/tische\/runder-esstisch-121-cm\/","title":{"rendered":"Bear Chair\u00ae runder Esstisch (105 cm)"},"content":{"rendered":"<p>Nehmen Sie gem\u00fctlich Platz an diesem Bear Chair\u00ae runden Esstisch! Er bietet Platz f\u00fcr 4-6 Personen. <\/p>\n<p><strong>Abmessungen:  <\/strong><\/p>\n<ul>\n<li>H\u00f6he: 72 cm<\/li>\n<li>Durchmesser: 121 cm<\/li>\n<\/ul>\n<p><strong>Gewicht:<\/strong> 18 kg<\/p>\n<p><strong>Montage:<\/strong> Der runde Esstisch von Bear Chair\u00ae ist in zwei Verpackungsarten erh\u00e4ltlich:<\/p>\n<ul>\n<li><strong>Bausatz:<\/strong> Sie erhalten das gesamte Material, um den Tisch selbst zusammenzubauen. Der Bausatz enth\u00e4lt die Latten, Schrauben, Leim und nat\u00fcrlich eine detaillierte Aufbauanleitung. <\/li>\n<li><strong>Vollst\u00e4ndig montiert:<\/strong> Der Tisch ist bereits vollst\u00e4ndig montiert. Er wird von unserem eigenen Transportservice fertig montiert zu Ihnen geliefert.  Bitte beachten Sie, dass dies mit h\u00f6heren Kosten verbunden sein kann.<\/li>\n<\/ul>\n","protected":false},"excerpt":{"rendered":"<p>Dieser Bear Chair\u00ae runde Esstisch mit Platz f\u00fcr 4-6 Personen ist ein gro\u00dfartiger Ort, um eine gem\u00fctliche Mahlzeit mit Freunden und Familie zu genie\u00dfen!<\/p>\n<p>&nbsp;<\/p>\n","protected":false},"featured_media":15617,"template":"","meta":[],"product_brand":[],"product_cat":[298],"product_tag":[],"class_list":{"0":"post-16880","1":"product","2":"type-product","3":"status-publish","4":"has-post-thumbnail","6":"product_cat-tische","8":"first","9":"instock","10":"taxable","11":"shipping-taxable","12":"purchasable","13":"product-type-variable"},"yoast_head":"<!-- This site is optimized with the Yoast SEO plugin v27.2 - https:\/\/yoast.com\/product\/yoast-seo-wordpress\/ -->\n<title>Bear Chair\u00ae runder Esstisch (105 cm) - The Bear Chair\u00ae<\/title>\n<meta name=\"description\" content=\"Shop Der runde Esstisch von Bear Chair\u00ae. Ein Tisch mit einer \u00fcblichen, \u00fcberschaubaren Gr\u00f6\u00dfe, an dem 4-6 Personen Platz finden. Wird mit vormontierter Tischplatte geliefert.\" \/>\n<meta name=\"robots\" content=\"index, follow, max-snippet:-1, max-image-preview:large, max-video-preview:-1\" \/>\n<link rel=\"canonical\" href=\"https:\/\/bearchair.eu\/de\/tische\/runder-esstisch-121-cm\/\" \/>\n<meta property=\"og:locale\" content=\"de_DE\" \/>\n<meta property=\"og:type\" content=\"article\" \/>\n<meta property=\"og:title\" content=\"Bear Chair\u00ae runder Esstisch (105 cm) - The Bear Chair\u00ae\" \/>\n<meta property=\"og:description\" content=\"Shop Der runde Esstisch von Bear Chair\u00ae. Ein Tisch mit einer \u00fcblichen, \u00fcberschaubaren Gr\u00f6\u00dfe, an dem 4-6 Personen Platz finden. Wird mit vormontierter Tischplatte geliefert.\" \/>\n<meta property=\"og:url\" content=\"https:\/\/bearchair.eu\/de\/tische\/runder-esstisch-121-cm\/\" \/>\n<meta property=\"og:site_name\" content=\"The Bear Chair\u00ae\" \/>\n<meta property=\"article:modified_time\" content=\"2026-02-16T11:01:34+00:00\" \/>\n<meta property=\"og:image\" content=\"https:\/\/bearchair.eu\/wp-content\/uploads\/2024\/05\/Untitled-design-7.png\" \/>\n\t<meta property=\"og:image:width\" content=\"720\" \/>\n\t<meta property=\"og:image:height\" content=\"960\" \/>\n\t<meta property=\"og:image:type\" content=\"image\/png\" \/>\n<meta name=\"twitter:card\" content=\"summary_large_image\" \/>\n<script type=\"application\/ld+json\" class=\"yoast-schema-graph\">{\"@context\":\"https:\/\/schema.org\",\"@graph\":[{\"@type\":\"WebPage\",\"@id\":\"https:\/\/bearchair.eu\/de\/tische\/runder-esstisch-121-cm\/\",\"url\":\"https:\/\/bearchair.eu\/de\/tische\/runder-esstisch-121-cm\/\",\"name\":\"Bear Chair\u00ae runder Esstisch (105 cm) - The Bear Chair\u00ae\",\"isPartOf\":{\"@id\":\"https:\/\/bearchair.eu\/de\/#website\"},\"primaryImageOfPage\":{\"@id\":\"https:\/\/bearchair.eu\/de\/tische\/runder-esstisch-121-cm\/#primaryimage\"},\"image\":{\"@id\":\"https:\/\/bearchair.eu\/de\/tische\/runder-esstisch-121-cm\/#primaryimage\"},\"thumbnailUrl\":\"https:\/\/bearchair.eu\/wp-content\/uploads\/2024\/05\/Untitled-design-7.png\",\"datePublished\":\"2024-05-03T10:09:30+00:00\",\"dateModified\":\"2026-02-16T11:01:34+00:00\",\"description\":\"Shop Der runde Esstisch von Bear Chair\u00ae. Ein Tisch mit einer \u00fcblichen, \u00fcberschaubaren Gr\u00f6\u00dfe, an dem 4-6 Personen Platz finden. Wird mit vormontierter Tischplatte geliefert.\",\"breadcrumb\":{\"@id\":\"https:\/\/bearchair.eu\/de\/tische\/runder-esstisch-121-cm\/#breadcrumb\"},\"inLanguage\":\"de\",\"potentialAction\":[{\"@type\":\"ReadAction\",\"target\":[\"https:\/\/bearchair.eu\/de\/tische\/runder-esstisch-121-cm\/\"]}]},{\"@type\":\"ImageObject\",\"inLanguage\":\"de\",\"@id\":\"https:\/\/bearchair.eu\/de\/tische\/runder-esstisch-121-cm\/#primaryimage\",\"url\":\"https:\/\/bearchair.eu\/wp-content\/uploads\/2024\/05\/Untitled-design-7.png\",\"contentUrl\":\"https:\/\/bearchair.eu\/wp-content\/uploads\/2024\/05\/Untitled-design-7.png\",\"width\":720,\"height\":960},{\"@type\":\"BreadcrumbList\",\"@id\":\"https:\/\/bearchair.eu\/de\/tische\/runder-esstisch-121-cm\/#breadcrumb\",\"itemListElement\":[{\"@type\":\"ListItem\",\"position\":1,\"name\":\"Home\",\"item\":\"https:\/\/bearchair.eu\/de\/startseite\/\"},{\"@type\":\"ListItem\",\"position\":2,\"name\":\"Shop\",\"item\":\"https:\/\/bearchair.eu\/de\/shop\/\"},{\"@type\":\"ListItem\",\"position\":3,\"name\":\"Bear Chair\u00ae runder Esstisch (105 cm)\"}]},{\"@type\":\"WebSite\",\"@id\":\"https:\/\/bearchair.eu\/de\/#website\",\"url\":\"https:\/\/bearchair.eu\/de\/\",\"name\":\"The Bear Chair\",\"description\":\"\",\"publisher\":{\"@id\":\"https:\/\/bearchair.eu\/de\/#organization\"},\"potentialAction\":[{\"@type\":\"SearchAction\",\"target\":{\"@type\":\"EntryPoint\",\"urlTemplate\":\"https:\/\/bearchair.eu\/de\/?s={search_term_string}\"},\"query-input\":{\"@type\":\"PropertyValueSpecification\",\"valueRequired\":true,\"valueName\":\"search_term_string\"}}],\"inLanguage\":\"de\"},{\"@type\":\"Organization\",\"@id\":\"https:\/\/bearchair.eu\/de\/#organization\",\"name\":\"Der B\u00e4renstuhl\",\"url\":\"https:\/\/bearchair.eu\/de\/\",\"logo\":{\"@type\":\"ImageObject\",\"inLanguage\":\"de\",\"@id\":\"https:\/\/bearchair.eu\/de\/#\/schema\/logo\/image\/\",\"url\":\"https:\/\/new.bearchair.eu\/wp-content\/uploads\/2024\/05\/BearChairIcon.png\",\"contentUrl\":\"https:\/\/new.bearchair.eu\/wp-content\/uploads\/2024\/05\/BearChairIcon.png\",\"width\":512,\"height\":512,\"caption\":\"Der B\u00e4renstuhl\"},\"image\":{\"@id\":\"https:\/\/bearchair.eu\/de\/#\/schema\/logo\/image\/\"}}]}<\/script>\n<!-- \/ Yoast SEO plugin. -->","yoast_head_json":{"title":"Bear Chair\u00ae runder Esstisch (105 cm) - The Bear Chair\u00ae","description":"Shop Der runde Esstisch von Bear Chair\u00ae. Ein Tisch mit einer \u00fcblichen, \u00fcberschaubaren Gr\u00f6\u00dfe, an dem 4-6 Personen Platz finden. Wird mit vormontierter Tischplatte geliefert.","robots":{"index":"index","follow":"follow","max-snippet":"max-snippet:-1","max-image-preview":"max-image-preview:large","max-video-preview":"max-video-preview:-1"},"canonical":"https:\/\/bearchair.eu\/de\/tische\/runder-esstisch-121-cm\/","og_locale":"de_DE","og_type":"article","og_title":"Bear Chair\u00ae runder Esstisch (105 cm) - The Bear Chair\u00ae","og_description":"Shop Der runde Esstisch von Bear Chair\u00ae. Ein Tisch mit einer \u00fcblichen, \u00fcberschaubaren Gr\u00f6\u00dfe, an dem 4-6 Personen Platz finden. Wird mit vormontierter Tischplatte geliefert.","og_url":"https:\/\/bearchair.eu\/de\/tische\/runder-esstisch-121-cm\/","og_site_name":"The Bear Chair\u00ae","article_modified_time":"2026-02-16T11:01:34+00:00","og_image":[{"width":720,"height":960,"url":"https:\/\/bearchair.eu\/wp-content\/uploads\/2024\/05\/Untitled-design-7.png","type":"image\/png"}],"twitter_card":"summary_large_image","schema":{"@context":"https:\/\/schema.org","@graph":[{"@type":"WebPage","@id":"https:\/\/bearchair.eu\/de\/tische\/runder-esstisch-121-cm\/","url":"https:\/\/bearchair.eu\/de\/tische\/runder-esstisch-121-cm\/","name":"Bear Chair\u00ae runder Esstisch (105 cm) - The Bear Chair\u00ae","isPartOf":{"@id":"https:\/\/bearchair.eu\/de\/#website"},"primaryImageOfPage":{"@id":"https:\/\/bearchair.eu\/de\/tische\/runder-esstisch-121-cm\/#primaryimage"},"image":{"@id":"https:\/\/bearchair.eu\/de\/tische\/runder-esstisch-121-cm\/#primaryimage"},"thumbnailUrl":"https:\/\/bearchair.eu\/wp-content\/uploads\/2024\/05\/Untitled-design-7.png","datePublished":"2024-05-03T10:09:30+00:00","dateModified":"2026-02-16T11:01:34+00:00","description":"Shop Der runde Esstisch von Bear Chair\u00ae. Ein Tisch mit einer \u00fcblichen, \u00fcberschaubaren Gr\u00f6\u00dfe, an dem 4-6 Personen Platz finden. Wird mit vormontierter Tischplatte geliefert.","breadcrumb":{"@id":"https:\/\/bearchair.eu\/de\/tische\/runder-esstisch-121-cm\/#breadcrumb"},"inLanguage":"de","potentialAction":[{"@type":"ReadAction","target":["https:\/\/bearchair.eu\/de\/tische\/runder-esstisch-121-cm\/"]}]},{"@type":"ImageObject","inLanguage":"de","@id":"https:\/\/bearchair.eu\/de\/tische\/runder-esstisch-121-cm\/#primaryimage","url":"https:\/\/bearchair.eu\/wp-content\/uploads\/2024\/05\/Untitled-design-7.png","contentUrl":"https:\/\/bearchair.eu\/wp-content\/uploads\/2024\/05\/Untitled-design-7.png","width":720,"height":960},{"@type":"BreadcrumbList","@id":"https:\/\/bearchair.eu\/de\/tische\/runder-esstisch-121-cm\/#breadcrumb","itemListElement":[{"@type":"ListItem","position":1,"name":"Home","item":"https:\/\/bearchair.eu\/de\/startseite\/"},{"@type":"ListItem","position":2,"name":"Shop","item":"https:\/\/bearchair.eu\/de\/shop\/"},{"@type":"ListItem","position":3,"name":"Bear Chair\u00ae runder Esstisch (105 cm)"}]},{"@type":"WebSite","@id":"https:\/\/bearchair.eu\/de\/#website","url":"https:\/\/bearchair.eu\/de\/","name":"The Bear Chair","description":"","publisher":{"@id":"https:\/\/bearchair.eu\/de\/#organization"},"potentialAction":[{"@type":"SearchAction","target":{"@type":"EntryPoint","urlTemplate":"https:\/\/bearchair.eu\/de\/?s={search_term_string}"},"query-input":{"@type":"PropertyValueSpecification","valueRequired":true,"valueName":"search_term_string"}}],"inLanguage":"de"},{"@type":"Organization","@id":"https:\/\/bearchair.eu\/de\/#organization","name":"Der B\u00e4renstuhl","url":"https:\/\/bearchair.eu\/de\/","logo":{"@type":"ImageObject","inLanguage":"de","@id":"https:\/\/bearchair.eu\/de\/#\/schema\/logo\/image\/","url":"https:\/\/new.bearchair.eu\/wp-content\/uploads\/2024\/05\/BearChairIcon.png","contentUrl":"https:\/\/new.bearchair.eu\/wp-content\/uploads\/2024\/05\/BearChairIcon.png","width":512,"height":512,"caption":"Der B\u00e4renstuhl"},"image":{"@id":"https:\/\/bearchair.eu\/de\/#\/schema\/logo\/image\/"}}]}},"_links":{"self":[{"href":"https:\/\/bearchair.eu\/de\/wp-json\/wp\/v2\/product\/16880","targetHints":{"allow":["GET"]}}],"collection":[{"href":"https:\/\/bearchair.eu\/de\/wp-json\/wp\/v2\/product"}],"about":[{"href":"https:\/\/bearchair.eu\/de\/wp-json\/wp\/v2\/types\/product"}],"wp:featuredmedia":[{"embeddable":true,"href":"https:\/\/bearchair.eu\/de\/wp-json\/wp\/v2\/media\/15617"}],"wp:attachment":[{"href":"https:\/\/bearchair.eu\/de\/wp-json\/wp\/v2\/media?parent=16880"}],"wp:term":[{"taxonomy":"product_brand","embeddable":true,"href":"https:\/\/bearchair.eu\/de\/wp-json\/wp\/v2\/product_brand?post=16880"},{"taxonomy":"product_cat","embeddable":true,"href":"https:\/\/bearchair.eu\/de\/wp-json\/wp\/v2\/product_cat?post=16880"},{"taxonomy":"product_tag","embeddable":true,"href":"https:\/\/bearchair.eu\/de\/wp-json\/wp\/v2\/product_tag?post=16880"}],"curies":[{"name":"wp","href":"https:\/\/api.w.org\/{rel}","templated":true}]}}