{"id":16908,"date":"2024-05-03T10:09:29","date_gmt":"2024-05-03T10:09:29","guid":{"rendered":"https:\/\/bearchair.eu\/unkategorisiert\/picknick-tisch-aus-zedernholz\/"},"modified":"2025-04-25T10:08:46","modified_gmt":"2025-04-25T10:08:46","slug":"picknick-tisch-aus-zedernholz","status":"publish","type":"product","link":"https:\/\/bearchair.eu\/de\/tische\/picknick-tisch-aus-zedernholz\/","title":{"rendered":"Bear Chair\u00ae Picknicktisch aus Zedernholz"},"content":{"rendered":"<p>Leicht, robust und langlebig: der Picknicktisch aus Zedernholz von Bear Chair\u00ae ist eine ideale Erg\u00e4nzung f\u00fcr Ihren Garten! Kombinieren Sie ihn mit den <a href=\"https:\/\/bearchair.eu\/stoelen\/cederhouten-bank-met-rugleuning\/\" target=\"_blank\" rel=\"noopener\">Zedernholzb\u00e4nken<\/a>, um den Look zu vervollst\u00e4ndigen. <\/p>\n<p><strong>Abmessungen:<\/strong><\/p>\n<ul>\n<li>H\u00f6he: 70 cm<\/li>\n<li>Breite: 75 cm<\/li>\n<li>L\u00e4nge: 175 cm<\/li>\n<\/ul>\n<p><strong>Gewicht:<\/strong> 15 kg<\/p>\n<p><strong>Montage:<\/strong> Der Bear Chair\u00ae Picknicktisch aus Zedernholz ist in zwei Verpackungsarten erh\u00e4ltlich:<\/p>\n<ul>\n<li><strong>Bausatz:<\/strong> Sie erhalten das gesamte Material, um den Tisch selbst zusammenzubauen. Der Bausatz enth\u00e4lt die Latten, Schrauben, Leim und nat\u00fcrlich eine detaillierte Aufbauanleitung. <\/li>\n<li><strong>Vollst\u00e4ndig montiert:<\/strong> Der Tisch ist bereits vollst\u00e4ndig montiert. Er wird von unserem eigenen Transportservice fertig montiert zu Ihnen geliefert.  Bitte beachten Sie, dass dies mit h\u00f6heren Kosten verbunden sein kann.<\/li>\n<\/ul>\n","protected":false},"excerpt":{"rendered":"<p>Dank seines geringen Gewichts ist der Picknicktisch leicht zu transportieren. Au\u00dferdem ist er stabil und hat eine gute Gr\u00f6\u00dfe! <\/p>\n","protected":false},"featured_media":15694,"template":"","meta":[],"product_brand":[],"product_cat":[298],"product_tag":[],"class_list":{"0":"post-16908","1":"product","2":"type-product","3":"status-publish","4":"has-post-thumbnail","6":"product_cat-tische","8":"first","9":"instock","10":"taxable","11":"shipping-taxable","12":"purchasable","13":"product-type-variable"},"yoast_head":"<!-- This site is optimized with the Yoast SEO plugin v27.2 - https:\/\/yoast.com\/product\/yoast-seo-wordpress\/ -->\n<title>Bear Chair\u00ae Picknicktisch aus Zedernholz - The Bear Chair\u00ae<\/title>\n<meta name=\"description\" content=\"Kaufen Sie den Picknicktisch von Bear Chair\u00ae. Ein leichter Gartentisch, der leicht zu bewegen und aufzur\u00e4umen ist.\" \/>\n<meta name=\"robots\" content=\"index, follow, max-snippet:-1, max-image-preview:large, max-video-preview:-1\" \/>\n<link rel=\"canonical\" href=\"https:\/\/bearchair.eu\/de\/tische\/picknick-tisch-aus-zedernholz\/\" \/>\n<meta property=\"og:locale\" content=\"de_DE\" \/>\n<meta property=\"og:type\" content=\"article\" \/>\n<meta property=\"og:title\" content=\"Bear Chair\u00ae Picknicktisch aus Zedernholz - The Bear Chair\u00ae\" \/>\n<meta property=\"og:description\" content=\"Kaufen Sie den Picknicktisch von Bear Chair\u00ae. Ein leichter Gartentisch, der leicht zu bewegen und aufzur\u00e4umen ist.\" \/>\n<meta property=\"og:url\" content=\"https:\/\/bearchair.eu\/de\/tische\/picknick-tisch-aus-zedernholz\/\" \/>\n<meta property=\"og:site_name\" content=\"The Bear Chair\u00ae\" \/>\n<meta property=\"article:modified_time\" content=\"2025-04-25T10:08:46+00:00\" \/>\n<meta property=\"og:image\" content=\"https:\/\/bearchair.eu\/wp-content\/uploads\/2024\/05\/Untitled-design-17.png\" \/>\n\t<meta property=\"og:image:width\" content=\"720\" \/>\n\t<meta property=\"og:image:height\" content=\"960\" \/>\n\t<meta property=\"og:image:type\" content=\"image\/png\" \/>\n<meta name=\"twitter:card\" content=\"summary_large_image\" \/>\n<meta name=\"twitter:label1\" content=\"Gesch\u00e4tzte Lesezeit\" \/>\n\t<meta name=\"twitter:data1\" content=\"1\u00a0Minute\" \/>\n<script type=\"application\/ld+json\" class=\"yoast-schema-graph\">{\"@context\":\"https:\/\/schema.org\",\"@graph\":[{\"@type\":\"WebPage\",\"@id\":\"https:\/\/bearchair.eu\/de\/tische\/picknick-tisch-aus-zedernholz\/\",\"url\":\"https:\/\/bearchair.eu\/de\/tische\/picknick-tisch-aus-zedernholz\/\",\"name\":\"Bear Chair\u00ae Picknicktisch aus Zedernholz - The Bear Chair\u00ae\",\"isPartOf\":{\"@id\":\"https:\/\/bearchair.eu\/de\/#website\"},\"primaryImageOfPage\":{\"@id\":\"https:\/\/bearchair.eu\/de\/tische\/picknick-tisch-aus-zedernholz\/#primaryimage\"},\"image\":{\"@id\":\"https:\/\/bearchair.eu\/de\/tische\/picknick-tisch-aus-zedernholz\/#primaryimage\"},\"thumbnailUrl\":\"https:\/\/bearchair.eu\/wp-content\/uploads\/2024\/05\/Untitled-design-17.png\",\"datePublished\":\"2024-05-03T10:09:29+00:00\",\"dateModified\":\"2025-04-25T10:08:46+00:00\",\"description\":\"Kaufen Sie den Picknicktisch von Bear Chair\u00ae. Ein leichter Gartentisch, der leicht zu bewegen und aufzur\u00e4umen ist.\",\"breadcrumb\":{\"@id\":\"https:\/\/bearchair.eu\/de\/tische\/picknick-tisch-aus-zedernholz\/#breadcrumb\"},\"inLanguage\":\"de\",\"potentialAction\":[{\"@type\":\"ReadAction\",\"target\":[\"https:\/\/bearchair.eu\/de\/tische\/picknick-tisch-aus-zedernholz\/\"]}]},{\"@type\":\"ImageObject\",\"inLanguage\":\"de\",\"@id\":\"https:\/\/bearchair.eu\/de\/tische\/picknick-tisch-aus-zedernholz\/#primaryimage\",\"url\":\"https:\/\/bearchair.eu\/wp-content\/uploads\/2024\/05\/Untitled-design-17.png\",\"contentUrl\":\"https:\/\/bearchair.eu\/wp-content\/uploads\/2024\/05\/Untitled-design-17.png\",\"width\":720,\"height\":960},{\"@type\":\"BreadcrumbList\",\"@id\":\"https:\/\/bearchair.eu\/de\/tische\/picknick-tisch-aus-zedernholz\/#breadcrumb\",\"itemListElement\":[{\"@type\":\"ListItem\",\"position\":1,\"name\":\"Startseite\",\"item\":\"https:\/\/bearchair.eu\/de\/startseite\/\"},{\"@type\":\"ListItem\",\"position\":2,\"name\":\"Shop\",\"item\":\"https:\/\/bearchair.eu\/de\/shop\/\"},{\"@type\":\"ListItem\",\"position\":3,\"name\":\"Bear Chair\u00ae Picknicktisch aus Zedernholz\"}]},{\"@type\":\"WebSite\",\"@id\":\"https:\/\/bearchair.eu\/de\/#website\",\"url\":\"https:\/\/bearchair.eu\/de\/\",\"name\":\"The Bear Chair\",\"description\":\"\",\"publisher\":{\"@id\":\"https:\/\/bearchair.eu\/de\/#organization\"},\"potentialAction\":[{\"@type\":\"SearchAction\",\"target\":{\"@type\":\"EntryPoint\",\"urlTemplate\":\"https:\/\/bearchair.eu\/de\/?s={search_term_string}\"},\"query-input\":{\"@type\":\"PropertyValueSpecification\",\"valueRequired\":true,\"valueName\":\"search_term_string\"}}],\"inLanguage\":\"de\"},{\"@type\":\"Organization\",\"@id\":\"https:\/\/bearchair.eu\/de\/#organization\",\"name\":\"Der B\u00e4renstuhl\",\"url\":\"https:\/\/bearchair.eu\/de\/\",\"logo\":{\"@type\":\"ImageObject\",\"inLanguage\":\"de\",\"@id\":\"https:\/\/bearchair.eu\/de\/#\/schema\/logo\/image\/\",\"url\":\"https:\/\/new.bearchair.eu\/wp-content\/uploads\/2024\/05\/BearChairIcon.png\",\"contentUrl\":\"https:\/\/new.bearchair.eu\/wp-content\/uploads\/2024\/05\/BearChairIcon.png\",\"width\":512,\"height\":512,\"caption\":\"Der B\u00e4renstuhl\"},\"image\":{\"@id\":\"https:\/\/bearchair.eu\/de\/#\/schema\/logo\/image\/\"}}]}<\/script>\n<!-- \/ Yoast SEO plugin. -->","yoast_head_json":{"title":"Bear Chair\u00ae Picknicktisch aus Zedernholz - The Bear Chair\u00ae","description":"Kaufen Sie den Picknicktisch von Bear Chair\u00ae. Ein leichter Gartentisch, der leicht zu bewegen und aufzur\u00e4umen ist.","robots":{"index":"index","follow":"follow","max-snippet":"max-snippet:-1","max-image-preview":"max-image-preview:large","max-video-preview":"max-video-preview:-1"},"canonical":"https:\/\/bearchair.eu\/de\/tische\/picknick-tisch-aus-zedernholz\/","og_locale":"de_DE","og_type":"article","og_title":"Bear Chair\u00ae Picknicktisch aus Zedernholz - The Bear Chair\u00ae","og_description":"Kaufen Sie den Picknicktisch von Bear Chair\u00ae. Ein leichter Gartentisch, der leicht zu bewegen und aufzur\u00e4umen ist.","og_url":"https:\/\/bearchair.eu\/de\/tische\/picknick-tisch-aus-zedernholz\/","og_site_name":"The Bear Chair\u00ae","article_modified_time":"2025-04-25T10:08:46+00:00","og_image":[{"width":720,"height":960,"url":"https:\/\/bearchair.eu\/wp-content\/uploads\/2024\/05\/Untitled-design-17.png","type":"image\/png"}],"twitter_card":"summary_large_image","twitter_misc":{"Gesch\u00e4tzte Lesezeit":"1\u00a0Minute"},"schema":{"@context":"https:\/\/schema.org","@graph":[{"@type":"WebPage","@id":"https:\/\/bearchair.eu\/de\/tische\/picknick-tisch-aus-zedernholz\/","url":"https:\/\/bearchair.eu\/de\/tische\/picknick-tisch-aus-zedernholz\/","name":"Bear Chair\u00ae Picknicktisch aus Zedernholz - The Bear Chair\u00ae","isPartOf":{"@id":"https:\/\/bearchair.eu\/de\/#website"},"primaryImageOfPage":{"@id":"https:\/\/bearchair.eu\/de\/tische\/picknick-tisch-aus-zedernholz\/#primaryimage"},"image":{"@id":"https:\/\/bearchair.eu\/de\/tische\/picknick-tisch-aus-zedernholz\/#primaryimage"},"thumbnailUrl":"https:\/\/bearchair.eu\/wp-content\/uploads\/2024\/05\/Untitled-design-17.png","datePublished":"2024-05-03T10:09:29+00:00","dateModified":"2025-04-25T10:08:46+00:00","description":"Kaufen Sie den Picknicktisch von Bear Chair\u00ae. Ein leichter Gartentisch, der leicht zu bewegen und aufzur\u00e4umen ist.","breadcrumb":{"@id":"https:\/\/bearchair.eu\/de\/tische\/picknick-tisch-aus-zedernholz\/#breadcrumb"},"inLanguage":"de","potentialAction":[{"@type":"ReadAction","target":["https:\/\/bearchair.eu\/de\/tische\/picknick-tisch-aus-zedernholz\/"]}]},{"@type":"ImageObject","inLanguage":"de","@id":"https:\/\/bearchair.eu\/de\/tische\/picknick-tisch-aus-zedernholz\/#primaryimage","url":"https:\/\/bearchair.eu\/wp-content\/uploads\/2024\/05\/Untitled-design-17.png","contentUrl":"https:\/\/bearchair.eu\/wp-content\/uploads\/2024\/05\/Untitled-design-17.png","width":720,"height":960},{"@type":"BreadcrumbList","@id":"https:\/\/bearchair.eu\/de\/tische\/picknick-tisch-aus-zedernholz\/#breadcrumb","itemListElement":[{"@type":"ListItem","position":1,"name":"Startseite","item":"https:\/\/bearchair.eu\/de\/startseite\/"},{"@type":"ListItem","position":2,"name":"Shop","item":"https:\/\/bearchair.eu\/de\/shop\/"},{"@type":"ListItem","position":3,"name":"Bear Chair\u00ae Picknicktisch aus Zedernholz"}]},{"@type":"WebSite","@id":"https:\/\/bearchair.eu\/de\/#website","url":"https:\/\/bearchair.eu\/de\/","name":"The Bear Chair","description":"","publisher":{"@id":"https:\/\/bearchair.eu\/de\/#organization"},"potentialAction":[{"@type":"SearchAction","target":{"@type":"EntryPoint","urlTemplate":"https:\/\/bearchair.eu\/de\/?s={search_term_string}"},"query-input":{"@type":"PropertyValueSpecification","valueRequired":true,"valueName":"search_term_string"}}],"inLanguage":"de"},{"@type":"Organization","@id":"https:\/\/bearchair.eu\/de\/#organization","name":"Der B\u00e4renstuhl","url":"https:\/\/bearchair.eu\/de\/","logo":{"@type":"ImageObject","inLanguage":"de","@id":"https:\/\/bearchair.eu\/de\/#\/schema\/logo\/image\/","url":"https:\/\/new.bearchair.eu\/wp-content\/uploads\/2024\/05\/BearChairIcon.png","contentUrl":"https:\/\/new.bearchair.eu\/wp-content\/uploads\/2024\/05\/BearChairIcon.png","width":512,"height":512,"caption":"Der B\u00e4renstuhl"},"image":{"@id":"https:\/\/bearchair.eu\/de\/#\/schema\/logo\/image\/"}}]}},"_links":{"self":[{"href":"https:\/\/bearchair.eu\/de\/wp-json\/wp\/v2\/product\/16908","targetHints":{"allow":["GET"]}}],"collection":[{"href":"https:\/\/bearchair.eu\/de\/wp-json\/wp\/v2\/product"}],"about":[{"href":"https:\/\/bearchair.eu\/de\/wp-json\/wp\/v2\/types\/product"}],"wp:featuredmedia":[{"embeddable":true,"href":"https:\/\/bearchair.eu\/de\/wp-json\/wp\/v2\/media\/15694"}],"wp:attachment":[{"href":"https:\/\/bearchair.eu\/de\/wp-json\/wp\/v2\/media?parent=16908"}],"wp:term":[{"taxonomy":"product_brand","embeddable":true,"href":"https:\/\/bearchair.eu\/de\/wp-json\/wp\/v2\/product_brand?post=16908"},{"taxonomy":"product_cat","embeddable":true,"href":"https:\/\/bearchair.eu\/de\/wp-json\/wp\/v2\/product_cat?post=16908"},{"taxonomy":"product_tag","embeddable":true,"href":"https:\/\/bearchair.eu\/de\/wp-json\/wp\/v2\/product_tag?post=16908"}],"curies":[{"name":"wp","href":"https:\/\/api.w.org\/{rel}","templated":true}]}}