{"id":16936,"date":"2024-05-03T10:09:29","date_gmt":"2024-05-03T10:09:29","guid":{"rendered":"https:\/\/bearchair.eu\/unkategorisiert\/rechteckiger-esstisch\/"},"modified":"2025-04-25T10:09:38","modified_gmt":"2025-04-25T10:09:38","slug":"rechteckiger-esstisch","status":"publish","type":"product","link":"https:\/\/bearchair.eu\/de\/tische\/rechteckiger-esstisch\/","title":{"rendered":"Bear Chair\u00ae rechteckiger Esstisch"},"content":{"rendered":"<p>Laden Sie Ihre Freunde ein und nehmen Sie an diesem sch\u00f6nen Tisch Platz. Stabil, langlebig und leicht zu bewegen: dieser rechteckige Esstisch von Bear Chair\u00ae ist eine Bereicherung f\u00fcr jeden Garten! <\/p>\n<p><strong>Abmessungen<\/strong>:<\/p>\n<ul>\n<li>H\u00f6he: 72 cm<\/li>\n<li>Breite: 105 cm<\/li>\n<li>L\u00e4nge: 180 cm<\/li>\n<\/ul>\n<p><strong>Gewicht:<\/strong> 34 kg<\/p>\n<p><strong>Montage:<\/strong> Dieser Tisch wird komplett montiert geliefert, so dass Sie sich sofort an den Tisch setzen k\u00f6nnen! Dieser Esstisch kann nicht mit der Post verschickt werden, er wird also von uns pers\u00f6nlich geliefert und aufgebaut. Die Kosten h\u00e4ngen vom Ort der Lieferung ab.  <\/p>\n","protected":false},"excerpt":{"rendered":"<p>Der rechteckige Esstisch von Bear Chair\u00ae ist stabil, robust und leicht zu bewegen. Der Tisch bietet Platz f\u00fcr 6 Personen. <\/p>\n","protected":false},"featured_media":15704,"template":"","meta":[],"product_brand":[],"product_cat":[298],"product_tag":[],"class_list":{"0":"post-16936","1":"product","2":"type-product","3":"status-publish","4":"has-post-thumbnail","6":"product_cat-tische","8":"first","9":"instock","10":"taxable","11":"shipping-taxable","12":"purchasable","13":"product-type-variable"},"yoast_head":"<!-- This site is optimized with the Yoast SEO plugin v27.2 - https:\/\/yoast.com\/product\/yoast-seo-wordpress\/ -->\n<title>Bear Chair\u00ae rechteckiger Esstisch - The Bear Chair\u00ae<\/title>\n<meta name=\"description\" content=\"Kaufen Sie The Rectangular Dining Table von Bear Chair\u00ae. Platz f\u00fcr 6 Personen, ein stabiler und robuster Tisch und trotzdem leicht zu bewegen.\" \/>\n<meta name=\"robots\" content=\"index, follow, max-snippet:-1, max-image-preview:large, max-video-preview:-1\" \/>\n<link rel=\"canonical\" href=\"https:\/\/bearchair.eu\/de\/tische\/rechteckiger-esstisch\/\" \/>\n<meta property=\"og:locale\" content=\"de_DE\" \/>\n<meta property=\"og:type\" content=\"article\" \/>\n<meta property=\"og:title\" content=\"Bear Chair\u00ae rechteckiger Esstisch - The Bear Chair\u00ae\" \/>\n<meta property=\"og:description\" content=\"Kaufen Sie The Rectangular Dining Table von Bear Chair\u00ae. Platz f\u00fcr 6 Personen, ein stabiler und robuster Tisch und trotzdem leicht zu bewegen.\" \/>\n<meta property=\"og:url\" content=\"https:\/\/bearchair.eu\/de\/tische\/rechteckiger-esstisch\/\" \/>\n<meta property=\"og:site_name\" content=\"The Bear Chair\u00ae\" \/>\n<meta property=\"article:modified_time\" content=\"2025-04-25T10:09:38+00:00\" \/>\n<meta property=\"og:image\" content=\"https:\/\/bearchair.eu\/wp-content\/uploads\/2024\/05\/Untitled-design-19.png\" \/>\n\t<meta property=\"og:image:width\" content=\"720\" \/>\n\t<meta property=\"og:image:height\" content=\"960\" \/>\n\t<meta property=\"og:image:type\" content=\"image\/png\" \/>\n<meta name=\"twitter:card\" content=\"summary_large_image\" \/>\n<script type=\"application\/ld+json\" class=\"yoast-schema-graph\">{\"@context\":\"https:\/\/schema.org\",\"@graph\":[{\"@type\":\"WebPage\",\"@id\":\"https:\/\/bearchair.eu\/de\/tische\/rechteckiger-esstisch\/\",\"url\":\"https:\/\/bearchair.eu\/de\/tische\/rechteckiger-esstisch\/\",\"name\":\"Bear Chair\u00ae rechteckiger Esstisch - The Bear Chair\u00ae\",\"isPartOf\":{\"@id\":\"https:\/\/bearchair.eu\/de\/#website\"},\"primaryImageOfPage\":{\"@id\":\"https:\/\/bearchair.eu\/de\/tische\/rechteckiger-esstisch\/#primaryimage\"},\"image\":{\"@id\":\"https:\/\/bearchair.eu\/de\/tische\/rechteckiger-esstisch\/#primaryimage\"},\"thumbnailUrl\":\"https:\/\/bearchair.eu\/wp-content\/uploads\/2024\/05\/Untitled-design-19.png\",\"datePublished\":\"2024-05-03T10:09:29+00:00\",\"dateModified\":\"2025-04-25T10:09:38+00:00\",\"description\":\"Kaufen Sie The Rectangular Dining Table von Bear Chair\u00ae. Platz f\u00fcr 6 Personen, ein stabiler und robuster Tisch und trotzdem leicht zu bewegen.\",\"breadcrumb\":{\"@id\":\"https:\/\/bearchair.eu\/de\/tische\/rechteckiger-esstisch\/#breadcrumb\"},\"inLanguage\":\"de\",\"potentialAction\":[{\"@type\":\"ReadAction\",\"target\":[\"https:\/\/bearchair.eu\/de\/tische\/rechteckiger-esstisch\/\"]}]},{\"@type\":\"ImageObject\",\"inLanguage\":\"de\",\"@id\":\"https:\/\/bearchair.eu\/de\/tische\/rechteckiger-esstisch\/#primaryimage\",\"url\":\"https:\/\/bearchair.eu\/wp-content\/uploads\/2024\/05\/Untitled-design-19.png\",\"contentUrl\":\"https:\/\/bearchair.eu\/wp-content\/uploads\/2024\/05\/Untitled-design-19.png\",\"width\":720,\"height\":960},{\"@type\":\"BreadcrumbList\",\"@id\":\"https:\/\/bearchair.eu\/de\/tische\/rechteckiger-esstisch\/#breadcrumb\",\"itemListElement\":[{\"@type\":\"ListItem\",\"position\":1,\"name\":\"Startseite\",\"item\":\"https:\/\/bearchair.eu\/de\/startseite\/\"},{\"@type\":\"ListItem\",\"position\":2,\"name\":\"Shop\",\"item\":\"https:\/\/bearchair.eu\/de\/shop\/\"},{\"@type\":\"ListItem\",\"position\":3,\"name\":\"Bear Chair\u00ae rechteckiger Esstisch\"}]},{\"@type\":\"WebSite\",\"@id\":\"https:\/\/bearchair.eu\/de\/#website\",\"url\":\"https:\/\/bearchair.eu\/de\/\",\"name\":\"The Bear Chair\",\"description\":\"\",\"publisher\":{\"@id\":\"https:\/\/bearchair.eu\/de\/#organization\"},\"potentialAction\":[{\"@type\":\"SearchAction\",\"target\":{\"@type\":\"EntryPoint\",\"urlTemplate\":\"https:\/\/bearchair.eu\/de\/?s={search_term_string}\"},\"query-input\":{\"@type\":\"PropertyValueSpecification\",\"valueRequired\":true,\"valueName\":\"search_term_string\"}}],\"inLanguage\":\"de\"},{\"@type\":\"Organization\",\"@id\":\"https:\/\/bearchair.eu\/de\/#organization\",\"name\":\"Der B\u00e4renstuhl\",\"url\":\"https:\/\/bearchair.eu\/de\/\",\"logo\":{\"@type\":\"ImageObject\",\"inLanguage\":\"de\",\"@id\":\"https:\/\/bearchair.eu\/de\/#\/schema\/logo\/image\/\",\"url\":\"https:\/\/new.bearchair.eu\/wp-content\/uploads\/2024\/05\/BearChairIcon.png\",\"contentUrl\":\"https:\/\/new.bearchair.eu\/wp-content\/uploads\/2024\/05\/BearChairIcon.png\",\"width\":512,\"height\":512,\"caption\":\"Der B\u00e4renstuhl\"},\"image\":{\"@id\":\"https:\/\/bearchair.eu\/de\/#\/schema\/logo\/image\/\"}}]}<\/script>\n<!-- \/ Yoast SEO plugin. -->","yoast_head_json":{"title":"Bear Chair\u00ae rechteckiger Esstisch - The Bear Chair\u00ae","description":"Kaufen Sie The Rectangular Dining Table von Bear Chair\u00ae. Platz f\u00fcr 6 Personen, ein stabiler und robuster Tisch und trotzdem leicht zu bewegen.","robots":{"index":"index","follow":"follow","max-snippet":"max-snippet:-1","max-image-preview":"max-image-preview:large","max-video-preview":"max-video-preview:-1"},"canonical":"https:\/\/bearchair.eu\/de\/tische\/rechteckiger-esstisch\/","og_locale":"de_DE","og_type":"article","og_title":"Bear Chair\u00ae rechteckiger Esstisch - The Bear Chair\u00ae","og_description":"Kaufen Sie The Rectangular Dining Table von Bear Chair\u00ae. Platz f\u00fcr 6 Personen, ein stabiler und robuster Tisch und trotzdem leicht zu bewegen.","og_url":"https:\/\/bearchair.eu\/de\/tische\/rechteckiger-esstisch\/","og_site_name":"The Bear Chair\u00ae","article_modified_time":"2025-04-25T10:09:38+00:00","og_image":[{"width":720,"height":960,"url":"https:\/\/bearchair.eu\/wp-content\/uploads\/2024\/05\/Untitled-design-19.png","type":"image\/png"}],"twitter_card":"summary_large_image","schema":{"@context":"https:\/\/schema.org","@graph":[{"@type":"WebPage","@id":"https:\/\/bearchair.eu\/de\/tische\/rechteckiger-esstisch\/","url":"https:\/\/bearchair.eu\/de\/tische\/rechteckiger-esstisch\/","name":"Bear Chair\u00ae rechteckiger Esstisch - The Bear Chair\u00ae","isPartOf":{"@id":"https:\/\/bearchair.eu\/de\/#website"},"primaryImageOfPage":{"@id":"https:\/\/bearchair.eu\/de\/tische\/rechteckiger-esstisch\/#primaryimage"},"image":{"@id":"https:\/\/bearchair.eu\/de\/tische\/rechteckiger-esstisch\/#primaryimage"},"thumbnailUrl":"https:\/\/bearchair.eu\/wp-content\/uploads\/2024\/05\/Untitled-design-19.png","datePublished":"2024-05-03T10:09:29+00:00","dateModified":"2025-04-25T10:09:38+00:00","description":"Kaufen Sie The Rectangular Dining Table von Bear Chair\u00ae. Platz f\u00fcr 6 Personen, ein stabiler und robuster Tisch und trotzdem leicht zu bewegen.","breadcrumb":{"@id":"https:\/\/bearchair.eu\/de\/tische\/rechteckiger-esstisch\/#breadcrumb"},"inLanguage":"de","potentialAction":[{"@type":"ReadAction","target":["https:\/\/bearchair.eu\/de\/tische\/rechteckiger-esstisch\/"]}]},{"@type":"ImageObject","inLanguage":"de","@id":"https:\/\/bearchair.eu\/de\/tische\/rechteckiger-esstisch\/#primaryimage","url":"https:\/\/bearchair.eu\/wp-content\/uploads\/2024\/05\/Untitled-design-19.png","contentUrl":"https:\/\/bearchair.eu\/wp-content\/uploads\/2024\/05\/Untitled-design-19.png","width":720,"height":960},{"@type":"BreadcrumbList","@id":"https:\/\/bearchair.eu\/de\/tische\/rechteckiger-esstisch\/#breadcrumb","itemListElement":[{"@type":"ListItem","position":1,"name":"Startseite","item":"https:\/\/bearchair.eu\/de\/startseite\/"},{"@type":"ListItem","position":2,"name":"Shop","item":"https:\/\/bearchair.eu\/de\/shop\/"},{"@type":"ListItem","position":3,"name":"Bear Chair\u00ae rechteckiger Esstisch"}]},{"@type":"WebSite","@id":"https:\/\/bearchair.eu\/de\/#website","url":"https:\/\/bearchair.eu\/de\/","name":"The Bear Chair","description":"","publisher":{"@id":"https:\/\/bearchair.eu\/de\/#organization"},"potentialAction":[{"@type":"SearchAction","target":{"@type":"EntryPoint","urlTemplate":"https:\/\/bearchair.eu\/de\/?s={search_term_string}"},"query-input":{"@type":"PropertyValueSpecification","valueRequired":true,"valueName":"search_term_string"}}],"inLanguage":"de"},{"@type":"Organization","@id":"https:\/\/bearchair.eu\/de\/#organization","name":"Der B\u00e4renstuhl","url":"https:\/\/bearchair.eu\/de\/","logo":{"@type":"ImageObject","inLanguage":"de","@id":"https:\/\/bearchair.eu\/de\/#\/schema\/logo\/image\/","url":"https:\/\/new.bearchair.eu\/wp-content\/uploads\/2024\/05\/BearChairIcon.png","contentUrl":"https:\/\/new.bearchair.eu\/wp-content\/uploads\/2024\/05\/BearChairIcon.png","width":512,"height":512,"caption":"Der B\u00e4renstuhl"},"image":{"@id":"https:\/\/bearchair.eu\/de\/#\/schema\/logo\/image\/"}}]}},"_links":{"self":[{"href":"https:\/\/bearchair.eu\/de\/wp-json\/wp\/v2\/product\/16936","targetHints":{"allow":["GET"]}}],"collection":[{"href":"https:\/\/bearchair.eu\/de\/wp-json\/wp\/v2\/product"}],"about":[{"href":"https:\/\/bearchair.eu\/de\/wp-json\/wp\/v2\/types\/product"}],"wp:featuredmedia":[{"embeddable":true,"href":"https:\/\/bearchair.eu\/de\/wp-json\/wp\/v2\/media\/15704"}],"wp:attachment":[{"href":"https:\/\/bearchair.eu\/de\/wp-json\/wp\/v2\/media?parent=16936"}],"wp:term":[{"taxonomy":"product_brand","embeddable":true,"href":"https:\/\/bearchair.eu\/de\/wp-json\/wp\/v2\/product_brand?post=16936"},{"taxonomy":"product_cat","embeddable":true,"href":"https:\/\/bearchair.eu\/de\/wp-json\/wp\/v2\/product_cat?post=16936"},{"taxonomy":"product_tag","embeddable":true,"href":"https:\/\/bearchair.eu\/de\/wp-json\/wp\/v2\/product_tag?post=16936"}],"curies":[{"name":"wp","href":"https:\/\/api.w.org\/{rel}","templated":true}]}}