{"id":16979,"date":"2020-12-01T10:51:16","date_gmt":"2020-12-01T10:51:16","guid":{"rendered":"https:\/\/bearchair.eu\/unkategorisiert\/dreifarbige-kiefer-bear-chair\/"},"modified":"2025-04-25T09:51:39","modified_gmt":"2025-04-25T09:51:39","slug":"dreifarbige-kiefer-bear-chair","status":"publish","type":"product","link":"https:\/\/bearchair.eu\/de\/stuhle\/dreifarbige-kiefer-bear-chair\/","title":{"rendered":"Stuhl aus dreifarbiger Kiefer Bear Chair\u00ae"},"content":{"rendered":"<p><strong>Abmessungen:<\/strong><\/p>\n<ul>\n<li>H\u00f6he: 91 cm<\/li>\n<li>Breite: 77 cm<\/li>\n<li>Tiefe: 96,5 cm<\/li>\n<\/ul>\n<p><strong>Material:<\/strong> Dieses Bear Chair\u00ae ist aus hochwertigem Kiefernholz gefertigt, das aufgrund seiner Haltbarkeit und seines nat\u00fcrlichen Aussehens sorgf\u00e4ltig ausgew\u00e4hlt wurde.<\/p>\n","protected":false},"excerpt":{"rendered":"<p>Nicht eine, nicht zwei, sondern drei Farben in einem Stuhl. Dieser dreifarbige Bear Chair\u00ae Stuhl aus Kiefer ist ein echter Blickfang! <\/p>\n","protected":false},"featured_media":15197,"template":"","meta":[],"product_brand":[],"product_cat":[307,274,308],"product_tag":[],"class_list":{"0":"post-16979","1":"product","2":"type-product","3":"status-publish","4":"has-post-thumbnail","6":"product_cat-mobel","7":"product_cat-stuhle","8":"product_cat-verkauf","10":"first","11":"instock","12":"sale","13":"taxable","14":"shipping-taxable","15":"purchasable","16":"product-type-simple"},"yoast_head":"<!-- This site is optimized with the Yoast SEO plugin v27.2 - https:\/\/yoast.com\/product\/yoast-seo-wordpress\/ -->\n<title>Stuhl aus dreifarbiger Kiefer Bear Chair\u00ae - The Bear Chair\u00ae<\/title>\n<meta name=\"robots\" content=\"index, follow, max-snippet:-1, max-image-preview:large, max-video-preview:-1\" \/>\n<link rel=\"canonical\" href=\"https:\/\/bearchair.eu\/de\/stuhle\/dreifarbige-kiefer-bear-chair\/\" \/>\n<meta property=\"og:locale\" content=\"de_DE\" \/>\n<meta property=\"og:type\" content=\"article\" \/>\n<meta property=\"og:title\" content=\"Stuhl aus dreifarbiger Kiefer Bear Chair\u00ae - The Bear Chair\u00ae\" \/>\n<meta property=\"og:description\" content=\"Nicht eine, nicht zwei, sondern drei Farben in einem Stuhl. Dieser dreifarbige Bear Chair\u00ae Stuhl aus Kiefer ist ein echter Blickfang!\" \/>\n<meta property=\"og:url\" content=\"https:\/\/bearchair.eu\/de\/stuhle\/dreifarbige-kiefer-bear-chair\/\" \/>\n<meta property=\"og:site_name\" content=\"The Bear Chair\u00ae\" \/>\n<meta property=\"article:modified_time\" content=\"2025-04-25T09:51:39+00:00\" \/>\n<meta property=\"og:image\" content=\"https:\/\/bearchair.eu\/wp-content\/uploads\/2024\/05\/BC201p-Rood-geel-zwart-1-scaled-1.jpg\" \/>\n\t<meta property=\"og:image:width\" content=\"2560\" \/>\n\t<meta property=\"og:image:height\" content=\"2366\" \/>\n\t<meta property=\"og:image:type\" content=\"image\/jpeg\" \/>\n<meta name=\"twitter:card\" content=\"summary_large_image\" \/>\n<script type=\"application\/ld+json\" class=\"yoast-schema-graph\">{\"@context\":\"https:\/\/schema.org\",\"@graph\":[{\"@type\":\"WebPage\",\"@id\":\"https:\/\/bearchair.eu\/de\/stuhle\/dreifarbige-kiefer-bear-chair\/\",\"url\":\"https:\/\/bearchair.eu\/de\/stuhle\/dreifarbige-kiefer-bear-chair\/\",\"name\":\"Stuhl aus dreifarbiger Kiefer Bear Chair\u00ae - The Bear Chair\u00ae\",\"isPartOf\":{\"@id\":\"https:\/\/bearchair.eu\/de\/#website\"},\"primaryImageOfPage\":{\"@id\":\"https:\/\/bearchair.eu\/de\/stuhle\/dreifarbige-kiefer-bear-chair\/#primaryimage\"},\"image\":{\"@id\":\"https:\/\/bearchair.eu\/de\/stuhle\/dreifarbige-kiefer-bear-chair\/#primaryimage\"},\"thumbnailUrl\":\"https:\/\/bearchair.eu\/wp-content\/uploads\/2024\/05\/BC201p-Rood-geel-zwart-1-scaled-1.jpg\",\"datePublished\":\"2020-12-01T10:51:16+00:00\",\"dateModified\":\"2025-04-25T09:51:39+00:00\",\"breadcrumb\":{\"@id\":\"https:\/\/bearchair.eu\/de\/stuhle\/dreifarbige-kiefer-bear-chair\/#breadcrumb\"},\"inLanguage\":\"de\",\"potentialAction\":[{\"@type\":\"ReadAction\",\"target\":[\"https:\/\/bearchair.eu\/de\/stuhle\/dreifarbige-kiefer-bear-chair\/\"]}]},{\"@type\":\"ImageObject\",\"inLanguage\":\"de\",\"@id\":\"https:\/\/bearchair.eu\/de\/stuhle\/dreifarbige-kiefer-bear-chair\/#primaryimage\",\"url\":\"https:\/\/bearchair.eu\/wp-content\/uploads\/2024\/05\/BC201p-Rood-geel-zwart-1-scaled-1.jpg\",\"contentUrl\":\"https:\/\/bearchair.eu\/wp-content\/uploads\/2024\/05\/BC201p-Rood-geel-zwart-1-scaled-1.jpg\",\"width\":2560,\"height\":2366},{\"@type\":\"BreadcrumbList\",\"@id\":\"https:\/\/bearchair.eu\/de\/stuhle\/dreifarbige-kiefer-bear-chair\/#breadcrumb\",\"itemListElement\":[{\"@type\":\"ListItem\",\"position\":1,\"name\":\"Startseite\",\"item\":\"https:\/\/bearchair.eu\/de\/startseite\/\"},{\"@type\":\"ListItem\",\"position\":2,\"name\":\"Shop\",\"item\":\"https:\/\/bearchair.eu\/de\/shop\/\"},{\"@type\":\"ListItem\",\"position\":3,\"name\":\"Stuhl aus dreifarbiger Kiefer Bear Chair\u00ae\"}]},{\"@type\":\"WebSite\",\"@id\":\"https:\/\/bearchair.eu\/de\/#website\",\"url\":\"https:\/\/bearchair.eu\/de\/\",\"name\":\"The Bear Chair\",\"description\":\"\",\"publisher\":{\"@id\":\"https:\/\/bearchair.eu\/de\/#organization\"},\"potentialAction\":[{\"@type\":\"SearchAction\",\"target\":{\"@type\":\"EntryPoint\",\"urlTemplate\":\"https:\/\/bearchair.eu\/de\/?s={search_term_string}\"},\"query-input\":{\"@type\":\"PropertyValueSpecification\",\"valueRequired\":true,\"valueName\":\"search_term_string\"}}],\"inLanguage\":\"de\"},{\"@type\":\"Organization\",\"@id\":\"https:\/\/bearchair.eu\/de\/#organization\",\"name\":\"Der B\u00e4renstuhl\",\"url\":\"https:\/\/bearchair.eu\/de\/\",\"logo\":{\"@type\":\"ImageObject\",\"inLanguage\":\"de\",\"@id\":\"https:\/\/bearchair.eu\/de\/#\/schema\/logo\/image\/\",\"url\":\"https:\/\/new.bearchair.eu\/wp-content\/uploads\/2024\/05\/BearChairIcon.png\",\"contentUrl\":\"https:\/\/new.bearchair.eu\/wp-content\/uploads\/2024\/05\/BearChairIcon.png\",\"width\":512,\"height\":512,\"caption\":\"Der B\u00e4renstuhl\"},\"image\":{\"@id\":\"https:\/\/bearchair.eu\/de\/#\/schema\/logo\/image\/\"}}]}<\/script>\n<!-- \/ Yoast SEO plugin. -->","yoast_head_json":{"title":"Stuhl aus dreifarbiger Kiefer Bear Chair\u00ae - The Bear Chair\u00ae","robots":{"index":"index","follow":"follow","max-snippet":"max-snippet:-1","max-image-preview":"max-image-preview:large","max-video-preview":"max-video-preview:-1"},"canonical":"https:\/\/bearchair.eu\/de\/stuhle\/dreifarbige-kiefer-bear-chair\/","og_locale":"de_DE","og_type":"article","og_title":"Stuhl aus dreifarbiger Kiefer Bear Chair\u00ae - The Bear Chair\u00ae","og_description":"Nicht eine, nicht zwei, sondern drei Farben in einem Stuhl. Dieser dreifarbige Bear Chair\u00ae Stuhl aus Kiefer ist ein echter Blickfang!","og_url":"https:\/\/bearchair.eu\/de\/stuhle\/dreifarbige-kiefer-bear-chair\/","og_site_name":"The Bear Chair\u00ae","article_modified_time":"2025-04-25T09:51:39+00:00","og_image":[{"width":2560,"height":2366,"url":"https:\/\/bearchair.eu\/wp-content\/uploads\/2024\/05\/BC201p-Rood-geel-zwart-1-scaled-1.jpg","type":"image\/jpeg"}],"twitter_card":"summary_large_image","schema":{"@context":"https:\/\/schema.org","@graph":[{"@type":"WebPage","@id":"https:\/\/bearchair.eu\/de\/stuhle\/dreifarbige-kiefer-bear-chair\/","url":"https:\/\/bearchair.eu\/de\/stuhle\/dreifarbige-kiefer-bear-chair\/","name":"Stuhl aus dreifarbiger Kiefer Bear Chair\u00ae - The Bear Chair\u00ae","isPartOf":{"@id":"https:\/\/bearchair.eu\/de\/#website"},"primaryImageOfPage":{"@id":"https:\/\/bearchair.eu\/de\/stuhle\/dreifarbige-kiefer-bear-chair\/#primaryimage"},"image":{"@id":"https:\/\/bearchair.eu\/de\/stuhle\/dreifarbige-kiefer-bear-chair\/#primaryimage"},"thumbnailUrl":"https:\/\/bearchair.eu\/wp-content\/uploads\/2024\/05\/BC201p-Rood-geel-zwart-1-scaled-1.jpg","datePublished":"2020-12-01T10:51:16+00:00","dateModified":"2025-04-25T09:51:39+00:00","breadcrumb":{"@id":"https:\/\/bearchair.eu\/de\/stuhle\/dreifarbige-kiefer-bear-chair\/#breadcrumb"},"inLanguage":"de","potentialAction":[{"@type":"ReadAction","target":["https:\/\/bearchair.eu\/de\/stuhle\/dreifarbige-kiefer-bear-chair\/"]}]},{"@type":"ImageObject","inLanguage":"de","@id":"https:\/\/bearchair.eu\/de\/stuhle\/dreifarbige-kiefer-bear-chair\/#primaryimage","url":"https:\/\/bearchair.eu\/wp-content\/uploads\/2024\/05\/BC201p-Rood-geel-zwart-1-scaled-1.jpg","contentUrl":"https:\/\/bearchair.eu\/wp-content\/uploads\/2024\/05\/BC201p-Rood-geel-zwart-1-scaled-1.jpg","width":2560,"height":2366},{"@type":"BreadcrumbList","@id":"https:\/\/bearchair.eu\/de\/stuhle\/dreifarbige-kiefer-bear-chair\/#breadcrumb","itemListElement":[{"@type":"ListItem","position":1,"name":"Startseite","item":"https:\/\/bearchair.eu\/de\/startseite\/"},{"@type":"ListItem","position":2,"name":"Shop","item":"https:\/\/bearchair.eu\/de\/shop\/"},{"@type":"ListItem","position":3,"name":"Stuhl aus dreifarbiger Kiefer Bear Chair\u00ae"}]},{"@type":"WebSite","@id":"https:\/\/bearchair.eu\/de\/#website","url":"https:\/\/bearchair.eu\/de\/","name":"The Bear Chair","description":"","publisher":{"@id":"https:\/\/bearchair.eu\/de\/#organization"},"potentialAction":[{"@type":"SearchAction","target":{"@type":"EntryPoint","urlTemplate":"https:\/\/bearchair.eu\/de\/?s={search_term_string}"},"query-input":{"@type":"PropertyValueSpecification","valueRequired":true,"valueName":"search_term_string"}}],"inLanguage":"de"},{"@type":"Organization","@id":"https:\/\/bearchair.eu\/de\/#organization","name":"Der B\u00e4renstuhl","url":"https:\/\/bearchair.eu\/de\/","logo":{"@type":"ImageObject","inLanguage":"de","@id":"https:\/\/bearchair.eu\/de\/#\/schema\/logo\/image\/","url":"https:\/\/new.bearchair.eu\/wp-content\/uploads\/2024\/05\/BearChairIcon.png","contentUrl":"https:\/\/new.bearchair.eu\/wp-content\/uploads\/2024\/05\/BearChairIcon.png","width":512,"height":512,"caption":"Der B\u00e4renstuhl"},"image":{"@id":"https:\/\/bearchair.eu\/de\/#\/schema\/logo\/image\/"}}]}},"_links":{"self":[{"href":"https:\/\/bearchair.eu\/de\/wp-json\/wp\/v2\/product\/16979","targetHints":{"allow":["GET"]}}],"collection":[{"href":"https:\/\/bearchair.eu\/de\/wp-json\/wp\/v2\/product"}],"about":[{"href":"https:\/\/bearchair.eu\/de\/wp-json\/wp\/v2\/types\/product"}],"wp:featuredmedia":[{"embeddable":true,"href":"https:\/\/bearchair.eu\/de\/wp-json\/wp\/v2\/media\/15197"}],"wp:attachment":[{"href":"https:\/\/bearchair.eu\/de\/wp-json\/wp\/v2\/media?parent=16979"}],"wp:term":[{"taxonomy":"product_brand","embeddable":true,"href":"https:\/\/bearchair.eu\/de\/wp-json\/wp\/v2\/product_brand?post=16979"},{"taxonomy":"product_cat","embeddable":true,"href":"https:\/\/bearchair.eu\/de\/wp-json\/wp\/v2\/product_cat?post=16979"},{"taxonomy":"product_tag","embeddable":true,"href":"https:\/\/bearchair.eu\/de\/wp-json\/wp\/v2\/product_tag?post=16979"}],"curies":[{"name":"wp","href":"https:\/\/api.w.org\/{rel}","templated":true}]}}