{"id":17021,"date":"2018-04-06T08:32:21","date_gmt":"2018-04-06T08:32:21","guid":{"rendered":"https:\/\/bearchair.eu\/unkategorisiert\/triton-5l-klassischer-spender\/"},"modified":"2025-04-03T15:58:16","modified_gmt":"2025-04-03T15:58:16","slug":"triton-5l-klassischer-spender","status":"publish","type":"product","link":"https:\/\/bearchair.eu\/de\/bier-vertriebshandler\/triton-5l-klassischer-spender\/","title":{"rendered":"Triton 5L Klassischer Spender"},"content":{"rendered":"<p><strong>Merkmale:<\/strong><\/p>\n<ul>\n<li><strong>Fassungsverm\u00f6gen:<\/strong> Der Triton 5L Classic Dispenser hat ein Fassungsverm\u00f6gen von 5 Litern, das entspricht etwa 20 - 25 Gl\u00e4sern Bier, je nach Gr\u00f6\u00dfe des Glases.<\/li>\n<li><strong>Kompakt und tragbar:<\/strong> Dank des kompakten Designs und des tragbaren Griffs k\u00f6nnen Sie den Triton Dispenser m\u00fchelos an jeden Ort mitnehmen, vom Hinterhof bis zum Strand.<\/li>\n<li><strong>Integrierter Zapfhahnmechanismus:<\/strong> Der integrierte Zapfhahnmechanismus sorgt f\u00fcr einfaches und problemloses Zapfen, so dass Sie innerhalb von Sekunden ein perfekt gezapftes Bier erhalten.<\/li>\n<li><strong>Langlebig und hochwertig:<\/strong> Der Triton 5L Classic Dispenser ist aus hochwertigen Materialien gefertigt und garantiert Langlebigkeit und langfristige Nutzung.<\/li>\n<li><strong>Kompatibilit\u00e4t:<\/strong> Kompatibel mit einer Vielzahl von Biersorten, von Pils bis zu Craft Brews, so dass Sie immer Ihr Lieblingsbier einschenken k\u00f6nnen.<\/li>\n<li><strong>Integrierte K\u00fchlung:<\/strong> H\u00e4lt Ihr Bier perfekt gek\u00fchlt, so dass jeder Schluck erfrischend bleibt, selbst an hei\u00dfen Sommertagen.<\/li>\n<li><strong>Leicht zu reinigen:<\/strong> Der Triton 5L Classic Dispenser ist leicht zu zerlegen und zu reinigen, so dass Sie immer ein hygienisches Zapferlebnis genie\u00dfen k\u00f6nnen.<\/li>\n<\/ul>\n<p><a class=\"btn\" href=\"https:\/\/bearchair.eu\/wp-content\/uploads\/2018\/04\/Triton-Classic5L-product-sheet.pdf\" target=\"_blank\" rel=\"noopener\">Laden Sie das Produktblatt Triton-Classic 5L herunter<\/a><\/p>\n","protected":false},"excerpt":{"rendered":"<p>Erleben Sie den Komfort und die Gem\u00fctlichkeit eines frisch gezapften Biers, wo immer Sie wollen, mit dem Triton 5L Classic Dispenser. Diese innovative Bierzapfanlage ist die perfekte L\u00f6sung f\u00fcr Partys, Grillpartys, Picknicks oder einfach zum Entspannen zu Hause. Vergessen Sie das Schleppen schwerer F\u00e4sser und den \u00c4rger mit komplizierten Zapfanlagen. Mit der Triton 5L Classic Zapfanlage k\u00f6nnen Sie jederzeit und \u00fcberall ein herrlich k\u00fchles Glas Bier genie\u00dfen.   <\/p>\n<p>Diese Spender haben ein eingebautes, austauschbares K\u00fchlelement (separat erh\u00e4ltlich).<\/p>\n<p>Bier ist etwas, das Sie mit Ihren besten Freunden trinken!<\/p>\n<p>&nbsp;<\/p>\n<ol>\n<li><strong>MEHR UMSATZ PRO TISCH<\/strong><\/li>\n<\/ol>\n<p>50% MEHR UMSATZ MIT GETR\u00c4NKEN UND FINGERFOOD PRO TISCH<\/p>\n<ol start=\"2\">\n<li><strong>DIE L\u00d6SUNG F\u00dcR DEN PERSONALMANGEL<\/strong><\/li>\n<\/ol>\n<p>1 DINGSBUMS SPART 4-5 SERVIERRUNDEN PRO TISCH. AUSSERDEM M\u00dcSSEN SIE WENIGER GL\u00c4SER SP\u00dcLEN. <\/p>\n<ol start=\"3\">\n<li><strong>LANGLEBIG UND LEICHT ZU HANDHABEN<\/strong><\/li>\n<\/ol>\n<p>AUSGIEBIG GETESTET, HERGESTELLT NACH DEN H\u00d6CHSTEN QUALIT\u00c4TSSTANDARDS. EINFACH ZU REINIGEN. <\/p>\n<ol start=\"4\">\n<li><strong>NIEDRIGE KOSTEN = SEHR SCHNELLE RENDITE.<\/strong><\/li>\n<\/ol>\n<p>DIE INVESTITION HAT SICH IN K\u00dcRZESTER ZEIT AMORTISIERT.<\/p>\n<ol start=\"5\">\n<li><strong>SUPER HYGIENISCH<\/strong><\/li>\n<\/ol>\n<p>EINZIGER VON DER BEH\u00d6RDE F\u00dcR LEBENSMITTEL UND WAREN ZUGELASSENER SPENDER<\/p>\n<ol start=\"6\">\n<li><strong>IMMER GEK\u00dcHLT<\/strong><\/li>\n<\/ol>\n<p>MIT EINGEBAUTEM AUSTAUSCHBAREM K\u00dcHL-\/GEFRIERELEMENT.<\/p>\n<ol start=\"7\">\n<li><strong>EINZIGARTIGES ERLEBNIS F\u00dcR IHRE KUNDEN<\/strong><\/li>\n<\/ol>\n<p>DIE G\u00c4STE WERDEN EIN EINZIGARTIGES ERLEBNIS HABEN. SCHNEEBALLEFFEKT: ANSTECKENDER EFFEKT UNTER IHREN KUNDEN, WENN SIE EINEN VERKAUFEN, WERDEN GARANTIERT WEITERE FOLGEN. <\/p>\n<p>&nbsp;<\/p>\n","protected":false},"featured_media":11607,"template":"","meta":[],"product_brand":[],"product_cat":[376],"product_tag":[],"class_list":{"0":"post-17021","1":"product","2":"type-product","3":"status-publish","4":"has-post-thumbnail","6":"product_cat-bier-vertriebshandler","8":"first","9":"instock","10":"taxable","11":"shipping-taxable","12":"purchasable","13":"product-type-simple"},"yoast_head":"<!-- This site is optimized with the Yoast SEO plugin v27.2 - https:\/\/yoast.com\/product\/yoast-seo-wordpress\/ -->\n<title>Triton 5L Klassischer Spender - The Bear Chair\u00ae<\/title>\n<meta name=\"description\" content=\"Shop Bear Chair Triton 5L Classic Zapfanlage. Innovative Bierzapfanlage. Langlebig und einfach zu bedienen, superhygienisch, immer gek\u00fchlt.\" \/>\n<meta name=\"robots\" content=\"index, follow, max-snippet:-1, max-image-preview:large, max-video-preview:-1\" \/>\n<link rel=\"canonical\" href=\"https:\/\/bearchair.eu\/de\/bier-vertriebshandler\/triton-5l-klassischer-spender\/\" \/>\n<meta property=\"og:locale\" content=\"de_DE\" \/>\n<meta property=\"og:type\" content=\"article\" \/>\n<meta property=\"og:title\" content=\"Triton 5L Klassischer Spender - The Bear Chair\u00ae\" \/>\n<meta property=\"og:description\" content=\"Shop Bear Chair Triton 5L Classic Zapfanlage. Innovative Bierzapfanlage. Langlebig und einfach zu bedienen, superhygienisch, immer gek\u00fchlt.\" \/>\n<meta property=\"og:url\" content=\"https:\/\/bearchair.eu\/de\/bier-vertriebshandler\/triton-5l-klassischer-spender\/\" \/>\n<meta property=\"og:site_name\" content=\"The Bear Chair\u00ae\" \/>\n<meta property=\"article:modified_time\" content=\"2025-04-03T15:58:16+00:00\" \/>\n<meta property=\"og:image\" content=\"https:\/\/bearchair.eu\/wp-content\/uploads\/2018\/04\/5L-verderler.png\" \/>\n\t<meta property=\"og:image:width\" content=\"719\" \/>\n\t<meta property=\"og:image:height\" content=\"1080\" \/>\n\t<meta property=\"og:image:type\" content=\"image\/png\" \/>\n<meta name=\"twitter:card\" content=\"summary_large_image\" \/>\n<meta name=\"twitter:label1\" content=\"Gesch\u00e4tzte Lesezeit\" \/>\n\t<meta name=\"twitter:data1\" content=\"1\u00a0Minute\" \/>\n<script type=\"application\/ld+json\" class=\"yoast-schema-graph\">{\"@context\":\"https:\/\/schema.org\",\"@graph\":[{\"@type\":\"WebPage\",\"@id\":\"https:\/\/bearchair.eu\/de\/bier-vertriebshandler\/triton-5l-klassischer-spender\/\",\"url\":\"https:\/\/bearchair.eu\/de\/bier-vertriebshandler\/triton-5l-klassischer-spender\/\",\"name\":\"Triton 5L Klassischer Spender - The Bear Chair\u00ae\",\"isPartOf\":{\"@id\":\"https:\/\/bearchair.eu\/de\/#website\"},\"primaryImageOfPage\":{\"@id\":\"https:\/\/bearchair.eu\/de\/bier-vertriebshandler\/triton-5l-klassischer-spender\/#primaryimage\"},\"image\":{\"@id\":\"https:\/\/bearchair.eu\/de\/bier-vertriebshandler\/triton-5l-klassischer-spender\/#primaryimage\"},\"thumbnailUrl\":\"https:\/\/bearchair.eu\/wp-content\/uploads\/2018\/04\/5L-verderler.png\",\"datePublished\":\"2018-04-06T08:32:21+00:00\",\"dateModified\":\"2025-04-03T15:58:16+00:00\",\"description\":\"Shop Bear Chair Triton 5L Classic Zapfanlage. Innovative Bierzapfanlage. Langlebig und einfach zu bedienen, superhygienisch, immer gek\u00fchlt.\",\"breadcrumb\":{\"@id\":\"https:\/\/bearchair.eu\/de\/bier-vertriebshandler\/triton-5l-klassischer-spender\/#breadcrumb\"},\"inLanguage\":\"de\",\"potentialAction\":[{\"@type\":\"ReadAction\",\"target\":[\"https:\/\/bearchair.eu\/de\/bier-vertriebshandler\/triton-5l-klassischer-spender\/\"]}]},{\"@type\":\"ImageObject\",\"inLanguage\":\"de\",\"@id\":\"https:\/\/bearchair.eu\/de\/bier-vertriebshandler\/triton-5l-klassischer-spender\/#primaryimage\",\"url\":\"https:\/\/bearchair.eu\/wp-content\/uploads\/2018\/04\/5L-verderler.png\",\"contentUrl\":\"https:\/\/bearchair.eu\/wp-content\/uploads\/2018\/04\/5L-verderler.png\",\"width\":719,\"height\":1080},{\"@type\":\"BreadcrumbList\",\"@id\":\"https:\/\/bearchair.eu\/de\/bier-vertriebshandler\/triton-5l-klassischer-spender\/#breadcrumb\",\"itemListElement\":[{\"@type\":\"ListItem\",\"position\":1,\"name\":\"Startseite\",\"item\":\"https:\/\/bearchair.eu\/de\/startseite\/\"},{\"@type\":\"ListItem\",\"position\":2,\"name\":\"Shop\",\"item\":\"https:\/\/bearchair.eu\/de\/shop\/\"},{\"@type\":\"ListItem\",\"position\":3,\"name\":\"Triton 5L Klassischer Spender\"}]},{\"@type\":\"WebSite\",\"@id\":\"https:\/\/bearchair.eu\/de\/#website\",\"url\":\"https:\/\/bearchair.eu\/de\/\",\"name\":\"The Bear Chair\",\"description\":\"\",\"publisher\":{\"@id\":\"https:\/\/bearchair.eu\/de\/#organization\"},\"potentialAction\":[{\"@type\":\"SearchAction\",\"target\":{\"@type\":\"EntryPoint\",\"urlTemplate\":\"https:\/\/bearchair.eu\/de\/?s={search_term_string}\"},\"query-input\":{\"@type\":\"PropertyValueSpecification\",\"valueRequired\":true,\"valueName\":\"search_term_string\"}}],\"inLanguage\":\"de\"},{\"@type\":\"Organization\",\"@id\":\"https:\/\/bearchair.eu\/de\/#organization\",\"name\":\"Der B\u00e4renstuhl\",\"url\":\"https:\/\/bearchair.eu\/de\/\",\"logo\":{\"@type\":\"ImageObject\",\"inLanguage\":\"de\",\"@id\":\"https:\/\/bearchair.eu\/de\/#\/schema\/logo\/image\/\",\"url\":\"https:\/\/new.bearchair.eu\/wp-content\/uploads\/2024\/05\/BearChairIcon.png\",\"contentUrl\":\"https:\/\/new.bearchair.eu\/wp-content\/uploads\/2024\/05\/BearChairIcon.png\",\"width\":512,\"height\":512,\"caption\":\"Der B\u00e4renstuhl\"},\"image\":{\"@id\":\"https:\/\/bearchair.eu\/de\/#\/schema\/logo\/image\/\"}}]}<\/script>\n<!-- \/ Yoast SEO plugin. -->","yoast_head_json":{"title":"Triton 5L Klassischer Spender - The Bear Chair\u00ae","description":"Shop Bear Chair Triton 5L Classic Zapfanlage. Innovative Bierzapfanlage. Langlebig und einfach zu bedienen, superhygienisch, immer gek\u00fchlt.","robots":{"index":"index","follow":"follow","max-snippet":"max-snippet:-1","max-image-preview":"max-image-preview:large","max-video-preview":"max-video-preview:-1"},"canonical":"https:\/\/bearchair.eu\/de\/bier-vertriebshandler\/triton-5l-klassischer-spender\/","og_locale":"de_DE","og_type":"article","og_title":"Triton 5L Klassischer Spender - The Bear Chair\u00ae","og_description":"Shop Bear Chair Triton 5L Classic Zapfanlage. Innovative Bierzapfanlage. Langlebig und einfach zu bedienen, superhygienisch, immer gek\u00fchlt.","og_url":"https:\/\/bearchair.eu\/de\/bier-vertriebshandler\/triton-5l-klassischer-spender\/","og_site_name":"The Bear Chair\u00ae","article_modified_time":"2025-04-03T15:58:16+00:00","og_image":[{"width":719,"height":1080,"url":"https:\/\/bearchair.eu\/wp-content\/uploads\/2018\/04\/5L-verderler.png","type":"image\/png"}],"twitter_card":"summary_large_image","twitter_misc":{"Gesch\u00e4tzte Lesezeit":"1\u00a0Minute"},"schema":{"@context":"https:\/\/schema.org","@graph":[{"@type":"WebPage","@id":"https:\/\/bearchair.eu\/de\/bier-vertriebshandler\/triton-5l-klassischer-spender\/","url":"https:\/\/bearchair.eu\/de\/bier-vertriebshandler\/triton-5l-klassischer-spender\/","name":"Triton 5L Klassischer Spender - The Bear Chair\u00ae","isPartOf":{"@id":"https:\/\/bearchair.eu\/de\/#website"},"primaryImageOfPage":{"@id":"https:\/\/bearchair.eu\/de\/bier-vertriebshandler\/triton-5l-klassischer-spender\/#primaryimage"},"image":{"@id":"https:\/\/bearchair.eu\/de\/bier-vertriebshandler\/triton-5l-klassischer-spender\/#primaryimage"},"thumbnailUrl":"https:\/\/bearchair.eu\/wp-content\/uploads\/2018\/04\/5L-verderler.png","datePublished":"2018-04-06T08:32:21+00:00","dateModified":"2025-04-03T15:58:16+00:00","description":"Shop Bear Chair Triton 5L Classic Zapfanlage. Innovative Bierzapfanlage. Langlebig und einfach zu bedienen, superhygienisch, immer gek\u00fchlt.","breadcrumb":{"@id":"https:\/\/bearchair.eu\/de\/bier-vertriebshandler\/triton-5l-klassischer-spender\/#breadcrumb"},"inLanguage":"de","potentialAction":[{"@type":"ReadAction","target":["https:\/\/bearchair.eu\/de\/bier-vertriebshandler\/triton-5l-klassischer-spender\/"]}]},{"@type":"ImageObject","inLanguage":"de","@id":"https:\/\/bearchair.eu\/de\/bier-vertriebshandler\/triton-5l-klassischer-spender\/#primaryimage","url":"https:\/\/bearchair.eu\/wp-content\/uploads\/2018\/04\/5L-verderler.png","contentUrl":"https:\/\/bearchair.eu\/wp-content\/uploads\/2018\/04\/5L-verderler.png","width":719,"height":1080},{"@type":"BreadcrumbList","@id":"https:\/\/bearchair.eu\/de\/bier-vertriebshandler\/triton-5l-klassischer-spender\/#breadcrumb","itemListElement":[{"@type":"ListItem","position":1,"name":"Startseite","item":"https:\/\/bearchair.eu\/de\/startseite\/"},{"@type":"ListItem","position":2,"name":"Shop","item":"https:\/\/bearchair.eu\/de\/shop\/"},{"@type":"ListItem","position":3,"name":"Triton 5L Klassischer Spender"}]},{"@type":"WebSite","@id":"https:\/\/bearchair.eu\/de\/#website","url":"https:\/\/bearchair.eu\/de\/","name":"The Bear Chair","description":"","publisher":{"@id":"https:\/\/bearchair.eu\/de\/#organization"},"potentialAction":[{"@type":"SearchAction","target":{"@type":"EntryPoint","urlTemplate":"https:\/\/bearchair.eu\/de\/?s={search_term_string}"},"query-input":{"@type":"PropertyValueSpecification","valueRequired":true,"valueName":"search_term_string"}}],"inLanguage":"de"},{"@type":"Organization","@id":"https:\/\/bearchair.eu\/de\/#organization","name":"Der B\u00e4renstuhl","url":"https:\/\/bearchair.eu\/de\/","logo":{"@type":"ImageObject","inLanguage":"de","@id":"https:\/\/bearchair.eu\/de\/#\/schema\/logo\/image\/","url":"https:\/\/new.bearchair.eu\/wp-content\/uploads\/2024\/05\/BearChairIcon.png","contentUrl":"https:\/\/new.bearchair.eu\/wp-content\/uploads\/2024\/05\/BearChairIcon.png","width":512,"height":512,"caption":"Der B\u00e4renstuhl"},"image":{"@id":"https:\/\/bearchair.eu\/de\/#\/schema\/logo\/image\/"}}]}},"_links":{"self":[{"href":"https:\/\/bearchair.eu\/de\/wp-json\/wp\/v2\/product\/17021","targetHints":{"allow":["GET"]}}],"collection":[{"href":"https:\/\/bearchair.eu\/de\/wp-json\/wp\/v2\/product"}],"about":[{"href":"https:\/\/bearchair.eu\/de\/wp-json\/wp\/v2\/types\/product"}],"wp:featuredmedia":[{"embeddable":true,"href":"https:\/\/bearchair.eu\/de\/wp-json\/wp\/v2\/media\/11607"}],"wp:attachment":[{"href":"https:\/\/bearchair.eu\/de\/wp-json\/wp\/v2\/media?parent=17021"}],"wp:term":[{"taxonomy":"product_brand","embeddable":true,"href":"https:\/\/bearchair.eu\/de\/wp-json\/wp\/v2\/product_brand?post=17021"},{"taxonomy":"product_cat","embeddable":true,"href":"https:\/\/bearchair.eu\/de\/wp-json\/wp\/v2\/product_cat?post=17021"},{"taxonomy":"product_tag","embeddable":true,"href":"https:\/\/bearchair.eu\/de\/wp-json\/wp\/v2\/product_tag?post=17021"}],"curies":[{"name":"wp","href":"https:\/\/api.w.org\/{rel}","templated":true}]}}