{"id":17625,"date":"2018-04-06T08:28:00","date_gmt":"2018-04-06T08:28:00","guid":{"rendered":"https:\/\/bearchair.eu\/unkategorisiert\/luxurioeses-gartenkissen-fuer-liegestuehle\/"},"modified":"2025-05-01T13:01:26","modified_gmt":"2025-05-01T13:01:26","slug":"luxurioeses-gartenkissen-fuer-liegestuehle","status":"publish","type":"product","link":"https:\/\/bearchair.eu\/de\/kissen\/luxurioeses-gartenkissen-fuer-liegestuehle\/","title":{"rendered":"Luxuri\u00f6ses Gartenkissen f\u00fcr Bear Chair\u00ae Lounge Chairs"},"content":{"rendered":"<p>Dieses hochwertige Luxus-Gartenkissen gibt es in verschiedenen Gr\u00f6\u00dfen und Farben. Ob Sie einen Original Bear Chair\u00ae, Royal Bear Chair\u00ae oder Grizzly Bear Chair\u00ae haben, dieses Kissen bietet Ihnen noch mehr Sitzkomfort. Ob Sie nun ein Fan von Schwarz, Blau oder Gr\u00fcn sind: es gibt f\u00fcr jeden eine Farbe.  <\/p>\n<p>Die Kissen werden nach Ma\u00df und auf Bestellung gefertigt.<\/p>\n<p><strong>Abmessungen:  <\/strong><\/p>\n<p>Dicke der Sitzfl\u00e4che: 3 cm<\/p>\n<p>Dicke der R\u00fcckseite: 2 cm<\/p>\n<p><strong>Material:<\/strong> Dralon (l\u00f6sungsgef\u00e4rbtes Olefi oder fasergef\u00e4rbtes Acryl - 190gr\/m2)<\/p>\n","protected":false},"excerpt":{"rendered":"<p>Dieses luxuri\u00f6se Gartenkissen gibt es in verschiedenen Farben und Gr\u00f6\u00dfen, so dass es f\u00fcr den Original Bear Chair\u00ae, den Royal Bear Chair\u00ae und den Grizzly Bear Chair\u00ae geeignet ist. Das Gartenkissen ist von hoher Qualit\u00e4t, farbecht und waschbar und bietet mit einer Dicke von 3 cm viel Komfort. <\/p>\n","protected":false},"featured_media":15072,"template":"","meta":[],"product_brand":[],"product_cat":[317],"product_tag":[],"class_list":{"0":"post-17625","1":"product","2":"type-product","3":"status-publish","4":"has-post-thumbnail","6":"product_cat-kissen","8":"first","9":"instock","10":"taxable","11":"shipping-taxable","12":"purchasable","13":"product-type-variable"},"yoast_head":"<!-- This site is optimized with the Yoast SEO plugin v27.2 - https:\/\/yoast.com\/product\/yoast-seo-wordpress\/ -->\n<title>Luxuri\u00f6ses Gartenkissen f\u00fcr Bear Chair\u00ae Lounge Chairs - The Bear Chair\u00ae<\/title>\n<meta name=\"description\" content=\"Shop Top Quality Cushion f\u00fcr Ihren Bear Chair. Ein bequemes, hochwertiges Kissen f\u00fcr Ihren Bear Chair Gartenstuhl. Farbecht und waschbar.\" \/>\n<meta name=\"robots\" content=\"index, follow, max-snippet:-1, max-image-preview:large, max-video-preview:-1\" \/>\n<link rel=\"canonical\" href=\"https:\/\/bearchair.eu\/de\/kissen\/luxurioeses-gartenkissen-fuer-liegestuehle\/\" \/>\n<meta property=\"og:locale\" content=\"de_DE\" \/>\n<meta property=\"og:type\" content=\"article\" \/>\n<meta property=\"og:title\" content=\"Luxuri\u00f6ses Gartenkissen f\u00fcr Bear Chair\u00ae Lounge Chairs - The Bear Chair\u00ae\" \/>\n<meta property=\"og:description\" content=\"Shop Top Quality Cushion f\u00fcr Ihren Bear Chair. Ein bequemes, hochwertiges Kissen f\u00fcr Ihren Bear Chair Gartenstuhl. Farbecht und waschbar.\" \/>\n<meta property=\"og:url\" content=\"https:\/\/bearchair.eu\/de\/kissen\/luxurioeses-gartenkissen-fuer-liegestuehle\/\" \/>\n<meta property=\"og:site_name\" content=\"The Bear Chair\u00ae\" \/>\n<meta property=\"article:modified_time\" content=\"2025-05-01T13:01:26+00:00\" \/>\n<meta property=\"og:image\" content=\"https:\/\/bearchair.eu\/wp-content\/uploads\/2024\/05\/Blauw-kussen-1-scaled.jpg\" \/>\n\t<meta property=\"og:image:width\" content=\"2560\" \/>\n\t<meta property=\"og:image:height\" content=\"2102\" \/>\n\t<meta property=\"og:image:type\" content=\"image\/jpeg\" \/>\n<meta name=\"twitter:card\" content=\"summary_large_image\" \/>\n<script type=\"application\/ld+json\" class=\"yoast-schema-graph\">{\"@context\":\"https:\/\/schema.org\",\"@graph\":[{\"@type\":\"WebPage\",\"@id\":\"https:\/\/bearchair.eu\/de\/kissen\/luxurioeses-gartenkissen-fuer-liegestuehle\/\",\"url\":\"https:\/\/bearchair.eu\/de\/kissen\/luxurioeses-gartenkissen-fuer-liegestuehle\/\",\"name\":\"Luxuri\u00f6ses Gartenkissen f\u00fcr Bear Chair\u00ae Lounge Chairs - The Bear Chair\u00ae\",\"isPartOf\":{\"@id\":\"https:\/\/bearchair.eu\/de\/#website\"},\"primaryImageOfPage\":{\"@id\":\"https:\/\/bearchair.eu\/de\/kissen\/luxurioeses-gartenkissen-fuer-liegestuehle\/#primaryimage\"},\"image\":{\"@id\":\"https:\/\/bearchair.eu\/de\/kissen\/luxurioeses-gartenkissen-fuer-liegestuehle\/#primaryimage\"},\"thumbnailUrl\":\"https:\/\/bearchair.eu\/wp-content\/uploads\/2024\/05\/Blauw-kussen-1-scaled.jpg\",\"datePublished\":\"2018-04-06T08:28:00+00:00\",\"dateModified\":\"2025-05-01T13:01:26+00:00\",\"description\":\"Shop Top Quality Cushion f\u00fcr Ihren Bear Chair. Ein bequemes, hochwertiges Kissen f\u00fcr Ihren Bear Chair Gartenstuhl. Farbecht und waschbar.\",\"breadcrumb\":{\"@id\":\"https:\/\/bearchair.eu\/de\/kissen\/luxurioeses-gartenkissen-fuer-liegestuehle\/#breadcrumb\"},\"inLanguage\":\"de\",\"potentialAction\":[{\"@type\":\"ReadAction\",\"target\":[\"https:\/\/bearchair.eu\/de\/kissen\/luxurioeses-gartenkissen-fuer-liegestuehle\/\"]}]},{\"@type\":\"ImageObject\",\"inLanguage\":\"de\",\"@id\":\"https:\/\/bearchair.eu\/de\/kissen\/luxurioeses-gartenkissen-fuer-liegestuehle\/#primaryimage\",\"url\":\"https:\/\/bearchair.eu\/wp-content\/uploads\/2024\/05\/Blauw-kussen-1-scaled.jpg\",\"contentUrl\":\"https:\/\/bearchair.eu\/wp-content\/uploads\/2024\/05\/Blauw-kussen-1-scaled.jpg\",\"width\":2560,\"height\":2102},{\"@type\":\"BreadcrumbList\",\"@id\":\"https:\/\/bearchair.eu\/de\/kissen\/luxurioeses-gartenkissen-fuer-liegestuehle\/#breadcrumb\",\"itemListElement\":[{\"@type\":\"ListItem\",\"position\":1,\"name\":\"Startseite\",\"item\":\"https:\/\/bearchair.eu\/de\/startseite\/\"},{\"@type\":\"ListItem\",\"position\":2,\"name\":\"Shop\",\"item\":\"https:\/\/bearchair.eu\/de\/shop\/\"},{\"@type\":\"ListItem\",\"position\":3,\"name\":\"Luxuri\u00f6ses Gartenkissen f\u00fcr Bear Chair\u00ae Lounge Chairs\"}]},{\"@type\":\"WebSite\",\"@id\":\"https:\/\/bearchair.eu\/de\/#website\",\"url\":\"https:\/\/bearchair.eu\/de\/\",\"name\":\"The Bear Chair\",\"description\":\"\",\"publisher\":{\"@id\":\"https:\/\/bearchair.eu\/de\/#organization\"},\"potentialAction\":[{\"@type\":\"SearchAction\",\"target\":{\"@type\":\"EntryPoint\",\"urlTemplate\":\"https:\/\/bearchair.eu\/de\/?s={search_term_string}\"},\"query-input\":{\"@type\":\"PropertyValueSpecification\",\"valueRequired\":true,\"valueName\":\"search_term_string\"}}],\"inLanguage\":\"de\"},{\"@type\":\"Organization\",\"@id\":\"https:\/\/bearchair.eu\/de\/#organization\",\"name\":\"Der B\u00e4renstuhl\",\"url\":\"https:\/\/bearchair.eu\/de\/\",\"logo\":{\"@type\":\"ImageObject\",\"inLanguage\":\"de\",\"@id\":\"https:\/\/bearchair.eu\/de\/#\/schema\/logo\/image\/\",\"url\":\"https:\/\/new.bearchair.eu\/wp-content\/uploads\/2024\/05\/BearChairIcon.png\",\"contentUrl\":\"https:\/\/new.bearchair.eu\/wp-content\/uploads\/2024\/05\/BearChairIcon.png\",\"width\":512,\"height\":512,\"caption\":\"Der B\u00e4renstuhl\"},\"image\":{\"@id\":\"https:\/\/bearchair.eu\/de\/#\/schema\/logo\/image\/\"}}]}<\/script>\n<!-- \/ Yoast SEO plugin. -->","yoast_head_json":{"title":"Luxuri\u00f6ses Gartenkissen f\u00fcr Bear Chair\u00ae Lounge Chairs - The Bear Chair\u00ae","description":"Shop Top Quality Cushion f\u00fcr Ihren Bear Chair. Ein bequemes, hochwertiges Kissen f\u00fcr Ihren Bear Chair Gartenstuhl. Farbecht und waschbar.","robots":{"index":"index","follow":"follow","max-snippet":"max-snippet:-1","max-image-preview":"max-image-preview:large","max-video-preview":"max-video-preview:-1"},"canonical":"https:\/\/bearchair.eu\/de\/kissen\/luxurioeses-gartenkissen-fuer-liegestuehle\/","og_locale":"de_DE","og_type":"article","og_title":"Luxuri\u00f6ses Gartenkissen f\u00fcr Bear Chair\u00ae Lounge Chairs - The Bear Chair\u00ae","og_description":"Shop Top Quality Cushion f\u00fcr Ihren Bear Chair. Ein bequemes, hochwertiges Kissen f\u00fcr Ihren Bear Chair Gartenstuhl. Farbecht und waschbar.","og_url":"https:\/\/bearchair.eu\/de\/kissen\/luxurioeses-gartenkissen-fuer-liegestuehle\/","og_site_name":"The Bear Chair\u00ae","article_modified_time":"2025-05-01T13:01:26+00:00","og_image":[{"width":2560,"height":2102,"url":"https:\/\/bearchair.eu\/wp-content\/uploads\/2024\/05\/Blauw-kussen-1-scaled.jpg","type":"image\/jpeg"}],"twitter_card":"summary_large_image","schema":{"@context":"https:\/\/schema.org","@graph":[{"@type":"WebPage","@id":"https:\/\/bearchair.eu\/de\/kissen\/luxurioeses-gartenkissen-fuer-liegestuehle\/","url":"https:\/\/bearchair.eu\/de\/kissen\/luxurioeses-gartenkissen-fuer-liegestuehle\/","name":"Luxuri\u00f6ses Gartenkissen f\u00fcr Bear Chair\u00ae Lounge Chairs - The Bear Chair\u00ae","isPartOf":{"@id":"https:\/\/bearchair.eu\/de\/#website"},"primaryImageOfPage":{"@id":"https:\/\/bearchair.eu\/de\/kissen\/luxurioeses-gartenkissen-fuer-liegestuehle\/#primaryimage"},"image":{"@id":"https:\/\/bearchair.eu\/de\/kissen\/luxurioeses-gartenkissen-fuer-liegestuehle\/#primaryimage"},"thumbnailUrl":"https:\/\/bearchair.eu\/wp-content\/uploads\/2024\/05\/Blauw-kussen-1-scaled.jpg","datePublished":"2018-04-06T08:28:00+00:00","dateModified":"2025-05-01T13:01:26+00:00","description":"Shop Top Quality Cushion f\u00fcr Ihren Bear Chair. Ein bequemes, hochwertiges Kissen f\u00fcr Ihren Bear Chair Gartenstuhl. Farbecht und waschbar.","breadcrumb":{"@id":"https:\/\/bearchair.eu\/de\/kissen\/luxurioeses-gartenkissen-fuer-liegestuehle\/#breadcrumb"},"inLanguage":"de","potentialAction":[{"@type":"ReadAction","target":["https:\/\/bearchair.eu\/de\/kissen\/luxurioeses-gartenkissen-fuer-liegestuehle\/"]}]},{"@type":"ImageObject","inLanguage":"de","@id":"https:\/\/bearchair.eu\/de\/kissen\/luxurioeses-gartenkissen-fuer-liegestuehle\/#primaryimage","url":"https:\/\/bearchair.eu\/wp-content\/uploads\/2024\/05\/Blauw-kussen-1-scaled.jpg","contentUrl":"https:\/\/bearchair.eu\/wp-content\/uploads\/2024\/05\/Blauw-kussen-1-scaled.jpg","width":2560,"height":2102},{"@type":"BreadcrumbList","@id":"https:\/\/bearchair.eu\/de\/kissen\/luxurioeses-gartenkissen-fuer-liegestuehle\/#breadcrumb","itemListElement":[{"@type":"ListItem","position":1,"name":"Startseite","item":"https:\/\/bearchair.eu\/de\/startseite\/"},{"@type":"ListItem","position":2,"name":"Shop","item":"https:\/\/bearchair.eu\/de\/shop\/"},{"@type":"ListItem","position":3,"name":"Luxuri\u00f6ses Gartenkissen f\u00fcr Bear Chair\u00ae Lounge Chairs"}]},{"@type":"WebSite","@id":"https:\/\/bearchair.eu\/de\/#website","url":"https:\/\/bearchair.eu\/de\/","name":"The Bear Chair","description":"","publisher":{"@id":"https:\/\/bearchair.eu\/de\/#organization"},"potentialAction":[{"@type":"SearchAction","target":{"@type":"EntryPoint","urlTemplate":"https:\/\/bearchair.eu\/de\/?s={search_term_string}"},"query-input":{"@type":"PropertyValueSpecification","valueRequired":true,"valueName":"search_term_string"}}],"inLanguage":"de"},{"@type":"Organization","@id":"https:\/\/bearchair.eu\/de\/#organization","name":"Der B\u00e4renstuhl","url":"https:\/\/bearchair.eu\/de\/","logo":{"@type":"ImageObject","inLanguage":"de","@id":"https:\/\/bearchair.eu\/de\/#\/schema\/logo\/image\/","url":"https:\/\/new.bearchair.eu\/wp-content\/uploads\/2024\/05\/BearChairIcon.png","contentUrl":"https:\/\/new.bearchair.eu\/wp-content\/uploads\/2024\/05\/BearChairIcon.png","width":512,"height":512,"caption":"Der B\u00e4renstuhl"},"image":{"@id":"https:\/\/bearchair.eu\/de\/#\/schema\/logo\/image\/"}}]}},"_links":{"self":[{"href":"https:\/\/bearchair.eu\/de\/wp-json\/wp\/v2\/product\/17625","targetHints":{"allow":["GET"]}}],"collection":[{"href":"https:\/\/bearchair.eu\/de\/wp-json\/wp\/v2\/product"}],"about":[{"href":"https:\/\/bearchair.eu\/de\/wp-json\/wp\/v2\/types\/product"}],"wp:featuredmedia":[{"embeddable":true,"href":"https:\/\/bearchair.eu\/de\/wp-json\/wp\/v2\/media\/15072"}],"wp:attachment":[{"href":"https:\/\/bearchair.eu\/de\/wp-json\/wp\/v2\/media?parent=17625"}],"wp:term":[{"taxonomy":"product_brand","embeddable":true,"href":"https:\/\/bearchair.eu\/de\/wp-json\/wp\/v2\/product_brand?post=17625"},{"taxonomy":"product_cat","embeddable":true,"href":"https:\/\/bearchair.eu\/de\/wp-json\/wp\/v2\/product_cat?post=17625"},{"taxonomy":"product_tag","embeddable":true,"href":"https:\/\/bearchair.eu\/de\/wp-json\/wp\/v2\/product_tag?post=17625"}],"curies":[{"name":"wp","href":"https:\/\/api.w.org\/{rel}","templated":true}]}}