{"id":18487,"date":"2024-10-16T10:15:30","date_gmt":"2024-10-16T10:15:30","guid":{"rendered":"https:\/\/bearchair.eu\/unkategorisiert\/verstellbar-bear-chair-mit-fusshocker\/"},"modified":"2025-05-01T12:31:26","modified_gmt":"2025-05-01T12:31:26","slug":"verstellbar-bear-chair-mit-fusshocker","status":"publish","type":"product","link":"https:\/\/bearchair.eu\/de\/kombinationen\/verstellbar-bear-chair-mit-fusshocker\/","title":{"rendered":"Verstellbarer Bear Chair\u00ae Stuhl mit Fu\u00dfhocker"},"content":{"rendered":"<p>Der verstellbare Bear Chair\u00ae Sessel sorgt daf\u00fcr, dass Sie immer den sch\u00f6nsten Sitzwinkel haben: ob Sie nun aufrecht stehend ein Buch lesen oder bequem auf dem Sofa d\u00f6sen m\u00f6chten. Legen Sie Ihre F\u00fc\u00dfe f\u00fcr die ultimative Entspannung auf den mitgelieferten Hocker. Das Set ist aus hochwertigem Zedernholz gefertigt, das nicht nur sch\u00f6n aussieht, sondern auch sehr robust und langlebig ist.  <\/p>\n<p><strong>Abmessungen:<\/strong><\/p>\n<p><strong>Verstellbarer Bear Chair\u00ae Stuhl:  <\/strong><\/p>\n<ul>\n<li>H\u00f6he: 93 cm<\/li>\n<li>Breite: 80 cm<\/li>\n<li>Tiefe: 90 cm<\/li>\n<\/ul>\n<p><strong>Gewicht:<\/strong> 12 kg<\/p>\n<p><strong>Fu\u00dfhocker:  <\/strong><\/p>\n<ul>\n<li>H\u00f6he: 33 cm<\/li>\n<li>Breite: 46 cm<\/li>\n<li>Tiefe: 44 cm<\/li>\n<\/ul>\n<p><strong>Gewicht:<\/strong> 3 kg<\/p>\n<p><strong>Montage: <\/strong>Dieses Set ist in zwei Arten von Verpackungen erh\u00e4ltlich:<\/p>\n<ul>\n<li><strong>Vormontiert:<\/strong> Sie erhalten den Stuhl, dessen R\u00fcckenlehne und Sitzfl\u00e4che bereits montiert sind. Die anderen Teile des Stuhls und der Ottomane sind ansonsten einfach zusammenzubauen. Das Paket enth\u00e4lt die Latten, Schrauben, Leim und nat\u00fcrlich eine ausf\u00fchrliche Montageanleitung.  <\/li>\n<li><strong>Vollst\u00e4ndig montiert:<\/strong> Der Stuhl und die Ottomane sind bereits vollst\u00e4ndig montiert. Er wird Ihnen fertig montiert von unserem eigenen Transportservice geliefert.  Bitte beachten Sie, dass dies mit h\u00f6heren Kosten verbunden sein kann.<\/li>\n<\/ul>\n","protected":false},"excerpt":{"rendered":"<p>Der verstellbare Bear Chair\u00ae Stuhl mit dem Fu\u00dfhocker von Bear Chair\u00ae sind die ideale Kombination. Mit seinem robusten Design und der verstellbaren R\u00fcckenlehne ist dieser Stuhl ideal zum Entspannen im Garten, auf der Terrasse oder auf dem Balkon, und mit dem Fu\u00dfhocker k\u00f6nnen Sie auch Ihre Beine und F\u00fc\u00dfe vollkommen entspannen. <\/p>\n","protected":false},"featured_media":16220,"template":"","meta":[],"product_brand":[],"product_cat":[291],"product_tag":[],"class_list":{"0":"post-18487","1":"product","2":"type-product","3":"status-publish","4":"has-post-thumbnail","6":"product_cat-kombinationen","8":"first","9":"instock","10":"sale","11":"taxable","12":"shipping-taxable","13":"purchasable","14":"product-type-variable"},"yoast_head":"<!-- This site is optimized with the Yoast SEO plugin v27.2 - https:\/\/yoast.com\/product\/yoast-seo-wordpress\/ -->\n<title>Verstellbarer Bear Chair\u00ae Stuhl mit Fu\u00dfhocker - The Bear Chair\u00ae<\/title>\n<meta name=\"description\" content=\"Shop The Adjustable Bear Chair\u00ae Stuhl mit Fu\u00dfhocker. Robustes Design und verstellbare R\u00fcckenlehne. Ideal zum Entspannen im Garten, auf der Terrasse oder auf dem Balkon.\" \/>\n<meta name=\"robots\" content=\"index, follow, max-snippet:-1, max-image-preview:large, max-video-preview:-1\" \/>\n<link rel=\"canonical\" href=\"https:\/\/bearchair.eu\/de\/kombinationen\/verstellbar-bear-chair-mit-fusshocker\/\" \/>\n<meta property=\"og:locale\" content=\"de_DE\" \/>\n<meta property=\"og:type\" content=\"article\" \/>\n<meta property=\"og:title\" content=\"Verstellbarer Bear Chair\u00ae Stuhl mit Fu\u00dfhocker - The Bear Chair\u00ae\" \/>\n<meta property=\"og:description\" content=\"Shop The Adjustable Bear Chair\u00ae Stuhl mit Fu\u00dfhocker. Robustes Design und verstellbare R\u00fcckenlehne. Ideal zum Entspannen im Garten, auf der Terrasse oder auf dem Balkon.\" \/>\n<meta property=\"og:url\" content=\"https:\/\/bearchair.eu\/de\/kombinationen\/verstellbar-bear-chair-mit-fusshocker\/\" \/>\n<meta property=\"og:site_name\" content=\"The Bear Chair\u00ae\" \/>\n<meta property=\"article:modified_time\" content=\"2025-05-01T12:31:26+00:00\" \/>\n<meta property=\"og:image\" content=\"https:\/\/bearchair.eu\/wp-content\/uploads\/2024\/10\/BC500-BC01-ivboz-rotated.jpg\" \/>\n\t<meta property=\"og:image:width\" content=\"1734\" \/>\n\t<meta property=\"og:image:height\" content=\"2312\" \/>\n\t<meta property=\"og:image:type\" content=\"image\/jpeg\" \/>\n<meta name=\"twitter:card\" content=\"summary_large_image\" \/>\n<meta name=\"twitter:label1\" content=\"Gesch\u00e4tzte Lesezeit\" \/>\n\t<meta name=\"twitter:data1\" content=\"1\u00a0Minute\" \/>\n<script type=\"application\/ld+json\" class=\"yoast-schema-graph\">{\"@context\":\"https:\/\/schema.org\",\"@graph\":[{\"@type\":\"WebPage\",\"@id\":\"https:\/\/bearchair.eu\/de\/kombinationen\/verstellbar-bear-chair-mit-fusshocker\/\",\"url\":\"https:\/\/bearchair.eu\/de\/kombinationen\/verstellbar-bear-chair-mit-fusshocker\/\",\"name\":\"Verstellbarer Bear Chair\u00ae Stuhl mit Fu\u00dfhocker - The Bear Chair\u00ae\",\"isPartOf\":{\"@id\":\"https:\/\/bearchair.eu\/de\/#website\"},\"primaryImageOfPage\":{\"@id\":\"https:\/\/bearchair.eu\/de\/kombinationen\/verstellbar-bear-chair-mit-fusshocker\/#primaryimage\"},\"image\":{\"@id\":\"https:\/\/bearchair.eu\/de\/kombinationen\/verstellbar-bear-chair-mit-fusshocker\/#primaryimage\"},\"thumbnailUrl\":\"https:\/\/bearchair.eu\/wp-content\/uploads\/2024\/10\/BC500-BC01-ivboz-rotated.jpg\",\"datePublished\":\"2024-10-16T10:15:30+00:00\",\"dateModified\":\"2025-05-01T12:31:26+00:00\",\"description\":\"Shop The Adjustable Bear Chair\u00ae Stuhl mit Fu\u00dfhocker. Robustes Design und verstellbare R\u00fcckenlehne. Ideal zum Entspannen im Garten, auf der Terrasse oder auf dem Balkon.\",\"breadcrumb\":{\"@id\":\"https:\/\/bearchair.eu\/de\/kombinationen\/verstellbar-bear-chair-mit-fusshocker\/#breadcrumb\"},\"inLanguage\":\"de\",\"potentialAction\":[{\"@type\":\"ReadAction\",\"target\":[\"https:\/\/bearchair.eu\/de\/kombinationen\/verstellbar-bear-chair-mit-fusshocker\/\"]}]},{\"@type\":\"ImageObject\",\"inLanguage\":\"de\",\"@id\":\"https:\/\/bearchair.eu\/de\/kombinationen\/verstellbar-bear-chair-mit-fusshocker\/#primaryimage\",\"url\":\"https:\/\/bearchair.eu\/wp-content\/uploads\/2024\/10\/BC500-BC01-ivboz-rotated.jpg\",\"contentUrl\":\"https:\/\/bearchair.eu\/wp-content\/uploads\/2024\/10\/BC500-BC01-ivboz-rotated.jpg\",\"width\":1734,\"height\":2312},{\"@type\":\"BreadcrumbList\",\"@id\":\"https:\/\/bearchair.eu\/de\/kombinationen\/verstellbar-bear-chair-mit-fusshocker\/#breadcrumb\",\"itemListElement\":[{\"@type\":\"ListItem\",\"position\":1,\"name\":\"Startseite\",\"item\":\"https:\/\/bearchair.eu\/de\/startseite\/\"},{\"@type\":\"ListItem\",\"position\":2,\"name\":\"Shop\",\"item\":\"https:\/\/bearchair.eu\/de\/shop\/\"},{\"@type\":\"ListItem\",\"position\":3,\"name\":\"Verstellbarer Bear Chair\u00ae Stuhl mit Fu\u00dfhocker\"}]},{\"@type\":\"WebSite\",\"@id\":\"https:\/\/bearchair.eu\/de\/#website\",\"url\":\"https:\/\/bearchair.eu\/de\/\",\"name\":\"The Bear Chair\",\"description\":\"\",\"publisher\":{\"@id\":\"https:\/\/bearchair.eu\/de\/#organization\"},\"potentialAction\":[{\"@type\":\"SearchAction\",\"target\":{\"@type\":\"EntryPoint\",\"urlTemplate\":\"https:\/\/bearchair.eu\/de\/?s={search_term_string}\"},\"query-input\":{\"@type\":\"PropertyValueSpecification\",\"valueRequired\":true,\"valueName\":\"search_term_string\"}}],\"inLanguage\":\"de\"},{\"@type\":\"Organization\",\"@id\":\"https:\/\/bearchair.eu\/de\/#organization\",\"name\":\"Der B\u00e4renstuhl\",\"url\":\"https:\/\/bearchair.eu\/de\/\",\"logo\":{\"@type\":\"ImageObject\",\"inLanguage\":\"de\",\"@id\":\"https:\/\/bearchair.eu\/de\/#\/schema\/logo\/image\/\",\"url\":\"https:\/\/new.bearchair.eu\/wp-content\/uploads\/2024\/05\/BearChairIcon.png\",\"contentUrl\":\"https:\/\/new.bearchair.eu\/wp-content\/uploads\/2024\/05\/BearChairIcon.png\",\"width\":512,\"height\":512,\"caption\":\"Der B\u00e4renstuhl\"},\"image\":{\"@id\":\"https:\/\/bearchair.eu\/de\/#\/schema\/logo\/image\/\"}}]}<\/script>\n<!-- \/ Yoast SEO plugin. -->","yoast_head_json":{"title":"Verstellbarer Bear Chair\u00ae Stuhl mit Fu\u00dfhocker - The Bear Chair\u00ae","description":"Shop The Adjustable Bear Chair\u00ae Stuhl mit Fu\u00dfhocker. Robustes Design und verstellbare R\u00fcckenlehne. Ideal zum Entspannen im Garten, auf der Terrasse oder auf dem Balkon.","robots":{"index":"index","follow":"follow","max-snippet":"max-snippet:-1","max-image-preview":"max-image-preview:large","max-video-preview":"max-video-preview:-1"},"canonical":"https:\/\/bearchair.eu\/de\/kombinationen\/verstellbar-bear-chair-mit-fusshocker\/","og_locale":"de_DE","og_type":"article","og_title":"Verstellbarer Bear Chair\u00ae Stuhl mit Fu\u00dfhocker - The Bear Chair\u00ae","og_description":"Shop The Adjustable Bear Chair\u00ae Stuhl mit Fu\u00dfhocker. Robustes Design und verstellbare R\u00fcckenlehne. Ideal zum Entspannen im Garten, auf der Terrasse oder auf dem Balkon.","og_url":"https:\/\/bearchair.eu\/de\/kombinationen\/verstellbar-bear-chair-mit-fusshocker\/","og_site_name":"The Bear Chair\u00ae","article_modified_time":"2025-05-01T12:31:26+00:00","og_image":[{"width":1734,"height":2312,"url":"https:\/\/bearchair.eu\/wp-content\/uploads\/2024\/10\/BC500-BC01-ivboz-rotated.jpg","type":"image\/jpeg"}],"twitter_card":"summary_large_image","twitter_misc":{"Gesch\u00e4tzte Lesezeit":"1\u00a0Minute"},"schema":{"@context":"https:\/\/schema.org","@graph":[{"@type":"WebPage","@id":"https:\/\/bearchair.eu\/de\/kombinationen\/verstellbar-bear-chair-mit-fusshocker\/","url":"https:\/\/bearchair.eu\/de\/kombinationen\/verstellbar-bear-chair-mit-fusshocker\/","name":"Verstellbarer Bear Chair\u00ae Stuhl mit Fu\u00dfhocker - The Bear Chair\u00ae","isPartOf":{"@id":"https:\/\/bearchair.eu\/de\/#website"},"primaryImageOfPage":{"@id":"https:\/\/bearchair.eu\/de\/kombinationen\/verstellbar-bear-chair-mit-fusshocker\/#primaryimage"},"image":{"@id":"https:\/\/bearchair.eu\/de\/kombinationen\/verstellbar-bear-chair-mit-fusshocker\/#primaryimage"},"thumbnailUrl":"https:\/\/bearchair.eu\/wp-content\/uploads\/2024\/10\/BC500-BC01-ivboz-rotated.jpg","datePublished":"2024-10-16T10:15:30+00:00","dateModified":"2025-05-01T12:31:26+00:00","description":"Shop The Adjustable Bear Chair\u00ae Stuhl mit Fu\u00dfhocker. Robustes Design und verstellbare R\u00fcckenlehne. Ideal zum Entspannen im Garten, auf der Terrasse oder auf dem Balkon.","breadcrumb":{"@id":"https:\/\/bearchair.eu\/de\/kombinationen\/verstellbar-bear-chair-mit-fusshocker\/#breadcrumb"},"inLanguage":"de","potentialAction":[{"@type":"ReadAction","target":["https:\/\/bearchair.eu\/de\/kombinationen\/verstellbar-bear-chair-mit-fusshocker\/"]}]},{"@type":"ImageObject","inLanguage":"de","@id":"https:\/\/bearchair.eu\/de\/kombinationen\/verstellbar-bear-chair-mit-fusshocker\/#primaryimage","url":"https:\/\/bearchair.eu\/wp-content\/uploads\/2024\/10\/BC500-BC01-ivboz-rotated.jpg","contentUrl":"https:\/\/bearchair.eu\/wp-content\/uploads\/2024\/10\/BC500-BC01-ivboz-rotated.jpg","width":1734,"height":2312},{"@type":"BreadcrumbList","@id":"https:\/\/bearchair.eu\/de\/kombinationen\/verstellbar-bear-chair-mit-fusshocker\/#breadcrumb","itemListElement":[{"@type":"ListItem","position":1,"name":"Startseite","item":"https:\/\/bearchair.eu\/de\/startseite\/"},{"@type":"ListItem","position":2,"name":"Shop","item":"https:\/\/bearchair.eu\/de\/shop\/"},{"@type":"ListItem","position":3,"name":"Verstellbarer Bear Chair\u00ae Stuhl mit Fu\u00dfhocker"}]},{"@type":"WebSite","@id":"https:\/\/bearchair.eu\/de\/#website","url":"https:\/\/bearchair.eu\/de\/","name":"The Bear Chair","description":"","publisher":{"@id":"https:\/\/bearchair.eu\/de\/#organization"},"potentialAction":[{"@type":"SearchAction","target":{"@type":"EntryPoint","urlTemplate":"https:\/\/bearchair.eu\/de\/?s={search_term_string}"},"query-input":{"@type":"PropertyValueSpecification","valueRequired":true,"valueName":"search_term_string"}}],"inLanguage":"de"},{"@type":"Organization","@id":"https:\/\/bearchair.eu\/de\/#organization","name":"Der B\u00e4renstuhl","url":"https:\/\/bearchair.eu\/de\/","logo":{"@type":"ImageObject","inLanguage":"de","@id":"https:\/\/bearchair.eu\/de\/#\/schema\/logo\/image\/","url":"https:\/\/new.bearchair.eu\/wp-content\/uploads\/2024\/05\/BearChairIcon.png","contentUrl":"https:\/\/new.bearchair.eu\/wp-content\/uploads\/2024\/05\/BearChairIcon.png","width":512,"height":512,"caption":"Der B\u00e4renstuhl"},"image":{"@id":"https:\/\/bearchair.eu\/de\/#\/schema\/logo\/image\/"}}]}},"_links":{"self":[{"href":"https:\/\/bearchair.eu\/de\/wp-json\/wp\/v2\/product\/18487","targetHints":{"allow":["GET"]}}],"collection":[{"href":"https:\/\/bearchair.eu\/de\/wp-json\/wp\/v2\/product"}],"about":[{"href":"https:\/\/bearchair.eu\/de\/wp-json\/wp\/v2\/types\/product"}],"wp:featuredmedia":[{"embeddable":true,"href":"https:\/\/bearchair.eu\/de\/wp-json\/wp\/v2\/media\/16220"}],"wp:attachment":[{"href":"https:\/\/bearchair.eu\/de\/wp-json\/wp\/v2\/media?parent=18487"}],"wp:term":[{"taxonomy":"product_brand","embeddable":true,"href":"https:\/\/bearchair.eu\/de\/wp-json\/wp\/v2\/product_brand?post=18487"},{"taxonomy":"product_cat","embeddable":true,"href":"https:\/\/bearchair.eu\/de\/wp-json\/wp\/v2\/product_cat?post=18487"},{"taxonomy":"product_tag","embeddable":true,"href":"https:\/\/bearchair.eu\/de\/wp-json\/wp\/v2\/product_tag?post=18487"}],"curies":[{"name":"wp","href":"https:\/\/api.w.org\/{rel}","templated":true}]}}