{"id":18524,"date":"2024-06-01T12:35:05","date_gmt":"2024-06-01T12:35:05","guid":{"rendered":"https:\/\/bearchair.eu\/unkategorisiert\/original-bear-chairs-mit-fusshockern-2er-set\/"},"modified":"2025-05-01T12:25:40","modified_gmt":"2025-05-01T12:25:40","slug":"original-bear-chairs-mit-fusshockern-2er-set","status":"publish","type":"product","link":"https:\/\/bearchair.eu\/de\/kombinationen\/original-bear-chairs-mit-fusshockern-2er-set\/","title":{"rendered":"Original Bear Chair\u00ae St\u00fchle mit Fu\u00dfhockern (2er Set)"},"content":{"rendered":"<p><strong>Abmessungen:<\/strong><\/p>\n<p><strong>Original Bear Chair\u00ae Stuhl:<\/strong><\/p>\n<ul>\n<li>H\u00f6he: 93 cm<\/li>\n<li>Breite: 80 cm<\/li>\n<li>Tiefe: 93 cm<\/li>\n<\/ul>\n<p><strong>Gewicht:<\/strong> 11,5 kg<\/p>\n<p><strong>Fu\u00dfhocker:  <\/strong><\/p>\n<ul>\n<li>H\u00f6he: 33 cm<\/li>\n<li>Breite: 46 cm<\/li>\n<li>Tiefe: 44 cm<\/li>\n<\/ul>\n<p><strong>Gewicht:<\/strong> 3 kg<\/p>\n<p><strong>Montage:<\/strong> Dieses Set ist in drei Verpackungsarten erh\u00e4ltlich:<\/p>\n<ul>\n<li><strong>Bausatz:<\/strong> Sie erhalten alle Materialien, um das Set selbst zusammenzubauen. Der Bausatz enth\u00e4lt die Latten, Schrauben, Leim und nat\u00fcrlich eine detaillierte Aufbauanleitung. <\/li>\n<li><strong>Vormontiert:<\/strong> Das Set ist bereits teilweise zusammengebaut, den Rest m\u00fcssen Sie selbst zusammensetzen. Alle Materialien und Aufbauanleitungen sind nat\u00fcrlich enthalten. <\/li>\n<li><strong>Vollst\u00e4ndig montiert:<\/strong> Das Set ist bereits vollst\u00e4ndig montiert. Es wird mit unserem eigenen Transportservice fertig montiert zu Ihnen geliefert.  Bitte beachten Sie, dass dies mit h\u00f6heren Kosten verbunden sein kann.<\/li>\n<\/ul>\n<p>&nbsp;<\/p>\n<p>&nbsp;<\/p>\n","protected":false},"excerpt":{"rendered":"<p>Dieses Set besteht aus zwei Original Bear Chair\u00ae St\u00fchlen mit Fu\u00dfhockern. Lehnen Sie sich zur\u00fcck, legen Sie Ihre Beine auf den Hockern ab und entspannen Sie sich! <\/p>\n","protected":false},"featured_media":15637,"template":"","meta":[],"product_brand":[],"product_cat":[291],"product_tag":[],"class_list":{"0":"post-18524","1":"product","2":"type-product","3":"status-publish","4":"has-post-thumbnail","6":"product_cat-kombinationen","8":"first","9":"instock","10":"taxable","11":"shipping-taxable","12":"purchasable","13":"product-type-variable"},"yoast_head":"<!-- This site is optimized with the Yoast SEO plugin v27.2 - https:\/\/yoast.com\/product\/yoast-seo-wordpress\/ -->\n<title>Original Bear Chair\u00ae St\u00fchle mit Fu\u00dfhockern (2er Set) - The Bear Chair\u00ae<\/title>\n<meta name=\"robots\" content=\"index, follow, max-snippet:-1, max-image-preview:large, max-video-preview:-1\" \/>\n<link rel=\"canonical\" href=\"https:\/\/bearchair.eu\/de\/kombinationen\/original-bear-chairs-mit-fusshockern-2er-set\/\" \/>\n<meta property=\"og:locale\" content=\"de_DE\" \/>\n<meta property=\"og:type\" content=\"article\" \/>\n<meta property=\"og:title\" content=\"Original Bear Chair\u00ae St\u00fchle mit Fu\u00dfhockern (2er Set) - The Bear Chair\u00ae\" \/>\n<meta property=\"og:description\" content=\"Dieses Set besteht aus zwei Original Bear Chair\u00ae St\u00fchlen mit Fu\u00dfhockern. Lehnen Sie sich zur\u00fcck, legen Sie Ihre Beine auf den Hockern ab und entspannen Sie sich!\" \/>\n<meta property=\"og:url\" content=\"https:\/\/bearchair.eu\/de\/kombinationen\/original-bear-chairs-mit-fusshockern-2er-set\/\" \/>\n<meta property=\"og:site_name\" content=\"The Bear Chair\u00ae\" \/>\n<meta property=\"article:modified_time\" content=\"2025-05-01T12:25:40+00:00\" \/>\n<meta property=\"og:image\" content=\"https:\/\/bearchair.eu\/wp-content\/uploads\/2024\/05\/Untitled-design-11.png\" \/>\n\t<meta property=\"og:image:width\" content=\"720\" \/>\n\t<meta property=\"og:image:height\" content=\"960\" \/>\n\t<meta property=\"og:image:type\" content=\"image\/png\" \/>\n<meta name=\"twitter:card\" content=\"summary_large_image\" \/>\n<meta name=\"twitter:label1\" content=\"Gesch\u00e4tzte Lesezeit\" \/>\n\t<meta name=\"twitter:data1\" content=\"1\u00a0Minute\" \/>\n<script type=\"application\/ld+json\" class=\"yoast-schema-graph\">{\"@context\":\"https:\/\/schema.org\",\"@graph\":[{\"@type\":\"WebPage\",\"@id\":\"https:\/\/bearchair.eu\/de\/kombinationen\/original-bear-chairs-mit-fusshockern-2er-set\/\",\"url\":\"https:\/\/bearchair.eu\/de\/kombinationen\/original-bear-chairs-mit-fusshockern-2er-set\/\",\"name\":\"Original Bear Chair\u00ae St\u00fchle mit Fu\u00dfhockern (2er Set) - The Bear Chair\u00ae\",\"isPartOf\":{\"@id\":\"https:\/\/bearchair.eu\/de\/#website\"},\"primaryImageOfPage\":{\"@id\":\"https:\/\/bearchair.eu\/de\/kombinationen\/original-bear-chairs-mit-fusshockern-2er-set\/#primaryimage\"},\"image\":{\"@id\":\"https:\/\/bearchair.eu\/de\/kombinationen\/original-bear-chairs-mit-fusshockern-2er-set\/#primaryimage\"},\"thumbnailUrl\":\"https:\/\/bearchair.eu\/wp-content\/uploads\/2024\/05\/Untitled-design-11.png\",\"datePublished\":\"2024-06-01T12:35:05+00:00\",\"dateModified\":\"2025-05-01T12:25:40+00:00\",\"breadcrumb\":{\"@id\":\"https:\/\/bearchair.eu\/de\/kombinationen\/original-bear-chairs-mit-fusshockern-2er-set\/#breadcrumb\"},\"inLanguage\":\"de\",\"potentialAction\":[{\"@type\":\"ReadAction\",\"target\":[\"https:\/\/bearchair.eu\/de\/kombinationen\/original-bear-chairs-mit-fusshockern-2er-set\/\"]}]},{\"@type\":\"ImageObject\",\"inLanguage\":\"de\",\"@id\":\"https:\/\/bearchair.eu\/de\/kombinationen\/original-bear-chairs-mit-fusshockern-2er-set\/#primaryimage\",\"url\":\"https:\/\/bearchair.eu\/wp-content\/uploads\/2024\/05\/Untitled-design-11.png\",\"contentUrl\":\"https:\/\/bearchair.eu\/wp-content\/uploads\/2024\/05\/Untitled-design-11.png\",\"width\":720,\"height\":960},{\"@type\":\"BreadcrumbList\",\"@id\":\"https:\/\/bearchair.eu\/de\/kombinationen\/original-bear-chairs-mit-fusshockern-2er-set\/#breadcrumb\",\"itemListElement\":[{\"@type\":\"ListItem\",\"position\":1,\"name\":\"Startseite\",\"item\":\"https:\/\/bearchair.eu\/de\/startseite\/\"},{\"@type\":\"ListItem\",\"position\":2,\"name\":\"Shop\",\"item\":\"https:\/\/bearchair.eu\/de\/shop\/\"},{\"@type\":\"ListItem\",\"position\":3,\"name\":\"Original Bear Chair\u00ae St\u00fchle mit Fu\u00dfhockern (2er Set)\"}]},{\"@type\":\"WebSite\",\"@id\":\"https:\/\/bearchair.eu\/de\/#website\",\"url\":\"https:\/\/bearchair.eu\/de\/\",\"name\":\"The Bear Chair\",\"description\":\"\",\"publisher\":{\"@id\":\"https:\/\/bearchair.eu\/de\/#organization\"},\"potentialAction\":[{\"@type\":\"SearchAction\",\"target\":{\"@type\":\"EntryPoint\",\"urlTemplate\":\"https:\/\/bearchair.eu\/de\/?s={search_term_string}\"},\"query-input\":{\"@type\":\"PropertyValueSpecification\",\"valueRequired\":true,\"valueName\":\"search_term_string\"}}],\"inLanguage\":\"de\"},{\"@type\":\"Organization\",\"@id\":\"https:\/\/bearchair.eu\/de\/#organization\",\"name\":\"Der B\u00e4renstuhl\",\"url\":\"https:\/\/bearchair.eu\/de\/\",\"logo\":{\"@type\":\"ImageObject\",\"inLanguage\":\"de\",\"@id\":\"https:\/\/bearchair.eu\/de\/#\/schema\/logo\/image\/\",\"url\":\"https:\/\/new.bearchair.eu\/wp-content\/uploads\/2024\/05\/BearChairIcon.png\",\"contentUrl\":\"https:\/\/new.bearchair.eu\/wp-content\/uploads\/2024\/05\/BearChairIcon.png\",\"width\":512,\"height\":512,\"caption\":\"Der B\u00e4renstuhl\"},\"image\":{\"@id\":\"https:\/\/bearchair.eu\/de\/#\/schema\/logo\/image\/\"}}]}<\/script>\n<!-- \/ Yoast SEO plugin. -->","yoast_head_json":{"title":"Original Bear Chair\u00ae St\u00fchle mit Fu\u00dfhockern (2er Set) - The Bear Chair\u00ae","robots":{"index":"index","follow":"follow","max-snippet":"max-snippet:-1","max-image-preview":"max-image-preview:large","max-video-preview":"max-video-preview:-1"},"canonical":"https:\/\/bearchair.eu\/de\/kombinationen\/original-bear-chairs-mit-fusshockern-2er-set\/","og_locale":"de_DE","og_type":"article","og_title":"Original Bear Chair\u00ae St\u00fchle mit Fu\u00dfhockern (2er Set) - The Bear Chair\u00ae","og_description":"Dieses Set besteht aus zwei Original Bear Chair\u00ae St\u00fchlen mit Fu\u00dfhockern. Lehnen Sie sich zur\u00fcck, legen Sie Ihre Beine auf den Hockern ab und entspannen Sie sich!","og_url":"https:\/\/bearchair.eu\/de\/kombinationen\/original-bear-chairs-mit-fusshockern-2er-set\/","og_site_name":"The Bear Chair\u00ae","article_modified_time":"2025-05-01T12:25:40+00:00","og_image":[{"width":720,"height":960,"url":"https:\/\/bearchair.eu\/wp-content\/uploads\/2024\/05\/Untitled-design-11.png","type":"image\/png"}],"twitter_card":"summary_large_image","twitter_misc":{"Gesch\u00e4tzte Lesezeit":"1\u00a0Minute"},"schema":{"@context":"https:\/\/schema.org","@graph":[{"@type":"WebPage","@id":"https:\/\/bearchair.eu\/de\/kombinationen\/original-bear-chairs-mit-fusshockern-2er-set\/","url":"https:\/\/bearchair.eu\/de\/kombinationen\/original-bear-chairs-mit-fusshockern-2er-set\/","name":"Original Bear Chair\u00ae St\u00fchle mit Fu\u00dfhockern (2er Set) - The Bear Chair\u00ae","isPartOf":{"@id":"https:\/\/bearchair.eu\/de\/#website"},"primaryImageOfPage":{"@id":"https:\/\/bearchair.eu\/de\/kombinationen\/original-bear-chairs-mit-fusshockern-2er-set\/#primaryimage"},"image":{"@id":"https:\/\/bearchair.eu\/de\/kombinationen\/original-bear-chairs-mit-fusshockern-2er-set\/#primaryimage"},"thumbnailUrl":"https:\/\/bearchair.eu\/wp-content\/uploads\/2024\/05\/Untitled-design-11.png","datePublished":"2024-06-01T12:35:05+00:00","dateModified":"2025-05-01T12:25:40+00:00","breadcrumb":{"@id":"https:\/\/bearchair.eu\/de\/kombinationen\/original-bear-chairs-mit-fusshockern-2er-set\/#breadcrumb"},"inLanguage":"de","potentialAction":[{"@type":"ReadAction","target":["https:\/\/bearchair.eu\/de\/kombinationen\/original-bear-chairs-mit-fusshockern-2er-set\/"]}]},{"@type":"ImageObject","inLanguage":"de","@id":"https:\/\/bearchair.eu\/de\/kombinationen\/original-bear-chairs-mit-fusshockern-2er-set\/#primaryimage","url":"https:\/\/bearchair.eu\/wp-content\/uploads\/2024\/05\/Untitled-design-11.png","contentUrl":"https:\/\/bearchair.eu\/wp-content\/uploads\/2024\/05\/Untitled-design-11.png","width":720,"height":960},{"@type":"BreadcrumbList","@id":"https:\/\/bearchair.eu\/de\/kombinationen\/original-bear-chairs-mit-fusshockern-2er-set\/#breadcrumb","itemListElement":[{"@type":"ListItem","position":1,"name":"Startseite","item":"https:\/\/bearchair.eu\/de\/startseite\/"},{"@type":"ListItem","position":2,"name":"Shop","item":"https:\/\/bearchair.eu\/de\/shop\/"},{"@type":"ListItem","position":3,"name":"Original Bear Chair\u00ae St\u00fchle mit Fu\u00dfhockern (2er Set)"}]},{"@type":"WebSite","@id":"https:\/\/bearchair.eu\/de\/#website","url":"https:\/\/bearchair.eu\/de\/","name":"The Bear Chair","description":"","publisher":{"@id":"https:\/\/bearchair.eu\/de\/#organization"},"potentialAction":[{"@type":"SearchAction","target":{"@type":"EntryPoint","urlTemplate":"https:\/\/bearchair.eu\/de\/?s={search_term_string}"},"query-input":{"@type":"PropertyValueSpecification","valueRequired":true,"valueName":"search_term_string"}}],"inLanguage":"de"},{"@type":"Organization","@id":"https:\/\/bearchair.eu\/de\/#organization","name":"Der B\u00e4renstuhl","url":"https:\/\/bearchair.eu\/de\/","logo":{"@type":"ImageObject","inLanguage":"de","@id":"https:\/\/bearchair.eu\/de\/#\/schema\/logo\/image\/","url":"https:\/\/new.bearchair.eu\/wp-content\/uploads\/2024\/05\/BearChairIcon.png","contentUrl":"https:\/\/new.bearchair.eu\/wp-content\/uploads\/2024\/05\/BearChairIcon.png","width":512,"height":512,"caption":"Der B\u00e4renstuhl"},"image":{"@id":"https:\/\/bearchair.eu\/de\/#\/schema\/logo\/image\/"}}]}},"_links":{"self":[{"href":"https:\/\/bearchair.eu\/de\/wp-json\/wp\/v2\/product\/18524","targetHints":{"allow":["GET"]}}],"collection":[{"href":"https:\/\/bearchair.eu\/de\/wp-json\/wp\/v2\/product"}],"about":[{"href":"https:\/\/bearchair.eu\/de\/wp-json\/wp\/v2\/types\/product"}],"wp:featuredmedia":[{"embeddable":true,"href":"https:\/\/bearchair.eu\/de\/wp-json\/wp\/v2\/media\/15637"}],"wp:attachment":[{"href":"https:\/\/bearchair.eu\/de\/wp-json\/wp\/v2\/media?parent=18524"}],"wp:term":[{"taxonomy":"product_brand","embeddable":true,"href":"https:\/\/bearchair.eu\/de\/wp-json\/wp\/v2\/product_brand?post=18524"},{"taxonomy":"product_cat","embeddable":true,"href":"https:\/\/bearchair.eu\/de\/wp-json\/wp\/v2\/product_cat?post=18524"},{"taxonomy":"product_tag","embeddable":true,"href":"https:\/\/bearchair.eu\/de\/wp-json\/wp\/v2\/product_tag?post=18524"}],"curies":[{"name":"wp","href":"https:\/\/api.w.org\/{rel}","templated":true}]}}