{"id":18537,"date":"2024-05-03T10:10:32","date_gmt":"2024-05-03T10:10:32","guid":{"rendered":"https:\/\/bearchair.eu\/unkategorisiert\/royal-bear-chair-mit-logo\/"},"modified":"2025-04-25T09:50:37","modified_gmt":"2025-04-25T09:50:37","slug":"royal-bear-chair-mit-logo","status":"publish","type":"product","link":"https:\/\/bearchair.eu\/de\/stuhle\/royal-bear-chair-mit-logo\/","title":{"rendered":"Royal Bear Chair\u00ae Stuhl mit Logo"},"content":{"rendered":"<p>Dieser Royal Bear Chair\u00ae Stuhl ist etwas ganz Besonderes: Sie k\u00f6nnen ihn mit dem Logo Ihres Unternehmens bedrucken lassen. Auf diese Weise erhalten Sie die Robustheit und den Komfort des Royal Bear Chair\u00ae Stuhls im Stil Ihrer Marke! <\/p>\n<p>Sprechen Sie mit uns \u00fcber die M\u00f6glichkeiten, Ihre Marke auf einzigartige Weise mit diesem exklusiven Gartenstuhl zu pr\u00e4sentieren.<\/p>\n<p><strong>Abmessungen:  <\/strong><\/p>\n<ul>\n<li>H\u00f6he: 96 cm<\/li>\n<li>Breite: 85 cm<\/li>\n<li>Tiefe: 90 cm<\/li>\n<\/ul>\n<p><strong>Gewicht:<\/strong> 12,5 kg<\/p>\n","protected":false},"excerpt":{"rendered":"<p>Zus\u00e4tzlich zu einem Royal Bear Chair\u00ae Stuhl mit Fotodruck ist es auch m\u00f6glich, einen Stuhl mit Ihrem Logo zu bedrucken. Auf diese Weise haben Sie einen robusten, bequemen Stuhl, der gleichzeitig ein starkes Markeninstrument ist! <\/p>\n<p>&nbsp;<\/p>\n","protected":false},"featured_media":15297,"template":"","meta":[],"product_brand":[],"product_cat":[307,274],"product_tag":[],"class_list":{"0":"post-18537","1":"product","2":"type-product","3":"status-publish","4":"has-post-thumbnail","6":"product_cat-mobel","7":"product_cat-stuhle","9":"first","10":"instock","11":"featured","12":"taxable","13":"shipping-taxable","14":"product-type-simple"},"yoast_head":"<!-- This site is optimized with the Yoast SEO plugin v27.2 - https:\/\/yoast.com\/product\/yoast-seo-wordpress\/ -->\n<title>Royal Bear Chair\u00ae Stuhl mit Logo - The Bear Chair\u00ae<\/title>\n<meta name=\"robots\" content=\"index, follow, max-snippet:-1, max-image-preview:large, max-video-preview:-1\" \/>\n<link rel=\"canonical\" href=\"https:\/\/bearchair.eu\/de\/stuhle\/royal-bear-chair-mit-logo\/\" \/>\n<meta property=\"og:locale\" content=\"de_DE\" \/>\n<meta property=\"og:type\" content=\"article\" \/>\n<meta property=\"og:title\" content=\"Royal Bear Chair\u00ae Stuhl mit Logo - The Bear Chair\u00ae\" \/>\n<meta property=\"og:description\" content=\"Zus\u00e4tzlich zu einem Royal Bear Chair\u00ae Stuhl mit Fotodruck ist es auch m\u00f6glich, einen Stuhl mit Ihrem Logo zu bedrucken. Auf diese Weise haben Sie einen robusten, bequemen Stuhl, der gleichzeitig ein starkes Markeninstrument ist!  &nbsp;\" \/>\n<meta property=\"og:url\" content=\"https:\/\/bearchair.eu\/de\/stuhle\/royal-bear-chair-mit-logo\/\" \/>\n<meta property=\"og:site_name\" content=\"The Bear Chair\u00ae\" \/>\n<meta property=\"article:modified_time\" content=\"2025-04-25T09:50:37+00:00\" \/>\n<meta property=\"og:image\" content=\"https:\/\/bearchair.eu\/wp-content\/uploads\/2024\/05\/rug-royal-Accor-5-scaled.jpg\" \/>\n\t<meta property=\"og:image:width\" content=\"1920\" \/>\n\t<meta property=\"og:image:height\" content=\"2560\" \/>\n\t<meta property=\"og:image:type\" content=\"image\/jpeg\" \/>\n<meta name=\"twitter:card\" content=\"summary_large_image\" \/>\n<script type=\"application\/ld+json\" class=\"yoast-schema-graph\">{\"@context\":\"https:\/\/schema.org\",\"@graph\":[{\"@type\":\"WebPage\",\"@id\":\"https:\/\/bearchair.eu\/de\/stuhle\/royal-bear-chair-mit-logo\/\",\"url\":\"https:\/\/bearchair.eu\/de\/stuhle\/royal-bear-chair-mit-logo\/\",\"name\":\"Royal Bear Chair\u00ae Stuhl mit Logo - The Bear Chair\u00ae\",\"isPartOf\":{\"@id\":\"https:\/\/bearchair.eu\/de\/#website\"},\"primaryImageOfPage\":{\"@id\":\"https:\/\/bearchair.eu\/de\/stuhle\/royal-bear-chair-mit-logo\/#primaryimage\"},\"image\":{\"@id\":\"https:\/\/bearchair.eu\/de\/stuhle\/royal-bear-chair-mit-logo\/#primaryimage\"},\"thumbnailUrl\":\"https:\/\/bearchair.eu\/wp-content\/uploads\/2024\/05\/rug-royal-Accor-5-scaled.jpg\",\"datePublished\":\"2024-05-03T10:10:32+00:00\",\"dateModified\":\"2025-04-25T09:50:37+00:00\",\"breadcrumb\":{\"@id\":\"https:\/\/bearchair.eu\/de\/stuhle\/royal-bear-chair-mit-logo\/#breadcrumb\"},\"inLanguage\":\"de\",\"potentialAction\":[{\"@type\":\"ReadAction\",\"target\":[\"https:\/\/bearchair.eu\/de\/stuhle\/royal-bear-chair-mit-logo\/\"]}]},{\"@type\":\"ImageObject\",\"inLanguage\":\"de\",\"@id\":\"https:\/\/bearchair.eu\/de\/stuhle\/royal-bear-chair-mit-logo\/#primaryimage\",\"url\":\"https:\/\/bearchair.eu\/wp-content\/uploads\/2024\/05\/rug-royal-Accor-5-scaled.jpg\",\"contentUrl\":\"https:\/\/bearchair.eu\/wp-content\/uploads\/2024\/05\/rug-royal-Accor-5-scaled.jpg\",\"width\":1920,\"height\":2560},{\"@type\":\"BreadcrumbList\",\"@id\":\"https:\/\/bearchair.eu\/de\/stuhle\/royal-bear-chair-mit-logo\/#breadcrumb\",\"itemListElement\":[{\"@type\":\"ListItem\",\"position\":1,\"name\":\"Startseite\",\"item\":\"https:\/\/bearchair.eu\/de\/startseite\/\"},{\"@type\":\"ListItem\",\"position\":2,\"name\":\"Shop\",\"item\":\"https:\/\/bearchair.eu\/de\/shop\/\"},{\"@type\":\"ListItem\",\"position\":3,\"name\":\"Royal Bear Chair\u00ae Stuhl mit Logo\"}]},{\"@type\":\"WebSite\",\"@id\":\"https:\/\/bearchair.eu\/de\/#website\",\"url\":\"https:\/\/bearchair.eu\/de\/\",\"name\":\"The Bear Chair\",\"description\":\"\",\"publisher\":{\"@id\":\"https:\/\/bearchair.eu\/de\/#organization\"},\"potentialAction\":[{\"@type\":\"SearchAction\",\"target\":{\"@type\":\"EntryPoint\",\"urlTemplate\":\"https:\/\/bearchair.eu\/de\/?s={search_term_string}\"},\"query-input\":{\"@type\":\"PropertyValueSpecification\",\"valueRequired\":true,\"valueName\":\"search_term_string\"}}],\"inLanguage\":\"de\"},{\"@type\":\"Organization\",\"@id\":\"https:\/\/bearchair.eu\/de\/#organization\",\"name\":\"Der B\u00e4renstuhl\",\"url\":\"https:\/\/bearchair.eu\/de\/\",\"logo\":{\"@type\":\"ImageObject\",\"inLanguage\":\"de\",\"@id\":\"https:\/\/bearchair.eu\/de\/#\/schema\/logo\/image\/\",\"url\":\"https:\/\/new.bearchair.eu\/wp-content\/uploads\/2024\/05\/BearChairIcon.png\",\"contentUrl\":\"https:\/\/new.bearchair.eu\/wp-content\/uploads\/2024\/05\/BearChairIcon.png\",\"width\":512,\"height\":512,\"caption\":\"Der B\u00e4renstuhl\"},\"image\":{\"@id\":\"https:\/\/bearchair.eu\/de\/#\/schema\/logo\/image\/\"}}]}<\/script>\n<!-- \/ Yoast SEO plugin. -->","yoast_head_json":{"title":"Royal Bear Chair\u00ae Stuhl mit Logo - The Bear Chair\u00ae","robots":{"index":"index","follow":"follow","max-snippet":"max-snippet:-1","max-image-preview":"max-image-preview:large","max-video-preview":"max-video-preview:-1"},"canonical":"https:\/\/bearchair.eu\/de\/stuhle\/royal-bear-chair-mit-logo\/","og_locale":"de_DE","og_type":"article","og_title":"Royal Bear Chair\u00ae Stuhl mit Logo - The Bear Chair\u00ae","og_description":"Zus\u00e4tzlich zu einem Royal Bear Chair\u00ae Stuhl mit Fotodruck ist es auch m\u00f6glich, einen Stuhl mit Ihrem Logo zu bedrucken. Auf diese Weise haben Sie einen robusten, bequemen Stuhl, der gleichzeitig ein starkes Markeninstrument ist!  &nbsp;","og_url":"https:\/\/bearchair.eu\/de\/stuhle\/royal-bear-chair-mit-logo\/","og_site_name":"The Bear Chair\u00ae","article_modified_time":"2025-04-25T09:50:37+00:00","og_image":[{"width":1920,"height":2560,"url":"https:\/\/bearchair.eu\/wp-content\/uploads\/2024\/05\/rug-royal-Accor-5-scaled.jpg","type":"image\/jpeg"}],"twitter_card":"summary_large_image","schema":{"@context":"https:\/\/schema.org","@graph":[{"@type":"WebPage","@id":"https:\/\/bearchair.eu\/de\/stuhle\/royal-bear-chair-mit-logo\/","url":"https:\/\/bearchair.eu\/de\/stuhle\/royal-bear-chair-mit-logo\/","name":"Royal Bear Chair\u00ae Stuhl mit Logo - The Bear Chair\u00ae","isPartOf":{"@id":"https:\/\/bearchair.eu\/de\/#website"},"primaryImageOfPage":{"@id":"https:\/\/bearchair.eu\/de\/stuhle\/royal-bear-chair-mit-logo\/#primaryimage"},"image":{"@id":"https:\/\/bearchair.eu\/de\/stuhle\/royal-bear-chair-mit-logo\/#primaryimage"},"thumbnailUrl":"https:\/\/bearchair.eu\/wp-content\/uploads\/2024\/05\/rug-royal-Accor-5-scaled.jpg","datePublished":"2024-05-03T10:10:32+00:00","dateModified":"2025-04-25T09:50:37+00:00","breadcrumb":{"@id":"https:\/\/bearchair.eu\/de\/stuhle\/royal-bear-chair-mit-logo\/#breadcrumb"},"inLanguage":"de","potentialAction":[{"@type":"ReadAction","target":["https:\/\/bearchair.eu\/de\/stuhle\/royal-bear-chair-mit-logo\/"]}]},{"@type":"ImageObject","inLanguage":"de","@id":"https:\/\/bearchair.eu\/de\/stuhle\/royal-bear-chair-mit-logo\/#primaryimage","url":"https:\/\/bearchair.eu\/wp-content\/uploads\/2024\/05\/rug-royal-Accor-5-scaled.jpg","contentUrl":"https:\/\/bearchair.eu\/wp-content\/uploads\/2024\/05\/rug-royal-Accor-5-scaled.jpg","width":1920,"height":2560},{"@type":"BreadcrumbList","@id":"https:\/\/bearchair.eu\/de\/stuhle\/royal-bear-chair-mit-logo\/#breadcrumb","itemListElement":[{"@type":"ListItem","position":1,"name":"Startseite","item":"https:\/\/bearchair.eu\/de\/startseite\/"},{"@type":"ListItem","position":2,"name":"Shop","item":"https:\/\/bearchair.eu\/de\/shop\/"},{"@type":"ListItem","position":3,"name":"Royal Bear Chair\u00ae Stuhl mit Logo"}]},{"@type":"WebSite","@id":"https:\/\/bearchair.eu\/de\/#website","url":"https:\/\/bearchair.eu\/de\/","name":"The Bear Chair","description":"","publisher":{"@id":"https:\/\/bearchair.eu\/de\/#organization"},"potentialAction":[{"@type":"SearchAction","target":{"@type":"EntryPoint","urlTemplate":"https:\/\/bearchair.eu\/de\/?s={search_term_string}"},"query-input":{"@type":"PropertyValueSpecification","valueRequired":true,"valueName":"search_term_string"}}],"inLanguage":"de"},{"@type":"Organization","@id":"https:\/\/bearchair.eu\/de\/#organization","name":"Der B\u00e4renstuhl","url":"https:\/\/bearchair.eu\/de\/","logo":{"@type":"ImageObject","inLanguage":"de","@id":"https:\/\/bearchair.eu\/de\/#\/schema\/logo\/image\/","url":"https:\/\/new.bearchair.eu\/wp-content\/uploads\/2024\/05\/BearChairIcon.png","contentUrl":"https:\/\/new.bearchair.eu\/wp-content\/uploads\/2024\/05\/BearChairIcon.png","width":512,"height":512,"caption":"Der B\u00e4renstuhl"},"image":{"@id":"https:\/\/bearchair.eu\/de\/#\/schema\/logo\/image\/"}}]}},"_links":{"self":[{"href":"https:\/\/bearchair.eu\/de\/wp-json\/wp\/v2\/product\/18537","targetHints":{"allow":["GET"]}}],"collection":[{"href":"https:\/\/bearchair.eu\/de\/wp-json\/wp\/v2\/product"}],"about":[{"href":"https:\/\/bearchair.eu\/de\/wp-json\/wp\/v2\/types\/product"}],"wp:featuredmedia":[{"embeddable":true,"href":"https:\/\/bearchair.eu\/de\/wp-json\/wp\/v2\/media\/15297"}],"wp:attachment":[{"href":"https:\/\/bearchair.eu\/de\/wp-json\/wp\/v2\/media?parent=18537"}],"wp:term":[{"taxonomy":"product_brand","embeddable":true,"href":"https:\/\/bearchair.eu\/de\/wp-json\/wp\/v2\/product_brand?post=18537"},{"taxonomy":"product_cat","embeddable":true,"href":"https:\/\/bearchair.eu\/de\/wp-json\/wp\/v2\/product_cat?post=18537"},{"taxonomy":"product_tag","embeddable":true,"href":"https:\/\/bearchair.eu\/de\/wp-json\/wp\/v2\/product_tag?post=18537"}],"curies":[{"name":"wp","href":"https:\/\/api.w.org\/{rel}","templated":true}]}}