{"id":18546,"date":"2024-05-03T10:10:32","date_gmt":"2024-05-03T10:10:32","guid":{"rendered":"https:\/\/bearchair.eu\/unkategorisiert\/royal-bear-chair-fusshocker\/"},"modified":"2024-05-03T10:10:32","modified_gmt":"2024-05-03T10:10:32","slug":"royal-bear-chair-fusshocker","status":"publish","type":"product","link":"https:\/\/bearchair.eu\/de\/modelle-anzeigen\/royal-bear-chair-fusshocker\/","title":{"rendered":"Royal Bear Chair + Fu\u00dfhocker"},"content":{"rendered":"<p><em>Dies ist ein Ausstellungsmodell.<\/em><\/p>\n<p>Dieses Set, bestehend aus einem Royal Bear Chair mit einem Hocker, ist die perfekte Kombination aus Robustheit, Langlebigkeit, Komfort und Stil. Das dicke Zedernholz verwandelt den Stuhl in einen echten Thron. Da der Stuhl klappbar ist, l\u00e4sst er sich leicht bewegen und verstauen.  <\/p>\n<p><strong>Abmessungen:<\/strong><\/p>\n<p><strong>Vorsitz:<\/strong><\/p>\n<ul>\n<li>H\u00f6he: 96cm<\/li>\n<li>Breite: 85cm<\/li>\n<li>Tiefe: 90cm<\/li>\n<\/ul>\n<p><strong>Gewicht: 12,5 kg<\/strong><\/p>\n<p><strong>Fu\u00dfhocker:  <\/strong><\/p>\n<ul>\n<li>H\u00f6he: 33cm<\/li>\n<li>Breite: 46cm<\/li>\n<li>Tiefe: 44 cm<\/li>\n<\/ul>\n<p><strong>Gewicht:<\/strong> 3 kg<\/p>\n<p>&nbsp;<\/p>\n","protected":false},"excerpt":{"rendered":"<p><em>Dies ist ein Ausstellungsmodell  <\/em><\/p>\n<p>Der Royal Bear Chair ist nur einen Hauch eleganter und noch stabiler als The Original Bear Chair. Er ist genauso bequem und au\u00dferdem faltbar. Der Fu\u00dfschemel sorgt f\u00fcr h\u00f6chsten Komfort!  <\/p>\n","protected":false},"featured_media":10015,"template":"","meta":[],"product_brand":[],"product_cat":[313],"product_tag":[],"class_list":{"0":"post-18546","1":"product","2":"type-product","3":"status-publish","4":"has-post-thumbnail","6":"product_cat-modelle-anzeigen","8":"first","9":"instock","10":"sale","11":"taxable","12":"shipping-taxable","13":"purchasable","14":"product-type-simple"},"yoast_head":"<!-- This site is optimized with the Yoast SEO plugin v27.2 - https:\/\/yoast.com\/product\/yoast-seo-wordpress\/ -->\n<title>Royal Bear Chair + Fu\u00dfhocker - The Bear Chair\u00ae<\/title>\n<meta name=\"description\" content=\"Shop The Royal Bear Chair mit Fu\u00dfhocker. Dieser robuste und langlebige Stuhl ist aus dickerem Zedernholz gefertigt und bietet sowohl Luxus als auch Halt. Zusammenklappbar\" \/>\n<meta name=\"robots\" content=\"index, follow, max-snippet:-1, max-image-preview:large, max-video-preview:-1\" \/>\n<link rel=\"canonical\" href=\"https:\/\/bearchair.eu\/de\/modelle-anzeigen\/royal-bear-chair-fusshocker\/\" \/>\n<meta property=\"og:locale\" content=\"de_DE\" \/>\n<meta property=\"og:type\" content=\"article\" \/>\n<meta property=\"og:title\" content=\"Royal Bear Chair + Fu\u00dfhocker - The Bear Chair\u00ae\" \/>\n<meta property=\"og:description\" content=\"Shop The Royal Bear Chair mit Fu\u00dfhocker. Dieser robuste und langlebige Stuhl ist aus dickerem Zedernholz gefertigt und bietet sowohl Luxus als auch Halt. Zusammenklappbar\" \/>\n<meta property=\"og:url\" content=\"https:\/\/bearchair.eu\/de\/modelle-anzeigen\/royal-bear-chair-fusshocker\/\" \/>\n<meta property=\"og:site_name\" content=\"The Bear Chair\u00ae\" \/>\n<meta property=\"og:image\" content=\"https:\/\/bearchair.eu\/wp-content\/uploads\/2024\/05\/Royal-Bear-Chair-met-Voetstoel-en-props.jpg\" \/>\n\t<meta property=\"og:image:width\" content=\"2500\" \/>\n\t<meta property=\"og:image:height\" content=\"1667\" \/>\n\t<meta property=\"og:image:type\" content=\"image\/jpeg\" \/>\n<meta name=\"twitter:card\" content=\"summary_large_image\" \/>\n<script type=\"application\/ld+json\" class=\"yoast-schema-graph\">{\"@context\":\"https:\/\/schema.org\",\"@graph\":[{\"@type\":\"WebPage\",\"@id\":\"https:\/\/bearchair.eu\/de\/modelle-anzeigen\/royal-bear-chair-fusshocker\/\",\"url\":\"https:\/\/bearchair.eu\/de\/modelle-anzeigen\/royal-bear-chair-fusshocker\/\",\"name\":\"Royal Bear Chair + Fu\u00dfhocker - The Bear Chair\u00ae\",\"isPartOf\":{\"@id\":\"https:\/\/bearchair.eu\/de\/#website\"},\"primaryImageOfPage\":{\"@id\":\"https:\/\/bearchair.eu\/de\/modelle-anzeigen\/royal-bear-chair-fusshocker\/#primaryimage\"},\"image\":{\"@id\":\"https:\/\/bearchair.eu\/de\/modelle-anzeigen\/royal-bear-chair-fusshocker\/#primaryimage\"},\"thumbnailUrl\":\"https:\/\/bearchair.eu\/wp-content\/uploads\/2024\/05\/Royal-Bear-Chair-met-Voetstoel-en-props.jpg\",\"datePublished\":\"2024-05-03T10:10:32+00:00\",\"description\":\"Shop The Royal Bear Chair mit Fu\u00dfhocker. Dieser robuste und langlebige Stuhl ist aus dickerem Zedernholz gefertigt und bietet sowohl Luxus als auch Halt. Zusammenklappbar\",\"breadcrumb\":{\"@id\":\"https:\/\/bearchair.eu\/de\/modelle-anzeigen\/royal-bear-chair-fusshocker\/#breadcrumb\"},\"inLanguage\":\"de\",\"potentialAction\":[{\"@type\":\"ReadAction\",\"target\":[\"https:\/\/bearchair.eu\/de\/modelle-anzeigen\/royal-bear-chair-fusshocker\/\"]}]},{\"@type\":\"ImageObject\",\"inLanguage\":\"de\",\"@id\":\"https:\/\/bearchair.eu\/de\/modelle-anzeigen\/royal-bear-chair-fusshocker\/#primaryimage\",\"url\":\"https:\/\/bearchair.eu\/wp-content\/uploads\/2024\/05\/Royal-Bear-Chair-met-Voetstoel-en-props.jpg\",\"contentUrl\":\"https:\/\/bearchair.eu\/wp-content\/uploads\/2024\/05\/Royal-Bear-Chair-met-Voetstoel-en-props.jpg\",\"width\":2500,\"height\":1667},{\"@type\":\"BreadcrumbList\",\"@id\":\"https:\/\/bearchair.eu\/de\/modelle-anzeigen\/royal-bear-chair-fusshocker\/#breadcrumb\",\"itemListElement\":[{\"@type\":\"ListItem\",\"position\":1,\"name\":\"Home\",\"item\":\"https:\/\/bearchair.eu\/de\/startseite\/\"},{\"@type\":\"ListItem\",\"position\":2,\"name\":\"Shop\",\"item\":\"https:\/\/bearchair.eu\/de\/shop\/\"},{\"@type\":\"ListItem\",\"position\":3,\"name\":\"Royal Bear Chair + Fu\u00dfhocker\"}]},{\"@type\":\"WebSite\",\"@id\":\"https:\/\/bearchair.eu\/de\/#website\",\"url\":\"https:\/\/bearchair.eu\/de\/\",\"name\":\"The Bear Chair\",\"description\":\"\",\"publisher\":{\"@id\":\"https:\/\/bearchair.eu\/de\/#organization\"},\"potentialAction\":[{\"@type\":\"SearchAction\",\"target\":{\"@type\":\"EntryPoint\",\"urlTemplate\":\"https:\/\/bearchair.eu\/de\/?s={search_term_string}\"},\"query-input\":{\"@type\":\"PropertyValueSpecification\",\"valueRequired\":true,\"valueName\":\"search_term_string\"}}],\"inLanguage\":\"de\"},{\"@type\":\"Organization\",\"@id\":\"https:\/\/bearchair.eu\/de\/#organization\",\"name\":\"Der B\u00e4renstuhl\",\"url\":\"https:\/\/bearchair.eu\/de\/\",\"logo\":{\"@type\":\"ImageObject\",\"inLanguage\":\"de\",\"@id\":\"https:\/\/bearchair.eu\/de\/#\/schema\/logo\/image\/\",\"url\":\"https:\/\/new.bearchair.eu\/wp-content\/uploads\/2024\/05\/BearChairIcon.png\",\"contentUrl\":\"https:\/\/new.bearchair.eu\/wp-content\/uploads\/2024\/05\/BearChairIcon.png\",\"width\":512,\"height\":512,\"caption\":\"Der B\u00e4renstuhl\"},\"image\":{\"@id\":\"https:\/\/bearchair.eu\/de\/#\/schema\/logo\/image\/\"}}]}<\/script>\n<!-- \/ Yoast SEO plugin. -->","yoast_head_json":{"title":"Royal Bear Chair + Fu\u00dfhocker - The Bear Chair\u00ae","description":"Shop The Royal Bear Chair mit Fu\u00dfhocker. Dieser robuste und langlebige Stuhl ist aus dickerem Zedernholz gefertigt und bietet sowohl Luxus als auch Halt. Zusammenklappbar","robots":{"index":"index","follow":"follow","max-snippet":"max-snippet:-1","max-image-preview":"max-image-preview:large","max-video-preview":"max-video-preview:-1"},"canonical":"https:\/\/bearchair.eu\/de\/modelle-anzeigen\/royal-bear-chair-fusshocker\/","og_locale":"de_DE","og_type":"article","og_title":"Royal Bear Chair + Fu\u00dfhocker - The Bear Chair\u00ae","og_description":"Shop The Royal Bear Chair mit Fu\u00dfhocker. Dieser robuste und langlebige Stuhl ist aus dickerem Zedernholz gefertigt und bietet sowohl Luxus als auch Halt. Zusammenklappbar","og_url":"https:\/\/bearchair.eu\/de\/modelle-anzeigen\/royal-bear-chair-fusshocker\/","og_site_name":"The Bear Chair\u00ae","og_image":[{"width":2500,"height":1667,"url":"https:\/\/bearchair.eu\/wp-content\/uploads\/2024\/05\/Royal-Bear-Chair-met-Voetstoel-en-props.jpg","type":"image\/jpeg"}],"twitter_card":"summary_large_image","schema":{"@context":"https:\/\/schema.org","@graph":[{"@type":"WebPage","@id":"https:\/\/bearchair.eu\/de\/modelle-anzeigen\/royal-bear-chair-fusshocker\/","url":"https:\/\/bearchair.eu\/de\/modelle-anzeigen\/royal-bear-chair-fusshocker\/","name":"Royal Bear Chair + Fu\u00dfhocker - The Bear Chair\u00ae","isPartOf":{"@id":"https:\/\/bearchair.eu\/de\/#website"},"primaryImageOfPage":{"@id":"https:\/\/bearchair.eu\/de\/modelle-anzeigen\/royal-bear-chair-fusshocker\/#primaryimage"},"image":{"@id":"https:\/\/bearchair.eu\/de\/modelle-anzeigen\/royal-bear-chair-fusshocker\/#primaryimage"},"thumbnailUrl":"https:\/\/bearchair.eu\/wp-content\/uploads\/2024\/05\/Royal-Bear-Chair-met-Voetstoel-en-props.jpg","datePublished":"2024-05-03T10:10:32+00:00","description":"Shop The Royal Bear Chair mit Fu\u00dfhocker. Dieser robuste und langlebige Stuhl ist aus dickerem Zedernholz gefertigt und bietet sowohl Luxus als auch Halt. Zusammenklappbar","breadcrumb":{"@id":"https:\/\/bearchair.eu\/de\/modelle-anzeigen\/royal-bear-chair-fusshocker\/#breadcrumb"},"inLanguage":"de","potentialAction":[{"@type":"ReadAction","target":["https:\/\/bearchair.eu\/de\/modelle-anzeigen\/royal-bear-chair-fusshocker\/"]}]},{"@type":"ImageObject","inLanguage":"de","@id":"https:\/\/bearchair.eu\/de\/modelle-anzeigen\/royal-bear-chair-fusshocker\/#primaryimage","url":"https:\/\/bearchair.eu\/wp-content\/uploads\/2024\/05\/Royal-Bear-Chair-met-Voetstoel-en-props.jpg","contentUrl":"https:\/\/bearchair.eu\/wp-content\/uploads\/2024\/05\/Royal-Bear-Chair-met-Voetstoel-en-props.jpg","width":2500,"height":1667},{"@type":"BreadcrumbList","@id":"https:\/\/bearchair.eu\/de\/modelle-anzeigen\/royal-bear-chair-fusshocker\/#breadcrumb","itemListElement":[{"@type":"ListItem","position":1,"name":"Home","item":"https:\/\/bearchair.eu\/de\/startseite\/"},{"@type":"ListItem","position":2,"name":"Shop","item":"https:\/\/bearchair.eu\/de\/shop\/"},{"@type":"ListItem","position":3,"name":"Royal Bear Chair + Fu\u00dfhocker"}]},{"@type":"WebSite","@id":"https:\/\/bearchair.eu\/de\/#website","url":"https:\/\/bearchair.eu\/de\/","name":"The Bear Chair","description":"","publisher":{"@id":"https:\/\/bearchair.eu\/de\/#organization"},"potentialAction":[{"@type":"SearchAction","target":{"@type":"EntryPoint","urlTemplate":"https:\/\/bearchair.eu\/de\/?s={search_term_string}"},"query-input":{"@type":"PropertyValueSpecification","valueRequired":true,"valueName":"search_term_string"}}],"inLanguage":"de"},{"@type":"Organization","@id":"https:\/\/bearchair.eu\/de\/#organization","name":"Der B\u00e4renstuhl","url":"https:\/\/bearchair.eu\/de\/","logo":{"@type":"ImageObject","inLanguage":"de","@id":"https:\/\/bearchair.eu\/de\/#\/schema\/logo\/image\/","url":"https:\/\/new.bearchair.eu\/wp-content\/uploads\/2024\/05\/BearChairIcon.png","contentUrl":"https:\/\/new.bearchair.eu\/wp-content\/uploads\/2024\/05\/BearChairIcon.png","width":512,"height":512,"caption":"Der B\u00e4renstuhl"},"image":{"@id":"https:\/\/bearchair.eu\/de\/#\/schema\/logo\/image\/"}}]}},"_links":{"self":[{"href":"https:\/\/bearchair.eu\/de\/wp-json\/wp\/v2\/product\/18546","targetHints":{"allow":["GET"]}}],"collection":[{"href":"https:\/\/bearchair.eu\/de\/wp-json\/wp\/v2\/product"}],"about":[{"href":"https:\/\/bearchair.eu\/de\/wp-json\/wp\/v2\/types\/product"}],"wp:featuredmedia":[{"embeddable":true,"href":"https:\/\/bearchair.eu\/de\/wp-json\/wp\/v2\/media\/10015"}],"wp:attachment":[{"href":"https:\/\/bearchair.eu\/de\/wp-json\/wp\/v2\/media?parent=18546"}],"wp:term":[{"taxonomy":"product_brand","embeddable":true,"href":"https:\/\/bearchair.eu\/de\/wp-json\/wp\/v2\/product_brand?post=18546"},{"taxonomy":"product_cat","embeddable":true,"href":"https:\/\/bearchair.eu\/de\/wp-json\/wp\/v2\/product_cat?post=18546"},{"taxonomy":"product_tag","embeddable":true,"href":"https:\/\/bearchair.eu\/de\/wp-json\/wp\/v2\/product_tag?post=18546"}],"curies":[{"name":"wp","href":"https:\/\/api.w.org\/{rel}","templated":true}]}}