{"id":18547,"date":"2024-05-03T10:10:32","date_gmt":"2024-05-03T10:10:32","guid":{"rendered":"https:\/\/bearchair.eu\/unkategorisiert\/royal-composite-bear-chair-schwarz-fusshocker\/"},"modified":"2025-04-25T09:46:05","modified_gmt":"2025-04-25T09:46:05","slug":"royal-composite-bear-chair-schwarz-fusshocker","status":"publish","type":"product","link":"https:\/\/bearchair.eu\/de\/stuhle\/royal-composite-bear-chair-schwarz-fusshocker\/","title":{"rendered":"Royal Composite Bear Chair\u00ae Stuhl (Schwarz) + Fu\u00dfhocker"},"content":{"rendered":"<p>Dieser robuste schwarze Royal Composite Bear Chair\u00ae Stuhl ist stilvoll, praktisch und wie alle Bear Chair\u00ae St\u00fchle unverw\u00fcstlich. Royal Composite Bear Chair\u00ae St\u00fchle sind aus unzerst\u00f6rbarem, farbechtem, hochwertigem, recyceltem Kunststoffmaterial (Composite) hergestellt. Diese St\u00fchle sind wartungsfrei, halten ein Leben lang und ihr Gewicht von 25 kg bedeutet, dass sie nicht weggeweht werden, auch nicht von einem Balkon in einem hohen Stockwerk. Der mitgelieferte Fu\u00dfhocker garantiert ultimativen Komfort!   <\/p>\n<p><strong>Abmessungen:  <\/strong><\/p>\n<p><strong>Vorsitz:<\/strong><\/p>\n<div>\n<ul>\n<li>H\u00f6he: 96 cm<\/li>\n<li>Breite: 85 cm<\/li>\n<li>Tiefe: 96 cm<\/li>\n<li>Dieses Modell ist zusammenklappbar<\/li>\n<\/ul>\n<p><strong>Gewicht:<\/strong> 25 kg<\/p>\n<p><strong>Fu\u00dfhocker:  <\/strong><\/p>\n<ul>\n<li>H\u00f6he: 35cm<\/li>\n<li>Breite: 51cm<\/li>\n<li>Tiefe: 47cm<\/li>\n<\/ul>\n<p><strong>Gewicht:<\/strong> ca. 10 kg<\/p>\n<p><strong>Montage:<\/strong> Der Royal Composite Bear Chair\u00ae und der Fu\u00dfschemel sind in drei Verpackungsarten erh\u00e4ltlich:<\/p>\n<ul>\n<li><strong>Bausatz:<\/strong> Sie erhalten das gesamte Material, um den Stuhl selbst zusammenzubauen. Der Bausatz enth\u00e4lt die Latten, Schrauben, Leim und nat\u00fcrlich eine detaillierte Aufbauanleitung. <\/li>\n<li><strong>Vormontiert:<\/strong> Die R\u00fcckenlehne und der Sitz sind vormontiert, der Rest muss selbst zusammengebaut werden. Alle Materialien und Montageanleitungen sind nat\u00fcrlich im Lieferumfang enthalten. <\/li>\n<li><strong>Vollst\u00e4ndig montiert:<\/strong> Der Stuhl ist bereits vollst\u00e4ndig montiert. Er wird Ihnen von unserem eigenen Transportservice fertig montiert geliefert.  Bitte beachten Sie, dass dies mit h\u00f6heren Kosten verbunden sein kann.<\/li>\n<\/ul>\n<\/div>\n","protected":false},"excerpt":{"rendered":"<p>Diese robuste schwarze Version des Royal Bear Chair\u00ae passt in jeden Garten. Superstabil, farbecht, wartungsfrei und au\u00dferdem zusammenklappbar, ideal! <\/p>\n","protected":false},"featured_media":15257,"template":"","meta":[],"product_brand":[],"product_cat":[274,308],"product_tag":[],"class_list":{"0":"post-18547","1":"product","2":"type-product","3":"status-publish","4":"has-post-thumbnail","6":"product_cat-stuhle","7":"product_cat-verkauf","9":"first","10":"instock","11":"sale","12":"taxable","13":"shipping-taxable","14":"purchasable","15":"product-type-simple"},"yoast_head":"<!-- This site is optimized with the Yoast SEO plugin v27.2 - https:\/\/yoast.com\/product\/yoast-seo-wordpress\/ -->\n<title>Royal Composite Bear Chair\u00ae Stuhl (Schwarz) + Fu\u00dfhocker - The Bear Chair\u00ae<\/title>\n<meta name=\"robots\" content=\"index, follow, max-snippet:-1, max-image-preview:large, max-video-preview:-1\" \/>\n<link rel=\"canonical\" href=\"https:\/\/bearchair.eu\/de\/stuhle\/royal-composite-bear-chair-schwarz-fusshocker\/\" \/>\n<meta property=\"og:locale\" content=\"de_DE\" \/>\n<meta property=\"og:type\" content=\"article\" \/>\n<meta property=\"og:title\" content=\"Royal Composite Bear Chair\u00ae Stuhl (Schwarz) + Fu\u00dfhocker - The Bear Chair\u00ae\" \/>\n<meta property=\"og:description\" content=\"Diese robuste schwarze Version des Royal Bear Chair\u00ae passt in jeden Garten. Superstabil, farbecht, wartungsfrei und au\u00dferdem zusammenklappbar, ideal!\" \/>\n<meta property=\"og:url\" content=\"https:\/\/bearchair.eu\/de\/stuhle\/royal-composite-bear-chair-schwarz-fusshocker\/\" \/>\n<meta property=\"og:site_name\" content=\"The Bear Chair\u00ae\" \/>\n<meta property=\"article:modified_time\" content=\"2025-04-25T09:46:05+00:00\" \/>\n<meta property=\"og:image\" content=\"https:\/\/bearchair.eu\/wp-content\/uploads\/2024\/05\/BEA210609-020.jpg\" \/>\n\t<meta property=\"og:image:width\" content=\"1024\" \/>\n\t<meta property=\"og:image:height\" content=\"683\" \/>\n\t<meta property=\"og:image:type\" content=\"image\/jpeg\" \/>\n<meta name=\"twitter:card\" content=\"summary_large_image\" \/>\n<meta name=\"twitter:label1\" content=\"Gesch\u00e4tzte Lesezeit\" \/>\n\t<meta name=\"twitter:data1\" content=\"1\u00a0Minute\" \/>\n<script type=\"application\/ld+json\" class=\"yoast-schema-graph\">{\"@context\":\"https:\/\/schema.org\",\"@graph\":[{\"@type\":\"WebPage\",\"@id\":\"https:\/\/bearchair.eu\/de\/stuhle\/royal-composite-bear-chair-schwarz-fusshocker\/\",\"url\":\"https:\/\/bearchair.eu\/de\/stuhle\/royal-composite-bear-chair-schwarz-fusshocker\/\",\"name\":\"Royal Composite Bear Chair\u00ae Stuhl (Schwarz) + Fu\u00dfhocker - The Bear Chair\u00ae\",\"isPartOf\":{\"@id\":\"https:\/\/bearchair.eu\/de\/#website\"},\"primaryImageOfPage\":{\"@id\":\"https:\/\/bearchair.eu\/de\/stuhle\/royal-composite-bear-chair-schwarz-fusshocker\/#primaryimage\"},\"image\":{\"@id\":\"https:\/\/bearchair.eu\/de\/stuhle\/royal-composite-bear-chair-schwarz-fusshocker\/#primaryimage\"},\"thumbnailUrl\":\"https:\/\/bearchair.eu\/wp-content\/uploads\/2024\/05\/BEA210609-020.jpg\",\"datePublished\":\"2024-05-03T10:10:32+00:00\",\"dateModified\":\"2025-04-25T09:46:05+00:00\",\"breadcrumb\":{\"@id\":\"https:\/\/bearchair.eu\/de\/stuhle\/royal-composite-bear-chair-schwarz-fusshocker\/#breadcrumb\"},\"inLanguage\":\"de\",\"potentialAction\":[{\"@type\":\"ReadAction\",\"target\":[\"https:\/\/bearchair.eu\/de\/stuhle\/royal-composite-bear-chair-schwarz-fusshocker\/\"]}]},{\"@type\":\"ImageObject\",\"inLanguage\":\"de\",\"@id\":\"https:\/\/bearchair.eu\/de\/stuhle\/royal-composite-bear-chair-schwarz-fusshocker\/#primaryimage\",\"url\":\"https:\/\/bearchair.eu\/wp-content\/uploads\/2024\/05\/BEA210609-020.jpg\",\"contentUrl\":\"https:\/\/bearchair.eu\/wp-content\/uploads\/2024\/05\/BEA210609-020.jpg\",\"width\":1024,\"height\":683},{\"@type\":\"BreadcrumbList\",\"@id\":\"https:\/\/bearchair.eu\/de\/stuhle\/royal-composite-bear-chair-schwarz-fusshocker\/#breadcrumb\",\"itemListElement\":[{\"@type\":\"ListItem\",\"position\":1,\"name\":\"Startseite\",\"item\":\"https:\/\/bearchair.eu\/de\/startseite\/\"},{\"@type\":\"ListItem\",\"position\":2,\"name\":\"Shop\",\"item\":\"https:\/\/bearchair.eu\/de\/shop\/\"},{\"@type\":\"ListItem\",\"position\":3,\"name\":\"Royal Composite Bear Chair\u00ae Stuhl (Schwarz) + Fu\u00dfhocker\"}]},{\"@type\":\"WebSite\",\"@id\":\"https:\/\/bearchair.eu\/de\/#website\",\"url\":\"https:\/\/bearchair.eu\/de\/\",\"name\":\"The Bear Chair\",\"description\":\"\",\"publisher\":{\"@id\":\"https:\/\/bearchair.eu\/de\/#organization\"},\"potentialAction\":[{\"@type\":\"SearchAction\",\"target\":{\"@type\":\"EntryPoint\",\"urlTemplate\":\"https:\/\/bearchair.eu\/de\/?s={search_term_string}\"},\"query-input\":{\"@type\":\"PropertyValueSpecification\",\"valueRequired\":true,\"valueName\":\"search_term_string\"}}],\"inLanguage\":\"de\"},{\"@type\":\"Organization\",\"@id\":\"https:\/\/bearchair.eu\/de\/#organization\",\"name\":\"Der B\u00e4renstuhl\",\"url\":\"https:\/\/bearchair.eu\/de\/\",\"logo\":{\"@type\":\"ImageObject\",\"inLanguage\":\"de\",\"@id\":\"https:\/\/bearchair.eu\/de\/#\/schema\/logo\/image\/\",\"url\":\"https:\/\/new.bearchair.eu\/wp-content\/uploads\/2024\/05\/BearChairIcon.png\",\"contentUrl\":\"https:\/\/new.bearchair.eu\/wp-content\/uploads\/2024\/05\/BearChairIcon.png\",\"width\":512,\"height\":512,\"caption\":\"Der B\u00e4renstuhl\"},\"image\":{\"@id\":\"https:\/\/bearchair.eu\/de\/#\/schema\/logo\/image\/\"}}]}<\/script>\n<!-- \/ Yoast SEO plugin. -->","yoast_head_json":{"title":"Royal Composite Bear Chair\u00ae Stuhl (Schwarz) + Fu\u00dfhocker - The Bear Chair\u00ae","robots":{"index":"index","follow":"follow","max-snippet":"max-snippet:-1","max-image-preview":"max-image-preview:large","max-video-preview":"max-video-preview:-1"},"canonical":"https:\/\/bearchair.eu\/de\/stuhle\/royal-composite-bear-chair-schwarz-fusshocker\/","og_locale":"de_DE","og_type":"article","og_title":"Royal Composite Bear Chair\u00ae Stuhl (Schwarz) + Fu\u00dfhocker - The Bear Chair\u00ae","og_description":"Diese robuste schwarze Version des Royal Bear Chair\u00ae passt in jeden Garten. Superstabil, farbecht, wartungsfrei und au\u00dferdem zusammenklappbar, ideal!","og_url":"https:\/\/bearchair.eu\/de\/stuhle\/royal-composite-bear-chair-schwarz-fusshocker\/","og_site_name":"The Bear Chair\u00ae","article_modified_time":"2025-04-25T09:46:05+00:00","og_image":[{"width":1024,"height":683,"url":"https:\/\/bearchair.eu\/wp-content\/uploads\/2024\/05\/BEA210609-020.jpg","type":"image\/jpeg"}],"twitter_card":"summary_large_image","twitter_misc":{"Gesch\u00e4tzte Lesezeit":"1\u00a0Minute"},"schema":{"@context":"https:\/\/schema.org","@graph":[{"@type":"WebPage","@id":"https:\/\/bearchair.eu\/de\/stuhle\/royal-composite-bear-chair-schwarz-fusshocker\/","url":"https:\/\/bearchair.eu\/de\/stuhle\/royal-composite-bear-chair-schwarz-fusshocker\/","name":"Royal Composite Bear Chair\u00ae Stuhl (Schwarz) + Fu\u00dfhocker - The Bear Chair\u00ae","isPartOf":{"@id":"https:\/\/bearchair.eu\/de\/#website"},"primaryImageOfPage":{"@id":"https:\/\/bearchair.eu\/de\/stuhle\/royal-composite-bear-chair-schwarz-fusshocker\/#primaryimage"},"image":{"@id":"https:\/\/bearchair.eu\/de\/stuhle\/royal-composite-bear-chair-schwarz-fusshocker\/#primaryimage"},"thumbnailUrl":"https:\/\/bearchair.eu\/wp-content\/uploads\/2024\/05\/BEA210609-020.jpg","datePublished":"2024-05-03T10:10:32+00:00","dateModified":"2025-04-25T09:46:05+00:00","breadcrumb":{"@id":"https:\/\/bearchair.eu\/de\/stuhle\/royal-composite-bear-chair-schwarz-fusshocker\/#breadcrumb"},"inLanguage":"de","potentialAction":[{"@type":"ReadAction","target":["https:\/\/bearchair.eu\/de\/stuhle\/royal-composite-bear-chair-schwarz-fusshocker\/"]}]},{"@type":"ImageObject","inLanguage":"de","@id":"https:\/\/bearchair.eu\/de\/stuhle\/royal-composite-bear-chair-schwarz-fusshocker\/#primaryimage","url":"https:\/\/bearchair.eu\/wp-content\/uploads\/2024\/05\/BEA210609-020.jpg","contentUrl":"https:\/\/bearchair.eu\/wp-content\/uploads\/2024\/05\/BEA210609-020.jpg","width":1024,"height":683},{"@type":"BreadcrumbList","@id":"https:\/\/bearchair.eu\/de\/stuhle\/royal-composite-bear-chair-schwarz-fusshocker\/#breadcrumb","itemListElement":[{"@type":"ListItem","position":1,"name":"Startseite","item":"https:\/\/bearchair.eu\/de\/startseite\/"},{"@type":"ListItem","position":2,"name":"Shop","item":"https:\/\/bearchair.eu\/de\/shop\/"},{"@type":"ListItem","position":3,"name":"Royal Composite Bear Chair\u00ae Stuhl (Schwarz) + Fu\u00dfhocker"}]},{"@type":"WebSite","@id":"https:\/\/bearchair.eu\/de\/#website","url":"https:\/\/bearchair.eu\/de\/","name":"The Bear Chair","description":"","publisher":{"@id":"https:\/\/bearchair.eu\/de\/#organization"},"potentialAction":[{"@type":"SearchAction","target":{"@type":"EntryPoint","urlTemplate":"https:\/\/bearchair.eu\/de\/?s={search_term_string}"},"query-input":{"@type":"PropertyValueSpecification","valueRequired":true,"valueName":"search_term_string"}}],"inLanguage":"de"},{"@type":"Organization","@id":"https:\/\/bearchair.eu\/de\/#organization","name":"Der B\u00e4renstuhl","url":"https:\/\/bearchair.eu\/de\/","logo":{"@type":"ImageObject","inLanguage":"de","@id":"https:\/\/bearchair.eu\/de\/#\/schema\/logo\/image\/","url":"https:\/\/new.bearchair.eu\/wp-content\/uploads\/2024\/05\/BearChairIcon.png","contentUrl":"https:\/\/new.bearchair.eu\/wp-content\/uploads\/2024\/05\/BearChairIcon.png","width":512,"height":512,"caption":"Der B\u00e4renstuhl"},"image":{"@id":"https:\/\/bearchair.eu\/de\/#\/schema\/logo\/image\/"}}]}},"_links":{"self":[{"href":"https:\/\/bearchair.eu\/de\/wp-json\/wp\/v2\/product\/18547","targetHints":{"allow":["GET"]}}],"collection":[{"href":"https:\/\/bearchair.eu\/de\/wp-json\/wp\/v2\/product"}],"about":[{"href":"https:\/\/bearchair.eu\/de\/wp-json\/wp\/v2\/types\/product"}],"wp:featuredmedia":[{"embeddable":true,"href":"https:\/\/bearchair.eu\/de\/wp-json\/wp\/v2\/media\/15257"}],"wp:attachment":[{"href":"https:\/\/bearchair.eu\/de\/wp-json\/wp\/v2\/media?parent=18547"}],"wp:term":[{"taxonomy":"product_brand","embeddable":true,"href":"https:\/\/bearchair.eu\/de\/wp-json\/wp\/v2\/product_brand?post=18547"},{"taxonomy":"product_cat","embeddable":true,"href":"https:\/\/bearchair.eu\/de\/wp-json\/wp\/v2\/product_cat?post=18547"},{"taxonomy":"product_tag","embeddable":true,"href":"https:\/\/bearchair.eu\/de\/wp-json\/wp\/v2\/product_tag?post=18547"}],"curies":[{"name":"wp","href":"https:\/\/api.w.org\/{rel}","templated":true}]}}