{"id":18567,"date":"2024-05-03T10:10:06","date_gmt":"2024-05-03T10:10:06","guid":{"rendered":"https:\/\/bearchair.eu\/unkategorisiert\/royal-composite-bear-chair-ohne-schemel\/"},"modified":"2025-04-25T09:47:41","modified_gmt":"2025-04-25T09:47:41","slug":"royal-composite-bear-chair-ohne-schemel","status":"publish","type":"product","link":"https:\/\/bearchair.eu\/de\/stuhle\/royal-composite-bear-chair-ohne-schemel\/","title":{"rendered":"Royal Composite Bear Chair\u00ae Stuhl ohne Ottomane"},"content":{"rendered":"<p>Der Royal Composite Bear Chair\u00ae Stuhl ist nur einen Hauch eleganter und noch stabiler als The Original Bear Chair. Und nat\u00fcrlich ist er in drei trendigen Farben erh\u00e4ltlich: schwarz, wei\u00df und rot! Er ist genauso bequem wie die anderen Modelle und au\u00dferdem faltbar. Die Royal Composite Bear Chair\u00ae St\u00fchle sind aus unzerst\u00f6rbarem, farbechtem, hochwertigem, recyceltem Kunststoff (Composite) hergestellt. Diese St\u00fchle sind wartungsfrei, halten ein Leben lang und ihr Gewicht von 25 kg bedeutet, dass sie nicht weggeweht werden, auch nicht von einem Balkon in einem hohen Stockwerk.    <\/p>\n<div>\n<ul>\n<li>H\u00f6he: 96cm<\/li>\n<li>Breite: 85cm<\/li>\n<li>Tiefe: 96cm<\/li>\n<li>Zusammenklappbar<\/li>\n<\/ul>\n<p>Der Royal Composite Bear Chair\u00ae Stuhl ist in drei verschiedenen Paketen erh\u00e4ltlich:<\/p>\n<ul>\n<li><strong>Bausatz:<\/strong> Sie erhalten das gesamte Material, um den Stuhl selbst zusammenzubauen. Der Bausatz enth\u00e4lt die Latten, Schrauben, Leim und nat\u00fcrlich eine detaillierte Aufbauanleitung. <\/li>\n<li><strong>Vormontiert:<\/strong> Die R\u00fcckenlehne und der Sitz sind vormontiert, der Rest muss selbst zusammengebaut werden. Alle Materialien und Montageanleitungen sind nat\u00fcrlich im Lieferumfang enthalten. <\/li>\n<li><strong>Vollst\u00e4ndig montiert:<\/strong> Der Stuhl ist bereits vollst\u00e4ndig montiert. Er wird Ihnen von unserem eigenen Transportservice fertig montiert geliefert.  Bitte beachten Sie, dass dies mit h\u00f6heren Kosten verbunden sein kann.<\/li>\n<\/ul>\n<\/div>\n","protected":false},"excerpt":{"rendered":"<p>Ob Sie sich f\u00fcr Rot, Wei\u00df oder Schwarz entscheiden: der Royal Composite Bear Chair\u00ae ist ein echter Blickfang! Dieser Thron wird Sie garantiert v\u00f6llig entspannt zur\u00fccklassen. F\u00fcr welche Farbe werden Sie sich entscheiden?  <\/p>\n","protected":false},"featured_media":16195,"template":"","meta":[],"product_brand":[],"product_cat":[274,620],"product_tag":[],"class_list":{"0":"post-18567","1":"product","2":"type-product","3":"status-publish","4":"has-post-thumbnail","6":"product_cat-stuhle","7":"product_cat-werbeaktionen","9":"first","10":"instock","11":"sale","12":"taxable","13":"shipping-taxable","14":"purchasable","15":"product-type-variable"},"yoast_head":"<!-- This site is optimized with the Yoast SEO plugin v27.2 - https:\/\/yoast.com\/product\/yoast-seo-wordpress\/ -->\n<title>Royal Composite Bear Chair\u00ae Stuhl ohne Ottomane - The Bear Chair\u00ae<\/title>\n<meta name=\"robots\" content=\"index, follow, max-snippet:-1, max-image-preview:large, max-video-preview:-1\" \/>\n<link rel=\"canonical\" href=\"https:\/\/bearchair.eu\/de\/stuhle\/royal-composite-bear-chair-ohne-schemel\/\" \/>\n<meta property=\"og:locale\" content=\"de_DE\" \/>\n<meta property=\"og:type\" content=\"article\" \/>\n<meta property=\"og:title\" content=\"Royal Composite Bear Chair\u00ae Stuhl ohne Ottomane - The Bear Chair\u00ae\" \/>\n<meta property=\"og:description\" content=\"Ob Sie sich f\u00fcr Rot, Wei\u00df oder Schwarz entscheiden: der Royal Composite Bear Chair\u00ae ist ein echter Blickfang! Dieser Thron wird Sie garantiert v\u00f6llig entspannt zur\u00fccklassen. F\u00fcr welche Farbe werden Sie sich entscheiden?\" \/>\n<meta property=\"og:url\" content=\"https:\/\/bearchair.eu\/de\/stuhle\/royal-composite-bear-chair-ohne-schemel\/\" \/>\n<meta property=\"og:site_name\" content=\"The Bear Chair\u00ae\" \/>\n<meta property=\"article:modified_time\" content=\"2025-04-25T09:47:41+00:00\" \/>\n<meta property=\"og:image\" content=\"https:\/\/bearchair.eu\/wp-content\/uploads\/2024\/10\/Royal-Rood-livb-1-rotated.jpg\" \/>\n\t<meta property=\"og:image:width\" content=\"1734\" \/>\n\t<meta property=\"og:image:height\" content=\"2312\" \/>\n\t<meta property=\"og:image:type\" content=\"image\/jpeg\" \/>\n<meta name=\"twitter:card\" content=\"summary_large_image\" \/>\n<meta name=\"twitter:label1\" content=\"Gesch\u00e4tzte Lesezeit\" \/>\n\t<meta name=\"twitter:data1\" content=\"1\u00a0Minute\" \/>\n<script type=\"application\/ld+json\" class=\"yoast-schema-graph\">{\"@context\":\"https:\/\/schema.org\",\"@graph\":[{\"@type\":\"WebPage\",\"@id\":\"https:\/\/bearchair.eu\/de\/stuhle\/royal-composite-bear-chair-ohne-schemel\/\",\"url\":\"https:\/\/bearchair.eu\/de\/stuhle\/royal-composite-bear-chair-ohne-schemel\/\",\"name\":\"Royal Composite Bear Chair\u00ae Stuhl ohne Ottomane - The Bear Chair\u00ae\",\"isPartOf\":{\"@id\":\"https:\/\/bearchair.eu\/de\/#website\"},\"primaryImageOfPage\":{\"@id\":\"https:\/\/bearchair.eu\/de\/stuhle\/royal-composite-bear-chair-ohne-schemel\/#primaryimage\"},\"image\":{\"@id\":\"https:\/\/bearchair.eu\/de\/stuhle\/royal-composite-bear-chair-ohne-schemel\/#primaryimage\"},\"thumbnailUrl\":\"https:\/\/bearchair.eu\/wp-content\/uploads\/2024\/10\/Royal-Rood-livb-1-rotated.jpg\",\"datePublished\":\"2024-05-03T10:10:06+00:00\",\"dateModified\":\"2025-04-25T09:47:41+00:00\",\"breadcrumb\":{\"@id\":\"https:\/\/bearchair.eu\/de\/stuhle\/royal-composite-bear-chair-ohne-schemel\/#breadcrumb\"},\"inLanguage\":\"de\",\"potentialAction\":[{\"@type\":\"ReadAction\",\"target\":[\"https:\/\/bearchair.eu\/de\/stuhle\/royal-composite-bear-chair-ohne-schemel\/\"]}]},{\"@type\":\"ImageObject\",\"inLanguage\":\"de\",\"@id\":\"https:\/\/bearchair.eu\/de\/stuhle\/royal-composite-bear-chair-ohne-schemel\/#primaryimage\",\"url\":\"https:\/\/bearchair.eu\/wp-content\/uploads\/2024\/10\/Royal-Rood-livb-1-rotated.jpg\",\"contentUrl\":\"https:\/\/bearchair.eu\/wp-content\/uploads\/2024\/10\/Royal-Rood-livb-1-rotated.jpg\",\"width\":1734,\"height\":2312},{\"@type\":\"BreadcrumbList\",\"@id\":\"https:\/\/bearchair.eu\/de\/stuhle\/royal-composite-bear-chair-ohne-schemel\/#breadcrumb\",\"itemListElement\":[{\"@type\":\"ListItem\",\"position\":1,\"name\":\"Startseite\",\"item\":\"https:\/\/bearchair.eu\/de\/startseite\/\"},{\"@type\":\"ListItem\",\"position\":2,\"name\":\"Shop\",\"item\":\"https:\/\/bearchair.eu\/de\/shop\/\"},{\"@type\":\"ListItem\",\"position\":3,\"name\":\"Royal Composite Bear Chair\u00ae Stuhl ohne Ottomane\"}]},{\"@type\":\"WebSite\",\"@id\":\"https:\/\/bearchair.eu\/de\/#website\",\"url\":\"https:\/\/bearchair.eu\/de\/\",\"name\":\"The Bear Chair\",\"description\":\"\",\"publisher\":{\"@id\":\"https:\/\/bearchair.eu\/de\/#organization\"},\"potentialAction\":[{\"@type\":\"SearchAction\",\"target\":{\"@type\":\"EntryPoint\",\"urlTemplate\":\"https:\/\/bearchair.eu\/de\/?s={search_term_string}\"},\"query-input\":{\"@type\":\"PropertyValueSpecification\",\"valueRequired\":true,\"valueName\":\"search_term_string\"}}],\"inLanguage\":\"de\"},{\"@type\":\"Organization\",\"@id\":\"https:\/\/bearchair.eu\/de\/#organization\",\"name\":\"Der B\u00e4renstuhl\",\"url\":\"https:\/\/bearchair.eu\/de\/\",\"logo\":{\"@type\":\"ImageObject\",\"inLanguage\":\"de\",\"@id\":\"https:\/\/bearchair.eu\/de\/#\/schema\/logo\/image\/\",\"url\":\"https:\/\/new.bearchair.eu\/wp-content\/uploads\/2024\/05\/BearChairIcon.png\",\"contentUrl\":\"https:\/\/new.bearchair.eu\/wp-content\/uploads\/2024\/05\/BearChairIcon.png\",\"width\":512,\"height\":512,\"caption\":\"Der B\u00e4renstuhl\"},\"image\":{\"@id\":\"https:\/\/bearchair.eu\/de\/#\/schema\/logo\/image\/\"}}]}<\/script>\n<!-- \/ Yoast SEO plugin. -->","yoast_head_json":{"title":"Royal Composite Bear Chair\u00ae Stuhl ohne Ottomane - The Bear Chair\u00ae","robots":{"index":"index","follow":"follow","max-snippet":"max-snippet:-1","max-image-preview":"max-image-preview:large","max-video-preview":"max-video-preview:-1"},"canonical":"https:\/\/bearchair.eu\/de\/stuhle\/royal-composite-bear-chair-ohne-schemel\/","og_locale":"de_DE","og_type":"article","og_title":"Royal Composite Bear Chair\u00ae Stuhl ohne Ottomane - The Bear Chair\u00ae","og_description":"Ob Sie sich f\u00fcr Rot, Wei\u00df oder Schwarz entscheiden: der Royal Composite Bear Chair\u00ae ist ein echter Blickfang! Dieser Thron wird Sie garantiert v\u00f6llig entspannt zur\u00fccklassen. F\u00fcr welche Farbe werden Sie sich entscheiden?","og_url":"https:\/\/bearchair.eu\/de\/stuhle\/royal-composite-bear-chair-ohne-schemel\/","og_site_name":"The Bear Chair\u00ae","article_modified_time":"2025-04-25T09:47:41+00:00","og_image":[{"width":1734,"height":2312,"url":"https:\/\/bearchair.eu\/wp-content\/uploads\/2024\/10\/Royal-Rood-livb-1-rotated.jpg","type":"image\/jpeg"}],"twitter_card":"summary_large_image","twitter_misc":{"Gesch\u00e4tzte Lesezeit":"1\u00a0Minute"},"schema":{"@context":"https:\/\/schema.org","@graph":[{"@type":"WebPage","@id":"https:\/\/bearchair.eu\/de\/stuhle\/royal-composite-bear-chair-ohne-schemel\/","url":"https:\/\/bearchair.eu\/de\/stuhle\/royal-composite-bear-chair-ohne-schemel\/","name":"Royal Composite Bear Chair\u00ae Stuhl ohne Ottomane - The Bear Chair\u00ae","isPartOf":{"@id":"https:\/\/bearchair.eu\/de\/#website"},"primaryImageOfPage":{"@id":"https:\/\/bearchair.eu\/de\/stuhle\/royal-composite-bear-chair-ohne-schemel\/#primaryimage"},"image":{"@id":"https:\/\/bearchair.eu\/de\/stuhle\/royal-composite-bear-chair-ohne-schemel\/#primaryimage"},"thumbnailUrl":"https:\/\/bearchair.eu\/wp-content\/uploads\/2024\/10\/Royal-Rood-livb-1-rotated.jpg","datePublished":"2024-05-03T10:10:06+00:00","dateModified":"2025-04-25T09:47:41+00:00","breadcrumb":{"@id":"https:\/\/bearchair.eu\/de\/stuhle\/royal-composite-bear-chair-ohne-schemel\/#breadcrumb"},"inLanguage":"de","potentialAction":[{"@type":"ReadAction","target":["https:\/\/bearchair.eu\/de\/stuhle\/royal-composite-bear-chair-ohne-schemel\/"]}]},{"@type":"ImageObject","inLanguage":"de","@id":"https:\/\/bearchair.eu\/de\/stuhle\/royal-composite-bear-chair-ohne-schemel\/#primaryimage","url":"https:\/\/bearchair.eu\/wp-content\/uploads\/2024\/10\/Royal-Rood-livb-1-rotated.jpg","contentUrl":"https:\/\/bearchair.eu\/wp-content\/uploads\/2024\/10\/Royal-Rood-livb-1-rotated.jpg","width":1734,"height":2312},{"@type":"BreadcrumbList","@id":"https:\/\/bearchair.eu\/de\/stuhle\/royal-composite-bear-chair-ohne-schemel\/#breadcrumb","itemListElement":[{"@type":"ListItem","position":1,"name":"Startseite","item":"https:\/\/bearchair.eu\/de\/startseite\/"},{"@type":"ListItem","position":2,"name":"Shop","item":"https:\/\/bearchair.eu\/de\/shop\/"},{"@type":"ListItem","position":3,"name":"Royal Composite Bear Chair\u00ae Stuhl ohne Ottomane"}]},{"@type":"WebSite","@id":"https:\/\/bearchair.eu\/de\/#website","url":"https:\/\/bearchair.eu\/de\/","name":"The Bear Chair","description":"","publisher":{"@id":"https:\/\/bearchair.eu\/de\/#organization"},"potentialAction":[{"@type":"SearchAction","target":{"@type":"EntryPoint","urlTemplate":"https:\/\/bearchair.eu\/de\/?s={search_term_string}"},"query-input":{"@type":"PropertyValueSpecification","valueRequired":true,"valueName":"search_term_string"}}],"inLanguage":"de"},{"@type":"Organization","@id":"https:\/\/bearchair.eu\/de\/#organization","name":"Der B\u00e4renstuhl","url":"https:\/\/bearchair.eu\/de\/","logo":{"@type":"ImageObject","inLanguage":"de","@id":"https:\/\/bearchair.eu\/de\/#\/schema\/logo\/image\/","url":"https:\/\/new.bearchair.eu\/wp-content\/uploads\/2024\/05\/BearChairIcon.png","contentUrl":"https:\/\/new.bearchair.eu\/wp-content\/uploads\/2024\/05\/BearChairIcon.png","width":512,"height":512,"caption":"Der B\u00e4renstuhl"},"image":{"@id":"https:\/\/bearchair.eu\/de\/#\/schema\/logo\/image\/"}}]}},"_links":{"self":[{"href":"https:\/\/bearchair.eu\/de\/wp-json\/wp\/v2\/product\/18567","targetHints":{"allow":["GET"]}}],"collection":[{"href":"https:\/\/bearchair.eu\/de\/wp-json\/wp\/v2\/product"}],"about":[{"href":"https:\/\/bearchair.eu\/de\/wp-json\/wp\/v2\/types\/product"}],"wp:featuredmedia":[{"embeddable":true,"href":"https:\/\/bearchair.eu\/de\/wp-json\/wp\/v2\/media\/16195"}],"wp:attachment":[{"href":"https:\/\/bearchair.eu\/de\/wp-json\/wp\/v2\/media?parent=18567"}],"wp:term":[{"taxonomy":"product_brand","embeddable":true,"href":"https:\/\/bearchair.eu\/de\/wp-json\/wp\/v2\/product_brand?post=18567"},{"taxonomy":"product_cat","embeddable":true,"href":"https:\/\/bearchair.eu\/de\/wp-json\/wp\/v2\/product_cat?post=18567"},{"taxonomy":"product_tag","embeddable":true,"href":"https:\/\/bearchair.eu\/de\/wp-json\/wp\/v2\/product_tag?post=18567"}],"curies":[{"name":"wp","href":"https:\/\/api.w.org\/{rel}","templated":true}]}}