{"id":18599,"date":"2024-05-03T10:10:04","date_gmt":"2024-05-03T10:10:04","guid":{"rendered":"https:\/\/bearchair.eu\/unkategorisiert\/grizzly-bear-chair\/"},"modified":"2025-04-25T09:34:41","modified_gmt":"2025-04-25T09:34:41","slug":"grizzly-bear-chair","status":"publish","type":"product","link":"https:\/\/bearchair.eu\/de\/stuhle\/grizzly-bear-chair\/","title":{"rendered":"Grizzly Bear Chair\u00ae Stuhl"},"content":{"rendered":"<p>Der Grizzly Bear Chair\u00ae Stuhl ist nur ein wenig gr\u00f6\u00dfer als der The Original Bear Chair\u00ae Stuhl. Die h\u00f6here R\u00fcckenlehne und Sitzfl\u00e4che, die breiteren Armlehnen, die Edelstahlbolzen und die noch stabileren Beine machen den Grizzly noch ein bisschen robuster und bequemer. Der Grizzly Bear Chair\u00ae ist au\u00dferdem faltbar, so dass er leicht zu transportieren und zu verstauen ist.  <\/p>\n<p><strong>Abmessungen:  <\/strong><\/p>\n<ul>\n<li>H\u00f6he: 102 cm<\/li>\n<li>Breite: 87 cm<\/li>\n<li>Tiefe: 99 cm<\/li>\n<li>Dieses Modell ist zusammenklappbar<\/li>\n<\/ul>\n<p><strong>Gewicht:<\/strong> 15 kg<\/p>\n<p><strong>Montage:<\/strong> Der Grizzly Bear Chair\u00ae ist in zwei Arten von Paketen erh\u00e4ltlich:<\/p>\n<ul>\n<li><strong>Vormontiert:<\/strong> Die R\u00fcckenlehne und der Sitz sind vormontiert, der Rest muss selbst zusammengebaut werden. Alle Materialien und Montageanleitungen sind nat\u00fcrlich im Lieferumfang enthalten. <\/li>\n<li><strong>Vollst\u00e4ndig montiert:<\/strong> Der Stuhl ist bereits vollst\u00e4ndig montiert. Er wird Ihnen von unserem eigenen Transportservice fertig montiert geliefert.  Bitte beachten Sie, dass dies mit h\u00f6heren Kosten verbunden sein kann.<\/li>\n<\/ul>\n<div class=\"webwinkelkeur\"><\/div>\n","protected":false},"excerpt":{"rendered":"<p>Der Grizzly Bear Chair\u00ae ist der gro\u00dfe Bruder von The Original Bear Chair\u00ae. Die gleiche Qualit\u00e4t, aber gr\u00f6\u00dfer und noch stabiler! <\/p>\n<p>&nbsp;<\/p>\n","protected":false},"featured_media":15427,"template":"","meta":[],"product_brand":[],"product_cat":[307,274],"product_tag":[],"class_list":{"0":"post-18599","1":"product","2":"type-product","3":"status-publish","4":"has-post-thumbnail","6":"product_cat-mobel","7":"product_cat-stuhle","9":"first","10":"instock","11":"featured","12":"taxable","13":"shipping-taxable","14":"purchasable","15":"product-type-variable"},"yoast_head":"<!-- This site is optimized with the Yoast SEO plugin v27.2 - https:\/\/yoast.com\/product\/yoast-seo-wordpress\/ -->\n<title>Grizzly Bear Chair\u00ae Stuhl - The Bear Chair\u00ae<\/title>\n<meta name=\"description\" content=\"Kaufen Sie den Grizzly Bear Chair\u00ae. Dieser Gartenstuhl ist deutlich h\u00f6her, hat dickere Armlehnen, Edelstahlbolzen und stabilere Beine und ist klappbar.\" \/>\n<meta name=\"robots\" content=\"index, follow, max-snippet:-1, max-image-preview:large, max-video-preview:-1\" \/>\n<link rel=\"canonical\" href=\"https:\/\/bearchair.eu\/de\/stuhle\/grizzly-bear-chair\/\" \/>\n<meta property=\"og:locale\" content=\"de_DE\" \/>\n<meta property=\"og:type\" content=\"article\" \/>\n<meta property=\"og:title\" content=\"Grizzly Bear Chair\u00ae Stuhl - The Bear Chair\u00ae\" \/>\n<meta property=\"og:description\" content=\"Kaufen Sie den Grizzly Bear Chair\u00ae. Dieser Gartenstuhl ist deutlich h\u00f6her, hat dickere Armlehnen, Edelstahlbolzen und stabilere Beine und ist klappbar.\" \/>\n<meta property=\"og:url\" content=\"https:\/\/bearchair.eu\/de\/stuhle\/grizzly-bear-chair\/\" \/>\n<meta property=\"og:site_name\" content=\"The Bear Chair\u00ae\" \/>\n<meta property=\"article:modified_time\" content=\"2025-04-25T09:34:41+00:00\" \/>\n<meta property=\"og:image\" content=\"https:\/\/bearchair.eu\/wp-content\/uploads\/2024\/05\/20220708_BearChair_MOXY_LR-9754.jpeg\" \/>\n\t<meta property=\"og:image:width\" content=\"683\" \/>\n\t<meta property=\"og:image:height\" content=\"1024\" \/>\n\t<meta property=\"og:image:type\" content=\"image\/jpeg\" \/>\n<meta name=\"twitter:card\" content=\"summary_large_image\" \/>\n<meta name=\"twitter:label1\" content=\"Gesch\u00e4tzte Lesezeit\" \/>\n\t<meta name=\"twitter:data1\" content=\"1\u00a0Minute\" \/>\n<script type=\"application\/ld+json\" class=\"yoast-schema-graph\">{\"@context\":\"https:\/\/schema.org\",\"@graph\":[{\"@type\":\"WebPage\",\"@id\":\"https:\/\/bearchair.eu\/de\/stuhle\/grizzly-bear-chair\/\",\"url\":\"https:\/\/bearchair.eu\/de\/stuhle\/grizzly-bear-chair\/\",\"name\":\"Grizzly Bear Chair\u00ae Stuhl - The Bear Chair\u00ae\",\"isPartOf\":{\"@id\":\"https:\/\/bearchair.eu\/de\/#website\"},\"primaryImageOfPage\":{\"@id\":\"https:\/\/bearchair.eu\/de\/stuhle\/grizzly-bear-chair\/#primaryimage\"},\"image\":{\"@id\":\"https:\/\/bearchair.eu\/de\/stuhle\/grizzly-bear-chair\/#primaryimage\"},\"thumbnailUrl\":\"https:\/\/bearchair.eu\/wp-content\/uploads\/2024\/05\/20220708_BearChair_MOXY_LR-9754.jpeg\",\"datePublished\":\"2024-05-03T10:10:04+00:00\",\"dateModified\":\"2025-04-25T09:34:41+00:00\",\"description\":\"Kaufen Sie den Grizzly Bear Chair\u00ae. Dieser Gartenstuhl ist deutlich h\u00f6her, hat dickere Armlehnen, Edelstahlbolzen und stabilere Beine und ist klappbar.\",\"breadcrumb\":{\"@id\":\"https:\/\/bearchair.eu\/de\/stuhle\/grizzly-bear-chair\/#breadcrumb\"},\"inLanguage\":\"de\",\"potentialAction\":[{\"@type\":\"ReadAction\",\"target\":[\"https:\/\/bearchair.eu\/de\/stuhle\/grizzly-bear-chair\/\"]}]},{\"@type\":\"ImageObject\",\"inLanguage\":\"de\",\"@id\":\"https:\/\/bearchair.eu\/de\/stuhle\/grizzly-bear-chair\/#primaryimage\",\"url\":\"https:\/\/bearchair.eu\/wp-content\/uploads\/2024\/05\/20220708_BearChair_MOXY_LR-9754.jpeg\",\"contentUrl\":\"https:\/\/bearchair.eu\/wp-content\/uploads\/2024\/05\/20220708_BearChair_MOXY_LR-9754.jpeg\",\"width\":683,\"height\":1024},{\"@type\":\"BreadcrumbList\",\"@id\":\"https:\/\/bearchair.eu\/de\/stuhle\/grizzly-bear-chair\/#breadcrumb\",\"itemListElement\":[{\"@type\":\"ListItem\",\"position\":1,\"name\":\"Startseite\",\"item\":\"https:\/\/bearchair.eu\/de\/startseite\/\"},{\"@type\":\"ListItem\",\"position\":2,\"name\":\"Shop\",\"item\":\"https:\/\/bearchair.eu\/de\/shop\/\"},{\"@type\":\"ListItem\",\"position\":3,\"name\":\"Grizzly Bear Chair\u00ae Stuhl\"}]},{\"@type\":\"WebSite\",\"@id\":\"https:\/\/bearchair.eu\/de\/#website\",\"url\":\"https:\/\/bearchair.eu\/de\/\",\"name\":\"The Bear Chair\",\"description\":\"\",\"publisher\":{\"@id\":\"https:\/\/bearchair.eu\/de\/#organization\"},\"potentialAction\":[{\"@type\":\"SearchAction\",\"target\":{\"@type\":\"EntryPoint\",\"urlTemplate\":\"https:\/\/bearchair.eu\/de\/?s={search_term_string}\"},\"query-input\":{\"@type\":\"PropertyValueSpecification\",\"valueRequired\":true,\"valueName\":\"search_term_string\"}}],\"inLanguage\":\"de\"},{\"@type\":\"Organization\",\"@id\":\"https:\/\/bearchair.eu\/de\/#organization\",\"name\":\"Der B\u00e4renstuhl\",\"url\":\"https:\/\/bearchair.eu\/de\/\",\"logo\":{\"@type\":\"ImageObject\",\"inLanguage\":\"de\",\"@id\":\"https:\/\/bearchair.eu\/de\/#\/schema\/logo\/image\/\",\"url\":\"https:\/\/new.bearchair.eu\/wp-content\/uploads\/2024\/05\/BearChairIcon.png\",\"contentUrl\":\"https:\/\/new.bearchair.eu\/wp-content\/uploads\/2024\/05\/BearChairIcon.png\",\"width\":512,\"height\":512,\"caption\":\"Der B\u00e4renstuhl\"},\"image\":{\"@id\":\"https:\/\/bearchair.eu\/de\/#\/schema\/logo\/image\/\"}}]}<\/script>\n<!-- \/ Yoast SEO plugin. -->","yoast_head_json":{"title":"Grizzly Bear Chair\u00ae Stuhl - The Bear Chair\u00ae","description":"Kaufen Sie den Grizzly Bear Chair\u00ae. Dieser Gartenstuhl ist deutlich h\u00f6her, hat dickere Armlehnen, Edelstahlbolzen und stabilere Beine und ist klappbar.","robots":{"index":"index","follow":"follow","max-snippet":"max-snippet:-1","max-image-preview":"max-image-preview:large","max-video-preview":"max-video-preview:-1"},"canonical":"https:\/\/bearchair.eu\/de\/stuhle\/grizzly-bear-chair\/","og_locale":"de_DE","og_type":"article","og_title":"Grizzly Bear Chair\u00ae Stuhl - The Bear Chair\u00ae","og_description":"Kaufen Sie den Grizzly Bear Chair\u00ae. Dieser Gartenstuhl ist deutlich h\u00f6her, hat dickere Armlehnen, Edelstahlbolzen und stabilere Beine und ist klappbar.","og_url":"https:\/\/bearchair.eu\/de\/stuhle\/grizzly-bear-chair\/","og_site_name":"The Bear Chair\u00ae","article_modified_time":"2025-04-25T09:34:41+00:00","og_image":[{"width":683,"height":1024,"url":"https:\/\/bearchair.eu\/wp-content\/uploads\/2024\/05\/20220708_BearChair_MOXY_LR-9754.jpeg","type":"image\/jpeg"}],"twitter_card":"summary_large_image","twitter_misc":{"Gesch\u00e4tzte Lesezeit":"1\u00a0Minute"},"schema":{"@context":"https:\/\/schema.org","@graph":[{"@type":"WebPage","@id":"https:\/\/bearchair.eu\/de\/stuhle\/grizzly-bear-chair\/","url":"https:\/\/bearchair.eu\/de\/stuhle\/grizzly-bear-chair\/","name":"Grizzly Bear Chair\u00ae Stuhl - The Bear Chair\u00ae","isPartOf":{"@id":"https:\/\/bearchair.eu\/de\/#website"},"primaryImageOfPage":{"@id":"https:\/\/bearchair.eu\/de\/stuhle\/grizzly-bear-chair\/#primaryimage"},"image":{"@id":"https:\/\/bearchair.eu\/de\/stuhle\/grizzly-bear-chair\/#primaryimage"},"thumbnailUrl":"https:\/\/bearchair.eu\/wp-content\/uploads\/2024\/05\/20220708_BearChair_MOXY_LR-9754.jpeg","datePublished":"2024-05-03T10:10:04+00:00","dateModified":"2025-04-25T09:34:41+00:00","description":"Kaufen Sie den Grizzly Bear Chair\u00ae. Dieser Gartenstuhl ist deutlich h\u00f6her, hat dickere Armlehnen, Edelstahlbolzen und stabilere Beine und ist klappbar.","breadcrumb":{"@id":"https:\/\/bearchair.eu\/de\/stuhle\/grizzly-bear-chair\/#breadcrumb"},"inLanguage":"de","potentialAction":[{"@type":"ReadAction","target":["https:\/\/bearchair.eu\/de\/stuhle\/grizzly-bear-chair\/"]}]},{"@type":"ImageObject","inLanguage":"de","@id":"https:\/\/bearchair.eu\/de\/stuhle\/grizzly-bear-chair\/#primaryimage","url":"https:\/\/bearchair.eu\/wp-content\/uploads\/2024\/05\/20220708_BearChair_MOXY_LR-9754.jpeg","contentUrl":"https:\/\/bearchair.eu\/wp-content\/uploads\/2024\/05\/20220708_BearChair_MOXY_LR-9754.jpeg","width":683,"height":1024},{"@type":"BreadcrumbList","@id":"https:\/\/bearchair.eu\/de\/stuhle\/grizzly-bear-chair\/#breadcrumb","itemListElement":[{"@type":"ListItem","position":1,"name":"Startseite","item":"https:\/\/bearchair.eu\/de\/startseite\/"},{"@type":"ListItem","position":2,"name":"Shop","item":"https:\/\/bearchair.eu\/de\/shop\/"},{"@type":"ListItem","position":3,"name":"Grizzly Bear Chair\u00ae Stuhl"}]},{"@type":"WebSite","@id":"https:\/\/bearchair.eu\/de\/#website","url":"https:\/\/bearchair.eu\/de\/","name":"The Bear Chair","description":"","publisher":{"@id":"https:\/\/bearchair.eu\/de\/#organization"},"potentialAction":[{"@type":"SearchAction","target":{"@type":"EntryPoint","urlTemplate":"https:\/\/bearchair.eu\/de\/?s={search_term_string}"},"query-input":{"@type":"PropertyValueSpecification","valueRequired":true,"valueName":"search_term_string"}}],"inLanguage":"de"},{"@type":"Organization","@id":"https:\/\/bearchair.eu\/de\/#organization","name":"Der B\u00e4renstuhl","url":"https:\/\/bearchair.eu\/de\/","logo":{"@type":"ImageObject","inLanguage":"de","@id":"https:\/\/bearchair.eu\/de\/#\/schema\/logo\/image\/","url":"https:\/\/new.bearchair.eu\/wp-content\/uploads\/2024\/05\/BearChairIcon.png","contentUrl":"https:\/\/new.bearchair.eu\/wp-content\/uploads\/2024\/05\/BearChairIcon.png","width":512,"height":512,"caption":"Der B\u00e4renstuhl"},"image":{"@id":"https:\/\/bearchair.eu\/de\/#\/schema\/logo\/image\/"}}]}},"_links":{"self":[{"href":"https:\/\/bearchair.eu\/de\/wp-json\/wp\/v2\/product\/18599","targetHints":{"allow":["GET"]}}],"collection":[{"href":"https:\/\/bearchair.eu\/de\/wp-json\/wp\/v2\/product"}],"about":[{"href":"https:\/\/bearchair.eu\/de\/wp-json\/wp\/v2\/types\/product"}],"wp:featuredmedia":[{"embeddable":true,"href":"https:\/\/bearchair.eu\/de\/wp-json\/wp\/v2\/media\/15427"}],"wp:attachment":[{"href":"https:\/\/bearchair.eu\/de\/wp-json\/wp\/v2\/media?parent=18599"}],"wp:term":[{"taxonomy":"product_brand","embeddable":true,"href":"https:\/\/bearchair.eu\/de\/wp-json\/wp\/v2\/product_brand?post=18599"},{"taxonomy":"product_cat","embeddable":true,"href":"https:\/\/bearchair.eu\/de\/wp-json\/wp\/v2\/product_cat?post=18599"},{"taxonomy":"product_tag","embeddable":true,"href":"https:\/\/bearchair.eu\/de\/wp-json\/wp\/v2\/product_tag?post=18599"}],"curies":[{"name":"wp","href":"https:\/\/api.w.org\/{rel}","templated":true}]}}