{"id":16461,"date":"2024-04-26T08:11:36","date_gmt":"2024-04-26T08:11:36","guid":{"rendered":"https:\/\/bearchair.eu\/quejas\/"},"modified":"2026-01-07T13:24:42","modified_gmt":"2026-01-07T13:24:42","slug":"quejas","status":"publish","type":"page","link":"https:\/\/bearchair.eu\/es\/quejas\/","title":{"rendered":"Quejas"},"content":{"rendered":"<div class=\"wpb-content-wrapper\"><p>[vc_row][vc_column]<style data-type=\"vc_shortcodes-custom-css\">.vc_custom_1713861167363{margin-top: 90px !important;}.vc_custom_1713612549973{margin-bottom: 0px !important;}<\/style><p>[vc_row css=\".vc_custom_1713861167363{margin-top: 90px !important;}\" woodmart_css_id=\"662772268ac85\" responsive_spacing=\"eyJwYXJhbV90eXBlIjoid29vZG1hcnRfcmVzcG9uc2l2ZV9zcGFjaW5nIiwic2VsZWN0b3JfaWQiOiI2NjI3NzIyNjhhYzg1Iiwic2hvcnRjb2RlIjoidmNfcm93IiwiZGF0YSI6eyJ0YWJsZXQiOnt9LCJtb2JpbGUiOnt9fX0=\" mobile_bg_img_hidden=\"no\" tablet_bg_img_hidden=\"no\" woodmart_parallax=\"0\" woodmart_gradient_switch=\"no\" woodmart_box_shadow=\"no\" wd_z_index=\"no\" woodmart_disable_overflow=\"0\" row_reverse_mobile=\"0\" row_reverse_tablet=\"0\"][vc_column width=\"1\/4\"]\t\t<div class=\"wd-single-breadcrumbs wd-breadcrumbs wd-wpb wd-rs-6623a6fb7d9b8 vc_custom_1713612549973 text-left\">\n\t\t\t<nav class=\"woocommerce-breadcrumb\" aria-label=\"Breadcrumb\">\t\t\t\t<span class=\"breadcrumb-last\">\n\t\t\t\t\tInicio\t\t\t\t<\/span>\n\t\t\t<\/nav>\t\t<\/div>\n\t\t[vc_separator color=\"custom\" align=\"align_left\" border_width=\"3\" wd_hide_on_desktop=\"no\" wd_hide_on_tablet=\"no\" wd_hide_on_mobile=\"no\" accent_color=\"#a8a8a8\"][\/vc_column][vc_column width=\"3\/4\"][\/vc_column][\/vc_row]<\/p>\n[vc_column_text css=\"\" woodmart_inline=\"no\" text_larger=\"no\"]<\/p>\n<h1>Quejas<\/h1>\n<p>Siempre puede ocurrir que algo no salga como estaba previsto. Te animamos a que primero nos plantees tus quejas por correo electr\u00f3nico <a href=\"info@bearchair.eu\">a info@bearchair.eu.<\/a> Si esto no conduce a una soluci\u00f3n, es posible someter tu disputa a mediaci\u00f3n a trav\u00e9s de WebwinkelKeur mediante <a href=\"https:\/\/www.webwinkelkeur.nl\/kennisbank\/consumenten\/geschil\/geschil\/\" target=\"_blank\" rel=\"noopener\">https:\/\/www.webwinkelkeur.nl\/kennisbank\/consumenten\/geschil.<\/a>[\/vc_column_text][\/vc_column][\/vc_row]<\/p>\n<\/div>","protected":false},"excerpt":{"rendered":"<p>[vc_row][vc_column][vc_column_text css=\"\" woodmart_inline=\"no\" text_larger=\"no\"] Quejas Siempre puede ocurrir que algo no salga como estaba previsto. Te animamos a que primero<\/p>\n","protected":false},"author":4,"featured_media":0,"parent":0,"menu_order":0,"comment_status":"closed","ping_status":"closed","template":"","meta":{"footnotes":""},"class_list":["post-16461","page","type-page","status-publish","hentry"],"yoast_head":"<!-- This site is optimized with the Yoast SEO plugin v27.2 - https:\/\/yoast.com\/product\/yoast-seo-wordpress\/ -->\n<title>Quejas - The Bear Chair\u00ae<\/title>\n<meta name=\"robots\" content=\"index, follow, max-snippet:-1, max-image-preview:large, max-video-preview:-1\" \/>\n<link rel=\"canonical\" href=\"https:\/\/bearchair.eu\/es\/quejas\/\" \/>\n<meta property=\"og:locale\" content=\"es_ES\" \/>\n<meta property=\"og:type\" content=\"article\" \/>\n<meta property=\"og:title\" content=\"Quejas - The Bear Chair\u00ae\" \/>\n<meta property=\"og:description\" content=\"[vc_row][vc_column][vc_column_text css=&quot;&quot; woodmart_inline=&quot;no&quot; text_larger=&quot;no&quot;] Quejas Siempre puede ocurrir que algo no salga como estaba previsto. Te animamos a que primero\" \/>\n<meta property=\"og:url\" content=\"https:\/\/bearchair.eu\/es\/quejas\/\" \/>\n<meta property=\"og:site_name\" content=\"The Bear Chair\u00ae\" \/>\n<meta property=\"article:modified_time\" content=\"2026-01-07T13:24:42+00:00\" \/>\n<meta name=\"twitter:card\" content=\"summary_large_image\" \/>\n<script type=\"application\/ld+json\" class=\"yoast-schema-graph\">{\"@context\":\"https:\/\/schema.org\",\"@graph\":[{\"@type\":\"WebPage\",\"@id\":\"https:\/\/bearchair.eu\/es\/quejas\/\",\"url\":\"https:\/\/bearchair.eu\/es\/quejas\/\",\"name\":\"Quejas - The Bear Chair\u00ae\",\"isPartOf\":{\"@id\":\"https:\/\/bearchair.eu\/es\/#website\"},\"datePublished\":\"2024-04-26T08:11:36+00:00\",\"dateModified\":\"2026-01-07T13:24:42+00:00\",\"breadcrumb\":{\"@id\":\"https:\/\/bearchair.eu\/es\/quejas\/#breadcrumb\"},\"inLanguage\":\"es\",\"potentialAction\":[{\"@type\":\"ReadAction\",\"target\":[\"https:\/\/bearchair.eu\/es\/quejas\/\"]}]},{\"@type\":\"BreadcrumbList\",\"@id\":\"https:\/\/bearchair.eu\/es\/quejas\/#breadcrumb\",\"itemListElement\":[{\"@type\":\"ListItem\",\"position\":1,\"name\":\"Inicio\",\"item\":\"https:\/\/bearchair.eu\/es\/inicio\/\"},{\"@type\":\"ListItem\",\"position\":2,\"name\":\"Quejas\"}]},{\"@type\":\"WebSite\",\"@id\":\"https:\/\/bearchair.eu\/es\/#website\",\"url\":\"https:\/\/bearchair.eu\/es\/\",\"name\":\"The Bear Chair\",\"description\":\"\",\"publisher\":{\"@id\":\"https:\/\/bearchair.eu\/es\/#organization\"},\"potentialAction\":[{\"@type\":\"SearchAction\",\"target\":{\"@type\":\"EntryPoint\",\"urlTemplate\":\"https:\/\/bearchair.eu\/es\/?s={search_term_string}\"},\"query-input\":{\"@type\":\"PropertyValueSpecification\",\"valueRequired\":true,\"valueName\":\"search_term_string\"}}],\"inLanguage\":\"es\"},{\"@type\":\"Organization\",\"@id\":\"https:\/\/bearchair.eu\/es\/#organization\",\"name\":\"La Silla del Oso\",\"url\":\"https:\/\/bearchair.eu\/es\/\",\"logo\":{\"@type\":\"ImageObject\",\"inLanguage\":\"es\",\"@id\":\"https:\/\/bearchair.eu\/es\/#\/schema\/logo\/image\/\",\"url\":\"https:\/\/new.bearchair.eu\/wp-content\/uploads\/2024\/05\/BearChairIcon.png\",\"contentUrl\":\"https:\/\/new.bearchair.eu\/wp-content\/uploads\/2024\/05\/BearChairIcon.png\",\"width\":512,\"height\":512,\"caption\":\"La Silla del Oso\"},\"image\":{\"@id\":\"https:\/\/bearchair.eu\/es\/#\/schema\/logo\/image\/\"}}]}<\/script>\n<!-- \/ Yoast SEO plugin. -->","yoast_head_json":{"title":"Quejas - The Bear Chair\u00ae","robots":{"index":"index","follow":"follow","max-snippet":"max-snippet:-1","max-image-preview":"max-image-preview:large","max-video-preview":"max-video-preview:-1"},"canonical":"https:\/\/bearchair.eu\/es\/quejas\/","og_locale":"es_ES","og_type":"article","og_title":"Quejas - The Bear Chair\u00ae","og_description":"[vc_row][vc_column][vc_column_text css=\"\" woodmart_inline=\"no\" text_larger=\"no\"] Quejas Siempre puede ocurrir que algo no salga como estaba previsto. Te animamos a que primero","og_url":"https:\/\/bearchair.eu\/es\/quejas\/","og_site_name":"The Bear Chair\u00ae","article_modified_time":"2026-01-07T13:24:42+00:00","twitter_card":"summary_large_image","schema":{"@context":"https:\/\/schema.org","@graph":[{"@type":"WebPage","@id":"https:\/\/bearchair.eu\/es\/quejas\/","url":"https:\/\/bearchair.eu\/es\/quejas\/","name":"Quejas - The Bear Chair\u00ae","isPartOf":{"@id":"https:\/\/bearchair.eu\/es\/#website"},"datePublished":"2024-04-26T08:11:36+00:00","dateModified":"2026-01-07T13:24:42+00:00","breadcrumb":{"@id":"https:\/\/bearchair.eu\/es\/quejas\/#breadcrumb"},"inLanguage":"es","potentialAction":[{"@type":"ReadAction","target":["https:\/\/bearchair.eu\/es\/quejas\/"]}]},{"@type":"BreadcrumbList","@id":"https:\/\/bearchair.eu\/es\/quejas\/#breadcrumb","itemListElement":[{"@type":"ListItem","position":1,"name":"Inicio","item":"https:\/\/bearchair.eu\/es\/inicio\/"},{"@type":"ListItem","position":2,"name":"Quejas"}]},{"@type":"WebSite","@id":"https:\/\/bearchair.eu\/es\/#website","url":"https:\/\/bearchair.eu\/es\/","name":"The Bear Chair","description":"","publisher":{"@id":"https:\/\/bearchair.eu\/es\/#organization"},"potentialAction":[{"@type":"SearchAction","target":{"@type":"EntryPoint","urlTemplate":"https:\/\/bearchair.eu\/es\/?s={search_term_string}"},"query-input":{"@type":"PropertyValueSpecification","valueRequired":true,"valueName":"search_term_string"}}],"inLanguage":"es"},{"@type":"Organization","@id":"https:\/\/bearchair.eu\/es\/#organization","name":"La Silla del Oso","url":"https:\/\/bearchair.eu\/es\/","logo":{"@type":"ImageObject","inLanguage":"es","@id":"https:\/\/bearchair.eu\/es\/#\/schema\/logo\/image\/","url":"https:\/\/new.bearchair.eu\/wp-content\/uploads\/2024\/05\/BearChairIcon.png","contentUrl":"https:\/\/new.bearchair.eu\/wp-content\/uploads\/2024\/05\/BearChairIcon.png","width":512,"height":512,"caption":"La Silla del Oso"},"image":{"@id":"https:\/\/bearchair.eu\/es\/#\/schema\/logo\/image\/"}}]}},"_links":{"self":[{"href":"https:\/\/bearchair.eu\/es\/wp-json\/wp\/v2\/pages\/16461","targetHints":{"allow":["GET"]}}],"collection":[{"href":"https:\/\/bearchair.eu\/es\/wp-json\/wp\/v2\/pages"}],"about":[{"href":"https:\/\/bearchair.eu\/es\/wp-json\/wp\/v2\/types\/page"}],"author":[{"embeddable":true,"href":"https:\/\/bearchair.eu\/es\/wp-json\/wp\/v2\/users\/4"}],"replies":[{"embeddable":true,"href":"https:\/\/bearchair.eu\/es\/wp-json\/wp\/v2\/comments?post=16461"}],"version-history":[{"count":12,"href":"https:\/\/bearchair.eu\/es\/wp-json\/wp\/v2\/pages\/16461\/revisions"}],"predecessor-version":[{"id":24026,"href":"https:\/\/bearchair.eu\/es\/wp-json\/wp\/v2\/pages\/16461\/revisions\/24026"}],"wp:attachment":[{"href":"https:\/\/bearchair.eu\/es\/wp-json\/wp\/v2\/media?parent=16461"}],"curies":[{"name":"wp","href":"https:\/\/api.w.org\/{rel}","templated":true}]}}