{"id":16522,"date":"2024-04-26T07:40:27","date_gmt":"2024-04-26T07:40:27","guid":{"rendered":"https:\/\/bearchair.eu\/condiciones-generales\/"},"modified":"2026-01-07T13:09:13","modified_gmt":"2026-01-07T13:09:13","slug":"condiciones-generales","status":"publish","type":"page","link":"https:\/\/bearchair.eu\/es\/condiciones-generales\/","title":{"rendered":"Condiciones generales"},"content":{"rendered":"<div class=\"wpb-content-wrapper\"><p>[vc_row full_width=\"stretch_row\" woodmart_css_id=\"662b5b1423d95&#8243; responsive_spacing=\"eyJwYXJhbV90eXBlIjoid29vZG1hcnRfcmVzcG9uc2l2ZV9zcGFjaW5nIiwic2VsZWN0b3JfaWQiOiI2NjJiNWIxNDIzZDk1Iiwic2hvcnRjb2RlIjoidmNfcm93IiwiZGF0YSI6eyJ0YWJsZXQiOnt9LCJtb2JpbGUiOnt9fX0=\" mobile_bg_img_hidden=\"no\" tablet_bg_img_hidden=\"no\" woodmart_parallax=\"0&#8243; woodmart_gradient_switch=\"no\" woodmart_box_shadow=\"no\" wd_z_index=\"no\" woodmart_disable_overflow=\"0&#8243; row_reverse_mobile=\"0&#8243; row_reverse_tablet=\"0&#8243;][vc_column]<style data-type=\"vc_shortcodes-custom-css\">.vc_custom_1713861167363{margin-top: 90px !important;}.vc_custom_1713612549973{margin-bottom: 0px !important;}<\/style><p>[vc_row css=\".vc_custom_1713861167363{margin-top: 90px !important;}\" woodmart_css_id=\"662772268ac85\" responsive_spacing=\"eyJwYXJhbV90eXBlIjoid29vZG1hcnRfcmVzcG9uc2l2ZV9zcGFjaW5nIiwic2VsZWN0b3JfaWQiOiI2NjI3NzIyNjhhYzg1Iiwic2hvcnRjb2RlIjoidmNfcm93IiwiZGF0YSI6eyJ0YWJsZXQiOnt9LCJtb2JpbGUiOnt9fX0=\" mobile_bg_img_hidden=\"no\" tablet_bg_img_hidden=\"no\" woodmart_parallax=\"0\" woodmart_gradient_switch=\"no\" woodmart_box_shadow=\"no\" wd_z_index=\"no\" woodmart_disable_overflow=\"0\" row_reverse_mobile=\"0\" row_reverse_tablet=\"0\"][vc_column width=\"1\/4\"]\t\t<div class=\"wd-single-breadcrumbs wd-breadcrumbs wd-wpb wd-rs-6623a6fb7d9b8 vc_custom_1713612549973 text-left\">\n\t\t\t<nav class=\"woocommerce-breadcrumb\" aria-label=\"Breadcrumb\">\t\t\t\t<span class=\"breadcrumb-last\">\n\t\t\t\t\tInicio\t\t\t\t<\/span>\n\t\t\t<\/nav>\t\t<\/div>\n\t\t[vc_separator color=\"custom\" align=\"align_left\" border_width=\"3\" wd_hide_on_desktop=\"no\" wd_hide_on_tablet=\"no\" wd_hide_on_mobile=\"no\" accent_color=\"#a8a8a8\"][\/vc_column][vc_column width=\"3\/4\"][\/vc_column][\/vc_row]<\/p>\n[vc_column_text css=\"\" woodmart_inline=\"no\" text_larger=\"no\"]<\/p>\n<div id=\"panel-562-0-0-0\" class=\"so-panel widget widget_sow-editor panel-first-child\" data-index=\"0\">\n<div class=\"panel-widget-style panel-widget-style-for-562-0-0-0\">\n<div class=\"so-widget-sow-editor so-widget-sow-editor-base\">\n<div class=\"siteorigin-widget-tinymce textwidget\">\n<h1>Condiciones generales<\/h1>\n<h2>En general<\/h2>\n<p>Bear Chair Europe BV<a href=\"https:\/\/bearchair.eu\/es\/\">(www.bearchair.eu)<\/a> posee y gestiona este sitio web. Estos t\u00e9rminos y condiciones rigen tu relaci\u00f3n con <a href=\"https:\/\/bearchair.eu\/es\/\">www.bearchair.eu<\/a> (en adelante, el \"Sitio Web\"). El acceso y uso de este Sitio Web y de los productos y servicios disponibles a trav\u00e9s del mismo (colectivamente, los \"Servicios\") est\u00e1n sujetos a los siguientes t\u00e9rminos, condiciones y avisos (las \"Condiciones del Servicio\"). Al solicitar los Servicios, aceptas todas las Condiciones del Servicio, que pueden ser actualizadas por nosotros de vez en cuando. Debes consultar esta p\u00e1gina con regularidad para tomar nota de cualquier cambio que hayamos introducido en las Condiciones del servicio.<\/p>\n<p>El acceso a este Sitio Web se permite con car\u00e1cter temporal, y nos reservamos el derecho a retirar o modificar los Servicios sin previo aviso. No seremos responsables si, por cualquier motivo, este sitio web no est\u00e1 disponible en cualquier momento o durante cualquier periodo. De vez en cuando, podemos restringir el acceso a algunas partes o a todo el sitio web.  <\/p>\n<p>Este Sitio Web puede contener enlaces a otros sitios web (los \"Sitios Enlazados\"), que no son gestionados por <a href=\"https:\/\/bearchair.eu\/es\/\">www.bearchair.eu.<\/a> <a href=\"https:\/\/bearchair.eu\/es\/\">www.bearchair.eu<\/a> no tiene control alguno sobre los Sitios Enlazados y no acepta responsabilidad alguna por ellos ni por las p\u00e9rdidas o da\u00f1os que puedan derivarse del uso que hagas de ellos. Tu uso de los sitios enlazados est\u00e1 sujeto a las condiciones de uso y servicio proporcionadas en el sitio correspondiente.<\/p>\n<\/div>\n<\/div>\n<\/div>\n<\/div>\n<div id=\"panel-562-0-0-1\" class=\"so-panel widget widget_sow-editor\" data-index=\"1\">\n<div class=\"panel-widget-style panel-widget-style-for-562-0-0-1\">\n<div class=\"so-widget-sow-editor so-widget-sow-editor-base\">\n<div class=\"siteorigin-widget-tinymce textwidget\">\n<h1>Derecho de desistimiento<\/h1>\n<p>Tienes derecho a anular tu pedido hasta 14 d\u00edas despu\u00e9s de recibirlo sin dar ninguna raz\u00f3n, siempre que el precinto o el embalaje no est\u00e9n rotos. Si el precinto o el embalaje est\u00e1n rotos, tu pedido es definitivo y no puede devolverse. Si ejerces tu derecho de desistimiento, dispondr\u00e1s de otros 14 d\u00edas para devolver tu producto despu\u00e9s de la cancelaci\u00f3n. A continuaci\u00f3n, se te abonar\u00e1 el importe total del pedido, incluidos los gastos de env\u00edo. S\u00f3lo corren por tu cuenta los gastos de env\u00edo de la devoluci\u00f3n desde tu domicilio hasta la tienda online. Este coste es de aproximadamente 7,25 euros por paquete; para conocer las tarifas exactas, consulta el sitio web de tu transportista. Si ejerces tu derecho de desistimiento, el producto se devolver\u00e1 al empresario con todos los accesorios entregados y -si es razonablemente posible- en su estado y embalaje originales. Para ejercer este derecho, ponte en contacto con nosotros en <a href=\"mailto:info@bearchair.eu\">info@bearchair.eu.<\/a> En ese caso, te reembolsaremos el importe del pedido en un plazo de 14 d\u00edas a partir de la notificaci\u00f3n de tu devoluci\u00f3n, siempre que el producto ya se haya recibido de vuelta en buen estado.        <\/p>\n<p>Si el producto est\u00e1 da\u00f1ado o el embalaje est\u00e1 m\u00e1s deteriorado de lo necesario para probar el producto, podemos repercutirte esta depreciaci\u00f3n del producto. As\u00ed que, por favor, trata el producto con cuidado y aseg\u00farate de que est\u00e1 bien embalado cuando lo devuelvas. Puedes leer m\u00e1s al respecto en <a href=\"https:\/\/www.webwinkelkeur.nl\/blog\/waardevermindering-na-retournering\/\" target=\"_blank\" rel=\"noopener\">esta p\u00e1gina<\/a>.  <\/p>\n<\/div>\n<\/div>\n<\/div>\n<\/div>\n<div id=\"panel-562-0-0-2\" class=\"so-panel widget widget_sow-editor panel-last-child\" data-index=\"2\">\n<div class=\"panel-widget-style panel-widget-style-for-562-0-0-2\">\n<div class=\"so-widget-sow-editor so-widget-sow-editor-base\">\n<div class=\"siteorigin-widget-tinymce textwidget\">\n<h1>Sistema de reclamaciones<\/h1>\n<p>Siempre puede ocurrir que algo no salga como estaba previsto. Te animamos a que primero nos plantees tus quejas por correo electr\u00f3nico a info@bearchair.eu. Si esto no conduce a una soluci\u00f3n, es posible someter tu disputa a mediaci\u00f3n a trav\u00e9s de WebwinkelKeur mediante https:\/\/www.webwinkelkeur.nl\/kennisbank\/consumenten\/geschil. Si tu reclamaci\u00f3n no se est\u00e1 tramitando ya en otro lugar, puedes presentarla a trav\u00e9s de la plataforma de la Uni\u00f3n Europea.<\/p>\n<\/div>\n<\/div>\n<\/div>\n<\/div>\n<p>[\/vc_column_text][\/vc_column][\/vc_row]<\/p>\n<\/div>","protected":false},"excerpt":{"rendered":"<p>[vc_row full_width=\"stretch_row\" woodmart_css_id=\"662b5b1423d95&#8243; responsive_spacing=\"eyJwYXJhbV90eXBlIjoid29vZG1hcnRfcmVzcG9uc2l2ZV9zcGFjaW5nIiwic2VsZWN0b3JfaWQiOiI2NjJiNWIxNDIzZDk1Iiwic2hvcnRjb2RlIjoidmNfcm93IiwiZGF0YSI6eyJ0YWJsZXQiOnt9LCJtb2JpbGUiOnt9fX0=\" mobile_bg_img_hidden=\"no\" tablet_bg_img_hidden=\"no\" woodmart_parallax=\"0&#8243; woodmart_gradient_switch=\"no\" woodmart_box_shadow=\"no\" wd_z_index=\"no\" woodmart_disable_overflow=\"0&#8243; row_reverse_mobile=\"0&#8243; row_reverse_tablet=\"0&#8243;][vc_column][vc_column_text css=\"\" woodmart_inline=\"no\" text_larger=\"no\"] Condiciones generales En general<\/p>\n","protected":false},"author":4,"featured_media":0,"parent":0,"menu_order":0,"comment_status":"closed","ping_status":"closed","template":"","meta":{"footnotes":""},"class_list":["post-16522","page","type-page","status-publish","hentry"],"yoast_head":"<!-- This site is optimized with the Yoast SEO plugin v27.2 - https:\/\/yoast.com\/product\/yoast-seo-wordpress\/ -->\n<title>Condiciones generales - The Bear Chair\u00ae<\/title>\n<meta name=\"robots\" content=\"index, follow, max-snippet:-1, max-image-preview:large, max-video-preview:-1\" \/>\n<link rel=\"canonical\" href=\"https:\/\/bearchair.eu\/es\/condiciones-generales\/\" \/>\n<meta property=\"og:locale\" content=\"es_ES\" \/>\n<meta property=\"og:type\" content=\"article\" \/>\n<meta property=\"og:title\" content=\"Condiciones generales - The Bear Chair\u00ae\" \/>\n<meta property=\"og:description\" content=\"[vc_row full_width=&quot;stretch_row&quot; woodmart_css_id=&quot;662b5b1423d95&#8243; responsive_spacing=&quot;eyJwYXJhbV90eXBlIjoid29vZG1hcnRfcmVzcG9uc2l2ZV9zcGFjaW5nIiwic2VsZWN0b3JfaWQiOiI2NjJiNWIxNDIzZDk1Iiwic2hvcnRjb2RlIjoidmNfcm93IiwiZGF0YSI6eyJ0YWJsZXQiOnt9LCJtb2JpbGUiOnt9fX0=&quot; mobile_bg_img_hidden=&quot;no&quot; tablet_bg_img_hidden=&quot;no&quot; woodmart_parallax=&quot;0&#8243; woodmart_gradient_switch=&quot;no&quot; woodmart_box_shadow=&quot;no&quot; wd_z_index=&quot;no&quot; woodmart_disable_overflow=&quot;0&#8243; row_reverse_mobile=&quot;0&#8243; row_reverse_tablet=&quot;0&#8243;][vc_column][vc_column_text css=&quot;&quot; woodmart_inline=&quot;no&quot; text_larger=&quot;no&quot;] Condiciones generales En general\" \/>\n<meta property=\"og:url\" content=\"https:\/\/bearchair.eu\/es\/condiciones-generales\/\" \/>\n<meta property=\"og:site_name\" content=\"The Bear Chair\u00ae\" \/>\n<meta property=\"article:modified_time\" content=\"2026-01-07T13:09:13+00:00\" \/>\n<meta name=\"twitter:card\" content=\"summary_large_image\" \/>\n<meta name=\"twitter:label1\" content=\"Tiempo de lectura\" \/>\n\t<meta name=\"twitter:data1\" content=\"3 minutos\" \/>\n<script type=\"application\/ld+json\" class=\"yoast-schema-graph\">{\"@context\":\"https:\/\/schema.org\",\"@graph\":[{\"@type\":\"WebPage\",\"@id\":\"https:\/\/bearchair.eu\/es\/condiciones-generales\/\",\"url\":\"https:\/\/bearchair.eu\/es\/condiciones-generales\/\",\"name\":\"Condiciones generales - The Bear Chair\u00ae\",\"isPartOf\":{\"@id\":\"https:\/\/bearchair.eu\/es\/#website\"},\"datePublished\":\"2024-04-26T07:40:27+00:00\",\"dateModified\":\"2026-01-07T13:09:13+00:00\",\"breadcrumb\":{\"@id\":\"https:\/\/bearchair.eu\/es\/condiciones-generales\/#breadcrumb\"},\"inLanguage\":\"es\",\"potentialAction\":[{\"@type\":\"ReadAction\",\"target\":[\"https:\/\/bearchair.eu\/es\/condiciones-generales\/\"]}]},{\"@type\":\"BreadcrumbList\",\"@id\":\"https:\/\/bearchair.eu\/es\/condiciones-generales\/#breadcrumb\",\"itemListElement\":[{\"@type\":\"ListItem\",\"position\":1,\"name\":\"Inicio\",\"item\":\"https:\/\/bearchair.eu\/es\/inicio\/\"},{\"@type\":\"ListItem\",\"position\":2,\"name\":\"Condiciones generales\"}]},{\"@type\":\"WebSite\",\"@id\":\"https:\/\/bearchair.eu\/es\/#website\",\"url\":\"https:\/\/bearchair.eu\/es\/\",\"name\":\"The Bear Chair\",\"description\":\"\",\"publisher\":{\"@id\":\"https:\/\/bearchair.eu\/es\/#organization\"},\"potentialAction\":[{\"@type\":\"SearchAction\",\"target\":{\"@type\":\"EntryPoint\",\"urlTemplate\":\"https:\/\/bearchair.eu\/es\/?s={search_term_string}\"},\"query-input\":{\"@type\":\"PropertyValueSpecification\",\"valueRequired\":true,\"valueName\":\"search_term_string\"}}],\"inLanguage\":\"es\"},{\"@type\":\"Organization\",\"@id\":\"https:\/\/bearchair.eu\/es\/#organization\",\"name\":\"La Silla del Oso\",\"url\":\"https:\/\/bearchair.eu\/es\/\",\"logo\":{\"@type\":\"ImageObject\",\"inLanguage\":\"es\",\"@id\":\"https:\/\/bearchair.eu\/es\/#\/schema\/logo\/image\/\",\"url\":\"https:\/\/new.bearchair.eu\/wp-content\/uploads\/2024\/05\/BearChairIcon.png\",\"contentUrl\":\"https:\/\/new.bearchair.eu\/wp-content\/uploads\/2024\/05\/BearChairIcon.png\",\"width\":512,\"height\":512,\"caption\":\"La Silla del Oso\"},\"image\":{\"@id\":\"https:\/\/bearchair.eu\/es\/#\/schema\/logo\/image\/\"}}]}<\/script>\n<!-- \/ Yoast SEO plugin. -->","yoast_head_json":{"title":"Condiciones generales - The Bear Chair\u00ae","robots":{"index":"index","follow":"follow","max-snippet":"max-snippet:-1","max-image-preview":"max-image-preview:large","max-video-preview":"max-video-preview:-1"},"canonical":"https:\/\/bearchair.eu\/es\/condiciones-generales\/","og_locale":"es_ES","og_type":"article","og_title":"Condiciones generales - The Bear Chair\u00ae","og_description":"[vc_row full_width=\"stretch_row\" woodmart_css_id=\"662b5b1423d95&#8243; responsive_spacing=\"eyJwYXJhbV90eXBlIjoid29vZG1hcnRfcmVzcG9uc2l2ZV9zcGFjaW5nIiwic2VsZWN0b3JfaWQiOiI2NjJiNWIxNDIzZDk1Iiwic2hvcnRjb2RlIjoidmNfcm93IiwiZGF0YSI6eyJ0YWJsZXQiOnt9LCJtb2JpbGUiOnt9fX0=\" mobile_bg_img_hidden=\"no\" tablet_bg_img_hidden=\"no\" woodmart_parallax=\"0&#8243; woodmart_gradient_switch=\"no\" woodmart_box_shadow=\"no\" wd_z_index=\"no\" woodmart_disable_overflow=\"0&#8243; row_reverse_mobile=\"0&#8243; row_reverse_tablet=\"0&#8243;][vc_column][vc_column_text css=\"\" woodmart_inline=\"no\" text_larger=\"no\"] Condiciones generales En general","og_url":"https:\/\/bearchair.eu\/es\/condiciones-generales\/","og_site_name":"The Bear Chair\u00ae","article_modified_time":"2026-01-07T13:09:13+00:00","twitter_card":"summary_large_image","twitter_misc":{"Tiempo de lectura":"3 minutos"},"schema":{"@context":"https:\/\/schema.org","@graph":[{"@type":"WebPage","@id":"https:\/\/bearchair.eu\/es\/condiciones-generales\/","url":"https:\/\/bearchair.eu\/es\/condiciones-generales\/","name":"Condiciones generales - The Bear Chair\u00ae","isPartOf":{"@id":"https:\/\/bearchair.eu\/es\/#website"},"datePublished":"2024-04-26T07:40:27+00:00","dateModified":"2026-01-07T13:09:13+00:00","breadcrumb":{"@id":"https:\/\/bearchair.eu\/es\/condiciones-generales\/#breadcrumb"},"inLanguage":"es","potentialAction":[{"@type":"ReadAction","target":["https:\/\/bearchair.eu\/es\/condiciones-generales\/"]}]},{"@type":"BreadcrumbList","@id":"https:\/\/bearchair.eu\/es\/condiciones-generales\/#breadcrumb","itemListElement":[{"@type":"ListItem","position":1,"name":"Inicio","item":"https:\/\/bearchair.eu\/es\/inicio\/"},{"@type":"ListItem","position":2,"name":"Condiciones generales"}]},{"@type":"WebSite","@id":"https:\/\/bearchair.eu\/es\/#website","url":"https:\/\/bearchair.eu\/es\/","name":"The Bear Chair","description":"","publisher":{"@id":"https:\/\/bearchair.eu\/es\/#organization"},"potentialAction":[{"@type":"SearchAction","target":{"@type":"EntryPoint","urlTemplate":"https:\/\/bearchair.eu\/es\/?s={search_term_string}"},"query-input":{"@type":"PropertyValueSpecification","valueRequired":true,"valueName":"search_term_string"}}],"inLanguage":"es"},{"@type":"Organization","@id":"https:\/\/bearchair.eu\/es\/#organization","name":"La Silla del Oso","url":"https:\/\/bearchair.eu\/es\/","logo":{"@type":"ImageObject","inLanguage":"es","@id":"https:\/\/bearchair.eu\/es\/#\/schema\/logo\/image\/","url":"https:\/\/new.bearchair.eu\/wp-content\/uploads\/2024\/05\/BearChairIcon.png","contentUrl":"https:\/\/new.bearchair.eu\/wp-content\/uploads\/2024\/05\/BearChairIcon.png","width":512,"height":512,"caption":"La Silla del Oso"},"image":{"@id":"https:\/\/bearchair.eu\/es\/#\/schema\/logo\/image\/"}}]}},"_links":{"self":[{"href":"https:\/\/bearchair.eu\/es\/wp-json\/wp\/v2\/pages\/16522","targetHints":{"allow":["GET"]}}],"collection":[{"href":"https:\/\/bearchair.eu\/es\/wp-json\/wp\/v2\/pages"}],"about":[{"href":"https:\/\/bearchair.eu\/es\/wp-json\/wp\/v2\/types\/page"}],"author":[{"embeddable":true,"href":"https:\/\/bearchair.eu\/es\/wp-json\/wp\/v2\/users\/4"}],"replies":[{"embeddable":true,"href":"https:\/\/bearchair.eu\/es\/wp-json\/wp\/v2\/comments?post=16522"}],"version-history":[{"count":20,"href":"https:\/\/bearchair.eu\/es\/wp-json\/wp\/v2\/pages\/16522\/revisions"}],"predecessor-version":[{"id":23952,"href":"https:\/\/bearchair.eu\/es\/wp-json\/wp\/v2\/pages\/16522\/revisions\/23952"}],"wp:attachment":[{"href":"https:\/\/bearchair.eu\/es\/wp-json\/wp\/v2\/media?parent=16522"}],"curies":[{"name":"wp","href":"https:\/\/api.w.org\/{rel}","templated":true}]}}