{"id":16753,"date":"2024-05-03T10:09:37","date_gmt":"2024-05-03T10:09:37","guid":{"rendered":"https:\/\/bearchair.eu\/sin%20categor\u00eda\/escabel\/"},"modified":"2025-04-25T09:57:23","modified_gmt":"2025-04-25T09:57:23","slug":"escabel","status":"publish","type":"product","link":"https:\/\/bearchair.eu\/es\/sillas\/escabel\/","title":{"rendered":"Bear Chair\u00ae Reposapi\u00e9s"},"content":{"rendered":"<p>Si pensabas que las sillas Bear Chair\u00ae ya eran c\u00f3modas de por s\u00ed, entonces deber\u00edas probar esta otomana como extra. \u00a1Es hora de dar a tus pies el descanso que se merecen! <\/p>\n<p><strong>Dimensiones:  <\/strong><\/p>\n<ul>\n<li>Altura: 33 cm<\/li>\n<li>Anchura: 46 cm<\/li>\n<li>Profundidad: 44 cm<\/li>\n<\/ul>\n<p><strong>Peso:<\/strong> 3 kg<\/p>\n<p><strong>Montaje: <\/strong>La otomana Bear Chair\u00ae est\u00e1 disponible en tres tipos de paquetes:<\/p>\n<ul>\n<li><strong>Kit:<\/strong> obtienes todos los materiales para montar la otomana t\u00fa solo. El kit incluye los listones, tornillos, cola y, por supuesto, instrucciones detalladas de montaje. <\/li>\n<li><strong>Premontado:<\/strong> Una parte est\u00e1 premontada, el resto tienes que montarlo t\u00fa mismo. Por supuesto, se incluyen todos los materiales y las instrucciones de montaje. <\/li>\n<li><strong>Totalmente montado:<\/strong> La otomana ya est\u00e1 totalmente montada. Nuestro servicio de transporte te lo entrega ya montado. Nota: en este caso pueden aplicarse costes m\u00e1s elevados.  <\/li>\n<\/ul>\n","protected":false},"excerpt":{"rendered":"<p>Con la otomana Bear Chair\u00ae estar\u00e1s a\u00fan m\u00e1s c\u00f3modo.<\/p>\n<p>&nbsp;<\/p>\n","protected":false},"featured_media":15594,"template":"","meta":[],"product_brand":[],"product_cat":[262],"product_tag":[],"class_list":{"0":"post-16753","1":"product","2":"type-product","3":"status-publish","4":"has-post-thumbnail","6":"product_cat-sillas","8":"first","9":"instock","10":"featured","11":"taxable","12":"shipping-taxable","13":"purchasable","14":"product-type-variable"},"yoast_head":"<!-- This site is optimized with the Yoast SEO plugin v27.2 - https:\/\/yoast.com\/product\/yoast-seo-wordpress\/ -->\n<title>Bear Chair\u00ae Reposapi\u00e9s - The Bear Chair\u00ae<\/title>\n<meta name=\"description\" content=\"Compra la otomana Bear Chair\u00ae. Agradable para los pies y las piernas, preferentemente en combinaci\u00f3n con las sillas Bear Chair\u00ae.\" \/>\n<meta name=\"robots\" content=\"index, follow, max-snippet:-1, max-image-preview:large, max-video-preview:-1\" \/>\n<link rel=\"canonical\" href=\"https:\/\/bearchair.eu\/es\/sillas\/escabel\/\" \/>\n<meta property=\"og:locale\" content=\"es_ES\" \/>\n<meta property=\"og:type\" content=\"article\" \/>\n<meta property=\"og:title\" content=\"Bear Chair\u00ae Reposapi\u00e9s - The Bear Chair\u00ae\" \/>\n<meta property=\"og:description\" content=\"Compra la otomana Bear Chair\u00ae. Agradable para los pies y las piernas, preferentemente en combinaci\u00f3n con las sillas Bear Chair\u00ae.\" \/>\n<meta property=\"og:url\" content=\"https:\/\/bearchair.eu\/es\/sillas\/escabel\/\" \/>\n<meta property=\"og:site_name\" content=\"The Bear Chair\u00ae\" \/>\n<meta property=\"article:modified_time\" content=\"2025-04-25T09:57:23+00:00\" \/>\n<meta property=\"og:image\" content=\"https:\/\/bearchair.eu\/wp-content\/uploads\/2024\/05\/Untitled-design-2.png\" \/>\n\t<meta property=\"og:image:width\" content=\"720\" \/>\n\t<meta property=\"og:image:height\" content=\"960\" \/>\n\t<meta property=\"og:image:type\" content=\"image\/png\" \/>\n<meta name=\"twitter:card\" content=\"summary_large_image\" \/>\n<meta name=\"twitter:label1\" content=\"Tiempo de lectura\" \/>\n\t<meta name=\"twitter:data1\" content=\"1 minuto\" \/>\n<script type=\"application\/ld+json\" class=\"yoast-schema-graph\">{\"@context\":\"https:\/\/schema.org\",\"@graph\":[{\"@type\":\"WebPage\",\"@id\":\"https:\/\/bearchair.eu\/es\/sillas\/escabel\/\",\"url\":\"https:\/\/bearchair.eu\/es\/sillas\/escabel\/\",\"name\":\"Bear Chair\u00ae Reposapi\u00e9s - The Bear Chair\u00ae\",\"isPartOf\":{\"@id\":\"https:\/\/bearchair.eu\/es\/#website\"},\"primaryImageOfPage\":{\"@id\":\"https:\/\/bearchair.eu\/es\/sillas\/escabel\/#primaryimage\"},\"image\":{\"@id\":\"https:\/\/bearchair.eu\/es\/sillas\/escabel\/#primaryimage\"},\"thumbnailUrl\":\"https:\/\/bearchair.eu\/wp-content\/uploads\/2024\/05\/Untitled-design-2.png\",\"datePublished\":\"2024-05-03T10:09:37+00:00\",\"dateModified\":\"2025-04-25T09:57:23+00:00\",\"description\":\"Compra la otomana Bear Chair\u00ae. Agradable para los pies y las piernas, preferentemente en combinaci\u00f3n con las sillas Bear Chair\u00ae.\",\"breadcrumb\":{\"@id\":\"https:\/\/bearchair.eu\/es\/sillas\/escabel\/#breadcrumb\"},\"inLanguage\":\"es\",\"potentialAction\":[{\"@type\":\"ReadAction\",\"target\":[\"https:\/\/bearchair.eu\/es\/sillas\/escabel\/\"]}]},{\"@type\":\"ImageObject\",\"inLanguage\":\"es\",\"@id\":\"https:\/\/bearchair.eu\/es\/sillas\/escabel\/#primaryimage\",\"url\":\"https:\/\/bearchair.eu\/wp-content\/uploads\/2024\/05\/Untitled-design-2.png\",\"contentUrl\":\"https:\/\/bearchair.eu\/wp-content\/uploads\/2024\/05\/Untitled-design-2.png\",\"width\":720,\"height\":960},{\"@type\":\"BreadcrumbList\",\"@id\":\"https:\/\/bearchair.eu\/es\/sillas\/escabel\/#breadcrumb\",\"itemListElement\":[{\"@type\":\"ListItem\",\"position\":1,\"name\":\"Inicio\",\"item\":\"https:\/\/bearchair.eu\/es\/inicio\/\"},{\"@type\":\"ListItem\",\"position\":2,\"name\":\"Tienda\",\"item\":\"https:\/\/bearchair.eu\/es\/tienda\/\"},{\"@type\":\"ListItem\",\"position\":3,\"name\":\"Bear Chair\u00ae Reposapi\u00e9s\"}]},{\"@type\":\"WebSite\",\"@id\":\"https:\/\/bearchair.eu\/es\/#website\",\"url\":\"https:\/\/bearchair.eu\/es\/\",\"name\":\"The Bear Chair\",\"description\":\"\",\"publisher\":{\"@id\":\"https:\/\/bearchair.eu\/es\/#organization\"},\"potentialAction\":[{\"@type\":\"SearchAction\",\"target\":{\"@type\":\"EntryPoint\",\"urlTemplate\":\"https:\/\/bearchair.eu\/es\/?s={search_term_string}\"},\"query-input\":{\"@type\":\"PropertyValueSpecification\",\"valueRequired\":true,\"valueName\":\"search_term_string\"}}],\"inLanguage\":\"es\"},{\"@type\":\"Organization\",\"@id\":\"https:\/\/bearchair.eu\/es\/#organization\",\"name\":\"La Silla del Oso\",\"url\":\"https:\/\/bearchair.eu\/es\/\",\"logo\":{\"@type\":\"ImageObject\",\"inLanguage\":\"es\",\"@id\":\"https:\/\/bearchair.eu\/es\/#\/schema\/logo\/image\/\",\"url\":\"https:\/\/new.bearchair.eu\/wp-content\/uploads\/2024\/05\/BearChairIcon.png\",\"contentUrl\":\"https:\/\/new.bearchair.eu\/wp-content\/uploads\/2024\/05\/BearChairIcon.png\",\"width\":512,\"height\":512,\"caption\":\"La Silla del Oso\"},\"image\":{\"@id\":\"https:\/\/bearchair.eu\/es\/#\/schema\/logo\/image\/\"}}]}<\/script>\n<!-- \/ Yoast SEO plugin. -->","yoast_head_json":{"title":"Bear Chair\u00ae Reposapi\u00e9s - The Bear Chair\u00ae","description":"Compra la otomana Bear Chair\u00ae. Agradable para los pies y las piernas, preferentemente en combinaci\u00f3n con las sillas Bear Chair\u00ae.","robots":{"index":"index","follow":"follow","max-snippet":"max-snippet:-1","max-image-preview":"max-image-preview:large","max-video-preview":"max-video-preview:-1"},"canonical":"https:\/\/bearchair.eu\/es\/sillas\/escabel\/","og_locale":"es_ES","og_type":"article","og_title":"Bear Chair\u00ae Reposapi\u00e9s - The Bear Chair\u00ae","og_description":"Compra la otomana Bear Chair\u00ae. Agradable para los pies y las piernas, preferentemente en combinaci\u00f3n con las sillas Bear Chair\u00ae.","og_url":"https:\/\/bearchair.eu\/es\/sillas\/escabel\/","og_site_name":"The Bear Chair\u00ae","article_modified_time":"2025-04-25T09:57:23+00:00","og_image":[{"width":720,"height":960,"url":"https:\/\/bearchair.eu\/wp-content\/uploads\/2024\/05\/Untitled-design-2.png","type":"image\/png"}],"twitter_card":"summary_large_image","twitter_misc":{"Tiempo de lectura":"1 minuto"},"schema":{"@context":"https:\/\/schema.org","@graph":[{"@type":"WebPage","@id":"https:\/\/bearchair.eu\/es\/sillas\/escabel\/","url":"https:\/\/bearchair.eu\/es\/sillas\/escabel\/","name":"Bear Chair\u00ae Reposapi\u00e9s - The Bear Chair\u00ae","isPartOf":{"@id":"https:\/\/bearchair.eu\/es\/#website"},"primaryImageOfPage":{"@id":"https:\/\/bearchair.eu\/es\/sillas\/escabel\/#primaryimage"},"image":{"@id":"https:\/\/bearchair.eu\/es\/sillas\/escabel\/#primaryimage"},"thumbnailUrl":"https:\/\/bearchair.eu\/wp-content\/uploads\/2024\/05\/Untitled-design-2.png","datePublished":"2024-05-03T10:09:37+00:00","dateModified":"2025-04-25T09:57:23+00:00","description":"Compra la otomana Bear Chair\u00ae. Agradable para los pies y las piernas, preferentemente en combinaci\u00f3n con las sillas Bear Chair\u00ae.","breadcrumb":{"@id":"https:\/\/bearchair.eu\/es\/sillas\/escabel\/#breadcrumb"},"inLanguage":"es","potentialAction":[{"@type":"ReadAction","target":["https:\/\/bearchair.eu\/es\/sillas\/escabel\/"]}]},{"@type":"ImageObject","inLanguage":"es","@id":"https:\/\/bearchair.eu\/es\/sillas\/escabel\/#primaryimage","url":"https:\/\/bearchair.eu\/wp-content\/uploads\/2024\/05\/Untitled-design-2.png","contentUrl":"https:\/\/bearchair.eu\/wp-content\/uploads\/2024\/05\/Untitled-design-2.png","width":720,"height":960},{"@type":"BreadcrumbList","@id":"https:\/\/bearchair.eu\/es\/sillas\/escabel\/#breadcrumb","itemListElement":[{"@type":"ListItem","position":1,"name":"Inicio","item":"https:\/\/bearchair.eu\/es\/inicio\/"},{"@type":"ListItem","position":2,"name":"Tienda","item":"https:\/\/bearchair.eu\/es\/tienda\/"},{"@type":"ListItem","position":3,"name":"Bear Chair\u00ae Reposapi\u00e9s"}]},{"@type":"WebSite","@id":"https:\/\/bearchair.eu\/es\/#website","url":"https:\/\/bearchair.eu\/es\/","name":"The Bear Chair","description":"","publisher":{"@id":"https:\/\/bearchair.eu\/es\/#organization"},"potentialAction":[{"@type":"SearchAction","target":{"@type":"EntryPoint","urlTemplate":"https:\/\/bearchair.eu\/es\/?s={search_term_string}"},"query-input":{"@type":"PropertyValueSpecification","valueRequired":true,"valueName":"search_term_string"}}],"inLanguage":"es"},{"@type":"Organization","@id":"https:\/\/bearchair.eu\/es\/#organization","name":"La Silla del Oso","url":"https:\/\/bearchair.eu\/es\/","logo":{"@type":"ImageObject","inLanguage":"es","@id":"https:\/\/bearchair.eu\/es\/#\/schema\/logo\/image\/","url":"https:\/\/new.bearchair.eu\/wp-content\/uploads\/2024\/05\/BearChairIcon.png","contentUrl":"https:\/\/new.bearchair.eu\/wp-content\/uploads\/2024\/05\/BearChairIcon.png","width":512,"height":512,"caption":"La Silla del Oso"},"image":{"@id":"https:\/\/bearchair.eu\/es\/#\/schema\/logo\/image\/"}}]}},"_links":{"self":[{"href":"https:\/\/bearchair.eu\/es\/wp-json\/wp\/v2\/product\/16753","targetHints":{"allow":["GET"]}}],"collection":[{"href":"https:\/\/bearchair.eu\/es\/wp-json\/wp\/v2\/product"}],"about":[{"href":"https:\/\/bearchair.eu\/es\/wp-json\/wp\/v2\/types\/product"}],"wp:featuredmedia":[{"embeddable":true,"href":"https:\/\/bearchair.eu\/es\/wp-json\/wp\/v2\/media\/15594"}],"wp:attachment":[{"href":"https:\/\/bearchair.eu\/es\/wp-json\/wp\/v2\/media?parent=16753"}],"wp:term":[{"taxonomy":"product_brand","embeddable":true,"href":"https:\/\/bearchair.eu\/es\/wp-json\/wp\/v2\/product_brand?post=16753"},{"taxonomy":"product_cat","embeddable":true,"href":"https:\/\/bearchair.eu\/es\/wp-json\/wp\/v2\/product_cat?post=16753"},{"taxonomy":"product_tag","embeddable":true,"href":"https:\/\/bearchair.eu\/es\/wp-json\/wp\/v2\/product_tag?post=16753"}],"curies":[{"name":"wp","href":"https:\/\/api.w.org\/{rel}","templated":true}]}}