{"id":16816,"date":"2024-05-03T10:09:35","date_gmt":"2024-05-03T10:09:35","guid":{"rendered":"https:\/\/bearchair.eu\/sin%20categor\u00eda\/bear-chair-protector\/"},"modified":"2025-05-01T13:10:57","modified_gmt":"2025-05-01T13:10:57","slug":"bear-chair-protector","status":"publish","type":"product","link":"https:\/\/bearchair.eu\/es\/productos-de-limpieza-y-mantenimiento\/bear-chair-protector\/","title":{"rendered":"Bear Chair\u00ae Protector"},"content":{"rendered":"<p>El Protector Bear Chair\u00ae combina la tecnolog\u00eda monocapa con un avanzado estabilizador UV. Esto hace que el producto proteja los muebles del ennegrecimiento, incluso en climas extremos. El producto puede aplicarse tanto a madera nueva como vieja. Protege y conserva. Apl\u00edcalo con una esponja o un pincel plano, pasa un pa\u00f1o para eliminar las marcas de aceite.    <\/p>\n<p>El Protector Bear Chair\u00ae est\u00e1 disponible en Natural, Marr\u00f3n, Blanco y Negro<\/p>\n","protected":false},"excerpt":{"rendered":"<p>El Protector Bear Chair\u00ae protege tus muebles de jard\u00edn de las influencias meteorol\u00f3gicas y de la luz solar. De este modo, conservan su color original a lo largo de los a\u00f1os. <\/p>\n","protected":false},"featured_media":15655,"template":"","meta":[],"product_brand":[],"product_cat":[283],"product_tag":[],"class_list":{"0":"post-16816","1":"product","2":"type-product","3":"status-publish","4":"has-post-thumbnail","6":"product_cat-productos-de-limpieza-y-mantenimiento","8":"first","9":"instock","10":"taxable","11":"shipping-taxable","12":"purchasable","13":"product-type-simple"},"yoast_head":"<!-- This site is optimized with the Yoast SEO plugin v27.2 - https:\/\/yoast.com\/product\/yoast-seo-wordpress\/ -->\n<title>Bear Chair\u00ae Protector - The Bear Chair\u00ae<\/title>\n<meta name=\"description\" content=\"Tienda Bear Chair\u00ae Protector. Un producto de protecci\u00f3n de m\u00e1xima calidad para tu producto Bear Chair.\" \/>\n<meta name=\"robots\" content=\"index, follow, max-snippet:-1, max-image-preview:large, max-video-preview:-1\" \/>\n<link rel=\"canonical\" href=\"https:\/\/bearchair.eu\/es\/productos-de-limpieza-y-mantenimiento\/bear-chair-protector\/\" \/>\n<meta property=\"og:locale\" content=\"es_ES\" \/>\n<meta property=\"og:type\" content=\"article\" \/>\n<meta property=\"og:title\" content=\"Bear Chair\u00ae Protector - The Bear Chair\u00ae\" \/>\n<meta property=\"og:description\" content=\"Tienda Bear Chair\u00ae Protector. Un producto de protecci\u00f3n de m\u00e1xima calidad para tu producto Bear Chair.\" \/>\n<meta property=\"og:url\" content=\"https:\/\/bearchair.eu\/es\/productos-de-limpieza-y-mantenimiento\/bear-chair-protector\/\" \/>\n<meta property=\"og:site_name\" content=\"The Bear Chair\u00ae\" \/>\n<meta property=\"article:modified_time\" content=\"2025-05-01T13:10:57+00:00\" \/>\n<meta property=\"og:image\" content=\"https:\/\/bearchair.eu\/wp-content\/uploads\/2024\/05\/Untitled-design-12.png\" \/>\n\t<meta property=\"og:image:width\" content=\"720\" \/>\n\t<meta property=\"og:image:height\" content=\"960\" \/>\n\t<meta property=\"og:image:type\" content=\"image\/png\" \/>\n<meta name=\"twitter:card\" content=\"summary_large_image\" \/>\n<script type=\"application\/ld+json\" class=\"yoast-schema-graph\">{\"@context\":\"https:\/\/schema.org\",\"@graph\":[{\"@type\":\"WebPage\",\"@id\":\"https:\/\/bearchair.eu\/es\/productos-de-limpieza-y-mantenimiento\/bear-chair-protector\/\",\"url\":\"https:\/\/bearchair.eu\/es\/productos-de-limpieza-y-mantenimiento\/bear-chair-protector\/\",\"name\":\"Bear Chair\u00ae Protector - The Bear Chair\u00ae\",\"isPartOf\":{\"@id\":\"https:\/\/bearchair.eu\/es\/#website\"},\"primaryImageOfPage\":{\"@id\":\"https:\/\/bearchair.eu\/es\/productos-de-limpieza-y-mantenimiento\/bear-chair-protector\/#primaryimage\"},\"image\":{\"@id\":\"https:\/\/bearchair.eu\/es\/productos-de-limpieza-y-mantenimiento\/bear-chair-protector\/#primaryimage\"},\"thumbnailUrl\":\"https:\/\/bearchair.eu\/wp-content\/uploads\/2024\/05\/Untitled-design-12.png\",\"datePublished\":\"2024-05-03T10:09:35+00:00\",\"dateModified\":\"2025-05-01T13:10:57+00:00\",\"description\":\"Tienda Bear Chair\u00ae Protector. Un producto de protecci\u00f3n de m\u00e1xima calidad para tu producto Bear Chair.\",\"breadcrumb\":{\"@id\":\"https:\/\/bearchair.eu\/es\/productos-de-limpieza-y-mantenimiento\/bear-chair-protector\/#breadcrumb\"},\"inLanguage\":\"es\",\"potentialAction\":[{\"@type\":\"ReadAction\",\"target\":[\"https:\/\/bearchair.eu\/es\/productos-de-limpieza-y-mantenimiento\/bear-chair-protector\/\"]}]},{\"@type\":\"ImageObject\",\"inLanguage\":\"es\",\"@id\":\"https:\/\/bearchair.eu\/es\/productos-de-limpieza-y-mantenimiento\/bear-chair-protector\/#primaryimage\",\"url\":\"https:\/\/bearchair.eu\/wp-content\/uploads\/2024\/05\/Untitled-design-12.png\",\"contentUrl\":\"https:\/\/bearchair.eu\/wp-content\/uploads\/2024\/05\/Untitled-design-12.png\",\"width\":720,\"height\":960},{\"@type\":\"BreadcrumbList\",\"@id\":\"https:\/\/bearchair.eu\/es\/productos-de-limpieza-y-mantenimiento\/bear-chair-protector\/#breadcrumb\",\"itemListElement\":[{\"@type\":\"ListItem\",\"position\":1,\"name\":\"Inicio\",\"item\":\"https:\/\/bearchair.eu\/es\/inicio\/\"},{\"@type\":\"ListItem\",\"position\":2,\"name\":\"Tienda\",\"item\":\"https:\/\/bearchair.eu\/es\/tienda\/\"},{\"@type\":\"ListItem\",\"position\":3,\"name\":\"Bear Chair\u00ae Protector\"}]},{\"@type\":\"WebSite\",\"@id\":\"https:\/\/bearchair.eu\/es\/#website\",\"url\":\"https:\/\/bearchair.eu\/es\/\",\"name\":\"The Bear Chair\",\"description\":\"\",\"publisher\":{\"@id\":\"https:\/\/bearchair.eu\/es\/#organization\"},\"potentialAction\":[{\"@type\":\"SearchAction\",\"target\":{\"@type\":\"EntryPoint\",\"urlTemplate\":\"https:\/\/bearchair.eu\/es\/?s={search_term_string}\"},\"query-input\":{\"@type\":\"PropertyValueSpecification\",\"valueRequired\":true,\"valueName\":\"search_term_string\"}}],\"inLanguage\":\"es\"},{\"@type\":\"Organization\",\"@id\":\"https:\/\/bearchair.eu\/es\/#organization\",\"name\":\"La Silla del Oso\",\"url\":\"https:\/\/bearchair.eu\/es\/\",\"logo\":{\"@type\":\"ImageObject\",\"inLanguage\":\"es\",\"@id\":\"https:\/\/bearchair.eu\/es\/#\/schema\/logo\/image\/\",\"url\":\"https:\/\/new.bearchair.eu\/wp-content\/uploads\/2024\/05\/BearChairIcon.png\",\"contentUrl\":\"https:\/\/new.bearchair.eu\/wp-content\/uploads\/2024\/05\/BearChairIcon.png\",\"width\":512,\"height\":512,\"caption\":\"La Silla del Oso\"},\"image\":{\"@id\":\"https:\/\/bearchair.eu\/es\/#\/schema\/logo\/image\/\"}}]}<\/script>\n<!-- \/ Yoast SEO plugin. -->","yoast_head_json":{"title":"Bear Chair\u00ae Protector - The Bear Chair\u00ae","description":"Tienda Bear Chair\u00ae Protector. Un producto de protecci\u00f3n de m\u00e1xima calidad para tu producto Bear Chair.","robots":{"index":"index","follow":"follow","max-snippet":"max-snippet:-1","max-image-preview":"max-image-preview:large","max-video-preview":"max-video-preview:-1"},"canonical":"https:\/\/bearchair.eu\/es\/productos-de-limpieza-y-mantenimiento\/bear-chair-protector\/","og_locale":"es_ES","og_type":"article","og_title":"Bear Chair\u00ae Protector - The Bear Chair\u00ae","og_description":"Tienda Bear Chair\u00ae Protector. Un producto de protecci\u00f3n de m\u00e1xima calidad para tu producto Bear Chair.","og_url":"https:\/\/bearchair.eu\/es\/productos-de-limpieza-y-mantenimiento\/bear-chair-protector\/","og_site_name":"The Bear Chair\u00ae","article_modified_time":"2025-05-01T13:10:57+00:00","og_image":[{"width":720,"height":960,"url":"https:\/\/bearchair.eu\/wp-content\/uploads\/2024\/05\/Untitled-design-12.png","type":"image\/png"}],"twitter_card":"summary_large_image","schema":{"@context":"https:\/\/schema.org","@graph":[{"@type":"WebPage","@id":"https:\/\/bearchair.eu\/es\/productos-de-limpieza-y-mantenimiento\/bear-chair-protector\/","url":"https:\/\/bearchair.eu\/es\/productos-de-limpieza-y-mantenimiento\/bear-chair-protector\/","name":"Bear Chair\u00ae Protector - The Bear Chair\u00ae","isPartOf":{"@id":"https:\/\/bearchair.eu\/es\/#website"},"primaryImageOfPage":{"@id":"https:\/\/bearchair.eu\/es\/productos-de-limpieza-y-mantenimiento\/bear-chair-protector\/#primaryimage"},"image":{"@id":"https:\/\/bearchair.eu\/es\/productos-de-limpieza-y-mantenimiento\/bear-chair-protector\/#primaryimage"},"thumbnailUrl":"https:\/\/bearchair.eu\/wp-content\/uploads\/2024\/05\/Untitled-design-12.png","datePublished":"2024-05-03T10:09:35+00:00","dateModified":"2025-05-01T13:10:57+00:00","description":"Tienda Bear Chair\u00ae Protector. Un producto de protecci\u00f3n de m\u00e1xima calidad para tu producto Bear Chair.","breadcrumb":{"@id":"https:\/\/bearchair.eu\/es\/productos-de-limpieza-y-mantenimiento\/bear-chair-protector\/#breadcrumb"},"inLanguage":"es","potentialAction":[{"@type":"ReadAction","target":["https:\/\/bearchair.eu\/es\/productos-de-limpieza-y-mantenimiento\/bear-chair-protector\/"]}]},{"@type":"ImageObject","inLanguage":"es","@id":"https:\/\/bearchair.eu\/es\/productos-de-limpieza-y-mantenimiento\/bear-chair-protector\/#primaryimage","url":"https:\/\/bearchair.eu\/wp-content\/uploads\/2024\/05\/Untitled-design-12.png","contentUrl":"https:\/\/bearchair.eu\/wp-content\/uploads\/2024\/05\/Untitled-design-12.png","width":720,"height":960},{"@type":"BreadcrumbList","@id":"https:\/\/bearchair.eu\/es\/productos-de-limpieza-y-mantenimiento\/bear-chair-protector\/#breadcrumb","itemListElement":[{"@type":"ListItem","position":1,"name":"Inicio","item":"https:\/\/bearchair.eu\/es\/inicio\/"},{"@type":"ListItem","position":2,"name":"Tienda","item":"https:\/\/bearchair.eu\/es\/tienda\/"},{"@type":"ListItem","position":3,"name":"Bear Chair\u00ae Protector"}]},{"@type":"WebSite","@id":"https:\/\/bearchair.eu\/es\/#website","url":"https:\/\/bearchair.eu\/es\/","name":"The Bear Chair","description":"","publisher":{"@id":"https:\/\/bearchair.eu\/es\/#organization"},"potentialAction":[{"@type":"SearchAction","target":{"@type":"EntryPoint","urlTemplate":"https:\/\/bearchair.eu\/es\/?s={search_term_string}"},"query-input":{"@type":"PropertyValueSpecification","valueRequired":true,"valueName":"search_term_string"}}],"inLanguage":"es"},{"@type":"Organization","@id":"https:\/\/bearchair.eu\/es\/#organization","name":"La Silla del Oso","url":"https:\/\/bearchair.eu\/es\/","logo":{"@type":"ImageObject","inLanguage":"es","@id":"https:\/\/bearchair.eu\/es\/#\/schema\/logo\/image\/","url":"https:\/\/new.bearchair.eu\/wp-content\/uploads\/2024\/05\/BearChairIcon.png","contentUrl":"https:\/\/new.bearchair.eu\/wp-content\/uploads\/2024\/05\/BearChairIcon.png","width":512,"height":512,"caption":"La Silla del Oso"},"image":{"@id":"https:\/\/bearchair.eu\/es\/#\/schema\/logo\/image\/"}}]}},"_links":{"self":[{"href":"https:\/\/bearchair.eu\/es\/wp-json\/wp\/v2\/product\/16816","targetHints":{"allow":["GET"]}}],"collection":[{"href":"https:\/\/bearchair.eu\/es\/wp-json\/wp\/v2\/product"}],"about":[{"href":"https:\/\/bearchair.eu\/es\/wp-json\/wp\/v2\/types\/product"}],"wp:featuredmedia":[{"embeddable":true,"href":"https:\/\/bearchair.eu\/es\/wp-json\/wp\/v2\/media\/15655"}],"wp:attachment":[{"href":"https:\/\/bearchair.eu\/es\/wp-json\/wp\/v2\/media?parent=16816"}],"wp:term":[{"taxonomy":"product_brand","embeddable":true,"href":"https:\/\/bearchair.eu\/es\/wp-json\/wp\/v2\/product_brand?post=16816"},{"taxonomy":"product_cat","embeddable":true,"href":"https:\/\/bearchair.eu\/es\/wp-json\/wp\/v2\/product_cat?post=16816"},{"taxonomy":"product_tag","embeddable":true,"href":"https:\/\/bearchair.eu\/es\/wp-json\/wp\/v2\/product_tag?post=16816"}],"curies":[{"name":"wp","href":"https:\/\/api.w.org\/{rel}","templated":true}]}}