{"id":16819,"date":"2024-05-03T10:09:36","date_gmt":"2024-05-03T10:09:36","guid":{"rendered":"https:\/\/bearchair.eu\/sin%20categor\u00eda\/banco-de-cedro-2\/"},"modified":"2025-04-25T10:02:54","modified_gmt":"2025-04-25T10:02:54","slug":"banco-de-cedro-2","status":"publish","type":"product","link":"https:\/\/bearchair.eu\/es\/sillas\/banco-de-cedro-2\/","title":{"rendered":"Bear Chair\u00ae banco de cedro"},"content":{"rendered":"<p>El banco de cedro Bear Chair\u00ae no s\u00f3lo es bonito a la vista, sino que tiene la misma alta calidad que el resto de los productos Bear Chair\u00ae. Su peso ligero facilita su desplazamiento. <\/p>\n<p><strong>Dimensiones:<\/strong><\/p>\n<ul>\n<li>Altura: 48 cm<\/li>\n<li>Anchura: 150 cm<\/li>\n<li>Profundidad: 45 cm<\/li>\n<\/ul>\n<p><strong>Peso:<\/strong> 15 kg<\/p>\n<p><strong>Montaje:<\/strong> El banco de cedro Bear Chair\u00ae est\u00e1 disponible en dos tipos de paquetes:<\/p>\n<ul>\n<li><strong>Premontado:<\/strong> El asiento est\u00e1 premontado, el resto debes montarlo t\u00fa mismo. Por supuesto, se incluyen todos los materiales y las instrucciones de montaje. <\/li>\n<li><strong>Totalmente montado:<\/strong> El sof\u00e1 ya est\u00e1 totalmente montado. Nuestro propio servicio de transporte te lo entrega ya montado. Atenci\u00f3n: en este caso pueden aplicarse costes m\u00e1s elevados.  <\/li>\n<\/ul>\n<p>Consejo: combina este banco de cedro con<a href=\"https:\/\/bearchair.eu\/tafels\/picknick-tafel\/\" target=\"_blank\" rel=\"noopener\"> la mesa de picnic<\/a><\/p>\n","protected":false},"excerpt":{"rendered":"<p>El elegante banco de cedro Bear Chair\u00ae puede colocarse junto a una mesa de jard\u00edn o simplemente de pie en el jard\u00edn. Este banco de acabado elegante, robusto pero ligero, encaja en cualquier jard\u00edn. <\/p>\n","protected":false},"featured_media":15369,"template":"","meta":[],"product_brand":[],"product_cat":[262],"product_tag":[],"class_list":{"0":"post-16819","1":"product","2":"type-product","3":"status-publish","4":"has-post-thumbnail","6":"product_cat-sillas","8":"first","9":"instock","10":"taxable","11":"shipping-taxable","12":"purchasable","13":"product-type-variable"},"yoast_head":"<!-- This site is optimized with the Yoast SEO plugin v27.2 - https:\/\/yoast.com\/product\/yoast-seo-wordpress\/ -->\n<title>Bear Chair\u00ae banco de cedro - The Bear Chair\u00ae<\/title>\n<meta name=\"robots\" content=\"index, follow, max-snippet:-1, max-image-preview:large, max-video-preview:-1\" \/>\n<link rel=\"canonical\" href=\"https:\/\/bearchair.eu\/es\/sillas\/banco-de-cedro-2\/\" \/>\n<meta property=\"og:locale\" content=\"es_ES\" \/>\n<meta property=\"og:type\" content=\"article\" \/>\n<meta property=\"og:title\" content=\"Bear Chair\u00ae banco de cedro - The Bear Chair\u00ae\" \/>\n<meta property=\"og:description\" content=\"El elegante banco de cedro Bear Chair\u00ae puede colocarse junto a una mesa de jard\u00edn o simplemente de pie en el jard\u00edn. Este banco de acabado elegante, robusto pero ligero, encaja en cualquier jard\u00edn.\" \/>\n<meta property=\"og:url\" content=\"https:\/\/bearchair.eu\/es\/sillas\/banco-de-cedro-2\/\" \/>\n<meta property=\"og:site_name\" content=\"The Bear Chair\u00ae\" \/>\n<meta property=\"article:modified_time\" content=\"2025-04-25T10:02:54+00:00\" \/>\n<meta property=\"og:image\" content=\"https:\/\/bearchair.eu\/wp-content\/uploads\/2024\/05\/Cedar-Bench2.jpg\" \/>\n\t<meta property=\"og:image:width\" content=\"500\" \/>\n\t<meta property=\"og:image:height\" content=\"333\" \/>\n\t<meta property=\"og:image:type\" content=\"image\/jpeg\" \/>\n<meta name=\"twitter:card\" content=\"summary_large_image\" \/>\n<meta name=\"twitter:label1\" content=\"Tiempo de lectura\" \/>\n\t<meta name=\"twitter:data1\" content=\"1 minuto\" \/>\n<script type=\"application\/ld+json\" class=\"yoast-schema-graph\">{\"@context\":\"https:\/\/schema.org\",\"@graph\":[{\"@type\":\"WebPage\",\"@id\":\"https:\/\/bearchair.eu\/es\/sillas\/banco-de-cedro-2\/\",\"url\":\"https:\/\/bearchair.eu\/es\/sillas\/banco-de-cedro-2\/\",\"name\":\"Bear Chair\u00ae banco de cedro - The Bear Chair\u00ae\",\"isPartOf\":{\"@id\":\"https:\/\/bearchair.eu\/es\/#website\"},\"primaryImageOfPage\":{\"@id\":\"https:\/\/bearchair.eu\/es\/sillas\/banco-de-cedro-2\/#primaryimage\"},\"image\":{\"@id\":\"https:\/\/bearchair.eu\/es\/sillas\/banco-de-cedro-2\/#primaryimage\"},\"thumbnailUrl\":\"https:\/\/bearchair.eu\/wp-content\/uploads\/2024\/05\/Cedar-Bench2.jpg\",\"datePublished\":\"2024-05-03T10:09:36+00:00\",\"dateModified\":\"2025-04-25T10:02:54+00:00\",\"breadcrumb\":{\"@id\":\"https:\/\/bearchair.eu\/es\/sillas\/banco-de-cedro-2\/#breadcrumb\"},\"inLanguage\":\"es\",\"potentialAction\":[{\"@type\":\"ReadAction\",\"target\":[\"https:\/\/bearchair.eu\/es\/sillas\/banco-de-cedro-2\/\"]}]},{\"@type\":\"ImageObject\",\"inLanguage\":\"es\",\"@id\":\"https:\/\/bearchair.eu\/es\/sillas\/banco-de-cedro-2\/#primaryimage\",\"url\":\"https:\/\/bearchair.eu\/wp-content\/uploads\/2024\/05\/Cedar-Bench2.jpg\",\"contentUrl\":\"https:\/\/bearchair.eu\/wp-content\/uploads\/2024\/05\/Cedar-Bench2.jpg\",\"width\":500,\"height\":333},{\"@type\":\"BreadcrumbList\",\"@id\":\"https:\/\/bearchair.eu\/es\/sillas\/banco-de-cedro-2\/#breadcrumb\",\"itemListElement\":[{\"@type\":\"ListItem\",\"position\":1,\"name\":\"Home\",\"item\":\"https:\/\/bearchair.eu\/es\/inicio\/\"},{\"@type\":\"ListItem\",\"position\":2,\"name\":\"Tienda\",\"item\":\"https:\/\/bearchair.eu\/es\/tienda\/\"},{\"@type\":\"ListItem\",\"position\":3,\"name\":\"Bear Chair\u00ae banco de cedro\"}]},{\"@type\":\"WebSite\",\"@id\":\"https:\/\/bearchair.eu\/es\/#website\",\"url\":\"https:\/\/bearchair.eu\/es\/\",\"name\":\"The Bear Chair\",\"description\":\"\",\"publisher\":{\"@id\":\"https:\/\/bearchair.eu\/es\/#organization\"},\"potentialAction\":[{\"@type\":\"SearchAction\",\"target\":{\"@type\":\"EntryPoint\",\"urlTemplate\":\"https:\/\/bearchair.eu\/es\/?s={search_term_string}\"},\"query-input\":{\"@type\":\"PropertyValueSpecification\",\"valueRequired\":true,\"valueName\":\"search_term_string\"}}],\"inLanguage\":\"es\"},{\"@type\":\"Organization\",\"@id\":\"https:\/\/bearchair.eu\/es\/#organization\",\"name\":\"La Silla del Oso\",\"url\":\"https:\/\/bearchair.eu\/es\/\",\"logo\":{\"@type\":\"ImageObject\",\"inLanguage\":\"es\",\"@id\":\"https:\/\/bearchair.eu\/es\/#\/schema\/logo\/image\/\",\"url\":\"https:\/\/new.bearchair.eu\/wp-content\/uploads\/2024\/05\/BearChairIcon.png\",\"contentUrl\":\"https:\/\/new.bearchair.eu\/wp-content\/uploads\/2024\/05\/BearChairIcon.png\",\"width\":512,\"height\":512,\"caption\":\"La Silla del Oso\"},\"image\":{\"@id\":\"https:\/\/bearchair.eu\/es\/#\/schema\/logo\/image\/\"}}]}<\/script>\n<!-- \/ Yoast SEO plugin. -->","yoast_head_json":{"title":"Bear Chair\u00ae banco de cedro - The Bear Chair\u00ae","robots":{"index":"index","follow":"follow","max-snippet":"max-snippet:-1","max-image-preview":"max-image-preview:large","max-video-preview":"max-video-preview:-1"},"canonical":"https:\/\/bearchair.eu\/es\/sillas\/banco-de-cedro-2\/","og_locale":"es_ES","og_type":"article","og_title":"Bear Chair\u00ae banco de cedro - The Bear Chair\u00ae","og_description":"El elegante banco de cedro Bear Chair\u00ae puede colocarse junto a una mesa de jard\u00edn o simplemente de pie en el jard\u00edn. Este banco de acabado elegante, robusto pero ligero, encaja en cualquier jard\u00edn.","og_url":"https:\/\/bearchair.eu\/es\/sillas\/banco-de-cedro-2\/","og_site_name":"The Bear Chair\u00ae","article_modified_time":"2025-04-25T10:02:54+00:00","og_image":[{"width":500,"height":333,"url":"https:\/\/bearchair.eu\/wp-content\/uploads\/2024\/05\/Cedar-Bench2.jpg","type":"image\/jpeg"}],"twitter_card":"summary_large_image","twitter_misc":{"Tiempo de lectura":"1 minuto"},"schema":{"@context":"https:\/\/schema.org","@graph":[{"@type":"WebPage","@id":"https:\/\/bearchair.eu\/es\/sillas\/banco-de-cedro-2\/","url":"https:\/\/bearchair.eu\/es\/sillas\/banco-de-cedro-2\/","name":"Bear Chair\u00ae banco de cedro - The Bear Chair\u00ae","isPartOf":{"@id":"https:\/\/bearchair.eu\/es\/#website"},"primaryImageOfPage":{"@id":"https:\/\/bearchair.eu\/es\/sillas\/banco-de-cedro-2\/#primaryimage"},"image":{"@id":"https:\/\/bearchair.eu\/es\/sillas\/banco-de-cedro-2\/#primaryimage"},"thumbnailUrl":"https:\/\/bearchair.eu\/wp-content\/uploads\/2024\/05\/Cedar-Bench2.jpg","datePublished":"2024-05-03T10:09:36+00:00","dateModified":"2025-04-25T10:02:54+00:00","breadcrumb":{"@id":"https:\/\/bearchair.eu\/es\/sillas\/banco-de-cedro-2\/#breadcrumb"},"inLanguage":"es","potentialAction":[{"@type":"ReadAction","target":["https:\/\/bearchair.eu\/es\/sillas\/banco-de-cedro-2\/"]}]},{"@type":"ImageObject","inLanguage":"es","@id":"https:\/\/bearchair.eu\/es\/sillas\/banco-de-cedro-2\/#primaryimage","url":"https:\/\/bearchair.eu\/wp-content\/uploads\/2024\/05\/Cedar-Bench2.jpg","contentUrl":"https:\/\/bearchair.eu\/wp-content\/uploads\/2024\/05\/Cedar-Bench2.jpg","width":500,"height":333},{"@type":"BreadcrumbList","@id":"https:\/\/bearchair.eu\/es\/sillas\/banco-de-cedro-2\/#breadcrumb","itemListElement":[{"@type":"ListItem","position":1,"name":"Home","item":"https:\/\/bearchair.eu\/es\/inicio\/"},{"@type":"ListItem","position":2,"name":"Tienda","item":"https:\/\/bearchair.eu\/es\/tienda\/"},{"@type":"ListItem","position":3,"name":"Bear Chair\u00ae banco de cedro"}]},{"@type":"WebSite","@id":"https:\/\/bearchair.eu\/es\/#website","url":"https:\/\/bearchair.eu\/es\/","name":"The Bear Chair","description":"","publisher":{"@id":"https:\/\/bearchair.eu\/es\/#organization"},"potentialAction":[{"@type":"SearchAction","target":{"@type":"EntryPoint","urlTemplate":"https:\/\/bearchair.eu\/es\/?s={search_term_string}"},"query-input":{"@type":"PropertyValueSpecification","valueRequired":true,"valueName":"search_term_string"}}],"inLanguage":"es"},{"@type":"Organization","@id":"https:\/\/bearchair.eu\/es\/#organization","name":"La Silla del Oso","url":"https:\/\/bearchair.eu\/es\/","logo":{"@type":"ImageObject","inLanguage":"es","@id":"https:\/\/bearchair.eu\/es\/#\/schema\/logo\/image\/","url":"https:\/\/new.bearchair.eu\/wp-content\/uploads\/2024\/05\/BearChairIcon.png","contentUrl":"https:\/\/new.bearchair.eu\/wp-content\/uploads\/2024\/05\/BearChairIcon.png","width":512,"height":512,"caption":"La Silla del Oso"},"image":{"@id":"https:\/\/bearchair.eu\/es\/#\/schema\/logo\/image\/"}}]}},"_links":{"self":[{"href":"https:\/\/bearchair.eu\/es\/wp-json\/wp\/v2\/product\/16819","targetHints":{"allow":["GET"]}}],"collection":[{"href":"https:\/\/bearchair.eu\/es\/wp-json\/wp\/v2\/product"}],"about":[{"href":"https:\/\/bearchair.eu\/es\/wp-json\/wp\/v2\/types\/product"}],"wp:featuredmedia":[{"embeddable":true,"href":"https:\/\/bearchair.eu\/es\/wp-json\/wp\/v2\/media\/15369"}],"wp:attachment":[{"href":"https:\/\/bearchair.eu\/es\/wp-json\/wp\/v2\/media?parent=16819"}],"wp:term":[{"taxonomy":"product_brand","embeddable":true,"href":"https:\/\/bearchair.eu\/es\/wp-json\/wp\/v2\/product_brand?post=16819"},{"taxonomy":"product_cat","embeddable":true,"href":"https:\/\/bearchair.eu\/es\/wp-json\/wp\/v2\/product_cat?post=16819"},{"taxonomy":"product_tag","embeddable":true,"href":"https:\/\/bearchair.eu\/es\/wp-json\/wp\/v2\/product_tag?post=16819"}],"curies":[{"name":"wp","href":"https:\/\/api.w.org\/{rel}","templated":true}]}}