{"id":16873,"date":"2024-05-03T10:09:30","date_gmt":"2024-05-03T10:09:30","guid":{"rendered":"https:\/\/bearchair.eu\/sin%20categor\u00eda\/mesa-de-comedor-redonda-105-cm\/"},"modified":"2026-02-16T10:59:23","modified_gmt":"2026-02-16T10:59:23","slug":"mesa-de-comedor-redonda-105-cm","status":"publish","type":"product","link":"https:\/\/bearchair.eu\/es\/tablas\/mesa-de-comedor-redonda-105-cm\/","title":{"rendered":"Bear Chair\u00ae mesa de comedor redonda (121 cm)"},"content":{"rendered":"<p>\u00a1Si\u00e9ntate c\u00f3modamente en esta mesa de comedor redonda! Tiene capacidad para cuatro personas. <\/p>\n<p><strong>Dimensiones:  <\/strong><\/p>\n<ul>\n<li>Altura: 72 cm<\/li>\n<li>Di\u00e1metro: 105 cm<\/li>\n<\/ul>\n<p><strong>Peso:<\/strong> 15 kg<\/p>\n<p><strong>Montaje:<\/strong> La mesa de comedor redonda Bear Chair\u00ae est\u00e1 disponible en dos tipos de paquetes:<\/p>\n<ul>\n<li><strong>Kit:<\/strong> Obtienes todos los materiales para montar la mesa t\u00fa solo. El kit incluye los listones, tornillos, cola y, por supuesto, instrucciones detalladas de montaje. <\/li>\n<li><strong>Totalmente montada:<\/strong> La mesa ya est\u00e1 totalmente montada. Nuestro propio servicio de transporte te la entrega ya montada. Atenci\u00f3n: en este caso pueden aplicarse costes m\u00e1s elevados.  <\/li>\n<\/ul>\n","protected":false},"excerpt":{"rendered":"<p>Una mesa de comedor para una familia peque\u00f1a. Esta mesa de comedor redonda Bear Chair\u00ae tiene un tablero extra\u00edble y patas articuladas. El conjunto es f\u00e1cil de guardar. El tablero se entrega totalmente montado.   <\/p>\n","protected":false},"featured_media":16237,"template":"","meta":[],"product_brand":[],"product_cat":[294],"product_tag":[],"class_list":{"0":"post-16873","1":"product","2":"type-product","3":"status-publish","4":"has-post-thumbnail","6":"product_cat-tablas","8":"first","9":"instock","10":"taxable","11":"shipping-taxable","12":"purchasable","13":"product-type-variable"},"yoast_head":"<!-- This site is optimized with the Yoast SEO plugin v27.2 - https:\/\/yoast.com\/product\/yoast-seo-wordpress\/ -->\n<title>Bear Chair\u00ae mesa de comedor redonda (121 cm) - The Bear Chair\u00ae<\/title>\n<meta name=\"description\" content=\"Compra la Mesa de comedor redonda en Bear Chair\u00ae. Una mesa de comedor para una familia peque\u00f1a con tablero extra\u00edble y patas articuladas. El conjunto es f\u00e1cil de guardar.\" \/>\n<meta name=\"robots\" content=\"index, follow, max-snippet:-1, max-image-preview:large, max-video-preview:-1\" \/>\n<link rel=\"canonical\" href=\"https:\/\/bearchair.eu\/es\/tablas\/mesa-de-comedor-redonda-105-cm\/\" \/>\n<meta property=\"og:locale\" content=\"es_ES\" \/>\n<meta property=\"og:type\" content=\"article\" \/>\n<meta property=\"og:title\" content=\"Bear Chair\u00ae mesa de comedor redonda (121 cm) - The Bear Chair\u00ae\" \/>\n<meta property=\"og:description\" content=\"Compra la Mesa de comedor redonda en Bear Chair\u00ae. Una mesa de comedor para una familia peque\u00f1a con tablero extra\u00edble y patas articuladas. El conjunto es f\u00e1cil de guardar.\" \/>\n<meta property=\"og:url\" content=\"https:\/\/bearchair.eu\/es\/tablas\/mesa-de-comedor-redonda-105-cm\/\" \/>\n<meta property=\"og:site_name\" content=\"The Bear Chair\u00ae\" \/>\n<meta property=\"article:modified_time\" content=\"2026-02-16T10:59:23+00:00\" \/>\n<meta property=\"og:image\" content=\"https:\/\/bearchair.eu\/wp-content\/uploads\/2024\/10\/BC-48-rvv-rotated.jpg\" \/>\n\t<meta property=\"og:image:width\" content=\"1734\" \/>\n\t<meta property=\"og:image:height\" content=\"2312\" \/>\n\t<meta property=\"og:image:type\" content=\"image\/jpeg\" \/>\n<meta name=\"twitter:card\" content=\"summary_large_image\" \/>\n<script type=\"application\/ld+json\" class=\"yoast-schema-graph\">{\"@context\":\"https:\/\/schema.org\",\"@graph\":[{\"@type\":\"WebPage\",\"@id\":\"https:\/\/bearchair.eu\/es\/tablas\/mesa-de-comedor-redonda-105-cm\/\",\"url\":\"https:\/\/bearchair.eu\/es\/tablas\/mesa-de-comedor-redonda-105-cm\/\",\"name\":\"Bear Chair\u00ae mesa de comedor redonda (121 cm) - The Bear Chair\u00ae\",\"isPartOf\":{\"@id\":\"https:\/\/bearchair.eu\/es\/#website\"},\"primaryImageOfPage\":{\"@id\":\"https:\/\/bearchair.eu\/es\/tablas\/mesa-de-comedor-redonda-105-cm\/#primaryimage\"},\"image\":{\"@id\":\"https:\/\/bearchair.eu\/es\/tablas\/mesa-de-comedor-redonda-105-cm\/#primaryimage\"},\"thumbnailUrl\":\"https:\/\/bearchair.eu\/wp-content\/uploads\/2024\/10\/BC-48-rvv-rotated.jpg\",\"datePublished\":\"2024-05-03T10:09:30+00:00\",\"dateModified\":\"2026-02-16T10:59:23+00:00\",\"description\":\"Compra la Mesa de comedor redonda en Bear Chair\u00ae. Una mesa de comedor para una familia peque\u00f1a con tablero extra\u00edble y patas articuladas. El conjunto es f\u00e1cil de guardar.\",\"breadcrumb\":{\"@id\":\"https:\/\/bearchair.eu\/es\/tablas\/mesa-de-comedor-redonda-105-cm\/#breadcrumb\"},\"inLanguage\":\"es\",\"potentialAction\":[{\"@type\":\"ReadAction\",\"target\":[\"https:\/\/bearchair.eu\/es\/tablas\/mesa-de-comedor-redonda-105-cm\/\"]}]},{\"@type\":\"ImageObject\",\"inLanguage\":\"es\",\"@id\":\"https:\/\/bearchair.eu\/es\/tablas\/mesa-de-comedor-redonda-105-cm\/#primaryimage\",\"url\":\"https:\/\/bearchair.eu\/wp-content\/uploads\/2024\/10\/BC-48-rvv-rotated.jpg\",\"contentUrl\":\"https:\/\/bearchair.eu\/wp-content\/uploads\/2024\/10\/BC-48-rvv-rotated.jpg\",\"width\":1734,\"height\":2312},{\"@type\":\"BreadcrumbList\",\"@id\":\"https:\/\/bearchair.eu\/es\/tablas\/mesa-de-comedor-redonda-105-cm\/#breadcrumb\",\"itemListElement\":[{\"@type\":\"ListItem\",\"position\":1,\"name\":\"Inicio\",\"item\":\"https:\/\/bearchair.eu\/es\/inicio\/\"},{\"@type\":\"ListItem\",\"position\":2,\"name\":\"Tienda\",\"item\":\"https:\/\/bearchair.eu\/es\/tienda\/\"},{\"@type\":\"ListItem\",\"position\":3,\"name\":\"Bear Chair\u00ae mesa de comedor redonda (121 cm)\"}]},{\"@type\":\"WebSite\",\"@id\":\"https:\/\/bearchair.eu\/es\/#website\",\"url\":\"https:\/\/bearchair.eu\/es\/\",\"name\":\"The Bear Chair\",\"description\":\"\",\"publisher\":{\"@id\":\"https:\/\/bearchair.eu\/es\/#organization\"},\"potentialAction\":[{\"@type\":\"SearchAction\",\"target\":{\"@type\":\"EntryPoint\",\"urlTemplate\":\"https:\/\/bearchair.eu\/es\/?s={search_term_string}\"},\"query-input\":{\"@type\":\"PropertyValueSpecification\",\"valueRequired\":true,\"valueName\":\"search_term_string\"}}],\"inLanguage\":\"es\"},{\"@type\":\"Organization\",\"@id\":\"https:\/\/bearchair.eu\/es\/#organization\",\"name\":\"La Silla del Oso\",\"url\":\"https:\/\/bearchair.eu\/es\/\",\"logo\":{\"@type\":\"ImageObject\",\"inLanguage\":\"es\",\"@id\":\"https:\/\/bearchair.eu\/es\/#\/schema\/logo\/image\/\",\"url\":\"https:\/\/new.bearchair.eu\/wp-content\/uploads\/2024\/05\/BearChairIcon.png\",\"contentUrl\":\"https:\/\/new.bearchair.eu\/wp-content\/uploads\/2024\/05\/BearChairIcon.png\",\"width\":512,\"height\":512,\"caption\":\"La Silla del Oso\"},\"image\":{\"@id\":\"https:\/\/bearchair.eu\/es\/#\/schema\/logo\/image\/\"}}]}<\/script>\n<!-- \/ Yoast SEO plugin. -->","yoast_head_json":{"title":"Bear Chair\u00ae mesa de comedor redonda (121 cm) - The Bear Chair\u00ae","description":"Compra la Mesa de comedor redonda en Bear Chair\u00ae. Una mesa de comedor para una familia peque\u00f1a con tablero extra\u00edble y patas articuladas. El conjunto es f\u00e1cil de guardar.","robots":{"index":"index","follow":"follow","max-snippet":"max-snippet:-1","max-image-preview":"max-image-preview:large","max-video-preview":"max-video-preview:-1"},"canonical":"https:\/\/bearchair.eu\/es\/tablas\/mesa-de-comedor-redonda-105-cm\/","og_locale":"es_ES","og_type":"article","og_title":"Bear Chair\u00ae mesa de comedor redonda (121 cm) - The Bear Chair\u00ae","og_description":"Compra la Mesa de comedor redonda en Bear Chair\u00ae. Una mesa de comedor para una familia peque\u00f1a con tablero extra\u00edble y patas articuladas. El conjunto es f\u00e1cil de guardar.","og_url":"https:\/\/bearchair.eu\/es\/tablas\/mesa-de-comedor-redonda-105-cm\/","og_site_name":"The Bear Chair\u00ae","article_modified_time":"2026-02-16T10:59:23+00:00","og_image":[{"width":1734,"height":2312,"url":"https:\/\/bearchair.eu\/wp-content\/uploads\/2024\/10\/BC-48-rvv-rotated.jpg","type":"image\/jpeg"}],"twitter_card":"summary_large_image","schema":{"@context":"https:\/\/schema.org","@graph":[{"@type":"WebPage","@id":"https:\/\/bearchair.eu\/es\/tablas\/mesa-de-comedor-redonda-105-cm\/","url":"https:\/\/bearchair.eu\/es\/tablas\/mesa-de-comedor-redonda-105-cm\/","name":"Bear Chair\u00ae mesa de comedor redonda (121 cm) - The Bear Chair\u00ae","isPartOf":{"@id":"https:\/\/bearchair.eu\/es\/#website"},"primaryImageOfPage":{"@id":"https:\/\/bearchair.eu\/es\/tablas\/mesa-de-comedor-redonda-105-cm\/#primaryimage"},"image":{"@id":"https:\/\/bearchair.eu\/es\/tablas\/mesa-de-comedor-redonda-105-cm\/#primaryimage"},"thumbnailUrl":"https:\/\/bearchair.eu\/wp-content\/uploads\/2024\/10\/BC-48-rvv-rotated.jpg","datePublished":"2024-05-03T10:09:30+00:00","dateModified":"2026-02-16T10:59:23+00:00","description":"Compra la Mesa de comedor redonda en Bear Chair\u00ae. Una mesa de comedor para una familia peque\u00f1a con tablero extra\u00edble y patas articuladas. El conjunto es f\u00e1cil de guardar.","breadcrumb":{"@id":"https:\/\/bearchair.eu\/es\/tablas\/mesa-de-comedor-redonda-105-cm\/#breadcrumb"},"inLanguage":"es","potentialAction":[{"@type":"ReadAction","target":["https:\/\/bearchair.eu\/es\/tablas\/mesa-de-comedor-redonda-105-cm\/"]}]},{"@type":"ImageObject","inLanguage":"es","@id":"https:\/\/bearchair.eu\/es\/tablas\/mesa-de-comedor-redonda-105-cm\/#primaryimage","url":"https:\/\/bearchair.eu\/wp-content\/uploads\/2024\/10\/BC-48-rvv-rotated.jpg","contentUrl":"https:\/\/bearchair.eu\/wp-content\/uploads\/2024\/10\/BC-48-rvv-rotated.jpg","width":1734,"height":2312},{"@type":"BreadcrumbList","@id":"https:\/\/bearchair.eu\/es\/tablas\/mesa-de-comedor-redonda-105-cm\/#breadcrumb","itemListElement":[{"@type":"ListItem","position":1,"name":"Inicio","item":"https:\/\/bearchair.eu\/es\/inicio\/"},{"@type":"ListItem","position":2,"name":"Tienda","item":"https:\/\/bearchair.eu\/es\/tienda\/"},{"@type":"ListItem","position":3,"name":"Bear Chair\u00ae mesa de comedor redonda (121 cm)"}]},{"@type":"WebSite","@id":"https:\/\/bearchair.eu\/es\/#website","url":"https:\/\/bearchair.eu\/es\/","name":"The Bear Chair","description":"","publisher":{"@id":"https:\/\/bearchair.eu\/es\/#organization"},"potentialAction":[{"@type":"SearchAction","target":{"@type":"EntryPoint","urlTemplate":"https:\/\/bearchair.eu\/es\/?s={search_term_string}"},"query-input":{"@type":"PropertyValueSpecification","valueRequired":true,"valueName":"search_term_string"}}],"inLanguage":"es"},{"@type":"Organization","@id":"https:\/\/bearchair.eu\/es\/#organization","name":"La Silla del Oso","url":"https:\/\/bearchair.eu\/es\/","logo":{"@type":"ImageObject","inLanguage":"es","@id":"https:\/\/bearchair.eu\/es\/#\/schema\/logo\/image\/","url":"https:\/\/new.bearchair.eu\/wp-content\/uploads\/2024\/05\/BearChairIcon.png","contentUrl":"https:\/\/new.bearchair.eu\/wp-content\/uploads\/2024\/05\/BearChairIcon.png","width":512,"height":512,"caption":"La Silla del Oso"},"image":{"@id":"https:\/\/bearchair.eu\/es\/#\/schema\/logo\/image\/"}}]}},"_links":{"self":[{"href":"https:\/\/bearchair.eu\/es\/wp-json\/wp\/v2\/product\/16873","targetHints":{"allow":["GET"]}}],"collection":[{"href":"https:\/\/bearchair.eu\/es\/wp-json\/wp\/v2\/product"}],"about":[{"href":"https:\/\/bearchair.eu\/es\/wp-json\/wp\/v2\/types\/product"}],"wp:featuredmedia":[{"embeddable":true,"href":"https:\/\/bearchair.eu\/es\/wp-json\/wp\/v2\/media\/16237"}],"wp:attachment":[{"href":"https:\/\/bearchair.eu\/es\/wp-json\/wp\/v2\/media?parent=16873"}],"wp:term":[{"taxonomy":"product_brand","embeddable":true,"href":"https:\/\/bearchair.eu\/es\/wp-json\/wp\/v2\/product_brand?post=16873"},{"taxonomy":"product_cat","embeddable":true,"href":"https:\/\/bearchair.eu\/es\/wp-json\/wp\/v2\/product_cat?post=16873"},{"taxonomy":"product_tag","embeddable":true,"href":"https:\/\/bearchair.eu\/es\/wp-json\/wp\/v2\/product_tag?post=16873"}],"curies":[{"name":"wp","href":"https:\/\/api.w.org\/{rel}","templated":true}]}}