{"id":16922,"date":"2024-05-03T10:09:28","date_gmt":"2024-05-03T10:09:28","guid":{"rendered":"https:\/\/bearchair.eu\/sin%20categor\u00eda\/mesa-de-centro-ovalada\/"},"modified":"2025-04-25T10:07:11","modified_gmt":"2025-04-25T10:07:11","slug":"mesa-de-centro-ovalada","status":"publish","type":"product","link":"https:\/\/bearchair.eu\/es\/tablas\/mesa-de-centro-ovalada\/","title":{"rendered":"Bear ChairMesa de centro ovalada"},"content":{"rendered":"<p>Sencilla, elegante y robusta, as\u00ed es esta mesa de centro ovalada Bear Chair\u00ae. Su color neutro permite que encaje en cualquier ambiente. <\/p>\n<p><strong>Dimensiones:  <\/strong><\/p>\n<ul>\n<li>Altura: 48 cm<\/li>\n<li>Anchura: 70 cm<\/li>\n<li>Longitud: 100 cm<\/li>\n<\/ul>\n<p><strong>Peso:<\/strong> 9 kg<\/p>\n<p><strong>Montaje:<\/strong> La mesa de centro ovalada est\u00e1 disponible en dos tipos de paquetes:<\/p>\n<ul>\n<li><strong>Kit:<\/strong> Obtienes todos los materiales para montar la mesa t\u00fa solo. El kit incluye los listones, tornillos, cola y, por supuesto, instrucciones detalladas de montaje. <\/li>\n<li><strong>Totalmente montada:<\/strong> La mesa ya est\u00e1 totalmente montada. Nuestro propio servicio de transporte te la entrega ya montada. Atenci\u00f3n: en este caso pueden aplicarse costes m\u00e1s elevados.  <\/li>\n<\/ul>\n<p>&nbsp;<\/p>\n","protected":false},"excerpt":{"rendered":"<p>Esta mesa de centro ovalada es bella en toda su sencillez. La construcci\u00f3n es robusta y la mesa tiene un acabado natural, por lo que encaja en cualquier ambiente. <\/p>\n","protected":false},"featured_media":15691,"template":"","meta":[],"product_brand":[],"product_cat":[294],"product_tag":[],"class_list":{"0":"post-16922","1":"product","2":"type-product","3":"status-publish","4":"has-post-thumbnail","6":"product_cat-tablas","8":"first","9":"instock","10":"taxable","11":"shipping-taxable","12":"purchasable","13":"product-type-variable"},"yoast_head":"<!-- This site is optimized with the Yoast SEO plugin v27.2 - https:\/\/yoast.com\/product\/yoast-seo-wordpress\/ -->\n<title>Bear ChairMesa de centro ovalada - The Bear Chair\u00ae<\/title>\n<meta name=\"description\" content=\"Compra la Mesa de centro ovalada en Bear Chair\u00ae. Esta robusta mesa de centro es sencilla, funcional y divertida.\" \/>\n<meta name=\"robots\" content=\"index, follow, max-snippet:-1, max-image-preview:large, max-video-preview:-1\" \/>\n<link rel=\"canonical\" href=\"https:\/\/bearchair.eu\/es\/tablas\/mesa-de-centro-ovalada\/\" \/>\n<meta property=\"og:locale\" content=\"es_ES\" \/>\n<meta property=\"og:type\" content=\"article\" \/>\n<meta property=\"og:title\" content=\"Bear ChairMesa de centro ovalada - The Bear Chair\u00ae\" \/>\n<meta property=\"og:description\" content=\"Compra la Mesa de centro ovalada en Bear Chair\u00ae. Esta robusta mesa de centro es sencilla, funcional y divertida.\" \/>\n<meta property=\"og:url\" content=\"https:\/\/bearchair.eu\/es\/tablas\/mesa-de-centro-ovalada\/\" \/>\n<meta property=\"og:site_name\" content=\"The Bear Chair\u00ae\" \/>\n<meta property=\"article:modified_time\" content=\"2025-04-25T10:07:11+00:00\" \/>\n<meta property=\"og:image\" content=\"https:\/\/bearchair.eu\/wp-content\/uploads\/2024\/05\/Untitled-design-16.png\" \/>\n\t<meta property=\"og:image:width\" content=\"720\" \/>\n\t<meta property=\"og:image:height\" content=\"960\" \/>\n\t<meta property=\"og:image:type\" content=\"image\/png\" \/>\n<meta name=\"twitter:card\" content=\"summary_large_image\" \/>\n<script type=\"application\/ld+json\" class=\"yoast-schema-graph\">{\"@context\":\"https:\/\/schema.org\",\"@graph\":[{\"@type\":\"WebPage\",\"@id\":\"https:\/\/bearchair.eu\/es\/tablas\/mesa-de-centro-ovalada\/\",\"url\":\"https:\/\/bearchair.eu\/es\/tablas\/mesa-de-centro-ovalada\/\",\"name\":\"Bear ChairMesa de centro ovalada - The Bear Chair\u00ae\",\"isPartOf\":{\"@id\":\"https:\/\/bearchair.eu\/es\/#website\"},\"primaryImageOfPage\":{\"@id\":\"https:\/\/bearchair.eu\/es\/tablas\/mesa-de-centro-ovalada\/#primaryimage\"},\"image\":{\"@id\":\"https:\/\/bearchair.eu\/es\/tablas\/mesa-de-centro-ovalada\/#primaryimage\"},\"thumbnailUrl\":\"https:\/\/bearchair.eu\/wp-content\/uploads\/2024\/05\/Untitled-design-16.png\",\"datePublished\":\"2024-05-03T10:09:28+00:00\",\"dateModified\":\"2025-04-25T10:07:11+00:00\",\"description\":\"Compra la Mesa de centro ovalada en Bear Chair\u00ae. Esta robusta mesa de centro es sencilla, funcional y divertida.\",\"breadcrumb\":{\"@id\":\"https:\/\/bearchair.eu\/es\/tablas\/mesa-de-centro-ovalada\/#breadcrumb\"},\"inLanguage\":\"es\",\"potentialAction\":[{\"@type\":\"ReadAction\",\"target\":[\"https:\/\/bearchair.eu\/es\/tablas\/mesa-de-centro-ovalada\/\"]}]},{\"@type\":\"ImageObject\",\"inLanguage\":\"es\",\"@id\":\"https:\/\/bearchair.eu\/es\/tablas\/mesa-de-centro-ovalada\/#primaryimage\",\"url\":\"https:\/\/bearchair.eu\/wp-content\/uploads\/2024\/05\/Untitled-design-16.png\",\"contentUrl\":\"https:\/\/bearchair.eu\/wp-content\/uploads\/2024\/05\/Untitled-design-16.png\",\"width\":720,\"height\":960},{\"@type\":\"BreadcrumbList\",\"@id\":\"https:\/\/bearchair.eu\/es\/tablas\/mesa-de-centro-ovalada\/#breadcrumb\",\"itemListElement\":[{\"@type\":\"ListItem\",\"position\":1,\"name\":\"Home\",\"item\":\"https:\/\/bearchair.eu\/es\/inicio\/\"},{\"@type\":\"ListItem\",\"position\":2,\"name\":\"Tienda\",\"item\":\"https:\/\/bearchair.eu\/es\/tienda\/\"},{\"@type\":\"ListItem\",\"position\":3,\"name\":\"Bear ChairMesa de centro ovalada\"}]},{\"@type\":\"WebSite\",\"@id\":\"https:\/\/bearchair.eu\/es\/#website\",\"url\":\"https:\/\/bearchair.eu\/es\/\",\"name\":\"The Bear Chair\",\"description\":\"\",\"publisher\":{\"@id\":\"https:\/\/bearchair.eu\/es\/#organization\"},\"potentialAction\":[{\"@type\":\"SearchAction\",\"target\":{\"@type\":\"EntryPoint\",\"urlTemplate\":\"https:\/\/bearchair.eu\/es\/?s={search_term_string}\"},\"query-input\":{\"@type\":\"PropertyValueSpecification\",\"valueRequired\":true,\"valueName\":\"search_term_string\"}}],\"inLanguage\":\"es\"},{\"@type\":\"Organization\",\"@id\":\"https:\/\/bearchair.eu\/es\/#organization\",\"name\":\"La Silla del Oso\",\"url\":\"https:\/\/bearchair.eu\/es\/\",\"logo\":{\"@type\":\"ImageObject\",\"inLanguage\":\"es\",\"@id\":\"https:\/\/bearchair.eu\/es\/#\/schema\/logo\/image\/\",\"url\":\"https:\/\/new.bearchair.eu\/wp-content\/uploads\/2024\/05\/BearChairIcon.png\",\"contentUrl\":\"https:\/\/new.bearchair.eu\/wp-content\/uploads\/2024\/05\/BearChairIcon.png\",\"width\":512,\"height\":512,\"caption\":\"La Silla del Oso\"},\"image\":{\"@id\":\"https:\/\/bearchair.eu\/es\/#\/schema\/logo\/image\/\"}}]}<\/script>\n<!-- \/ Yoast SEO plugin. -->","yoast_head_json":{"title":"Bear ChairMesa de centro ovalada - The Bear Chair\u00ae","description":"Compra la Mesa de centro ovalada en Bear Chair\u00ae. Esta robusta mesa de centro es sencilla, funcional y divertida.","robots":{"index":"index","follow":"follow","max-snippet":"max-snippet:-1","max-image-preview":"max-image-preview:large","max-video-preview":"max-video-preview:-1"},"canonical":"https:\/\/bearchair.eu\/es\/tablas\/mesa-de-centro-ovalada\/","og_locale":"es_ES","og_type":"article","og_title":"Bear ChairMesa de centro ovalada - The Bear Chair\u00ae","og_description":"Compra la Mesa de centro ovalada en Bear Chair\u00ae. Esta robusta mesa de centro es sencilla, funcional y divertida.","og_url":"https:\/\/bearchair.eu\/es\/tablas\/mesa-de-centro-ovalada\/","og_site_name":"The Bear Chair\u00ae","article_modified_time":"2025-04-25T10:07:11+00:00","og_image":[{"width":720,"height":960,"url":"https:\/\/bearchair.eu\/wp-content\/uploads\/2024\/05\/Untitled-design-16.png","type":"image\/png"}],"twitter_card":"summary_large_image","schema":{"@context":"https:\/\/schema.org","@graph":[{"@type":"WebPage","@id":"https:\/\/bearchair.eu\/es\/tablas\/mesa-de-centro-ovalada\/","url":"https:\/\/bearchair.eu\/es\/tablas\/mesa-de-centro-ovalada\/","name":"Bear ChairMesa de centro ovalada - The Bear Chair\u00ae","isPartOf":{"@id":"https:\/\/bearchair.eu\/es\/#website"},"primaryImageOfPage":{"@id":"https:\/\/bearchair.eu\/es\/tablas\/mesa-de-centro-ovalada\/#primaryimage"},"image":{"@id":"https:\/\/bearchair.eu\/es\/tablas\/mesa-de-centro-ovalada\/#primaryimage"},"thumbnailUrl":"https:\/\/bearchair.eu\/wp-content\/uploads\/2024\/05\/Untitled-design-16.png","datePublished":"2024-05-03T10:09:28+00:00","dateModified":"2025-04-25T10:07:11+00:00","description":"Compra la Mesa de centro ovalada en Bear Chair\u00ae. Esta robusta mesa de centro es sencilla, funcional y divertida.","breadcrumb":{"@id":"https:\/\/bearchair.eu\/es\/tablas\/mesa-de-centro-ovalada\/#breadcrumb"},"inLanguage":"es","potentialAction":[{"@type":"ReadAction","target":["https:\/\/bearchair.eu\/es\/tablas\/mesa-de-centro-ovalada\/"]}]},{"@type":"ImageObject","inLanguage":"es","@id":"https:\/\/bearchair.eu\/es\/tablas\/mesa-de-centro-ovalada\/#primaryimage","url":"https:\/\/bearchair.eu\/wp-content\/uploads\/2024\/05\/Untitled-design-16.png","contentUrl":"https:\/\/bearchair.eu\/wp-content\/uploads\/2024\/05\/Untitled-design-16.png","width":720,"height":960},{"@type":"BreadcrumbList","@id":"https:\/\/bearchair.eu\/es\/tablas\/mesa-de-centro-ovalada\/#breadcrumb","itemListElement":[{"@type":"ListItem","position":1,"name":"Home","item":"https:\/\/bearchair.eu\/es\/inicio\/"},{"@type":"ListItem","position":2,"name":"Tienda","item":"https:\/\/bearchair.eu\/es\/tienda\/"},{"@type":"ListItem","position":3,"name":"Bear ChairMesa de centro ovalada"}]},{"@type":"WebSite","@id":"https:\/\/bearchair.eu\/es\/#website","url":"https:\/\/bearchair.eu\/es\/","name":"The Bear Chair","description":"","publisher":{"@id":"https:\/\/bearchair.eu\/es\/#organization"},"potentialAction":[{"@type":"SearchAction","target":{"@type":"EntryPoint","urlTemplate":"https:\/\/bearchair.eu\/es\/?s={search_term_string}"},"query-input":{"@type":"PropertyValueSpecification","valueRequired":true,"valueName":"search_term_string"}}],"inLanguage":"es"},{"@type":"Organization","@id":"https:\/\/bearchair.eu\/es\/#organization","name":"La Silla del Oso","url":"https:\/\/bearchair.eu\/es\/","logo":{"@type":"ImageObject","inLanguage":"es","@id":"https:\/\/bearchair.eu\/es\/#\/schema\/logo\/image\/","url":"https:\/\/new.bearchair.eu\/wp-content\/uploads\/2024\/05\/BearChairIcon.png","contentUrl":"https:\/\/new.bearchair.eu\/wp-content\/uploads\/2024\/05\/BearChairIcon.png","width":512,"height":512,"caption":"La Silla del Oso"},"image":{"@id":"https:\/\/bearchair.eu\/es\/#\/schema\/logo\/image\/"}}]}},"_links":{"self":[{"href":"https:\/\/bearchair.eu\/es\/wp-json\/wp\/v2\/product\/16922","targetHints":{"allow":["GET"]}}],"collection":[{"href":"https:\/\/bearchair.eu\/es\/wp-json\/wp\/v2\/product"}],"about":[{"href":"https:\/\/bearchair.eu\/es\/wp-json\/wp\/v2\/types\/product"}],"wp:featuredmedia":[{"embeddable":true,"href":"https:\/\/bearchair.eu\/es\/wp-json\/wp\/v2\/media\/15691"}],"wp:attachment":[{"href":"https:\/\/bearchair.eu\/es\/wp-json\/wp\/v2\/media?parent=16922"}],"wp:term":[{"taxonomy":"product_brand","embeddable":true,"href":"https:\/\/bearchair.eu\/es\/wp-json\/wp\/v2\/product_brand?post=16922"},{"taxonomy":"product_cat","embeddable":true,"href":"https:\/\/bearchair.eu\/es\/wp-json\/wp\/v2\/product_cat?post=16922"},{"taxonomy":"product_tag","embeddable":true,"href":"https:\/\/bearchair.eu\/es\/wp-json\/wp\/v2\/product_tag?post=16922"}],"curies":[{"name":"wp","href":"https:\/\/api.w.org\/{rel}","templated":true}]}}