{"id":16964,"date":"2021-09-27T14:36:42","date_gmt":"2021-09-27T14:36:42","guid":{"rendered":"https:\/\/bearchair.eu\/sin categor\u00eda\/2x-real-bear-chairs-2x-reposapies\/"},"modified":"2021-09-27T14:36:42","modified_gmt":"2021-09-27T14:36:42","slug":"2x-real-bear-chairs-2x-reposapies","status":"publish","type":"product","link":"https:\/\/bearchair.eu\/es\/muebles\/2x-real-bear-chairs-2x-reposapies\/","title":{"rendered":"2x Real Bear Chairs + 2x Reposapi\u00e9s"},"content":{"rendered":"<p>Ancho: 85 cm<br \/>\nAlto: 96 cm<br \/>\nFondo: 90 cm<br \/>\nPeso: 17 kg.<\/p>\n","protected":false},"excerpt":{"rendered":"<p>2x Royal Bear Chairs + 2x Silla de Pie Ajustable<br \/>\nEstos Royal Bear Chairs son de cedro m\u00e1s grueso, m\u00e1s resistentes y plegables para guardarlos f\u00e1cilmente.<\/p>\n","protected":false},"featured_media":10009,"template":"","meta":[],"product_brand":[],"product_cat":[303],"product_tag":[],"class_list":{"0":"post-16964","1":"product","2":"type-product","3":"status-publish","4":"has-post-thumbnail","6":"product_cat-muebles","8":"first","9":"instock","10":"taxable","11":"shipping-taxable","12":"purchasable","13":"product-type-simple"},"yoast_head":"<!-- This site is optimized with the Yoast SEO plugin v27.2 - https:\/\/yoast.com\/product\/yoast-seo-wordpress\/ -->\n<title>2x Real Bear Chairs + 2x Reposapi\u00e9s - The Bear Chair\u00ae<\/title>\n<meta name=\"robots\" content=\"index, follow, max-snippet:-1, max-image-preview:large, max-video-preview:-1\" \/>\n<link rel=\"canonical\" href=\"https:\/\/bearchair.eu\/es\/muebles\/2x-real-bear-chairs-2x-reposapies\/\" \/>\n<meta property=\"og:locale\" content=\"es_ES\" \/>\n<meta property=\"og:type\" content=\"article\" \/>\n<meta property=\"og:title\" content=\"2x Real Bear Chairs + 2x Reposapi\u00e9s - The Bear Chair\u00ae\" \/>\n<meta property=\"og:description\" content=\"2x Royal Bear Chairs + 2x Silla de Pie Ajustable Estos Royal Bear Chairs son de cedro m\u00e1s grueso, m\u00e1s resistentes y plegables para guardarlos f\u00e1cilmente.\" \/>\n<meta property=\"og:url\" content=\"https:\/\/bearchair.eu\/es\/muebles\/2x-real-bear-chairs-2x-reposapies\/\" \/>\n<meta property=\"og:site_name\" content=\"The Bear Chair\u00ae\" \/>\n<meta property=\"og:image\" content=\"https:\/\/bearchair.eu\/wp-content\/uploads\/2024\/05\/IMG-20210922-WA0001.jpg\" \/>\n\t<meta property=\"og:image:width\" content=\"1024\" \/>\n\t<meta property=\"og:image:height\" content=\"768\" \/>\n\t<meta property=\"og:image:type\" content=\"image\/jpeg\" \/>\n<meta name=\"twitter:card\" content=\"summary_large_image\" \/>\n<script type=\"application\/ld+json\" class=\"yoast-schema-graph\">{\"@context\":\"https:\/\/schema.org\",\"@graph\":[{\"@type\":\"WebPage\",\"@id\":\"https:\/\/bearchair.eu\/es\/muebles\/2x-real-bear-chairs-2x-reposapies\/\",\"url\":\"https:\/\/bearchair.eu\/es\/muebles\/2x-real-bear-chairs-2x-reposapies\/\",\"name\":\"2x Real Bear Chairs + 2x Reposapi\u00e9s - The Bear Chair\u00ae\",\"isPartOf\":{\"@id\":\"https:\/\/bearchair.eu\/es\/#website\"},\"primaryImageOfPage\":{\"@id\":\"https:\/\/bearchair.eu\/es\/muebles\/2x-real-bear-chairs-2x-reposapies\/#primaryimage\"},\"image\":{\"@id\":\"https:\/\/bearchair.eu\/es\/muebles\/2x-real-bear-chairs-2x-reposapies\/#primaryimage\"},\"thumbnailUrl\":\"https:\/\/bearchair.eu\/wp-content\/uploads\/2024\/05\/IMG-20210922-WA0001.jpg\",\"datePublished\":\"2021-09-27T14:36:42+00:00\",\"breadcrumb\":{\"@id\":\"https:\/\/bearchair.eu\/es\/muebles\/2x-real-bear-chairs-2x-reposapies\/#breadcrumb\"},\"inLanguage\":\"es\",\"potentialAction\":[{\"@type\":\"ReadAction\",\"target\":[\"https:\/\/bearchair.eu\/es\/muebles\/2x-real-bear-chairs-2x-reposapies\/\"]}]},{\"@type\":\"ImageObject\",\"inLanguage\":\"es\",\"@id\":\"https:\/\/bearchair.eu\/es\/muebles\/2x-real-bear-chairs-2x-reposapies\/#primaryimage\",\"url\":\"https:\/\/bearchair.eu\/wp-content\/uploads\/2024\/05\/IMG-20210922-WA0001.jpg\",\"contentUrl\":\"https:\/\/bearchair.eu\/wp-content\/uploads\/2024\/05\/IMG-20210922-WA0001.jpg\",\"width\":1024,\"height\":768},{\"@type\":\"BreadcrumbList\",\"@id\":\"https:\/\/bearchair.eu\/es\/muebles\/2x-real-bear-chairs-2x-reposapies\/#breadcrumb\",\"itemListElement\":[{\"@type\":\"ListItem\",\"position\":1,\"name\":\"Inicio\",\"item\":\"https:\/\/bearchair.eu\/es\/inicio\/\"},{\"@type\":\"ListItem\",\"position\":2,\"name\":\"Tienda\",\"item\":\"https:\/\/bearchair.eu\/es\/tienda\/\"},{\"@type\":\"ListItem\",\"position\":3,\"name\":\"2x Real Bear Chairs + 2x Reposapi\u00e9s\"}]},{\"@type\":\"WebSite\",\"@id\":\"https:\/\/bearchair.eu\/es\/#website\",\"url\":\"https:\/\/bearchair.eu\/es\/\",\"name\":\"The Bear Chair\",\"description\":\"\",\"publisher\":{\"@id\":\"https:\/\/bearchair.eu\/es\/#organization\"},\"potentialAction\":[{\"@type\":\"SearchAction\",\"target\":{\"@type\":\"EntryPoint\",\"urlTemplate\":\"https:\/\/bearchair.eu\/es\/?s={search_term_string}\"},\"query-input\":{\"@type\":\"PropertyValueSpecification\",\"valueRequired\":true,\"valueName\":\"search_term_string\"}}],\"inLanguage\":\"es\"},{\"@type\":\"Organization\",\"@id\":\"https:\/\/bearchair.eu\/es\/#organization\",\"name\":\"La Silla del Oso\",\"url\":\"https:\/\/bearchair.eu\/es\/\",\"logo\":{\"@type\":\"ImageObject\",\"inLanguage\":\"es\",\"@id\":\"https:\/\/bearchair.eu\/es\/#\/schema\/logo\/image\/\",\"url\":\"https:\/\/new.bearchair.eu\/wp-content\/uploads\/2024\/05\/BearChairIcon.png\",\"contentUrl\":\"https:\/\/new.bearchair.eu\/wp-content\/uploads\/2024\/05\/BearChairIcon.png\",\"width\":512,\"height\":512,\"caption\":\"La Silla del Oso\"},\"image\":{\"@id\":\"https:\/\/bearchair.eu\/es\/#\/schema\/logo\/image\/\"}}]}<\/script>\n<!-- \/ Yoast SEO plugin. -->","yoast_head_json":{"title":"2x Real Bear Chairs + 2x Reposapi\u00e9s - The Bear Chair\u00ae","robots":{"index":"index","follow":"follow","max-snippet":"max-snippet:-1","max-image-preview":"max-image-preview:large","max-video-preview":"max-video-preview:-1"},"canonical":"https:\/\/bearchair.eu\/es\/muebles\/2x-real-bear-chairs-2x-reposapies\/","og_locale":"es_ES","og_type":"article","og_title":"2x Real Bear Chairs + 2x Reposapi\u00e9s - The Bear Chair\u00ae","og_description":"2x Royal Bear Chairs + 2x Silla de Pie Ajustable Estos Royal Bear Chairs son de cedro m\u00e1s grueso, m\u00e1s resistentes y plegables para guardarlos f\u00e1cilmente.","og_url":"https:\/\/bearchair.eu\/es\/muebles\/2x-real-bear-chairs-2x-reposapies\/","og_site_name":"The Bear Chair\u00ae","og_image":[{"width":1024,"height":768,"url":"https:\/\/bearchair.eu\/wp-content\/uploads\/2024\/05\/IMG-20210922-WA0001.jpg","type":"image\/jpeg"}],"twitter_card":"summary_large_image","schema":{"@context":"https:\/\/schema.org","@graph":[{"@type":"WebPage","@id":"https:\/\/bearchair.eu\/es\/muebles\/2x-real-bear-chairs-2x-reposapies\/","url":"https:\/\/bearchair.eu\/es\/muebles\/2x-real-bear-chairs-2x-reposapies\/","name":"2x Real Bear Chairs + 2x Reposapi\u00e9s - The Bear Chair\u00ae","isPartOf":{"@id":"https:\/\/bearchair.eu\/es\/#website"},"primaryImageOfPage":{"@id":"https:\/\/bearchair.eu\/es\/muebles\/2x-real-bear-chairs-2x-reposapies\/#primaryimage"},"image":{"@id":"https:\/\/bearchair.eu\/es\/muebles\/2x-real-bear-chairs-2x-reposapies\/#primaryimage"},"thumbnailUrl":"https:\/\/bearchair.eu\/wp-content\/uploads\/2024\/05\/IMG-20210922-WA0001.jpg","datePublished":"2021-09-27T14:36:42+00:00","breadcrumb":{"@id":"https:\/\/bearchair.eu\/es\/muebles\/2x-real-bear-chairs-2x-reposapies\/#breadcrumb"},"inLanguage":"es","potentialAction":[{"@type":"ReadAction","target":["https:\/\/bearchair.eu\/es\/muebles\/2x-real-bear-chairs-2x-reposapies\/"]}]},{"@type":"ImageObject","inLanguage":"es","@id":"https:\/\/bearchair.eu\/es\/muebles\/2x-real-bear-chairs-2x-reposapies\/#primaryimage","url":"https:\/\/bearchair.eu\/wp-content\/uploads\/2024\/05\/IMG-20210922-WA0001.jpg","contentUrl":"https:\/\/bearchair.eu\/wp-content\/uploads\/2024\/05\/IMG-20210922-WA0001.jpg","width":1024,"height":768},{"@type":"BreadcrumbList","@id":"https:\/\/bearchair.eu\/es\/muebles\/2x-real-bear-chairs-2x-reposapies\/#breadcrumb","itemListElement":[{"@type":"ListItem","position":1,"name":"Inicio","item":"https:\/\/bearchair.eu\/es\/inicio\/"},{"@type":"ListItem","position":2,"name":"Tienda","item":"https:\/\/bearchair.eu\/es\/tienda\/"},{"@type":"ListItem","position":3,"name":"2x Real Bear Chairs + 2x Reposapi\u00e9s"}]},{"@type":"WebSite","@id":"https:\/\/bearchair.eu\/es\/#website","url":"https:\/\/bearchair.eu\/es\/","name":"The Bear Chair","description":"","publisher":{"@id":"https:\/\/bearchair.eu\/es\/#organization"},"potentialAction":[{"@type":"SearchAction","target":{"@type":"EntryPoint","urlTemplate":"https:\/\/bearchair.eu\/es\/?s={search_term_string}"},"query-input":{"@type":"PropertyValueSpecification","valueRequired":true,"valueName":"search_term_string"}}],"inLanguage":"es"},{"@type":"Organization","@id":"https:\/\/bearchair.eu\/es\/#organization","name":"La Silla del Oso","url":"https:\/\/bearchair.eu\/es\/","logo":{"@type":"ImageObject","inLanguage":"es","@id":"https:\/\/bearchair.eu\/es\/#\/schema\/logo\/image\/","url":"https:\/\/new.bearchair.eu\/wp-content\/uploads\/2024\/05\/BearChairIcon.png","contentUrl":"https:\/\/new.bearchair.eu\/wp-content\/uploads\/2024\/05\/BearChairIcon.png","width":512,"height":512,"caption":"La Silla del Oso"},"image":{"@id":"https:\/\/bearchair.eu\/es\/#\/schema\/logo\/image\/"}}]}},"_links":{"self":[{"href":"https:\/\/bearchair.eu\/es\/wp-json\/wp\/v2\/product\/16964","targetHints":{"allow":["GET"]}}],"collection":[{"href":"https:\/\/bearchair.eu\/es\/wp-json\/wp\/v2\/product"}],"about":[{"href":"https:\/\/bearchair.eu\/es\/wp-json\/wp\/v2\/types\/product"}],"wp:featuredmedia":[{"embeddable":true,"href":"https:\/\/bearchair.eu\/es\/wp-json\/wp\/v2\/media\/10009"}],"wp:attachment":[{"href":"https:\/\/bearchair.eu\/es\/wp-json\/wp\/v2\/media?parent=16964"}],"wp:term":[{"taxonomy":"product_brand","embeddable":true,"href":"https:\/\/bearchair.eu\/es\/wp-json\/wp\/v2\/product_brand?post=16964"},{"taxonomy":"product_cat","embeddable":true,"href":"https:\/\/bearchair.eu\/es\/wp-json\/wp\/v2\/product_cat?post=16964"},{"taxonomy":"product_tag","embeddable":true,"href":"https:\/\/bearchair.eu\/es\/wp-json\/wp\/v2\/product_tag?post=16964"}],"curies":[{"name":"wp","href":"https:\/\/api.w.org\/{rel}","templated":true}]}}