{"id":16985,"date":"2019-08-05T15:35:16","date_gmt":"2019-08-05T15:35:16","guid":{"rendered":"https:\/\/bearchair.eu\/sin%20categor\u00eda\/juego-de-picnic-mesa-4-bancos\/"},"modified":"2025-05-01T10:53:08","modified_gmt":"2025-05-01T10:53:08","slug":"juego-de-picnic-mesa-4-bancos","status":"publish","type":"product","link":"https:\/\/bearchair.eu\/es\/combinaciones\/juego-de-picnic-mesa-4-bancos\/","title":{"rendered":"Bear Chair\u00ae Set de picnic (mesa + 4 bancos)"},"content":{"rendered":"<p><strong>Dimensiones:<\/strong><\/p>\n<p><strong>Tabla:<\/strong><\/p>\n<ul>\n<li>Altura: 70 cm<\/li>\n<li>Anchura: 175 cm<\/li>\n<li>Profundidad: 75 cm<\/li>\n<\/ul>\n<p><strong>Bancos grandes con respaldo:<\/strong><\/p>\n<ul>\n<li>Altura: 48 cm<\/li>\n<li>Anchura: 150 cm<\/li>\n<li>Profundidad: 25 cm<\/li>\n<\/ul>\n<p><strong>Bancos peque\u00f1os con respaldo:<\/strong><\/p>\n<ul>\n<li>Altura: 48 cm<\/li>\n<li>Anchura: 60 cm<\/li>\n<li>Profundidad: 25 cm<\/li>\n<\/ul>\n<p><strong>Montaje: <\/strong>Este conjunto se entrega semimontado.<\/p>\n<p>&nbsp;<\/p>\n","protected":false},"excerpt":{"rendered":"<p>Este ligero conjunto de picnic Bear Chair\u00ae est\u00e1 hecho de madera de cedro, por lo que es f\u00e1cil de mover, elegante y muy duradero. El conjunto consta de una mesa, dos bancos peque\u00f1os y dos bancos grandes. <\/p>\n","protected":false},"featured_media":15184,"template":"","meta":[],"product_brand":[],"product_cat":[289,303,304],"product_tag":[],"class_list":{"0":"post-16985","1":"product","2":"type-product","3":"status-publish","4":"has-post-thumbnail","6":"product_cat-combinaciones","7":"product_cat-muebles","8":"product_cat-venta","10":"first","11":"outofstock","12":"sale","13":"taxable","14":"shipping-taxable","15":"purchasable","16":"product-type-simple"},"yoast_head":"<!-- This site is optimized with the Yoast SEO plugin v27.2 - https:\/\/yoast.com\/product\/yoast-seo-wordpress\/ -->\n<title>Bear Chair\u00ae Set de picnic (mesa + 4 bancos) - The Bear Chair\u00ae<\/title>\n<meta name=\"description\" content=\"Tienda Bear Chair\u00ae Set de picnic. Mesa + 4 bancos con respaldo. F\u00e1cil de mover, elegante y excepcionalmente duradero. F\u00e1cil de guardar.\" \/>\n<meta name=\"robots\" content=\"index, follow, max-snippet:-1, max-image-preview:large, max-video-preview:-1\" \/>\n<link rel=\"canonical\" href=\"https:\/\/bearchair.eu\/es\/combinaciones\/juego-de-picnic-mesa-4-bancos\/\" \/>\n<meta property=\"og:locale\" content=\"es_ES\" \/>\n<meta property=\"og:type\" content=\"article\" \/>\n<meta property=\"og:title\" content=\"Bear Chair\u00ae Set de picnic (mesa + 4 bancos) - The Bear Chair\u00ae\" \/>\n<meta property=\"og:description\" content=\"Tienda Bear Chair\u00ae Set de picnic. Mesa + 4 bancos con respaldo. F\u00e1cil de mover, elegante y excepcionalmente duradero. F\u00e1cil de guardar.\" \/>\n<meta property=\"og:url\" content=\"https:\/\/bearchair.eu\/es\/combinaciones\/juego-de-picnic-mesa-4-bancos\/\" \/>\n<meta property=\"og:site_name\" content=\"The Bear Chair\u00ae\" \/>\n<meta property=\"article:modified_time\" content=\"2025-05-01T10:53:08+00:00\" \/>\n<meta property=\"og:image\" content=\"https:\/\/bearchair.eu\/wp-content\/uploads\/2024\/05\/600C-Set.jpg\" \/>\n\t<meta property=\"og:image:width\" content=\"1024\" \/>\n\t<meta property=\"og:image:height\" content=\"698\" \/>\n\t<meta property=\"og:image:type\" content=\"image\/jpeg\" \/>\n<meta name=\"twitter:card\" content=\"summary_large_image\" \/>\n<script type=\"application\/ld+json\" class=\"yoast-schema-graph\">{\"@context\":\"https:\/\/schema.org\",\"@graph\":[{\"@type\":\"WebPage\",\"@id\":\"https:\/\/bearchair.eu\/es\/combinaciones\/juego-de-picnic-mesa-4-bancos\/\",\"url\":\"https:\/\/bearchair.eu\/es\/combinaciones\/juego-de-picnic-mesa-4-bancos\/\",\"name\":\"Bear Chair\u00ae Set de picnic (mesa + 4 bancos) - The Bear Chair\u00ae\",\"isPartOf\":{\"@id\":\"https:\/\/bearchair.eu\/es\/#website\"},\"primaryImageOfPage\":{\"@id\":\"https:\/\/bearchair.eu\/es\/combinaciones\/juego-de-picnic-mesa-4-bancos\/#primaryimage\"},\"image\":{\"@id\":\"https:\/\/bearchair.eu\/es\/combinaciones\/juego-de-picnic-mesa-4-bancos\/#primaryimage\"},\"thumbnailUrl\":\"https:\/\/bearchair.eu\/wp-content\/uploads\/2024\/05\/600C-Set.jpg\",\"datePublished\":\"2019-08-05T15:35:16+00:00\",\"dateModified\":\"2025-05-01T10:53:08+00:00\",\"description\":\"Tienda Bear Chair\u00ae Set de picnic. Mesa + 4 bancos con respaldo. F\u00e1cil de mover, elegante y excepcionalmente duradero. F\u00e1cil de guardar.\",\"breadcrumb\":{\"@id\":\"https:\/\/bearchair.eu\/es\/combinaciones\/juego-de-picnic-mesa-4-bancos\/#breadcrumb\"},\"inLanguage\":\"es\",\"potentialAction\":[{\"@type\":\"ReadAction\",\"target\":[\"https:\/\/bearchair.eu\/es\/combinaciones\/juego-de-picnic-mesa-4-bancos\/\"]}]},{\"@type\":\"ImageObject\",\"inLanguage\":\"es\",\"@id\":\"https:\/\/bearchair.eu\/es\/combinaciones\/juego-de-picnic-mesa-4-bancos\/#primaryimage\",\"url\":\"https:\/\/bearchair.eu\/wp-content\/uploads\/2024\/05\/600C-Set.jpg\",\"contentUrl\":\"https:\/\/bearchair.eu\/wp-content\/uploads\/2024\/05\/600C-Set.jpg\",\"width\":1024,\"height\":698},{\"@type\":\"BreadcrumbList\",\"@id\":\"https:\/\/bearchair.eu\/es\/combinaciones\/juego-de-picnic-mesa-4-bancos\/#breadcrumb\",\"itemListElement\":[{\"@type\":\"ListItem\",\"position\":1,\"name\":\"Home\",\"item\":\"https:\/\/bearchair.eu\/es\/inicio\/\"},{\"@type\":\"ListItem\",\"position\":2,\"name\":\"Tienda\",\"item\":\"https:\/\/bearchair.eu\/es\/tienda\/\"},{\"@type\":\"ListItem\",\"position\":3,\"name\":\"Bear Chair\u00ae Set de picnic (mesa + 4 bancos)\"}]},{\"@type\":\"WebSite\",\"@id\":\"https:\/\/bearchair.eu\/es\/#website\",\"url\":\"https:\/\/bearchair.eu\/es\/\",\"name\":\"The Bear Chair\",\"description\":\"\",\"publisher\":{\"@id\":\"https:\/\/bearchair.eu\/es\/#organization\"},\"potentialAction\":[{\"@type\":\"SearchAction\",\"target\":{\"@type\":\"EntryPoint\",\"urlTemplate\":\"https:\/\/bearchair.eu\/es\/?s={search_term_string}\"},\"query-input\":{\"@type\":\"PropertyValueSpecification\",\"valueRequired\":true,\"valueName\":\"search_term_string\"}}],\"inLanguage\":\"es\"},{\"@type\":\"Organization\",\"@id\":\"https:\/\/bearchair.eu\/es\/#organization\",\"name\":\"La Silla del Oso\",\"url\":\"https:\/\/bearchair.eu\/es\/\",\"logo\":{\"@type\":\"ImageObject\",\"inLanguage\":\"es\",\"@id\":\"https:\/\/bearchair.eu\/es\/#\/schema\/logo\/image\/\",\"url\":\"https:\/\/new.bearchair.eu\/wp-content\/uploads\/2024\/05\/BearChairIcon.png\",\"contentUrl\":\"https:\/\/new.bearchair.eu\/wp-content\/uploads\/2024\/05\/BearChairIcon.png\",\"width\":512,\"height\":512,\"caption\":\"La Silla del Oso\"},\"image\":{\"@id\":\"https:\/\/bearchair.eu\/es\/#\/schema\/logo\/image\/\"}}]}<\/script>\n<!-- \/ Yoast SEO plugin. -->","yoast_head_json":{"title":"Bear Chair\u00ae Set de picnic (mesa + 4 bancos) - The Bear Chair\u00ae","description":"Tienda Bear Chair\u00ae Set de picnic. Mesa + 4 bancos con respaldo. F\u00e1cil de mover, elegante y excepcionalmente duradero. F\u00e1cil de guardar.","robots":{"index":"index","follow":"follow","max-snippet":"max-snippet:-1","max-image-preview":"max-image-preview:large","max-video-preview":"max-video-preview:-1"},"canonical":"https:\/\/bearchair.eu\/es\/combinaciones\/juego-de-picnic-mesa-4-bancos\/","og_locale":"es_ES","og_type":"article","og_title":"Bear Chair\u00ae Set de picnic (mesa + 4 bancos) - The Bear Chair\u00ae","og_description":"Tienda Bear Chair\u00ae Set de picnic. Mesa + 4 bancos con respaldo. F\u00e1cil de mover, elegante y excepcionalmente duradero. F\u00e1cil de guardar.","og_url":"https:\/\/bearchair.eu\/es\/combinaciones\/juego-de-picnic-mesa-4-bancos\/","og_site_name":"The Bear Chair\u00ae","article_modified_time":"2025-05-01T10:53:08+00:00","og_image":[{"width":1024,"height":698,"url":"https:\/\/bearchair.eu\/wp-content\/uploads\/2024\/05\/600C-Set.jpg","type":"image\/jpeg"}],"twitter_card":"summary_large_image","schema":{"@context":"https:\/\/schema.org","@graph":[{"@type":"WebPage","@id":"https:\/\/bearchair.eu\/es\/combinaciones\/juego-de-picnic-mesa-4-bancos\/","url":"https:\/\/bearchair.eu\/es\/combinaciones\/juego-de-picnic-mesa-4-bancos\/","name":"Bear Chair\u00ae Set de picnic (mesa + 4 bancos) - The Bear Chair\u00ae","isPartOf":{"@id":"https:\/\/bearchair.eu\/es\/#website"},"primaryImageOfPage":{"@id":"https:\/\/bearchair.eu\/es\/combinaciones\/juego-de-picnic-mesa-4-bancos\/#primaryimage"},"image":{"@id":"https:\/\/bearchair.eu\/es\/combinaciones\/juego-de-picnic-mesa-4-bancos\/#primaryimage"},"thumbnailUrl":"https:\/\/bearchair.eu\/wp-content\/uploads\/2024\/05\/600C-Set.jpg","datePublished":"2019-08-05T15:35:16+00:00","dateModified":"2025-05-01T10:53:08+00:00","description":"Tienda Bear Chair\u00ae Set de picnic. Mesa + 4 bancos con respaldo. F\u00e1cil de mover, elegante y excepcionalmente duradero. F\u00e1cil de guardar.","breadcrumb":{"@id":"https:\/\/bearchair.eu\/es\/combinaciones\/juego-de-picnic-mesa-4-bancos\/#breadcrumb"},"inLanguage":"es","potentialAction":[{"@type":"ReadAction","target":["https:\/\/bearchair.eu\/es\/combinaciones\/juego-de-picnic-mesa-4-bancos\/"]}]},{"@type":"ImageObject","inLanguage":"es","@id":"https:\/\/bearchair.eu\/es\/combinaciones\/juego-de-picnic-mesa-4-bancos\/#primaryimage","url":"https:\/\/bearchair.eu\/wp-content\/uploads\/2024\/05\/600C-Set.jpg","contentUrl":"https:\/\/bearchair.eu\/wp-content\/uploads\/2024\/05\/600C-Set.jpg","width":1024,"height":698},{"@type":"BreadcrumbList","@id":"https:\/\/bearchair.eu\/es\/combinaciones\/juego-de-picnic-mesa-4-bancos\/#breadcrumb","itemListElement":[{"@type":"ListItem","position":1,"name":"Home","item":"https:\/\/bearchair.eu\/es\/inicio\/"},{"@type":"ListItem","position":2,"name":"Tienda","item":"https:\/\/bearchair.eu\/es\/tienda\/"},{"@type":"ListItem","position":3,"name":"Bear Chair\u00ae Set de picnic (mesa + 4 bancos)"}]},{"@type":"WebSite","@id":"https:\/\/bearchair.eu\/es\/#website","url":"https:\/\/bearchair.eu\/es\/","name":"The Bear Chair","description":"","publisher":{"@id":"https:\/\/bearchair.eu\/es\/#organization"},"potentialAction":[{"@type":"SearchAction","target":{"@type":"EntryPoint","urlTemplate":"https:\/\/bearchair.eu\/es\/?s={search_term_string}"},"query-input":{"@type":"PropertyValueSpecification","valueRequired":true,"valueName":"search_term_string"}}],"inLanguage":"es"},{"@type":"Organization","@id":"https:\/\/bearchair.eu\/es\/#organization","name":"La Silla del Oso","url":"https:\/\/bearchair.eu\/es\/","logo":{"@type":"ImageObject","inLanguage":"es","@id":"https:\/\/bearchair.eu\/es\/#\/schema\/logo\/image\/","url":"https:\/\/new.bearchair.eu\/wp-content\/uploads\/2024\/05\/BearChairIcon.png","contentUrl":"https:\/\/new.bearchair.eu\/wp-content\/uploads\/2024\/05\/BearChairIcon.png","width":512,"height":512,"caption":"La Silla del Oso"},"image":{"@id":"https:\/\/bearchair.eu\/es\/#\/schema\/logo\/image\/"}}]}},"_links":{"self":[{"href":"https:\/\/bearchair.eu\/es\/wp-json\/wp\/v2\/product\/16985","targetHints":{"allow":["GET"]}}],"collection":[{"href":"https:\/\/bearchair.eu\/es\/wp-json\/wp\/v2\/product"}],"about":[{"href":"https:\/\/bearchair.eu\/es\/wp-json\/wp\/v2\/types\/product"}],"wp:featuredmedia":[{"embeddable":true,"href":"https:\/\/bearchair.eu\/es\/wp-json\/wp\/v2\/media\/15184"}],"wp:attachment":[{"href":"https:\/\/bearchair.eu\/es\/wp-json\/wp\/v2\/media?parent=16985"}],"wp:term":[{"taxonomy":"product_brand","embeddable":true,"href":"https:\/\/bearchair.eu\/es\/wp-json\/wp\/v2\/product_brand?post=16985"},{"taxonomy":"product_cat","embeddable":true,"href":"https:\/\/bearchair.eu\/es\/wp-json\/wp\/v2\/product_cat?post=16985"},{"taxonomy":"product_tag","embeddable":true,"href":"https:\/\/bearchair.eu\/es\/wp-json\/wp\/v2\/product_tag?post=16985"}],"curies":[{"name":"wp","href":"https:\/\/api.w.org\/{rel}","templated":true}]}}