{"id":17002,"date":"2018-09-25T11:49:47","date_gmt":"2018-09-25T11:49:47","guid":{"rendered":"https:\/\/bearchair.eu\/sin%20categor\u00eda\/cojin-de-jardin-negro\/"},"modified":"2025-05-01T12:56:47","modified_gmt":"2025-05-01T12:56:47","slug":"cojin-de-jardin-negro","status":"publish","type":"product","link":"https:\/\/bearchair.eu\/es\/cojines\/cojin-de-jardin-negro\/","title":{"rendered":"Coj\u00edn de jard\u00edn negro"},"content":{"rendered":"<p>Completa el aspecto de tu silla Bear Chair\u00ae con este bonito y c\u00f3modo coj\u00edn.<\/p>\n<p><strong>Material: <\/strong>El coj\u00edn est\u00e1 hecho de material lavable y resistente a la lluvia. Sin embargo, es mejor guardarlo en el interior, ya que de lo contrario podr\u00eda decolorarse con el sol. <\/p>\n","protected":false},"excerpt":{"rendered":"<p>Coj\u00edn negro ligero con un grosor de 1,5 cm. Se fija con broches de presi\u00f3n. <\/p>\n","protected":false},"featured_media":15109,"template":"","meta":[],"product_brand":[],"product_cat":[315],"product_tag":[],"class_list":{"0":"post-17002","1":"product","2":"type-product","3":"status-publish","4":"has-post-thumbnail","6":"product_cat-cojines","8":"first","9":"instock","10":"taxable","11":"shipping-taxable","12":"purchasable","13":"product-type-simple"},"yoast_head":"<!-- This site is optimized with the Yoast SEO plugin v27.2 - https:\/\/yoast.com\/product\/yoast-seo-wordpress\/ -->\n<title>Coj\u00edn de jard\u00edn negro - The Bear Chair\u00ae<\/title>\n<meta name=\"description\" content=\"Tienda Coj\u00edn para tu Bear Chair\u00ae. Un c\u00f3modo coj\u00edn para tu silla de jard\u00edn Bear Chair. Coj\u00edn negro ligero (1,5 cm) con cierre de bot\u00f3n.\" \/>\n<meta name=\"robots\" content=\"index, follow, max-snippet:-1, max-image-preview:large, max-video-preview:-1\" \/>\n<link rel=\"canonical\" href=\"https:\/\/bearchair.eu\/es\/cojines\/cojin-de-jardin-negro\/\" \/>\n<meta property=\"og:locale\" content=\"es_ES\" \/>\n<meta property=\"og:type\" content=\"article\" \/>\n<meta property=\"og:title\" content=\"Coj\u00edn de jard\u00edn negro - The Bear Chair\u00ae\" \/>\n<meta property=\"og:description\" content=\"Tienda Coj\u00edn para tu Bear Chair\u00ae. Un c\u00f3modo coj\u00edn para tu silla de jard\u00edn Bear Chair. Coj\u00edn negro ligero (1,5 cm) con cierre de bot\u00f3n.\" \/>\n<meta property=\"og:url\" content=\"https:\/\/bearchair.eu\/es\/cojines\/cojin-de-jardin-negro\/\" \/>\n<meta property=\"og:site_name\" content=\"The Bear Chair\u00ae\" \/>\n<meta property=\"article:modified_time\" content=\"2025-05-01T12:56:47+00:00\" \/>\n<meta property=\"og:image\" content=\"https:\/\/bearchair.eu\/wp-content\/uploads\/2024\/05\/Zwart-kussen-selectie.jpg\" \/>\n\t<meta property=\"og:image:width\" content=\"804\" \/>\n\t<meta property=\"og:image:height\" content=\"858\" \/>\n\t<meta property=\"og:image:type\" content=\"image\/jpeg\" \/>\n<meta name=\"twitter:card\" content=\"summary_large_image\" \/>\n<script type=\"application\/ld+json\" class=\"yoast-schema-graph\">{\"@context\":\"https:\/\/schema.org\",\"@graph\":[{\"@type\":\"WebPage\",\"@id\":\"https:\/\/bearchair.eu\/es\/cojines\/cojin-de-jardin-negro\/\",\"url\":\"https:\/\/bearchair.eu\/es\/cojines\/cojin-de-jardin-negro\/\",\"name\":\"Coj\u00edn de jard\u00edn negro - The Bear Chair\u00ae\",\"isPartOf\":{\"@id\":\"https:\/\/bearchair.eu\/es\/#website\"},\"primaryImageOfPage\":{\"@id\":\"https:\/\/bearchair.eu\/es\/cojines\/cojin-de-jardin-negro\/#primaryimage\"},\"image\":{\"@id\":\"https:\/\/bearchair.eu\/es\/cojines\/cojin-de-jardin-negro\/#primaryimage\"},\"thumbnailUrl\":\"https:\/\/bearchair.eu\/wp-content\/uploads\/2024\/05\/Zwart-kussen-selectie.jpg\",\"datePublished\":\"2018-09-25T11:49:47+00:00\",\"dateModified\":\"2025-05-01T12:56:47+00:00\",\"description\":\"Tienda Coj\u00edn para tu Bear Chair\u00ae. Un c\u00f3modo coj\u00edn para tu silla de jard\u00edn Bear Chair. Coj\u00edn negro ligero (1,5 cm) con cierre de bot\u00f3n.\",\"breadcrumb\":{\"@id\":\"https:\/\/bearchair.eu\/es\/cojines\/cojin-de-jardin-negro\/#breadcrumb\"},\"inLanguage\":\"es\",\"potentialAction\":[{\"@type\":\"ReadAction\",\"target\":[\"https:\/\/bearchair.eu\/es\/cojines\/cojin-de-jardin-negro\/\"]}]},{\"@type\":\"ImageObject\",\"inLanguage\":\"es\",\"@id\":\"https:\/\/bearchair.eu\/es\/cojines\/cojin-de-jardin-negro\/#primaryimage\",\"url\":\"https:\/\/bearchair.eu\/wp-content\/uploads\/2024\/05\/Zwart-kussen-selectie.jpg\",\"contentUrl\":\"https:\/\/bearchair.eu\/wp-content\/uploads\/2024\/05\/Zwart-kussen-selectie.jpg\",\"width\":804,\"height\":858},{\"@type\":\"BreadcrumbList\",\"@id\":\"https:\/\/bearchair.eu\/es\/cojines\/cojin-de-jardin-negro\/#breadcrumb\",\"itemListElement\":[{\"@type\":\"ListItem\",\"position\":1,\"name\":\"Home\",\"item\":\"https:\/\/bearchair.eu\/es\/inicio\/\"},{\"@type\":\"ListItem\",\"position\":2,\"name\":\"Tienda\",\"item\":\"https:\/\/bearchair.eu\/es\/tienda\/\"},{\"@type\":\"ListItem\",\"position\":3,\"name\":\"Coj\u00edn de jard\u00edn negro\"}]},{\"@type\":\"WebSite\",\"@id\":\"https:\/\/bearchair.eu\/es\/#website\",\"url\":\"https:\/\/bearchair.eu\/es\/\",\"name\":\"The Bear Chair\",\"description\":\"\",\"publisher\":{\"@id\":\"https:\/\/bearchair.eu\/es\/#organization\"},\"potentialAction\":[{\"@type\":\"SearchAction\",\"target\":{\"@type\":\"EntryPoint\",\"urlTemplate\":\"https:\/\/bearchair.eu\/es\/?s={search_term_string}\"},\"query-input\":{\"@type\":\"PropertyValueSpecification\",\"valueRequired\":true,\"valueName\":\"search_term_string\"}}],\"inLanguage\":\"es\"},{\"@type\":\"Organization\",\"@id\":\"https:\/\/bearchair.eu\/es\/#organization\",\"name\":\"La Silla del Oso\",\"url\":\"https:\/\/bearchair.eu\/es\/\",\"logo\":{\"@type\":\"ImageObject\",\"inLanguage\":\"es\",\"@id\":\"https:\/\/bearchair.eu\/es\/#\/schema\/logo\/image\/\",\"url\":\"https:\/\/new.bearchair.eu\/wp-content\/uploads\/2024\/05\/BearChairIcon.png\",\"contentUrl\":\"https:\/\/new.bearchair.eu\/wp-content\/uploads\/2024\/05\/BearChairIcon.png\",\"width\":512,\"height\":512,\"caption\":\"La Silla del Oso\"},\"image\":{\"@id\":\"https:\/\/bearchair.eu\/es\/#\/schema\/logo\/image\/\"}}]}<\/script>\n<!-- \/ Yoast SEO plugin. -->","yoast_head_json":{"title":"Coj\u00edn de jard\u00edn negro - The Bear Chair\u00ae","description":"Tienda Coj\u00edn para tu Bear Chair\u00ae. Un c\u00f3modo coj\u00edn para tu silla de jard\u00edn Bear Chair. Coj\u00edn negro ligero (1,5 cm) con cierre de bot\u00f3n.","robots":{"index":"index","follow":"follow","max-snippet":"max-snippet:-1","max-image-preview":"max-image-preview:large","max-video-preview":"max-video-preview:-1"},"canonical":"https:\/\/bearchair.eu\/es\/cojines\/cojin-de-jardin-negro\/","og_locale":"es_ES","og_type":"article","og_title":"Coj\u00edn de jard\u00edn negro - The Bear Chair\u00ae","og_description":"Tienda Coj\u00edn para tu Bear Chair\u00ae. Un c\u00f3modo coj\u00edn para tu silla de jard\u00edn Bear Chair. Coj\u00edn negro ligero (1,5 cm) con cierre de bot\u00f3n.","og_url":"https:\/\/bearchair.eu\/es\/cojines\/cojin-de-jardin-negro\/","og_site_name":"The Bear Chair\u00ae","article_modified_time":"2025-05-01T12:56:47+00:00","og_image":[{"width":804,"height":858,"url":"https:\/\/bearchair.eu\/wp-content\/uploads\/2024\/05\/Zwart-kussen-selectie.jpg","type":"image\/jpeg"}],"twitter_card":"summary_large_image","schema":{"@context":"https:\/\/schema.org","@graph":[{"@type":"WebPage","@id":"https:\/\/bearchair.eu\/es\/cojines\/cojin-de-jardin-negro\/","url":"https:\/\/bearchair.eu\/es\/cojines\/cojin-de-jardin-negro\/","name":"Coj\u00edn de jard\u00edn negro - The Bear Chair\u00ae","isPartOf":{"@id":"https:\/\/bearchair.eu\/es\/#website"},"primaryImageOfPage":{"@id":"https:\/\/bearchair.eu\/es\/cojines\/cojin-de-jardin-negro\/#primaryimage"},"image":{"@id":"https:\/\/bearchair.eu\/es\/cojines\/cojin-de-jardin-negro\/#primaryimage"},"thumbnailUrl":"https:\/\/bearchair.eu\/wp-content\/uploads\/2024\/05\/Zwart-kussen-selectie.jpg","datePublished":"2018-09-25T11:49:47+00:00","dateModified":"2025-05-01T12:56:47+00:00","description":"Tienda Coj\u00edn para tu Bear Chair\u00ae. Un c\u00f3modo coj\u00edn para tu silla de jard\u00edn Bear Chair. Coj\u00edn negro ligero (1,5 cm) con cierre de bot\u00f3n.","breadcrumb":{"@id":"https:\/\/bearchair.eu\/es\/cojines\/cojin-de-jardin-negro\/#breadcrumb"},"inLanguage":"es","potentialAction":[{"@type":"ReadAction","target":["https:\/\/bearchair.eu\/es\/cojines\/cojin-de-jardin-negro\/"]}]},{"@type":"ImageObject","inLanguage":"es","@id":"https:\/\/bearchair.eu\/es\/cojines\/cojin-de-jardin-negro\/#primaryimage","url":"https:\/\/bearchair.eu\/wp-content\/uploads\/2024\/05\/Zwart-kussen-selectie.jpg","contentUrl":"https:\/\/bearchair.eu\/wp-content\/uploads\/2024\/05\/Zwart-kussen-selectie.jpg","width":804,"height":858},{"@type":"BreadcrumbList","@id":"https:\/\/bearchair.eu\/es\/cojines\/cojin-de-jardin-negro\/#breadcrumb","itemListElement":[{"@type":"ListItem","position":1,"name":"Home","item":"https:\/\/bearchair.eu\/es\/inicio\/"},{"@type":"ListItem","position":2,"name":"Tienda","item":"https:\/\/bearchair.eu\/es\/tienda\/"},{"@type":"ListItem","position":3,"name":"Coj\u00edn de jard\u00edn negro"}]},{"@type":"WebSite","@id":"https:\/\/bearchair.eu\/es\/#website","url":"https:\/\/bearchair.eu\/es\/","name":"The Bear Chair","description":"","publisher":{"@id":"https:\/\/bearchair.eu\/es\/#organization"},"potentialAction":[{"@type":"SearchAction","target":{"@type":"EntryPoint","urlTemplate":"https:\/\/bearchair.eu\/es\/?s={search_term_string}"},"query-input":{"@type":"PropertyValueSpecification","valueRequired":true,"valueName":"search_term_string"}}],"inLanguage":"es"},{"@type":"Organization","@id":"https:\/\/bearchair.eu\/es\/#organization","name":"La Silla del Oso","url":"https:\/\/bearchair.eu\/es\/","logo":{"@type":"ImageObject","inLanguage":"es","@id":"https:\/\/bearchair.eu\/es\/#\/schema\/logo\/image\/","url":"https:\/\/new.bearchair.eu\/wp-content\/uploads\/2024\/05\/BearChairIcon.png","contentUrl":"https:\/\/new.bearchair.eu\/wp-content\/uploads\/2024\/05\/BearChairIcon.png","width":512,"height":512,"caption":"La Silla del Oso"},"image":{"@id":"https:\/\/bearchair.eu\/es\/#\/schema\/logo\/image\/"}}]}},"_links":{"self":[{"href":"https:\/\/bearchair.eu\/es\/wp-json\/wp\/v2\/product\/17002","targetHints":{"allow":["GET"]}}],"collection":[{"href":"https:\/\/bearchair.eu\/es\/wp-json\/wp\/v2\/product"}],"about":[{"href":"https:\/\/bearchair.eu\/es\/wp-json\/wp\/v2\/types\/product"}],"wp:featuredmedia":[{"embeddable":true,"href":"https:\/\/bearchair.eu\/es\/wp-json\/wp\/v2\/media\/15109"}],"wp:attachment":[{"href":"https:\/\/bearchair.eu\/es\/wp-json\/wp\/v2\/media?parent=17002"}],"wp:term":[{"taxonomy":"product_brand","embeddable":true,"href":"https:\/\/bearchair.eu\/es\/wp-json\/wp\/v2\/product_brand?post=17002"},{"taxonomy":"product_cat","embeddable":true,"href":"https:\/\/bearchair.eu\/es\/wp-json\/wp\/v2\/product_cat?post=17002"},{"taxonomy":"product_tag","embeddable":true,"href":"https:\/\/bearchair.eu\/es\/wp-json\/wp\/v2\/product_tag?post=17002"}],"curies":[{"name":"wp","href":"https:\/\/api.w.org\/{rel}","templated":true}]}}