{"id":17019,"date":"2018-04-06T08:32:21","date_gmt":"2018-04-06T08:32:21","guid":{"rendered":"https:\/\/bearchair.eu\/sin%20categor\u00eda\/dispensador-triton-5l-clasico\/"},"modified":"2025-04-03T12:11:22","modified_gmt":"2025-04-03T12:11:22","slug":"dispensador-triton-5l-clasico","status":"publish","type":"product","link":"https:\/\/bearchair.eu\/es\/distribuidor-de-cerveza\/dispensador-triton-5l-clasico\/","title":{"rendered":"Dispensador Triton 5L Cl\u00e1sico"},"content":{"rendered":"<p><strong>Caracter\u00edsticas:<\/strong><\/p>\n<ul>\n<li><strong>Capacidad:<\/strong> El Dispensador Triton 5L Classic tiene una capacidad de 5 litros, lo que equivale a unos 20 - 25 vasos de cerveza, dependiendo del tama\u00f1o del vaso.<\/li>\n<li><strong>Compacto y port\u00e1til:<\/strong> Gracias a su dise\u00f1o compacto y a su asa port\u00e1til, puedes llevar sin esfuerzo el Dispensador Trit\u00f3n a cualquier lugar, desde el patio trasero hasta la playa.<\/li>\n<li>Mecanismo de grifo integrado<strong>:<\/strong> El mecanismo de grifo integrado garantiza un tiraje sencillo y sin complicaciones, proporcion\u00e1ndote una cerveza perfectamente tipeada en cuesti\u00f3n de segundos.<\/li>\n<li><strong>Duradero y de alta calidad:<\/strong> El dispensador Triton 5L Classic est\u00e1 fabricado con materiales de alta calidad y garantiza su durabilidad y uso a largo plazo.<\/li>\n<li><strong>Compatibilidad:<\/strong> Compatible con una amplia gama de cervezas, desde pilsners a cervezas artesanas, para que siempre puedas servirte tu cerveza favorita.<\/li>\n<li><strong>Refrigeraci\u00f3n integrada:<\/strong> Mantiene tu cerveza perfectamente fr\u00eda, conservando cada sorbo refrescante, incluso en los calurosos d\u00edas de verano.<\/li>\n<li><strong>F\u00e1cil de limpiar:<\/strong> el dispensador Triton 5L Classic es f\u00e1cil de desmontar y limpiar, para que siempre puedas disfrutar de una experiencia de grifo higi\u00e9nica.<\/li>\n<\/ul>\n<p><a class=\"btn\" href=\"https:\/\/bearchair.eu\/wp-content\/uploads\/2018\/04\/Triton-Classic5L-product-sheet.pdf\" target=\"_blank\" rel=\"noopener\">Descargar la ficha de producto Triton-Classic 5L<\/a><\/p>\n","protected":false},"excerpt":{"rendered":"<p>Experimenta la comodidad y el confort de una cerveza reci\u00e9n tirada donde quieras con el Dispensador Cl\u00e1sico Triton 5L. Este innovador dispensador de cerveza ofrece la soluci\u00f3n perfecta para fiestas, barbacoas, picnics o simplemente para relajarse en casa. Olv\u00eddate de cargar con pesados barriles y del engorro de los complicados sistemas de grifo. Con el Dispensador Cl\u00e1sico Triton 5L, puedes disfrutar de un vaso de cerveza deliciosamente fr\u00eda en cualquier momento y lugar.   <\/p>\n<p>Estos dispensadores llevan incorporado un elemento de refrigeraci\u00f3n intercambiable (se vende por separado).<\/p>\n<p>\u00a1La cerveza es algo que se bebe con los mejores amigos!<\/p>\n<p>&nbsp;<\/p>\n<ol>\n<li><strong>M\u00c1S FACTURACI\u00d3N POR MESA<\/strong><\/li>\n<\/ol>\n<p>AUMENTO DEL 50% EN LA VENTA DE BEBIDAS Y FINGER FOOD POR MESA<\/p>\n<ol start=\"2\">\n<li><strong>LA SOLUCI\u00d3N A LA ESCASEZ DE PERSONAL<\/strong><\/li>\n<\/ol>\n<p>1 WHATS-TAP AHORRA 4-5 RONDAS DE SERVICIO POR MESA. ADEM\u00c1S, NECESITAS ENJUAGAR MENOS VASOS. <\/p>\n<ol start=\"3\">\n<li><strong>DURADERO Y F\u00c1CIL DE MANEJAR<\/strong><\/li>\n<\/ol>\n<p>PROBADO EXHAUSTIVAMENTE, FABRICADO SEG\u00daN LAS NORMAS DE CALIDAD M\u00c1S EXIGENTES. F\u00c1CIL DE LIMPIAR. <\/p>\n<ol start=\"4\">\n<li><strong>BAJO COSTE = R.O.I. MUY R\u00c1PIDO.<\/strong><\/li>\n<\/ol>\n<p>INVERSI\u00d3N RECUPERADA EN POCO TIEMPO.<\/p>\n<ol start=\"5\">\n<li><strong>SUPER HIGI\u00c9NICO<\/strong><\/li>\n<\/ol>\n<p>\u00daNICO DISTRIBUIDOR AUTORIZADO POR LA AUTORIDAD DE ALIMENTOS Y MERCANC\u00cdAS<\/p>\n<ol start=\"6\">\n<li><strong>SIEMPRE REFRIGERADO<\/strong><\/li>\n<\/ol>\n<p>CON ELEMENTO DE REFRIGERACI\u00d3N\/CONGELACI\u00d3N INTERCAMBIABLE INCORPORADO.<\/p>\n<ol start=\"7\">\n<li><strong>UNA EXPERIENCIA \u00daNICA PARA TUS CLIENTES<\/strong><\/li>\n<\/ol>\n<p>LOS CLIENTES VIVIR\u00c1N UNA EXPERIENCIA \u00daNICA. EFECTO BOLA DE NIEVE: EFECTO CONTAGIO ENTRE TUS CLIENTES, SI VENDES UNO, SEGURO QUE VENDR\u00c1N M\u00c1S. <\/p>\n<p>&nbsp;<\/p>\n","protected":false},"featured_media":11607,"template":"","meta":[],"product_brand":[],"product_cat":[337],"product_tag":[],"class_list":{"0":"post-17019","1":"product","2":"type-product","3":"status-publish","4":"has-post-thumbnail","6":"product_cat-distribuidor-de-cerveza","8":"first","9":"instock","10":"taxable","11":"shipping-taxable","12":"purchasable","13":"product-type-simple"},"yoast_head":"<!-- This site is optimized with the Yoast SEO plugin v27.2 - https:\/\/yoast.com\/product\/yoast-seo-wordpress\/ -->\n<title>Dispensador Triton 5L Cl\u00e1sico - The Bear Chair\u00ae<\/title>\n<meta name=\"description\" content=\"Tienda Bear Chair Dispensador Triton 5L Classic. Innovador dispensador de cerveza. Duradero y f\u00e1cil de manejar, s\u00faper higi\u00e9nico, siempre fr\u00edo.\" \/>\n<meta name=\"robots\" content=\"index, follow, max-snippet:-1, max-image-preview:large, max-video-preview:-1\" \/>\n<link rel=\"canonical\" href=\"https:\/\/bearchair.eu\/es\/distribuidor-de-cerveza\/dispensador-triton-5l-clasico\/\" \/>\n<meta property=\"og:locale\" content=\"es_ES\" \/>\n<meta property=\"og:type\" content=\"article\" \/>\n<meta property=\"og:title\" content=\"Dispensador Triton 5L Cl\u00e1sico - The Bear Chair\u00ae\" \/>\n<meta property=\"og:description\" content=\"Tienda Bear Chair Dispensador Triton 5L Classic. Innovador dispensador de cerveza. Duradero y f\u00e1cil de manejar, s\u00faper higi\u00e9nico, siempre fr\u00edo.\" \/>\n<meta property=\"og:url\" content=\"https:\/\/bearchair.eu\/es\/distribuidor-de-cerveza\/dispensador-triton-5l-clasico\/\" \/>\n<meta property=\"og:site_name\" content=\"The Bear Chair\u00ae\" \/>\n<meta property=\"article:modified_time\" content=\"2025-04-03T12:11:22+00:00\" \/>\n<meta property=\"og:image\" content=\"https:\/\/bearchair.eu\/wp-content\/uploads\/2018\/04\/5L-verderler.png\" \/>\n\t<meta property=\"og:image:width\" content=\"719\" \/>\n\t<meta property=\"og:image:height\" content=\"1080\" \/>\n\t<meta property=\"og:image:type\" content=\"image\/png\" \/>\n<meta name=\"twitter:card\" content=\"summary_large_image\" \/>\n<meta name=\"twitter:label1\" content=\"Tiempo de lectura\" \/>\n\t<meta name=\"twitter:data1\" content=\"1 minuto\" \/>\n<script type=\"application\/ld+json\" class=\"yoast-schema-graph\">{\"@context\":\"https:\/\/schema.org\",\"@graph\":[{\"@type\":\"WebPage\",\"@id\":\"https:\/\/bearchair.eu\/es\/distribuidor-de-cerveza\/dispensador-triton-5l-clasico\/\",\"url\":\"https:\/\/bearchair.eu\/es\/distribuidor-de-cerveza\/dispensador-triton-5l-clasico\/\",\"name\":\"Dispensador Triton 5L Cl\u00e1sico - The Bear Chair\u00ae\",\"isPartOf\":{\"@id\":\"https:\/\/bearchair.eu\/es\/#website\"},\"primaryImageOfPage\":{\"@id\":\"https:\/\/bearchair.eu\/es\/distribuidor-de-cerveza\/dispensador-triton-5l-clasico\/#primaryimage\"},\"image\":{\"@id\":\"https:\/\/bearchair.eu\/es\/distribuidor-de-cerveza\/dispensador-triton-5l-clasico\/#primaryimage\"},\"thumbnailUrl\":\"https:\/\/bearchair.eu\/wp-content\/uploads\/2018\/04\/5L-verderler.png\",\"datePublished\":\"2018-04-06T08:32:21+00:00\",\"dateModified\":\"2025-04-03T12:11:22+00:00\",\"description\":\"Tienda Bear Chair Dispensador Triton 5L Classic. Innovador dispensador de cerveza. Duradero y f\u00e1cil de manejar, s\u00faper higi\u00e9nico, siempre fr\u00edo.\",\"breadcrumb\":{\"@id\":\"https:\/\/bearchair.eu\/es\/distribuidor-de-cerveza\/dispensador-triton-5l-clasico\/#breadcrumb\"},\"inLanguage\":\"es\",\"potentialAction\":[{\"@type\":\"ReadAction\",\"target\":[\"https:\/\/bearchair.eu\/es\/distribuidor-de-cerveza\/dispensador-triton-5l-clasico\/\"]}]},{\"@type\":\"ImageObject\",\"inLanguage\":\"es\",\"@id\":\"https:\/\/bearchair.eu\/es\/distribuidor-de-cerveza\/dispensador-triton-5l-clasico\/#primaryimage\",\"url\":\"https:\/\/bearchair.eu\/wp-content\/uploads\/2018\/04\/5L-verderler.png\",\"contentUrl\":\"https:\/\/bearchair.eu\/wp-content\/uploads\/2018\/04\/5L-verderler.png\",\"width\":719,\"height\":1080},{\"@type\":\"BreadcrumbList\",\"@id\":\"https:\/\/bearchair.eu\/es\/distribuidor-de-cerveza\/dispensador-triton-5l-clasico\/#breadcrumb\",\"itemListElement\":[{\"@type\":\"ListItem\",\"position\":1,\"name\":\"Inicio\",\"item\":\"https:\/\/bearchair.eu\/es\/inicio\/\"},{\"@type\":\"ListItem\",\"position\":2,\"name\":\"Tienda\",\"item\":\"https:\/\/bearchair.eu\/es\/tienda\/\"},{\"@type\":\"ListItem\",\"position\":3,\"name\":\"Dispensador Triton 5L Cl\u00e1sico\"}]},{\"@type\":\"WebSite\",\"@id\":\"https:\/\/bearchair.eu\/es\/#website\",\"url\":\"https:\/\/bearchair.eu\/es\/\",\"name\":\"The Bear Chair\",\"description\":\"\",\"publisher\":{\"@id\":\"https:\/\/bearchair.eu\/es\/#organization\"},\"potentialAction\":[{\"@type\":\"SearchAction\",\"target\":{\"@type\":\"EntryPoint\",\"urlTemplate\":\"https:\/\/bearchair.eu\/es\/?s={search_term_string}\"},\"query-input\":{\"@type\":\"PropertyValueSpecification\",\"valueRequired\":true,\"valueName\":\"search_term_string\"}}],\"inLanguage\":\"es\"},{\"@type\":\"Organization\",\"@id\":\"https:\/\/bearchair.eu\/es\/#organization\",\"name\":\"La Silla del Oso\",\"url\":\"https:\/\/bearchair.eu\/es\/\",\"logo\":{\"@type\":\"ImageObject\",\"inLanguage\":\"es\",\"@id\":\"https:\/\/bearchair.eu\/es\/#\/schema\/logo\/image\/\",\"url\":\"https:\/\/new.bearchair.eu\/wp-content\/uploads\/2024\/05\/BearChairIcon.png\",\"contentUrl\":\"https:\/\/new.bearchair.eu\/wp-content\/uploads\/2024\/05\/BearChairIcon.png\",\"width\":512,\"height\":512,\"caption\":\"La Silla del Oso\"},\"image\":{\"@id\":\"https:\/\/bearchair.eu\/es\/#\/schema\/logo\/image\/\"}}]}<\/script>\n<!-- \/ Yoast SEO plugin. -->","yoast_head_json":{"title":"Dispensador Triton 5L Cl\u00e1sico - The Bear Chair\u00ae","description":"Tienda Bear Chair Dispensador Triton 5L Classic. Innovador dispensador de cerveza. Duradero y f\u00e1cil de manejar, s\u00faper higi\u00e9nico, siempre fr\u00edo.","robots":{"index":"index","follow":"follow","max-snippet":"max-snippet:-1","max-image-preview":"max-image-preview:large","max-video-preview":"max-video-preview:-1"},"canonical":"https:\/\/bearchair.eu\/es\/distribuidor-de-cerveza\/dispensador-triton-5l-clasico\/","og_locale":"es_ES","og_type":"article","og_title":"Dispensador Triton 5L Cl\u00e1sico - The Bear Chair\u00ae","og_description":"Tienda Bear Chair Dispensador Triton 5L Classic. Innovador dispensador de cerveza. Duradero y f\u00e1cil de manejar, s\u00faper higi\u00e9nico, siempre fr\u00edo.","og_url":"https:\/\/bearchair.eu\/es\/distribuidor-de-cerveza\/dispensador-triton-5l-clasico\/","og_site_name":"The Bear Chair\u00ae","article_modified_time":"2025-04-03T12:11:22+00:00","og_image":[{"width":719,"height":1080,"url":"https:\/\/bearchair.eu\/wp-content\/uploads\/2018\/04\/5L-verderler.png","type":"image\/png"}],"twitter_card":"summary_large_image","twitter_misc":{"Tiempo de lectura":"1 minuto"},"schema":{"@context":"https:\/\/schema.org","@graph":[{"@type":"WebPage","@id":"https:\/\/bearchair.eu\/es\/distribuidor-de-cerveza\/dispensador-triton-5l-clasico\/","url":"https:\/\/bearchair.eu\/es\/distribuidor-de-cerveza\/dispensador-triton-5l-clasico\/","name":"Dispensador Triton 5L Cl\u00e1sico - The Bear Chair\u00ae","isPartOf":{"@id":"https:\/\/bearchair.eu\/es\/#website"},"primaryImageOfPage":{"@id":"https:\/\/bearchair.eu\/es\/distribuidor-de-cerveza\/dispensador-triton-5l-clasico\/#primaryimage"},"image":{"@id":"https:\/\/bearchair.eu\/es\/distribuidor-de-cerveza\/dispensador-triton-5l-clasico\/#primaryimage"},"thumbnailUrl":"https:\/\/bearchair.eu\/wp-content\/uploads\/2018\/04\/5L-verderler.png","datePublished":"2018-04-06T08:32:21+00:00","dateModified":"2025-04-03T12:11:22+00:00","description":"Tienda Bear Chair Dispensador Triton 5L Classic. Innovador dispensador de cerveza. Duradero y f\u00e1cil de manejar, s\u00faper higi\u00e9nico, siempre fr\u00edo.","breadcrumb":{"@id":"https:\/\/bearchair.eu\/es\/distribuidor-de-cerveza\/dispensador-triton-5l-clasico\/#breadcrumb"},"inLanguage":"es","potentialAction":[{"@type":"ReadAction","target":["https:\/\/bearchair.eu\/es\/distribuidor-de-cerveza\/dispensador-triton-5l-clasico\/"]}]},{"@type":"ImageObject","inLanguage":"es","@id":"https:\/\/bearchair.eu\/es\/distribuidor-de-cerveza\/dispensador-triton-5l-clasico\/#primaryimage","url":"https:\/\/bearchair.eu\/wp-content\/uploads\/2018\/04\/5L-verderler.png","contentUrl":"https:\/\/bearchair.eu\/wp-content\/uploads\/2018\/04\/5L-verderler.png","width":719,"height":1080},{"@type":"BreadcrumbList","@id":"https:\/\/bearchair.eu\/es\/distribuidor-de-cerveza\/dispensador-triton-5l-clasico\/#breadcrumb","itemListElement":[{"@type":"ListItem","position":1,"name":"Inicio","item":"https:\/\/bearchair.eu\/es\/inicio\/"},{"@type":"ListItem","position":2,"name":"Tienda","item":"https:\/\/bearchair.eu\/es\/tienda\/"},{"@type":"ListItem","position":3,"name":"Dispensador Triton 5L Cl\u00e1sico"}]},{"@type":"WebSite","@id":"https:\/\/bearchair.eu\/es\/#website","url":"https:\/\/bearchair.eu\/es\/","name":"The Bear Chair","description":"","publisher":{"@id":"https:\/\/bearchair.eu\/es\/#organization"},"potentialAction":[{"@type":"SearchAction","target":{"@type":"EntryPoint","urlTemplate":"https:\/\/bearchair.eu\/es\/?s={search_term_string}"},"query-input":{"@type":"PropertyValueSpecification","valueRequired":true,"valueName":"search_term_string"}}],"inLanguage":"es"},{"@type":"Organization","@id":"https:\/\/bearchair.eu\/es\/#organization","name":"La Silla del Oso","url":"https:\/\/bearchair.eu\/es\/","logo":{"@type":"ImageObject","inLanguage":"es","@id":"https:\/\/bearchair.eu\/es\/#\/schema\/logo\/image\/","url":"https:\/\/new.bearchair.eu\/wp-content\/uploads\/2024\/05\/BearChairIcon.png","contentUrl":"https:\/\/new.bearchair.eu\/wp-content\/uploads\/2024\/05\/BearChairIcon.png","width":512,"height":512,"caption":"La Silla del Oso"},"image":{"@id":"https:\/\/bearchair.eu\/es\/#\/schema\/logo\/image\/"}}]}},"_links":{"self":[{"href":"https:\/\/bearchair.eu\/es\/wp-json\/wp\/v2\/product\/17019","targetHints":{"allow":["GET"]}}],"collection":[{"href":"https:\/\/bearchair.eu\/es\/wp-json\/wp\/v2\/product"}],"about":[{"href":"https:\/\/bearchair.eu\/es\/wp-json\/wp\/v2\/types\/product"}],"wp:featuredmedia":[{"embeddable":true,"href":"https:\/\/bearchair.eu\/es\/wp-json\/wp\/v2\/media\/11607"}],"wp:attachment":[{"href":"https:\/\/bearchair.eu\/es\/wp-json\/wp\/v2\/media?parent=17019"}],"wp:term":[{"taxonomy":"product_brand","embeddable":true,"href":"https:\/\/bearchair.eu\/es\/wp-json\/wp\/v2\/product_brand?post=17019"},{"taxonomy":"product_cat","embeddable":true,"href":"https:\/\/bearchair.eu\/es\/wp-json\/wp\/v2\/product_cat?post=17019"},{"taxonomy":"product_tag","embeddable":true,"href":"https:\/\/bearchair.eu\/es\/wp-json\/wp\/v2\/product_tag?post=17019"}],"curies":[{"name":"wp","href":"https:\/\/api.w.org\/{rel}","templated":true}]}}