{"id":17255,"date":"2018-04-06T08:28:00","date_gmt":"2018-04-06T08:28:00","guid":{"rendered":"https:\/\/bearchair.eu\/sin%20categor\u00eda\/cojin-de-jardin-de-lujo-para-tumbonas\/"},"modified":"2025-05-01T13:01:49","modified_gmt":"2025-05-01T13:01:49","slug":"cojin-de-jardin-de-lujo-para-tumbonas","status":"publish","type":"product","link":"https:\/\/bearchair.eu\/es\/cojines\/cojin-de-jardin-de-lujo-para-tumbonas\/","title":{"rendered":"Coj\u00edn de jard\u00edn de lujo para tumbonas Bear Chair"},"content":{"rendered":"<p>Este coj\u00edn de jard\u00edn de lujo y alta calidad est\u00e1 disponible en varios tama\u00f1os y colores. Tanto si tienes una Original Bear Chair\u00ae, una Royal Bear Chair\u00ae o una Grizzly Bear Chair\u00ae, este coj\u00edn te ofrece a\u00fan m\u00e1s comodidad para sentarte. No importa si te gusta el negro, el azul o el verde: hay un color para cada persona.  <\/p>\n<p>Los cojines se fabrican a medida y por encargo.<\/p>\n<p><strong>Dimensiones:  <\/strong><\/p>\n<p>Grosor del asiento: 3 cm<\/p>\n<p>Grosor de la espalda: 2 cm<\/p>\n<p><strong>Material:<\/strong> Dralon (Olefi te\u00f1ido en masa o acr\u00edlico te\u00f1ido en fibra - 190gr\/m2)<\/p>\n","protected":false},"excerpt":{"rendered":"<p>Este lujoso coj\u00edn de jard\u00edn est\u00e1 disponible en distintos colores y tama\u00f1os, por lo que es adecuado para la Original Bear Chair\u00ae, la Royal Bear Chair\u00ae y la Grizzly Bear Chair\u00ae. El coj\u00edn de jard\u00edn es de alta calidad, no desti\u00f1e y es lavable, y ofrece mucha comodidad con un grosor de 3 cm. <\/p>\n","protected":false},"featured_media":15074,"template":"","meta":[],"product_brand":[],"product_cat":[315],"product_tag":[],"class_list":{"0":"post-17255","1":"product","2":"type-product","3":"status-publish","4":"has-post-thumbnail","6":"product_cat-cojines","8":"first","9":"instock","10":"taxable","11":"shipping-taxable","12":"purchasable","13":"product-type-variable"},"yoast_head":"<!-- This site is optimized with the Yoast SEO plugin v27.2 - https:\/\/yoast.com\/product\/yoast-seo-wordpress\/ -->\n<title>Coj\u00edn de jard\u00edn de lujo para tumbonas Bear Chair - The Bear Chair\u00ae<\/title>\n<meta name=\"description\" content=\"Compra un coj\u00edn de calidad superior para tu Bear Chair. Un c\u00f3modo coj\u00edn de calidad superior para tu silla de jard\u00edn Bear Chair. No desti\u00f1e y es lavable.\" \/>\n<meta name=\"robots\" content=\"index, follow, max-snippet:-1, max-image-preview:large, max-video-preview:-1\" \/>\n<link rel=\"canonical\" href=\"https:\/\/bearchair.eu\/es\/cojines\/cojin-de-jardin-de-lujo-para-tumbonas\/\" \/>\n<meta property=\"og:locale\" content=\"es_ES\" \/>\n<meta property=\"og:type\" content=\"article\" \/>\n<meta property=\"og:title\" content=\"Coj\u00edn de jard\u00edn de lujo para tumbonas Bear Chair - The Bear Chair\u00ae\" \/>\n<meta property=\"og:description\" content=\"Compra un coj\u00edn de calidad superior para tu Bear Chair. Un c\u00f3modo coj\u00edn de calidad superior para tu silla de jard\u00edn Bear Chair. No desti\u00f1e y es lavable.\" \/>\n<meta property=\"og:url\" content=\"https:\/\/bearchair.eu\/es\/cojines\/cojin-de-jardin-de-lujo-para-tumbonas\/\" \/>\n<meta property=\"og:site_name\" content=\"The Bear Chair\u00ae\" \/>\n<meta property=\"article:modified_time\" content=\"2025-05-01T13:01:49+00:00\" \/>\n<meta property=\"og:image\" content=\"https:\/\/bearchair.eu\/wp-content\/uploads\/2024\/05\/Blauw-kussen-1-scaled.jpg\" \/>\n\t<meta property=\"og:image:width\" content=\"2560\" \/>\n\t<meta property=\"og:image:height\" content=\"2102\" \/>\n\t<meta property=\"og:image:type\" content=\"image\/jpeg\" \/>\n<meta name=\"twitter:card\" content=\"summary_large_image\" \/>\n<meta name=\"twitter:label1\" content=\"Tiempo de lectura\" \/>\n\t<meta name=\"twitter:data1\" content=\"1 minuto\" \/>\n<script type=\"application\/ld+json\" class=\"yoast-schema-graph\">{\"@context\":\"https:\/\/schema.org\",\"@graph\":[{\"@type\":\"WebPage\",\"@id\":\"https:\/\/bearchair.eu\/es\/cojines\/cojin-de-jardin-de-lujo-para-tumbonas\/\",\"url\":\"https:\/\/bearchair.eu\/es\/cojines\/cojin-de-jardin-de-lujo-para-tumbonas\/\",\"name\":\"Coj\u00edn de jard\u00edn de lujo para tumbonas Bear Chair - The Bear Chair\u00ae\",\"isPartOf\":{\"@id\":\"https:\/\/bearchair.eu\/es\/#website\"},\"primaryImageOfPage\":{\"@id\":\"https:\/\/bearchair.eu\/es\/cojines\/cojin-de-jardin-de-lujo-para-tumbonas\/#primaryimage\"},\"image\":{\"@id\":\"https:\/\/bearchair.eu\/es\/cojines\/cojin-de-jardin-de-lujo-para-tumbonas\/#primaryimage\"},\"thumbnailUrl\":\"https:\/\/bearchair.eu\/wp-content\/uploads\/2024\/05\/Blauw-kussen-1-scaled.jpg\",\"datePublished\":\"2018-04-06T08:28:00+00:00\",\"dateModified\":\"2025-05-01T13:01:49+00:00\",\"description\":\"Compra un coj\u00edn de calidad superior para tu Bear Chair. Un c\u00f3modo coj\u00edn de calidad superior para tu silla de jard\u00edn Bear Chair. No desti\u00f1e y es lavable.\",\"breadcrumb\":{\"@id\":\"https:\/\/bearchair.eu\/es\/cojines\/cojin-de-jardin-de-lujo-para-tumbonas\/#breadcrumb\"},\"inLanguage\":\"es\",\"potentialAction\":[{\"@type\":\"ReadAction\",\"target\":[\"https:\/\/bearchair.eu\/es\/cojines\/cojin-de-jardin-de-lujo-para-tumbonas\/\"]}]},{\"@type\":\"ImageObject\",\"inLanguage\":\"es\",\"@id\":\"https:\/\/bearchair.eu\/es\/cojines\/cojin-de-jardin-de-lujo-para-tumbonas\/#primaryimage\",\"url\":\"https:\/\/bearchair.eu\/wp-content\/uploads\/2024\/05\/Blauw-kussen-1-scaled.jpg\",\"contentUrl\":\"https:\/\/bearchair.eu\/wp-content\/uploads\/2024\/05\/Blauw-kussen-1-scaled.jpg\",\"width\":2560,\"height\":2102},{\"@type\":\"BreadcrumbList\",\"@id\":\"https:\/\/bearchair.eu\/es\/cojines\/cojin-de-jardin-de-lujo-para-tumbonas\/#breadcrumb\",\"itemListElement\":[{\"@type\":\"ListItem\",\"position\":1,\"name\":\"Inicio\",\"item\":\"https:\/\/bearchair.eu\/es\/inicio\/\"},{\"@type\":\"ListItem\",\"position\":2,\"name\":\"Tienda\",\"item\":\"https:\/\/bearchair.eu\/es\/tienda\/\"},{\"@type\":\"ListItem\",\"position\":3,\"name\":\"Coj\u00edn de jard\u00edn de lujo para tumbonas Bear Chair\"}]},{\"@type\":\"WebSite\",\"@id\":\"https:\/\/bearchair.eu\/es\/#website\",\"url\":\"https:\/\/bearchair.eu\/es\/\",\"name\":\"The Bear Chair\",\"description\":\"\",\"publisher\":{\"@id\":\"https:\/\/bearchair.eu\/es\/#organization\"},\"potentialAction\":[{\"@type\":\"SearchAction\",\"target\":{\"@type\":\"EntryPoint\",\"urlTemplate\":\"https:\/\/bearchair.eu\/es\/?s={search_term_string}\"},\"query-input\":{\"@type\":\"PropertyValueSpecification\",\"valueRequired\":true,\"valueName\":\"search_term_string\"}}],\"inLanguage\":\"es\"},{\"@type\":\"Organization\",\"@id\":\"https:\/\/bearchair.eu\/es\/#organization\",\"name\":\"La Silla del Oso\",\"url\":\"https:\/\/bearchair.eu\/es\/\",\"logo\":{\"@type\":\"ImageObject\",\"inLanguage\":\"es\",\"@id\":\"https:\/\/bearchair.eu\/es\/#\/schema\/logo\/image\/\",\"url\":\"https:\/\/new.bearchair.eu\/wp-content\/uploads\/2024\/05\/BearChairIcon.png\",\"contentUrl\":\"https:\/\/new.bearchair.eu\/wp-content\/uploads\/2024\/05\/BearChairIcon.png\",\"width\":512,\"height\":512,\"caption\":\"La Silla del Oso\"},\"image\":{\"@id\":\"https:\/\/bearchair.eu\/es\/#\/schema\/logo\/image\/\"}}]}<\/script>\n<!-- \/ Yoast SEO plugin. -->","yoast_head_json":{"title":"Coj\u00edn de jard\u00edn de lujo para tumbonas Bear Chair - The Bear Chair\u00ae","description":"Compra un coj\u00edn de calidad superior para tu Bear Chair. Un c\u00f3modo coj\u00edn de calidad superior para tu silla de jard\u00edn Bear Chair. No desti\u00f1e y es lavable.","robots":{"index":"index","follow":"follow","max-snippet":"max-snippet:-1","max-image-preview":"max-image-preview:large","max-video-preview":"max-video-preview:-1"},"canonical":"https:\/\/bearchair.eu\/es\/cojines\/cojin-de-jardin-de-lujo-para-tumbonas\/","og_locale":"es_ES","og_type":"article","og_title":"Coj\u00edn de jard\u00edn de lujo para tumbonas Bear Chair - The Bear Chair\u00ae","og_description":"Compra un coj\u00edn de calidad superior para tu Bear Chair. Un c\u00f3modo coj\u00edn de calidad superior para tu silla de jard\u00edn Bear Chair. No desti\u00f1e y es lavable.","og_url":"https:\/\/bearchair.eu\/es\/cojines\/cojin-de-jardin-de-lujo-para-tumbonas\/","og_site_name":"The Bear Chair\u00ae","article_modified_time":"2025-05-01T13:01:49+00:00","og_image":[{"width":2560,"height":2102,"url":"https:\/\/bearchair.eu\/wp-content\/uploads\/2024\/05\/Blauw-kussen-1-scaled.jpg","type":"image\/jpeg"}],"twitter_card":"summary_large_image","twitter_misc":{"Tiempo de lectura":"1 minuto"},"schema":{"@context":"https:\/\/schema.org","@graph":[{"@type":"WebPage","@id":"https:\/\/bearchair.eu\/es\/cojines\/cojin-de-jardin-de-lujo-para-tumbonas\/","url":"https:\/\/bearchair.eu\/es\/cojines\/cojin-de-jardin-de-lujo-para-tumbonas\/","name":"Coj\u00edn de jard\u00edn de lujo para tumbonas Bear Chair - The Bear Chair\u00ae","isPartOf":{"@id":"https:\/\/bearchair.eu\/es\/#website"},"primaryImageOfPage":{"@id":"https:\/\/bearchair.eu\/es\/cojines\/cojin-de-jardin-de-lujo-para-tumbonas\/#primaryimage"},"image":{"@id":"https:\/\/bearchair.eu\/es\/cojines\/cojin-de-jardin-de-lujo-para-tumbonas\/#primaryimage"},"thumbnailUrl":"https:\/\/bearchair.eu\/wp-content\/uploads\/2024\/05\/Blauw-kussen-1-scaled.jpg","datePublished":"2018-04-06T08:28:00+00:00","dateModified":"2025-05-01T13:01:49+00:00","description":"Compra un coj\u00edn de calidad superior para tu Bear Chair. Un c\u00f3modo coj\u00edn de calidad superior para tu silla de jard\u00edn Bear Chair. No desti\u00f1e y es lavable.","breadcrumb":{"@id":"https:\/\/bearchair.eu\/es\/cojines\/cojin-de-jardin-de-lujo-para-tumbonas\/#breadcrumb"},"inLanguage":"es","potentialAction":[{"@type":"ReadAction","target":["https:\/\/bearchair.eu\/es\/cojines\/cojin-de-jardin-de-lujo-para-tumbonas\/"]}]},{"@type":"ImageObject","inLanguage":"es","@id":"https:\/\/bearchair.eu\/es\/cojines\/cojin-de-jardin-de-lujo-para-tumbonas\/#primaryimage","url":"https:\/\/bearchair.eu\/wp-content\/uploads\/2024\/05\/Blauw-kussen-1-scaled.jpg","contentUrl":"https:\/\/bearchair.eu\/wp-content\/uploads\/2024\/05\/Blauw-kussen-1-scaled.jpg","width":2560,"height":2102},{"@type":"BreadcrumbList","@id":"https:\/\/bearchair.eu\/es\/cojines\/cojin-de-jardin-de-lujo-para-tumbonas\/#breadcrumb","itemListElement":[{"@type":"ListItem","position":1,"name":"Inicio","item":"https:\/\/bearchair.eu\/es\/inicio\/"},{"@type":"ListItem","position":2,"name":"Tienda","item":"https:\/\/bearchair.eu\/es\/tienda\/"},{"@type":"ListItem","position":3,"name":"Coj\u00edn de jard\u00edn de lujo para tumbonas Bear Chair"}]},{"@type":"WebSite","@id":"https:\/\/bearchair.eu\/es\/#website","url":"https:\/\/bearchair.eu\/es\/","name":"The Bear Chair","description":"","publisher":{"@id":"https:\/\/bearchair.eu\/es\/#organization"},"potentialAction":[{"@type":"SearchAction","target":{"@type":"EntryPoint","urlTemplate":"https:\/\/bearchair.eu\/es\/?s={search_term_string}"},"query-input":{"@type":"PropertyValueSpecification","valueRequired":true,"valueName":"search_term_string"}}],"inLanguage":"es"},{"@type":"Organization","@id":"https:\/\/bearchair.eu\/es\/#organization","name":"La Silla del Oso","url":"https:\/\/bearchair.eu\/es\/","logo":{"@type":"ImageObject","inLanguage":"es","@id":"https:\/\/bearchair.eu\/es\/#\/schema\/logo\/image\/","url":"https:\/\/new.bearchair.eu\/wp-content\/uploads\/2024\/05\/BearChairIcon.png","contentUrl":"https:\/\/new.bearchair.eu\/wp-content\/uploads\/2024\/05\/BearChairIcon.png","width":512,"height":512,"caption":"La Silla del Oso"},"image":{"@id":"https:\/\/bearchair.eu\/es\/#\/schema\/logo\/image\/"}}]}},"_links":{"self":[{"href":"https:\/\/bearchair.eu\/es\/wp-json\/wp\/v2\/product\/17255","targetHints":{"allow":["GET"]}}],"collection":[{"href":"https:\/\/bearchair.eu\/es\/wp-json\/wp\/v2\/product"}],"about":[{"href":"https:\/\/bearchair.eu\/es\/wp-json\/wp\/v2\/types\/product"}],"wp:featuredmedia":[{"embeddable":true,"href":"https:\/\/bearchair.eu\/es\/wp-json\/wp\/v2\/media\/15074"}],"wp:attachment":[{"href":"https:\/\/bearchair.eu\/es\/wp-json\/wp\/v2\/media?parent=17255"}],"wp:term":[{"taxonomy":"product_brand","embeddable":true,"href":"https:\/\/bearchair.eu\/es\/wp-json\/wp\/v2\/product_brand?post=17255"},{"taxonomy":"product_cat","embeddable":true,"href":"https:\/\/bearchair.eu\/es\/wp-json\/wp\/v2\/product_cat?post=17255"},{"taxonomy":"product_tag","embeddable":true,"href":"https:\/\/bearchair.eu\/es\/wp-json\/wp\/v2\/product_tag?post=17255"}],"curies":[{"name":"wp","href":"https:\/\/api.w.org\/{rel}","templated":true}]}}