{"id":18332,"date":"2024-05-03T10:09:46","date_gmt":"2024-05-03T10:09:46","guid":{"rendered":"https:\/\/bearchair.eu\/sin%20categor\u00eda\/rincon-tete-a-tete-con-2-reposapies\/"},"modified":"2025-05-01T12:18:17","modified_gmt":"2025-05-01T12:18:17","slug":"rincon-tete-a-tete-con-2-reposapies","status":"publish","type":"product","link":"https:\/\/bearchair.eu\/es\/combinaciones\/rincon-tete-a-tete-con-2-reposapies\/","title":{"rendered":"Bear Chair\u00ae esquina T\u00eate-\u00e0-t\u00eate con 2 reposapi\u00e9s"},"content":{"rendered":"<p>Con la esquina Bear Chair\u00ae T\u00eate-\u00e0-t\u00eate, pod\u00e9is sentaros juntos al aire libre con toda comodidad. Los reposapi\u00e9s incluidos proporcionan a\u00fan m\u00e1s comodidad. \u00bfNecesitas una copa?  <\/p>\n<p><strong>Dimensiones:<\/strong><\/p>\n<p><strong>Esquina T\u00eate-\u00e0-t\u00eate:<\/strong><\/p>\n<ul>\n<li>Altura 93 cm<\/li>\n<li>Anchura 185 cm<\/li>\n<li>Profundidad 95 cm<\/li>\n<\/ul>\n<p><strong>Peso:<\/strong> 25 kg<\/p>\n<p><strong>Reposapi\u00e9s:  <\/strong><\/p>\n<ul>\n<li>Altura: 33 cm<\/li>\n<li>Anchura: 46 cm<\/li>\n<li>Profundidad: 44 cm<\/li>\n<\/ul>\n<p><strong>Peso:<\/strong> 3 kg<\/p>\n<p><strong>Montaje:<\/strong> Este conjunto est\u00e1 disponible en tres tipos de envases:<\/p>\n<ul>\n<li><strong>Kit:<\/strong> Recibes todos los materiales para montar el conjunto t\u00fa solo. El kit incluye las lamas, tornillos, cola y, por supuesto, instrucciones detalladas de montaje. <\/li>\n<li><strong>Premontado:<\/strong> El set ya est\u00e1 parcialmente montado, el resto tienes que montarlo t\u00fa mismo. Por supuesto, se incluyen todos los materiales y las instrucciones de montaje. <\/li>\n<li><strong>Completamente montado:<\/strong> El conjunto ya est\u00e1 totalmente montado. Nuestro propio servicio de transporte te lo entrega ya montado. Ten en cuenta que en este caso los costes pueden ser m\u00e1s elevados.  <\/li>\n<\/ul>\n","protected":false},"excerpt":{"rendered":"<p>Sentarse c\u00f3modamente juntos al aire libre es perfecto en el rinc\u00f3n Bear Chair\u00ae T\u00eate-\u00e0-t\u00eate. Los reposapi\u00e9s incluidos proporcionan a\u00fan m\u00e1s comodidad. <\/p>\n","protected":false},"featured_media":15624,"template":"","meta":[],"product_brand":[],"product_cat":[289],"product_tag":[],"class_list":{"0":"post-18332","1":"product","2":"type-product","3":"status-publish","4":"has-post-thumbnail","6":"product_cat-combinaciones","8":"first","9":"instock","10":"sale","11":"taxable","12":"shipping-taxable","13":"purchasable","14":"product-type-variable"},"yoast_head":"<!-- This site is optimized with the Yoast SEO plugin v27.2 - https:\/\/yoast.com\/product\/yoast-seo-wordpress\/ -->\n<title>Bear Chair\u00ae esquina T\u00eate-\u00e0-t\u00eate con 2 reposapi\u00e9s - The Bear Chair\u00ae<\/title>\n<meta name=\"description\" content=\"Tienda El T\u00eate-\u00e0-t\u00eate Bear Chair\u00ae con 2 reposapi\u00e9s. Se disfruta mejor en pareja, preferiblemente t\u00eate-\u00e0-t\u00eate.\" \/>\n<meta name=\"robots\" content=\"index, follow, max-snippet:-1, max-image-preview:large, max-video-preview:-1\" \/>\n<link rel=\"canonical\" href=\"https:\/\/bearchair.eu\/es\/combinaciones\/rincon-tete-a-tete-con-2-reposapies\/\" \/>\n<meta property=\"og:locale\" content=\"es_ES\" \/>\n<meta property=\"og:type\" content=\"article\" \/>\n<meta property=\"og:title\" content=\"Bear Chair\u00ae esquina T\u00eate-\u00e0-t\u00eate con 2 reposapi\u00e9s - The Bear Chair\u00ae\" \/>\n<meta property=\"og:description\" content=\"Tienda El T\u00eate-\u00e0-t\u00eate Bear Chair\u00ae con 2 reposapi\u00e9s. Se disfruta mejor en pareja, preferiblemente t\u00eate-\u00e0-t\u00eate.\" \/>\n<meta property=\"og:url\" content=\"https:\/\/bearchair.eu\/es\/combinaciones\/rincon-tete-a-tete-con-2-reposapies\/\" \/>\n<meta property=\"og:site_name\" content=\"The Bear Chair\u00ae\" \/>\n<meta property=\"article:modified_time\" content=\"2025-05-01T12:18:17+00:00\" \/>\n<meta property=\"og:image\" content=\"https:\/\/bearchair.eu\/wp-content\/uploads\/2024\/05\/Untitled-design-8.png\" \/>\n\t<meta property=\"og:image:width\" content=\"720\" \/>\n\t<meta property=\"og:image:height\" content=\"960\" \/>\n\t<meta property=\"og:image:type\" content=\"image\/png\" \/>\n<meta name=\"twitter:card\" content=\"summary_large_image\" \/>\n<meta name=\"twitter:label1\" content=\"Tiempo de lectura\" \/>\n\t<meta name=\"twitter:data1\" content=\"1 minuto\" \/>\n<script type=\"application\/ld+json\" class=\"yoast-schema-graph\">{\"@context\":\"https:\/\/schema.org\",\"@graph\":[{\"@type\":\"WebPage\",\"@id\":\"https:\/\/bearchair.eu\/es\/combinaciones\/rincon-tete-a-tete-con-2-reposapies\/\",\"url\":\"https:\/\/bearchair.eu\/es\/combinaciones\/rincon-tete-a-tete-con-2-reposapies\/\",\"name\":\"Bear Chair\u00ae esquina T\u00eate-\u00e0-t\u00eate con 2 reposapi\u00e9s - The Bear Chair\u00ae\",\"isPartOf\":{\"@id\":\"https:\/\/bearchair.eu\/es\/#website\"},\"primaryImageOfPage\":{\"@id\":\"https:\/\/bearchair.eu\/es\/combinaciones\/rincon-tete-a-tete-con-2-reposapies\/#primaryimage\"},\"image\":{\"@id\":\"https:\/\/bearchair.eu\/es\/combinaciones\/rincon-tete-a-tete-con-2-reposapies\/#primaryimage\"},\"thumbnailUrl\":\"https:\/\/bearchair.eu\/wp-content\/uploads\/2024\/05\/Untitled-design-8.png\",\"datePublished\":\"2024-05-03T10:09:46+00:00\",\"dateModified\":\"2025-05-01T12:18:17+00:00\",\"description\":\"Tienda El T\u00eate-\u00e0-t\u00eate Bear Chair\u00ae con 2 reposapi\u00e9s. Se disfruta mejor en pareja, preferiblemente t\u00eate-\u00e0-t\u00eate.\",\"breadcrumb\":{\"@id\":\"https:\/\/bearchair.eu\/es\/combinaciones\/rincon-tete-a-tete-con-2-reposapies\/#breadcrumb\"},\"inLanguage\":\"es\",\"potentialAction\":[{\"@type\":\"ReadAction\",\"target\":[\"https:\/\/bearchair.eu\/es\/combinaciones\/rincon-tete-a-tete-con-2-reposapies\/\"]}]},{\"@type\":\"ImageObject\",\"inLanguage\":\"es\",\"@id\":\"https:\/\/bearchair.eu\/es\/combinaciones\/rincon-tete-a-tete-con-2-reposapies\/#primaryimage\",\"url\":\"https:\/\/bearchair.eu\/wp-content\/uploads\/2024\/05\/Untitled-design-8.png\",\"contentUrl\":\"https:\/\/bearchair.eu\/wp-content\/uploads\/2024\/05\/Untitled-design-8.png\",\"width\":720,\"height\":960},{\"@type\":\"BreadcrumbList\",\"@id\":\"https:\/\/bearchair.eu\/es\/combinaciones\/rincon-tete-a-tete-con-2-reposapies\/#breadcrumb\",\"itemListElement\":[{\"@type\":\"ListItem\",\"position\":1,\"name\":\"Home\",\"item\":\"https:\/\/bearchair.eu\/es\/inicio\/\"},{\"@type\":\"ListItem\",\"position\":2,\"name\":\"Tienda\",\"item\":\"https:\/\/bearchair.eu\/es\/tienda\/\"},{\"@type\":\"ListItem\",\"position\":3,\"name\":\"Bear Chair\u00ae esquina T\u00eate-\u00e0-t\u00eate con 2 reposapi\u00e9s\"}]},{\"@type\":\"WebSite\",\"@id\":\"https:\/\/bearchair.eu\/es\/#website\",\"url\":\"https:\/\/bearchair.eu\/es\/\",\"name\":\"The Bear Chair\",\"description\":\"\",\"publisher\":{\"@id\":\"https:\/\/bearchair.eu\/es\/#organization\"},\"potentialAction\":[{\"@type\":\"SearchAction\",\"target\":{\"@type\":\"EntryPoint\",\"urlTemplate\":\"https:\/\/bearchair.eu\/es\/?s={search_term_string}\"},\"query-input\":{\"@type\":\"PropertyValueSpecification\",\"valueRequired\":true,\"valueName\":\"search_term_string\"}}],\"inLanguage\":\"es\"},{\"@type\":\"Organization\",\"@id\":\"https:\/\/bearchair.eu\/es\/#organization\",\"name\":\"La Silla del Oso\",\"url\":\"https:\/\/bearchair.eu\/es\/\",\"logo\":{\"@type\":\"ImageObject\",\"inLanguage\":\"es\",\"@id\":\"https:\/\/bearchair.eu\/es\/#\/schema\/logo\/image\/\",\"url\":\"https:\/\/new.bearchair.eu\/wp-content\/uploads\/2024\/05\/BearChairIcon.png\",\"contentUrl\":\"https:\/\/new.bearchair.eu\/wp-content\/uploads\/2024\/05\/BearChairIcon.png\",\"width\":512,\"height\":512,\"caption\":\"La Silla del Oso\"},\"image\":{\"@id\":\"https:\/\/bearchair.eu\/es\/#\/schema\/logo\/image\/\"}}]}<\/script>\n<!-- \/ Yoast SEO plugin. -->","yoast_head_json":{"title":"Bear Chair\u00ae esquina T\u00eate-\u00e0-t\u00eate con 2 reposapi\u00e9s - The Bear Chair\u00ae","description":"Tienda El T\u00eate-\u00e0-t\u00eate Bear Chair\u00ae con 2 reposapi\u00e9s. Se disfruta mejor en pareja, preferiblemente t\u00eate-\u00e0-t\u00eate.","robots":{"index":"index","follow":"follow","max-snippet":"max-snippet:-1","max-image-preview":"max-image-preview:large","max-video-preview":"max-video-preview:-1"},"canonical":"https:\/\/bearchair.eu\/es\/combinaciones\/rincon-tete-a-tete-con-2-reposapies\/","og_locale":"es_ES","og_type":"article","og_title":"Bear Chair\u00ae esquina T\u00eate-\u00e0-t\u00eate con 2 reposapi\u00e9s - The Bear Chair\u00ae","og_description":"Tienda El T\u00eate-\u00e0-t\u00eate Bear Chair\u00ae con 2 reposapi\u00e9s. Se disfruta mejor en pareja, preferiblemente t\u00eate-\u00e0-t\u00eate.","og_url":"https:\/\/bearchair.eu\/es\/combinaciones\/rincon-tete-a-tete-con-2-reposapies\/","og_site_name":"The Bear Chair\u00ae","article_modified_time":"2025-05-01T12:18:17+00:00","og_image":[{"width":720,"height":960,"url":"https:\/\/bearchair.eu\/wp-content\/uploads\/2024\/05\/Untitled-design-8.png","type":"image\/png"}],"twitter_card":"summary_large_image","twitter_misc":{"Tiempo de lectura":"1 minuto"},"schema":{"@context":"https:\/\/schema.org","@graph":[{"@type":"WebPage","@id":"https:\/\/bearchair.eu\/es\/combinaciones\/rincon-tete-a-tete-con-2-reposapies\/","url":"https:\/\/bearchair.eu\/es\/combinaciones\/rincon-tete-a-tete-con-2-reposapies\/","name":"Bear Chair\u00ae esquina T\u00eate-\u00e0-t\u00eate con 2 reposapi\u00e9s - The Bear Chair\u00ae","isPartOf":{"@id":"https:\/\/bearchair.eu\/es\/#website"},"primaryImageOfPage":{"@id":"https:\/\/bearchair.eu\/es\/combinaciones\/rincon-tete-a-tete-con-2-reposapies\/#primaryimage"},"image":{"@id":"https:\/\/bearchair.eu\/es\/combinaciones\/rincon-tete-a-tete-con-2-reposapies\/#primaryimage"},"thumbnailUrl":"https:\/\/bearchair.eu\/wp-content\/uploads\/2024\/05\/Untitled-design-8.png","datePublished":"2024-05-03T10:09:46+00:00","dateModified":"2025-05-01T12:18:17+00:00","description":"Tienda El T\u00eate-\u00e0-t\u00eate Bear Chair\u00ae con 2 reposapi\u00e9s. Se disfruta mejor en pareja, preferiblemente t\u00eate-\u00e0-t\u00eate.","breadcrumb":{"@id":"https:\/\/bearchair.eu\/es\/combinaciones\/rincon-tete-a-tete-con-2-reposapies\/#breadcrumb"},"inLanguage":"es","potentialAction":[{"@type":"ReadAction","target":["https:\/\/bearchair.eu\/es\/combinaciones\/rincon-tete-a-tete-con-2-reposapies\/"]}]},{"@type":"ImageObject","inLanguage":"es","@id":"https:\/\/bearchair.eu\/es\/combinaciones\/rincon-tete-a-tete-con-2-reposapies\/#primaryimage","url":"https:\/\/bearchair.eu\/wp-content\/uploads\/2024\/05\/Untitled-design-8.png","contentUrl":"https:\/\/bearchair.eu\/wp-content\/uploads\/2024\/05\/Untitled-design-8.png","width":720,"height":960},{"@type":"BreadcrumbList","@id":"https:\/\/bearchair.eu\/es\/combinaciones\/rincon-tete-a-tete-con-2-reposapies\/#breadcrumb","itemListElement":[{"@type":"ListItem","position":1,"name":"Home","item":"https:\/\/bearchair.eu\/es\/inicio\/"},{"@type":"ListItem","position":2,"name":"Tienda","item":"https:\/\/bearchair.eu\/es\/tienda\/"},{"@type":"ListItem","position":3,"name":"Bear Chair\u00ae esquina T\u00eate-\u00e0-t\u00eate con 2 reposapi\u00e9s"}]},{"@type":"WebSite","@id":"https:\/\/bearchair.eu\/es\/#website","url":"https:\/\/bearchair.eu\/es\/","name":"The Bear Chair","description":"","publisher":{"@id":"https:\/\/bearchair.eu\/es\/#organization"},"potentialAction":[{"@type":"SearchAction","target":{"@type":"EntryPoint","urlTemplate":"https:\/\/bearchair.eu\/es\/?s={search_term_string}"},"query-input":{"@type":"PropertyValueSpecification","valueRequired":true,"valueName":"search_term_string"}}],"inLanguage":"es"},{"@type":"Organization","@id":"https:\/\/bearchair.eu\/es\/#organization","name":"La Silla del Oso","url":"https:\/\/bearchair.eu\/es\/","logo":{"@type":"ImageObject","inLanguage":"es","@id":"https:\/\/bearchair.eu\/es\/#\/schema\/logo\/image\/","url":"https:\/\/new.bearchair.eu\/wp-content\/uploads\/2024\/05\/BearChairIcon.png","contentUrl":"https:\/\/new.bearchair.eu\/wp-content\/uploads\/2024\/05\/BearChairIcon.png","width":512,"height":512,"caption":"La Silla del Oso"},"image":{"@id":"https:\/\/bearchair.eu\/es\/#\/schema\/logo\/image\/"}}]}},"_links":{"self":[{"href":"https:\/\/bearchair.eu\/es\/wp-json\/wp\/v2\/product\/18332","targetHints":{"allow":["GET"]}}],"collection":[{"href":"https:\/\/bearchair.eu\/es\/wp-json\/wp\/v2\/product"}],"about":[{"href":"https:\/\/bearchair.eu\/es\/wp-json\/wp\/v2\/types\/product"}],"wp:featuredmedia":[{"embeddable":true,"href":"https:\/\/bearchair.eu\/es\/wp-json\/wp\/v2\/media\/15624"}],"wp:attachment":[{"href":"https:\/\/bearchair.eu\/es\/wp-json\/wp\/v2\/media?parent=18332"}],"wp:term":[{"taxonomy":"product_brand","embeddable":true,"href":"https:\/\/bearchair.eu\/es\/wp-json\/wp\/v2\/product_brand?post=18332"},{"taxonomy":"product_cat","embeddable":true,"href":"https:\/\/bearchair.eu\/es\/wp-json\/wp\/v2\/product_cat?post=18332"},{"taxonomy":"product_tag","embeddable":true,"href":"https:\/\/bearchair.eu\/es\/wp-json\/wp\/v2\/product_tag?post=18332"}],"curies":[{"name":"wp","href":"https:\/\/api.w.org\/{rel}","templated":true}]}}