{"id":18352,"date":"2024-05-03T10:09:45","date_gmt":"2024-05-03T10:09:45","guid":{"rendered":"https:\/\/bearchair.eu\/sin%20categor\u00eda\/loveseat\/"},"modified":"2025-04-25T09:58:12","modified_gmt":"2025-04-25T09:58:12","slug":"loveseat","status":"publish","type":"product","link":"https:\/\/bearchair.eu\/es\/sillas\/loveseat\/","title":{"rendered":"Bear Chair\u00ae Loveseat"},"content":{"rendered":"<p>Rom\u00e1ntico, s\u00f3lo vosotros dos juntos. Este loveseat es acogedor y superc\u00f3modo, como te tienen acostumbrado los sillones Bear Chair\u00ae. \u00bfCon qui\u00e9n te sentar\u00e1s aqu\u00ed?  <\/p>\n<p><strong>Dimensiones:<\/strong><\/p>\n<ul>\n<li>Altura: 93 cm<\/li>\n<li>Anchura: 130 cm<\/li>\n<li>Profundidad: 56 cm<\/li>\n<\/ul>\n<p><strong>Peso:<\/strong> 20 kg<\/p>\n<p><strong>Montaje:<\/strong> El loveseat Bear Chair\u00ae est\u00e1 disponible en tres tipos de paquetes:<\/p>\n<ul>\n<li><strong>Kit:<\/strong> Recibes todos los materiales para montar la silla t\u00fa solo. El kit incluye los listones, tornillos, cola y, por supuesto, instrucciones detalladas de montaje. <\/li>\n<li><strong>Premontado:<\/strong> El respaldo y el asiento est\u00e1n premontados, el resto debes montarlo t\u00fa mismo. Por supuesto, se incluyen todos los materiales y las instrucciones de montaje. <\/li>\n<li><strong>Totalmente montada:<\/strong> La silla ya est\u00e1 totalmente montada. Nuestro propio servicio de transporte te la entrega ya montada. Ten en cuenta que esto puede suponer un coste mayor.  <\/li>\n<\/ul>\n","protected":false},"excerpt":{"rendered":"<p>\u00bfQu\u00e9 puede haber mejor que sentarse en el jard\u00edn a solas? Sabemos la respuesta: \u00a1vosotros dos, por supuesto! Este loveseat Bear Chair\u00ae es el sill\u00f3n rom\u00e1ntico ideal para tu jard\u00edn.  <\/p>\n","protected":false},"featured_media":16182,"template":"","meta":[],"product_brand":[],"product_cat":[262],"product_tag":[],"class_list":{"0":"post-18352","1":"product","2":"type-product","3":"status-publish","4":"has-post-thumbnail","6":"product_cat-sillas","8":"first","9":"instock","10":"taxable","11":"shipping-taxable","12":"purchasable","13":"product-type-variable"},"yoast_head":"<!-- This site is optimized with the Yoast SEO plugin v27.2 - https:\/\/yoast.com\/product\/yoast-seo-wordpress\/ -->\n<title>Bear Chair\u00ae Loveseat - The Bear Chair\u00ae<\/title>\n<meta name=\"robots\" content=\"index, follow, max-snippet:-1, max-image-preview:large, max-video-preview:-1\" \/>\n<link rel=\"canonical\" href=\"https:\/\/bearchair.eu\/es\/sillas\/loveseat\/\" \/>\n<meta property=\"og:locale\" content=\"es_ES\" \/>\n<meta property=\"og:type\" content=\"article\" \/>\n<meta property=\"og:title\" content=\"Bear Chair\u00ae Loveseat - The Bear Chair\u00ae\" \/>\n<meta property=\"og:description\" content=\"\u00bfQu\u00e9 puede haber mejor que sentarse en el jard\u00edn a solas? Sabemos la respuesta: \u00a1vosotros dos, por supuesto! Este loveseat Bear Chair\u00ae es el sill\u00f3n rom\u00e1ntico ideal para tu jard\u00edn.\" \/>\n<meta property=\"og:url\" content=\"https:\/\/bearchair.eu\/es\/sillas\/loveseat\/\" \/>\n<meta property=\"og:site_name\" content=\"The Bear Chair\u00ae\" \/>\n<meta property=\"article:modified_time\" content=\"2025-04-25T09:58:12+00:00\" \/>\n<meta property=\"og:image\" content=\"https:\/\/bearchair.eu\/wp-content\/uploads\/2024\/05\/Love-Seat-Kanaal-scaled-e1726671870197.jpg\" \/>\n\t<meta property=\"og:image:width\" content=\"1497\" \/>\n\t<meta property=\"og:image:height\" content=\"1437\" \/>\n\t<meta property=\"og:image:type\" content=\"image\/jpeg\" \/>\n<meta name=\"twitter:card\" content=\"summary_large_image\" \/>\n<meta name=\"twitter:label1\" content=\"Tiempo de lectura\" \/>\n\t<meta name=\"twitter:data1\" content=\"1 minuto\" \/>\n<script type=\"application\/ld+json\" class=\"yoast-schema-graph\">{\"@context\":\"https:\/\/schema.org\",\"@graph\":[{\"@type\":\"WebPage\",\"@id\":\"https:\/\/bearchair.eu\/es\/sillas\/loveseat\/\",\"url\":\"https:\/\/bearchair.eu\/es\/sillas\/loveseat\/\",\"name\":\"Bear Chair\u00ae Loveseat - The Bear Chair\u00ae\",\"isPartOf\":{\"@id\":\"https:\/\/bearchair.eu\/es\/#website\"},\"primaryImageOfPage\":{\"@id\":\"https:\/\/bearchair.eu\/es\/sillas\/loveseat\/#primaryimage\"},\"image\":{\"@id\":\"https:\/\/bearchair.eu\/es\/sillas\/loveseat\/#primaryimage\"},\"thumbnailUrl\":\"https:\/\/bearchair.eu\/wp-content\/uploads\/2024\/05\/Love-Seat-Kanaal-scaled-e1726671870197.jpg\",\"datePublished\":\"2024-05-03T10:09:45+00:00\",\"dateModified\":\"2025-04-25T09:58:12+00:00\",\"breadcrumb\":{\"@id\":\"https:\/\/bearchair.eu\/es\/sillas\/loveseat\/#breadcrumb\"},\"inLanguage\":\"es\",\"potentialAction\":[{\"@type\":\"ReadAction\",\"target\":[\"https:\/\/bearchair.eu\/es\/sillas\/loveseat\/\"]}]},{\"@type\":\"ImageObject\",\"inLanguage\":\"es\",\"@id\":\"https:\/\/bearchair.eu\/es\/sillas\/loveseat\/#primaryimage\",\"url\":\"https:\/\/bearchair.eu\/wp-content\/uploads\/2024\/05\/Love-Seat-Kanaal-scaled-e1726671870197.jpg\",\"contentUrl\":\"https:\/\/bearchair.eu\/wp-content\/uploads\/2024\/05\/Love-Seat-Kanaal-scaled-e1726671870197.jpg\",\"width\":1497,\"height\":1437},{\"@type\":\"BreadcrumbList\",\"@id\":\"https:\/\/bearchair.eu\/es\/sillas\/loveseat\/#breadcrumb\",\"itemListElement\":[{\"@type\":\"ListItem\",\"position\":1,\"name\":\"Home\",\"item\":\"https:\/\/bearchair.eu\/es\/inicio\/\"},{\"@type\":\"ListItem\",\"position\":2,\"name\":\"Tienda\",\"item\":\"https:\/\/bearchair.eu\/es\/tienda\/\"},{\"@type\":\"ListItem\",\"position\":3,\"name\":\"Bear Chair\u00ae Loveseat\"}]},{\"@type\":\"WebSite\",\"@id\":\"https:\/\/bearchair.eu\/es\/#website\",\"url\":\"https:\/\/bearchair.eu\/es\/\",\"name\":\"The Bear Chair\",\"description\":\"\",\"publisher\":{\"@id\":\"https:\/\/bearchair.eu\/es\/#organization\"},\"potentialAction\":[{\"@type\":\"SearchAction\",\"target\":{\"@type\":\"EntryPoint\",\"urlTemplate\":\"https:\/\/bearchair.eu\/es\/?s={search_term_string}\"},\"query-input\":{\"@type\":\"PropertyValueSpecification\",\"valueRequired\":true,\"valueName\":\"search_term_string\"}}],\"inLanguage\":\"es\"},{\"@type\":\"Organization\",\"@id\":\"https:\/\/bearchair.eu\/es\/#organization\",\"name\":\"La Silla del Oso\",\"url\":\"https:\/\/bearchair.eu\/es\/\",\"logo\":{\"@type\":\"ImageObject\",\"inLanguage\":\"es\",\"@id\":\"https:\/\/bearchair.eu\/es\/#\/schema\/logo\/image\/\",\"url\":\"https:\/\/new.bearchair.eu\/wp-content\/uploads\/2024\/05\/BearChairIcon.png\",\"contentUrl\":\"https:\/\/new.bearchair.eu\/wp-content\/uploads\/2024\/05\/BearChairIcon.png\",\"width\":512,\"height\":512,\"caption\":\"La Silla del Oso\"},\"image\":{\"@id\":\"https:\/\/bearchair.eu\/es\/#\/schema\/logo\/image\/\"}}]}<\/script>\n<!-- \/ Yoast SEO plugin. -->","yoast_head_json":{"title":"Bear Chair\u00ae Loveseat - The Bear Chair\u00ae","robots":{"index":"index","follow":"follow","max-snippet":"max-snippet:-1","max-image-preview":"max-image-preview:large","max-video-preview":"max-video-preview:-1"},"canonical":"https:\/\/bearchair.eu\/es\/sillas\/loveseat\/","og_locale":"es_ES","og_type":"article","og_title":"Bear Chair\u00ae Loveseat - The Bear Chair\u00ae","og_description":"\u00bfQu\u00e9 puede haber mejor que sentarse en el jard\u00edn a solas? Sabemos la respuesta: \u00a1vosotros dos, por supuesto! Este loveseat Bear Chair\u00ae es el sill\u00f3n rom\u00e1ntico ideal para tu jard\u00edn.","og_url":"https:\/\/bearchair.eu\/es\/sillas\/loveseat\/","og_site_name":"The Bear Chair\u00ae","article_modified_time":"2025-04-25T09:58:12+00:00","og_image":[{"width":1497,"height":1437,"url":"https:\/\/bearchair.eu\/wp-content\/uploads\/2024\/05\/Love-Seat-Kanaal-scaled-e1726671870197.jpg","type":"image\/jpeg"}],"twitter_card":"summary_large_image","twitter_misc":{"Tiempo de lectura":"1 minuto"},"schema":{"@context":"https:\/\/schema.org","@graph":[{"@type":"WebPage","@id":"https:\/\/bearchair.eu\/es\/sillas\/loveseat\/","url":"https:\/\/bearchair.eu\/es\/sillas\/loveseat\/","name":"Bear Chair\u00ae Loveseat - The Bear Chair\u00ae","isPartOf":{"@id":"https:\/\/bearchair.eu\/es\/#website"},"primaryImageOfPage":{"@id":"https:\/\/bearchair.eu\/es\/sillas\/loveseat\/#primaryimage"},"image":{"@id":"https:\/\/bearchair.eu\/es\/sillas\/loveseat\/#primaryimage"},"thumbnailUrl":"https:\/\/bearchair.eu\/wp-content\/uploads\/2024\/05\/Love-Seat-Kanaal-scaled-e1726671870197.jpg","datePublished":"2024-05-03T10:09:45+00:00","dateModified":"2025-04-25T09:58:12+00:00","breadcrumb":{"@id":"https:\/\/bearchair.eu\/es\/sillas\/loveseat\/#breadcrumb"},"inLanguage":"es","potentialAction":[{"@type":"ReadAction","target":["https:\/\/bearchair.eu\/es\/sillas\/loveseat\/"]}]},{"@type":"ImageObject","inLanguage":"es","@id":"https:\/\/bearchair.eu\/es\/sillas\/loveseat\/#primaryimage","url":"https:\/\/bearchair.eu\/wp-content\/uploads\/2024\/05\/Love-Seat-Kanaal-scaled-e1726671870197.jpg","contentUrl":"https:\/\/bearchair.eu\/wp-content\/uploads\/2024\/05\/Love-Seat-Kanaal-scaled-e1726671870197.jpg","width":1497,"height":1437},{"@type":"BreadcrumbList","@id":"https:\/\/bearchair.eu\/es\/sillas\/loveseat\/#breadcrumb","itemListElement":[{"@type":"ListItem","position":1,"name":"Home","item":"https:\/\/bearchair.eu\/es\/inicio\/"},{"@type":"ListItem","position":2,"name":"Tienda","item":"https:\/\/bearchair.eu\/es\/tienda\/"},{"@type":"ListItem","position":3,"name":"Bear Chair\u00ae Loveseat"}]},{"@type":"WebSite","@id":"https:\/\/bearchair.eu\/es\/#website","url":"https:\/\/bearchair.eu\/es\/","name":"The Bear Chair","description":"","publisher":{"@id":"https:\/\/bearchair.eu\/es\/#organization"},"potentialAction":[{"@type":"SearchAction","target":{"@type":"EntryPoint","urlTemplate":"https:\/\/bearchair.eu\/es\/?s={search_term_string}"},"query-input":{"@type":"PropertyValueSpecification","valueRequired":true,"valueName":"search_term_string"}}],"inLanguage":"es"},{"@type":"Organization","@id":"https:\/\/bearchair.eu\/es\/#organization","name":"La Silla del Oso","url":"https:\/\/bearchair.eu\/es\/","logo":{"@type":"ImageObject","inLanguage":"es","@id":"https:\/\/bearchair.eu\/es\/#\/schema\/logo\/image\/","url":"https:\/\/new.bearchair.eu\/wp-content\/uploads\/2024\/05\/BearChairIcon.png","contentUrl":"https:\/\/new.bearchair.eu\/wp-content\/uploads\/2024\/05\/BearChairIcon.png","width":512,"height":512,"caption":"La Silla del Oso"},"image":{"@id":"https:\/\/bearchair.eu\/es\/#\/schema\/logo\/image\/"}}]}},"_links":{"self":[{"href":"https:\/\/bearchair.eu\/es\/wp-json\/wp\/v2\/product\/18352","targetHints":{"allow":["GET"]}}],"collection":[{"href":"https:\/\/bearchair.eu\/es\/wp-json\/wp\/v2\/product"}],"about":[{"href":"https:\/\/bearchair.eu\/es\/wp-json\/wp\/v2\/types\/product"}],"wp:featuredmedia":[{"embeddable":true,"href":"https:\/\/bearchair.eu\/es\/wp-json\/wp\/v2\/media\/16182"}],"wp:attachment":[{"href":"https:\/\/bearchair.eu\/es\/wp-json\/wp\/v2\/media?parent=18352"}],"wp:term":[{"taxonomy":"product_brand","embeddable":true,"href":"https:\/\/bearchair.eu\/es\/wp-json\/wp\/v2\/product_brand?post=18352"},{"taxonomy":"product_cat","embeddable":true,"href":"https:\/\/bearchair.eu\/es\/wp-json\/wp\/v2\/product_cat?post=18352"},{"taxonomy":"product_tag","embeddable":true,"href":"https:\/\/bearchair.eu\/es\/wp-json\/wp\/v2\/product_tag?post=18352"}],"curies":[{"name":"wp","href":"https:\/\/api.w.org\/{rel}","templated":true}]}}