{"id":18513,"date":"2024-05-02T10:00:38","date_gmt":"2024-05-02T10:00:38","guid":{"rendered":"https:\/\/bearchair.eu\/sin categor\u00eda\/original-bear-chair-a-medio-montar\/"},"modified":"2024-05-02T10:00:38","modified_gmt":"2024-05-02T10:00:38","slug":"original-bear-chair-a-medio-montar","status":"publish","type":"product","link":"https:\/\/bearchair.eu\/es\/restos-es\/original-bear-chair-a-medio-montar\/","title":{"rendered":"Original Bear Chair a medio montar"},"content":{"rendered":"","protected":false},"excerpt":{"rendered":"<p>De vuelta de la sesi\u00f3n fotogr\u00e1fica.<\/p>\n<p>Comodidad de asiento inigualable combinada con los amplios reposabrazos para tu peri\u00f3dico, revista o bebida.<\/p>\n","protected":false},"featured_media":11818,"template":"","meta":[],"product_brand":[],"product_cat":[598],"product_tag":[],"class_list":{"0":"post-18513","1":"product","2":"type-product","3":"status-publish","4":"has-post-thumbnail","6":"product_cat-restos-es","8":"first","9":"outofstock","10":"taxable","11":"shipping-taxable","12":"product-type-simple"},"yoast_head":"<!-- This site is optimized with the Yoast SEO plugin v27.2 - https:\/\/yoast.com\/product\/yoast-seo-wordpress\/ -->\n<title>Original Bear Chair a medio montar - The Bear Chair\u00ae<\/title>\n<meta name=\"robots\" content=\"index, follow, max-snippet:-1, max-image-preview:large, max-video-preview:-1\" \/>\n<link rel=\"canonical\" href=\"https:\/\/bearchair.eu\/es\/restos-es\/original-bear-chair-a-medio-montar\/\" \/>\n<meta property=\"og:locale\" content=\"es_ES\" \/>\n<meta property=\"og:type\" content=\"article\" \/>\n<meta property=\"og:title\" content=\"Original Bear Chair a medio montar - The Bear Chair\u00ae\" \/>\n<meta property=\"og:description\" content=\"De vuelta de la sesi\u00f3n fotogr\u00e1fica. Comodidad de asiento inigualable combinada con los amplios reposabrazos para tu peri\u00f3dico, revista o bebida.\" \/>\n<meta property=\"og:url\" content=\"https:\/\/bearchair.eu\/es\/restos-es\/original-bear-chair-a-medio-montar\/\" \/>\n<meta property=\"og:site_name\" content=\"The Bear Chair\u00ae\" \/>\n<meta property=\"og:image\" content=\"https:\/\/bearchair.eu\/wp-content\/uploads\/2024\/08\/Original-Bear-Chair-rest-foto1.webp\" \/>\n\t<meta property=\"og:image:width\" content=\"1000\" \/>\n\t<meta property=\"og:image:height\" content=\"1333\" \/>\n\t<meta property=\"og:image:type\" content=\"image\/webp\" \/>\n<meta name=\"twitter:card\" content=\"summary_large_image\" \/>\n<script type=\"application\/ld+json\" class=\"yoast-schema-graph\">{\"@context\":\"https:\/\/schema.org\",\"@graph\":[{\"@type\":\"WebPage\",\"@id\":\"https:\/\/bearchair.eu\/es\/restos-es\/original-bear-chair-a-medio-montar\/\",\"url\":\"https:\/\/bearchair.eu\/es\/restos-es\/original-bear-chair-a-medio-montar\/\",\"name\":\"Original Bear Chair a medio montar - The Bear Chair\u00ae\",\"isPartOf\":{\"@id\":\"https:\/\/bearchair.eu\/es\/#website\"},\"primaryImageOfPage\":{\"@id\":\"https:\/\/bearchair.eu\/es\/restos-es\/original-bear-chair-a-medio-montar\/#primaryimage\"},\"image\":{\"@id\":\"https:\/\/bearchair.eu\/es\/restos-es\/original-bear-chair-a-medio-montar\/#primaryimage\"},\"thumbnailUrl\":\"https:\/\/bearchair.eu\/wp-content\/uploads\/2024\/08\/Original-Bear-Chair-rest-foto1.webp\",\"datePublished\":\"2024-05-02T10:00:38+00:00\",\"breadcrumb\":{\"@id\":\"https:\/\/bearchair.eu\/es\/restos-es\/original-bear-chair-a-medio-montar\/#breadcrumb\"},\"inLanguage\":\"es\",\"potentialAction\":[{\"@type\":\"ReadAction\",\"target\":[\"https:\/\/bearchair.eu\/es\/restos-es\/original-bear-chair-a-medio-montar\/\"]}]},{\"@type\":\"ImageObject\",\"inLanguage\":\"es\",\"@id\":\"https:\/\/bearchair.eu\/es\/restos-es\/original-bear-chair-a-medio-montar\/#primaryimage\",\"url\":\"https:\/\/bearchair.eu\/wp-content\/uploads\/2024\/08\/Original-Bear-Chair-rest-foto1.webp\",\"contentUrl\":\"https:\/\/bearchair.eu\/wp-content\/uploads\/2024\/08\/Original-Bear-Chair-rest-foto1.webp\",\"width\":1000,\"height\":1333},{\"@type\":\"BreadcrumbList\",\"@id\":\"https:\/\/bearchair.eu\/es\/restos-es\/original-bear-chair-a-medio-montar\/#breadcrumb\",\"itemListElement\":[{\"@type\":\"ListItem\",\"position\":1,\"name\":\"Home\",\"item\":\"https:\/\/bearchair.eu\/es\/inicio\/\"},{\"@type\":\"ListItem\",\"position\":2,\"name\":\"Tienda\",\"item\":\"https:\/\/bearchair.eu\/es\/tienda\/\"},{\"@type\":\"ListItem\",\"position\":3,\"name\":\"Original Bear Chair a medio montar\"}]},{\"@type\":\"WebSite\",\"@id\":\"https:\/\/bearchair.eu\/es\/#website\",\"url\":\"https:\/\/bearchair.eu\/es\/\",\"name\":\"The Bear Chair\",\"description\":\"\",\"publisher\":{\"@id\":\"https:\/\/bearchair.eu\/es\/#organization\"},\"potentialAction\":[{\"@type\":\"SearchAction\",\"target\":{\"@type\":\"EntryPoint\",\"urlTemplate\":\"https:\/\/bearchair.eu\/es\/?s={search_term_string}\"},\"query-input\":{\"@type\":\"PropertyValueSpecification\",\"valueRequired\":true,\"valueName\":\"search_term_string\"}}],\"inLanguage\":\"es\"},{\"@type\":\"Organization\",\"@id\":\"https:\/\/bearchair.eu\/es\/#organization\",\"name\":\"La Silla del Oso\",\"url\":\"https:\/\/bearchair.eu\/es\/\",\"logo\":{\"@type\":\"ImageObject\",\"inLanguage\":\"es\",\"@id\":\"https:\/\/bearchair.eu\/es\/#\/schema\/logo\/image\/\",\"url\":\"https:\/\/new.bearchair.eu\/wp-content\/uploads\/2024\/05\/BearChairIcon.png\",\"contentUrl\":\"https:\/\/new.bearchair.eu\/wp-content\/uploads\/2024\/05\/BearChairIcon.png\",\"width\":512,\"height\":512,\"caption\":\"La Silla del Oso\"},\"image\":{\"@id\":\"https:\/\/bearchair.eu\/es\/#\/schema\/logo\/image\/\"}}]}<\/script>\n<!-- \/ Yoast SEO plugin. -->","yoast_head_json":{"title":"Original Bear Chair a medio montar - The Bear Chair\u00ae","robots":{"index":"index","follow":"follow","max-snippet":"max-snippet:-1","max-image-preview":"max-image-preview:large","max-video-preview":"max-video-preview:-1"},"canonical":"https:\/\/bearchair.eu\/es\/restos-es\/original-bear-chair-a-medio-montar\/","og_locale":"es_ES","og_type":"article","og_title":"Original Bear Chair a medio montar - The Bear Chair\u00ae","og_description":"De vuelta de la sesi\u00f3n fotogr\u00e1fica. Comodidad de asiento inigualable combinada con los amplios reposabrazos para tu peri\u00f3dico, revista o bebida.","og_url":"https:\/\/bearchair.eu\/es\/restos-es\/original-bear-chair-a-medio-montar\/","og_site_name":"The Bear Chair\u00ae","og_image":[{"width":1000,"height":1333,"url":"https:\/\/bearchair.eu\/wp-content\/uploads\/2024\/08\/Original-Bear-Chair-rest-foto1.webp","type":"image\/webp"}],"twitter_card":"summary_large_image","schema":{"@context":"https:\/\/schema.org","@graph":[{"@type":"WebPage","@id":"https:\/\/bearchair.eu\/es\/restos-es\/original-bear-chair-a-medio-montar\/","url":"https:\/\/bearchair.eu\/es\/restos-es\/original-bear-chair-a-medio-montar\/","name":"Original Bear Chair a medio montar - The Bear Chair\u00ae","isPartOf":{"@id":"https:\/\/bearchair.eu\/es\/#website"},"primaryImageOfPage":{"@id":"https:\/\/bearchair.eu\/es\/restos-es\/original-bear-chair-a-medio-montar\/#primaryimage"},"image":{"@id":"https:\/\/bearchair.eu\/es\/restos-es\/original-bear-chair-a-medio-montar\/#primaryimage"},"thumbnailUrl":"https:\/\/bearchair.eu\/wp-content\/uploads\/2024\/08\/Original-Bear-Chair-rest-foto1.webp","datePublished":"2024-05-02T10:00:38+00:00","breadcrumb":{"@id":"https:\/\/bearchair.eu\/es\/restos-es\/original-bear-chair-a-medio-montar\/#breadcrumb"},"inLanguage":"es","potentialAction":[{"@type":"ReadAction","target":["https:\/\/bearchair.eu\/es\/restos-es\/original-bear-chair-a-medio-montar\/"]}]},{"@type":"ImageObject","inLanguage":"es","@id":"https:\/\/bearchair.eu\/es\/restos-es\/original-bear-chair-a-medio-montar\/#primaryimage","url":"https:\/\/bearchair.eu\/wp-content\/uploads\/2024\/08\/Original-Bear-Chair-rest-foto1.webp","contentUrl":"https:\/\/bearchair.eu\/wp-content\/uploads\/2024\/08\/Original-Bear-Chair-rest-foto1.webp","width":1000,"height":1333},{"@type":"BreadcrumbList","@id":"https:\/\/bearchair.eu\/es\/restos-es\/original-bear-chair-a-medio-montar\/#breadcrumb","itemListElement":[{"@type":"ListItem","position":1,"name":"Home","item":"https:\/\/bearchair.eu\/es\/inicio\/"},{"@type":"ListItem","position":2,"name":"Tienda","item":"https:\/\/bearchair.eu\/es\/tienda\/"},{"@type":"ListItem","position":3,"name":"Original Bear Chair a medio montar"}]},{"@type":"WebSite","@id":"https:\/\/bearchair.eu\/es\/#website","url":"https:\/\/bearchair.eu\/es\/","name":"The Bear Chair","description":"","publisher":{"@id":"https:\/\/bearchair.eu\/es\/#organization"},"potentialAction":[{"@type":"SearchAction","target":{"@type":"EntryPoint","urlTemplate":"https:\/\/bearchair.eu\/es\/?s={search_term_string}"},"query-input":{"@type":"PropertyValueSpecification","valueRequired":true,"valueName":"search_term_string"}}],"inLanguage":"es"},{"@type":"Organization","@id":"https:\/\/bearchair.eu\/es\/#organization","name":"La Silla del Oso","url":"https:\/\/bearchair.eu\/es\/","logo":{"@type":"ImageObject","inLanguage":"es","@id":"https:\/\/bearchair.eu\/es\/#\/schema\/logo\/image\/","url":"https:\/\/new.bearchair.eu\/wp-content\/uploads\/2024\/05\/BearChairIcon.png","contentUrl":"https:\/\/new.bearchair.eu\/wp-content\/uploads\/2024\/05\/BearChairIcon.png","width":512,"height":512,"caption":"La Silla del Oso"},"image":{"@id":"https:\/\/bearchair.eu\/es\/#\/schema\/logo\/image\/"}}]}},"_links":{"self":[{"href":"https:\/\/bearchair.eu\/es\/wp-json\/wp\/v2\/product\/18513","targetHints":{"allow":["GET"]}}],"collection":[{"href":"https:\/\/bearchair.eu\/es\/wp-json\/wp\/v2\/product"}],"about":[{"href":"https:\/\/bearchair.eu\/es\/wp-json\/wp\/v2\/types\/product"}],"wp:featuredmedia":[{"embeddable":true,"href":"https:\/\/bearchair.eu\/es\/wp-json\/wp\/v2\/media\/11818"}],"wp:attachment":[{"href":"https:\/\/bearchair.eu\/es\/wp-json\/wp\/v2\/media?parent=18513"}],"wp:term":[{"taxonomy":"product_brand","embeddable":true,"href":"https:\/\/bearchair.eu\/es\/wp-json\/wp\/v2\/product_brand?post=18513"},{"taxonomy":"product_cat","embeddable":true,"href":"https:\/\/bearchair.eu\/es\/wp-json\/wp\/v2\/product_cat?post=18513"},{"taxonomy":"product_tag","embeddable":true,"href":"https:\/\/bearchair.eu\/es\/wp-json\/wp\/v2\/product_tag?post=18513"}],"curies":[{"name":"wp","href":"https:\/\/api.w.org\/{rel}","templated":true}]}}