{"id":18543,"date":"2024-05-03T10:10:32","date_gmt":"2024-05-03T10:10:32","guid":{"rendered":"https:\/\/bearchair.eu\/sin categor\u00eda\/royal-bear-chair-escabel\/"},"modified":"2024-05-03T10:10:32","modified_gmt":"2024-05-03T10:10:32","slug":"royal-bear-chair-escabel","status":"publish","type":"product","link":"https:\/\/bearchair.eu\/es\/mostrar-modelos\/royal-bear-chair-escabel\/","title":{"rendered":"Royal Bear Chair + escabel"},"content":{"rendered":"<p><em>Se trata de un modelo de exposici\u00f3n.<\/em><\/p>\n<p>Este conjunto, compuesto por un sill\u00f3n Royal Bear Chair y una otomana, es la combinaci\u00f3n perfecta de robustez, durabilidad, comodidad y estilo. La gruesa madera de cedro transforma la silla en un aut\u00e9ntico trono. Al ser plegable, el sill\u00f3n es f\u00e1cil de trasladar y guardar.  <\/p>\n<p><strong>Dimensiones:<\/strong><\/p>\n<p><strong>Presidente:<\/strong><\/p>\n<ul>\n<li>Altura: 96 cm<\/li>\n<li>Anchura: 85 cm<\/li>\n<li>Profundidad: 90 cm<\/li>\n<\/ul>\n<p><strong>Peso: 12,5 kg<\/strong><\/p>\n<p><strong>Reposapi\u00e9s:  <\/strong><\/p>\n<ul>\n<li>Altura: 33 cm<\/li>\n<li>Anchura: 46 cm<\/li>\n<li>Profundidad: 44 cm<\/li>\n<\/ul>\n<p><strong>Peso:<\/strong> 3 kg<\/p>\n<p>&nbsp;<\/p>\n","protected":false},"excerpt":{"rendered":"<p><em>Se trata de un modelo de exposici\u00f3n  <\/em><\/p>\n<p>El Royal Bear Chair es un poco m\u00e1s elegante e incluso m\u00e1s robusto que el The Original Bear Chair. Es igual de c\u00f3moda y tambi\u00e9n plegable. El reposapi\u00e9s garantiza el m\u00e1ximo confort.  <\/p>\n","protected":false},"featured_media":10015,"template":"","meta":[],"product_brand":[],"product_cat":[311],"product_tag":[],"class_list":{"0":"post-18543","1":"product","2":"type-product","3":"status-publish","4":"has-post-thumbnail","6":"product_cat-mostrar-modelos","8":"first","9":"instock","10":"sale","11":"taxable","12":"shipping-taxable","13":"purchasable","14":"product-type-simple"},"yoast_head":"<!-- This site is optimized with the Yoast SEO plugin v27.2 - https:\/\/yoast.com\/product\/yoast-seo-wordpress\/ -->\n<title>Royal Bear Chair + escabel - The Bear Chair\u00ae<\/title>\n<meta name=\"description\" content=\"Compra el sill\u00f3n Royal Bear Chair con reposapi\u00e9s. Hecha de cedro m\u00e1s grueso, esta silla resistente y duradera ofrece lujo y apoyo. Plegable\" \/>\n<meta name=\"robots\" content=\"index, follow, max-snippet:-1, max-image-preview:large, max-video-preview:-1\" \/>\n<link rel=\"canonical\" href=\"https:\/\/bearchair.eu\/es\/mostrar-modelos\/royal-bear-chair-escabel\/\" \/>\n<meta property=\"og:locale\" content=\"es_ES\" \/>\n<meta property=\"og:type\" content=\"article\" \/>\n<meta property=\"og:title\" content=\"Royal Bear Chair + escabel - The Bear Chair\u00ae\" \/>\n<meta property=\"og:description\" content=\"Compra el sill\u00f3n Royal Bear Chair con reposapi\u00e9s. Hecha de cedro m\u00e1s grueso, esta silla resistente y duradera ofrece lujo y apoyo. Plegable\" \/>\n<meta property=\"og:url\" content=\"https:\/\/bearchair.eu\/es\/mostrar-modelos\/royal-bear-chair-escabel\/\" \/>\n<meta property=\"og:site_name\" content=\"The Bear Chair\u00ae\" \/>\n<meta property=\"og:image\" content=\"https:\/\/bearchair.eu\/wp-content\/uploads\/2024\/05\/Royal-Bear-Chair-met-Voetstoel-en-props.jpg\" \/>\n\t<meta property=\"og:image:width\" content=\"2500\" \/>\n\t<meta property=\"og:image:height\" content=\"1667\" \/>\n\t<meta property=\"og:image:type\" content=\"image\/jpeg\" \/>\n<meta name=\"twitter:card\" content=\"summary_large_image\" \/>\n<script type=\"application\/ld+json\" class=\"yoast-schema-graph\">{\"@context\":\"https:\/\/schema.org\",\"@graph\":[{\"@type\":\"WebPage\",\"@id\":\"https:\/\/bearchair.eu\/es\/mostrar-modelos\/royal-bear-chair-escabel\/\",\"url\":\"https:\/\/bearchair.eu\/es\/mostrar-modelos\/royal-bear-chair-escabel\/\",\"name\":\"Royal Bear Chair + escabel - The Bear Chair\u00ae\",\"isPartOf\":{\"@id\":\"https:\/\/bearchair.eu\/es\/#website\"},\"primaryImageOfPage\":{\"@id\":\"https:\/\/bearchair.eu\/es\/mostrar-modelos\/royal-bear-chair-escabel\/#primaryimage\"},\"image\":{\"@id\":\"https:\/\/bearchair.eu\/es\/mostrar-modelos\/royal-bear-chair-escabel\/#primaryimage\"},\"thumbnailUrl\":\"https:\/\/bearchair.eu\/wp-content\/uploads\/2024\/05\/Royal-Bear-Chair-met-Voetstoel-en-props.jpg\",\"datePublished\":\"2024-05-03T10:10:32+00:00\",\"description\":\"Compra el sill\u00f3n Royal Bear Chair con reposapi\u00e9s. Hecha de cedro m\u00e1s grueso, esta silla resistente y duradera ofrece lujo y apoyo. Plegable\",\"breadcrumb\":{\"@id\":\"https:\/\/bearchair.eu\/es\/mostrar-modelos\/royal-bear-chair-escabel\/#breadcrumb\"},\"inLanguage\":\"es\",\"potentialAction\":[{\"@type\":\"ReadAction\",\"target\":[\"https:\/\/bearchair.eu\/es\/mostrar-modelos\/royal-bear-chair-escabel\/\"]}]},{\"@type\":\"ImageObject\",\"inLanguage\":\"es\",\"@id\":\"https:\/\/bearchair.eu\/es\/mostrar-modelos\/royal-bear-chair-escabel\/#primaryimage\",\"url\":\"https:\/\/bearchair.eu\/wp-content\/uploads\/2024\/05\/Royal-Bear-Chair-met-Voetstoel-en-props.jpg\",\"contentUrl\":\"https:\/\/bearchair.eu\/wp-content\/uploads\/2024\/05\/Royal-Bear-Chair-met-Voetstoel-en-props.jpg\",\"width\":2500,\"height\":1667},{\"@type\":\"BreadcrumbList\",\"@id\":\"https:\/\/bearchair.eu\/es\/mostrar-modelos\/royal-bear-chair-escabel\/#breadcrumb\",\"itemListElement\":[{\"@type\":\"ListItem\",\"position\":1,\"name\":\"Home\",\"item\":\"https:\/\/bearchair.eu\/es\/inicio\/\"},{\"@type\":\"ListItem\",\"position\":2,\"name\":\"Tienda\",\"item\":\"https:\/\/bearchair.eu\/es\/tienda\/\"},{\"@type\":\"ListItem\",\"position\":3,\"name\":\"Royal Bear Chair + escabel\"}]},{\"@type\":\"WebSite\",\"@id\":\"https:\/\/bearchair.eu\/es\/#website\",\"url\":\"https:\/\/bearchair.eu\/es\/\",\"name\":\"The Bear Chair\",\"description\":\"\",\"publisher\":{\"@id\":\"https:\/\/bearchair.eu\/es\/#organization\"},\"potentialAction\":[{\"@type\":\"SearchAction\",\"target\":{\"@type\":\"EntryPoint\",\"urlTemplate\":\"https:\/\/bearchair.eu\/es\/?s={search_term_string}\"},\"query-input\":{\"@type\":\"PropertyValueSpecification\",\"valueRequired\":true,\"valueName\":\"search_term_string\"}}],\"inLanguage\":\"es\"},{\"@type\":\"Organization\",\"@id\":\"https:\/\/bearchair.eu\/es\/#organization\",\"name\":\"La Silla del Oso\",\"url\":\"https:\/\/bearchair.eu\/es\/\",\"logo\":{\"@type\":\"ImageObject\",\"inLanguage\":\"es\",\"@id\":\"https:\/\/bearchair.eu\/es\/#\/schema\/logo\/image\/\",\"url\":\"https:\/\/new.bearchair.eu\/wp-content\/uploads\/2024\/05\/BearChairIcon.png\",\"contentUrl\":\"https:\/\/new.bearchair.eu\/wp-content\/uploads\/2024\/05\/BearChairIcon.png\",\"width\":512,\"height\":512,\"caption\":\"La Silla del Oso\"},\"image\":{\"@id\":\"https:\/\/bearchair.eu\/es\/#\/schema\/logo\/image\/\"}}]}<\/script>\n<!-- \/ Yoast SEO plugin. -->","yoast_head_json":{"title":"Royal Bear Chair + escabel - The Bear Chair\u00ae","description":"Compra el sill\u00f3n Royal Bear Chair con reposapi\u00e9s. Hecha de cedro m\u00e1s grueso, esta silla resistente y duradera ofrece lujo y apoyo. Plegable","robots":{"index":"index","follow":"follow","max-snippet":"max-snippet:-1","max-image-preview":"max-image-preview:large","max-video-preview":"max-video-preview:-1"},"canonical":"https:\/\/bearchair.eu\/es\/mostrar-modelos\/royal-bear-chair-escabel\/","og_locale":"es_ES","og_type":"article","og_title":"Royal Bear Chair + escabel - The Bear Chair\u00ae","og_description":"Compra el sill\u00f3n Royal Bear Chair con reposapi\u00e9s. Hecha de cedro m\u00e1s grueso, esta silla resistente y duradera ofrece lujo y apoyo. Plegable","og_url":"https:\/\/bearchair.eu\/es\/mostrar-modelos\/royal-bear-chair-escabel\/","og_site_name":"The Bear Chair\u00ae","og_image":[{"width":2500,"height":1667,"url":"https:\/\/bearchair.eu\/wp-content\/uploads\/2024\/05\/Royal-Bear-Chair-met-Voetstoel-en-props.jpg","type":"image\/jpeg"}],"twitter_card":"summary_large_image","schema":{"@context":"https:\/\/schema.org","@graph":[{"@type":"WebPage","@id":"https:\/\/bearchair.eu\/es\/mostrar-modelos\/royal-bear-chair-escabel\/","url":"https:\/\/bearchair.eu\/es\/mostrar-modelos\/royal-bear-chair-escabel\/","name":"Royal Bear Chair + escabel - The Bear Chair\u00ae","isPartOf":{"@id":"https:\/\/bearchair.eu\/es\/#website"},"primaryImageOfPage":{"@id":"https:\/\/bearchair.eu\/es\/mostrar-modelos\/royal-bear-chair-escabel\/#primaryimage"},"image":{"@id":"https:\/\/bearchair.eu\/es\/mostrar-modelos\/royal-bear-chair-escabel\/#primaryimage"},"thumbnailUrl":"https:\/\/bearchair.eu\/wp-content\/uploads\/2024\/05\/Royal-Bear-Chair-met-Voetstoel-en-props.jpg","datePublished":"2024-05-03T10:10:32+00:00","description":"Compra el sill\u00f3n Royal Bear Chair con reposapi\u00e9s. Hecha de cedro m\u00e1s grueso, esta silla resistente y duradera ofrece lujo y apoyo. Plegable","breadcrumb":{"@id":"https:\/\/bearchair.eu\/es\/mostrar-modelos\/royal-bear-chair-escabel\/#breadcrumb"},"inLanguage":"es","potentialAction":[{"@type":"ReadAction","target":["https:\/\/bearchair.eu\/es\/mostrar-modelos\/royal-bear-chair-escabel\/"]}]},{"@type":"ImageObject","inLanguage":"es","@id":"https:\/\/bearchair.eu\/es\/mostrar-modelos\/royal-bear-chair-escabel\/#primaryimage","url":"https:\/\/bearchair.eu\/wp-content\/uploads\/2024\/05\/Royal-Bear-Chair-met-Voetstoel-en-props.jpg","contentUrl":"https:\/\/bearchair.eu\/wp-content\/uploads\/2024\/05\/Royal-Bear-Chair-met-Voetstoel-en-props.jpg","width":2500,"height":1667},{"@type":"BreadcrumbList","@id":"https:\/\/bearchair.eu\/es\/mostrar-modelos\/royal-bear-chair-escabel\/#breadcrumb","itemListElement":[{"@type":"ListItem","position":1,"name":"Home","item":"https:\/\/bearchair.eu\/es\/inicio\/"},{"@type":"ListItem","position":2,"name":"Tienda","item":"https:\/\/bearchair.eu\/es\/tienda\/"},{"@type":"ListItem","position":3,"name":"Royal Bear Chair + escabel"}]},{"@type":"WebSite","@id":"https:\/\/bearchair.eu\/es\/#website","url":"https:\/\/bearchair.eu\/es\/","name":"The Bear Chair","description":"","publisher":{"@id":"https:\/\/bearchair.eu\/es\/#organization"},"potentialAction":[{"@type":"SearchAction","target":{"@type":"EntryPoint","urlTemplate":"https:\/\/bearchair.eu\/es\/?s={search_term_string}"},"query-input":{"@type":"PropertyValueSpecification","valueRequired":true,"valueName":"search_term_string"}}],"inLanguage":"es"},{"@type":"Organization","@id":"https:\/\/bearchair.eu\/es\/#organization","name":"La Silla del Oso","url":"https:\/\/bearchair.eu\/es\/","logo":{"@type":"ImageObject","inLanguage":"es","@id":"https:\/\/bearchair.eu\/es\/#\/schema\/logo\/image\/","url":"https:\/\/new.bearchair.eu\/wp-content\/uploads\/2024\/05\/BearChairIcon.png","contentUrl":"https:\/\/new.bearchair.eu\/wp-content\/uploads\/2024\/05\/BearChairIcon.png","width":512,"height":512,"caption":"La Silla del Oso"},"image":{"@id":"https:\/\/bearchair.eu\/es\/#\/schema\/logo\/image\/"}}]}},"_links":{"self":[{"href":"https:\/\/bearchair.eu\/es\/wp-json\/wp\/v2\/product\/18543","targetHints":{"allow":["GET"]}}],"collection":[{"href":"https:\/\/bearchair.eu\/es\/wp-json\/wp\/v2\/product"}],"about":[{"href":"https:\/\/bearchair.eu\/es\/wp-json\/wp\/v2\/types\/product"}],"wp:featuredmedia":[{"embeddable":true,"href":"https:\/\/bearchair.eu\/es\/wp-json\/wp\/v2\/media\/10015"}],"wp:attachment":[{"href":"https:\/\/bearchair.eu\/es\/wp-json\/wp\/v2\/media?parent=18543"}],"wp:term":[{"taxonomy":"product_brand","embeddable":true,"href":"https:\/\/bearchair.eu\/es\/wp-json\/wp\/v2\/product_brand?post=18543"},{"taxonomy":"product_cat","embeddable":true,"href":"https:\/\/bearchair.eu\/es\/wp-json\/wp\/v2\/product_cat?post=18543"},{"taxonomy":"product_tag","embeddable":true,"href":"https:\/\/bearchair.eu\/es\/wp-json\/wp\/v2\/product_tag?post=18543"}],"curies":[{"name":"wp","href":"https:\/\/api.w.org\/{rel}","templated":true}]}}