{"id":18553,"date":"2024-05-03T10:10:31","date_gmt":"2024-05-03T10:10:31","guid":{"rendered":"https:\/\/bearchair.eu\/sin%20categor\u00eda\/royal-composite-bear-chair-rojo-reposapies\/"},"modified":"2025-04-25T09:43:56","modified_gmt":"2025-04-25T09:43:56","slug":"royal-composite-bear-chair-rojo-reposapies","status":"publish","type":"product","link":"https:\/\/bearchair.eu\/es\/sillas\/royal-composite-bear-chair-rojo-reposapies\/","title":{"rendered":"Silla Royal Composite Bear Chair\u00ae (Rojo) + reposapi\u00e9s"},"content":{"rendered":"<p>Esta preciosa silla roja Royal Composite Bear Chair\u00ae es elegante, pr\u00e1ctica y, como todas las sillas Bear Chair\u00ae, indestructible. Las sillas Royal Composite Bear Chair\u00ae est\u00e1n fabricadas con material pl\u00e1stico reciclado (composite) indestructible, de color inalterable y alta calidad. Estas sillas no necesitan mantenimiento, duran toda la vida y, gracias a su peso de 25 kg, no se volar\u00e1n, ni siquiera desde un balc\u00f3n en un piso alto. El reposapi\u00e9s que las acompa\u00f1a garantiza la m\u00e1xima comodidad.   <\/p>\n<p><strong>Dimensiones:  <\/strong><\/p>\n<p><strong>Presidente:<\/strong><\/p>\n<div>\n<ul>\n<li>Altura: 96 cm<\/li>\n<li>Anchura: 85 cm<\/li>\n<li>Profundidad: 96 cm<\/li>\n<li>Este modelo es plegable<\/li>\n<\/ul>\n<p><strong>Peso:<\/strong> 25 kg<\/p>\n<p><strong>Reposapi\u00e9s:  <\/strong><\/p>\n<ul>\n<li>Altura: 35 cm<\/li>\n<li>Anchura: 51 cm<\/li>\n<li>Profundidad: 47 cm<\/li>\n<\/ul>\n<p><strong>Peso:<\/strong> aprox. 10 kg<\/p>\n<p><strong>Montaje:<\/strong> El taburete y reposapi\u00e9s Royal Composite Bear Chair\u00ae est\u00e1 disponible en tres tipos de paquetes:<\/p>\n<ul>\n<li><strong>Kit:<\/strong> Recibes todos los materiales para montar la silla t\u00fa solo. El kit incluye los listones, tornillos, cola y, por supuesto, instrucciones detalladas de montaje. <\/li>\n<li><strong>Premontado:<\/strong> El respaldo y el asiento est\u00e1n premontados, el resto debes montarlo t\u00fa mismo. Por supuesto, se incluyen todos los materiales y las instrucciones de montaje. <\/li>\n<li><strong>Totalmente montada:<\/strong> La silla ya est\u00e1 totalmente montada. Nuestro propio servicio de transporte te la entrega ya montada. Ten en cuenta que esto puede suponer un coste mayor.  <\/li>\n<\/ul>\n<\/div>\n","protected":false},"excerpt":{"rendered":"<p>Esta alegre versi\u00f3n de pl\u00e1stico rojo de la Royal Bear Chair\u00ae es todo un reclamo. S\u00faper resistente, no desti\u00f1e, no necesita mantenimiento y adem\u00e1s es plegable, \u00a1ideal! <\/p>\n","protected":false},"featured_media":15249,"template":"","meta":[],"product_brand":[],"product_cat":[262,304],"product_tag":[],"class_list":{"0":"post-18553","1":"product","2":"type-product","3":"status-publish","4":"has-post-thumbnail","6":"product_cat-sillas","7":"product_cat-venta","9":"first","10":"instock","11":"sale","12":"taxable","13":"shipping-taxable","14":"purchasable","15":"product-type-simple"},"yoast_head":"<!-- This site is optimized with the Yoast SEO plugin v27.2 - https:\/\/yoast.com\/product\/yoast-seo-wordpress\/ -->\n<title>Silla Royal Composite Bear Chair\u00ae (Rojo) + reposapi\u00e9s - The Bear Chair\u00ae<\/title>\n<meta name=\"robots\" content=\"index, follow, max-snippet:-1, max-image-preview:large, max-video-preview:-1\" \/>\n<link rel=\"canonical\" href=\"https:\/\/bearchair.eu\/es\/sillas\/royal-composite-bear-chair-rojo-reposapies\/\" \/>\n<meta property=\"og:locale\" content=\"es_ES\" \/>\n<meta property=\"og:type\" content=\"article\" \/>\n<meta property=\"og:title\" content=\"Silla Royal Composite Bear Chair\u00ae (Rojo) + reposapi\u00e9s - The Bear Chair\u00ae\" \/>\n<meta property=\"og:description\" content=\"Esta alegre versi\u00f3n de pl\u00e1stico rojo de la Royal Bear Chair\u00ae es todo un reclamo. S\u00faper resistente, no desti\u00f1e, no necesita mantenimiento y adem\u00e1s es plegable, \u00a1ideal!\" \/>\n<meta property=\"og:url\" content=\"https:\/\/bearchair.eu\/es\/sillas\/royal-composite-bear-chair-rojo-reposapies\/\" \/>\n<meta property=\"og:site_name\" content=\"The Bear Chair\u00ae\" \/>\n<meta property=\"article:modified_time\" content=\"2025-04-25T09:43:56+00:00\" \/>\n<meta property=\"og:image\" content=\"https:\/\/bearchair.eu\/wp-content\/uploads\/2024\/05\/BEA210609-013.jpg\" \/>\n\t<meta property=\"og:image:width\" content=\"2500\" \/>\n\t<meta property=\"og:image:height\" content=\"1667\" \/>\n\t<meta property=\"og:image:type\" content=\"image\/jpeg\" \/>\n<meta name=\"twitter:card\" content=\"summary_large_image\" \/>\n<meta name=\"twitter:label1\" content=\"Tiempo de lectura\" \/>\n\t<meta name=\"twitter:data1\" content=\"1 minuto\" \/>\n<script type=\"application\/ld+json\" class=\"yoast-schema-graph\">{\"@context\":\"https:\/\/schema.org\",\"@graph\":[{\"@type\":\"WebPage\",\"@id\":\"https:\/\/bearchair.eu\/es\/sillas\/royal-composite-bear-chair-rojo-reposapies\/\",\"url\":\"https:\/\/bearchair.eu\/es\/sillas\/royal-composite-bear-chair-rojo-reposapies\/\",\"name\":\"Silla Royal Composite Bear Chair\u00ae (Rojo) + reposapi\u00e9s - The Bear Chair\u00ae\",\"isPartOf\":{\"@id\":\"https:\/\/bearchair.eu\/es\/#website\"},\"primaryImageOfPage\":{\"@id\":\"https:\/\/bearchair.eu\/es\/sillas\/royal-composite-bear-chair-rojo-reposapies\/#primaryimage\"},\"image\":{\"@id\":\"https:\/\/bearchair.eu\/es\/sillas\/royal-composite-bear-chair-rojo-reposapies\/#primaryimage\"},\"thumbnailUrl\":\"https:\/\/bearchair.eu\/wp-content\/uploads\/2024\/05\/BEA210609-013.jpg\",\"datePublished\":\"2024-05-03T10:10:31+00:00\",\"dateModified\":\"2025-04-25T09:43:56+00:00\",\"breadcrumb\":{\"@id\":\"https:\/\/bearchair.eu\/es\/sillas\/royal-composite-bear-chair-rojo-reposapies\/#breadcrumb\"},\"inLanguage\":\"es\",\"potentialAction\":[{\"@type\":\"ReadAction\",\"target\":[\"https:\/\/bearchair.eu\/es\/sillas\/royal-composite-bear-chair-rojo-reposapies\/\"]}]},{\"@type\":\"ImageObject\",\"inLanguage\":\"es\",\"@id\":\"https:\/\/bearchair.eu\/es\/sillas\/royal-composite-bear-chair-rojo-reposapies\/#primaryimage\",\"url\":\"https:\/\/bearchair.eu\/wp-content\/uploads\/2024\/05\/BEA210609-013.jpg\",\"contentUrl\":\"https:\/\/bearchair.eu\/wp-content\/uploads\/2024\/05\/BEA210609-013.jpg\",\"width\":2500,\"height\":1667},{\"@type\":\"BreadcrumbList\",\"@id\":\"https:\/\/bearchair.eu\/es\/sillas\/royal-composite-bear-chair-rojo-reposapies\/#breadcrumb\",\"itemListElement\":[{\"@type\":\"ListItem\",\"position\":1,\"name\":\"Home\",\"item\":\"https:\/\/bearchair.eu\/es\/inicio\/\"},{\"@type\":\"ListItem\",\"position\":2,\"name\":\"Tienda\",\"item\":\"https:\/\/bearchair.eu\/es\/tienda\/\"},{\"@type\":\"ListItem\",\"position\":3,\"name\":\"Silla Royal Composite Bear Chair\u00ae (Rojo) + reposapi\u00e9s\"}]},{\"@type\":\"WebSite\",\"@id\":\"https:\/\/bearchair.eu\/es\/#website\",\"url\":\"https:\/\/bearchair.eu\/es\/\",\"name\":\"The Bear Chair\",\"description\":\"\",\"publisher\":{\"@id\":\"https:\/\/bearchair.eu\/es\/#organization\"},\"potentialAction\":[{\"@type\":\"SearchAction\",\"target\":{\"@type\":\"EntryPoint\",\"urlTemplate\":\"https:\/\/bearchair.eu\/es\/?s={search_term_string}\"},\"query-input\":{\"@type\":\"PropertyValueSpecification\",\"valueRequired\":true,\"valueName\":\"search_term_string\"}}],\"inLanguage\":\"es\"},{\"@type\":\"Organization\",\"@id\":\"https:\/\/bearchair.eu\/es\/#organization\",\"name\":\"La Silla del Oso\",\"url\":\"https:\/\/bearchair.eu\/es\/\",\"logo\":{\"@type\":\"ImageObject\",\"inLanguage\":\"es\",\"@id\":\"https:\/\/bearchair.eu\/es\/#\/schema\/logo\/image\/\",\"url\":\"https:\/\/new.bearchair.eu\/wp-content\/uploads\/2024\/05\/BearChairIcon.png\",\"contentUrl\":\"https:\/\/new.bearchair.eu\/wp-content\/uploads\/2024\/05\/BearChairIcon.png\",\"width\":512,\"height\":512,\"caption\":\"La Silla del Oso\"},\"image\":{\"@id\":\"https:\/\/bearchair.eu\/es\/#\/schema\/logo\/image\/\"}}]}<\/script>\n<!-- \/ Yoast SEO plugin. -->","yoast_head_json":{"title":"Silla Royal Composite Bear Chair\u00ae (Rojo) + reposapi\u00e9s - The Bear Chair\u00ae","robots":{"index":"index","follow":"follow","max-snippet":"max-snippet:-1","max-image-preview":"max-image-preview:large","max-video-preview":"max-video-preview:-1"},"canonical":"https:\/\/bearchair.eu\/es\/sillas\/royal-composite-bear-chair-rojo-reposapies\/","og_locale":"es_ES","og_type":"article","og_title":"Silla Royal Composite Bear Chair\u00ae (Rojo) + reposapi\u00e9s - The Bear Chair\u00ae","og_description":"Esta alegre versi\u00f3n de pl\u00e1stico rojo de la Royal Bear Chair\u00ae es todo un reclamo. S\u00faper resistente, no desti\u00f1e, no necesita mantenimiento y adem\u00e1s es plegable, \u00a1ideal!","og_url":"https:\/\/bearchair.eu\/es\/sillas\/royal-composite-bear-chair-rojo-reposapies\/","og_site_name":"The Bear Chair\u00ae","article_modified_time":"2025-04-25T09:43:56+00:00","og_image":[{"width":2500,"height":1667,"url":"https:\/\/bearchair.eu\/wp-content\/uploads\/2024\/05\/BEA210609-013.jpg","type":"image\/jpeg"}],"twitter_card":"summary_large_image","twitter_misc":{"Tiempo de lectura":"1 minuto"},"schema":{"@context":"https:\/\/schema.org","@graph":[{"@type":"WebPage","@id":"https:\/\/bearchair.eu\/es\/sillas\/royal-composite-bear-chair-rojo-reposapies\/","url":"https:\/\/bearchair.eu\/es\/sillas\/royal-composite-bear-chair-rojo-reposapies\/","name":"Silla Royal Composite Bear Chair\u00ae (Rojo) + reposapi\u00e9s - The Bear Chair\u00ae","isPartOf":{"@id":"https:\/\/bearchair.eu\/es\/#website"},"primaryImageOfPage":{"@id":"https:\/\/bearchair.eu\/es\/sillas\/royal-composite-bear-chair-rojo-reposapies\/#primaryimage"},"image":{"@id":"https:\/\/bearchair.eu\/es\/sillas\/royal-composite-bear-chair-rojo-reposapies\/#primaryimage"},"thumbnailUrl":"https:\/\/bearchair.eu\/wp-content\/uploads\/2024\/05\/BEA210609-013.jpg","datePublished":"2024-05-03T10:10:31+00:00","dateModified":"2025-04-25T09:43:56+00:00","breadcrumb":{"@id":"https:\/\/bearchair.eu\/es\/sillas\/royal-composite-bear-chair-rojo-reposapies\/#breadcrumb"},"inLanguage":"es","potentialAction":[{"@type":"ReadAction","target":["https:\/\/bearchair.eu\/es\/sillas\/royal-composite-bear-chair-rojo-reposapies\/"]}]},{"@type":"ImageObject","inLanguage":"es","@id":"https:\/\/bearchair.eu\/es\/sillas\/royal-composite-bear-chair-rojo-reposapies\/#primaryimage","url":"https:\/\/bearchair.eu\/wp-content\/uploads\/2024\/05\/BEA210609-013.jpg","contentUrl":"https:\/\/bearchair.eu\/wp-content\/uploads\/2024\/05\/BEA210609-013.jpg","width":2500,"height":1667},{"@type":"BreadcrumbList","@id":"https:\/\/bearchair.eu\/es\/sillas\/royal-composite-bear-chair-rojo-reposapies\/#breadcrumb","itemListElement":[{"@type":"ListItem","position":1,"name":"Home","item":"https:\/\/bearchair.eu\/es\/inicio\/"},{"@type":"ListItem","position":2,"name":"Tienda","item":"https:\/\/bearchair.eu\/es\/tienda\/"},{"@type":"ListItem","position":3,"name":"Silla Royal Composite Bear Chair\u00ae (Rojo) + reposapi\u00e9s"}]},{"@type":"WebSite","@id":"https:\/\/bearchair.eu\/es\/#website","url":"https:\/\/bearchair.eu\/es\/","name":"The Bear Chair","description":"","publisher":{"@id":"https:\/\/bearchair.eu\/es\/#organization"},"potentialAction":[{"@type":"SearchAction","target":{"@type":"EntryPoint","urlTemplate":"https:\/\/bearchair.eu\/es\/?s={search_term_string}"},"query-input":{"@type":"PropertyValueSpecification","valueRequired":true,"valueName":"search_term_string"}}],"inLanguage":"es"},{"@type":"Organization","@id":"https:\/\/bearchair.eu\/es\/#organization","name":"La Silla del Oso","url":"https:\/\/bearchair.eu\/es\/","logo":{"@type":"ImageObject","inLanguage":"es","@id":"https:\/\/bearchair.eu\/es\/#\/schema\/logo\/image\/","url":"https:\/\/new.bearchair.eu\/wp-content\/uploads\/2024\/05\/BearChairIcon.png","contentUrl":"https:\/\/new.bearchair.eu\/wp-content\/uploads\/2024\/05\/BearChairIcon.png","width":512,"height":512,"caption":"La Silla del Oso"},"image":{"@id":"https:\/\/bearchair.eu\/es\/#\/schema\/logo\/image\/"}}]}},"_links":{"self":[{"href":"https:\/\/bearchair.eu\/es\/wp-json\/wp\/v2\/product\/18553","targetHints":{"allow":["GET"]}}],"collection":[{"href":"https:\/\/bearchair.eu\/es\/wp-json\/wp\/v2\/product"}],"about":[{"href":"https:\/\/bearchair.eu\/es\/wp-json\/wp\/v2\/types\/product"}],"wp:featuredmedia":[{"embeddable":true,"href":"https:\/\/bearchair.eu\/es\/wp-json\/wp\/v2\/media\/15249"}],"wp:attachment":[{"href":"https:\/\/bearchair.eu\/es\/wp-json\/wp\/v2\/media?parent=18553"}],"wp:term":[{"taxonomy":"product_brand","embeddable":true,"href":"https:\/\/bearchair.eu\/es\/wp-json\/wp\/v2\/product_brand?post=18553"},{"taxonomy":"product_cat","embeddable":true,"href":"https:\/\/bearchair.eu\/es\/wp-json\/wp\/v2\/product_cat?post=18553"},{"taxonomy":"product_tag","embeddable":true,"href":"https:\/\/bearchair.eu\/es\/wp-json\/wp\/v2\/product_tag?post=18553"}],"curies":[{"name":"wp","href":"https:\/\/api.w.org\/{rel}","templated":true}]}}