{"id":18573,"date":"2024-05-03T10:10:05","date_gmt":"2024-05-03T10:10:05","guid":{"rendered":"https:\/\/bearchair.eu\/sin%20categor\u00eda\/pouf-royal-composite\/"},"modified":"2026-04-23T13:43:59","modified_gmt":"2026-04-23T13:43:59","slug":"pouf-royal-composite","status":"publish","type":"product","link":"https:\/\/bearchair.eu\/es\/sillas\/pouf-royal-composite\/","title":{"rendered":"Compuesto real Bear Chair\u00ae otomana"},"content":{"rendered":"<p>Con el reposapi\u00e9s Royal Composite Bear Chair\u00ae, \u00a1la comodidad est\u00e1 garantizada! El puf es ajustable en dos posiciones. <\/p>\n<p><strong>Dimensiones:  <\/strong><\/p>\n<ul>\n<li>Altura: 35 cm<\/li>\n<li>Anchura: 51 cm<\/li>\n<li>Profundidad: 47 cm<\/li>\n<\/ul>\n<p><strong>Peso:<\/strong> aprox. 10 kg<\/p>\n<p><strong>Montaje:<\/strong> La otomana Royal Composite Bear Chair\u00ae est\u00e1 disponible en dos tipos de paquetes:<\/p>\n<ul>\n<li><strong>Premontado:<\/strong> El respaldo y el asiento est\u00e1n premontados, el resto debes montarlo t\u00fa mismo. Por supuesto, se incluyen todos los materiales y las instrucciones de montaje. <\/li>\n<li><strong>Totalmente montada:<\/strong> La silla ya est\u00e1 totalmente montada. Nuestro propio servicio de transporte te la entrega ya montada. Ten en cuenta que esto puede suponer un coste mayor.  <\/li>\n<\/ul>\n","protected":false},"excerpt":{"rendered":"<p>Rel\u00e1jate por completo combinando tu Royal Composite Bear Chair con un reposapi\u00e9s Royal Composite Bear Chair. Es ajustable en 2 posiciones y est\u00e1 disponible en rojo y negro. <\/p>\n","protected":false},"featured_media":15449,"template":"","meta":[],"product_brand":[],"product_cat":[303,262],"product_tag":[],"class_list":{"0":"post-18573","1":"product","2":"type-product","3":"status-publish","4":"has-post-thumbnail","6":"product_cat-muebles","7":"product_cat-sillas","9":"first","10":"instock","11":"taxable","12":"shipping-taxable","13":"purchasable","14":"product-type-variable"},"yoast_head":"<!-- This site is optimized with the Yoast SEO plugin v27.2 - https:\/\/yoast.com\/product\/yoast-seo-wordpress\/ -->\n<title>Compuesto real Bear Chair\u00ae otomana - The Bear Chair\u00ae<\/title>\n<meta name=\"description\" content=\"Compra el Reposapi\u00e9s Royal en Bear Chair\u00ae. Ajustable en 2 posiciones. Disponible en composite blanco, rojo y negro.\" \/>\n<meta name=\"robots\" content=\"index, follow, max-snippet:-1, max-image-preview:large, max-video-preview:-1\" \/>\n<link rel=\"canonical\" href=\"https:\/\/bearchair.eu\/es\/sillas\/pouf-royal-composite\/\" \/>\n<meta property=\"og:locale\" content=\"es_ES\" \/>\n<meta property=\"og:type\" content=\"article\" \/>\n<meta property=\"og:title\" content=\"Compuesto real Bear Chair\u00ae otomana - The Bear Chair\u00ae\" \/>\n<meta property=\"og:description\" content=\"Compra el Reposapi\u00e9s Royal en Bear Chair\u00ae. Ajustable en 2 posiciones. Disponible en composite blanco, rojo y negro.\" \/>\n<meta property=\"og:url\" content=\"https:\/\/bearchair.eu\/es\/sillas\/pouf-royal-composite\/\" \/>\n<meta property=\"og:site_name\" content=\"The Bear Chair\u00ae\" \/>\n<meta property=\"article:modified_time\" content=\"2026-04-23T13:43:59+00:00\" \/>\n<meta property=\"og:image\" content=\"https:\/\/bearchair.eu\/wp-content\/uploads\/2024\/05\/footstool-red-selection.jpg\" \/>\n\t<meta property=\"og:image:width\" content=\"862\" \/>\n\t<meta property=\"og:image:height\" content=\"619\" \/>\n\t<meta property=\"og:image:type\" content=\"image\/jpeg\" \/>\n<meta name=\"twitter:card\" content=\"summary_large_image\" \/>\n<script type=\"application\/ld+json\" class=\"yoast-schema-graph\">{\"@context\":\"https:\/\/schema.org\",\"@graph\":[{\"@type\":\"WebPage\",\"@id\":\"https:\/\/bearchair.eu\/es\/sillas\/pouf-royal-composite\/\",\"url\":\"https:\/\/bearchair.eu\/es\/sillas\/pouf-royal-composite\/\",\"name\":\"Compuesto real Bear Chair\u00ae otomana - The Bear Chair\u00ae\",\"isPartOf\":{\"@id\":\"https:\/\/bearchair.eu\/es\/#website\"},\"primaryImageOfPage\":{\"@id\":\"https:\/\/bearchair.eu\/es\/sillas\/pouf-royal-composite\/#primaryimage\"},\"image\":{\"@id\":\"https:\/\/bearchair.eu\/es\/sillas\/pouf-royal-composite\/#primaryimage\"},\"thumbnailUrl\":\"https:\/\/bearchair.eu\/wp-content\/uploads\/2024\/05\/footstool-red-selection.jpg\",\"datePublished\":\"2024-05-03T10:10:05+00:00\",\"dateModified\":\"2026-04-23T13:43:59+00:00\",\"description\":\"Compra el Reposapi\u00e9s Royal en Bear Chair\u00ae. Ajustable en 2 posiciones. Disponible en composite blanco, rojo y negro.\",\"breadcrumb\":{\"@id\":\"https:\/\/bearchair.eu\/es\/sillas\/pouf-royal-composite\/#breadcrumb\"},\"inLanguage\":\"es\",\"potentialAction\":[{\"@type\":\"ReadAction\",\"target\":[\"https:\/\/bearchair.eu\/es\/sillas\/pouf-royal-composite\/\"]}]},{\"@type\":\"ImageObject\",\"inLanguage\":\"es\",\"@id\":\"https:\/\/bearchair.eu\/es\/sillas\/pouf-royal-composite\/#primaryimage\",\"url\":\"https:\/\/bearchair.eu\/wp-content\/uploads\/2024\/05\/footstool-red-selection.jpg\",\"contentUrl\":\"https:\/\/bearchair.eu\/wp-content\/uploads\/2024\/05\/footstool-red-selection.jpg\",\"width\":862,\"height\":619},{\"@type\":\"BreadcrumbList\",\"@id\":\"https:\/\/bearchair.eu\/es\/sillas\/pouf-royal-composite\/#breadcrumb\",\"itemListElement\":[{\"@type\":\"ListItem\",\"position\":1,\"name\":\"Inicio\",\"item\":\"https:\/\/bearchair.eu\/es\/inicio\/\"},{\"@type\":\"ListItem\",\"position\":2,\"name\":\"Tienda\",\"item\":\"https:\/\/bearchair.eu\/es\/tienda\/\"},{\"@type\":\"ListItem\",\"position\":3,\"name\":\"Compuesto real Bear Chair\u00ae otomana\"}]},{\"@type\":\"WebSite\",\"@id\":\"https:\/\/bearchair.eu\/es\/#website\",\"url\":\"https:\/\/bearchair.eu\/es\/\",\"name\":\"The Bear Chair\",\"description\":\"\",\"publisher\":{\"@id\":\"https:\/\/bearchair.eu\/es\/#organization\"},\"potentialAction\":[{\"@type\":\"SearchAction\",\"target\":{\"@type\":\"EntryPoint\",\"urlTemplate\":\"https:\/\/bearchair.eu\/es\/?s={search_term_string}\"},\"query-input\":{\"@type\":\"PropertyValueSpecification\",\"valueRequired\":true,\"valueName\":\"search_term_string\"}}],\"inLanguage\":\"es\"},{\"@type\":\"Organization\",\"@id\":\"https:\/\/bearchair.eu\/es\/#organization\",\"name\":\"La Silla del Oso\",\"url\":\"https:\/\/bearchair.eu\/es\/\",\"logo\":{\"@type\":\"ImageObject\",\"inLanguage\":\"es\",\"@id\":\"https:\/\/bearchair.eu\/es\/#\/schema\/logo\/image\/\",\"url\":\"https:\/\/new.bearchair.eu\/wp-content\/uploads\/2024\/05\/BearChairIcon.png\",\"contentUrl\":\"https:\/\/new.bearchair.eu\/wp-content\/uploads\/2024\/05\/BearChairIcon.png\",\"width\":512,\"height\":512,\"caption\":\"La Silla del Oso\"},\"image\":{\"@id\":\"https:\/\/bearchair.eu\/es\/#\/schema\/logo\/image\/\"}}]}<\/script>\n<!-- \/ Yoast SEO plugin. -->","yoast_head_json":{"title":"Compuesto real Bear Chair\u00ae otomana - The Bear Chair\u00ae","description":"Compra el Reposapi\u00e9s Royal en Bear Chair\u00ae. Ajustable en 2 posiciones. Disponible en composite blanco, rojo y negro.","robots":{"index":"index","follow":"follow","max-snippet":"max-snippet:-1","max-image-preview":"max-image-preview:large","max-video-preview":"max-video-preview:-1"},"canonical":"https:\/\/bearchair.eu\/es\/sillas\/pouf-royal-composite\/","og_locale":"es_ES","og_type":"article","og_title":"Compuesto real Bear Chair\u00ae otomana - The Bear Chair\u00ae","og_description":"Compra el Reposapi\u00e9s Royal en Bear Chair\u00ae. Ajustable en 2 posiciones. Disponible en composite blanco, rojo y negro.","og_url":"https:\/\/bearchair.eu\/es\/sillas\/pouf-royal-composite\/","og_site_name":"The Bear Chair\u00ae","article_modified_time":"2026-04-23T13:43:59+00:00","og_image":[{"width":862,"height":619,"url":"https:\/\/bearchair.eu\/wp-content\/uploads\/2024\/05\/footstool-red-selection.jpg","type":"image\/jpeg"}],"twitter_card":"summary_large_image","schema":{"@context":"https:\/\/schema.org","@graph":[{"@type":"WebPage","@id":"https:\/\/bearchair.eu\/es\/sillas\/pouf-royal-composite\/","url":"https:\/\/bearchair.eu\/es\/sillas\/pouf-royal-composite\/","name":"Compuesto real Bear Chair\u00ae otomana - The Bear Chair\u00ae","isPartOf":{"@id":"https:\/\/bearchair.eu\/es\/#website"},"primaryImageOfPage":{"@id":"https:\/\/bearchair.eu\/es\/sillas\/pouf-royal-composite\/#primaryimage"},"image":{"@id":"https:\/\/bearchair.eu\/es\/sillas\/pouf-royal-composite\/#primaryimage"},"thumbnailUrl":"https:\/\/bearchair.eu\/wp-content\/uploads\/2024\/05\/footstool-red-selection.jpg","datePublished":"2024-05-03T10:10:05+00:00","dateModified":"2026-04-23T13:43:59+00:00","description":"Compra el Reposapi\u00e9s Royal en Bear Chair\u00ae. Ajustable en 2 posiciones. Disponible en composite blanco, rojo y negro.","breadcrumb":{"@id":"https:\/\/bearchair.eu\/es\/sillas\/pouf-royal-composite\/#breadcrumb"},"inLanguage":"es","potentialAction":[{"@type":"ReadAction","target":["https:\/\/bearchair.eu\/es\/sillas\/pouf-royal-composite\/"]}]},{"@type":"ImageObject","inLanguage":"es","@id":"https:\/\/bearchair.eu\/es\/sillas\/pouf-royal-composite\/#primaryimage","url":"https:\/\/bearchair.eu\/wp-content\/uploads\/2024\/05\/footstool-red-selection.jpg","contentUrl":"https:\/\/bearchair.eu\/wp-content\/uploads\/2024\/05\/footstool-red-selection.jpg","width":862,"height":619},{"@type":"BreadcrumbList","@id":"https:\/\/bearchair.eu\/es\/sillas\/pouf-royal-composite\/#breadcrumb","itemListElement":[{"@type":"ListItem","position":1,"name":"Inicio","item":"https:\/\/bearchair.eu\/es\/inicio\/"},{"@type":"ListItem","position":2,"name":"Tienda","item":"https:\/\/bearchair.eu\/es\/tienda\/"},{"@type":"ListItem","position":3,"name":"Compuesto real Bear Chair\u00ae otomana"}]},{"@type":"WebSite","@id":"https:\/\/bearchair.eu\/es\/#website","url":"https:\/\/bearchair.eu\/es\/","name":"The Bear Chair","description":"","publisher":{"@id":"https:\/\/bearchair.eu\/es\/#organization"},"potentialAction":[{"@type":"SearchAction","target":{"@type":"EntryPoint","urlTemplate":"https:\/\/bearchair.eu\/es\/?s={search_term_string}"},"query-input":{"@type":"PropertyValueSpecification","valueRequired":true,"valueName":"search_term_string"}}],"inLanguage":"es"},{"@type":"Organization","@id":"https:\/\/bearchair.eu\/es\/#organization","name":"La Silla del Oso","url":"https:\/\/bearchair.eu\/es\/","logo":{"@type":"ImageObject","inLanguage":"es","@id":"https:\/\/bearchair.eu\/es\/#\/schema\/logo\/image\/","url":"https:\/\/new.bearchair.eu\/wp-content\/uploads\/2024\/05\/BearChairIcon.png","contentUrl":"https:\/\/new.bearchair.eu\/wp-content\/uploads\/2024\/05\/BearChairIcon.png","width":512,"height":512,"caption":"La Silla del Oso"},"image":{"@id":"https:\/\/bearchair.eu\/es\/#\/schema\/logo\/image\/"}}]}},"_links":{"self":[{"href":"https:\/\/bearchair.eu\/es\/wp-json\/wp\/v2\/product\/18573","targetHints":{"allow":["GET"]}}],"collection":[{"href":"https:\/\/bearchair.eu\/es\/wp-json\/wp\/v2\/product"}],"about":[{"href":"https:\/\/bearchair.eu\/es\/wp-json\/wp\/v2\/types\/product"}],"wp:featuredmedia":[{"embeddable":true,"href":"https:\/\/bearchair.eu\/es\/wp-json\/wp\/v2\/media\/15449"}],"wp:attachment":[{"href":"https:\/\/bearchair.eu\/es\/wp-json\/wp\/v2\/media?parent=18573"}],"wp:term":[{"taxonomy":"product_brand","embeddable":true,"href":"https:\/\/bearchair.eu\/es\/wp-json\/wp\/v2\/product_brand?post=18573"},{"taxonomy":"product_cat","embeddable":true,"href":"https:\/\/bearchair.eu\/es\/wp-json\/wp\/v2\/product_cat?post=18573"},{"taxonomy":"product_tag","embeddable":true,"href":"https:\/\/bearchair.eu\/es\/wp-json\/wp\/v2\/product_tag?post=18573"}],"curies":[{"name":"wp","href":"https:\/\/api.w.org\/{rel}","templated":true}]}}