{"id":18592,"date":"2024-05-03T10:10:04","date_gmt":"2024-05-03T10:10:04","guid":{"rendered":"https:\/\/bearchair.eu\/sin%20categor\u00eda\/grizzly-bear-chair\/"},"modified":"2025-04-25T09:34:45","modified_gmt":"2025-04-25T09:34:45","slug":"grizzly-bear-chair","status":"publish","type":"product","link":"https:\/\/bearchair.eu\/es\/sillas\/grizzly-bear-chair\/","title":{"rendered":"Silla Grizzly Bear Chair"},"content":{"rendered":"<p>La silla Grizzly Bear Chair\u00ae es s\u00f3lo un poco m\u00e1s grande que The Original Bear Chair\u00ae. El respaldo y el asiento m\u00e1s altos, los reposabrazos m\u00e1s anchos, los pernos de acero inoxidable y las patas a\u00fan m\u00e1s robustas hacen que el Grizzly sea un poco m\u00e1s robusto y c\u00f3modo. La silla Grizzly Bear Chair\u00ae tambi\u00e9n es plegable, lo que facilita su traslado y almacenamiento.  <\/p>\n<p><strong>Dimensiones:  <\/strong><\/p>\n<ul>\n<li>Altura: 102 cm<\/li>\n<li>Anchura: 87 cm<\/li>\n<li>Profundidad: 99 cm<\/li>\n<li>Este modelo es plegable<\/li>\n<\/ul>\n<p><strong>Peso:<\/strong> 15 kg<\/p>\n<p><strong>Montaje:<\/strong> El Grizzly Bear Chair\u00ae est\u00e1 disponible en dos tipos de paquetes:<\/p>\n<ul>\n<li><strong>Premontado:<\/strong> El respaldo y el asiento est\u00e1n premontados, el resto debes montarlo t\u00fa mismo. Por supuesto, se incluyen todos los materiales y las instrucciones de montaje. <\/li>\n<li><strong>Totalmente montada:<\/strong> La silla ya est\u00e1 totalmente montada. Nuestro propio servicio de transporte te la entrega ya montada. Ten en cuenta que esto puede suponer un coste mayor.  <\/li>\n<\/ul>\n<div class=\"webwinkelkeur\"><\/div>\n","protected":false},"excerpt":{"rendered":"<p>El Grizzly Bear Chair\u00ae es el hermano mayor de The Original Bear Chair\u00ae. La misma calidad, \u00a1pero m\u00e1s grande y a\u00fan m\u00e1s resistente! <\/p>\n<p>&nbsp;<\/p>\n","protected":false},"featured_media":15429,"template":"","meta":[],"product_brand":[],"product_cat":[303,262],"product_tag":[],"class_list":{"0":"post-18592","1":"product","2":"type-product","3":"status-publish","4":"has-post-thumbnail","6":"product_cat-muebles","7":"product_cat-sillas","9":"first","10":"instock","11":"featured","12":"taxable","13":"shipping-taxable","14":"purchasable","15":"product-type-variable"},"yoast_head":"<!-- This site is optimized with the Yoast SEO plugin v27.2 - https:\/\/yoast.com\/product\/yoast-seo-wordpress\/ -->\n<title>Silla Grizzly Bear Chair - The Bear Chair\u00ae<\/title>\n<meta name=\"description\" content=\"Compra la Grizzly Bear Chair\u00ae. Esta silla de jard\u00edn es bastante m\u00e1s alta, tiene reposabrazos m\u00e1s gruesos, pernos de acero inoxidable y patas m\u00e1s robustas, y es plegable.\" \/>\n<meta name=\"robots\" content=\"index, follow, max-snippet:-1, max-image-preview:large, max-video-preview:-1\" \/>\n<link rel=\"canonical\" href=\"https:\/\/bearchair.eu\/es\/sillas\/grizzly-bear-chair\/\" \/>\n<meta property=\"og:locale\" content=\"es_ES\" \/>\n<meta property=\"og:type\" content=\"article\" \/>\n<meta property=\"og:title\" content=\"Silla Grizzly Bear Chair - The Bear Chair\u00ae\" \/>\n<meta property=\"og:description\" content=\"Compra la Grizzly Bear Chair\u00ae. Esta silla de jard\u00edn es bastante m\u00e1s alta, tiene reposabrazos m\u00e1s gruesos, pernos de acero inoxidable y patas m\u00e1s robustas, y es plegable.\" \/>\n<meta property=\"og:url\" content=\"https:\/\/bearchair.eu\/es\/sillas\/grizzly-bear-chair\/\" \/>\n<meta property=\"og:site_name\" content=\"The Bear Chair\u00ae\" \/>\n<meta property=\"article:modified_time\" content=\"2025-04-25T09:34:45+00:00\" \/>\n<meta property=\"og:image\" content=\"https:\/\/bearchair.eu\/wp-content\/uploads\/2024\/05\/20220708_BearChair_MOXY_LR-9754.jpeg\" \/>\n\t<meta property=\"og:image:width\" content=\"683\" \/>\n\t<meta property=\"og:image:height\" content=\"1024\" \/>\n\t<meta property=\"og:image:type\" content=\"image\/jpeg\" \/>\n<meta name=\"twitter:card\" content=\"summary_large_image\" \/>\n<meta name=\"twitter:label1\" content=\"Tiempo de lectura\" \/>\n\t<meta name=\"twitter:data1\" content=\"1 minuto\" \/>\n<script type=\"application\/ld+json\" class=\"yoast-schema-graph\">{\"@context\":\"https:\/\/schema.org\",\"@graph\":[{\"@type\":\"WebPage\",\"@id\":\"https:\/\/bearchair.eu\/es\/sillas\/grizzly-bear-chair\/\",\"url\":\"https:\/\/bearchair.eu\/es\/sillas\/grizzly-bear-chair\/\",\"name\":\"Silla Grizzly Bear Chair - The Bear Chair\u00ae\",\"isPartOf\":{\"@id\":\"https:\/\/bearchair.eu\/es\/#website\"},\"primaryImageOfPage\":{\"@id\":\"https:\/\/bearchair.eu\/es\/sillas\/grizzly-bear-chair\/#primaryimage\"},\"image\":{\"@id\":\"https:\/\/bearchair.eu\/es\/sillas\/grizzly-bear-chair\/#primaryimage\"},\"thumbnailUrl\":\"https:\/\/bearchair.eu\/wp-content\/uploads\/2024\/05\/20220708_BearChair_MOXY_LR-9754.jpeg\",\"datePublished\":\"2024-05-03T10:10:04+00:00\",\"dateModified\":\"2025-04-25T09:34:45+00:00\",\"description\":\"Compra la Grizzly Bear Chair\u00ae. Esta silla de jard\u00edn es bastante m\u00e1s alta, tiene reposabrazos m\u00e1s gruesos, pernos de acero inoxidable y patas m\u00e1s robustas, y es plegable.\",\"breadcrumb\":{\"@id\":\"https:\/\/bearchair.eu\/es\/sillas\/grizzly-bear-chair\/#breadcrumb\"},\"inLanguage\":\"es\",\"potentialAction\":[{\"@type\":\"ReadAction\",\"target\":[\"https:\/\/bearchair.eu\/es\/sillas\/grizzly-bear-chair\/\"]}]},{\"@type\":\"ImageObject\",\"inLanguage\":\"es\",\"@id\":\"https:\/\/bearchair.eu\/es\/sillas\/grizzly-bear-chair\/#primaryimage\",\"url\":\"https:\/\/bearchair.eu\/wp-content\/uploads\/2024\/05\/20220708_BearChair_MOXY_LR-9754.jpeg\",\"contentUrl\":\"https:\/\/bearchair.eu\/wp-content\/uploads\/2024\/05\/20220708_BearChair_MOXY_LR-9754.jpeg\",\"width\":683,\"height\":1024},{\"@type\":\"BreadcrumbList\",\"@id\":\"https:\/\/bearchair.eu\/es\/sillas\/grizzly-bear-chair\/#breadcrumb\",\"itemListElement\":[{\"@type\":\"ListItem\",\"position\":1,\"name\":\"Inicio\",\"item\":\"https:\/\/bearchair.eu\/es\/inicio\/\"},{\"@type\":\"ListItem\",\"position\":2,\"name\":\"Tienda\",\"item\":\"https:\/\/bearchair.eu\/es\/tienda\/\"},{\"@type\":\"ListItem\",\"position\":3,\"name\":\"Silla Grizzly Bear Chair\"}]},{\"@type\":\"WebSite\",\"@id\":\"https:\/\/bearchair.eu\/es\/#website\",\"url\":\"https:\/\/bearchair.eu\/es\/\",\"name\":\"The Bear Chair\",\"description\":\"\",\"publisher\":{\"@id\":\"https:\/\/bearchair.eu\/es\/#organization\"},\"potentialAction\":[{\"@type\":\"SearchAction\",\"target\":{\"@type\":\"EntryPoint\",\"urlTemplate\":\"https:\/\/bearchair.eu\/es\/?s={search_term_string}\"},\"query-input\":{\"@type\":\"PropertyValueSpecification\",\"valueRequired\":true,\"valueName\":\"search_term_string\"}}],\"inLanguage\":\"es\"},{\"@type\":\"Organization\",\"@id\":\"https:\/\/bearchair.eu\/es\/#organization\",\"name\":\"La Silla del Oso\",\"url\":\"https:\/\/bearchair.eu\/es\/\",\"logo\":{\"@type\":\"ImageObject\",\"inLanguage\":\"es\",\"@id\":\"https:\/\/bearchair.eu\/es\/#\/schema\/logo\/image\/\",\"url\":\"https:\/\/new.bearchair.eu\/wp-content\/uploads\/2024\/05\/BearChairIcon.png\",\"contentUrl\":\"https:\/\/new.bearchair.eu\/wp-content\/uploads\/2024\/05\/BearChairIcon.png\",\"width\":512,\"height\":512,\"caption\":\"La Silla del Oso\"},\"image\":{\"@id\":\"https:\/\/bearchair.eu\/es\/#\/schema\/logo\/image\/\"}}]}<\/script>\n<!-- \/ Yoast SEO plugin. -->","yoast_head_json":{"title":"Silla Grizzly Bear Chair - The Bear Chair\u00ae","description":"Compra la Grizzly Bear Chair\u00ae. Esta silla de jard\u00edn es bastante m\u00e1s alta, tiene reposabrazos m\u00e1s gruesos, pernos de acero inoxidable y patas m\u00e1s robustas, y es plegable.","robots":{"index":"index","follow":"follow","max-snippet":"max-snippet:-1","max-image-preview":"max-image-preview:large","max-video-preview":"max-video-preview:-1"},"canonical":"https:\/\/bearchair.eu\/es\/sillas\/grizzly-bear-chair\/","og_locale":"es_ES","og_type":"article","og_title":"Silla Grizzly Bear Chair - The Bear Chair\u00ae","og_description":"Compra la Grizzly Bear Chair\u00ae. Esta silla de jard\u00edn es bastante m\u00e1s alta, tiene reposabrazos m\u00e1s gruesos, pernos de acero inoxidable y patas m\u00e1s robustas, y es plegable.","og_url":"https:\/\/bearchair.eu\/es\/sillas\/grizzly-bear-chair\/","og_site_name":"The Bear Chair\u00ae","article_modified_time":"2025-04-25T09:34:45+00:00","og_image":[{"width":683,"height":1024,"url":"https:\/\/bearchair.eu\/wp-content\/uploads\/2024\/05\/20220708_BearChair_MOXY_LR-9754.jpeg","type":"image\/jpeg"}],"twitter_card":"summary_large_image","twitter_misc":{"Tiempo de lectura":"1 minuto"},"schema":{"@context":"https:\/\/schema.org","@graph":[{"@type":"WebPage","@id":"https:\/\/bearchair.eu\/es\/sillas\/grizzly-bear-chair\/","url":"https:\/\/bearchair.eu\/es\/sillas\/grizzly-bear-chair\/","name":"Silla Grizzly Bear Chair - The Bear Chair\u00ae","isPartOf":{"@id":"https:\/\/bearchair.eu\/es\/#website"},"primaryImageOfPage":{"@id":"https:\/\/bearchair.eu\/es\/sillas\/grizzly-bear-chair\/#primaryimage"},"image":{"@id":"https:\/\/bearchair.eu\/es\/sillas\/grizzly-bear-chair\/#primaryimage"},"thumbnailUrl":"https:\/\/bearchair.eu\/wp-content\/uploads\/2024\/05\/20220708_BearChair_MOXY_LR-9754.jpeg","datePublished":"2024-05-03T10:10:04+00:00","dateModified":"2025-04-25T09:34:45+00:00","description":"Compra la Grizzly Bear Chair\u00ae. Esta silla de jard\u00edn es bastante m\u00e1s alta, tiene reposabrazos m\u00e1s gruesos, pernos de acero inoxidable y patas m\u00e1s robustas, y es plegable.","breadcrumb":{"@id":"https:\/\/bearchair.eu\/es\/sillas\/grizzly-bear-chair\/#breadcrumb"},"inLanguage":"es","potentialAction":[{"@type":"ReadAction","target":["https:\/\/bearchair.eu\/es\/sillas\/grizzly-bear-chair\/"]}]},{"@type":"ImageObject","inLanguage":"es","@id":"https:\/\/bearchair.eu\/es\/sillas\/grizzly-bear-chair\/#primaryimage","url":"https:\/\/bearchair.eu\/wp-content\/uploads\/2024\/05\/20220708_BearChair_MOXY_LR-9754.jpeg","contentUrl":"https:\/\/bearchair.eu\/wp-content\/uploads\/2024\/05\/20220708_BearChair_MOXY_LR-9754.jpeg","width":683,"height":1024},{"@type":"BreadcrumbList","@id":"https:\/\/bearchair.eu\/es\/sillas\/grizzly-bear-chair\/#breadcrumb","itemListElement":[{"@type":"ListItem","position":1,"name":"Inicio","item":"https:\/\/bearchair.eu\/es\/inicio\/"},{"@type":"ListItem","position":2,"name":"Tienda","item":"https:\/\/bearchair.eu\/es\/tienda\/"},{"@type":"ListItem","position":3,"name":"Silla Grizzly Bear Chair"}]},{"@type":"WebSite","@id":"https:\/\/bearchair.eu\/es\/#website","url":"https:\/\/bearchair.eu\/es\/","name":"The Bear Chair","description":"","publisher":{"@id":"https:\/\/bearchair.eu\/es\/#organization"},"potentialAction":[{"@type":"SearchAction","target":{"@type":"EntryPoint","urlTemplate":"https:\/\/bearchair.eu\/es\/?s={search_term_string}"},"query-input":{"@type":"PropertyValueSpecification","valueRequired":true,"valueName":"search_term_string"}}],"inLanguage":"es"},{"@type":"Organization","@id":"https:\/\/bearchair.eu\/es\/#organization","name":"La Silla del Oso","url":"https:\/\/bearchair.eu\/es\/","logo":{"@type":"ImageObject","inLanguage":"es","@id":"https:\/\/bearchair.eu\/es\/#\/schema\/logo\/image\/","url":"https:\/\/new.bearchair.eu\/wp-content\/uploads\/2024\/05\/BearChairIcon.png","contentUrl":"https:\/\/new.bearchair.eu\/wp-content\/uploads\/2024\/05\/BearChairIcon.png","width":512,"height":512,"caption":"La Silla del Oso"},"image":{"@id":"https:\/\/bearchair.eu\/es\/#\/schema\/logo\/image\/"}}]}},"_links":{"self":[{"href":"https:\/\/bearchair.eu\/es\/wp-json\/wp\/v2\/product\/18592","targetHints":{"allow":["GET"]}}],"collection":[{"href":"https:\/\/bearchair.eu\/es\/wp-json\/wp\/v2\/product"}],"about":[{"href":"https:\/\/bearchair.eu\/es\/wp-json\/wp\/v2\/types\/product"}],"wp:featuredmedia":[{"embeddable":true,"href":"https:\/\/bearchair.eu\/es\/wp-json\/wp\/v2\/media\/15429"}],"wp:attachment":[{"href":"https:\/\/bearchair.eu\/es\/wp-json\/wp\/v2\/media?parent=18592"}],"wp:term":[{"taxonomy":"product_brand","embeddable":true,"href":"https:\/\/bearchair.eu\/es\/wp-json\/wp\/v2\/product_brand?post=18592"},{"taxonomy":"product_cat","embeddable":true,"href":"https:\/\/bearchair.eu\/es\/wp-json\/wp\/v2\/product_cat?post=18592"},{"taxonomy":"product_tag","embeddable":true,"href":"https:\/\/bearchair.eu\/es\/wp-json\/wp\/v2\/product_tag?post=18592"}],"curies":[{"name":"wp","href":"https:\/\/api.w.org\/{rel}","templated":true}]}}