{"id":16506,"date":"2024-04-26T07:40:27","date_gmt":"2024-04-26T07:40:27","guid":{"rendered":"https:\/\/bearchair.eu\/conditions-generales-dutilisation\/"},"modified":"2026-01-07T13:09:13","modified_gmt":"2026-01-07T13:09:13","slug":"conditions-generales-dutilisation","status":"publish","type":"page","link":"https:\/\/bearchair.eu\/fr\/conditions-generales-dutilisation\/","title":{"rendered":"Conditions g\u00e9n\u00e9rales d&rsquo;utilisation"},"content":{"rendered":"<div class=\"wpb-content-wrapper\"><p>[vc_row full_width=\"stretch_row\" woodmart_css_id=\"662b5b1423d95&Prime; responsive_spacing=\"eyJwYXJhbV90eXBlIjoid29vZG1hcnRfcmVzcG9uc2l2ZV9zcGFjaW5nIiwic2VsZWN0b3JfaWQiOiI2NjJiNWIxNDIzZDk1Iiwic2hvcnRjb2RlIjoidmNfcm93IiwiZGF0YSI6eyJ0YWJsZXQiOnt9LCJtb2JpbGUiOnt9fX0=\" mobile_bg_img_hidden=\"no\" tablet_bg_img_hidden=\"no\" woodmart_parallax=\"0&Prime; woodmart_gradient_switch=\"no\" woodmart_box_shadow=\"no\" wd_z_index=\"no\" woodmart_disable_overflow=\"0&Prime; row_reverse_mobile=\"0&Prime; row_reverse_tablet=\"0&Prime;][vc_column]<style data-type=\"vc_shortcodes-custom-css\">.vc_custom_1713861167363{margin-top: 90px !important;}.vc_custom_1713612549973{margin-bottom: 0px !important;}<\/style><p>[vc_row css=\".vc_custom_1713861167363{margin-top: 90px !important;}\" woodmart_css_id=\"662772268ac85\" responsive_spacing=\"eyJwYXJhbV90eXBlIjoid29vZG1hcnRfcmVzcG9uc2l2ZV9zcGFjaW5nIiwic2VsZWN0b3JfaWQiOiI2NjI3NzIyNjhhYzg1Iiwic2hvcnRjb2RlIjoidmNfcm93IiwiZGF0YSI6eyJ0YWJsZXQiOnt9LCJtb2JpbGUiOnt9fX0=\" mobile_bg_img_hidden=\"no\" tablet_bg_img_hidden=\"no\" woodmart_parallax=\"0\" woodmart_gradient_switch=\"no\" woodmart_box_shadow=\"no\" wd_z_index=\"no\" woodmart_disable_overflow=\"0\" row_reverse_mobile=\"0\" row_reverse_tablet=\"0\"][vc_column width=\"1\/4\"]\t\t<div class=\"wd-single-breadcrumbs wd-breadcrumbs wd-wpb wd-rs-6623a6fb7d9b8 vc_custom_1713612549973 text-left\">\n\t\t\t<nav class=\"woocommerce-breadcrumb\" aria-label=\"Breadcrumb\">\t\t\t\t<span class=\"breadcrumb-last\">\n\t\t\t\t\tAccueil\t\t\t\t<\/span>\n\t\t\t<\/nav>\t\t<\/div>\n\t\t[vc_separator color=\"custom\" align=\"align_left\" border_width=\"3\" wd_hide_on_desktop=\"no\" wd_hide_on_tablet=\"no\" wd_hide_on_mobile=\"no\" accent_color=\"#a8a8a8\"][\/vc_column][vc_column width=\"3\/4\"][\/vc_column][\/vc_row]<\/p>\n[vc_column_text css=\"\" woodmart_inline=\"no\" text_larger=\"no\"]<\/p>\n<div id=\"panel-562-0-0-0\" class=\"so-panel widget widget_sow-editor panel-first-child\" data-index=\"0\">\n<div class=\"panel-widget-style panel-widget-style-for-562-0-0-0\">\n<div class=\"so-widget-sow-editor so-widget-sow-editor-base\">\n<div class=\"siteorigin-widget-tinymce textwidget\">\n<h1>Conditions g\u00e9n\u00e9rales d&rsquo;utilisation<\/h1>\n<h2>En g\u00e9n\u00e9ral<\/h2>\n<p>Bear Chair Europe BV<a href=\"https:\/\/bearchair.eu\/fr\/\">(www.bearchair.eu)<\/a> poss\u00e8de et exploite ce site web. Les pr\u00e9sentes conditions g\u00e9n\u00e9rales r\u00e9gissent votre relation avec <a href=\"https:\/\/bearchair.eu\/fr\/\">www.bearchair.eu<\/a> (ci-apr\u00e8s d\u00e9nomm\u00e9 le \"site web\"). L&rsquo;acc\u00e8s et l&rsquo;utilisation de ce site Web et des produits et services disponibles sur ce site Web (collectivement, les \"services\") sont soumis aux termes, conditions et avis suivants (les \"conditions de service\"). En commandant des services, vous acceptez toutes les conditions de service, que nous pouvons mettre \u00e0 jour de temps \u00e0 autre. Nous vous conseillons de consulter r\u00e9guli\u00e8rement cette page pour prendre connaissance de toute modification que nous aurions apport\u00e9e aux conditions de service.    <\/p>\n<p>L&rsquo;acc\u00e8s \u00e0 ce site web est autoris\u00e9 sur une base temporaire et nous nous r\u00e9servons le droit de retirer ou de modifier les services sans pr\u00e9avis. Nous ne serons pas responsables si, pour quelque raison que ce soit, ce site web est indisponible \u00e0 tout moment ou pour toute p\u00e9riode. De temps \u00e0 autre, nous pouvons restreindre l&rsquo;acc\u00e8s \u00e0 certaines parties ou \u00e0 l&rsquo;ensemble du site web.  <\/p>\n<p>Ce site Web peut contenir des liens vers d&rsquo;autres sites Web (les \" Sites li\u00e9s \") qui ne sont pas exploit\u00e9s par <a href=\"https:\/\/bearchair.eu\/fr\/\">www.bearchair.eu. www.bearchair.eu<\/a> n&rsquo;a aucun contr\u00f4le sur les Sites li\u00e9s et n&rsquo;assume aucune responsabilit\u00e9 \u00e0 leur \u00e9gard ou \u00e0 l&rsquo;\u00e9gard de toute perte ou de tout dommage pouvant r\u00e9sulter de votre utilisation de ces sites. Votre utilisation des sites li\u00e9s est soumise aux conditions d&rsquo;utilisation et de service d\u00e9finies sur le site concern\u00e9. <\/p>\n<\/div>\n<\/div>\n<\/div>\n<\/div>\n<div id=\"panel-562-0-0-1\" class=\"so-panel widget widget_sow-editor\" data-index=\"1\">\n<div class=\"panel-widget-style panel-widget-style-for-562-0-0-1\">\n<div class=\"so-widget-sow-editor so-widget-sow-editor-base\">\n<div class=\"siteorigin-widget-tinymce textwidget\">\n<h1>Droit de r\u00e9tractation<\/h1>\n<p>Vous avez le droit d&rsquo;annuler votre commande jusqu&rsquo;\u00e0 14 jours apr\u00e8s sa r\u00e9ception, sans indication de motif, \u00e0 condition que le sceau ou l&#8217;emballage n&rsquo;ait pas \u00e9t\u00e9 bris\u00e9. Si le sceau ou l&#8217;emballage est bris\u00e9, votre commande est d\u00e9finitive et ne peut \u00eatre renvoy\u00e9e. Si vous exercez votre droit de r\u00e9tractation, vous disposerez d&rsquo;un d\u00e9lai suppl\u00e9mentaire de 14 jours pour renvoyer votre produit apr\u00e8s l&rsquo;annulation. Vous serez alors cr\u00e9dit\u00e9 du montant total de la commande, y compris les frais d&rsquo;exp\u00e9dition. Seuls les frais de retour de votre domicile \u00e0 la boutique en ligne sont \u00e0 votre charge. Ces frais s&rsquo;\u00e9l\u00e8vent \u00e0 environ 7,25 euros par colis ; pour conna\u00eetre les tarifs exacts, veuillez consulter le site web de votre transporteur. Si vous exercez votre droit de r\u00e9tractation, le produit sera renvoy\u00e9 \u00e0 l&rsquo;entrepreneur avec tous les accessoires livr\u00e9s et - si cela est raisonnablement possible - dans son \u00e9tat et son emballage d&rsquo;origine. Pour exercer ce droit, veuillez nous contacter \u00e0 l&rsquo;adresse <a href=\"mailto:info@bearchair.eu\">info@bearchair.eu.<\/a> Nous vous rembourserons alors le montant de la commande dans les 14 jours suivant la notification de votre retour, \u00e0 condition que le produit ait d\u00e9j\u00e0 \u00e9t\u00e9 re\u00e7u en bon \u00e9tat.        <\/p>\n<p>Si le produit est endommag\u00e9 ou si l&#8217;emballage est plus endommag\u00e9 que n\u00e9cessaire pour essayer le produit, nous pouvons vous faire b\u00e9n\u00e9ficier de cette d\u00e9pr\u00e9ciation du produit. Veuillez donc traiter le produit avec soin et vous assurer qu&rsquo;il est correctement emball\u00e9 lorsque vous le renvoyez. Vous trouverez plus d&rsquo;informations \u00e0 ce sujet sur <a href=\"https:\/\/www.webwinkelkeur.nl\/blog\/waardevermindering-na-retournering\/\" target=\"_blank\" rel=\"noopener\">cette page<\/a>.  <\/p>\n<\/div>\n<\/div>\n<\/div>\n<\/div>\n<div id=\"panel-562-0-0-2\" class=\"so-panel widget widget_sow-editor panel-last-child\" data-index=\"2\">\n<div class=\"panel-widget-style panel-widget-style-for-562-0-0-2\">\n<div class=\"so-widget-sow-editor so-widget-sow-editor-base\">\n<div class=\"siteorigin-widget-tinymce textwidget\">\n<h1>Syst\u00e8me de plaintes<\/h1>\n<p>Il peut toujours arriver que quelque chose ne se passe pas comme pr\u00e9vu. Nous vous conseillons d&rsquo;abord de nous faire part de vos r\u00e9clamations en envoyant un courriel \u00e0 info@bearchair.eu. Si vous ne trouvez pas de solution, vous pouvez soumettre votre litige \u00e0 la m\u00e9diation de WebwinkelKeur via https:\/\/www.webwinkelkeur.nl\/kennisbank\/consumenten\/geschil. Si votre plainte n&rsquo;est pas d\u00e9j\u00e0 trait\u00e9e ailleurs, vous pouvez d\u00e9poser votre plainte via la plateforme de l&rsquo;Union europ\u00e9enne.  <\/p>\n<\/div>\n<\/div>\n<\/div>\n<\/div>\n<p>[\/vc_column_text][\/vc_column][\/vc_row]<\/p>\n<\/div>","protected":false},"excerpt":{"rendered":"<p>[vc_row full_width=\"stretch_row\" woodmart_css_id=\"662b5b1423d95&Prime; responsive_spacing=\"eyJwYXJhbV90eXBlIjoid29vZG1hcnRfcmVzcG9uc2l2ZV9zcGFjaW5nIiwic2VsZWN0b3JfaWQiOiI2NjJiNWIxNDIzZDk1Iiwic2hvcnRjb2RlIjoidmNfcm93IiwiZGF0YSI6eyJ0YWJsZXQiOnt9LCJtb2JpbGUiOnt9fX0=\" mobile_bg_img_hidden=\"no\" tablet_bg_img_hidden=\"no\" woodmart_parallax=\"0&Prime; woodmart_gradient_switch=\"no\" woodmart_box_shadow=\"no\" wd_z_index=\"no\" woodmart_disable_overflow=\"0&Prime; row_reverse_mobile=\"0&Prime; row_reverse_tablet=\"0&Prime;][vc_column][vc_column_text css=\"\" woodmart_inline=\"no\" text_larger=\"no\"] Conditions g\u00e9n\u00e9rales d&rsquo;utilisation En<\/p>\n","protected":false},"author":4,"featured_media":0,"parent":0,"menu_order":0,"comment_status":"closed","ping_status":"closed","template":"","meta":{"footnotes":""},"class_list":["post-16506","page","type-page","status-publish","hentry"],"yoast_head":"<!-- This site is optimized with the Yoast SEO plugin v27.2 - https:\/\/yoast.com\/product\/yoast-seo-wordpress\/ -->\n<title>Conditions g\u00e9n\u00e9rales d&#039;utilisation - The Bear Chair\u00ae<\/title>\n<meta name=\"robots\" content=\"index, follow, max-snippet:-1, max-image-preview:large, max-video-preview:-1\" \/>\n<link rel=\"canonical\" href=\"https:\/\/bearchair.eu\/fr\/conditions-generales-dutilisation\/\" \/>\n<meta property=\"og:locale\" content=\"fr_FR\" \/>\n<meta property=\"og:type\" content=\"article\" \/>\n<meta property=\"og:title\" content=\"Conditions g\u00e9n\u00e9rales d&#039;utilisation - The Bear Chair\u00ae\" \/>\n<meta property=\"og:description\" content=\"[vc_row full_width=&quot;stretch_row&quot; woodmart_css_id=&quot;662b5b1423d95&Prime; responsive_spacing=&quot;eyJwYXJhbV90eXBlIjoid29vZG1hcnRfcmVzcG9uc2l2ZV9zcGFjaW5nIiwic2VsZWN0b3JfaWQiOiI2NjJiNWIxNDIzZDk1Iiwic2hvcnRjb2RlIjoidmNfcm93IiwiZGF0YSI6eyJ0YWJsZXQiOnt9LCJtb2JpbGUiOnt9fX0=&quot; mobile_bg_img_hidden=&quot;no&quot; tablet_bg_img_hidden=&quot;no&quot; woodmart_parallax=&quot;0&Prime; woodmart_gradient_switch=&quot;no&quot; woodmart_box_shadow=&quot;no&quot; wd_z_index=&quot;no&quot; woodmart_disable_overflow=&quot;0&Prime; row_reverse_mobile=&quot;0&Prime; row_reverse_tablet=&quot;0&Prime;][vc_column][vc_column_text css=&quot;&quot; woodmart_inline=&quot;no&quot; text_larger=&quot;no&quot;] Conditions g\u00e9n\u00e9rales d&rsquo;utilisation En\" \/>\n<meta property=\"og:url\" content=\"https:\/\/bearchair.eu\/fr\/conditions-generales-dutilisation\/\" \/>\n<meta property=\"og:site_name\" content=\"The Bear Chair\u00ae\" \/>\n<meta property=\"article:modified_time\" content=\"2026-01-07T13:09:13+00:00\" \/>\n<meta name=\"twitter:card\" content=\"summary_large_image\" \/>\n<meta name=\"twitter:label1\" content=\"Dur\u00e9e de lecture estim\u00e9e\" \/>\n\t<meta name=\"twitter:data1\" content=\"4 minutes\" \/>\n<script type=\"application\/ld+json\" class=\"yoast-schema-graph\">{\"@context\":\"https:\/\/schema.org\",\"@graph\":[{\"@type\":\"WebPage\",\"@id\":\"https:\/\/bearchair.eu\/fr\/conditions-generales-dutilisation\/\",\"url\":\"https:\/\/bearchair.eu\/fr\/conditions-generales-dutilisation\/\",\"name\":\"Conditions g\u00e9n\u00e9rales d'utilisation - The Bear Chair\u00ae\",\"isPartOf\":{\"@id\":\"https:\/\/bearchair.eu\/fr\/#website\"},\"datePublished\":\"2024-04-26T07:40:27+00:00\",\"dateModified\":\"2026-01-07T13:09:13+00:00\",\"breadcrumb\":{\"@id\":\"https:\/\/bearchair.eu\/fr\/conditions-generales-dutilisation\/#breadcrumb\"},\"inLanguage\":\"fr-FR\",\"potentialAction\":[{\"@type\":\"ReadAction\",\"target\":[\"https:\/\/bearchair.eu\/fr\/conditions-generales-dutilisation\/\"]}]},{\"@type\":\"BreadcrumbList\",\"@id\":\"https:\/\/bearchair.eu\/fr\/conditions-generales-dutilisation\/#breadcrumb\",\"itemListElement\":[{\"@type\":\"ListItem\",\"position\":1,\"name\":\"Home\",\"item\":\"https:\/\/bearchair.eu\/fr\/accueil\/\"},{\"@type\":\"ListItem\",\"position\":2,\"name\":\"Conditions g\u00e9n\u00e9rales d&#8217;utilisation\"}]},{\"@type\":\"WebSite\",\"@id\":\"https:\/\/bearchair.eu\/fr\/#website\",\"url\":\"https:\/\/bearchair.eu\/fr\/\",\"name\":\"The Bear Chair\",\"description\":\"\",\"publisher\":{\"@id\":\"https:\/\/bearchair.eu\/fr\/#organization\"},\"potentialAction\":[{\"@type\":\"SearchAction\",\"target\":{\"@type\":\"EntryPoint\",\"urlTemplate\":\"https:\/\/bearchair.eu\/fr\/?s={search_term_string}\"},\"query-input\":{\"@type\":\"PropertyValueSpecification\",\"valueRequired\":true,\"valueName\":\"search_term_string\"}}],\"inLanguage\":\"fr-FR\"},{\"@type\":\"Organization\",\"@id\":\"https:\/\/bearchair.eu\/fr\/#organization\",\"name\":\"La chaise de l'ours\",\"url\":\"https:\/\/bearchair.eu\/fr\/\",\"logo\":{\"@type\":\"ImageObject\",\"inLanguage\":\"fr-FR\",\"@id\":\"https:\/\/bearchair.eu\/fr\/#\/schema\/logo\/image\/\",\"url\":\"https:\/\/new.bearchair.eu\/wp-content\/uploads\/2024\/05\/BearChairIcon.png\",\"contentUrl\":\"https:\/\/new.bearchair.eu\/wp-content\/uploads\/2024\/05\/BearChairIcon.png\",\"width\":512,\"height\":512,\"caption\":\"La chaise de l'ours\"},\"image\":{\"@id\":\"https:\/\/bearchair.eu\/fr\/#\/schema\/logo\/image\/\"}}]}<\/script>\n<!-- \/ Yoast SEO plugin. -->","yoast_head_json":{"title":"Conditions g\u00e9n\u00e9rales d'utilisation - The Bear Chair\u00ae","robots":{"index":"index","follow":"follow","max-snippet":"max-snippet:-1","max-image-preview":"max-image-preview:large","max-video-preview":"max-video-preview:-1"},"canonical":"https:\/\/bearchair.eu\/fr\/conditions-generales-dutilisation\/","og_locale":"fr_FR","og_type":"article","og_title":"Conditions g\u00e9n\u00e9rales d'utilisation - The Bear Chair\u00ae","og_description":"[vc_row full_width=\"stretch_row\" woodmart_css_id=\"662b5b1423d95&Prime; responsive_spacing=\"eyJwYXJhbV90eXBlIjoid29vZG1hcnRfcmVzcG9uc2l2ZV9zcGFjaW5nIiwic2VsZWN0b3JfaWQiOiI2NjJiNWIxNDIzZDk1Iiwic2hvcnRjb2RlIjoidmNfcm93IiwiZGF0YSI6eyJ0YWJsZXQiOnt9LCJtb2JpbGUiOnt9fX0=\" mobile_bg_img_hidden=\"no\" tablet_bg_img_hidden=\"no\" woodmart_parallax=\"0&Prime; woodmart_gradient_switch=\"no\" woodmart_box_shadow=\"no\" wd_z_index=\"no\" woodmart_disable_overflow=\"0&Prime; row_reverse_mobile=\"0&Prime; row_reverse_tablet=\"0&Prime;][vc_column][vc_column_text css=\"\" woodmart_inline=\"no\" text_larger=\"no\"] Conditions g\u00e9n\u00e9rales d&rsquo;utilisation En","og_url":"https:\/\/bearchair.eu\/fr\/conditions-generales-dutilisation\/","og_site_name":"The Bear Chair\u00ae","article_modified_time":"2026-01-07T13:09:13+00:00","twitter_card":"summary_large_image","twitter_misc":{"Dur\u00e9e de lecture estim\u00e9e":"4 minutes"},"schema":{"@context":"https:\/\/schema.org","@graph":[{"@type":"WebPage","@id":"https:\/\/bearchair.eu\/fr\/conditions-generales-dutilisation\/","url":"https:\/\/bearchair.eu\/fr\/conditions-generales-dutilisation\/","name":"Conditions g\u00e9n\u00e9rales d'utilisation - The Bear Chair\u00ae","isPartOf":{"@id":"https:\/\/bearchair.eu\/fr\/#website"},"datePublished":"2024-04-26T07:40:27+00:00","dateModified":"2026-01-07T13:09:13+00:00","breadcrumb":{"@id":"https:\/\/bearchair.eu\/fr\/conditions-generales-dutilisation\/#breadcrumb"},"inLanguage":"fr-FR","potentialAction":[{"@type":"ReadAction","target":["https:\/\/bearchair.eu\/fr\/conditions-generales-dutilisation\/"]}]},{"@type":"BreadcrumbList","@id":"https:\/\/bearchair.eu\/fr\/conditions-generales-dutilisation\/#breadcrumb","itemListElement":[{"@type":"ListItem","position":1,"name":"Home","item":"https:\/\/bearchair.eu\/fr\/accueil\/"},{"@type":"ListItem","position":2,"name":"Conditions g\u00e9n\u00e9rales d&#8217;utilisation"}]},{"@type":"WebSite","@id":"https:\/\/bearchair.eu\/fr\/#website","url":"https:\/\/bearchair.eu\/fr\/","name":"The Bear Chair","description":"","publisher":{"@id":"https:\/\/bearchair.eu\/fr\/#organization"},"potentialAction":[{"@type":"SearchAction","target":{"@type":"EntryPoint","urlTemplate":"https:\/\/bearchair.eu\/fr\/?s={search_term_string}"},"query-input":{"@type":"PropertyValueSpecification","valueRequired":true,"valueName":"search_term_string"}}],"inLanguage":"fr-FR"},{"@type":"Organization","@id":"https:\/\/bearchair.eu\/fr\/#organization","name":"La chaise de l'ours","url":"https:\/\/bearchair.eu\/fr\/","logo":{"@type":"ImageObject","inLanguage":"fr-FR","@id":"https:\/\/bearchair.eu\/fr\/#\/schema\/logo\/image\/","url":"https:\/\/new.bearchair.eu\/wp-content\/uploads\/2024\/05\/BearChairIcon.png","contentUrl":"https:\/\/new.bearchair.eu\/wp-content\/uploads\/2024\/05\/BearChairIcon.png","width":512,"height":512,"caption":"La chaise de l'ours"},"image":{"@id":"https:\/\/bearchair.eu\/fr\/#\/schema\/logo\/image\/"}}]}},"_links":{"self":[{"href":"https:\/\/bearchair.eu\/fr\/wp-json\/wp\/v2\/pages\/16506","targetHints":{"allow":["GET"]}}],"collection":[{"href":"https:\/\/bearchair.eu\/fr\/wp-json\/wp\/v2\/pages"}],"about":[{"href":"https:\/\/bearchair.eu\/fr\/wp-json\/wp\/v2\/types\/page"}],"author":[{"embeddable":true,"href":"https:\/\/bearchair.eu\/fr\/wp-json\/wp\/v2\/users\/4"}],"replies":[{"embeddable":true,"href":"https:\/\/bearchair.eu\/fr\/wp-json\/wp\/v2\/comments?post=16506"}],"version-history":[{"count":5,"href":"https:\/\/bearchair.eu\/fr\/wp-json\/wp\/v2\/pages\/16506\/revisions"}],"predecessor-version":[{"id":23955,"href":"https:\/\/bearchair.eu\/fr\/wp-json\/wp\/v2\/pages\/16506\/revisions\/23955"}],"wp:attachment":[{"href":"https:\/\/bearchair.eu\/fr\/wp-json\/wp\/v2\/media?parent=16506"}],"curies":[{"name":"wp","href":"https:\/\/api.w.org\/{rel}","templated":true}]}}