{"id":16706,"date":"2024-05-03T10:09:44","date_gmt":"2024-05-03T10:09:44","guid":{"rendered":"https:\/\/bearchair.eu\/non%20class\u00e9\/the-original-bear-chair\/"},"modified":"2025-04-25T09:33:16","modified_gmt":"2025-04-25T09:33:16","slug":"the-original-bear-chair","status":"publish","type":"product","link":"https:\/\/bearchair.eu\/fr\/chaises-fr\/the-original-bear-chair\/","title":{"rendered":"The Original Bear Chair\u00ae"},"content":{"rendered":"<p>The Original Bear ChairLa chaise \u00ae est dot\u00e9e de larges accoudoirs, sur lesquels vous pouvez poser votre boisson, par exemple.<\/p>\n<div>\n<p><strong>Dimensions :<\/strong><\/p>\n<ul>\n<li>Hauteur : 93 cm<\/li>\n<li>Largeur : 80 cm<\/li>\n<li>Profondeur : 93 cm<\/li>\n<li>Ce mod\u00e8le n&rsquo;est pas pliable<\/li>\n<\/ul>\n<p><strong>Poids :<\/strong> 11,5 kg<\/p>\n<p><strong>Assemblage<\/strong>: The Original Bear ChairLa chaise \u00ae est disponible en trois types de paquets :<\/p>\n<ul>\n<li><strong>Kit :<\/strong> Vous recevez tout le mat\u00e9riel n\u00e9cessaire pour assembler la chaise vous-m\u00eame. Le kit comprend les lattes, les vis, la colle et, bien s\u00fbr, des instructions de montage d\u00e9taill\u00e9es. <\/li>\n<li><strong>Pr\u00e9-assembl\u00e9 :<\/strong> Le dossier et l&rsquo;assise sont pr\u00e9-assembl\u00e9s, le reste doit \u00eatre assembl\u00e9 par vos soins. Le reste doit \u00eatre assembl\u00e9 par vos soins. Tous les mat\u00e9riaux et les instructions de montage sont bien s\u00fbr inclus. <\/li>\n<li><strong>Enti\u00e8rement assembl\u00e9 :<\/strong> La chaise est d\u00e9j\u00e0 enti\u00e8rement assembl\u00e9e. Elle vous est livr\u00e9e pr\u00eate \u00e0 l&#8217;emploi par notre propre service de transport. Veuillez noter que cela peut entra\u00eener des co\u00fbts plus \u00e9lev\u00e9s.  <\/li>\n<\/ul>\n<\/div>\n<p>&nbsp;<\/p>\n","protected":false},"excerpt":{"rendered":"<p>The Original Bear Chair\u00ae : l\u00e0 o\u00f9 tout a commenc\u00e9. Cette chaise tr\u00e8s confortable et robuste s&rsquo;adapte \u00e0 tous les environnements ! <\/p>\n<p>&nbsp;<\/p>\n","protected":false},"featured_media":15728,"template":"","meta":[],"product_brand":[],"product_cat":[255],"product_tag":[256],"class_list":{"0":"post-16706","1":"product","2":"type-product","3":"status-publish","4":"has-post-thumbnail","6":"product_cat-chaises-fr","7":"product_tag-the-original-bear-chair-fr","9":"first","10":"instock","11":"featured","12":"taxable","13":"shipping-taxable","14":"purchasable","15":"product-type-variable"},"yoast_head":"<!-- This site is optimized with the Yoast SEO plugin v27.2 - https:\/\/yoast.com\/product\/yoast-seo-wordpress\/ -->\n<title>The Original Bear Chair\u00ae - The Bear Chair\u00ae<\/title>\n<meta name=\"description\" content=\"Magasinez l&#039;original Bear Chair\u00ae . Chaise de jardin unique au confort in\u00e9gal\u00e9, combin\u00e9e \u00e0 de larges accoudoirs pour votre journal, votre magazine ou votre boisson.\" \/>\n<meta name=\"robots\" content=\"index, follow, max-snippet:-1, max-image-preview:large, max-video-preview:-1\" \/>\n<link rel=\"canonical\" href=\"https:\/\/bearchair.eu\/fr\/chaises-fr\/the-original-bear-chair\/\" \/>\n<meta property=\"og:locale\" content=\"fr_FR\" \/>\n<meta property=\"og:type\" content=\"article\" \/>\n<meta property=\"og:title\" content=\"The Original Bear Chair\u00ae - The Bear Chair\u00ae\" \/>\n<meta property=\"og:description\" content=\"Magasinez l&#039;original Bear Chair\u00ae . Chaise de jardin unique au confort in\u00e9gal\u00e9, combin\u00e9e \u00e0 de larges accoudoirs pour votre journal, votre magazine ou votre boisson.\" \/>\n<meta property=\"og:url\" content=\"https:\/\/bearchair.eu\/fr\/chaises-fr\/the-original-bear-chair\/\" \/>\n<meta property=\"og:site_name\" content=\"The Bear Chair\u00ae\" \/>\n<meta property=\"article:modified_time\" content=\"2025-04-25T09:33:16+00:00\" \/>\n<meta property=\"og:image\" content=\"https:\/\/bearchair.eu\/wp-content\/uploads\/2024\/05\/Untitled-design-beer-1.png\" \/>\n\t<meta property=\"og:image:width\" content=\"720\" \/>\n\t<meta property=\"og:image:height\" content=\"960\" \/>\n\t<meta property=\"og:image:type\" content=\"image\/png\" \/>\n<meta name=\"twitter:card\" content=\"summary_large_image\" \/>\n<meta name=\"twitter:label1\" content=\"Dur\u00e9e de lecture estim\u00e9e\" \/>\n\t<meta name=\"twitter:data1\" content=\"1 minute\" \/>\n<script type=\"application\/ld+json\" class=\"yoast-schema-graph\">{\"@context\":\"https:\/\/schema.org\",\"@graph\":[{\"@type\":\"WebPage\",\"@id\":\"https:\/\/bearchair.eu\/fr\/chaises-fr\/the-original-bear-chair\/\",\"url\":\"https:\/\/bearchair.eu\/fr\/chaises-fr\/the-original-bear-chair\/\",\"name\":\"The Original Bear Chair\u00ae - The Bear Chair\u00ae\",\"isPartOf\":{\"@id\":\"https:\/\/bearchair.eu\/fr\/#website\"},\"primaryImageOfPage\":{\"@id\":\"https:\/\/bearchair.eu\/fr\/chaises-fr\/the-original-bear-chair\/#primaryimage\"},\"image\":{\"@id\":\"https:\/\/bearchair.eu\/fr\/chaises-fr\/the-original-bear-chair\/#primaryimage\"},\"thumbnailUrl\":\"https:\/\/bearchair.eu\/wp-content\/uploads\/2024\/05\/Untitled-design-beer-1.png\",\"datePublished\":\"2024-05-03T10:09:44+00:00\",\"dateModified\":\"2025-04-25T09:33:16+00:00\",\"description\":\"Magasinez l'original Bear Chair\u00ae . Chaise de jardin unique au confort in\u00e9gal\u00e9, combin\u00e9e \u00e0 de larges accoudoirs pour votre journal, votre magazine ou votre boisson.\",\"breadcrumb\":{\"@id\":\"https:\/\/bearchair.eu\/fr\/chaises-fr\/the-original-bear-chair\/#breadcrumb\"},\"inLanguage\":\"fr-FR\",\"potentialAction\":[{\"@type\":\"ReadAction\",\"target\":[\"https:\/\/bearchair.eu\/fr\/chaises-fr\/the-original-bear-chair\/\"]}]},{\"@type\":\"ImageObject\",\"inLanguage\":\"fr-FR\",\"@id\":\"https:\/\/bearchair.eu\/fr\/chaises-fr\/the-original-bear-chair\/#primaryimage\",\"url\":\"https:\/\/bearchair.eu\/wp-content\/uploads\/2024\/05\/Untitled-design-beer-1.png\",\"contentUrl\":\"https:\/\/bearchair.eu\/wp-content\/uploads\/2024\/05\/Untitled-design-beer-1.png\",\"width\":720,\"height\":960},{\"@type\":\"BreadcrumbList\",\"@id\":\"https:\/\/bearchair.eu\/fr\/chaises-fr\/the-original-bear-chair\/#breadcrumb\",\"itemListElement\":[{\"@type\":\"ListItem\",\"position\":1,\"name\":\"Accueil\",\"item\":\"https:\/\/bearchair.eu\/fr\/accueil\/\"},{\"@type\":\"ListItem\",\"position\":2,\"name\":\"Boutique\",\"item\":\"https:\/\/bearchair.eu\/fr\/boutique\/\"},{\"@type\":\"ListItem\",\"position\":3,\"name\":\"The Original Bear Chair\u00ae\"}]},{\"@type\":\"WebSite\",\"@id\":\"https:\/\/bearchair.eu\/fr\/#website\",\"url\":\"https:\/\/bearchair.eu\/fr\/\",\"name\":\"The Bear Chair\",\"description\":\"\",\"publisher\":{\"@id\":\"https:\/\/bearchair.eu\/fr\/#organization\"},\"potentialAction\":[{\"@type\":\"SearchAction\",\"target\":{\"@type\":\"EntryPoint\",\"urlTemplate\":\"https:\/\/bearchair.eu\/fr\/?s={search_term_string}\"},\"query-input\":{\"@type\":\"PropertyValueSpecification\",\"valueRequired\":true,\"valueName\":\"search_term_string\"}}],\"inLanguage\":\"fr-FR\"},{\"@type\":\"Organization\",\"@id\":\"https:\/\/bearchair.eu\/fr\/#organization\",\"name\":\"La chaise de l'ours\",\"url\":\"https:\/\/bearchair.eu\/fr\/\",\"logo\":{\"@type\":\"ImageObject\",\"inLanguage\":\"fr-FR\",\"@id\":\"https:\/\/bearchair.eu\/fr\/#\/schema\/logo\/image\/\",\"url\":\"https:\/\/new.bearchair.eu\/wp-content\/uploads\/2024\/05\/BearChairIcon.png\",\"contentUrl\":\"https:\/\/new.bearchair.eu\/wp-content\/uploads\/2024\/05\/BearChairIcon.png\",\"width\":512,\"height\":512,\"caption\":\"La chaise de l'ours\"},\"image\":{\"@id\":\"https:\/\/bearchair.eu\/fr\/#\/schema\/logo\/image\/\"}}]}<\/script>\n<!-- \/ Yoast SEO plugin. -->","yoast_head_json":{"title":"The Original Bear Chair\u00ae - The Bear Chair\u00ae","description":"Magasinez l'original Bear Chair\u00ae . Chaise de jardin unique au confort in\u00e9gal\u00e9, combin\u00e9e \u00e0 de larges accoudoirs pour votre journal, votre magazine ou votre boisson.","robots":{"index":"index","follow":"follow","max-snippet":"max-snippet:-1","max-image-preview":"max-image-preview:large","max-video-preview":"max-video-preview:-1"},"canonical":"https:\/\/bearchair.eu\/fr\/chaises-fr\/the-original-bear-chair\/","og_locale":"fr_FR","og_type":"article","og_title":"The Original Bear Chair\u00ae - The Bear Chair\u00ae","og_description":"Magasinez l'original Bear Chair\u00ae . Chaise de jardin unique au confort in\u00e9gal\u00e9, combin\u00e9e \u00e0 de larges accoudoirs pour votre journal, votre magazine ou votre boisson.","og_url":"https:\/\/bearchair.eu\/fr\/chaises-fr\/the-original-bear-chair\/","og_site_name":"The Bear Chair\u00ae","article_modified_time":"2025-04-25T09:33:16+00:00","og_image":[{"width":720,"height":960,"url":"https:\/\/bearchair.eu\/wp-content\/uploads\/2024\/05\/Untitled-design-beer-1.png","type":"image\/png"}],"twitter_card":"summary_large_image","twitter_misc":{"Dur\u00e9e de lecture estim\u00e9e":"1 minute"},"schema":{"@context":"https:\/\/schema.org","@graph":[{"@type":"WebPage","@id":"https:\/\/bearchair.eu\/fr\/chaises-fr\/the-original-bear-chair\/","url":"https:\/\/bearchair.eu\/fr\/chaises-fr\/the-original-bear-chair\/","name":"The Original Bear Chair\u00ae - The Bear Chair\u00ae","isPartOf":{"@id":"https:\/\/bearchair.eu\/fr\/#website"},"primaryImageOfPage":{"@id":"https:\/\/bearchair.eu\/fr\/chaises-fr\/the-original-bear-chair\/#primaryimage"},"image":{"@id":"https:\/\/bearchair.eu\/fr\/chaises-fr\/the-original-bear-chair\/#primaryimage"},"thumbnailUrl":"https:\/\/bearchair.eu\/wp-content\/uploads\/2024\/05\/Untitled-design-beer-1.png","datePublished":"2024-05-03T10:09:44+00:00","dateModified":"2025-04-25T09:33:16+00:00","description":"Magasinez l'original Bear Chair\u00ae . Chaise de jardin unique au confort in\u00e9gal\u00e9, combin\u00e9e \u00e0 de larges accoudoirs pour votre journal, votre magazine ou votre boisson.","breadcrumb":{"@id":"https:\/\/bearchair.eu\/fr\/chaises-fr\/the-original-bear-chair\/#breadcrumb"},"inLanguage":"fr-FR","potentialAction":[{"@type":"ReadAction","target":["https:\/\/bearchair.eu\/fr\/chaises-fr\/the-original-bear-chair\/"]}]},{"@type":"ImageObject","inLanguage":"fr-FR","@id":"https:\/\/bearchair.eu\/fr\/chaises-fr\/the-original-bear-chair\/#primaryimage","url":"https:\/\/bearchair.eu\/wp-content\/uploads\/2024\/05\/Untitled-design-beer-1.png","contentUrl":"https:\/\/bearchair.eu\/wp-content\/uploads\/2024\/05\/Untitled-design-beer-1.png","width":720,"height":960},{"@type":"BreadcrumbList","@id":"https:\/\/bearchair.eu\/fr\/chaises-fr\/the-original-bear-chair\/#breadcrumb","itemListElement":[{"@type":"ListItem","position":1,"name":"Accueil","item":"https:\/\/bearchair.eu\/fr\/accueil\/"},{"@type":"ListItem","position":2,"name":"Boutique","item":"https:\/\/bearchair.eu\/fr\/boutique\/"},{"@type":"ListItem","position":3,"name":"The Original Bear Chair\u00ae"}]},{"@type":"WebSite","@id":"https:\/\/bearchair.eu\/fr\/#website","url":"https:\/\/bearchair.eu\/fr\/","name":"The Bear Chair","description":"","publisher":{"@id":"https:\/\/bearchair.eu\/fr\/#organization"},"potentialAction":[{"@type":"SearchAction","target":{"@type":"EntryPoint","urlTemplate":"https:\/\/bearchair.eu\/fr\/?s={search_term_string}"},"query-input":{"@type":"PropertyValueSpecification","valueRequired":true,"valueName":"search_term_string"}}],"inLanguage":"fr-FR"},{"@type":"Organization","@id":"https:\/\/bearchair.eu\/fr\/#organization","name":"La chaise de l'ours","url":"https:\/\/bearchair.eu\/fr\/","logo":{"@type":"ImageObject","inLanguage":"fr-FR","@id":"https:\/\/bearchair.eu\/fr\/#\/schema\/logo\/image\/","url":"https:\/\/new.bearchair.eu\/wp-content\/uploads\/2024\/05\/BearChairIcon.png","contentUrl":"https:\/\/new.bearchair.eu\/wp-content\/uploads\/2024\/05\/BearChairIcon.png","width":512,"height":512,"caption":"La chaise de l'ours"},"image":{"@id":"https:\/\/bearchair.eu\/fr\/#\/schema\/logo\/image\/"}}]}},"_links":{"self":[{"href":"https:\/\/bearchair.eu\/fr\/wp-json\/wp\/v2\/product\/16706","targetHints":{"allow":["GET"]}}],"collection":[{"href":"https:\/\/bearchair.eu\/fr\/wp-json\/wp\/v2\/product"}],"about":[{"href":"https:\/\/bearchair.eu\/fr\/wp-json\/wp\/v2\/types\/product"}],"wp:featuredmedia":[{"embeddable":true,"href":"https:\/\/bearchair.eu\/fr\/wp-json\/wp\/v2\/media\/15728"}],"wp:attachment":[{"href":"https:\/\/bearchair.eu\/fr\/wp-json\/wp\/v2\/media?parent=16706"}],"wp:term":[{"taxonomy":"product_brand","embeddable":true,"href":"https:\/\/bearchair.eu\/fr\/wp-json\/wp\/v2\/product_brand?post=16706"},{"taxonomy":"product_cat","embeddable":true,"href":"https:\/\/bearchair.eu\/fr\/wp-json\/wp\/v2\/product_cat?post=16706"},{"taxonomy":"product_tag","embeddable":true,"href":"https:\/\/bearchair.eu\/fr\/wp-json\/wp\/v2\/product_tag?post=16706"}],"curies":[{"name":"wp","href":"https:\/\/api.w.org\/{rel}","templated":true}]}}