{"id":16785,"date":"2024-05-03T10:09:36","date_gmt":"2024-05-03T10:09:36","guid":{"rendered":"https:\/\/bearchair.eu\/non%20class\u00e9\/banc-en-cedre\/"},"modified":"2025-04-25T10:01:08","modified_gmt":"2025-04-25T10:01:08","slug":"banc-en-cedre","status":"publish","type":"product","link":"https:\/\/bearchair.eu\/fr\/chaises-fr\/banc-en-cedre\/","title":{"rendered":"Bear ChairBanc en c\u00e8dre"},"content":{"rendered":"<p>Ce banc en c\u00e8dre Bear Chair\u00ae est pratique comme si\u00e8ge suppl\u00e9mentaire, mais aussi id\u00e9al comme table d&rsquo;appoint. Son poids l\u00e9ger le rend facile \u00e0 d\u00e9placer, mais il ne manque pas de robustesse ! <\/p>\n<p><strong>Dimensions :<\/strong><\/p>\n<ul>\n<li>Hauteur : 46 cm<\/li>\n<li>Largeur : 46 cm<\/li>\n<li>Profondeur : 45 cm<\/li>\n<\/ul>\n<p><strong>Poids :<\/strong> 7,2 kg<\/p>\n<p><strong>Assemblage :<\/strong> Le banc en c\u00e8dre Bear Chair\u00ae est disponible en deux types d&#8217;emballages :<\/p>\n<ul>\n<li><strong>Pr\u00e9-assembl\u00e9 :<\/strong> Le plateau est pr\u00e9-assembl\u00e9, le reste doit \u00eatre assembl\u00e9 par vos soins. Tous les mat\u00e9riaux et les instructions de montage sont bien s\u00fbr inclus. <\/li>\n<li><strong>Enti\u00e8rement assembl\u00e9 :<\/strong> Le pouf est d\u00e9j\u00e0 enti\u00e8rement assembl\u00e9. Il vous est livr\u00e9 pr\u00eat \u00e0 l&#8217;emploi par notre propre service de transport. Veuillez noter que des frais plus \u00e9lev\u00e9s peuvent s&rsquo;appliquer dans ce cas.  <\/li>\n<\/ul>\n<p>Astuce : combinez le banc en c\u00e8dre (pied) avec la <a href=\"https:\/\/bearchair.eu\/tafels\/picknick-tafel\/\" target=\"_blank\" rel=\"noopener\">table de pique-nique<\/a>.<\/p>\n","protected":false},"excerpt":{"rendered":"<p>Le banc en c\u00e8dre Bear Chair\u00ae est l\u00e9ger, facile \u00e0 d\u00e9placer, durable et \u00e9l\u00e9gant. Pratique comme si\u00e8ge facile \u00e0 d\u00e9placer ou comme table d&rsquo;appoint. <\/p>\n","protected":false},"featured_media":15666,"template":"","meta":[],"product_brand":[],"product_cat":[255],"product_tag":[],"class_list":{"0":"post-16785","1":"product","2":"type-product","3":"status-publish","4":"has-post-thumbnail","6":"product_cat-chaises-fr","8":"first","9":"instock","10":"taxable","11":"shipping-taxable","12":"purchasable","13":"product-type-variable"},"yoast_head":"<!-- This site is optimized with the Yoast SEO plugin v27.2 - https:\/\/yoast.com\/product\/yoast-seo-wordpress\/ -->\n<title>Bear ChairBanc en c\u00e8dre - The Bear Chair\u00ae<\/title>\n<meta name=\"robots\" content=\"index, follow, max-snippet:-1, max-image-preview:large, max-video-preview:-1\" \/>\n<link rel=\"canonical\" href=\"https:\/\/bearchair.eu\/fr\/chaises-fr\/banc-en-cedre\/\" \/>\n<meta property=\"og:locale\" content=\"fr_FR\" \/>\n<meta property=\"og:type\" content=\"article\" \/>\n<meta property=\"og:title\" content=\"Bear ChairBanc en c\u00e8dre - The Bear Chair\u00ae\" \/>\n<meta property=\"og:description\" content=\"Le banc en c\u00e8dre Bear Chair\u00ae est l\u00e9ger, facile \u00e0 d\u00e9placer, durable et \u00e9l\u00e9gant. Pratique comme si\u00e8ge facile \u00e0 d\u00e9placer ou comme table d&#039;appoint.\" \/>\n<meta property=\"og:url\" content=\"https:\/\/bearchair.eu\/fr\/chaises-fr\/banc-en-cedre\/\" \/>\n<meta property=\"og:site_name\" content=\"The Bear Chair\u00ae\" \/>\n<meta property=\"article:modified_time\" content=\"2025-04-25T10:01:08+00:00\" \/>\n<meta property=\"og:image\" content=\"https:\/\/bearchair.eu\/wp-content\/uploads\/2024\/05\/Untitled-design-13.png\" \/>\n\t<meta property=\"og:image:width\" content=\"720\" \/>\n\t<meta property=\"og:image:height\" content=\"960\" \/>\n\t<meta property=\"og:image:type\" content=\"image\/png\" \/>\n<meta name=\"twitter:card\" content=\"summary_large_image\" \/>\n<meta name=\"twitter:label1\" content=\"Dur\u00e9e de lecture estim\u00e9e\" \/>\n\t<meta name=\"twitter:data1\" content=\"1 minute\" \/>\n<script type=\"application\/ld+json\" class=\"yoast-schema-graph\">{\"@context\":\"https:\/\/schema.org\",\"@graph\":[{\"@type\":\"WebPage\",\"@id\":\"https:\/\/bearchair.eu\/fr\/chaises-fr\/banc-en-cedre\/\",\"url\":\"https:\/\/bearchair.eu\/fr\/chaises-fr\/banc-en-cedre\/\",\"name\":\"Bear ChairBanc en c\u00e8dre - The Bear Chair\u00ae\",\"isPartOf\":{\"@id\":\"https:\/\/bearchair.eu\/fr\/#website\"},\"primaryImageOfPage\":{\"@id\":\"https:\/\/bearchair.eu\/fr\/chaises-fr\/banc-en-cedre\/#primaryimage\"},\"image\":{\"@id\":\"https:\/\/bearchair.eu\/fr\/chaises-fr\/banc-en-cedre\/#primaryimage\"},\"thumbnailUrl\":\"https:\/\/bearchair.eu\/wp-content\/uploads\/2024\/05\/Untitled-design-13.png\",\"datePublished\":\"2024-05-03T10:09:36+00:00\",\"dateModified\":\"2025-04-25T10:01:08+00:00\",\"breadcrumb\":{\"@id\":\"https:\/\/bearchair.eu\/fr\/chaises-fr\/banc-en-cedre\/#breadcrumb\"},\"inLanguage\":\"fr-FR\",\"potentialAction\":[{\"@type\":\"ReadAction\",\"target\":[\"https:\/\/bearchair.eu\/fr\/chaises-fr\/banc-en-cedre\/\"]}]},{\"@type\":\"ImageObject\",\"inLanguage\":\"fr-FR\",\"@id\":\"https:\/\/bearchair.eu\/fr\/chaises-fr\/banc-en-cedre\/#primaryimage\",\"url\":\"https:\/\/bearchair.eu\/wp-content\/uploads\/2024\/05\/Untitled-design-13.png\",\"contentUrl\":\"https:\/\/bearchair.eu\/wp-content\/uploads\/2024\/05\/Untitled-design-13.png\",\"width\":720,\"height\":960},{\"@type\":\"BreadcrumbList\",\"@id\":\"https:\/\/bearchair.eu\/fr\/chaises-fr\/banc-en-cedre\/#breadcrumb\",\"itemListElement\":[{\"@type\":\"ListItem\",\"position\":1,\"name\":\"Home\",\"item\":\"https:\/\/bearchair.eu\/fr\/accueil\/\"},{\"@type\":\"ListItem\",\"position\":2,\"name\":\"Boutique\",\"item\":\"https:\/\/bearchair.eu\/fr\/boutique\/\"},{\"@type\":\"ListItem\",\"position\":3,\"name\":\"Bear ChairBanc en c\u00e8dre\"}]},{\"@type\":\"WebSite\",\"@id\":\"https:\/\/bearchair.eu\/fr\/#website\",\"url\":\"https:\/\/bearchair.eu\/fr\/\",\"name\":\"The Bear Chair\",\"description\":\"\",\"publisher\":{\"@id\":\"https:\/\/bearchair.eu\/fr\/#organization\"},\"potentialAction\":[{\"@type\":\"SearchAction\",\"target\":{\"@type\":\"EntryPoint\",\"urlTemplate\":\"https:\/\/bearchair.eu\/fr\/?s={search_term_string}\"},\"query-input\":{\"@type\":\"PropertyValueSpecification\",\"valueRequired\":true,\"valueName\":\"search_term_string\"}}],\"inLanguage\":\"fr-FR\"},{\"@type\":\"Organization\",\"@id\":\"https:\/\/bearchair.eu\/fr\/#organization\",\"name\":\"La chaise de l'ours\",\"url\":\"https:\/\/bearchair.eu\/fr\/\",\"logo\":{\"@type\":\"ImageObject\",\"inLanguage\":\"fr-FR\",\"@id\":\"https:\/\/bearchair.eu\/fr\/#\/schema\/logo\/image\/\",\"url\":\"https:\/\/new.bearchair.eu\/wp-content\/uploads\/2024\/05\/BearChairIcon.png\",\"contentUrl\":\"https:\/\/new.bearchair.eu\/wp-content\/uploads\/2024\/05\/BearChairIcon.png\",\"width\":512,\"height\":512,\"caption\":\"La chaise de l'ours\"},\"image\":{\"@id\":\"https:\/\/bearchair.eu\/fr\/#\/schema\/logo\/image\/\"}}]}<\/script>\n<!-- \/ Yoast SEO plugin. -->","yoast_head_json":{"title":"Bear ChairBanc en c\u00e8dre - The Bear Chair\u00ae","robots":{"index":"index","follow":"follow","max-snippet":"max-snippet:-1","max-image-preview":"max-image-preview:large","max-video-preview":"max-video-preview:-1"},"canonical":"https:\/\/bearchair.eu\/fr\/chaises-fr\/banc-en-cedre\/","og_locale":"fr_FR","og_type":"article","og_title":"Bear ChairBanc en c\u00e8dre - The Bear Chair\u00ae","og_description":"Le banc en c\u00e8dre Bear Chair\u00ae est l\u00e9ger, facile \u00e0 d\u00e9placer, durable et \u00e9l\u00e9gant. Pratique comme si\u00e8ge facile \u00e0 d\u00e9placer ou comme table d'appoint.","og_url":"https:\/\/bearchair.eu\/fr\/chaises-fr\/banc-en-cedre\/","og_site_name":"The Bear Chair\u00ae","article_modified_time":"2025-04-25T10:01:08+00:00","og_image":[{"width":720,"height":960,"url":"https:\/\/bearchair.eu\/wp-content\/uploads\/2024\/05\/Untitled-design-13.png","type":"image\/png"}],"twitter_card":"summary_large_image","twitter_misc":{"Dur\u00e9e de lecture estim\u00e9e":"1 minute"},"schema":{"@context":"https:\/\/schema.org","@graph":[{"@type":"WebPage","@id":"https:\/\/bearchair.eu\/fr\/chaises-fr\/banc-en-cedre\/","url":"https:\/\/bearchair.eu\/fr\/chaises-fr\/banc-en-cedre\/","name":"Bear ChairBanc en c\u00e8dre - The Bear Chair\u00ae","isPartOf":{"@id":"https:\/\/bearchair.eu\/fr\/#website"},"primaryImageOfPage":{"@id":"https:\/\/bearchair.eu\/fr\/chaises-fr\/banc-en-cedre\/#primaryimage"},"image":{"@id":"https:\/\/bearchair.eu\/fr\/chaises-fr\/banc-en-cedre\/#primaryimage"},"thumbnailUrl":"https:\/\/bearchair.eu\/wp-content\/uploads\/2024\/05\/Untitled-design-13.png","datePublished":"2024-05-03T10:09:36+00:00","dateModified":"2025-04-25T10:01:08+00:00","breadcrumb":{"@id":"https:\/\/bearchair.eu\/fr\/chaises-fr\/banc-en-cedre\/#breadcrumb"},"inLanguage":"fr-FR","potentialAction":[{"@type":"ReadAction","target":["https:\/\/bearchair.eu\/fr\/chaises-fr\/banc-en-cedre\/"]}]},{"@type":"ImageObject","inLanguage":"fr-FR","@id":"https:\/\/bearchair.eu\/fr\/chaises-fr\/banc-en-cedre\/#primaryimage","url":"https:\/\/bearchair.eu\/wp-content\/uploads\/2024\/05\/Untitled-design-13.png","contentUrl":"https:\/\/bearchair.eu\/wp-content\/uploads\/2024\/05\/Untitled-design-13.png","width":720,"height":960},{"@type":"BreadcrumbList","@id":"https:\/\/bearchair.eu\/fr\/chaises-fr\/banc-en-cedre\/#breadcrumb","itemListElement":[{"@type":"ListItem","position":1,"name":"Home","item":"https:\/\/bearchair.eu\/fr\/accueil\/"},{"@type":"ListItem","position":2,"name":"Boutique","item":"https:\/\/bearchair.eu\/fr\/boutique\/"},{"@type":"ListItem","position":3,"name":"Bear ChairBanc en c\u00e8dre"}]},{"@type":"WebSite","@id":"https:\/\/bearchair.eu\/fr\/#website","url":"https:\/\/bearchair.eu\/fr\/","name":"The Bear Chair","description":"","publisher":{"@id":"https:\/\/bearchair.eu\/fr\/#organization"},"potentialAction":[{"@type":"SearchAction","target":{"@type":"EntryPoint","urlTemplate":"https:\/\/bearchair.eu\/fr\/?s={search_term_string}"},"query-input":{"@type":"PropertyValueSpecification","valueRequired":true,"valueName":"search_term_string"}}],"inLanguage":"fr-FR"},{"@type":"Organization","@id":"https:\/\/bearchair.eu\/fr\/#organization","name":"La chaise de l'ours","url":"https:\/\/bearchair.eu\/fr\/","logo":{"@type":"ImageObject","inLanguage":"fr-FR","@id":"https:\/\/bearchair.eu\/fr\/#\/schema\/logo\/image\/","url":"https:\/\/new.bearchair.eu\/wp-content\/uploads\/2024\/05\/BearChairIcon.png","contentUrl":"https:\/\/new.bearchair.eu\/wp-content\/uploads\/2024\/05\/BearChairIcon.png","width":512,"height":512,"caption":"La chaise de l'ours"},"image":{"@id":"https:\/\/bearchair.eu\/fr\/#\/schema\/logo\/image\/"}}]}},"_links":{"self":[{"href":"https:\/\/bearchair.eu\/fr\/wp-json\/wp\/v2\/product\/16785","targetHints":{"allow":["GET"]}}],"collection":[{"href":"https:\/\/bearchair.eu\/fr\/wp-json\/wp\/v2\/product"}],"about":[{"href":"https:\/\/bearchair.eu\/fr\/wp-json\/wp\/v2\/types\/product"}],"wp:featuredmedia":[{"embeddable":true,"href":"https:\/\/bearchair.eu\/fr\/wp-json\/wp\/v2\/media\/15666"}],"wp:attachment":[{"href":"https:\/\/bearchair.eu\/fr\/wp-json\/wp\/v2\/media?parent=16785"}],"wp:term":[{"taxonomy":"product_brand","embeddable":true,"href":"https:\/\/bearchair.eu\/fr\/wp-json\/wp\/v2\/product_brand?post=16785"},{"taxonomy":"product_cat","embeddable":true,"href":"https:\/\/bearchair.eu\/fr\/wp-json\/wp\/v2\/product_cat?post=16785"},{"taxonomy":"product_tag","embeddable":true,"href":"https:\/\/bearchair.eu\/fr\/wp-json\/wp\/v2\/product_tag?post=16785"}],"curies":[{"name":"wp","href":"https:\/\/api.w.org\/{rel}","templated":true}]}}