{"id":16814,"date":"2024-05-03T10:09:35","date_gmt":"2024-05-03T10:09:35","guid":{"rendered":"https:\/\/bearchair.eu\/non%20class\u00e9\/bear-chair-protecteur\/"},"modified":"2025-05-01T13:10:52","modified_gmt":"2025-05-01T13:10:52","slug":"bear-chair-protecteur","status":"publish","type":"product","link":"https:\/\/bearchair.eu\/fr\/produits-de-nettoyage-et-dentretien\/bear-chair-protecteur\/","title":{"rendered":"Bear Chair\u00ae Protecteur"},"content":{"rendered":"<p>Le protecteur Bear Chair\u00ae combine la technologie monocouche avec un stabilisateur UV avanc\u00e9. Cela permet au produit de prot\u00e9ger les meubles contre le noircissement, m\u00eame dans des climats extr\u00eames. Le produit peut \u00eatre appliqu\u00e9 sur du bois neuf ou ancien. Prot\u00e8ge et pr\u00e9serve. Appliquez \u00e0 l&rsquo;aide d&rsquo;une \u00e9ponge ou d&rsquo;un pinceau plat, essuyez avec un chiffon pour enlever les traces d&rsquo;huile.    <\/p>\n<p>Le protecteur Bear Chair\u00ae est disponible en naturel, marron, blanc et noir.<\/p>\n","protected":false},"excerpt":{"rendered":"<p>Le Bear Chair\u00ae Protector prot\u00e8ge vos meubles de jardin contre les intemp\u00e9ries et la lumi\u00e8re du soleil. Ils conservent ainsi leur couleur d&rsquo;origine au fil des ans. <\/p>\n","protected":false},"featured_media":15648,"template":"","meta":[],"product_brand":[],"product_cat":[282],"product_tag":[],"class_list":{"0":"post-16814","1":"product","2":"type-product","3":"status-publish","4":"has-post-thumbnail","6":"product_cat-produits-de-nettoyage-et-dentretien","8":"first","9":"instock","10":"taxable","11":"shipping-taxable","12":"purchasable","13":"product-type-simple"},"yoast_head":"<!-- This site is optimized with the Yoast SEO plugin v27.2 - https:\/\/yoast.com\/product\/yoast-seo-wordpress\/ -->\n<title>Bear Chair\u00ae Protecteur - The Bear Chair\u00ae<\/title>\n<meta name=\"description\" content=\"Shop Bear Chair\u00ae Protector. Un produit de protection de qualit\u00e9 sup\u00e9rieure pour votre produit Bear Chair.\" \/>\n<meta name=\"robots\" content=\"index, follow, max-snippet:-1, max-image-preview:large, max-video-preview:-1\" \/>\n<link rel=\"canonical\" href=\"https:\/\/bearchair.eu\/fr\/produits-de-nettoyage-et-dentretien\/bear-chair-protecteur\/\" \/>\n<meta property=\"og:locale\" content=\"fr_FR\" \/>\n<meta property=\"og:type\" content=\"article\" \/>\n<meta property=\"og:title\" content=\"Bear Chair\u00ae Protecteur - The Bear Chair\u00ae\" \/>\n<meta property=\"og:description\" content=\"Shop Bear Chair\u00ae Protector. Un produit de protection de qualit\u00e9 sup\u00e9rieure pour votre produit Bear Chair.\" \/>\n<meta property=\"og:url\" content=\"https:\/\/bearchair.eu\/fr\/produits-de-nettoyage-et-dentretien\/bear-chair-protecteur\/\" \/>\n<meta property=\"og:site_name\" content=\"The Bear Chair\u00ae\" \/>\n<meta property=\"article:modified_time\" content=\"2025-05-01T13:10:52+00:00\" \/>\n<meta property=\"og:image\" content=\"https:\/\/bearchair.eu\/wp-content\/uploads\/2024\/05\/Untitled-design-12.png\" \/>\n\t<meta property=\"og:image:width\" content=\"720\" \/>\n\t<meta property=\"og:image:height\" content=\"960\" \/>\n\t<meta property=\"og:image:type\" content=\"image\/png\" \/>\n<meta name=\"twitter:card\" content=\"summary_large_image\" \/>\n<script type=\"application\/ld+json\" class=\"yoast-schema-graph\">{\"@context\":\"https:\/\/schema.org\",\"@graph\":[{\"@type\":\"WebPage\",\"@id\":\"https:\/\/bearchair.eu\/fr\/produits-de-nettoyage-et-dentretien\/bear-chair-protecteur\/\",\"url\":\"https:\/\/bearchair.eu\/fr\/produits-de-nettoyage-et-dentretien\/bear-chair-protecteur\/\",\"name\":\"Bear Chair\u00ae Protecteur - The Bear Chair\u00ae\",\"isPartOf\":{\"@id\":\"https:\/\/bearchair.eu\/fr\/#website\"},\"primaryImageOfPage\":{\"@id\":\"https:\/\/bearchair.eu\/fr\/produits-de-nettoyage-et-dentretien\/bear-chair-protecteur\/#primaryimage\"},\"image\":{\"@id\":\"https:\/\/bearchair.eu\/fr\/produits-de-nettoyage-et-dentretien\/bear-chair-protecteur\/#primaryimage\"},\"thumbnailUrl\":\"https:\/\/bearchair.eu\/wp-content\/uploads\/2024\/05\/Untitled-design-12.png\",\"datePublished\":\"2024-05-03T10:09:35+00:00\",\"dateModified\":\"2025-05-01T13:10:52+00:00\",\"description\":\"Shop Bear Chair\u00ae Protector. Un produit de protection de qualit\u00e9 sup\u00e9rieure pour votre produit Bear Chair.\",\"breadcrumb\":{\"@id\":\"https:\/\/bearchair.eu\/fr\/produits-de-nettoyage-et-dentretien\/bear-chair-protecteur\/#breadcrumb\"},\"inLanguage\":\"fr-FR\",\"potentialAction\":[{\"@type\":\"ReadAction\",\"target\":[\"https:\/\/bearchair.eu\/fr\/produits-de-nettoyage-et-dentretien\/bear-chair-protecteur\/\"]}]},{\"@type\":\"ImageObject\",\"inLanguage\":\"fr-FR\",\"@id\":\"https:\/\/bearchair.eu\/fr\/produits-de-nettoyage-et-dentretien\/bear-chair-protecteur\/#primaryimage\",\"url\":\"https:\/\/bearchair.eu\/wp-content\/uploads\/2024\/05\/Untitled-design-12.png\",\"contentUrl\":\"https:\/\/bearchair.eu\/wp-content\/uploads\/2024\/05\/Untitled-design-12.png\",\"width\":720,\"height\":960},{\"@type\":\"BreadcrumbList\",\"@id\":\"https:\/\/bearchair.eu\/fr\/produits-de-nettoyage-et-dentretien\/bear-chair-protecteur\/#breadcrumb\",\"itemListElement\":[{\"@type\":\"ListItem\",\"position\":1,\"name\":\"Home\",\"item\":\"https:\/\/bearchair.eu\/fr\/accueil\/\"},{\"@type\":\"ListItem\",\"position\":2,\"name\":\"Boutique\",\"item\":\"https:\/\/bearchair.eu\/fr\/boutique\/\"},{\"@type\":\"ListItem\",\"position\":3,\"name\":\"Bear Chair\u00ae Protecteur\"}]},{\"@type\":\"WebSite\",\"@id\":\"https:\/\/bearchair.eu\/fr\/#website\",\"url\":\"https:\/\/bearchair.eu\/fr\/\",\"name\":\"The Bear Chair\",\"description\":\"\",\"publisher\":{\"@id\":\"https:\/\/bearchair.eu\/fr\/#organization\"},\"potentialAction\":[{\"@type\":\"SearchAction\",\"target\":{\"@type\":\"EntryPoint\",\"urlTemplate\":\"https:\/\/bearchair.eu\/fr\/?s={search_term_string}\"},\"query-input\":{\"@type\":\"PropertyValueSpecification\",\"valueRequired\":true,\"valueName\":\"search_term_string\"}}],\"inLanguage\":\"fr-FR\"},{\"@type\":\"Organization\",\"@id\":\"https:\/\/bearchair.eu\/fr\/#organization\",\"name\":\"La chaise de l'ours\",\"url\":\"https:\/\/bearchair.eu\/fr\/\",\"logo\":{\"@type\":\"ImageObject\",\"inLanguage\":\"fr-FR\",\"@id\":\"https:\/\/bearchair.eu\/fr\/#\/schema\/logo\/image\/\",\"url\":\"https:\/\/new.bearchair.eu\/wp-content\/uploads\/2024\/05\/BearChairIcon.png\",\"contentUrl\":\"https:\/\/new.bearchair.eu\/wp-content\/uploads\/2024\/05\/BearChairIcon.png\",\"width\":512,\"height\":512,\"caption\":\"La chaise de l'ours\"},\"image\":{\"@id\":\"https:\/\/bearchair.eu\/fr\/#\/schema\/logo\/image\/\"}}]}<\/script>\n<!-- \/ Yoast SEO plugin. -->","yoast_head_json":{"title":"Bear Chair\u00ae Protecteur - The Bear Chair\u00ae","description":"Shop Bear Chair\u00ae Protector. Un produit de protection de qualit\u00e9 sup\u00e9rieure pour votre produit Bear Chair.","robots":{"index":"index","follow":"follow","max-snippet":"max-snippet:-1","max-image-preview":"max-image-preview:large","max-video-preview":"max-video-preview:-1"},"canonical":"https:\/\/bearchair.eu\/fr\/produits-de-nettoyage-et-dentretien\/bear-chair-protecteur\/","og_locale":"fr_FR","og_type":"article","og_title":"Bear Chair\u00ae Protecteur - The Bear Chair\u00ae","og_description":"Shop Bear Chair\u00ae Protector. Un produit de protection de qualit\u00e9 sup\u00e9rieure pour votre produit Bear Chair.","og_url":"https:\/\/bearchair.eu\/fr\/produits-de-nettoyage-et-dentretien\/bear-chair-protecteur\/","og_site_name":"The Bear Chair\u00ae","article_modified_time":"2025-05-01T13:10:52+00:00","og_image":[{"width":720,"height":960,"url":"https:\/\/bearchair.eu\/wp-content\/uploads\/2024\/05\/Untitled-design-12.png","type":"image\/png"}],"twitter_card":"summary_large_image","schema":{"@context":"https:\/\/schema.org","@graph":[{"@type":"WebPage","@id":"https:\/\/bearchair.eu\/fr\/produits-de-nettoyage-et-dentretien\/bear-chair-protecteur\/","url":"https:\/\/bearchair.eu\/fr\/produits-de-nettoyage-et-dentretien\/bear-chair-protecteur\/","name":"Bear Chair\u00ae Protecteur - The Bear Chair\u00ae","isPartOf":{"@id":"https:\/\/bearchair.eu\/fr\/#website"},"primaryImageOfPage":{"@id":"https:\/\/bearchair.eu\/fr\/produits-de-nettoyage-et-dentretien\/bear-chair-protecteur\/#primaryimage"},"image":{"@id":"https:\/\/bearchair.eu\/fr\/produits-de-nettoyage-et-dentretien\/bear-chair-protecteur\/#primaryimage"},"thumbnailUrl":"https:\/\/bearchair.eu\/wp-content\/uploads\/2024\/05\/Untitled-design-12.png","datePublished":"2024-05-03T10:09:35+00:00","dateModified":"2025-05-01T13:10:52+00:00","description":"Shop Bear Chair\u00ae Protector. Un produit de protection de qualit\u00e9 sup\u00e9rieure pour votre produit Bear Chair.","breadcrumb":{"@id":"https:\/\/bearchair.eu\/fr\/produits-de-nettoyage-et-dentretien\/bear-chair-protecteur\/#breadcrumb"},"inLanguage":"fr-FR","potentialAction":[{"@type":"ReadAction","target":["https:\/\/bearchair.eu\/fr\/produits-de-nettoyage-et-dentretien\/bear-chair-protecteur\/"]}]},{"@type":"ImageObject","inLanguage":"fr-FR","@id":"https:\/\/bearchair.eu\/fr\/produits-de-nettoyage-et-dentretien\/bear-chair-protecteur\/#primaryimage","url":"https:\/\/bearchair.eu\/wp-content\/uploads\/2024\/05\/Untitled-design-12.png","contentUrl":"https:\/\/bearchair.eu\/wp-content\/uploads\/2024\/05\/Untitled-design-12.png","width":720,"height":960},{"@type":"BreadcrumbList","@id":"https:\/\/bearchair.eu\/fr\/produits-de-nettoyage-et-dentretien\/bear-chair-protecteur\/#breadcrumb","itemListElement":[{"@type":"ListItem","position":1,"name":"Home","item":"https:\/\/bearchair.eu\/fr\/accueil\/"},{"@type":"ListItem","position":2,"name":"Boutique","item":"https:\/\/bearchair.eu\/fr\/boutique\/"},{"@type":"ListItem","position":3,"name":"Bear Chair\u00ae Protecteur"}]},{"@type":"WebSite","@id":"https:\/\/bearchair.eu\/fr\/#website","url":"https:\/\/bearchair.eu\/fr\/","name":"The Bear Chair","description":"","publisher":{"@id":"https:\/\/bearchair.eu\/fr\/#organization"},"potentialAction":[{"@type":"SearchAction","target":{"@type":"EntryPoint","urlTemplate":"https:\/\/bearchair.eu\/fr\/?s={search_term_string}"},"query-input":{"@type":"PropertyValueSpecification","valueRequired":true,"valueName":"search_term_string"}}],"inLanguage":"fr-FR"},{"@type":"Organization","@id":"https:\/\/bearchair.eu\/fr\/#organization","name":"La chaise de l'ours","url":"https:\/\/bearchair.eu\/fr\/","logo":{"@type":"ImageObject","inLanguage":"fr-FR","@id":"https:\/\/bearchair.eu\/fr\/#\/schema\/logo\/image\/","url":"https:\/\/new.bearchair.eu\/wp-content\/uploads\/2024\/05\/BearChairIcon.png","contentUrl":"https:\/\/new.bearchair.eu\/wp-content\/uploads\/2024\/05\/BearChairIcon.png","width":512,"height":512,"caption":"La chaise de l'ours"},"image":{"@id":"https:\/\/bearchair.eu\/fr\/#\/schema\/logo\/image\/"}}]}},"_links":{"self":[{"href":"https:\/\/bearchair.eu\/fr\/wp-json\/wp\/v2\/product\/16814","targetHints":{"allow":["GET"]}}],"collection":[{"href":"https:\/\/bearchair.eu\/fr\/wp-json\/wp\/v2\/product"}],"about":[{"href":"https:\/\/bearchair.eu\/fr\/wp-json\/wp\/v2\/types\/product"}],"wp:featuredmedia":[{"embeddable":true,"href":"https:\/\/bearchair.eu\/fr\/wp-json\/wp\/v2\/media\/15648"}],"wp:attachment":[{"href":"https:\/\/bearchair.eu\/fr\/wp-json\/wp\/v2\/media?parent=16814"}],"wp:term":[{"taxonomy":"product_brand","embeddable":true,"href":"https:\/\/bearchair.eu\/fr\/wp-json\/wp\/v2\/product_brand?post=16814"},{"taxonomy":"product_cat","embeddable":true,"href":"https:\/\/bearchair.eu\/fr\/wp-json\/wp\/v2\/product_cat?post=16814"},{"taxonomy":"product_tag","embeddable":true,"href":"https:\/\/bearchair.eu\/fr\/wp-json\/wp\/v2\/product_tag?post=16814"}],"curies":[{"name":"wp","href":"https:\/\/api.w.org\/{rel}","templated":true}]}}