{"id":16834,"date":"2024-05-03T10:09:30","date_gmt":"2024-05-03T10:09:30","guid":{"rendered":"https:\/\/bearchair.eu\/non%20class\u00e9\/original-bear-chair-avec-pouf\/"},"modified":"2025-05-01T12:22:31","modified_gmt":"2025-05-01T12:22:31","slug":"original-bear-chair-avec-pouf","status":"publish","type":"product","link":"https:\/\/bearchair.eu\/fr\/combinaisons\/original-bear-chair-avec-pouf\/","title":{"rendered":"Chaise originale Bear Chair\u00ae avec pouf"},"content":{"rendered":"<p>La chaise Original Bear Chair\u00ae est d\u00e9j\u00e0 extr\u00eamement confortable, mais avec un ottoman, vous pouvez vous d\u00e9tendre encore mieux.<\/p>\n<p><strong>Dimensions :<\/strong><\/p>\n<p><strong>Original Bear Chair\u00ae :<\/strong><\/p>\n<ul>\n<li>Hauteur : 93 cm<\/li>\n<li>Largeur : 80 cm<\/li>\n<li>Profondeur : 93 cm<\/li>\n<li>Ce mod\u00e8le n&rsquo;est pas pliable<\/li>\n<\/ul>\n<p><strong>Poids :<\/strong> 11,5 kg<\/p>\n<p><strong>Tabouret :<\/strong><\/p>\n<ul>\n<li>Hauteur : 33 cm<\/li>\n<li>Largeur : 46 cm<\/li>\n<li>Profondeur : 44 cm<\/li>\n<\/ul>\n<p><strong>Poids :<\/strong> 3 kg<\/p>\n<p><strong>Assemblage<\/strong>: The Original Bear Chair\u00ae avec pouf est disponible en trois types d&rsquo;ensembles :<\/p>\n<ul>\n<li><strong>Kit :<\/strong> Vous recevez tout le mat\u00e9riel n\u00e9cessaire pour assembler vous-m\u00eame la chaise et le pouf. Le kit comprend les lattes, les vis, la colle et, bien s\u00fbr, des instructions de montage d\u00e9taill\u00e9es. <\/li>\n<li><strong>Pr\u00e9-assembl\u00e9 :<\/strong> La chaise et l&rsquo;ottoman sont d\u00e9j\u00e0 partiellement assembl\u00e9s, le reste doit \u00eatre assembl\u00e9 par vos soins. Le reste doit \u00eatre assembl\u00e9 par vos soins. Tous les mat\u00e9riaux et les instructions d&rsquo;assemblage sont bien s\u00fbr inclus. <\/li>\n<li><strong>Enti\u00e8rement assembl\u00e9 :<\/strong> La chaise et le pouf sont d\u00e9j\u00e0 enti\u00e8rement assembl\u00e9s. Ils vous sont livr\u00e9s pr\u00eats \u00e0 l&#8217;emploi par notre propre service de transport. Veuillez noter que des frais plus \u00e9lev\u00e9s peuvent s&rsquo;appliquer dans ce cas.  <\/li>\n<\/ul>\n","protected":false},"excerpt":{"rendered":"<p>Cet ensemble se compose de la chaise Original Bear Chair\u00ae et d&rsquo;un joli pouf. Installez-vous confortablement et laissez vos jambes se d\u00e9tendre compl\u00e8tement ! <\/p>\n","protected":false},"featured_media":16214,"template":"","meta":[],"product_brand":[],"product_cat":[288],"product_tag":[],"class_list":{"0":"post-16834","1":"product","2":"type-product","3":"status-publish","4":"has-post-thumbnail","6":"product_cat-combinaisons","8":"first","9":"instock","10":"taxable","11":"shipping-taxable","12":"purchasable","13":"product-type-variable"},"yoast_head":"<!-- This site is optimized with the Yoast SEO plugin v27.2 - https:\/\/yoast.com\/product\/yoast-seo-wordpress\/ -->\n<title>Chaise originale Bear Chair\u00ae avec pouf - The Bear Chair\u00ae<\/title>\n<meta name=\"description\" content=\"Magasinez l&#039;original Bear Chair\u00ae avec pouf. Cette combinaison d&#039;une chaise de jardin et d&#039;un pouf est b\u00e9n\u00e9fique pour votre tranquillit\u00e9 d&#039;esprit et votre budget.\" \/>\n<meta name=\"robots\" content=\"index, follow, max-snippet:-1, max-image-preview:large, max-video-preview:-1\" \/>\n<link rel=\"canonical\" href=\"https:\/\/bearchair.eu\/fr\/combinaisons\/original-bear-chair-avec-pouf\/\" \/>\n<meta property=\"og:locale\" content=\"fr_FR\" \/>\n<meta property=\"og:type\" content=\"article\" \/>\n<meta property=\"og:title\" content=\"Chaise originale Bear Chair\u00ae avec pouf - The Bear Chair\u00ae\" \/>\n<meta property=\"og:description\" content=\"Magasinez l&#039;original Bear Chair\u00ae avec pouf. Cette combinaison d&#039;une chaise de jardin et d&#039;un pouf est b\u00e9n\u00e9fique pour votre tranquillit\u00e9 d&#039;esprit et votre budget.\" \/>\n<meta property=\"og:url\" content=\"https:\/\/bearchair.eu\/fr\/combinaisons\/original-bear-chair-avec-pouf\/\" \/>\n<meta property=\"og:site_name\" content=\"The Bear Chair\u00ae\" \/>\n<meta property=\"article:modified_time\" content=\"2025-05-01T12:22:31+00:00\" \/>\n<meta property=\"og:image\" content=\"https:\/\/bearchair.eu\/wp-content\/uploads\/2024\/10\/BC201-BC01-rivb-rotated.jpg\" \/>\n\t<meta property=\"og:image:width\" content=\"1734\" \/>\n\t<meta property=\"og:image:height\" content=\"2312\" \/>\n\t<meta property=\"og:image:type\" content=\"image\/jpeg\" \/>\n<meta name=\"twitter:card\" content=\"summary_large_image\" \/>\n<meta name=\"twitter:label1\" content=\"Dur\u00e9e de lecture estim\u00e9e\" \/>\n\t<meta name=\"twitter:data1\" content=\"1 minute\" \/>\n<script type=\"application\/ld+json\" class=\"yoast-schema-graph\">{\"@context\":\"https:\/\/schema.org\",\"@graph\":[{\"@type\":\"WebPage\",\"@id\":\"https:\/\/bearchair.eu\/fr\/combinaisons\/original-bear-chair-avec-pouf\/\",\"url\":\"https:\/\/bearchair.eu\/fr\/combinaisons\/original-bear-chair-avec-pouf\/\",\"name\":\"Chaise originale Bear Chair\u00ae avec pouf - The Bear Chair\u00ae\",\"isPartOf\":{\"@id\":\"https:\/\/bearchair.eu\/fr\/#website\"},\"primaryImageOfPage\":{\"@id\":\"https:\/\/bearchair.eu\/fr\/combinaisons\/original-bear-chair-avec-pouf\/#primaryimage\"},\"image\":{\"@id\":\"https:\/\/bearchair.eu\/fr\/combinaisons\/original-bear-chair-avec-pouf\/#primaryimage\"},\"thumbnailUrl\":\"https:\/\/bearchair.eu\/wp-content\/uploads\/2024\/10\/BC201-BC01-rivb-rotated.jpg\",\"datePublished\":\"2024-05-03T10:09:30+00:00\",\"dateModified\":\"2025-05-01T12:22:31+00:00\",\"description\":\"Magasinez l'original Bear Chair\u00ae avec pouf. Cette combinaison d'une chaise de jardin et d'un pouf est b\u00e9n\u00e9fique pour votre tranquillit\u00e9 d'esprit et votre budget.\",\"breadcrumb\":{\"@id\":\"https:\/\/bearchair.eu\/fr\/combinaisons\/original-bear-chair-avec-pouf\/#breadcrumb\"},\"inLanguage\":\"fr-FR\",\"potentialAction\":[{\"@type\":\"ReadAction\",\"target\":[\"https:\/\/bearchair.eu\/fr\/combinaisons\/original-bear-chair-avec-pouf\/\"]}]},{\"@type\":\"ImageObject\",\"inLanguage\":\"fr-FR\",\"@id\":\"https:\/\/bearchair.eu\/fr\/combinaisons\/original-bear-chair-avec-pouf\/#primaryimage\",\"url\":\"https:\/\/bearchair.eu\/wp-content\/uploads\/2024\/10\/BC201-BC01-rivb-rotated.jpg\",\"contentUrl\":\"https:\/\/bearchair.eu\/wp-content\/uploads\/2024\/10\/BC201-BC01-rivb-rotated.jpg\",\"width\":1734,\"height\":2312},{\"@type\":\"BreadcrumbList\",\"@id\":\"https:\/\/bearchair.eu\/fr\/combinaisons\/original-bear-chair-avec-pouf\/#breadcrumb\",\"itemListElement\":[{\"@type\":\"ListItem\",\"position\":1,\"name\":\"Home\",\"item\":\"https:\/\/bearchair.eu\/fr\/accueil\/\"},{\"@type\":\"ListItem\",\"position\":2,\"name\":\"Boutique\",\"item\":\"https:\/\/bearchair.eu\/fr\/boutique\/\"},{\"@type\":\"ListItem\",\"position\":3,\"name\":\"Chaise originale Bear Chair\u00ae avec pouf\"}]},{\"@type\":\"WebSite\",\"@id\":\"https:\/\/bearchair.eu\/fr\/#website\",\"url\":\"https:\/\/bearchair.eu\/fr\/\",\"name\":\"The Bear Chair\",\"description\":\"\",\"publisher\":{\"@id\":\"https:\/\/bearchair.eu\/fr\/#organization\"},\"potentialAction\":[{\"@type\":\"SearchAction\",\"target\":{\"@type\":\"EntryPoint\",\"urlTemplate\":\"https:\/\/bearchair.eu\/fr\/?s={search_term_string}\"},\"query-input\":{\"@type\":\"PropertyValueSpecification\",\"valueRequired\":true,\"valueName\":\"search_term_string\"}}],\"inLanguage\":\"fr-FR\"},{\"@type\":\"Organization\",\"@id\":\"https:\/\/bearchair.eu\/fr\/#organization\",\"name\":\"La chaise de l'ours\",\"url\":\"https:\/\/bearchair.eu\/fr\/\",\"logo\":{\"@type\":\"ImageObject\",\"inLanguage\":\"fr-FR\",\"@id\":\"https:\/\/bearchair.eu\/fr\/#\/schema\/logo\/image\/\",\"url\":\"https:\/\/new.bearchair.eu\/wp-content\/uploads\/2024\/05\/BearChairIcon.png\",\"contentUrl\":\"https:\/\/new.bearchair.eu\/wp-content\/uploads\/2024\/05\/BearChairIcon.png\",\"width\":512,\"height\":512,\"caption\":\"La chaise de l'ours\"},\"image\":{\"@id\":\"https:\/\/bearchair.eu\/fr\/#\/schema\/logo\/image\/\"}}]}<\/script>\n<!-- \/ Yoast SEO plugin. -->","yoast_head_json":{"title":"Chaise originale Bear Chair\u00ae avec pouf - The Bear Chair\u00ae","description":"Magasinez l'original Bear Chair\u00ae avec pouf. Cette combinaison d'une chaise de jardin et d'un pouf est b\u00e9n\u00e9fique pour votre tranquillit\u00e9 d'esprit et votre budget.","robots":{"index":"index","follow":"follow","max-snippet":"max-snippet:-1","max-image-preview":"max-image-preview:large","max-video-preview":"max-video-preview:-1"},"canonical":"https:\/\/bearchair.eu\/fr\/combinaisons\/original-bear-chair-avec-pouf\/","og_locale":"fr_FR","og_type":"article","og_title":"Chaise originale Bear Chair\u00ae avec pouf - The Bear Chair\u00ae","og_description":"Magasinez l'original Bear Chair\u00ae avec pouf. Cette combinaison d'une chaise de jardin et d'un pouf est b\u00e9n\u00e9fique pour votre tranquillit\u00e9 d'esprit et votre budget.","og_url":"https:\/\/bearchair.eu\/fr\/combinaisons\/original-bear-chair-avec-pouf\/","og_site_name":"The Bear Chair\u00ae","article_modified_time":"2025-05-01T12:22:31+00:00","og_image":[{"width":1734,"height":2312,"url":"https:\/\/bearchair.eu\/wp-content\/uploads\/2024\/10\/BC201-BC01-rivb-rotated.jpg","type":"image\/jpeg"}],"twitter_card":"summary_large_image","twitter_misc":{"Dur\u00e9e de lecture estim\u00e9e":"1 minute"},"schema":{"@context":"https:\/\/schema.org","@graph":[{"@type":"WebPage","@id":"https:\/\/bearchair.eu\/fr\/combinaisons\/original-bear-chair-avec-pouf\/","url":"https:\/\/bearchair.eu\/fr\/combinaisons\/original-bear-chair-avec-pouf\/","name":"Chaise originale Bear Chair\u00ae avec pouf - The Bear Chair\u00ae","isPartOf":{"@id":"https:\/\/bearchair.eu\/fr\/#website"},"primaryImageOfPage":{"@id":"https:\/\/bearchair.eu\/fr\/combinaisons\/original-bear-chair-avec-pouf\/#primaryimage"},"image":{"@id":"https:\/\/bearchair.eu\/fr\/combinaisons\/original-bear-chair-avec-pouf\/#primaryimage"},"thumbnailUrl":"https:\/\/bearchair.eu\/wp-content\/uploads\/2024\/10\/BC201-BC01-rivb-rotated.jpg","datePublished":"2024-05-03T10:09:30+00:00","dateModified":"2025-05-01T12:22:31+00:00","description":"Magasinez l'original Bear Chair\u00ae avec pouf. Cette combinaison d'une chaise de jardin et d'un pouf est b\u00e9n\u00e9fique pour votre tranquillit\u00e9 d'esprit et votre budget.","breadcrumb":{"@id":"https:\/\/bearchair.eu\/fr\/combinaisons\/original-bear-chair-avec-pouf\/#breadcrumb"},"inLanguage":"fr-FR","potentialAction":[{"@type":"ReadAction","target":["https:\/\/bearchair.eu\/fr\/combinaisons\/original-bear-chair-avec-pouf\/"]}]},{"@type":"ImageObject","inLanguage":"fr-FR","@id":"https:\/\/bearchair.eu\/fr\/combinaisons\/original-bear-chair-avec-pouf\/#primaryimage","url":"https:\/\/bearchair.eu\/wp-content\/uploads\/2024\/10\/BC201-BC01-rivb-rotated.jpg","contentUrl":"https:\/\/bearchair.eu\/wp-content\/uploads\/2024\/10\/BC201-BC01-rivb-rotated.jpg","width":1734,"height":2312},{"@type":"BreadcrumbList","@id":"https:\/\/bearchair.eu\/fr\/combinaisons\/original-bear-chair-avec-pouf\/#breadcrumb","itemListElement":[{"@type":"ListItem","position":1,"name":"Home","item":"https:\/\/bearchair.eu\/fr\/accueil\/"},{"@type":"ListItem","position":2,"name":"Boutique","item":"https:\/\/bearchair.eu\/fr\/boutique\/"},{"@type":"ListItem","position":3,"name":"Chaise originale Bear Chair\u00ae avec pouf"}]},{"@type":"WebSite","@id":"https:\/\/bearchair.eu\/fr\/#website","url":"https:\/\/bearchair.eu\/fr\/","name":"The Bear Chair","description":"","publisher":{"@id":"https:\/\/bearchair.eu\/fr\/#organization"},"potentialAction":[{"@type":"SearchAction","target":{"@type":"EntryPoint","urlTemplate":"https:\/\/bearchair.eu\/fr\/?s={search_term_string}"},"query-input":{"@type":"PropertyValueSpecification","valueRequired":true,"valueName":"search_term_string"}}],"inLanguage":"fr-FR"},{"@type":"Organization","@id":"https:\/\/bearchair.eu\/fr\/#organization","name":"La chaise de l'ours","url":"https:\/\/bearchair.eu\/fr\/","logo":{"@type":"ImageObject","inLanguage":"fr-FR","@id":"https:\/\/bearchair.eu\/fr\/#\/schema\/logo\/image\/","url":"https:\/\/new.bearchair.eu\/wp-content\/uploads\/2024\/05\/BearChairIcon.png","contentUrl":"https:\/\/new.bearchair.eu\/wp-content\/uploads\/2024\/05\/BearChairIcon.png","width":512,"height":512,"caption":"La chaise de l'ours"},"image":{"@id":"https:\/\/bearchair.eu\/fr\/#\/schema\/logo\/image\/"}}]}},"_links":{"self":[{"href":"https:\/\/bearchair.eu\/fr\/wp-json\/wp\/v2\/product\/16834","targetHints":{"allow":["GET"]}}],"collection":[{"href":"https:\/\/bearchair.eu\/fr\/wp-json\/wp\/v2\/product"}],"about":[{"href":"https:\/\/bearchair.eu\/fr\/wp-json\/wp\/v2\/types\/product"}],"wp:featuredmedia":[{"embeddable":true,"href":"https:\/\/bearchair.eu\/fr\/wp-json\/wp\/v2\/media\/16214"}],"wp:attachment":[{"href":"https:\/\/bearchair.eu\/fr\/wp-json\/wp\/v2\/media?parent=16834"}],"wp:term":[{"taxonomy":"product_brand","embeddable":true,"href":"https:\/\/bearchair.eu\/fr\/wp-json\/wp\/v2\/product_brand?post=16834"},{"taxonomy":"product_cat","embeddable":true,"href":"https:\/\/bearchair.eu\/fr\/wp-json\/wp\/v2\/product_cat?post=16834"},{"taxonomy":"product_tag","embeddable":true,"href":"https:\/\/bearchair.eu\/fr\/wp-json\/wp\/v2\/product_tag?post=16834"}],"curies":[{"name":"wp","href":"https:\/\/api.w.org\/{rel}","templated":true}]}}