{"id":16835,"date":"2024-05-03T10:09:35","date_gmt":"2024-05-03T10:09:35","guid":{"rendered":"https:\/\/bearchair.eu\/non%20class\u00e9\/table-de-salle-a-manger-avec-6-chaises\/"},"modified":"2025-05-01T12:28:22","modified_gmt":"2025-05-01T12:28:22","slug":"table-de-salle-a-manger-avec-6-chaises","status":"publish","type":"product","link":"https:\/\/bearchair.eu\/fr\/combinaisons\/table-de-salle-a-manger-avec-6-chaises\/","title":{"rendered":"Bear Chair\u00ae table \u00e0 manger avec 6 chaises"},"content":{"rendered":"<p>Cette magnifique table de salle \u00e0 manger ronde Bear Chair\u00ae, associ\u00e9e \u00e0 six chaises, est du plus bel effet dans n&rsquo;importe quel jardin. Les pieds articul\u00e9s et le plateau amovible rendent la table facile \u00e0 d\u00e9placer et \u00e0 ranger. Les chaises sont tr\u00e8s confortables, faciles \u00e0 d\u00e9placer et tr\u00e8s robustes.  <\/p>\n<p><strong>Dimensions :  <\/strong><\/p>\n<p><strong>Tableau :  <\/strong><\/p>\n<p><strong>Dimensions :  <\/strong><\/p>\n<ul>\n<li>Hauteur : 72 cm<\/li>\n<li>Diam\u00e8tre : 121 cm<\/li>\n<\/ul>\n<p><strong>Poids :<\/strong> 18 kg<\/p>\n<p><strong>Chaises :<\/strong><\/p>\n<ul>\n<li>Hauteur : 90 cm<\/li>\n<li>Largeur : 76 cm<\/li>\n<li>Profondeur : 90 cm<\/li>\n<\/ul>\n<p><strong>Poids :<\/strong> 11 kg<\/p>\n<p><strong>Assemblage :<\/strong> Cet ensemble est disponible en deux types d&#8217;emballages :<\/p>\n<div>\n<ul>\n<li><strong>Kit :<\/strong> Vous recevez tout le mat\u00e9riel n\u00e9cessaire pour assembler vous-m\u00eame les chaises et la table. Le kit comprend les lattes, les vis, la colle et, bien s\u00fbr, des instructions de montage d\u00e9taill\u00e9es. <\/li>\n<li><strong>Enti\u00e8rement assembl\u00e9 :<\/strong> Les chaises et la table sont d\u00e9j\u00e0 enti\u00e8rement assembl\u00e9es. Elles vous sont livr\u00e9es pr\u00eates \u00e0 \u00eatre assembl\u00e9es par notre propre service de transport. Veuillez noter que des frais plus \u00e9lev\u00e9s peuvent s&rsquo;appliquer dans ce cas.  <\/li>\n<\/ul>\n<\/div>\n<p>&nbsp;<\/p>\n","protected":false},"excerpt":{"rendered":"<p>Les repas en plein air sont parfaits avec cette table ronde Bear Chair\u00ae et ses 6 chaises.<\/p>\n","protected":false},"featured_media":15616,"template":"","meta":[],"product_brand":[],"product_cat":[288],"product_tag":[],"class_list":{"0":"post-16835","1":"product","2":"type-product","3":"status-publish","4":"has-post-thumbnail","6":"product_cat-combinaisons","8":"first","9":"instock","10":"taxable","11":"shipping-taxable","12":"purchasable","13":"product-type-variable"},"yoast_head":"<!-- This site is optimized with the Yoast SEO plugin v27.2 - https:\/\/yoast.com\/product\/yoast-seo-wordpress\/ -->\n<title>Bear Chair\u00ae table \u00e0 manger avec 6 chaises - The Bear Chair\u00ae<\/title>\n<meta name=\"description\" content=\"Shop The Bear Chair\u00ae Table de salle \u00e0 manger avec 6 chaises. Il est pr\u00e9f\u00e9rable de se retrouver autour d&#039;une table ronde et de s&#039;asseoir dans un fauteuil.\" \/>\n<meta name=\"robots\" content=\"index, follow, max-snippet:-1, max-image-preview:large, max-video-preview:-1\" \/>\n<link rel=\"canonical\" href=\"https:\/\/bearchair.eu\/fr\/combinaisons\/table-de-salle-a-manger-avec-6-chaises\/\" \/>\n<meta property=\"og:locale\" content=\"fr_FR\" \/>\n<meta property=\"og:type\" content=\"article\" \/>\n<meta property=\"og:title\" content=\"Bear Chair\u00ae table \u00e0 manger avec 6 chaises - The Bear Chair\u00ae\" \/>\n<meta property=\"og:description\" content=\"Shop The Bear Chair\u00ae Table de salle \u00e0 manger avec 6 chaises. Il est pr\u00e9f\u00e9rable de se retrouver autour d&#039;une table ronde et de s&#039;asseoir dans un fauteuil.\" \/>\n<meta property=\"og:url\" content=\"https:\/\/bearchair.eu\/fr\/combinaisons\/table-de-salle-a-manger-avec-6-chaises\/\" \/>\n<meta property=\"og:site_name\" content=\"The Bear Chair\u00ae\" \/>\n<meta property=\"article:modified_time\" content=\"2025-05-01T12:28:22+00:00\" \/>\n<meta property=\"og:image\" content=\"https:\/\/bearchair.eu\/wp-content\/uploads\/2024\/05\/Untitled-design-7.png\" \/>\n\t<meta property=\"og:image:width\" content=\"720\" \/>\n\t<meta property=\"og:image:height\" content=\"960\" \/>\n\t<meta property=\"og:image:type\" content=\"image\/png\" \/>\n<meta name=\"twitter:card\" content=\"summary_large_image\" \/>\n<meta name=\"twitter:label1\" content=\"Dur\u00e9e de lecture estim\u00e9e\" \/>\n\t<meta name=\"twitter:data1\" content=\"1 minute\" \/>\n<script type=\"application\/ld+json\" class=\"yoast-schema-graph\">{\"@context\":\"https:\/\/schema.org\",\"@graph\":[{\"@type\":\"WebPage\",\"@id\":\"https:\/\/bearchair.eu\/fr\/combinaisons\/table-de-salle-a-manger-avec-6-chaises\/\",\"url\":\"https:\/\/bearchair.eu\/fr\/combinaisons\/table-de-salle-a-manger-avec-6-chaises\/\",\"name\":\"Bear Chair\u00ae table \u00e0 manger avec 6 chaises - The Bear Chair\u00ae\",\"isPartOf\":{\"@id\":\"https:\/\/bearchair.eu\/fr\/#website\"},\"primaryImageOfPage\":{\"@id\":\"https:\/\/bearchair.eu\/fr\/combinaisons\/table-de-salle-a-manger-avec-6-chaises\/#primaryimage\"},\"image\":{\"@id\":\"https:\/\/bearchair.eu\/fr\/combinaisons\/table-de-salle-a-manger-avec-6-chaises\/#primaryimage\"},\"thumbnailUrl\":\"https:\/\/bearchair.eu\/wp-content\/uploads\/2024\/05\/Untitled-design-7.png\",\"datePublished\":\"2024-05-03T10:09:35+00:00\",\"dateModified\":\"2025-05-01T12:28:22+00:00\",\"description\":\"Shop The Bear Chair\u00ae Table de salle \u00e0 manger avec 6 chaises. Il est pr\u00e9f\u00e9rable de se retrouver autour d'une table ronde et de s'asseoir dans un fauteuil.\",\"breadcrumb\":{\"@id\":\"https:\/\/bearchair.eu\/fr\/combinaisons\/table-de-salle-a-manger-avec-6-chaises\/#breadcrumb\"},\"inLanguage\":\"fr-FR\",\"potentialAction\":[{\"@type\":\"ReadAction\",\"target\":[\"https:\/\/bearchair.eu\/fr\/combinaisons\/table-de-salle-a-manger-avec-6-chaises\/\"]}]},{\"@type\":\"ImageObject\",\"inLanguage\":\"fr-FR\",\"@id\":\"https:\/\/bearchair.eu\/fr\/combinaisons\/table-de-salle-a-manger-avec-6-chaises\/#primaryimage\",\"url\":\"https:\/\/bearchair.eu\/wp-content\/uploads\/2024\/05\/Untitled-design-7.png\",\"contentUrl\":\"https:\/\/bearchair.eu\/wp-content\/uploads\/2024\/05\/Untitled-design-7.png\",\"width\":720,\"height\":960},{\"@type\":\"BreadcrumbList\",\"@id\":\"https:\/\/bearchair.eu\/fr\/combinaisons\/table-de-salle-a-manger-avec-6-chaises\/#breadcrumb\",\"itemListElement\":[{\"@type\":\"ListItem\",\"position\":1,\"name\":\"Accueil\",\"item\":\"https:\/\/bearchair.eu\/fr\/accueil\/\"},{\"@type\":\"ListItem\",\"position\":2,\"name\":\"Boutique\",\"item\":\"https:\/\/bearchair.eu\/fr\/boutique\/\"},{\"@type\":\"ListItem\",\"position\":3,\"name\":\"Bear Chair\u00ae table \u00e0 manger avec 6 chaises\"}]},{\"@type\":\"WebSite\",\"@id\":\"https:\/\/bearchair.eu\/fr\/#website\",\"url\":\"https:\/\/bearchair.eu\/fr\/\",\"name\":\"The Bear Chair\",\"description\":\"\",\"publisher\":{\"@id\":\"https:\/\/bearchair.eu\/fr\/#organization\"},\"potentialAction\":[{\"@type\":\"SearchAction\",\"target\":{\"@type\":\"EntryPoint\",\"urlTemplate\":\"https:\/\/bearchair.eu\/fr\/?s={search_term_string}\"},\"query-input\":{\"@type\":\"PropertyValueSpecification\",\"valueRequired\":true,\"valueName\":\"search_term_string\"}}],\"inLanguage\":\"fr-FR\"},{\"@type\":\"Organization\",\"@id\":\"https:\/\/bearchair.eu\/fr\/#organization\",\"name\":\"La chaise de l'ours\",\"url\":\"https:\/\/bearchair.eu\/fr\/\",\"logo\":{\"@type\":\"ImageObject\",\"inLanguage\":\"fr-FR\",\"@id\":\"https:\/\/bearchair.eu\/fr\/#\/schema\/logo\/image\/\",\"url\":\"https:\/\/new.bearchair.eu\/wp-content\/uploads\/2024\/05\/BearChairIcon.png\",\"contentUrl\":\"https:\/\/new.bearchair.eu\/wp-content\/uploads\/2024\/05\/BearChairIcon.png\",\"width\":512,\"height\":512,\"caption\":\"La chaise de l'ours\"},\"image\":{\"@id\":\"https:\/\/bearchair.eu\/fr\/#\/schema\/logo\/image\/\"}}]}<\/script>\n<!-- \/ Yoast SEO plugin. -->","yoast_head_json":{"title":"Bear Chair\u00ae table \u00e0 manger avec 6 chaises - The Bear Chair\u00ae","description":"Shop The Bear Chair\u00ae Table de salle \u00e0 manger avec 6 chaises. Il est pr\u00e9f\u00e9rable de se retrouver autour d'une table ronde et de s'asseoir dans un fauteuil.","robots":{"index":"index","follow":"follow","max-snippet":"max-snippet:-1","max-image-preview":"max-image-preview:large","max-video-preview":"max-video-preview:-1"},"canonical":"https:\/\/bearchair.eu\/fr\/combinaisons\/table-de-salle-a-manger-avec-6-chaises\/","og_locale":"fr_FR","og_type":"article","og_title":"Bear Chair\u00ae table \u00e0 manger avec 6 chaises - The Bear Chair\u00ae","og_description":"Shop The Bear Chair\u00ae Table de salle \u00e0 manger avec 6 chaises. Il est pr\u00e9f\u00e9rable de se retrouver autour d'une table ronde et de s'asseoir dans un fauteuil.","og_url":"https:\/\/bearchair.eu\/fr\/combinaisons\/table-de-salle-a-manger-avec-6-chaises\/","og_site_name":"The Bear Chair\u00ae","article_modified_time":"2025-05-01T12:28:22+00:00","og_image":[{"width":720,"height":960,"url":"https:\/\/bearchair.eu\/wp-content\/uploads\/2024\/05\/Untitled-design-7.png","type":"image\/png"}],"twitter_card":"summary_large_image","twitter_misc":{"Dur\u00e9e de lecture estim\u00e9e":"1 minute"},"schema":{"@context":"https:\/\/schema.org","@graph":[{"@type":"WebPage","@id":"https:\/\/bearchair.eu\/fr\/combinaisons\/table-de-salle-a-manger-avec-6-chaises\/","url":"https:\/\/bearchair.eu\/fr\/combinaisons\/table-de-salle-a-manger-avec-6-chaises\/","name":"Bear Chair\u00ae table \u00e0 manger avec 6 chaises - The Bear Chair\u00ae","isPartOf":{"@id":"https:\/\/bearchair.eu\/fr\/#website"},"primaryImageOfPage":{"@id":"https:\/\/bearchair.eu\/fr\/combinaisons\/table-de-salle-a-manger-avec-6-chaises\/#primaryimage"},"image":{"@id":"https:\/\/bearchair.eu\/fr\/combinaisons\/table-de-salle-a-manger-avec-6-chaises\/#primaryimage"},"thumbnailUrl":"https:\/\/bearchair.eu\/wp-content\/uploads\/2024\/05\/Untitled-design-7.png","datePublished":"2024-05-03T10:09:35+00:00","dateModified":"2025-05-01T12:28:22+00:00","description":"Shop The Bear Chair\u00ae Table de salle \u00e0 manger avec 6 chaises. Il est pr\u00e9f\u00e9rable de se retrouver autour d'une table ronde et de s'asseoir dans un fauteuil.","breadcrumb":{"@id":"https:\/\/bearchair.eu\/fr\/combinaisons\/table-de-salle-a-manger-avec-6-chaises\/#breadcrumb"},"inLanguage":"fr-FR","potentialAction":[{"@type":"ReadAction","target":["https:\/\/bearchair.eu\/fr\/combinaisons\/table-de-salle-a-manger-avec-6-chaises\/"]}]},{"@type":"ImageObject","inLanguage":"fr-FR","@id":"https:\/\/bearchair.eu\/fr\/combinaisons\/table-de-salle-a-manger-avec-6-chaises\/#primaryimage","url":"https:\/\/bearchair.eu\/wp-content\/uploads\/2024\/05\/Untitled-design-7.png","contentUrl":"https:\/\/bearchair.eu\/wp-content\/uploads\/2024\/05\/Untitled-design-7.png","width":720,"height":960},{"@type":"BreadcrumbList","@id":"https:\/\/bearchair.eu\/fr\/combinaisons\/table-de-salle-a-manger-avec-6-chaises\/#breadcrumb","itemListElement":[{"@type":"ListItem","position":1,"name":"Accueil","item":"https:\/\/bearchair.eu\/fr\/accueil\/"},{"@type":"ListItem","position":2,"name":"Boutique","item":"https:\/\/bearchair.eu\/fr\/boutique\/"},{"@type":"ListItem","position":3,"name":"Bear Chair\u00ae table \u00e0 manger avec 6 chaises"}]},{"@type":"WebSite","@id":"https:\/\/bearchair.eu\/fr\/#website","url":"https:\/\/bearchair.eu\/fr\/","name":"The Bear Chair","description":"","publisher":{"@id":"https:\/\/bearchair.eu\/fr\/#organization"},"potentialAction":[{"@type":"SearchAction","target":{"@type":"EntryPoint","urlTemplate":"https:\/\/bearchair.eu\/fr\/?s={search_term_string}"},"query-input":{"@type":"PropertyValueSpecification","valueRequired":true,"valueName":"search_term_string"}}],"inLanguage":"fr-FR"},{"@type":"Organization","@id":"https:\/\/bearchair.eu\/fr\/#organization","name":"La chaise de l'ours","url":"https:\/\/bearchair.eu\/fr\/","logo":{"@type":"ImageObject","inLanguage":"fr-FR","@id":"https:\/\/bearchair.eu\/fr\/#\/schema\/logo\/image\/","url":"https:\/\/new.bearchair.eu\/wp-content\/uploads\/2024\/05\/BearChairIcon.png","contentUrl":"https:\/\/new.bearchair.eu\/wp-content\/uploads\/2024\/05\/BearChairIcon.png","width":512,"height":512,"caption":"La chaise de l'ours"},"image":{"@id":"https:\/\/bearchair.eu\/fr\/#\/schema\/logo\/image\/"}}]}},"_links":{"self":[{"href":"https:\/\/bearchair.eu\/fr\/wp-json\/wp\/v2\/product\/16835","targetHints":{"allow":["GET"]}}],"collection":[{"href":"https:\/\/bearchair.eu\/fr\/wp-json\/wp\/v2\/product"}],"about":[{"href":"https:\/\/bearchair.eu\/fr\/wp-json\/wp\/v2\/types\/product"}],"wp:featuredmedia":[{"embeddable":true,"href":"https:\/\/bearchair.eu\/fr\/wp-json\/wp\/v2\/media\/15616"}],"wp:attachment":[{"href":"https:\/\/bearchair.eu\/fr\/wp-json\/wp\/v2\/media?parent=16835"}],"wp:term":[{"taxonomy":"product_brand","embeddable":true,"href":"https:\/\/bearchair.eu\/fr\/wp-json\/wp\/v2\/product_brand?post=16835"},{"taxonomy":"product_cat","embeddable":true,"href":"https:\/\/bearchair.eu\/fr\/wp-json\/wp\/v2\/product_cat?post=16835"},{"taxonomy":"product_tag","embeddable":true,"href":"https:\/\/bearchair.eu\/fr\/wp-json\/wp\/v2\/product_tag?post=16835"}],"curies":[{"name":"wp","href":"https:\/\/api.w.org\/{rel}","templated":true}]}}