{"id":16890,"date":"2024-05-03T10:09:29","date_gmt":"2024-05-03T10:09:29","guid":{"rendered":"https:\/\/bearchair.eu\/non%20class\u00e9\/table-de-pique-nique-en-cedre\/"},"modified":"2025-04-25T10:08:47","modified_gmt":"2025-04-25T10:08:47","slug":"table-de-pique-nique-en-cedre","status":"publish","type":"product","link":"https:\/\/bearchair.eu\/fr\/tableaux\/table-de-pique-nique-en-cedre\/","title":{"rendered":"Bear ChairTable de pique-nique en c\u00e8dre"},"content":{"rendered":"<p>L\u00e9g\u00e8re, robuste et durable : la table de pique-nique en c\u00e8dre de Bear Chair\u00ae est un ajout id\u00e9al \u00e0 votre jardin ! Combinez-la avec les <a href=\"https:\/\/bearchair.eu\/stoelen\/cederhouten-bank-met-rugleuning\/\" target=\"_blank\" rel=\"noopener\">bancs en c\u00e8dre<\/a> pour compl\u00e9ter l&rsquo;ensemble. <\/p>\n<p><strong>Dimensions :<\/strong><\/p>\n<ul>\n<li>Hauteur : 70 cm<\/li>\n<li>Largeur : 75 cm<\/li>\n<li>Longueur : 175 cm<\/li>\n<\/ul>\n<p><strong>Poids :<\/strong> 15 kg<\/p>\n<p><strong>Assemblage :<\/strong> La table de pique-nique en c\u00e8dre Bear Chair\u00ae est disponible en deux types d&#8217;emballages :<\/p>\n<ul>\n<li><strong>Kit :<\/strong> Vous recevez tout le mat\u00e9riel n\u00e9cessaire pour assembler la table vous-m\u00eame. Le kit comprend les lattes, les vis, la colle et, bien s\u00fbr, des instructions de montage d\u00e9taill\u00e9es. <\/li>\n<li><strong>Enti\u00e8rement assembl\u00e9e :<\/strong> La table est d\u00e9j\u00e0 enti\u00e8rement assembl\u00e9e. Elle vous est livr\u00e9e pr\u00eate \u00e0 l&#8217;emploi par notre propre service de transport. Veuillez noter que des frais plus \u00e9lev\u00e9s peuvent s&rsquo;appliquer dans ce cas.  <\/li>\n<\/ul>\n","protected":false},"excerpt":{"rendered":"<p>Gr\u00e2ce \u00e0 son poids l\u00e9ger, la table de pique-nique est facile \u00e0 d\u00e9placer. De plus, elle est robuste et de bonne taille ! <\/p>\n","protected":false},"featured_media":15693,"template":"","meta":[],"product_brand":[],"product_cat":[293],"product_tag":[],"class_list":{"0":"post-16890","1":"product","2":"type-product","3":"status-publish","4":"has-post-thumbnail","6":"product_cat-tableaux","8":"first","9":"instock","10":"taxable","11":"shipping-taxable","12":"purchasable","13":"product-type-variable"},"yoast_head":"<!-- This site is optimized with the Yoast SEO plugin v27.2 - https:\/\/yoast.com\/product\/yoast-seo-wordpress\/ -->\n<title>Bear ChairTable de pique-nique en c\u00e8dre - The Bear Chair\u00ae<\/title>\n<meta name=\"description\" content=\"Magasinez la table de pique-nique de Bear Chair\u00ae. Une table de jardin l\u00e9g\u00e8re, facile \u00e0 d\u00e9placer et \u00e0 nettoyer.\" \/>\n<meta name=\"robots\" content=\"index, follow, max-snippet:-1, max-image-preview:large, max-video-preview:-1\" \/>\n<link rel=\"canonical\" href=\"https:\/\/bearchair.eu\/fr\/tableaux\/table-de-pique-nique-en-cedre\/\" \/>\n<meta property=\"og:locale\" content=\"fr_FR\" \/>\n<meta property=\"og:type\" content=\"article\" \/>\n<meta property=\"og:title\" content=\"Bear ChairTable de pique-nique en c\u00e8dre - The Bear Chair\u00ae\" \/>\n<meta property=\"og:description\" content=\"Magasinez la table de pique-nique de Bear Chair\u00ae. Une table de jardin l\u00e9g\u00e8re, facile \u00e0 d\u00e9placer et \u00e0 nettoyer.\" \/>\n<meta property=\"og:url\" content=\"https:\/\/bearchair.eu\/fr\/tableaux\/table-de-pique-nique-en-cedre\/\" \/>\n<meta property=\"og:site_name\" content=\"The Bear Chair\u00ae\" \/>\n<meta property=\"article:modified_time\" content=\"2025-04-25T10:08:47+00:00\" \/>\n<meta property=\"og:image\" content=\"https:\/\/bearchair.eu\/wp-content\/uploads\/2024\/05\/Untitled-design-17.png\" \/>\n\t<meta property=\"og:image:width\" content=\"720\" \/>\n\t<meta property=\"og:image:height\" content=\"960\" \/>\n\t<meta property=\"og:image:type\" content=\"image\/png\" \/>\n<meta name=\"twitter:card\" content=\"summary_large_image\" \/>\n<meta name=\"twitter:label1\" content=\"Dur\u00e9e de lecture estim\u00e9e\" \/>\n\t<meta name=\"twitter:data1\" content=\"1 minute\" \/>\n<script type=\"application\/ld+json\" class=\"yoast-schema-graph\">{\"@context\":\"https:\/\/schema.org\",\"@graph\":[{\"@type\":\"WebPage\",\"@id\":\"https:\/\/bearchair.eu\/fr\/tableaux\/table-de-pique-nique-en-cedre\/\",\"url\":\"https:\/\/bearchair.eu\/fr\/tableaux\/table-de-pique-nique-en-cedre\/\",\"name\":\"Bear ChairTable de pique-nique en c\u00e8dre - The Bear Chair\u00ae\",\"isPartOf\":{\"@id\":\"https:\/\/bearchair.eu\/fr\/#website\"},\"primaryImageOfPage\":{\"@id\":\"https:\/\/bearchair.eu\/fr\/tableaux\/table-de-pique-nique-en-cedre\/#primaryimage\"},\"image\":{\"@id\":\"https:\/\/bearchair.eu\/fr\/tableaux\/table-de-pique-nique-en-cedre\/#primaryimage\"},\"thumbnailUrl\":\"https:\/\/bearchair.eu\/wp-content\/uploads\/2024\/05\/Untitled-design-17.png\",\"datePublished\":\"2024-05-03T10:09:29+00:00\",\"dateModified\":\"2025-04-25T10:08:47+00:00\",\"description\":\"Magasinez la table de pique-nique de Bear Chair\u00ae. Une table de jardin l\u00e9g\u00e8re, facile \u00e0 d\u00e9placer et \u00e0 nettoyer.\",\"breadcrumb\":{\"@id\":\"https:\/\/bearchair.eu\/fr\/tableaux\/table-de-pique-nique-en-cedre\/#breadcrumb\"},\"inLanguage\":\"fr-FR\",\"potentialAction\":[{\"@type\":\"ReadAction\",\"target\":[\"https:\/\/bearchair.eu\/fr\/tableaux\/table-de-pique-nique-en-cedre\/\"]}]},{\"@type\":\"ImageObject\",\"inLanguage\":\"fr-FR\",\"@id\":\"https:\/\/bearchair.eu\/fr\/tableaux\/table-de-pique-nique-en-cedre\/#primaryimage\",\"url\":\"https:\/\/bearchair.eu\/wp-content\/uploads\/2024\/05\/Untitled-design-17.png\",\"contentUrl\":\"https:\/\/bearchair.eu\/wp-content\/uploads\/2024\/05\/Untitled-design-17.png\",\"width\":720,\"height\":960},{\"@type\":\"BreadcrumbList\",\"@id\":\"https:\/\/bearchair.eu\/fr\/tableaux\/table-de-pique-nique-en-cedre\/#breadcrumb\",\"itemListElement\":[{\"@type\":\"ListItem\",\"position\":1,\"name\":\"Home\",\"item\":\"https:\/\/bearchair.eu\/fr\/accueil\/\"},{\"@type\":\"ListItem\",\"position\":2,\"name\":\"Boutique\",\"item\":\"https:\/\/bearchair.eu\/fr\/boutique\/\"},{\"@type\":\"ListItem\",\"position\":3,\"name\":\"Bear ChairTable de pique-nique en c\u00e8dre\"}]},{\"@type\":\"WebSite\",\"@id\":\"https:\/\/bearchair.eu\/fr\/#website\",\"url\":\"https:\/\/bearchair.eu\/fr\/\",\"name\":\"The Bear Chair\",\"description\":\"\",\"publisher\":{\"@id\":\"https:\/\/bearchair.eu\/fr\/#organization\"},\"potentialAction\":[{\"@type\":\"SearchAction\",\"target\":{\"@type\":\"EntryPoint\",\"urlTemplate\":\"https:\/\/bearchair.eu\/fr\/?s={search_term_string}\"},\"query-input\":{\"@type\":\"PropertyValueSpecification\",\"valueRequired\":true,\"valueName\":\"search_term_string\"}}],\"inLanguage\":\"fr-FR\"},{\"@type\":\"Organization\",\"@id\":\"https:\/\/bearchair.eu\/fr\/#organization\",\"name\":\"La chaise de l'ours\",\"url\":\"https:\/\/bearchair.eu\/fr\/\",\"logo\":{\"@type\":\"ImageObject\",\"inLanguage\":\"fr-FR\",\"@id\":\"https:\/\/bearchair.eu\/fr\/#\/schema\/logo\/image\/\",\"url\":\"https:\/\/new.bearchair.eu\/wp-content\/uploads\/2024\/05\/BearChairIcon.png\",\"contentUrl\":\"https:\/\/new.bearchair.eu\/wp-content\/uploads\/2024\/05\/BearChairIcon.png\",\"width\":512,\"height\":512,\"caption\":\"La chaise de l'ours\"},\"image\":{\"@id\":\"https:\/\/bearchair.eu\/fr\/#\/schema\/logo\/image\/\"}}]}<\/script>\n<!-- \/ Yoast SEO plugin. -->","yoast_head_json":{"title":"Bear ChairTable de pique-nique en c\u00e8dre - The Bear Chair\u00ae","description":"Magasinez la table de pique-nique de Bear Chair\u00ae. Une table de jardin l\u00e9g\u00e8re, facile \u00e0 d\u00e9placer et \u00e0 nettoyer.","robots":{"index":"index","follow":"follow","max-snippet":"max-snippet:-1","max-image-preview":"max-image-preview:large","max-video-preview":"max-video-preview:-1"},"canonical":"https:\/\/bearchair.eu\/fr\/tableaux\/table-de-pique-nique-en-cedre\/","og_locale":"fr_FR","og_type":"article","og_title":"Bear ChairTable de pique-nique en c\u00e8dre - The Bear Chair\u00ae","og_description":"Magasinez la table de pique-nique de Bear Chair\u00ae. Une table de jardin l\u00e9g\u00e8re, facile \u00e0 d\u00e9placer et \u00e0 nettoyer.","og_url":"https:\/\/bearchair.eu\/fr\/tableaux\/table-de-pique-nique-en-cedre\/","og_site_name":"The Bear Chair\u00ae","article_modified_time":"2025-04-25T10:08:47+00:00","og_image":[{"width":720,"height":960,"url":"https:\/\/bearchair.eu\/wp-content\/uploads\/2024\/05\/Untitled-design-17.png","type":"image\/png"}],"twitter_card":"summary_large_image","twitter_misc":{"Dur\u00e9e de lecture estim\u00e9e":"1 minute"},"schema":{"@context":"https:\/\/schema.org","@graph":[{"@type":"WebPage","@id":"https:\/\/bearchair.eu\/fr\/tableaux\/table-de-pique-nique-en-cedre\/","url":"https:\/\/bearchair.eu\/fr\/tableaux\/table-de-pique-nique-en-cedre\/","name":"Bear ChairTable de pique-nique en c\u00e8dre - The Bear Chair\u00ae","isPartOf":{"@id":"https:\/\/bearchair.eu\/fr\/#website"},"primaryImageOfPage":{"@id":"https:\/\/bearchair.eu\/fr\/tableaux\/table-de-pique-nique-en-cedre\/#primaryimage"},"image":{"@id":"https:\/\/bearchair.eu\/fr\/tableaux\/table-de-pique-nique-en-cedre\/#primaryimage"},"thumbnailUrl":"https:\/\/bearchair.eu\/wp-content\/uploads\/2024\/05\/Untitled-design-17.png","datePublished":"2024-05-03T10:09:29+00:00","dateModified":"2025-04-25T10:08:47+00:00","description":"Magasinez la table de pique-nique de Bear Chair\u00ae. Une table de jardin l\u00e9g\u00e8re, facile \u00e0 d\u00e9placer et \u00e0 nettoyer.","breadcrumb":{"@id":"https:\/\/bearchair.eu\/fr\/tableaux\/table-de-pique-nique-en-cedre\/#breadcrumb"},"inLanguage":"fr-FR","potentialAction":[{"@type":"ReadAction","target":["https:\/\/bearchair.eu\/fr\/tableaux\/table-de-pique-nique-en-cedre\/"]}]},{"@type":"ImageObject","inLanguage":"fr-FR","@id":"https:\/\/bearchair.eu\/fr\/tableaux\/table-de-pique-nique-en-cedre\/#primaryimage","url":"https:\/\/bearchair.eu\/wp-content\/uploads\/2024\/05\/Untitled-design-17.png","contentUrl":"https:\/\/bearchair.eu\/wp-content\/uploads\/2024\/05\/Untitled-design-17.png","width":720,"height":960},{"@type":"BreadcrumbList","@id":"https:\/\/bearchair.eu\/fr\/tableaux\/table-de-pique-nique-en-cedre\/#breadcrumb","itemListElement":[{"@type":"ListItem","position":1,"name":"Home","item":"https:\/\/bearchair.eu\/fr\/accueil\/"},{"@type":"ListItem","position":2,"name":"Boutique","item":"https:\/\/bearchair.eu\/fr\/boutique\/"},{"@type":"ListItem","position":3,"name":"Bear ChairTable de pique-nique en c\u00e8dre"}]},{"@type":"WebSite","@id":"https:\/\/bearchair.eu\/fr\/#website","url":"https:\/\/bearchair.eu\/fr\/","name":"The Bear Chair","description":"","publisher":{"@id":"https:\/\/bearchair.eu\/fr\/#organization"},"potentialAction":[{"@type":"SearchAction","target":{"@type":"EntryPoint","urlTemplate":"https:\/\/bearchair.eu\/fr\/?s={search_term_string}"},"query-input":{"@type":"PropertyValueSpecification","valueRequired":true,"valueName":"search_term_string"}}],"inLanguage":"fr-FR"},{"@type":"Organization","@id":"https:\/\/bearchair.eu\/fr\/#organization","name":"La chaise de l'ours","url":"https:\/\/bearchair.eu\/fr\/","logo":{"@type":"ImageObject","inLanguage":"fr-FR","@id":"https:\/\/bearchair.eu\/fr\/#\/schema\/logo\/image\/","url":"https:\/\/new.bearchair.eu\/wp-content\/uploads\/2024\/05\/BearChairIcon.png","contentUrl":"https:\/\/new.bearchair.eu\/wp-content\/uploads\/2024\/05\/BearChairIcon.png","width":512,"height":512,"caption":"La chaise de l'ours"},"image":{"@id":"https:\/\/bearchair.eu\/fr\/#\/schema\/logo\/image\/"}}]}},"_links":{"self":[{"href":"https:\/\/bearchair.eu\/fr\/wp-json\/wp\/v2\/product\/16890","targetHints":{"allow":["GET"]}}],"collection":[{"href":"https:\/\/bearchair.eu\/fr\/wp-json\/wp\/v2\/product"}],"about":[{"href":"https:\/\/bearchair.eu\/fr\/wp-json\/wp\/v2\/types\/product"}],"wp:featuredmedia":[{"embeddable":true,"href":"https:\/\/bearchair.eu\/fr\/wp-json\/wp\/v2\/media\/15693"}],"wp:attachment":[{"href":"https:\/\/bearchair.eu\/fr\/wp-json\/wp\/v2\/media?parent=16890"}],"wp:term":[{"taxonomy":"product_brand","embeddable":true,"href":"https:\/\/bearchair.eu\/fr\/wp-json\/wp\/v2\/product_brand?post=16890"},{"taxonomy":"product_cat","embeddable":true,"href":"https:\/\/bearchair.eu\/fr\/wp-json\/wp\/v2\/product_cat?post=16890"},{"taxonomy":"product_tag","embeddable":true,"href":"https:\/\/bearchair.eu\/fr\/wp-json\/wp\/v2\/product_tag?post=16890"}],"curies":[{"name":"wp","href":"https:\/\/api.w.org\/{rel}","templated":true}]}}