{"id":16942,"date":"2023-01-16T09:22:32","date_gmt":"2023-01-16T09:22:32","guid":{"rendered":"https:\/\/bearchair.eu\/non%20class\u00e9\/leconomie-bear-chair\/"},"modified":"2025-04-25T09:42:08","modified_gmt":"2025-04-25T09:42:08","slug":"leconomie-bear-chair","status":"publish","type":"product","link":"https:\/\/bearchair.eu\/fr\/chaises-fr\/leconomie-bear-chair\/","title":{"rendered":"Si\u00e8ge \u00e9conomique Bear Chair\u00ae."},"content":{"rendered":"<p>La chaise Economy Bear Chair\u00ae a des accoudoirs plus \u00e9troits (14 cm) que la chaise originale Bear Chair\u00ae. En effet, ce sont les parties les plus pr\u00e9cieuses de la chaise. Mais ces quelques centim\u00e8tres en moins ne rendent certainement pas la chaise moins confortable !  <\/p>\n<p><strong>Dimensions :  <\/strong><\/p>\n<ul>\n<li>Hauteur : 95 cm<\/li>\n<li>Largeur : 78 cm<\/li>\n<li>Profondeur : 92 cm<\/li>\n<\/ul>\n<p><strong>Poids :<\/strong> environ 10 kg<\/p>\n<p><strong>Assemblage<\/strong>: La chaise est livr\u00e9e en kit, pr\u00e9-assembl\u00e9e ou enti\u00e8rement assembl\u00e9e.<\/p>\n","protected":false},"excerpt":{"rendered":"<p>Le si\u00e8ge Economy Bear Chair\u00ae est juste un peu moins cher que le si\u00e8ge Economy The Original Bear Chair\u00ae. Cela est d\u00fb aux accoudoirs plus \u00e9troits. Mais cela ne le rend pas moins confortable !  <\/p>\n<p>&nbsp;<\/p>\n<p>&nbsp;<\/p>\n","protected":false},"featured_media":15311,"template":"","meta":[],"product_brand":[],"product_cat":[255],"product_tag":[],"class_list":{"0":"post-16942","1":"product","2":"type-product","3":"status-publish","4":"has-post-thumbnail","6":"product_cat-chaises-fr","8":"first","9":"instock","10":"featured","11":"taxable","12":"shipping-taxable","13":"purchasable","14":"product-type-variable"},"yoast_head":"<!-- This site is optimized with the Yoast SEO plugin v27.2 - https:\/\/yoast.com\/product\/yoast-seo-wordpress\/ -->\n<title>Si\u00e8ge \u00e9conomique Bear Chair\u00ae. - The Bear Chair\u00ae<\/title>\n<meta name=\"description\" content=\"Shop The Economy Bear Chair\u00ae. Cette chaise de jardin pr\u00e9mont\u00e9e offre un confort d&#039;assise in\u00e9gal\u00e9 combin\u00e9 \u00e0 de larges accoudoirs.\" \/>\n<meta name=\"robots\" content=\"index, follow, max-snippet:-1, max-image-preview:large, max-video-preview:-1\" \/>\n<link rel=\"canonical\" href=\"https:\/\/bearchair.eu\/fr\/chaises-fr\/leconomie-bear-chair\/\" \/>\n<meta property=\"og:locale\" content=\"fr_FR\" \/>\n<meta property=\"og:type\" content=\"article\" \/>\n<meta property=\"og:title\" content=\"Si\u00e8ge \u00e9conomique Bear Chair\u00ae. - The Bear Chair\u00ae\" \/>\n<meta property=\"og:description\" content=\"Shop The Economy Bear Chair\u00ae. Cette chaise de jardin pr\u00e9mont\u00e9e offre un confort d&#039;assise in\u00e9gal\u00e9 combin\u00e9 \u00e0 de larges accoudoirs.\" \/>\n<meta property=\"og:url\" content=\"https:\/\/bearchair.eu\/fr\/chaises-fr\/leconomie-bear-chair\/\" \/>\n<meta property=\"og:site_name\" content=\"The Bear Chair\u00ae\" \/>\n<meta property=\"article:modified_time\" content=\"2025-04-25T09:42:08+00:00\" \/>\n<meta property=\"og:image\" content=\"https:\/\/bearchair.eu\/wp-content\/uploads\/2024\/05\/BC170-FA-scaled-1.jpg\" \/>\n\t<meta property=\"og:image:width\" content=\"768\" \/>\n\t<meta property=\"og:image:height\" content=\"1024\" \/>\n\t<meta property=\"og:image:type\" content=\"image\/jpeg\" \/>\n<meta name=\"twitter:card\" content=\"summary_large_image\" \/>\n<script type=\"application\/ld+json\" class=\"yoast-schema-graph\">{\"@context\":\"https:\/\/schema.org\",\"@graph\":[{\"@type\":\"WebPage\",\"@id\":\"https:\/\/bearchair.eu\/fr\/chaises-fr\/leconomie-bear-chair\/\",\"url\":\"https:\/\/bearchair.eu\/fr\/chaises-fr\/leconomie-bear-chair\/\",\"name\":\"Si\u00e8ge \u00e9conomique Bear Chair\u00ae. - The Bear Chair\u00ae\",\"isPartOf\":{\"@id\":\"https:\/\/bearchair.eu\/fr\/#website\"},\"primaryImageOfPage\":{\"@id\":\"https:\/\/bearchair.eu\/fr\/chaises-fr\/leconomie-bear-chair\/#primaryimage\"},\"image\":{\"@id\":\"https:\/\/bearchair.eu\/fr\/chaises-fr\/leconomie-bear-chair\/#primaryimage\"},\"thumbnailUrl\":\"https:\/\/bearchair.eu\/wp-content\/uploads\/2024\/05\/BC170-FA-scaled-1.jpg\",\"datePublished\":\"2023-01-16T09:22:32+00:00\",\"dateModified\":\"2025-04-25T09:42:08+00:00\",\"description\":\"Shop The Economy Bear Chair\u00ae. Cette chaise de jardin pr\u00e9mont\u00e9e offre un confort d'assise in\u00e9gal\u00e9 combin\u00e9 \u00e0 de larges accoudoirs.\",\"breadcrumb\":{\"@id\":\"https:\/\/bearchair.eu\/fr\/chaises-fr\/leconomie-bear-chair\/#breadcrumb\"},\"inLanguage\":\"fr-FR\",\"potentialAction\":[{\"@type\":\"ReadAction\",\"target\":[\"https:\/\/bearchair.eu\/fr\/chaises-fr\/leconomie-bear-chair\/\"]}]},{\"@type\":\"ImageObject\",\"inLanguage\":\"fr-FR\",\"@id\":\"https:\/\/bearchair.eu\/fr\/chaises-fr\/leconomie-bear-chair\/#primaryimage\",\"url\":\"https:\/\/bearchair.eu\/wp-content\/uploads\/2024\/05\/BC170-FA-scaled-1.jpg\",\"contentUrl\":\"https:\/\/bearchair.eu\/wp-content\/uploads\/2024\/05\/BC170-FA-scaled-1.jpg\",\"width\":768,\"height\":1024},{\"@type\":\"BreadcrumbList\",\"@id\":\"https:\/\/bearchair.eu\/fr\/chaises-fr\/leconomie-bear-chair\/#breadcrumb\",\"itemListElement\":[{\"@type\":\"ListItem\",\"position\":1,\"name\":\"Accueil\",\"item\":\"https:\/\/bearchair.eu\/fr\/accueil\/\"},{\"@type\":\"ListItem\",\"position\":2,\"name\":\"Boutique\",\"item\":\"https:\/\/bearchair.eu\/fr\/boutique\/\"},{\"@type\":\"ListItem\",\"position\":3,\"name\":\"Si\u00e8ge \u00e9conomique Bear Chair\u00ae.\"}]},{\"@type\":\"WebSite\",\"@id\":\"https:\/\/bearchair.eu\/fr\/#website\",\"url\":\"https:\/\/bearchair.eu\/fr\/\",\"name\":\"The Bear Chair\",\"description\":\"\",\"publisher\":{\"@id\":\"https:\/\/bearchair.eu\/fr\/#organization\"},\"potentialAction\":[{\"@type\":\"SearchAction\",\"target\":{\"@type\":\"EntryPoint\",\"urlTemplate\":\"https:\/\/bearchair.eu\/fr\/?s={search_term_string}\"},\"query-input\":{\"@type\":\"PropertyValueSpecification\",\"valueRequired\":true,\"valueName\":\"search_term_string\"}}],\"inLanguage\":\"fr-FR\"},{\"@type\":\"Organization\",\"@id\":\"https:\/\/bearchair.eu\/fr\/#organization\",\"name\":\"La chaise de l'ours\",\"url\":\"https:\/\/bearchair.eu\/fr\/\",\"logo\":{\"@type\":\"ImageObject\",\"inLanguage\":\"fr-FR\",\"@id\":\"https:\/\/bearchair.eu\/fr\/#\/schema\/logo\/image\/\",\"url\":\"https:\/\/new.bearchair.eu\/wp-content\/uploads\/2024\/05\/BearChairIcon.png\",\"contentUrl\":\"https:\/\/new.bearchair.eu\/wp-content\/uploads\/2024\/05\/BearChairIcon.png\",\"width\":512,\"height\":512,\"caption\":\"La chaise de l'ours\"},\"image\":{\"@id\":\"https:\/\/bearchair.eu\/fr\/#\/schema\/logo\/image\/\"}}]}<\/script>\n<!-- \/ Yoast SEO plugin. -->","yoast_head_json":{"title":"Si\u00e8ge \u00e9conomique Bear Chair\u00ae. - The Bear Chair\u00ae","description":"Shop The Economy Bear Chair\u00ae. Cette chaise de jardin pr\u00e9mont\u00e9e offre un confort d'assise in\u00e9gal\u00e9 combin\u00e9 \u00e0 de larges accoudoirs.","robots":{"index":"index","follow":"follow","max-snippet":"max-snippet:-1","max-image-preview":"max-image-preview:large","max-video-preview":"max-video-preview:-1"},"canonical":"https:\/\/bearchair.eu\/fr\/chaises-fr\/leconomie-bear-chair\/","og_locale":"fr_FR","og_type":"article","og_title":"Si\u00e8ge \u00e9conomique Bear Chair\u00ae. - The Bear Chair\u00ae","og_description":"Shop The Economy Bear Chair\u00ae. Cette chaise de jardin pr\u00e9mont\u00e9e offre un confort d'assise in\u00e9gal\u00e9 combin\u00e9 \u00e0 de larges accoudoirs.","og_url":"https:\/\/bearchair.eu\/fr\/chaises-fr\/leconomie-bear-chair\/","og_site_name":"The Bear Chair\u00ae","article_modified_time":"2025-04-25T09:42:08+00:00","og_image":[{"width":768,"height":1024,"url":"https:\/\/bearchair.eu\/wp-content\/uploads\/2024\/05\/BC170-FA-scaled-1.jpg","type":"image\/jpeg"}],"twitter_card":"summary_large_image","schema":{"@context":"https:\/\/schema.org","@graph":[{"@type":"WebPage","@id":"https:\/\/bearchair.eu\/fr\/chaises-fr\/leconomie-bear-chair\/","url":"https:\/\/bearchair.eu\/fr\/chaises-fr\/leconomie-bear-chair\/","name":"Si\u00e8ge \u00e9conomique Bear Chair\u00ae. - The Bear Chair\u00ae","isPartOf":{"@id":"https:\/\/bearchair.eu\/fr\/#website"},"primaryImageOfPage":{"@id":"https:\/\/bearchair.eu\/fr\/chaises-fr\/leconomie-bear-chair\/#primaryimage"},"image":{"@id":"https:\/\/bearchair.eu\/fr\/chaises-fr\/leconomie-bear-chair\/#primaryimage"},"thumbnailUrl":"https:\/\/bearchair.eu\/wp-content\/uploads\/2024\/05\/BC170-FA-scaled-1.jpg","datePublished":"2023-01-16T09:22:32+00:00","dateModified":"2025-04-25T09:42:08+00:00","description":"Shop The Economy Bear Chair\u00ae. Cette chaise de jardin pr\u00e9mont\u00e9e offre un confort d'assise in\u00e9gal\u00e9 combin\u00e9 \u00e0 de larges accoudoirs.","breadcrumb":{"@id":"https:\/\/bearchair.eu\/fr\/chaises-fr\/leconomie-bear-chair\/#breadcrumb"},"inLanguage":"fr-FR","potentialAction":[{"@type":"ReadAction","target":["https:\/\/bearchair.eu\/fr\/chaises-fr\/leconomie-bear-chair\/"]}]},{"@type":"ImageObject","inLanguage":"fr-FR","@id":"https:\/\/bearchair.eu\/fr\/chaises-fr\/leconomie-bear-chair\/#primaryimage","url":"https:\/\/bearchair.eu\/wp-content\/uploads\/2024\/05\/BC170-FA-scaled-1.jpg","contentUrl":"https:\/\/bearchair.eu\/wp-content\/uploads\/2024\/05\/BC170-FA-scaled-1.jpg","width":768,"height":1024},{"@type":"BreadcrumbList","@id":"https:\/\/bearchair.eu\/fr\/chaises-fr\/leconomie-bear-chair\/#breadcrumb","itemListElement":[{"@type":"ListItem","position":1,"name":"Accueil","item":"https:\/\/bearchair.eu\/fr\/accueil\/"},{"@type":"ListItem","position":2,"name":"Boutique","item":"https:\/\/bearchair.eu\/fr\/boutique\/"},{"@type":"ListItem","position":3,"name":"Si\u00e8ge \u00e9conomique Bear Chair\u00ae."}]},{"@type":"WebSite","@id":"https:\/\/bearchair.eu\/fr\/#website","url":"https:\/\/bearchair.eu\/fr\/","name":"The Bear Chair","description":"","publisher":{"@id":"https:\/\/bearchair.eu\/fr\/#organization"},"potentialAction":[{"@type":"SearchAction","target":{"@type":"EntryPoint","urlTemplate":"https:\/\/bearchair.eu\/fr\/?s={search_term_string}"},"query-input":{"@type":"PropertyValueSpecification","valueRequired":true,"valueName":"search_term_string"}}],"inLanguage":"fr-FR"},{"@type":"Organization","@id":"https:\/\/bearchair.eu\/fr\/#organization","name":"La chaise de l'ours","url":"https:\/\/bearchair.eu\/fr\/","logo":{"@type":"ImageObject","inLanguage":"fr-FR","@id":"https:\/\/bearchair.eu\/fr\/#\/schema\/logo\/image\/","url":"https:\/\/new.bearchair.eu\/wp-content\/uploads\/2024\/05\/BearChairIcon.png","contentUrl":"https:\/\/new.bearchair.eu\/wp-content\/uploads\/2024\/05\/BearChairIcon.png","width":512,"height":512,"caption":"La chaise de l'ours"},"image":{"@id":"https:\/\/bearchair.eu\/fr\/#\/schema\/logo\/image\/"}}]}},"_links":{"self":[{"href":"https:\/\/bearchair.eu\/fr\/wp-json\/wp\/v2\/product\/16942","targetHints":{"allow":["GET"]}}],"collection":[{"href":"https:\/\/bearchair.eu\/fr\/wp-json\/wp\/v2\/product"}],"about":[{"href":"https:\/\/bearchair.eu\/fr\/wp-json\/wp\/v2\/types\/product"}],"wp:featuredmedia":[{"embeddable":true,"href":"https:\/\/bearchair.eu\/fr\/wp-json\/wp\/v2\/media\/15311"}],"wp:attachment":[{"href":"https:\/\/bearchair.eu\/fr\/wp-json\/wp\/v2\/media?parent=16942"}],"wp:term":[{"taxonomy":"product_brand","embeddable":true,"href":"https:\/\/bearchair.eu\/fr\/wp-json\/wp\/v2\/product_brand?post=16942"},{"taxonomy":"product_cat","embeddable":true,"href":"https:\/\/bearchair.eu\/fr\/wp-json\/wp\/v2\/product_cat?post=16942"},{"taxonomy":"product_tag","embeddable":true,"href":"https:\/\/bearchair.eu\/fr\/wp-json\/wp\/v2\/product_tag?post=16942"}],"curies":[{"name":"wp","href":"https:\/\/api.w.org\/{rel}","templated":true}]}}