{"id":16943,"date":"2023-12-15T11:31:06","date_gmt":"2023-12-15T11:31:06","guid":{"rendered":"https:\/\/bearchair.eu\/non%20class\u00e9\/table-de-salle-a-manger-rectangulaire-avec-pietement-central-220-ou-240-cm-de-long\/"},"modified":"2025-04-25T10:05:37","modified_gmt":"2025-04-25T10:05:37","slug":"table-de-salle-a-manger-rectangulaire-avec-pietement-central-220-ou-240-cm-de-long","status":"publish","type":"product","link":"https:\/\/bearchair.eu\/fr\/tableaux\/table-de-salle-a-manger-rectangulaire-avec-pietement-central-220-ou-240-cm-de-long\/","title":{"rendered":"Table de salle \u00e0 manger rectangulaire Bear Chair\u00ae avec base centrale (220 ou 240 cm de long)"},"content":{"rendered":"<p>Cette solide table de salle \u00e0 manger rectangulaire Bear Chair\u00ae avec base centrale permet de d\u00eener dans le jardin avec de grands groupes. Avec sa longueur de 240 cm ou, au choix, de 220 cm, cette table peut accueillir au moins 8 personnes. <\/p>\n<p><strong>Dimensions :<\/strong> 240\/220 cm x 100 cm<\/p>\n<p><strong>Epaisseur du plateau :<\/strong> 4 cm<\/p>\n<p><strong>Assemblage : <\/strong>Cette table de salle \u00e0 manger ne peut pas \u00eatre envoy\u00e9e par la poste, elle sera donc livr\u00e9e et assembl\u00e9e par nous personnellement. Le co\u00fbt d\u00e9pend du lieu de livraison. <\/p>\n","protected":false},"excerpt":{"rendered":"<p>Cette grande table de salle \u00e0 manger offre de l&rsquo;espace pour tous vos invit\u00e9s ! Le bois de c\u00e8dre robuste rend la table durable et lui donne un aspect naturel. <\/p>\n","protected":false},"featured_media":16209,"template":"","meta":[],"product_brand":[],"product_cat":[301,293,302],"product_tag":[],"class_list":{"0":"post-16943","1":"product","2":"type-product","3":"status-publish","4":"has-post-thumbnail","6":"product_cat-mobilier","7":"product_cat-tableaux","8":"product_cat-vente","10":"first","11":"instock","12":"sale","13":"purchasable","14":"product-type-simple"},"yoast_head":"<!-- This site is optimized with the Yoast SEO plugin v27.2 - https:\/\/yoast.com\/product\/yoast-seo-wordpress\/ -->\n<title>Table de salle \u00e0 manger rectangulaire Bear Chair\u00ae avec base centrale (220 ou 240 cm de long) - The Bear Chair\u00ae<\/title>\n<meta name=\"robots\" content=\"index, follow, max-snippet:-1, max-image-preview:large, max-video-preview:-1\" \/>\n<link rel=\"canonical\" href=\"https:\/\/bearchair.eu\/fr\/tableaux\/table-de-salle-a-manger-rectangulaire-avec-pietement-central-220-ou-240-cm-de-long\/\" \/>\n<meta property=\"og:locale\" content=\"fr_FR\" \/>\n<meta property=\"og:type\" content=\"article\" \/>\n<meta property=\"og:title\" content=\"Table de salle \u00e0 manger rectangulaire Bear Chair\u00ae avec base centrale (220 ou 240 cm de long) - The Bear Chair\u00ae\" \/>\n<meta property=\"og:description\" content=\"Cette grande table de salle \u00e0 manger offre de l&#039;espace pour tous vos invit\u00e9s ! Le bois de c\u00e8dre robuste rend la table durable et lui donne un aspect naturel.\" \/>\n<meta property=\"og:url\" content=\"https:\/\/bearchair.eu\/fr\/tableaux\/table-de-salle-a-manger-rectangulaire-avec-pietement-central-220-ou-240-cm-de-long\/\" \/>\n<meta property=\"og:site_name\" content=\"The Bear Chair\u00ae\" \/>\n<meta property=\"article:modified_time\" content=\"2025-04-25T10:05:37+00:00\" \/>\n<meta property=\"og:image\" content=\"https:\/\/bearchair.eu\/wp-content\/uploads\/2024\/10\/Drafab-voz.jpg\" \/>\n\t<meta property=\"og:image:width\" content=\"2312\" \/>\n\t<meta property=\"og:image:height\" content=\"1734\" \/>\n\t<meta property=\"og:image:type\" content=\"image\/jpeg\" \/>\n<meta name=\"twitter:card\" content=\"summary_large_image\" \/>\n<script type=\"application\/ld+json\" class=\"yoast-schema-graph\">{\"@context\":\"https:\/\/schema.org\",\"@graph\":[{\"@type\":\"WebPage\",\"@id\":\"https:\/\/bearchair.eu\/fr\/tableaux\/table-de-salle-a-manger-rectangulaire-avec-pietement-central-220-ou-240-cm-de-long\/\",\"url\":\"https:\/\/bearchair.eu\/fr\/tableaux\/table-de-salle-a-manger-rectangulaire-avec-pietement-central-220-ou-240-cm-de-long\/\",\"name\":\"Table de salle \u00e0 manger rectangulaire Bear Chair\u00ae avec base centrale (220 ou 240 cm de long) - The Bear Chair\u00ae\",\"isPartOf\":{\"@id\":\"https:\/\/bearchair.eu\/fr\/#website\"},\"primaryImageOfPage\":{\"@id\":\"https:\/\/bearchair.eu\/fr\/tableaux\/table-de-salle-a-manger-rectangulaire-avec-pietement-central-220-ou-240-cm-de-long\/#primaryimage\"},\"image\":{\"@id\":\"https:\/\/bearchair.eu\/fr\/tableaux\/table-de-salle-a-manger-rectangulaire-avec-pietement-central-220-ou-240-cm-de-long\/#primaryimage\"},\"thumbnailUrl\":\"https:\/\/bearchair.eu\/wp-content\/uploads\/2024\/10\/Drafab-voz.jpg\",\"datePublished\":\"2023-12-15T11:31:06+00:00\",\"dateModified\":\"2025-04-25T10:05:37+00:00\",\"breadcrumb\":{\"@id\":\"https:\/\/bearchair.eu\/fr\/tableaux\/table-de-salle-a-manger-rectangulaire-avec-pietement-central-220-ou-240-cm-de-long\/#breadcrumb\"},\"inLanguage\":\"fr-FR\",\"potentialAction\":[{\"@type\":\"ReadAction\",\"target\":[\"https:\/\/bearchair.eu\/fr\/tableaux\/table-de-salle-a-manger-rectangulaire-avec-pietement-central-220-ou-240-cm-de-long\/\"]}]},{\"@type\":\"ImageObject\",\"inLanguage\":\"fr-FR\",\"@id\":\"https:\/\/bearchair.eu\/fr\/tableaux\/table-de-salle-a-manger-rectangulaire-avec-pietement-central-220-ou-240-cm-de-long\/#primaryimage\",\"url\":\"https:\/\/bearchair.eu\/wp-content\/uploads\/2024\/10\/Drafab-voz.jpg\",\"contentUrl\":\"https:\/\/bearchair.eu\/wp-content\/uploads\/2024\/10\/Drafab-voz.jpg\",\"width\":2312,\"height\":1734},{\"@type\":\"BreadcrumbList\",\"@id\":\"https:\/\/bearchair.eu\/fr\/tableaux\/table-de-salle-a-manger-rectangulaire-avec-pietement-central-220-ou-240-cm-de-long\/#breadcrumb\",\"itemListElement\":[{\"@type\":\"ListItem\",\"position\":1,\"name\":\"Accueil\",\"item\":\"https:\/\/bearchair.eu\/fr\/accueil\/\"},{\"@type\":\"ListItem\",\"position\":2,\"name\":\"Boutique\",\"item\":\"https:\/\/bearchair.eu\/fr\/boutique\/\"},{\"@type\":\"ListItem\",\"position\":3,\"name\":\"Table de salle \u00e0 manger rectangulaire Bear Chair\u00ae avec base centrale (220 ou 240 cm de long)\"}]},{\"@type\":\"WebSite\",\"@id\":\"https:\/\/bearchair.eu\/fr\/#website\",\"url\":\"https:\/\/bearchair.eu\/fr\/\",\"name\":\"The Bear Chair\",\"description\":\"\",\"publisher\":{\"@id\":\"https:\/\/bearchair.eu\/fr\/#organization\"},\"potentialAction\":[{\"@type\":\"SearchAction\",\"target\":{\"@type\":\"EntryPoint\",\"urlTemplate\":\"https:\/\/bearchair.eu\/fr\/?s={search_term_string}\"},\"query-input\":{\"@type\":\"PropertyValueSpecification\",\"valueRequired\":true,\"valueName\":\"search_term_string\"}}],\"inLanguage\":\"fr-FR\"},{\"@type\":\"Organization\",\"@id\":\"https:\/\/bearchair.eu\/fr\/#organization\",\"name\":\"La chaise de l'ours\",\"url\":\"https:\/\/bearchair.eu\/fr\/\",\"logo\":{\"@type\":\"ImageObject\",\"inLanguage\":\"fr-FR\",\"@id\":\"https:\/\/bearchair.eu\/fr\/#\/schema\/logo\/image\/\",\"url\":\"https:\/\/new.bearchair.eu\/wp-content\/uploads\/2024\/05\/BearChairIcon.png\",\"contentUrl\":\"https:\/\/new.bearchair.eu\/wp-content\/uploads\/2024\/05\/BearChairIcon.png\",\"width\":512,\"height\":512,\"caption\":\"La chaise de l'ours\"},\"image\":{\"@id\":\"https:\/\/bearchair.eu\/fr\/#\/schema\/logo\/image\/\"}}]}<\/script>\n<!-- \/ Yoast SEO plugin. -->","yoast_head_json":{"title":"Table de salle \u00e0 manger rectangulaire Bear Chair\u00ae avec base centrale (220 ou 240 cm de long) - The Bear Chair\u00ae","robots":{"index":"index","follow":"follow","max-snippet":"max-snippet:-1","max-image-preview":"max-image-preview:large","max-video-preview":"max-video-preview:-1"},"canonical":"https:\/\/bearchair.eu\/fr\/tableaux\/table-de-salle-a-manger-rectangulaire-avec-pietement-central-220-ou-240-cm-de-long\/","og_locale":"fr_FR","og_type":"article","og_title":"Table de salle \u00e0 manger rectangulaire Bear Chair\u00ae avec base centrale (220 ou 240 cm de long) - The Bear Chair\u00ae","og_description":"Cette grande table de salle \u00e0 manger offre de l'espace pour tous vos invit\u00e9s ! Le bois de c\u00e8dre robuste rend la table durable et lui donne un aspect naturel.","og_url":"https:\/\/bearchair.eu\/fr\/tableaux\/table-de-salle-a-manger-rectangulaire-avec-pietement-central-220-ou-240-cm-de-long\/","og_site_name":"The Bear Chair\u00ae","article_modified_time":"2025-04-25T10:05:37+00:00","og_image":[{"width":2312,"height":1734,"url":"https:\/\/bearchair.eu\/wp-content\/uploads\/2024\/10\/Drafab-voz.jpg","type":"image\/jpeg"}],"twitter_card":"summary_large_image","schema":{"@context":"https:\/\/schema.org","@graph":[{"@type":"WebPage","@id":"https:\/\/bearchair.eu\/fr\/tableaux\/table-de-salle-a-manger-rectangulaire-avec-pietement-central-220-ou-240-cm-de-long\/","url":"https:\/\/bearchair.eu\/fr\/tableaux\/table-de-salle-a-manger-rectangulaire-avec-pietement-central-220-ou-240-cm-de-long\/","name":"Table de salle \u00e0 manger rectangulaire Bear Chair\u00ae avec base centrale (220 ou 240 cm de long) - The Bear Chair\u00ae","isPartOf":{"@id":"https:\/\/bearchair.eu\/fr\/#website"},"primaryImageOfPage":{"@id":"https:\/\/bearchair.eu\/fr\/tableaux\/table-de-salle-a-manger-rectangulaire-avec-pietement-central-220-ou-240-cm-de-long\/#primaryimage"},"image":{"@id":"https:\/\/bearchair.eu\/fr\/tableaux\/table-de-salle-a-manger-rectangulaire-avec-pietement-central-220-ou-240-cm-de-long\/#primaryimage"},"thumbnailUrl":"https:\/\/bearchair.eu\/wp-content\/uploads\/2024\/10\/Drafab-voz.jpg","datePublished":"2023-12-15T11:31:06+00:00","dateModified":"2025-04-25T10:05:37+00:00","breadcrumb":{"@id":"https:\/\/bearchair.eu\/fr\/tableaux\/table-de-salle-a-manger-rectangulaire-avec-pietement-central-220-ou-240-cm-de-long\/#breadcrumb"},"inLanguage":"fr-FR","potentialAction":[{"@type":"ReadAction","target":["https:\/\/bearchair.eu\/fr\/tableaux\/table-de-salle-a-manger-rectangulaire-avec-pietement-central-220-ou-240-cm-de-long\/"]}]},{"@type":"ImageObject","inLanguage":"fr-FR","@id":"https:\/\/bearchair.eu\/fr\/tableaux\/table-de-salle-a-manger-rectangulaire-avec-pietement-central-220-ou-240-cm-de-long\/#primaryimage","url":"https:\/\/bearchair.eu\/wp-content\/uploads\/2024\/10\/Drafab-voz.jpg","contentUrl":"https:\/\/bearchair.eu\/wp-content\/uploads\/2024\/10\/Drafab-voz.jpg","width":2312,"height":1734},{"@type":"BreadcrumbList","@id":"https:\/\/bearchair.eu\/fr\/tableaux\/table-de-salle-a-manger-rectangulaire-avec-pietement-central-220-ou-240-cm-de-long\/#breadcrumb","itemListElement":[{"@type":"ListItem","position":1,"name":"Accueil","item":"https:\/\/bearchair.eu\/fr\/accueil\/"},{"@type":"ListItem","position":2,"name":"Boutique","item":"https:\/\/bearchair.eu\/fr\/boutique\/"},{"@type":"ListItem","position":3,"name":"Table de salle \u00e0 manger rectangulaire Bear Chair\u00ae avec base centrale (220 ou 240 cm de long)"}]},{"@type":"WebSite","@id":"https:\/\/bearchair.eu\/fr\/#website","url":"https:\/\/bearchair.eu\/fr\/","name":"The Bear Chair","description":"","publisher":{"@id":"https:\/\/bearchair.eu\/fr\/#organization"},"potentialAction":[{"@type":"SearchAction","target":{"@type":"EntryPoint","urlTemplate":"https:\/\/bearchair.eu\/fr\/?s={search_term_string}"},"query-input":{"@type":"PropertyValueSpecification","valueRequired":true,"valueName":"search_term_string"}}],"inLanguage":"fr-FR"},{"@type":"Organization","@id":"https:\/\/bearchair.eu\/fr\/#organization","name":"La chaise de l'ours","url":"https:\/\/bearchair.eu\/fr\/","logo":{"@type":"ImageObject","inLanguage":"fr-FR","@id":"https:\/\/bearchair.eu\/fr\/#\/schema\/logo\/image\/","url":"https:\/\/new.bearchair.eu\/wp-content\/uploads\/2024\/05\/BearChairIcon.png","contentUrl":"https:\/\/new.bearchair.eu\/wp-content\/uploads\/2024\/05\/BearChairIcon.png","width":512,"height":512,"caption":"La chaise de l'ours"},"image":{"@id":"https:\/\/bearchair.eu\/fr\/#\/schema\/logo\/image\/"}}]}},"_links":{"self":[{"href":"https:\/\/bearchair.eu\/fr\/wp-json\/wp\/v2\/product\/16943","targetHints":{"allow":["GET"]}}],"collection":[{"href":"https:\/\/bearchair.eu\/fr\/wp-json\/wp\/v2\/product"}],"about":[{"href":"https:\/\/bearchair.eu\/fr\/wp-json\/wp\/v2\/types\/product"}],"wp:featuredmedia":[{"embeddable":true,"href":"https:\/\/bearchair.eu\/fr\/wp-json\/wp\/v2\/media\/16209"}],"wp:attachment":[{"href":"https:\/\/bearchair.eu\/fr\/wp-json\/wp\/v2\/media?parent=16943"}],"wp:term":[{"taxonomy":"product_brand","embeddable":true,"href":"https:\/\/bearchair.eu\/fr\/wp-json\/wp\/v2\/product_brand?post=16943"},{"taxonomy":"product_cat","embeddable":true,"href":"https:\/\/bearchair.eu\/fr\/wp-json\/wp\/v2\/product_cat?post=16943"},{"taxonomy":"product_tag","embeddable":true,"href":"https:\/\/bearchair.eu\/fr\/wp-json\/wp\/v2\/product_tag?post=16943"}],"curies":[{"name":"wp","href":"https:\/\/api.w.org\/{rel}","templated":true}]}}