{"id":16963,"date":"2021-09-27T14:36:42","date_gmt":"2021-09-27T14:36:42","guid":{"rendered":"https:\/\/bearchair.eu\/non class\u00e9\/2x-royal-bear-chairs-2x-pouf\/"},"modified":"2021-09-27T14:36:42","modified_gmt":"2021-09-27T14:36:42","slug":"2x-royal-bear-chairs-2x-pouf","status":"publish","type":"product","link":"https:\/\/bearchair.eu\/fr\/mobilier\/2x-royal-bear-chairs-2x-pouf\/","title":{"rendered":"2x Royal Bear Chairs + 2x pouf"},"content":{"rendered":"<p>Largeur : 85cm<br \/>\nHauteur : 96cm<br \/>\nProfondeur : 90cm<br \/>\nPoids : 17 kg.<\/p>\n","protected":false},"excerpt":{"rendered":"<p>2x Royal Bear Chairs + 2x Adjustable Foot Chair<br \/>\nCes Royal Bear Chairs sont fabriqu\u00e9s en c\u00e8dre plus \u00e9pais, plus robuste et pliable pour un stockage facile.<\/p>\n","protected":false},"featured_media":10009,"template":"","meta":[],"product_brand":[],"product_cat":[301],"product_tag":[],"class_list":{"0":"post-16963","1":"product","2":"type-product","3":"status-publish","4":"has-post-thumbnail","6":"product_cat-mobilier","8":"first","9":"instock","10":"taxable","11":"shipping-taxable","12":"purchasable","13":"product-type-simple"},"yoast_head":"<!-- This site is optimized with the Yoast SEO plugin v27.2 - https:\/\/yoast.com\/product\/yoast-seo-wordpress\/ -->\n<title>2x Royal Bear Chairs + 2x pouf - The Bear Chair\u00ae<\/title>\n<meta name=\"robots\" content=\"index, follow, max-snippet:-1, max-image-preview:large, max-video-preview:-1\" \/>\n<link rel=\"canonical\" href=\"https:\/\/bearchair.eu\/fr\/mobilier\/2x-royal-bear-chairs-2x-pouf\/\" \/>\n<meta property=\"og:locale\" content=\"fr_FR\" \/>\n<meta property=\"og:type\" content=\"article\" \/>\n<meta property=\"og:title\" content=\"2x Royal Bear Chairs + 2x pouf - The Bear Chair\u00ae\" \/>\n<meta property=\"og:description\" content=\"2x Royal Bear Chairs + 2x Adjustable Foot Chair Ces Royal Bear Chairs sont fabriqu\u00e9s en c\u00e8dre plus \u00e9pais, plus robuste et pliable pour un stockage facile.\" \/>\n<meta property=\"og:url\" content=\"https:\/\/bearchair.eu\/fr\/mobilier\/2x-royal-bear-chairs-2x-pouf\/\" \/>\n<meta property=\"og:site_name\" content=\"The Bear Chair\u00ae\" \/>\n<meta property=\"og:image\" content=\"https:\/\/bearchair.eu\/wp-content\/uploads\/2024\/05\/IMG-20210922-WA0001.jpg\" \/>\n\t<meta property=\"og:image:width\" content=\"1024\" \/>\n\t<meta property=\"og:image:height\" content=\"768\" \/>\n\t<meta property=\"og:image:type\" content=\"image\/jpeg\" \/>\n<meta name=\"twitter:card\" content=\"summary_large_image\" \/>\n<script type=\"application\/ld+json\" class=\"yoast-schema-graph\">{\"@context\":\"https:\/\/schema.org\",\"@graph\":[{\"@type\":\"WebPage\",\"@id\":\"https:\/\/bearchair.eu\/fr\/mobilier\/2x-royal-bear-chairs-2x-pouf\/\",\"url\":\"https:\/\/bearchair.eu\/fr\/mobilier\/2x-royal-bear-chairs-2x-pouf\/\",\"name\":\"2x Royal Bear Chairs + 2x pouf - The Bear Chair\u00ae\",\"isPartOf\":{\"@id\":\"https:\/\/bearchair.eu\/fr\/#website\"},\"primaryImageOfPage\":{\"@id\":\"https:\/\/bearchair.eu\/fr\/mobilier\/2x-royal-bear-chairs-2x-pouf\/#primaryimage\"},\"image\":{\"@id\":\"https:\/\/bearchair.eu\/fr\/mobilier\/2x-royal-bear-chairs-2x-pouf\/#primaryimage\"},\"thumbnailUrl\":\"https:\/\/bearchair.eu\/wp-content\/uploads\/2024\/05\/IMG-20210922-WA0001.jpg\",\"datePublished\":\"2021-09-27T14:36:42+00:00\",\"breadcrumb\":{\"@id\":\"https:\/\/bearchair.eu\/fr\/mobilier\/2x-royal-bear-chairs-2x-pouf\/#breadcrumb\"},\"inLanguage\":\"fr-FR\",\"potentialAction\":[{\"@type\":\"ReadAction\",\"target\":[\"https:\/\/bearchair.eu\/fr\/mobilier\/2x-royal-bear-chairs-2x-pouf\/\"]}]},{\"@type\":\"ImageObject\",\"inLanguage\":\"fr-FR\",\"@id\":\"https:\/\/bearchair.eu\/fr\/mobilier\/2x-royal-bear-chairs-2x-pouf\/#primaryimage\",\"url\":\"https:\/\/bearchair.eu\/wp-content\/uploads\/2024\/05\/IMG-20210922-WA0001.jpg\",\"contentUrl\":\"https:\/\/bearchair.eu\/wp-content\/uploads\/2024\/05\/IMG-20210922-WA0001.jpg\",\"width\":1024,\"height\":768},{\"@type\":\"BreadcrumbList\",\"@id\":\"https:\/\/bearchair.eu\/fr\/mobilier\/2x-royal-bear-chairs-2x-pouf\/#breadcrumb\",\"itemListElement\":[{\"@type\":\"ListItem\",\"position\":1,\"name\":\"Home\",\"item\":\"https:\/\/bearchair.eu\/fr\/accueil\/\"},{\"@type\":\"ListItem\",\"position\":2,\"name\":\"Boutique\",\"item\":\"https:\/\/bearchair.eu\/fr\/boutique\/\"},{\"@type\":\"ListItem\",\"position\":3,\"name\":\"2x Royal Bear Chairs + 2x pouf\"}]},{\"@type\":\"WebSite\",\"@id\":\"https:\/\/bearchair.eu\/fr\/#website\",\"url\":\"https:\/\/bearchair.eu\/fr\/\",\"name\":\"The Bear Chair\",\"description\":\"\",\"publisher\":{\"@id\":\"https:\/\/bearchair.eu\/fr\/#organization\"},\"potentialAction\":[{\"@type\":\"SearchAction\",\"target\":{\"@type\":\"EntryPoint\",\"urlTemplate\":\"https:\/\/bearchair.eu\/fr\/?s={search_term_string}\"},\"query-input\":{\"@type\":\"PropertyValueSpecification\",\"valueRequired\":true,\"valueName\":\"search_term_string\"}}],\"inLanguage\":\"fr-FR\"},{\"@type\":\"Organization\",\"@id\":\"https:\/\/bearchair.eu\/fr\/#organization\",\"name\":\"La chaise de l'ours\",\"url\":\"https:\/\/bearchair.eu\/fr\/\",\"logo\":{\"@type\":\"ImageObject\",\"inLanguage\":\"fr-FR\",\"@id\":\"https:\/\/bearchair.eu\/fr\/#\/schema\/logo\/image\/\",\"url\":\"https:\/\/new.bearchair.eu\/wp-content\/uploads\/2024\/05\/BearChairIcon.png\",\"contentUrl\":\"https:\/\/new.bearchair.eu\/wp-content\/uploads\/2024\/05\/BearChairIcon.png\",\"width\":512,\"height\":512,\"caption\":\"La chaise de l'ours\"},\"image\":{\"@id\":\"https:\/\/bearchair.eu\/fr\/#\/schema\/logo\/image\/\"}}]}<\/script>\n<!-- \/ Yoast SEO plugin. -->","yoast_head_json":{"title":"2x Royal Bear Chairs + 2x pouf - The Bear Chair\u00ae","robots":{"index":"index","follow":"follow","max-snippet":"max-snippet:-1","max-image-preview":"max-image-preview:large","max-video-preview":"max-video-preview:-1"},"canonical":"https:\/\/bearchair.eu\/fr\/mobilier\/2x-royal-bear-chairs-2x-pouf\/","og_locale":"fr_FR","og_type":"article","og_title":"2x Royal Bear Chairs + 2x pouf - The Bear Chair\u00ae","og_description":"2x Royal Bear Chairs + 2x Adjustable Foot Chair Ces Royal Bear Chairs sont fabriqu\u00e9s en c\u00e8dre plus \u00e9pais, plus robuste et pliable pour un stockage facile.","og_url":"https:\/\/bearchair.eu\/fr\/mobilier\/2x-royal-bear-chairs-2x-pouf\/","og_site_name":"The Bear Chair\u00ae","og_image":[{"width":1024,"height":768,"url":"https:\/\/bearchair.eu\/wp-content\/uploads\/2024\/05\/IMG-20210922-WA0001.jpg","type":"image\/jpeg"}],"twitter_card":"summary_large_image","schema":{"@context":"https:\/\/schema.org","@graph":[{"@type":"WebPage","@id":"https:\/\/bearchair.eu\/fr\/mobilier\/2x-royal-bear-chairs-2x-pouf\/","url":"https:\/\/bearchair.eu\/fr\/mobilier\/2x-royal-bear-chairs-2x-pouf\/","name":"2x Royal Bear Chairs + 2x pouf - The Bear Chair\u00ae","isPartOf":{"@id":"https:\/\/bearchair.eu\/fr\/#website"},"primaryImageOfPage":{"@id":"https:\/\/bearchair.eu\/fr\/mobilier\/2x-royal-bear-chairs-2x-pouf\/#primaryimage"},"image":{"@id":"https:\/\/bearchair.eu\/fr\/mobilier\/2x-royal-bear-chairs-2x-pouf\/#primaryimage"},"thumbnailUrl":"https:\/\/bearchair.eu\/wp-content\/uploads\/2024\/05\/IMG-20210922-WA0001.jpg","datePublished":"2021-09-27T14:36:42+00:00","breadcrumb":{"@id":"https:\/\/bearchair.eu\/fr\/mobilier\/2x-royal-bear-chairs-2x-pouf\/#breadcrumb"},"inLanguage":"fr-FR","potentialAction":[{"@type":"ReadAction","target":["https:\/\/bearchair.eu\/fr\/mobilier\/2x-royal-bear-chairs-2x-pouf\/"]}]},{"@type":"ImageObject","inLanguage":"fr-FR","@id":"https:\/\/bearchair.eu\/fr\/mobilier\/2x-royal-bear-chairs-2x-pouf\/#primaryimage","url":"https:\/\/bearchair.eu\/wp-content\/uploads\/2024\/05\/IMG-20210922-WA0001.jpg","contentUrl":"https:\/\/bearchair.eu\/wp-content\/uploads\/2024\/05\/IMG-20210922-WA0001.jpg","width":1024,"height":768},{"@type":"BreadcrumbList","@id":"https:\/\/bearchair.eu\/fr\/mobilier\/2x-royal-bear-chairs-2x-pouf\/#breadcrumb","itemListElement":[{"@type":"ListItem","position":1,"name":"Home","item":"https:\/\/bearchair.eu\/fr\/accueil\/"},{"@type":"ListItem","position":2,"name":"Boutique","item":"https:\/\/bearchair.eu\/fr\/boutique\/"},{"@type":"ListItem","position":3,"name":"2x Royal Bear Chairs + 2x pouf"}]},{"@type":"WebSite","@id":"https:\/\/bearchair.eu\/fr\/#website","url":"https:\/\/bearchair.eu\/fr\/","name":"The Bear Chair","description":"","publisher":{"@id":"https:\/\/bearchair.eu\/fr\/#organization"},"potentialAction":[{"@type":"SearchAction","target":{"@type":"EntryPoint","urlTemplate":"https:\/\/bearchair.eu\/fr\/?s={search_term_string}"},"query-input":{"@type":"PropertyValueSpecification","valueRequired":true,"valueName":"search_term_string"}}],"inLanguage":"fr-FR"},{"@type":"Organization","@id":"https:\/\/bearchair.eu\/fr\/#organization","name":"La chaise de l'ours","url":"https:\/\/bearchair.eu\/fr\/","logo":{"@type":"ImageObject","inLanguage":"fr-FR","@id":"https:\/\/bearchair.eu\/fr\/#\/schema\/logo\/image\/","url":"https:\/\/new.bearchair.eu\/wp-content\/uploads\/2024\/05\/BearChairIcon.png","contentUrl":"https:\/\/new.bearchair.eu\/wp-content\/uploads\/2024\/05\/BearChairIcon.png","width":512,"height":512,"caption":"La chaise de l'ours"},"image":{"@id":"https:\/\/bearchair.eu\/fr\/#\/schema\/logo\/image\/"}}]}},"_links":{"self":[{"href":"https:\/\/bearchair.eu\/fr\/wp-json\/wp\/v2\/product\/16963","targetHints":{"allow":["GET"]}}],"collection":[{"href":"https:\/\/bearchair.eu\/fr\/wp-json\/wp\/v2\/product"}],"about":[{"href":"https:\/\/bearchair.eu\/fr\/wp-json\/wp\/v2\/types\/product"}],"wp:featuredmedia":[{"embeddable":true,"href":"https:\/\/bearchair.eu\/fr\/wp-json\/wp\/v2\/media\/10009"}],"wp:attachment":[{"href":"https:\/\/bearchair.eu\/fr\/wp-json\/wp\/v2\/media?parent=16963"}],"wp:term":[{"taxonomy":"product_brand","embeddable":true,"href":"https:\/\/bearchair.eu\/fr\/wp-json\/wp\/v2\/product_brand?post=16963"},{"taxonomy":"product_cat","embeddable":true,"href":"https:\/\/bearchair.eu\/fr\/wp-json\/wp\/v2\/product_cat?post=16963"},{"taxonomy":"product_tag","embeddable":true,"href":"https:\/\/bearchair.eu\/fr\/wp-json\/wp\/v2\/product_tag?post=16963"}],"curies":[{"name":"wp","href":"https:\/\/api.w.org\/{rel}","templated":true}]}}