{"id":16982,"date":"2019-08-05T15:35:16","date_gmt":"2019-08-05T15:35:16","guid":{"rendered":"https:\/\/bearchair.eu\/non%20class\u00e9\/set-de-pique-nique-table-4-bancs\/"},"modified":"2025-05-01T10:53:04","modified_gmt":"2025-05-01T10:53:04","slug":"set-de-pique-nique-table-4-bancs","status":"publish","type":"product","link":"https:\/\/bearchair.eu\/fr\/combinaisons\/set-de-pique-nique-table-4-bancs\/","title":{"rendered":"Bear Chair\u00ae Set de pique-nique (table + 4 bancs)"},"content":{"rendered":"<p><strong>Dimensions :<\/strong><\/p>\n<p><strong>Tableau :<\/strong><\/p>\n<ul>\n<li>Hauteur : 70 cm<\/li>\n<li>Largeur : 175 cm<\/li>\n<li>Profondeur : 75 cm<\/li>\n<\/ul>\n<p><strong>Grandes banquettes avec dossier :<\/strong><\/p>\n<ul>\n<li>Hauteur : 48 cm<\/li>\n<li>Largeur : 150 cm<\/li>\n<li>Profondeur : 25 cm<\/li>\n<\/ul>\n<p><strong>Petits bancs avec dossier :<\/strong><\/p>\n<ul>\n<li>Hauteur : 48 cm<\/li>\n<li>Largeur : 60 cm<\/li>\n<li>Profondeur : 25 cm<\/li>\n<\/ul>\n<p><strong>Assemblage : <\/strong>Cet ensemble est livr\u00e9 semi-assembl\u00e9.<\/p>\n<p>&nbsp;<\/p>\n","protected":false},"excerpt":{"rendered":"<p>Ce set de pique-nique l\u00e9ger Bear Chair\u00ae est fabriqu\u00e9 en bois de c\u00e8dre, ce qui le rend facile \u00e0 d\u00e9placer, \u00e9l\u00e9gant et tr\u00e8s durable. L&rsquo;ensemble se compose d&rsquo;une table, de deux petits bancs et de deux grands bancs. <\/p>\n","protected":false},"featured_media":15181,"template":"","meta":[],"product_brand":[],"product_cat":[288,301,302],"product_tag":[],"class_list":{"0":"post-16982","1":"product","2":"type-product","3":"status-publish","4":"has-post-thumbnail","6":"product_cat-combinaisons","7":"product_cat-mobilier","8":"product_cat-vente","10":"first","11":"outofstock","12":"sale","13":"taxable","14":"shipping-taxable","15":"purchasable","16":"product-type-simple"},"yoast_head":"<!-- This site is optimized with the Yoast SEO plugin v27.2 - https:\/\/yoast.com\/product\/yoast-seo-wordpress\/ -->\n<title>Bear Chair\u00ae Set de pique-nique (table + 4 bancs) - The Bear Chair\u00ae<\/title>\n<meta name=\"description\" content=\"Magasinez Bear Chair\u00ae Set de pique-nique. Table + 4 bancs avec dossier. Facile \u00e0 d\u00e9placer, \u00e9l\u00e9gant et exceptionnellement durable. Facile \u00e0 ranger.\" \/>\n<meta name=\"robots\" content=\"index, follow, max-snippet:-1, max-image-preview:large, max-video-preview:-1\" \/>\n<link rel=\"canonical\" href=\"https:\/\/bearchair.eu\/fr\/combinaisons\/set-de-pique-nique-table-4-bancs\/\" \/>\n<meta property=\"og:locale\" content=\"fr_FR\" \/>\n<meta property=\"og:type\" content=\"article\" \/>\n<meta property=\"og:title\" content=\"Bear Chair\u00ae Set de pique-nique (table + 4 bancs) - The Bear Chair\u00ae\" \/>\n<meta property=\"og:description\" content=\"Magasinez Bear Chair\u00ae Set de pique-nique. Table + 4 bancs avec dossier. Facile \u00e0 d\u00e9placer, \u00e9l\u00e9gant et exceptionnellement durable. Facile \u00e0 ranger.\" \/>\n<meta property=\"og:url\" content=\"https:\/\/bearchair.eu\/fr\/combinaisons\/set-de-pique-nique-table-4-bancs\/\" \/>\n<meta property=\"og:site_name\" content=\"The Bear Chair\u00ae\" \/>\n<meta property=\"article:modified_time\" content=\"2025-05-01T10:53:04+00:00\" \/>\n<meta property=\"og:image\" content=\"https:\/\/bearchair.eu\/wp-content\/uploads\/2024\/05\/600C-Set.jpg\" \/>\n\t<meta property=\"og:image:width\" content=\"1024\" \/>\n\t<meta property=\"og:image:height\" content=\"698\" \/>\n\t<meta property=\"og:image:type\" content=\"image\/jpeg\" \/>\n<meta name=\"twitter:card\" content=\"summary_large_image\" \/>\n<script type=\"application\/ld+json\" class=\"yoast-schema-graph\">{\"@context\":\"https:\/\/schema.org\",\"@graph\":[{\"@type\":\"WebPage\",\"@id\":\"https:\/\/bearchair.eu\/fr\/combinaisons\/set-de-pique-nique-table-4-bancs\/\",\"url\":\"https:\/\/bearchair.eu\/fr\/combinaisons\/set-de-pique-nique-table-4-bancs\/\",\"name\":\"Bear Chair\u00ae Set de pique-nique (table + 4 bancs) - The Bear Chair\u00ae\",\"isPartOf\":{\"@id\":\"https:\/\/bearchair.eu\/fr\/#website\"},\"primaryImageOfPage\":{\"@id\":\"https:\/\/bearchair.eu\/fr\/combinaisons\/set-de-pique-nique-table-4-bancs\/#primaryimage\"},\"image\":{\"@id\":\"https:\/\/bearchair.eu\/fr\/combinaisons\/set-de-pique-nique-table-4-bancs\/#primaryimage\"},\"thumbnailUrl\":\"https:\/\/bearchair.eu\/wp-content\/uploads\/2024\/05\/600C-Set.jpg\",\"datePublished\":\"2019-08-05T15:35:16+00:00\",\"dateModified\":\"2025-05-01T10:53:04+00:00\",\"description\":\"Magasinez Bear Chair\u00ae Set de pique-nique. Table + 4 bancs avec dossier. Facile \u00e0 d\u00e9placer, \u00e9l\u00e9gant et exceptionnellement durable. Facile \u00e0 ranger.\",\"breadcrumb\":{\"@id\":\"https:\/\/bearchair.eu\/fr\/combinaisons\/set-de-pique-nique-table-4-bancs\/#breadcrumb\"},\"inLanguage\":\"fr-FR\",\"potentialAction\":[{\"@type\":\"ReadAction\",\"target\":[\"https:\/\/bearchair.eu\/fr\/combinaisons\/set-de-pique-nique-table-4-bancs\/\"]}]},{\"@type\":\"ImageObject\",\"inLanguage\":\"fr-FR\",\"@id\":\"https:\/\/bearchair.eu\/fr\/combinaisons\/set-de-pique-nique-table-4-bancs\/#primaryimage\",\"url\":\"https:\/\/bearchair.eu\/wp-content\/uploads\/2024\/05\/600C-Set.jpg\",\"contentUrl\":\"https:\/\/bearchair.eu\/wp-content\/uploads\/2024\/05\/600C-Set.jpg\",\"width\":1024,\"height\":698},{\"@type\":\"BreadcrumbList\",\"@id\":\"https:\/\/bearchair.eu\/fr\/combinaisons\/set-de-pique-nique-table-4-bancs\/#breadcrumb\",\"itemListElement\":[{\"@type\":\"ListItem\",\"position\":1,\"name\":\"Accueil\",\"item\":\"https:\/\/bearchair.eu\/fr\/accueil\/\"},{\"@type\":\"ListItem\",\"position\":2,\"name\":\"Boutique\",\"item\":\"https:\/\/bearchair.eu\/fr\/boutique\/\"},{\"@type\":\"ListItem\",\"position\":3,\"name\":\"Bear Chair\u00ae Set de pique-nique (table + 4 bancs)\"}]},{\"@type\":\"WebSite\",\"@id\":\"https:\/\/bearchair.eu\/fr\/#website\",\"url\":\"https:\/\/bearchair.eu\/fr\/\",\"name\":\"The Bear Chair\",\"description\":\"\",\"publisher\":{\"@id\":\"https:\/\/bearchair.eu\/fr\/#organization\"},\"potentialAction\":[{\"@type\":\"SearchAction\",\"target\":{\"@type\":\"EntryPoint\",\"urlTemplate\":\"https:\/\/bearchair.eu\/fr\/?s={search_term_string}\"},\"query-input\":{\"@type\":\"PropertyValueSpecification\",\"valueRequired\":true,\"valueName\":\"search_term_string\"}}],\"inLanguage\":\"fr-FR\"},{\"@type\":\"Organization\",\"@id\":\"https:\/\/bearchair.eu\/fr\/#organization\",\"name\":\"La chaise de l'ours\",\"url\":\"https:\/\/bearchair.eu\/fr\/\",\"logo\":{\"@type\":\"ImageObject\",\"inLanguage\":\"fr-FR\",\"@id\":\"https:\/\/bearchair.eu\/fr\/#\/schema\/logo\/image\/\",\"url\":\"https:\/\/new.bearchair.eu\/wp-content\/uploads\/2024\/05\/BearChairIcon.png\",\"contentUrl\":\"https:\/\/new.bearchair.eu\/wp-content\/uploads\/2024\/05\/BearChairIcon.png\",\"width\":512,\"height\":512,\"caption\":\"La chaise de l'ours\"},\"image\":{\"@id\":\"https:\/\/bearchair.eu\/fr\/#\/schema\/logo\/image\/\"}}]}<\/script>\n<!-- \/ Yoast SEO plugin. -->","yoast_head_json":{"title":"Bear Chair\u00ae Set de pique-nique (table + 4 bancs) - The Bear Chair\u00ae","description":"Magasinez Bear Chair\u00ae Set de pique-nique. Table + 4 bancs avec dossier. Facile \u00e0 d\u00e9placer, \u00e9l\u00e9gant et exceptionnellement durable. Facile \u00e0 ranger.","robots":{"index":"index","follow":"follow","max-snippet":"max-snippet:-1","max-image-preview":"max-image-preview:large","max-video-preview":"max-video-preview:-1"},"canonical":"https:\/\/bearchair.eu\/fr\/combinaisons\/set-de-pique-nique-table-4-bancs\/","og_locale":"fr_FR","og_type":"article","og_title":"Bear Chair\u00ae Set de pique-nique (table + 4 bancs) - The Bear Chair\u00ae","og_description":"Magasinez Bear Chair\u00ae Set de pique-nique. Table + 4 bancs avec dossier. Facile \u00e0 d\u00e9placer, \u00e9l\u00e9gant et exceptionnellement durable. Facile \u00e0 ranger.","og_url":"https:\/\/bearchair.eu\/fr\/combinaisons\/set-de-pique-nique-table-4-bancs\/","og_site_name":"The Bear Chair\u00ae","article_modified_time":"2025-05-01T10:53:04+00:00","og_image":[{"width":1024,"height":698,"url":"https:\/\/bearchair.eu\/wp-content\/uploads\/2024\/05\/600C-Set.jpg","type":"image\/jpeg"}],"twitter_card":"summary_large_image","schema":{"@context":"https:\/\/schema.org","@graph":[{"@type":"WebPage","@id":"https:\/\/bearchair.eu\/fr\/combinaisons\/set-de-pique-nique-table-4-bancs\/","url":"https:\/\/bearchair.eu\/fr\/combinaisons\/set-de-pique-nique-table-4-bancs\/","name":"Bear Chair\u00ae Set de pique-nique (table + 4 bancs) - The Bear Chair\u00ae","isPartOf":{"@id":"https:\/\/bearchair.eu\/fr\/#website"},"primaryImageOfPage":{"@id":"https:\/\/bearchair.eu\/fr\/combinaisons\/set-de-pique-nique-table-4-bancs\/#primaryimage"},"image":{"@id":"https:\/\/bearchair.eu\/fr\/combinaisons\/set-de-pique-nique-table-4-bancs\/#primaryimage"},"thumbnailUrl":"https:\/\/bearchair.eu\/wp-content\/uploads\/2024\/05\/600C-Set.jpg","datePublished":"2019-08-05T15:35:16+00:00","dateModified":"2025-05-01T10:53:04+00:00","description":"Magasinez Bear Chair\u00ae Set de pique-nique. Table + 4 bancs avec dossier. Facile \u00e0 d\u00e9placer, \u00e9l\u00e9gant et exceptionnellement durable. Facile \u00e0 ranger.","breadcrumb":{"@id":"https:\/\/bearchair.eu\/fr\/combinaisons\/set-de-pique-nique-table-4-bancs\/#breadcrumb"},"inLanguage":"fr-FR","potentialAction":[{"@type":"ReadAction","target":["https:\/\/bearchair.eu\/fr\/combinaisons\/set-de-pique-nique-table-4-bancs\/"]}]},{"@type":"ImageObject","inLanguage":"fr-FR","@id":"https:\/\/bearchair.eu\/fr\/combinaisons\/set-de-pique-nique-table-4-bancs\/#primaryimage","url":"https:\/\/bearchair.eu\/wp-content\/uploads\/2024\/05\/600C-Set.jpg","contentUrl":"https:\/\/bearchair.eu\/wp-content\/uploads\/2024\/05\/600C-Set.jpg","width":1024,"height":698},{"@type":"BreadcrumbList","@id":"https:\/\/bearchair.eu\/fr\/combinaisons\/set-de-pique-nique-table-4-bancs\/#breadcrumb","itemListElement":[{"@type":"ListItem","position":1,"name":"Accueil","item":"https:\/\/bearchair.eu\/fr\/accueil\/"},{"@type":"ListItem","position":2,"name":"Boutique","item":"https:\/\/bearchair.eu\/fr\/boutique\/"},{"@type":"ListItem","position":3,"name":"Bear Chair\u00ae Set de pique-nique (table + 4 bancs)"}]},{"@type":"WebSite","@id":"https:\/\/bearchair.eu\/fr\/#website","url":"https:\/\/bearchair.eu\/fr\/","name":"The Bear Chair","description":"","publisher":{"@id":"https:\/\/bearchair.eu\/fr\/#organization"},"potentialAction":[{"@type":"SearchAction","target":{"@type":"EntryPoint","urlTemplate":"https:\/\/bearchair.eu\/fr\/?s={search_term_string}"},"query-input":{"@type":"PropertyValueSpecification","valueRequired":true,"valueName":"search_term_string"}}],"inLanguage":"fr-FR"},{"@type":"Organization","@id":"https:\/\/bearchair.eu\/fr\/#organization","name":"La chaise de l'ours","url":"https:\/\/bearchair.eu\/fr\/","logo":{"@type":"ImageObject","inLanguage":"fr-FR","@id":"https:\/\/bearchair.eu\/fr\/#\/schema\/logo\/image\/","url":"https:\/\/new.bearchair.eu\/wp-content\/uploads\/2024\/05\/BearChairIcon.png","contentUrl":"https:\/\/new.bearchair.eu\/wp-content\/uploads\/2024\/05\/BearChairIcon.png","width":512,"height":512,"caption":"La chaise de l'ours"},"image":{"@id":"https:\/\/bearchair.eu\/fr\/#\/schema\/logo\/image\/"}}]}},"_links":{"self":[{"href":"https:\/\/bearchair.eu\/fr\/wp-json\/wp\/v2\/product\/16982","targetHints":{"allow":["GET"]}}],"collection":[{"href":"https:\/\/bearchair.eu\/fr\/wp-json\/wp\/v2\/product"}],"about":[{"href":"https:\/\/bearchair.eu\/fr\/wp-json\/wp\/v2\/types\/product"}],"wp:featuredmedia":[{"embeddable":true,"href":"https:\/\/bearchair.eu\/fr\/wp-json\/wp\/v2\/media\/15181"}],"wp:attachment":[{"href":"https:\/\/bearchair.eu\/fr\/wp-json\/wp\/v2\/media?parent=16982"}],"wp:term":[{"taxonomy":"product_brand","embeddable":true,"href":"https:\/\/bearchair.eu\/fr\/wp-json\/wp\/v2\/product_brand?post=16982"},{"taxonomy":"product_cat","embeddable":true,"href":"https:\/\/bearchair.eu\/fr\/wp-json\/wp\/v2\/product_cat?post=16982"},{"taxonomy":"product_tag","embeddable":true,"href":"https:\/\/bearchair.eu\/fr\/wp-json\/wp\/v2\/product_tag?post=16982"}],"curies":[{"name":"wp","href":"https:\/\/api.w.org\/{rel}","templated":true}]}}