{"id":17007,"date":"2018-04-06T08:37:53","date_gmt":"2018-04-06T08:37:53","guid":{"rendered":"https:\/\/bearchair.eu\/non%20class\u00e9\/bear-chair-savon\/"},"modified":"2025-05-01T13:12:33","modified_gmt":"2025-05-01T13:12:33","slug":"bear-chair-savon","status":"publish","type":"product","link":"https:\/\/bearchair.eu\/fr\/produits-de-nettoyage-et-dentretien\/bear-chair-savon\/","title":{"rendered":"Bear ChairSavon"},"content":{"rendered":"<p>Le savon Bear Chair\u00ae convient \u00e0 l&rsquo;entretien de toutes les surfaces de votre mobilier de jardin. Le savon nettoie et prot\u00e8ge contre la d\u00e9coloration. <\/p>\n<p>Utilisation : rincer la surface, vaporiser avec un atomiseur sur la surface. Essuyez avec un chiffon et laissez s\u00e9cher. <\/p>\n","protected":false},"excerpt":{"rendered":"<p>Nettoyez votre mobilier Bear Chair\u00ae avec le savon Bear Chair\u00ae pour le maintenir en parfait \u00e9tat.<\/p>\n","protected":false},"featured_media":15657,"template":"","meta":[],"product_brand":[],"product_cat":[282],"product_tag":[],"class_list":{"0":"post-17007","1":"product","2":"type-product","3":"status-publish","4":"has-post-thumbnail","6":"product_cat-produits-de-nettoyage-et-dentretien","8":"first","9":"instock","10":"taxable","11":"shipping-taxable","12":"purchasable","13":"product-type-simple"},"yoast_head":"<!-- This site is optimized with the Yoast SEO plugin v27.2 - https:\/\/yoast.com\/product\/yoast-seo-wordpress\/ -->\n<title>Bear ChairSavon - The Bear Chair\u00ae<\/title>\n<meta name=\"description\" content=\"Shop Bear Chair\u00ae Soap. Un produit de nettoyage de premi\u00e8re qualit\u00e9 pour votre produit Bear Chair.\" \/>\n<meta name=\"robots\" content=\"index, follow, max-snippet:-1, max-image-preview:large, max-video-preview:-1\" \/>\n<link rel=\"canonical\" href=\"https:\/\/bearchair.eu\/fr\/produits-de-nettoyage-et-dentretien\/bear-chair-savon\/\" \/>\n<meta property=\"og:locale\" content=\"fr_FR\" \/>\n<meta property=\"og:type\" content=\"article\" \/>\n<meta property=\"og:title\" content=\"Bear ChairSavon - The Bear Chair\u00ae\" \/>\n<meta property=\"og:description\" content=\"Shop Bear Chair\u00ae Soap. Un produit de nettoyage de premi\u00e8re qualit\u00e9 pour votre produit Bear Chair.\" \/>\n<meta property=\"og:url\" content=\"https:\/\/bearchair.eu\/fr\/produits-de-nettoyage-et-dentretien\/bear-chair-savon\/\" \/>\n<meta property=\"og:site_name\" content=\"The Bear Chair\u00ae\" \/>\n<meta property=\"article:modified_time\" content=\"2025-05-01T13:12:33+00:00\" \/>\n<meta property=\"og:image\" content=\"https:\/\/bearchair.eu\/wp-content\/uploads\/2018\/04\/Untitled-design-1.png\" \/>\n\t<meta property=\"og:image:width\" content=\"720\" \/>\n\t<meta property=\"og:image:height\" content=\"960\" \/>\n\t<meta property=\"og:image:type\" content=\"image\/png\" \/>\n<meta name=\"twitter:card\" content=\"summary_large_image\" \/>\n<script type=\"application\/ld+json\" class=\"yoast-schema-graph\">{\"@context\":\"https:\/\/schema.org\",\"@graph\":[{\"@type\":\"WebPage\",\"@id\":\"https:\/\/bearchair.eu\/fr\/produits-de-nettoyage-et-dentretien\/bear-chair-savon\/\",\"url\":\"https:\/\/bearchair.eu\/fr\/produits-de-nettoyage-et-dentretien\/bear-chair-savon\/\",\"name\":\"Bear ChairSavon - The Bear Chair\u00ae\",\"isPartOf\":{\"@id\":\"https:\/\/bearchair.eu\/fr\/#website\"},\"primaryImageOfPage\":{\"@id\":\"https:\/\/bearchair.eu\/fr\/produits-de-nettoyage-et-dentretien\/bear-chair-savon\/#primaryimage\"},\"image\":{\"@id\":\"https:\/\/bearchair.eu\/fr\/produits-de-nettoyage-et-dentretien\/bear-chair-savon\/#primaryimage\"},\"thumbnailUrl\":\"https:\/\/bearchair.eu\/wp-content\/uploads\/2018\/04\/Untitled-design-1.png\",\"datePublished\":\"2018-04-06T08:37:53+00:00\",\"dateModified\":\"2025-05-01T13:12:33+00:00\",\"description\":\"Shop Bear Chair\u00ae Soap. Un produit de nettoyage de premi\u00e8re qualit\u00e9 pour votre produit Bear Chair.\",\"breadcrumb\":{\"@id\":\"https:\/\/bearchair.eu\/fr\/produits-de-nettoyage-et-dentretien\/bear-chair-savon\/#breadcrumb\"},\"inLanguage\":\"fr-FR\",\"potentialAction\":[{\"@type\":\"ReadAction\",\"target\":[\"https:\/\/bearchair.eu\/fr\/produits-de-nettoyage-et-dentretien\/bear-chair-savon\/\"]}]},{\"@type\":\"ImageObject\",\"inLanguage\":\"fr-FR\",\"@id\":\"https:\/\/bearchair.eu\/fr\/produits-de-nettoyage-et-dentretien\/bear-chair-savon\/#primaryimage\",\"url\":\"https:\/\/bearchair.eu\/wp-content\/uploads\/2018\/04\/Untitled-design-1.png\",\"contentUrl\":\"https:\/\/bearchair.eu\/wp-content\/uploads\/2018\/04\/Untitled-design-1.png\",\"width\":720,\"height\":960},{\"@type\":\"BreadcrumbList\",\"@id\":\"https:\/\/bearchair.eu\/fr\/produits-de-nettoyage-et-dentretien\/bear-chair-savon\/#breadcrumb\",\"itemListElement\":[{\"@type\":\"ListItem\",\"position\":1,\"name\":\"Accueil\",\"item\":\"https:\/\/bearchair.eu\/fr\/accueil\/\"},{\"@type\":\"ListItem\",\"position\":2,\"name\":\"Boutique\",\"item\":\"https:\/\/bearchair.eu\/fr\/boutique\/\"},{\"@type\":\"ListItem\",\"position\":3,\"name\":\"Bear ChairSavon\"}]},{\"@type\":\"WebSite\",\"@id\":\"https:\/\/bearchair.eu\/fr\/#website\",\"url\":\"https:\/\/bearchair.eu\/fr\/\",\"name\":\"The Bear Chair\",\"description\":\"\",\"publisher\":{\"@id\":\"https:\/\/bearchair.eu\/fr\/#organization\"},\"potentialAction\":[{\"@type\":\"SearchAction\",\"target\":{\"@type\":\"EntryPoint\",\"urlTemplate\":\"https:\/\/bearchair.eu\/fr\/?s={search_term_string}\"},\"query-input\":{\"@type\":\"PropertyValueSpecification\",\"valueRequired\":true,\"valueName\":\"search_term_string\"}}],\"inLanguage\":\"fr-FR\"},{\"@type\":\"Organization\",\"@id\":\"https:\/\/bearchair.eu\/fr\/#organization\",\"name\":\"La chaise de l'ours\",\"url\":\"https:\/\/bearchair.eu\/fr\/\",\"logo\":{\"@type\":\"ImageObject\",\"inLanguage\":\"fr-FR\",\"@id\":\"https:\/\/bearchair.eu\/fr\/#\/schema\/logo\/image\/\",\"url\":\"https:\/\/new.bearchair.eu\/wp-content\/uploads\/2024\/05\/BearChairIcon.png\",\"contentUrl\":\"https:\/\/new.bearchair.eu\/wp-content\/uploads\/2024\/05\/BearChairIcon.png\",\"width\":512,\"height\":512,\"caption\":\"La chaise de l'ours\"},\"image\":{\"@id\":\"https:\/\/bearchair.eu\/fr\/#\/schema\/logo\/image\/\"}}]}<\/script>\n<!-- \/ Yoast SEO plugin. -->","yoast_head_json":{"title":"Bear ChairSavon - The Bear Chair\u00ae","description":"Shop Bear Chair\u00ae Soap. Un produit de nettoyage de premi\u00e8re qualit\u00e9 pour votre produit Bear Chair.","robots":{"index":"index","follow":"follow","max-snippet":"max-snippet:-1","max-image-preview":"max-image-preview:large","max-video-preview":"max-video-preview:-1"},"canonical":"https:\/\/bearchair.eu\/fr\/produits-de-nettoyage-et-dentretien\/bear-chair-savon\/","og_locale":"fr_FR","og_type":"article","og_title":"Bear ChairSavon - The Bear Chair\u00ae","og_description":"Shop Bear Chair\u00ae Soap. Un produit de nettoyage de premi\u00e8re qualit\u00e9 pour votre produit Bear Chair.","og_url":"https:\/\/bearchair.eu\/fr\/produits-de-nettoyage-et-dentretien\/bear-chair-savon\/","og_site_name":"The Bear Chair\u00ae","article_modified_time":"2025-05-01T13:12:33+00:00","og_image":[{"width":720,"height":960,"url":"https:\/\/bearchair.eu\/wp-content\/uploads\/2018\/04\/Untitled-design-1.png","type":"image\/png"}],"twitter_card":"summary_large_image","schema":{"@context":"https:\/\/schema.org","@graph":[{"@type":"WebPage","@id":"https:\/\/bearchair.eu\/fr\/produits-de-nettoyage-et-dentretien\/bear-chair-savon\/","url":"https:\/\/bearchair.eu\/fr\/produits-de-nettoyage-et-dentretien\/bear-chair-savon\/","name":"Bear ChairSavon - The Bear Chair\u00ae","isPartOf":{"@id":"https:\/\/bearchair.eu\/fr\/#website"},"primaryImageOfPage":{"@id":"https:\/\/bearchair.eu\/fr\/produits-de-nettoyage-et-dentretien\/bear-chair-savon\/#primaryimage"},"image":{"@id":"https:\/\/bearchair.eu\/fr\/produits-de-nettoyage-et-dentretien\/bear-chair-savon\/#primaryimage"},"thumbnailUrl":"https:\/\/bearchair.eu\/wp-content\/uploads\/2018\/04\/Untitled-design-1.png","datePublished":"2018-04-06T08:37:53+00:00","dateModified":"2025-05-01T13:12:33+00:00","description":"Shop Bear Chair\u00ae Soap. Un produit de nettoyage de premi\u00e8re qualit\u00e9 pour votre produit Bear Chair.","breadcrumb":{"@id":"https:\/\/bearchair.eu\/fr\/produits-de-nettoyage-et-dentretien\/bear-chair-savon\/#breadcrumb"},"inLanguage":"fr-FR","potentialAction":[{"@type":"ReadAction","target":["https:\/\/bearchair.eu\/fr\/produits-de-nettoyage-et-dentretien\/bear-chair-savon\/"]}]},{"@type":"ImageObject","inLanguage":"fr-FR","@id":"https:\/\/bearchair.eu\/fr\/produits-de-nettoyage-et-dentretien\/bear-chair-savon\/#primaryimage","url":"https:\/\/bearchair.eu\/wp-content\/uploads\/2018\/04\/Untitled-design-1.png","contentUrl":"https:\/\/bearchair.eu\/wp-content\/uploads\/2018\/04\/Untitled-design-1.png","width":720,"height":960},{"@type":"BreadcrumbList","@id":"https:\/\/bearchair.eu\/fr\/produits-de-nettoyage-et-dentretien\/bear-chair-savon\/#breadcrumb","itemListElement":[{"@type":"ListItem","position":1,"name":"Accueil","item":"https:\/\/bearchair.eu\/fr\/accueil\/"},{"@type":"ListItem","position":2,"name":"Boutique","item":"https:\/\/bearchair.eu\/fr\/boutique\/"},{"@type":"ListItem","position":3,"name":"Bear ChairSavon"}]},{"@type":"WebSite","@id":"https:\/\/bearchair.eu\/fr\/#website","url":"https:\/\/bearchair.eu\/fr\/","name":"The Bear Chair","description":"","publisher":{"@id":"https:\/\/bearchair.eu\/fr\/#organization"},"potentialAction":[{"@type":"SearchAction","target":{"@type":"EntryPoint","urlTemplate":"https:\/\/bearchair.eu\/fr\/?s={search_term_string}"},"query-input":{"@type":"PropertyValueSpecification","valueRequired":true,"valueName":"search_term_string"}}],"inLanguage":"fr-FR"},{"@type":"Organization","@id":"https:\/\/bearchair.eu\/fr\/#organization","name":"La chaise de l'ours","url":"https:\/\/bearchair.eu\/fr\/","logo":{"@type":"ImageObject","inLanguage":"fr-FR","@id":"https:\/\/bearchair.eu\/fr\/#\/schema\/logo\/image\/","url":"https:\/\/new.bearchair.eu\/wp-content\/uploads\/2024\/05\/BearChairIcon.png","contentUrl":"https:\/\/new.bearchair.eu\/wp-content\/uploads\/2024\/05\/BearChairIcon.png","width":512,"height":512,"caption":"La chaise de l'ours"},"image":{"@id":"https:\/\/bearchair.eu\/fr\/#\/schema\/logo\/image\/"}}]}},"_links":{"self":[{"href":"https:\/\/bearchair.eu\/fr\/wp-json\/wp\/v2\/product\/17007","targetHints":{"allow":["GET"]}}],"collection":[{"href":"https:\/\/bearchair.eu\/fr\/wp-json\/wp\/v2\/product"}],"about":[{"href":"https:\/\/bearchair.eu\/fr\/wp-json\/wp\/v2\/types\/product"}],"wp:featuredmedia":[{"embeddable":true,"href":"https:\/\/bearchair.eu\/fr\/wp-json\/wp\/v2\/media\/15657"}],"wp:attachment":[{"href":"https:\/\/bearchair.eu\/fr\/wp-json\/wp\/v2\/media?parent=17007"}],"wp:term":[{"taxonomy":"product_brand","embeddable":true,"href":"https:\/\/bearchair.eu\/fr\/wp-json\/wp\/v2\/product_brand?post=17007"},{"taxonomy":"product_cat","embeddable":true,"href":"https:\/\/bearchair.eu\/fr\/wp-json\/wp\/v2\/product_cat?post=17007"},{"taxonomy":"product_tag","embeddable":true,"href":"https:\/\/bearchair.eu\/fr\/wp-json\/wp\/v2\/product_tag?post=17007"}],"curies":[{"name":"wp","href":"https:\/\/api.w.org\/{rel}","templated":true}]}}