{"id":17017,"date":"2018-04-06T08:32:21","date_gmt":"2018-04-06T08:32:21","guid":{"rendered":"https:\/\/bearchair.eu\/non%20class\u00e9\/triton-5l-classic-dispenser\/"},"modified":"2025-04-03T15:58:05","modified_gmt":"2025-04-03T15:58:05","slug":"triton-5l-classic-dispenser","status":"publish","type":"product","link":"https:\/\/bearchair.eu\/fr\/distributeur-de-biere\/triton-5l-classic-dispenser\/","title":{"rendered":"Triton 5L Classic Dispenser"},"content":{"rendered":"<p><strong>Caract\u00e9ristiques :<\/strong><\/p>\n<ul>\n<li><strong>Capacit\u00e9 :<\/strong> Le distributeur Triton 5L Classic a une capacit\u00e9 de 5 litres, ce qui \u00e9quivaut \u00e0 environ 20 \u00e0 25 verres de bi\u00e8re, en fonction de la taille du verre.<\/li>\n<li><strong>Compact et portable :<\/strong> Gr\u00e2ce \u00e0 son design compact et \u00e0 sa poign\u00e9e portable, vous pouvez emmener sans effort le distributeur Triton dans n&rsquo;importe quel endroit, de l&rsquo;arri\u00e8re-cour \u00e0 la plage.<\/li>\n<li><strong>M\u00e9canisme de tirage int\u00e9gr\u00e9 :<\/strong> le m\u00e9canisme de tirage int\u00e9gr\u00e9 assure un tirage simple et sans probl\u00e8me, vous permettant d&rsquo;obtenir une bi\u00e8re parfaitement tir\u00e9e en quelques secondes.<\/li>\n<li><strong>Durable et de haute qualit\u00e9 :<\/strong> Le distributeur Triton 5L Classic est fabriqu\u00e9 \u00e0 partir de mat\u00e9riaux de haute qualit\u00e9 et garantit une durabilit\u00e9 et une utilisation \u00e0 long terme.<\/li>\n<li><strong>Compatibilit\u00e9 :<\/strong> compatible avec une large gamme de bi\u00e8res, des pilsners aux bi\u00e8res artisanales, pour que vous puissiez toujours verser votre bi\u00e8re pr\u00e9f\u00e9r\u00e9e.<\/li>\n<li><strong>Refroidissement int\u00e9gr\u00e9 :<\/strong> garde votre bi\u00e8re parfaitement fra\u00eeche, pour que chaque gorg\u00e9e soit rafra\u00eechissante, m\u00eame pendant les chaudes journ\u00e9es d&rsquo;\u00e9t\u00e9.<\/li>\n<li><strong>Facile \u00e0 nettoyer :<\/strong> le distributeur Triton 5L Classic est facile \u00e0 d\u00e9monter et \u00e0 nettoyer, pour que vous puissiez toujours profiter d&rsquo;une exp\u00e9rience de consommation hygi\u00e9nique.<\/li>\n<\/ul>\n<p><a class=\"btn\" href=\"https:\/\/bearchair.eu\/wp-content\/uploads\/2018\/04\/Triton-Classic5L-product-sheet.pdf\" target=\"_blank\" rel=\"noopener\">T\u00e9l\u00e9chargez la fiche produit Triton-Classic 5L<\/a><\/p>\n","protected":false},"excerpt":{"rendered":"<p>Faites l&rsquo;exp\u00e9rience de la commodit\u00e9 et du confort d&rsquo;une bi\u00e8re fra\u00eechement tir\u00e9e, o\u00f9 que vous soyez, avec le Triton 5L Classic Dispenser. Ce distributeur de bi\u00e8re innovant est la solution id\u00e9ale pour les f\u00eates, les barbecues, les pique-niques ou tout simplement pour se d\u00e9tendre \u00e0 la maison. Oubliez les f\u00fbts lourds \u00e0 transporter et les syst\u00e8mes de robinetterie compliqu\u00e9s. Avec le Triton 5L Classic Dispenser, vous pouvez d\u00e9guster un verre de bi\u00e8re d\u00e9licieusement frais \u00e0 tout moment et en tout lieu.   <\/p>\n<p>Ces distributeurs sont \u00e9quip\u00e9s d&rsquo;un \u00e9l\u00e9ment r\u00e9frig\u00e9rant int\u00e9gr\u00e9 et interchangeable (vendu s\u00e9par\u00e9ment).<\/p>\n<p>La bi\u00e8re est une boisson que l&rsquo;on boit avec ses meilleurs amis !<\/p>\n<p>&nbsp;<\/p>\n<ol>\n<li><strong>PLUS DE CHIFFRE D&rsquo;AFFAIRES PAR TABLE<\/strong><\/li>\n<\/ol>\n<p>AUGMENTATION DE 50 % DES VENTES DE BOISSONS ET D&rsquo;AMUSE-GUEULE PAR TABLE<\/p>\n<ol start=\"2\">\n<li><strong>LA SOLUTION AUX P\u00c9NURIES DE PERSONNEL<\/strong><\/li>\n<\/ol>\n<p>1 WHATS-TAP PERMET D&rsquo;\u00c9CONOMISER 4 \u00c0 5 TOURS DE SERVICE PAR TABLE. EN OUTRE, VOUS DEVEZ RINCER MOINS DE VERRES. <\/p>\n<ol start=\"3\">\n<li><strong>DURABLE ET FACILE \u00c0 MANIPULER<\/strong><\/li>\n<\/ol>\n<p>TEST\u00c9 DE MANI\u00c8RE APPROFONDIE, FABRIQU\u00c9 SELON LES NORMES DE QUALIT\u00c9 LES PLUS STRICTES. FACILE \u00c0 NETTOYER. <\/p>\n<ol start=\"4\">\n<li><strong>FAIBLE CO\u00dbT = TAUX DE RENDEMENT TR\u00c8S \u00c9LEV\u00c9<\/strong><\/li>\n<\/ol>\n<p>L&rsquo;INVESTISSEMENT A \u00c9T\u00c9 R\u00c9CUP\u00c9R\u00c9 EN UN RIEN DE TEMPS.<\/p>\n<ol start=\"5\">\n<li><strong>SUPER HYGI\u00c9NIQUE<\/strong><\/li>\n<\/ol>\n<p>SEUL DISTRIBUTEUR AGR\u00c9\u00c9 PAR L&rsquo;AUTORIT\u00c9 COMP\u00c9TENTE EN MATI\u00c8RE D&rsquo;ALIMENTATION ET DE PRODUITS ALIMENTAIRES<\/p>\n<ol start=\"6\">\n<li><strong>TOUJOURS REFROIDI<\/strong><\/li>\n<\/ol>\n<p>AVEC \u00c9L\u00c9MENT DE REFROIDISSEMENT\/CONG\u00c9LATION INTERCHANGEABLE INT\u00c9GR\u00c9.<\/p>\n<ol start=\"7\">\n<li><strong>UNE EXP\u00c9RIENCE UNIQUE POUR VOS CLIENTS<\/strong><\/li>\n<\/ol>\n<p>LES CLIENTS VIVRONT UNE EXP\u00c9RIENCE UNIQUE. EFFET BOULE DE NEIGE : EFFET DE CONTAGION PARMI VOS CLIENTS, SI VOUS EN VENDEZ UN, D&rsquo;AUTRES SUIVRONT \u00c0 COUP S\u00dbR. <\/p>\n<p>&nbsp;<\/p>\n","protected":false},"featured_media":11607,"template":"","meta":[],"product_brand":[],"product_cat":[320],"product_tag":[],"class_list":{"0":"post-17017","1":"product","2":"type-product","3":"status-publish","4":"has-post-thumbnail","6":"product_cat-distributeur-de-biere","8":"first","9":"instock","10":"taxable","11":"shipping-taxable","12":"purchasable","13":"product-type-simple"},"yoast_head":"<!-- This site is optimized with the Yoast SEO plugin v27.2 - https:\/\/yoast.com\/product\/yoast-seo-wordpress\/ -->\n<title>Triton 5L Classic Dispenser - The Bear Chair\u00ae<\/title>\n<meta name=\"description\" content=\"Shop Bear Chair Triton 5L Classic Dispenser. Distributeur de bi\u00e8re innovant. Durable et facile \u00e0 manipuler, tr\u00e8s hygi\u00e9nique, toujours au frais.\" \/>\n<meta name=\"robots\" content=\"index, follow, max-snippet:-1, max-image-preview:large, max-video-preview:-1\" \/>\n<link rel=\"canonical\" href=\"https:\/\/bearchair.eu\/fr\/distributeur-de-biere\/triton-5l-classic-dispenser\/\" \/>\n<meta property=\"og:locale\" content=\"fr_FR\" \/>\n<meta property=\"og:type\" content=\"article\" \/>\n<meta property=\"og:title\" content=\"Triton 5L Classic Dispenser - The Bear Chair\u00ae\" \/>\n<meta property=\"og:description\" content=\"Shop Bear Chair Triton 5L Classic Dispenser. Distributeur de bi\u00e8re innovant. Durable et facile \u00e0 manipuler, tr\u00e8s hygi\u00e9nique, toujours au frais.\" \/>\n<meta property=\"og:url\" content=\"https:\/\/bearchair.eu\/fr\/distributeur-de-biere\/triton-5l-classic-dispenser\/\" \/>\n<meta property=\"og:site_name\" content=\"The Bear Chair\u00ae\" \/>\n<meta property=\"article:modified_time\" content=\"2025-04-03T15:58:05+00:00\" \/>\n<meta property=\"og:image\" content=\"https:\/\/bearchair.eu\/wp-content\/uploads\/2018\/04\/5L-verderler.png\" \/>\n\t<meta property=\"og:image:width\" content=\"719\" \/>\n\t<meta property=\"og:image:height\" content=\"1080\" \/>\n\t<meta property=\"og:image:type\" content=\"image\/png\" \/>\n<meta name=\"twitter:card\" content=\"summary_large_image\" \/>\n<meta name=\"twitter:label1\" content=\"Dur\u00e9e de lecture estim\u00e9e\" \/>\n\t<meta name=\"twitter:data1\" content=\"1 minute\" \/>\n<script type=\"application\/ld+json\" class=\"yoast-schema-graph\">{\"@context\":\"https:\/\/schema.org\",\"@graph\":[{\"@type\":\"WebPage\",\"@id\":\"https:\/\/bearchair.eu\/fr\/distributeur-de-biere\/triton-5l-classic-dispenser\/\",\"url\":\"https:\/\/bearchair.eu\/fr\/distributeur-de-biere\/triton-5l-classic-dispenser\/\",\"name\":\"Triton 5L Classic Dispenser - The Bear Chair\u00ae\",\"isPartOf\":{\"@id\":\"https:\/\/bearchair.eu\/fr\/#website\"},\"primaryImageOfPage\":{\"@id\":\"https:\/\/bearchair.eu\/fr\/distributeur-de-biere\/triton-5l-classic-dispenser\/#primaryimage\"},\"image\":{\"@id\":\"https:\/\/bearchair.eu\/fr\/distributeur-de-biere\/triton-5l-classic-dispenser\/#primaryimage\"},\"thumbnailUrl\":\"https:\/\/bearchair.eu\/wp-content\/uploads\/2018\/04\/5L-verderler.png\",\"datePublished\":\"2018-04-06T08:32:21+00:00\",\"dateModified\":\"2025-04-03T15:58:05+00:00\",\"description\":\"Shop Bear Chair Triton 5L Classic Dispenser. Distributeur de bi\u00e8re innovant. Durable et facile \u00e0 manipuler, tr\u00e8s hygi\u00e9nique, toujours au frais.\",\"breadcrumb\":{\"@id\":\"https:\/\/bearchair.eu\/fr\/distributeur-de-biere\/triton-5l-classic-dispenser\/#breadcrumb\"},\"inLanguage\":\"fr-FR\",\"potentialAction\":[{\"@type\":\"ReadAction\",\"target\":[\"https:\/\/bearchair.eu\/fr\/distributeur-de-biere\/triton-5l-classic-dispenser\/\"]}]},{\"@type\":\"ImageObject\",\"inLanguage\":\"fr-FR\",\"@id\":\"https:\/\/bearchair.eu\/fr\/distributeur-de-biere\/triton-5l-classic-dispenser\/#primaryimage\",\"url\":\"https:\/\/bearchair.eu\/wp-content\/uploads\/2018\/04\/5L-verderler.png\",\"contentUrl\":\"https:\/\/bearchair.eu\/wp-content\/uploads\/2018\/04\/5L-verderler.png\",\"width\":719,\"height\":1080},{\"@type\":\"BreadcrumbList\",\"@id\":\"https:\/\/bearchair.eu\/fr\/distributeur-de-biere\/triton-5l-classic-dispenser\/#breadcrumb\",\"itemListElement\":[{\"@type\":\"ListItem\",\"position\":1,\"name\":\"Accueil\",\"item\":\"https:\/\/bearchair.eu\/fr\/accueil\/\"},{\"@type\":\"ListItem\",\"position\":2,\"name\":\"Boutique\",\"item\":\"https:\/\/bearchair.eu\/fr\/boutique\/\"},{\"@type\":\"ListItem\",\"position\":3,\"name\":\"Triton 5L Classic Dispenser\"}]},{\"@type\":\"WebSite\",\"@id\":\"https:\/\/bearchair.eu\/fr\/#website\",\"url\":\"https:\/\/bearchair.eu\/fr\/\",\"name\":\"The Bear Chair\",\"description\":\"\",\"publisher\":{\"@id\":\"https:\/\/bearchair.eu\/fr\/#organization\"},\"potentialAction\":[{\"@type\":\"SearchAction\",\"target\":{\"@type\":\"EntryPoint\",\"urlTemplate\":\"https:\/\/bearchair.eu\/fr\/?s={search_term_string}\"},\"query-input\":{\"@type\":\"PropertyValueSpecification\",\"valueRequired\":true,\"valueName\":\"search_term_string\"}}],\"inLanguage\":\"fr-FR\"},{\"@type\":\"Organization\",\"@id\":\"https:\/\/bearchair.eu\/fr\/#organization\",\"name\":\"La chaise de l'ours\",\"url\":\"https:\/\/bearchair.eu\/fr\/\",\"logo\":{\"@type\":\"ImageObject\",\"inLanguage\":\"fr-FR\",\"@id\":\"https:\/\/bearchair.eu\/fr\/#\/schema\/logo\/image\/\",\"url\":\"https:\/\/new.bearchair.eu\/wp-content\/uploads\/2024\/05\/BearChairIcon.png\",\"contentUrl\":\"https:\/\/new.bearchair.eu\/wp-content\/uploads\/2024\/05\/BearChairIcon.png\",\"width\":512,\"height\":512,\"caption\":\"La chaise de l'ours\"},\"image\":{\"@id\":\"https:\/\/bearchair.eu\/fr\/#\/schema\/logo\/image\/\"}}]}<\/script>\n<!-- \/ Yoast SEO plugin. -->","yoast_head_json":{"title":"Triton 5L Classic Dispenser - The Bear Chair\u00ae","description":"Shop Bear Chair Triton 5L Classic Dispenser. Distributeur de bi\u00e8re innovant. Durable et facile \u00e0 manipuler, tr\u00e8s hygi\u00e9nique, toujours au frais.","robots":{"index":"index","follow":"follow","max-snippet":"max-snippet:-1","max-image-preview":"max-image-preview:large","max-video-preview":"max-video-preview:-1"},"canonical":"https:\/\/bearchair.eu\/fr\/distributeur-de-biere\/triton-5l-classic-dispenser\/","og_locale":"fr_FR","og_type":"article","og_title":"Triton 5L Classic Dispenser - The Bear Chair\u00ae","og_description":"Shop Bear Chair Triton 5L Classic Dispenser. Distributeur de bi\u00e8re innovant. Durable et facile \u00e0 manipuler, tr\u00e8s hygi\u00e9nique, toujours au frais.","og_url":"https:\/\/bearchair.eu\/fr\/distributeur-de-biere\/triton-5l-classic-dispenser\/","og_site_name":"The Bear Chair\u00ae","article_modified_time":"2025-04-03T15:58:05+00:00","og_image":[{"width":719,"height":1080,"url":"https:\/\/bearchair.eu\/wp-content\/uploads\/2018\/04\/5L-verderler.png","type":"image\/png"}],"twitter_card":"summary_large_image","twitter_misc":{"Dur\u00e9e de lecture estim\u00e9e":"1 minute"},"schema":{"@context":"https:\/\/schema.org","@graph":[{"@type":"WebPage","@id":"https:\/\/bearchair.eu\/fr\/distributeur-de-biere\/triton-5l-classic-dispenser\/","url":"https:\/\/bearchair.eu\/fr\/distributeur-de-biere\/triton-5l-classic-dispenser\/","name":"Triton 5L Classic Dispenser - The Bear Chair\u00ae","isPartOf":{"@id":"https:\/\/bearchair.eu\/fr\/#website"},"primaryImageOfPage":{"@id":"https:\/\/bearchair.eu\/fr\/distributeur-de-biere\/triton-5l-classic-dispenser\/#primaryimage"},"image":{"@id":"https:\/\/bearchair.eu\/fr\/distributeur-de-biere\/triton-5l-classic-dispenser\/#primaryimage"},"thumbnailUrl":"https:\/\/bearchair.eu\/wp-content\/uploads\/2018\/04\/5L-verderler.png","datePublished":"2018-04-06T08:32:21+00:00","dateModified":"2025-04-03T15:58:05+00:00","description":"Shop Bear Chair Triton 5L Classic Dispenser. Distributeur de bi\u00e8re innovant. Durable et facile \u00e0 manipuler, tr\u00e8s hygi\u00e9nique, toujours au frais.","breadcrumb":{"@id":"https:\/\/bearchair.eu\/fr\/distributeur-de-biere\/triton-5l-classic-dispenser\/#breadcrumb"},"inLanguage":"fr-FR","potentialAction":[{"@type":"ReadAction","target":["https:\/\/bearchair.eu\/fr\/distributeur-de-biere\/triton-5l-classic-dispenser\/"]}]},{"@type":"ImageObject","inLanguage":"fr-FR","@id":"https:\/\/bearchair.eu\/fr\/distributeur-de-biere\/triton-5l-classic-dispenser\/#primaryimage","url":"https:\/\/bearchair.eu\/wp-content\/uploads\/2018\/04\/5L-verderler.png","contentUrl":"https:\/\/bearchair.eu\/wp-content\/uploads\/2018\/04\/5L-verderler.png","width":719,"height":1080},{"@type":"BreadcrumbList","@id":"https:\/\/bearchair.eu\/fr\/distributeur-de-biere\/triton-5l-classic-dispenser\/#breadcrumb","itemListElement":[{"@type":"ListItem","position":1,"name":"Accueil","item":"https:\/\/bearchair.eu\/fr\/accueil\/"},{"@type":"ListItem","position":2,"name":"Boutique","item":"https:\/\/bearchair.eu\/fr\/boutique\/"},{"@type":"ListItem","position":3,"name":"Triton 5L Classic Dispenser"}]},{"@type":"WebSite","@id":"https:\/\/bearchair.eu\/fr\/#website","url":"https:\/\/bearchair.eu\/fr\/","name":"The Bear Chair","description":"","publisher":{"@id":"https:\/\/bearchair.eu\/fr\/#organization"},"potentialAction":[{"@type":"SearchAction","target":{"@type":"EntryPoint","urlTemplate":"https:\/\/bearchair.eu\/fr\/?s={search_term_string}"},"query-input":{"@type":"PropertyValueSpecification","valueRequired":true,"valueName":"search_term_string"}}],"inLanguage":"fr-FR"},{"@type":"Organization","@id":"https:\/\/bearchair.eu\/fr\/#organization","name":"La chaise de l'ours","url":"https:\/\/bearchair.eu\/fr\/","logo":{"@type":"ImageObject","inLanguage":"fr-FR","@id":"https:\/\/bearchair.eu\/fr\/#\/schema\/logo\/image\/","url":"https:\/\/new.bearchair.eu\/wp-content\/uploads\/2024\/05\/BearChairIcon.png","contentUrl":"https:\/\/new.bearchair.eu\/wp-content\/uploads\/2024\/05\/BearChairIcon.png","width":512,"height":512,"caption":"La chaise de l'ours"},"image":{"@id":"https:\/\/bearchair.eu\/fr\/#\/schema\/logo\/image\/"}}]}},"_links":{"self":[{"href":"https:\/\/bearchair.eu\/fr\/wp-json\/wp\/v2\/product\/17017","targetHints":{"allow":["GET"]}}],"collection":[{"href":"https:\/\/bearchair.eu\/fr\/wp-json\/wp\/v2\/product"}],"about":[{"href":"https:\/\/bearchair.eu\/fr\/wp-json\/wp\/v2\/types\/product"}],"wp:featuredmedia":[{"embeddable":true,"href":"https:\/\/bearchair.eu\/fr\/wp-json\/wp\/v2\/media\/11607"}],"wp:attachment":[{"href":"https:\/\/bearchair.eu\/fr\/wp-json\/wp\/v2\/media?parent=17017"}],"wp:term":[{"taxonomy":"product_brand","embeddable":true,"href":"https:\/\/bearchair.eu\/fr\/wp-json\/wp\/v2\/product_brand?post=17017"},{"taxonomy":"product_cat","embeddable":true,"href":"https:\/\/bearchair.eu\/fr\/wp-json\/wp\/v2\/product_cat?post=17017"},{"taxonomy":"product_tag","embeddable":true,"href":"https:\/\/bearchair.eu\/fr\/wp-json\/wp\/v2\/product_tag?post=17017"}],"curies":[{"name":"wp","href":"https:\/\/api.w.org\/{rel}","templated":true}]}}